{"id":15749,"date":"2022-06-13T22:41:42","date_gmt":"2022-06-14T03:41:42","guid":{"rendered":"https:\/\/tzila.mx\/dev\/?post_type=product&#038;p=15749"},"modified":"2022-06-29T11:35:59","modified_gmt":"2022-06-29T16:35:59","slug":"teclado-gamer-asus-rog-strix-scope-nx-tkl","status":"publish","type":"product","link":"https:\/\/tzila.mx\/dev\/producto\/teclado-gamer-asus-rog-strix-scope-nx-tkl\/","title":{"rendered":"Teclado Gamer ASUS ROG Strix Scope NX TKL"},"content":{"rendered":"\t\t<div data-elementor-type=\"wp-post\" data-elementor-id=\"15749\" class=\"elementor elementor-15749\" data-elementor-settings=\"[]\">\n\t\t\t\t\t\t\t<div class=\"elementor-section-wrap\">\n\t\t\t\t\t\t\t<section class=\"elementor-section elementor-top-section elementor-element elementor-element-a77d38a elementor-section-boxed elementor-section-height-default elementor-section-height-default wd-section-disabled\" data-id=\"a77d38a\" data-element_type=\"section\">\n\t\t\t\t\t\t<div class=\"elementor-container elementor-column-gap-default\">\n\t\t\t\t\t<div class=\"elementor-column elementor-col-33 elementor-top-column elementor-element elementor-element-606b0e0\" data-id=\"606b0e0\" data-element_type=\"column\">\n\t\t\t<div class=\"elementor-widget-wrap elementor-element-populated\">\n\t\t\t\t\t\t\t\t<div class=\"elementor-element elementor-element-2efa55d elementor-widget elementor-widget-wd_text_block\" data-id=\"2efa55d\" data-element_type=\"widget\" data-widget_type=\"wd_text_block.default\">\n\t\t\t\t<div class=\"elementor-widget-container\">\n\t\t\t\t\t<div class=\"wd-text-block reset-last-child text-left\">\n\t\t\t\n\t\t\t<h5><strong>M\u00c1S ESPECIFICACIONES<\/strong><strong>:<\/strong><\/h5>\n\t\t\t\t\t<\/div>\n\t\t\t\t<\/div>\n\t\t\t\t<\/div>\n\t\t\t\t<div class=\"elementor-element elementor-element-00b20a9 elementor-widget elementor-widget-wd_text_block\" data-id=\"00b20a9\" data-element_type=\"widget\" data-widget_type=\"wd_text_block.default\">\n\t\t\t\t<div class=\"elementor-widget-container\">\n\t\t\t\t\t<div class=\"wd-text-block reset-last-child text-left\">\n\t\t\t\n\t\t\t<p>\u25cf Creado para jugadores de FPS: El factor de tenkeyless proporciona m\u00e1s espacio para mover el mouse, mientras que la tecla L-Ctrl ampliada minimiza la presi\u00f3n involuntaria de otras teclas.<br \/>\u25cf Switches para juegos exclusivos de ROG: Switches mec\u00e1nicos ROG NX con actuaci\u00f3n r\u00e1pida y curvas de fuerza ajustadas por ROG<br \/>\u25cf Portabilidad: El teclado compacto cabe f\u00e1cilmente en las mochilas, mientras que el cable desmontable evita marcas o rayones.<br \/>\u25cf Quick-Toggle Switch: Cambia instant\u00e1neamente entre las entradas de teclas de funci\u00f3n y multimedia.<br \/>\u25cf Tecla invisible: Toca para ocultar todas las aplicaciones y silenciar el audio para una privacidad instant\u00e1nea; toca de nuevo para jugar.<br \/>\u25cf Construcci\u00f3n duradera: La placa superior de aluminio con una est\u00e9tica de barra llamativa combina resistencia y estilo.<\/p>\n\t\t\t\t\t<\/div>\n\t\t\t\t<\/div>\n\t\t\t\t<\/div>\n\t\t\t\t\t<\/div>\n\t\t<\/div>\n\t\t\t\t<div class=\"elementor-column elementor-col-66 elementor-top-column elementor-element elementor-element-b692253\" data-id=\"b692253\" data-element_type=\"column\">\n\t\t\t<div class=\"elementor-widget-wrap elementor-element-populated\">\n\t\t\t\t\t\t\t\t<div class=\"elementor-element elementor-element-0fefcf7 elementor-widget elementor-widget-wd_image_or_svg\" data-id=\"0fefcf7\" data-element_type=\"widget\" data-widget_type=\"wd_image_or_svg.default\">\n\t\t\t\t<div class=\"elementor-widget-container\">\n\t\t\t\n\t\t<div class=\"wd-image text-center\">\n\t\t\t\t\t\t\t\t<img loading=\"lazy\" decoding=\"async\" width=\"1920\" height=\"750\" src=\"https:\/\/tzila.mx\/dev\/wp-content\/uploads\/2022\/06\/X802-STRIX-SCOPE-NX-TKLNXRDUS-des-2.jpg\" class=\"attachment-full size-full\" alt=\"\" srcset=\"https:\/\/tzila.mx\/dev\/wp-content\/uploads\/2022\/06\/X802-STRIX-SCOPE-NX-TKLNXRDUS-des-2.jpg 1920w, https:\/\/tzila.mx\/dev\/wp-content\/uploads\/2022\/06\/X802-STRIX-SCOPE-NX-TKLNXRDUS-des-2-400x156.jpg 400w, https:\/\/tzila.mx\/dev\/wp-content\/uploads\/2022\/06\/X802-STRIX-SCOPE-NX-TKLNXRDUS-des-2-1300x508.jpg 1300w, https:\/\/tzila.mx\/dev\/wp-content\/uploads\/2022\/06\/X802-STRIX-SCOPE-NX-TKLNXRDUS-des-2-768x300.jpg 768w, https:\/\/tzila.mx\/dev\/wp-content\/uploads\/2022\/06\/X802-STRIX-SCOPE-NX-TKLNXRDUS-des-2-1536x600.jpg 1536w, https:\/\/tzila.mx\/dev\/wp-content\/uploads\/2022\/06\/X802-STRIX-SCOPE-NX-TKLNXRDUS-des-2-860x336.jpg 860w, https:\/\/tzila.mx\/dev\/wp-content\/uploads\/2022\/06\/X802-STRIX-SCOPE-NX-TKLNXRDUS-des-2-1320x516.jpg 1320w, https:\/\/tzila.mx\/dev\/wp-content\/uploads\/2022\/06\/X802-STRIX-SCOPE-NX-TKLNXRDUS-des-2-430x168.jpg 430w, https:\/\/tzila.mx\/dev\/wp-content\/uploads\/2022\/06\/X802-STRIX-SCOPE-NX-TKLNXRDUS-des-2-700x273.jpg 700w, https:\/\/tzila.mx\/dev\/wp-content\/uploads\/2022\/06\/X802-STRIX-SCOPE-NX-TKLNXRDUS-des-2-150x59.jpg 150w\" sizes=\"auto, (max-width: 1920px) 100vw, 1920px\" \/>\t\t\t\t\t<\/div>\n\n\t\t\t\t<\/div>\n\t\t\t\t<\/div>\n\t\t\t\t\t<\/div>\n\t\t<\/div>\n\t\t\t\t\t\t\t<\/div>\n\t\t<\/section>\n\t\t\t\t<section class=\"elementor-section elementor-top-section elementor-element elementor-element-ec9e38a elementor-section-boxed elementor-section-height-default elementor-section-height-default wd-section-disabled\" data-id=\"ec9e38a\" data-element_type=\"section\">\n\t\t\t\t\t\t<div class=\"elementor-container elementor-column-gap-default\">\n\t\t\t\t\t<div class=\"elementor-column elementor-col-33 elementor-top-column elementor-element elementor-element-c833c6a\" data-id=\"c833c6a\" data-element_type=\"column\">\n\t\t\t<div class=\"elementor-widget-wrap elementor-element-populated\">\n\t\t\t\t\t\t\t\t<div class=\"elementor-element elementor-element-6ae12e9 elementor-widget elementor-widget-wd_text_block\" data-id=\"6ae12e9\" data-element_type=\"widget\" data-widget_type=\"wd_text_block.default\">\n\t\t\t\t<div class=\"elementor-widget-container\">\n\t\t\t\t\t<div class=\"wd-text-block reset-last-child text-left\">\n\t\t\t\n\t\t\t<h4>ACCI\u00d3N LISTO.<br \/>COMPACTO ARTESANAL.<\/h4><p>ROG Strix Scope NX TKL es un teclado mec\u00e1nico compacto sin diez teclas con Xccurate Design: una tecla Ctrl extra ancha que es m\u00e1s f\u00e1cil de sentir y encontrar en el frenes\u00ed de FPS. Con interruptores mec\u00e1nicos ROG NX optimizados para ROG, una placa superior de aluminio para mayor resistencia y estilo, y una iluminaci\u00f3n Aura RGB m\u00e1s personalizable que la que jam\u00e1s hayamos dise\u00f1ado en un teclado ROG, Strix Scope NX TKL te permite tocar como un profesional y ascender. por encima de la multitud del campo de batalla.<\/p>\n\t\t\t\t\t<\/div>\n\t\t\t\t<\/div>\n\t\t\t\t<\/div>\n\t\t\t\t<div class=\"elementor-element elementor-element-252ec94 elementor-widget elementor-widget-wd_text_block\" data-id=\"252ec94\" data-element_type=\"widget\" data-widget_type=\"wd_text_block.default\">\n\t\t\t\t<div class=\"elementor-widget-container\">\n\t\t\t\t\t<div class=\"wd-text-block reset-last-child text-left\">\n\t\t\t\n\t\t\t<h4>FACTOR DE FORMA TKL PARA FPS<\/h4><p>ROG Strix Scope NX TKL es un teclado mec\u00e1nico para juegos de alto rendimiento que ocupa poco espacio, lo que libera espacio en la superficie de trabajo para movimientos m\u00e1s amplios del mouse, perfecto para configuraciones de menor sensibilidad que ralentizan la ret\u00edcula para una precisi\u00f3n de punter\u00eda nivelada. El teclado est\u00e1 rematado con una placa frontal de aluminio para la resistencia diaria y acabado con una llamativa est\u00e9tica de barra inclinada para darle un peque\u00f1o toque de estilo.<\/p>\n\t\t\t\t\t<\/div>\n\t\t\t\t<\/div>\n\t\t\t\t<\/div>\n\t\t\t\t<div class=\"elementor-element elementor-element-696e1a7 elementor-widget elementor-widget-wd_image_or_svg\" data-id=\"696e1a7\" data-element_type=\"widget\" data-widget_type=\"wd_image_or_svg.default\">\n\t\t\t\t<div class=\"elementor-widget-container\">\n\t\t\t\n\t\t<div class=\"wd-image text-center\">\n\t\t\t\t\t\t\t\t<img loading=\"lazy\" decoding=\"async\" width=\"1920\" height=\"945\" src=\"https:\/\/tzila.mx\/dev\/wp-content\/uploads\/2022\/06\/X802-STRIX-SCOPE-NX-TKLNXRDUS-des-1.jpg\" class=\"attachment-full size-full\" alt=\"\" srcset=\"https:\/\/tzila.mx\/dev\/wp-content\/uploads\/2022\/06\/X802-STRIX-SCOPE-NX-TKLNXRDUS-des-1.jpg 1920w, https:\/\/tzila.mx\/dev\/wp-content\/uploads\/2022\/06\/X802-STRIX-SCOPE-NX-TKLNXRDUS-des-1-400x197.jpg 400w, https:\/\/tzila.mx\/dev\/wp-content\/uploads\/2022\/06\/X802-STRIX-SCOPE-NX-TKLNXRDUS-des-1-1300x640.jpg 1300w, https:\/\/tzila.mx\/dev\/wp-content\/uploads\/2022\/06\/X802-STRIX-SCOPE-NX-TKLNXRDUS-des-1-768x378.jpg 768w, https:\/\/tzila.mx\/dev\/wp-content\/uploads\/2022\/06\/X802-STRIX-SCOPE-NX-TKLNXRDUS-des-1-1536x756.jpg 1536w, https:\/\/tzila.mx\/dev\/wp-content\/uploads\/2022\/06\/X802-STRIX-SCOPE-NX-TKLNXRDUS-des-1-860x423.jpg 860w, https:\/\/tzila.mx\/dev\/wp-content\/uploads\/2022\/06\/X802-STRIX-SCOPE-NX-TKLNXRDUS-des-1-1320x650.jpg 1320w, https:\/\/tzila.mx\/dev\/wp-content\/uploads\/2022\/06\/X802-STRIX-SCOPE-NX-TKLNXRDUS-des-1-430x212.jpg 430w, https:\/\/tzila.mx\/dev\/wp-content\/uploads\/2022\/06\/X802-STRIX-SCOPE-NX-TKLNXRDUS-des-1-700x345.jpg 700w, https:\/\/tzila.mx\/dev\/wp-content\/uploads\/2022\/06\/X802-STRIX-SCOPE-NX-TKLNXRDUS-des-1-150x74.jpg 150w\" sizes=\"auto, (max-width: 1920px) 100vw, 1920px\" \/>\t\t\t\t\t<\/div>\n\n\t\t\t\t<\/div>\n\t\t\t\t<\/div>\n\t\t\t\t<div class=\"elementor-element elementor-element-e9bf201 elementor-widget elementor-widget-wd_text_block\" data-id=\"e9bf201\" data-element_type=\"widget\" data-widget_type=\"wd_text_block.default\">\n\t\t\t\t<div class=\"elementor-widget-container\">\n\t\t\t\t\t<div class=\"wd-text-block reset-last-child text-left\">\n\t\t\t\n\t\t\t<h4>ROG NX<br \/>INTERRUPTOR MEC\u00c1NICO<\/h4><p>Interruptor para juegos exclusivo de ROG: interruptor mec\u00e1nico ROG NX con activaci\u00f3n r\u00e1pida y curvas de fuerza ajustadas por ROG para una excelente sensaci\u00f3n de pulsaci\u00f3n de teclas y retroalimentaci\u00f3n.<\/p>\n\t\t\t\t\t<\/div>\n\t\t\t\t<\/div>\n\t\t\t\t<\/div>\n\t\t\t\t\t<\/div>\n\t\t<\/div>\n\t\t\t\t<div class=\"elementor-column elementor-col-33 elementor-top-column elementor-element elementor-element-e7b3bda\" data-id=\"e7b3bda\" data-element_type=\"column\">\n\t\t\t<div class=\"elementor-widget-wrap elementor-element-populated\">\n\t\t\t\t\t\t\t\t<div class=\"elementor-element elementor-element-69fd89b elementor-widget elementor-widget-wd_text_block\" data-id=\"69fd89b\" data-element_type=\"widget\" data-widget_type=\"wd_text_block.default\">\n\t\t\t\t<div class=\"elementor-widget-container\">\n\t\t\t\t\t<div class=\"wd-text-block reset-last-child text-left\">\n\t\t\t\n\t\t\t<h4>ROJO: LINEAL Y SWIFT<\/h4><p>Los interruptores mec\u00e1nicos rojos ROG NX proporcionan un punto de actuaci\u00f3n de 1,8 mm para una entrada r\u00e1pida. La fuerza inicial de 40 gf ayuda a evitar pulsaciones de teclas accidentales y se extiende a 55 gf para una respuesta de rebote perfecta. Como resultado, las pulsaciones de teclas son instant\u00e1neas y tienen una sensaci\u00f3n suave y lineal.<\/p>\n\t\t\t\t\t<\/div>\n\t\t\t\t<\/div>\n\t\t\t\t<\/div>\n\t\t\t\t<div class=\"elementor-element elementor-element-65a464e elementor-widget elementor-widget-wd_text_block\" data-id=\"65a464e\" data-element_type=\"widget\" data-widget_type=\"wd_text_block.default\">\n\t\t\t\t<div class=\"elementor-widget-container\">\n\t\t\t\t\t<div class=\"wd-text-block reset-last-child text-left\">\n\t\t\t\n\t\t\t<h4>AZUL: CLIKCY Y T\u00c1CTIL<\/h4><p>Los interruptores mec\u00e1nicos ROG NX Blue cuentan con un punto de actuaci\u00f3n de 2,3 mm, una relaci\u00f3n de clic est\u00e1ndar del 16 % y una fuerza t\u00e1ctil de 65 gf preferida por los entusiastas, todo para brindar una retroalimentaci\u00f3n firme y excelente con cada pulsaci\u00f3n de tecla.<\/p>\n\t\t\t\t\t<\/div>\n\t\t\t\t<\/div>\n\t\t\t\t<\/div>\n\t\t\t\t<div class=\"elementor-element elementor-element-8604524 elementor-widget elementor-widget-wd_image_or_svg\" data-id=\"8604524\" data-element_type=\"widget\" data-widget_type=\"wd_image_or_svg.default\">\n\t\t\t\t<div class=\"elementor-widget-container\">\n\t\t\t\n\t\t<div class=\"wd-image text-center\">\n\t\t\t\t\t\t\t\t<img loading=\"lazy\" decoding=\"async\" width=\"1920\" height=\"750\" src=\"https:\/\/tzila.mx\/dev\/wp-content\/uploads\/2022\/06\/X802-STRIX-SCOPE-NX-TKLNXRDUS-des-3.png\" class=\"attachment-full size-full\" alt=\"\" srcset=\"https:\/\/tzila.mx\/dev\/wp-content\/uploads\/2022\/06\/X802-STRIX-SCOPE-NX-TKLNXRDUS-des-3.png 1920w, https:\/\/tzila.mx\/dev\/wp-content\/uploads\/2022\/06\/X802-STRIX-SCOPE-NX-TKLNXRDUS-des-3-400x156.png 400w, https:\/\/tzila.mx\/dev\/wp-content\/uploads\/2022\/06\/X802-STRIX-SCOPE-NX-TKLNXRDUS-des-3-1300x508.png 1300w, https:\/\/tzila.mx\/dev\/wp-content\/uploads\/2022\/06\/X802-STRIX-SCOPE-NX-TKLNXRDUS-des-3-768x300.png 768w, https:\/\/tzila.mx\/dev\/wp-content\/uploads\/2022\/06\/X802-STRIX-SCOPE-NX-TKLNXRDUS-des-3-1536x600.png 1536w, https:\/\/tzila.mx\/dev\/wp-content\/uploads\/2022\/06\/X802-STRIX-SCOPE-NX-TKLNXRDUS-des-3-860x336.png 860w, https:\/\/tzila.mx\/dev\/wp-content\/uploads\/2022\/06\/X802-STRIX-SCOPE-NX-TKLNXRDUS-des-3-1320x516.png 1320w, https:\/\/tzila.mx\/dev\/wp-content\/uploads\/2022\/06\/X802-STRIX-SCOPE-NX-TKLNXRDUS-des-3-430x168.png 430w, https:\/\/tzila.mx\/dev\/wp-content\/uploads\/2022\/06\/X802-STRIX-SCOPE-NX-TKLNXRDUS-des-3-700x273.png 700w, https:\/\/tzila.mx\/dev\/wp-content\/uploads\/2022\/06\/X802-STRIX-SCOPE-NX-TKLNXRDUS-des-3-150x59.png 150w\" sizes=\"auto, (max-width: 1920px) 100vw, 1920px\" \/>\t\t\t\t\t<\/div>\n\n\t\t\t\t<\/div>\n\t\t\t\t<\/div>\n\t\t\t\t<div class=\"elementor-element elementor-element-62718e3 elementor-widget elementor-widget-wd_text_block\" data-id=\"62718e3\" data-element_type=\"widget\" data-widget_type=\"wd_text_block.default\">\n\t\t\t\t<div class=\"elementor-widget-container\">\n\t\t\t\t\t<div class=\"wd-text-block reset-last-child text-left\">\n\t\t\t\n\t\t\t<h4>MARR\u00d3N; ULTRA-T\u00c1CTIL<\/h4><p>Los interruptores mec\u00e1nicos marrones ROG NX tienen un punto de actuaci\u00f3n de 2 mm, como prefieren los usuarios de interruptores marrones tradicionales. La fuerza t\u00e1ctil de 58 gf combinada con una relaci\u00f3n de clic del 33 % le da a cada pulsaci\u00f3n de tecla una respuesta t\u00e1ctil evidente y m\u00e1s pronunciada.<\/p>\n\t\t\t\t\t<\/div>\n\t\t\t\t<\/div>\n\t\t\t\t<\/div>\n\t\t\t\t<div class=\"elementor-element elementor-element-4f49f18 elementor-widget elementor-widget-wd_text_block\" data-id=\"4f49f18\" data-element_type=\"widget\" data-widget_type=\"wd_text_block.default\">\n\t\t\t\t<div class=\"elementor-widget-container\">\n\t\t\t\t\t<div class=\"wd-text-block reset-last-child text-left\">\n\t\t\t\n\t\t\t<div class=\"stitle\"><h4>LISTO PARA EL D\u00cdA Y LA NOCHE<\/h4><p>El interruptor de cambio r\u00e1pido prepara el ROG Strix Scope NX TKL para jugar o para la rutina diaria, alternando la fila superior entre la entrada de medios o la tecla de funci\u00f3n (Fn), por lo que es f\u00e1cil cambiar de modo para trabajar o jugar.<\/p><\/div>\n\t\t\t\t\t<\/div>\n\t\t\t\t<\/div>\n\t\t\t\t<\/div>\n\t\t\t\t\t<\/div>\n\t\t<\/div>\n\t\t\t\t<div class=\"elementor-column elementor-col-33 elementor-top-column elementor-element elementor-element-ba9b9c1\" data-id=\"ba9b9c1\" data-element_type=\"column\">\n\t\t\t<div class=\"elementor-widget-wrap elementor-element-populated\">\n\t\t\t\t\t\t\t\t<div class=\"elementor-element elementor-element-d0a2373 elementor-widget elementor-widget-wd_text_block\" data-id=\"d0a2373\" data-element_type=\"widget\" data-widget_type=\"wd_text_block.default\">\n\t\t\t\t<div class=\"elementor-widget-container\">\n\t\t\t\t\t<div class=\"wd-text-block reset-last-child text-left\">\n\t\t\t\n\t\t\t<h4>PRIVACIDAD INSTANT\u00c1NEA<\/h4><p>Un toque r\u00e1pido de la tecla Stealth de ROG Strix Scope NX TKL oculta instant\u00e1neamente todas las aplicaciones y silencia todo el audio, asegurando la privacidad en el momento que la necesita. Decorado con un motivo ic\u00f3nico de figura encapuchada, un segundo empuj\u00f3n de Stealth vuelve a poner todo como estaba.<\/p>\n\t\t\t\t\t<\/div>\n\t\t\t\t<\/div>\n\t\t\t\t<\/div>\n\t\t\t\t<div class=\"elementor-element elementor-element-7a297c2 elementor-widget elementor-widget-wd_image_or_svg\" data-id=\"7a297c2\" data-element_type=\"widget\" data-widget_type=\"wd_image_or_svg.default\">\n\t\t\t\t<div class=\"elementor-widget-container\">\n\t\t\t\n\t\t<div class=\"wd-image text-center\">\n\t\t\t\t\t\t\t\t<img loading=\"lazy\" decoding=\"async\" width=\"1920\" height=\"750\" src=\"https:\/\/tzila.mx\/dev\/wp-content\/uploads\/2022\/06\/X802-STRIX-SCOPE-NX-TKLNXRDUS-des-4.png\" class=\"attachment-full size-full\" alt=\"\" srcset=\"https:\/\/tzila.mx\/dev\/wp-content\/uploads\/2022\/06\/X802-STRIX-SCOPE-NX-TKLNXRDUS-des-4.png 1920w, https:\/\/tzila.mx\/dev\/wp-content\/uploads\/2022\/06\/X802-STRIX-SCOPE-NX-TKLNXRDUS-des-4-400x156.png 400w, https:\/\/tzila.mx\/dev\/wp-content\/uploads\/2022\/06\/X802-STRIX-SCOPE-NX-TKLNXRDUS-des-4-1300x508.png 1300w, https:\/\/tzila.mx\/dev\/wp-content\/uploads\/2022\/06\/X802-STRIX-SCOPE-NX-TKLNXRDUS-des-4-768x300.png 768w, https:\/\/tzila.mx\/dev\/wp-content\/uploads\/2022\/06\/X802-STRIX-SCOPE-NX-TKLNXRDUS-des-4-1536x600.png 1536w, https:\/\/tzila.mx\/dev\/wp-content\/uploads\/2022\/06\/X802-STRIX-SCOPE-NX-TKLNXRDUS-des-4-860x336.png 860w, https:\/\/tzila.mx\/dev\/wp-content\/uploads\/2022\/06\/X802-STRIX-SCOPE-NX-TKLNXRDUS-des-4-1320x516.png 1320w, https:\/\/tzila.mx\/dev\/wp-content\/uploads\/2022\/06\/X802-STRIX-SCOPE-NX-TKLNXRDUS-des-4-430x168.png 430w, https:\/\/tzila.mx\/dev\/wp-content\/uploads\/2022\/06\/X802-STRIX-SCOPE-NX-TKLNXRDUS-des-4-700x273.png 700w, https:\/\/tzila.mx\/dev\/wp-content\/uploads\/2022\/06\/X802-STRIX-SCOPE-NX-TKLNXRDUS-des-4-150x59.png 150w\" sizes=\"auto, (max-width: 1920px) 100vw, 1920px\" \/>\t\t\t\t\t<\/div>\n\n\t\t\t\t<\/div>\n\t\t\t\t<\/div>\n\t\t\t\t<div class=\"elementor-element elementor-element-d0a6b4e elementor-widget elementor-widget-wd_text_block\" data-id=\"d0a6b4e\" data-element_type=\"widget\" data-widget_type=\"wd_text_block.default\">\n\t\t\t\t<div class=\"elementor-widget-container\">\n\t\t\t\t\t<div class=\"wd-text-block reset-last-child text-left\">\n\t\t\t\n\t\t\t<h4>SINCRONIZACI\u00d3N DEL AURA<\/h4><p>ROG Strix Scope NX TKL est\u00e1 cargado con una vibrante iluminaci\u00f3n RGB para que usted lo controle. Hay un LED RGB individual debajo de cada tecla, indicadores de bloqueo RGB y un logotipo RGB ROG. Incluso proyecta un llamativo resplandor RGB desde abajo, extendiendo la iluminaci\u00f3n m\u00e1s all\u00e1 del teclado. Desarrollado por Aura Sync, todo el espectro de colores y una gama de efectos de iluminaci\u00f3n din\u00e1micos est\u00e1n a su disposici\u00f3n para crear un sistema completo que sea exclusivamente suyo. La iluminaci\u00f3n de Strix Scope NX TKL tambi\u00e9n se sincroniza f\u00e1cilmente con el extenso ecosistema Aura, por lo que es f\u00e1cil crear un entorno de juego que realmente brille.<\/p>\n\t\t\t\t\t<\/div>\n\t\t\t\t<\/div>\n\t\t\t\t<\/div>\n\t\t\t\t<div class=\"elementor-element elementor-element-4c111ea elementor-widget elementor-widget-wd_text_block\" data-id=\"4c111ea\" data-element_type=\"widget\" data-widget_type=\"wd_text_block.default\">\n\t\t\t\t<div class=\"elementor-widget-container\">\n\t\t\t\t\t<div class=\"wd-text-block reset-last-child text-left\">\n\t\t\t\n\t\t\t<h4>CAJA DE ARMER\u00cdA<\/h4><p>Armory Crate es una utilidad de software dise\u00f1ada para brindarle un control centralizado de los productos de juegos compatibles, lo que facilita el ajuste de la apariencia de su sistema. Desde una \u00fanica interfaz intuitiva, Armory Crate le permite personalizar f\u00e1cilmente la iluminaci\u00f3n y los efectos RGB para dispositivos compatibles y sincronizarlos con Aura Sync para crear un esquema de iluminaci\u00f3n unificado en todo su sistema. Armory Crate tambi\u00e9n te permite personalizar los perfiles de usuario, las teclas de mapas, grabar macros e incluso realizar un seguimiento de las estad\u00edsticas del hardware durante el juego.<\/p>\n\t\t\t\t\t<\/div>\n\t\t\t\t<\/div>\n\t\t\t\t<\/div>\n\t\t\t\t<div class=\"elementor-element elementor-element-078b475 elementor-widget elementor-widget-wd_button\" data-id=\"078b475\" data-element_type=\"widget\" data-widget_type=\"wd_button.default\">\n\t\t\t\t<div class=\"elementor-widget-container\">\n\t\t\t\t\t<div class=\"wd-button-wrapper text-center\" >\n\t\t\t<a class=\"btn btn-style-link btn-shape- btn-size-large btn-scheme-light btn-scheme-hover-dark btn-icon-pos-right\"  href=\"https:\/\/rog.asus.com\/mx\/keyboards\/keyboards\/compact\/rog-strix-scope-nx-tkl-model\/\" target=\"_blank\">\n\t\t\t\t<span class=\"wd-btn-text\" data-elementor-setting-key=\"text\">\n\t\t\t\t\tSaber m\u00e1s\t\t\t\t<\/span>\n\n\t\t\t\t\t\t\t<\/a>\n\t\t<\/div>\n\t\t\t\t<\/div>\n\t\t\t\t<\/div>\n\t\t\t\t\t<\/div>\n\t\t<\/div>\n\t\t\t\t\t\t\t<\/div>\n\t\t<\/section>\n\t\t\t\t\t\t<\/div>\n\t\t\t\t\t<\/div>\n\t\t","protected":false},"excerpt":{"rendered":"<h4>Caracter\u00edsticas principales:<\/h4>\n<p class=\"p1\"><span class=\"s1\">\u25cf <\/span>Teclado mec\u00e1nico RGB al\u00e1mbrico<br \/>\n<span class=\"s2\"><span class=\"s1\">\u25cf S<\/span><\/span>witches ROG NX<br \/>\n<span class=\"s1\">\u25cf M<\/span>arco de aluminio<br \/>\n<span class=\"s1\">\u25cf I<\/span>luminaci\u00f3n Aura Sync<br \/>\n<span class=\"s1\">\u25cf P<\/span>ara juegos FPS<\/p>\n","protected":false},"featured_media":15753,"comment_status":"open","ping_status":"closed","template":"","meta":[],"product_cat":[28,84,100],"product_tag":[114],"class_list":["post-15749","product","type-product","status-publish","has-post-thumbnail","hentry","product_cat-setup","product_cat-teclado-gamer","product_cat-asus","product_tag-rog-gaming","pa_brand-asus"],"_links":{"self":[{"href":"https:\/\/tzila.mx\/dev\/wp-json\/wp\/v2\/product\/15749","targetHints":{"allow":["GET"]}}],"collection":[{"href":"https:\/\/tzila.mx\/dev\/wp-json\/wp\/v2\/product"}],"about":[{"href":"https:\/\/tzila.mx\/dev\/wp-json\/wp\/v2\/types\/product"}],"replies":[{"embeddable":true,"href":"https:\/\/tzila.mx\/dev\/wp-json\/wp\/v2\/comments?post=15749"}],"version-history":[{"count":7,"href":"https:\/\/tzila.mx\/dev\/wp-json\/wp\/v2\/product\/15749\/revisions"}],"predecessor-version":[{"id":15771,"href":"https:\/\/tzila.mx\/dev\/wp-json\/wp\/v2\/product\/15749\/revisions\/15771"}],"wp:featuredmedia":[{"embeddable":true,"href":"https:\/\/tzila.mx\/dev\/wp-json\/wp\/v2\/media\/15753"}],"wp:attachment":[{"href":"https:\/\/tzila.mx\/dev\/wp-json\/wp\/v2\/media?parent=15749"}],"wp:term":[{"taxonomy":"product_cat","embeddable":true,"href":"https:\/\/tzila.mx\/dev\/wp-json\/wp\/v2\/product_cat?post=15749"},{"taxonomy":"product_tag","embeddable":true,"href":"https:\/\/tzila.mx\/dev\/wp-json\/wp\/v2\/product_tag?post=15749"}],"curies":[{"name":"wp","href":"https:\/\/api.w.org\/{rel}","templated":true}]}}