{"id":15709,"date":"2022-06-13T21:18:45","date_gmt":"2022-06-14T02:18:45","guid":{"rendered":"https:\/\/tzila.mx\/dev\/?post_type=product&#038;p=15709"},"modified":"2022-06-29T11:36:05","modified_gmt":"2022-06-29T16:36:05","slug":"audifonos-asus-tuf-gaming-h1-wireless","status":"publish","type":"product","link":"https:\/\/tzila.mx\/dev\/producto\/audifonos-asus-tuf-gaming-h1-wireless\/","title":{"rendered":"Aud\u00edfonos ASUS TUF Gaming H1 Wireless"},"content":{"rendered":"\t\t<div data-elementor-type=\"wp-post\" data-elementor-id=\"15709\" class=\"elementor elementor-15709\" data-elementor-settings=\"[]\">\n\t\t\t\t\t\t\t<div class=\"elementor-section-wrap\">\n\t\t\t\t\t\t\t<section class=\"elementor-section elementor-top-section elementor-element elementor-element-a77d38a elementor-section-boxed elementor-section-height-default elementor-section-height-default wd-section-disabled\" data-id=\"a77d38a\" data-element_type=\"section\">\n\t\t\t\t\t\t<div class=\"elementor-container elementor-column-gap-default\">\n\t\t\t\t\t<div class=\"elementor-column elementor-col-33 elementor-top-column elementor-element elementor-element-606b0e0\" data-id=\"606b0e0\" data-element_type=\"column\">\n\t\t\t<div class=\"elementor-widget-wrap elementor-element-populated\">\n\t\t\t\t\t\t\t\t<div class=\"elementor-element elementor-element-2efa55d elementor-widget elementor-widget-wd_text_block\" data-id=\"2efa55d\" data-element_type=\"widget\" data-widget_type=\"wd_text_block.default\">\n\t\t\t\t<div class=\"elementor-widget-container\">\n\t\t\t\t\t<div class=\"wd-text-block reset-last-child text-left\">\n\t\t\t\n\t\t\t<h5><strong>M\u00c1S ESPECIFICACIONES<\/strong><strong>:<\/strong><\/h5>\n\t\t\t\t\t<\/div>\n\t\t\t\t<\/div>\n\t\t\t\t<\/div>\n\t\t\t\t<div class=\"elementor-element elementor-element-00b20a9 elementor-widget elementor-widget-wd_text_block\" data-id=\"00b20a9\" data-element_type=\"widget\" data-widget_type=\"wd_text_block.default\">\n\t\t\t\t<div class=\"elementor-widget-container\">\n\t\t\t\t\t<div class=\"wd-text-block reset-last-child text-left\">\n\t\t\t\n\t\t\t<p>\u25cf La conexi\u00f3n inal\u00e1mbrica de 2,4 GHz a trav\u00e9s del dongle USB-C\u00ae ofrece un alcance de hasta 25 metros<br \/>\u25cf Altavoces ASUS Essence y c\u00e1mara de aire estanca para pronunciar la sensaci\u00f3n de inmersi\u00f3n<br \/>\u25cf Sonido envolvente 7.1 virtual compatible con Windows Sonic.<br \/>\u25cf Micr\u00f3fono unidireccional con certificaci\u00f3n Discord y TeamSpeak para comunicarte claramente mientras juegas.<br \/>\u25cf Los 295 gramos de peso y la diadema con suspensi\u00f3n garantizan la comodidad durante todo el d\u00eda.<br \/>\u25cf Hasta 15 horas de autonom\u00eda para jugar sin parar.<br \/>\u25cf Compatible con PC, Mac, tabletas, smartphones, PlayStation\u00ae 5, Nintendo Switch\u2122.\u00a0<\/p>\n\t\t\t\t\t<\/div>\n\t\t\t\t<\/div>\n\t\t\t\t<\/div>\n\t\t\t\t\t<\/div>\n\t\t<\/div>\n\t\t\t\t<div class=\"elementor-column elementor-col-66 elementor-top-column elementor-element elementor-element-b692253\" data-id=\"b692253\" data-element_type=\"column\">\n\t\t\t<div class=\"elementor-widget-wrap elementor-element-populated\">\n\t\t\t\t\t\t\t\t<div class=\"elementor-element elementor-element-0fefcf7 elementor-widget elementor-widget-wd_image_or_svg\" data-id=\"0fefcf7\" data-element_type=\"widget\" data-widget_type=\"wd_image_or_svg.default\">\n\t\t\t\t<div class=\"elementor-widget-container\">\n\t\t\t\n\t\t<div class=\"wd-image text-center\">\n\t\t\t\t\t\t\t\t<img decoding=\"async\" src=\"https:\/\/tzila.mx\/dev\/wp-content\/uploads\/elementor\/thumbs\/TUF-GAMING-H1-des-1-pqa61vadep8p7fom1zujn451jkdtqfpg3rajyhxsbk.jpg\" title=\"TUF GAMING H1-des-1\" alt=\"TUF GAMING H1-des-1\" \/>\t\t\t\t\t<\/div>\n\n\t\t\t\t<\/div>\n\t\t\t\t<\/div>\n\t\t\t\t\t<\/div>\n\t\t<\/div>\n\t\t\t\t\t\t\t<\/div>\n\t\t<\/section>\n\t\t\t\t<section class=\"elementor-section elementor-top-section elementor-element elementor-element-ec9e38a elementor-section-boxed elementor-section-height-default elementor-section-height-default wd-section-disabled\" data-id=\"ec9e38a\" data-element_type=\"section\">\n\t\t\t\t\t\t<div class=\"elementor-container elementor-column-gap-default\">\n\t\t\t\t\t<div class=\"elementor-column elementor-col-33 elementor-top-column elementor-element elementor-element-c833c6a\" data-id=\"c833c6a\" data-element_type=\"column\">\n\t\t\t<div class=\"elementor-widget-wrap elementor-element-populated\">\n\t\t\t\t\t\t\t\t<div class=\"elementor-element elementor-element-6ae12e9 elementor-widget elementor-widget-wd_text_block\" data-id=\"6ae12e9\" data-element_type=\"widget\" data-widget_type=\"wd_text_block.default\">\n\t\t\t\t<div class=\"elementor-widget-container\">\n\t\t\t\t\t<div class=\"wd-text-block reset-last-child text-left\">\n\t\t\t\n\t\t\t<div class=\"stitle\"><p>Libertad, Comodidad, Audio inmersivo<\/p><p>TUF Gaming H1 Wireless ofrece la libertad de una conexi\u00f3n inal\u00e1mbrica de 2,4 GHz y un audio verdaderamente inmersivo con una respuesta de bajos rica y profunda, gracias a los controladores ASUS Essence de 40 mm, un dise\u00f1o de c\u00e1mara herm\u00e9tica y tecnolog\u00eda de sonido envolvente virtual 7.1. Adem\u00e1s, un micr\u00f3fono certificado por Discord y TeamSpeak brinda una comunicaci\u00f3n de voz clara y una diadema de suspensi\u00f3n liviana garantiza la comodidad.<\/p><\/div>\n\t\t\t\t\t<\/div>\n\t\t\t\t<\/div>\n\t\t\t\t<\/div>\n\t\t\t\t<div class=\"elementor-element elementor-element-252ec94 elementor-widget elementor-widget-wd_text_block\" data-id=\"252ec94\" data-element_type=\"widget\" data-widget_type=\"wd_text_block.default\">\n\t\t\t\t<div class=\"elementor-widget-container\">\n\t\t\t\t\t<div class=\"wd-text-block reset-last-child text-left\">\n\t\t\t\n\t\t\t<div class=\"product-content\"><div class=\"maintitle text-left\"><div class=\"stitle\"><h4>Conexi\u00f3n inal\u00e1mbrica de latencia ultrabaja<\/h4><p>El TUF Gaming H1 Wireless supera a los auriculares tradicionales con tecnolog\u00eda inal\u00e1mbrica de 2,4 GHz y un dise\u00f1o de antena dual. Debido a que su conexi\u00f3n se habilita a trav\u00e9s de un dongle USB-C\u00ae, ofrece una latencia m\u00e1s baja y una mejor estabilidad que los auriculares Bluetooth\u00ae. Junto con la transmisi\u00f3n de audio casi en tiempo real, H1 Wireless ofrece una amplia cobertura de hasta 25 metros, para que pueda moverse libremente y permanecer conectado.<\/p><\/div><\/div><\/div>\n\t\t\t\t\t<\/div>\n\t\t\t\t<\/div>\n\t\t\t\t<\/div>\n\t\t\t\t<div class=\"elementor-element elementor-element-696e1a7 elementor-widget elementor-widget-wd_image_or_svg\" data-id=\"696e1a7\" data-element_type=\"widget\" data-widget_type=\"wd_image_or_svg.default\">\n\t\t\t\t<div class=\"elementor-widget-container\">\n\t\t\t\n\t\t<div class=\"wd-image text-center\">\n\t\t\t\t\t\t\t\t<img decoding=\"async\" src=\"https:\/\/tzila.mx\/dev\/wp-content\/uploads\/elementor\/thumbs\/TUF-GAMING-H1-des-1-pqa61va957hgspsoru5oie3s3sv828g0t7zdg2izqg.jpg\" title=\"TUF GAMING H1-des-1\" alt=\"TUF GAMING H1-des-1\" \/>\t\t\t\t\t<\/div>\n\n\t\t\t\t<\/div>\n\t\t\t\t<\/div>\n\t\t\t\t<div class=\"elementor-element elementor-element-e9bf201 elementor-widget elementor-widget-wd_text_block\" data-id=\"e9bf201\" data-element_type=\"widget\" data-widget_type=\"wd_text_block.default\">\n\t\t\t\t<div class=\"elementor-widget-container\">\n\t\t\t\t\t<div class=\"wd-text-block reset-last-child text-left\">\n\t\t\t\n\t\t\t<h4>Graves incre\u00edblemente profundos y Detalle cristalino<\/h4><p>Los auriculares inal\u00e1mbricos TUF Gaming H1 le brindan las caracter\u00edsticas m\u00e1s ic\u00f3nicas de los auriculares para juegos ASUS, incluidas c\u00e1maras herm\u00e9ticas y controladores ASUS Essence de 40 mm para un audio m\u00e1s claro con graves m\u00e1s profundos.<\/p>\n\t\t\t\t\t<\/div>\n\t\t\t\t<\/div>\n\t\t\t\t<\/div>\n\t\t\t\t\t<\/div>\n\t\t<\/div>\n\t\t\t\t<div class=\"elementor-column elementor-col-33 elementor-top-column elementor-element elementor-element-e7b3bda\" data-id=\"e7b3bda\" data-element_type=\"column\">\n\t\t\t<div class=\"elementor-widget-wrap elementor-element-populated\">\n\t\t\t\t\t\t\t\t<div class=\"elementor-element elementor-element-4f49f18 elementor-widget elementor-widget-wd_text_block\" data-id=\"4f49f18\" data-element_type=\"widget\" data-widget_type=\"wd_text_block.default\">\n\t\t\t\t<div class=\"elementor-widget-container\">\n\t\t\t\t\t<div class=\"wd-text-block reset-last-child text-left\">\n\t\t\t\n\t\t\t<div class=\"stitle\"><h4>Sonido envolvente virtual 7.1<\/h4><p>La tecnolog\u00eda de sonido envolvente virtual 7.1* brinda un nivel mejorado de precisi\u00f3n de audio que puede brindarle una ventaja competitiva durante el juego.<\/p><\/div>\n\t\t\t\t\t<\/div>\n\t\t\t\t<\/div>\n\t\t\t\t<\/div>\n\t\t\t\t<div class=\"elementor-element elementor-element-d0a2373 elementor-widget elementor-widget-wd_text_block\" data-id=\"d0a2373\" data-element_type=\"widget\" data-widget_type=\"wd_text_block.default\">\n\t\t\t\t<div class=\"elementor-widget-container\">\n\t\t\t\t\t<div class=\"wd-text-block reset-last-child text-left\">\n\t\t\t\n\t\t\t<div class=\"main-text\" data-sr-id=\"9\"><h4>Comunicaci\u00f3n clara y certificable<\/h4><p>El micr\u00f3fono boom anal\u00f3gico unidireccional est\u00e1 sintonizado para una comunicaci\u00f3n de voz clara y certificado por Discord y TeamSpeak.<\/p><\/div>\n\t\t\t\t\t<\/div>\n\t\t\t\t<\/div>\n\t\t\t\t<\/div>\n\t\t\t\t<div class=\"elementor-element elementor-element-7d838dd elementor-widget elementor-widget-wd_text_block\" data-id=\"7d838dd\" data-element_type=\"widget\" data-widget_type=\"wd_text_block.default\">\n\t\t\t\t<div class=\"elementor-widget-container\">\n\t\t\t\t\t<div class=\"wd-text-block reset-last-child text-left\">\n\t\t\t\n\t\t\t<div class=\"stitle\"><h4>Dise\u00f1o ligero<\/h4><p>Con un peso de solo 295 gramos, los ligeros auriculares inal\u00e1mbricos TUF Gaming H1 est\u00e1n dise\u00f1ados para mantenerte c\u00f3modo durante largas sesiones de juego.<\/p><\/div>\n\t\t\t\t\t<\/div>\n\t\t\t\t<\/div>\n\t\t\t\t<\/div>\n\t\t\t\t<div class=\"elementor-element elementor-element-8604524 elementor-widget elementor-widget-wd_image_or_svg\" data-id=\"8604524\" data-element_type=\"widget\" data-widget_type=\"wd_image_or_svg.default\">\n\t\t\t\t<div class=\"elementor-widget-container\">\n\t\t\t\n\t\t<div class=\"wd-image text-center\">\n\t\t\t\t\t\t\t\t<img loading=\"lazy\" decoding=\"async\" width=\"982\" height=\"278\" src=\"https:\/\/tzila.mx\/dev\/wp-content\/uploads\/2022\/06\/TUF-GAMING-H1-des-3.png\" class=\"attachment-full size-full\" alt=\"\" srcset=\"https:\/\/tzila.mx\/dev\/wp-content\/uploads\/2022\/06\/TUF-GAMING-H1-des-3.png 982w, https:\/\/tzila.mx\/dev\/wp-content\/uploads\/2022\/06\/TUF-GAMING-H1-des-3-400x113.png 400w, https:\/\/tzila.mx\/dev\/wp-content\/uploads\/2022\/06\/TUF-GAMING-H1-des-3-768x217.png 768w, https:\/\/tzila.mx\/dev\/wp-content\/uploads\/2022\/06\/TUF-GAMING-H1-des-3-860x243.png 860w, https:\/\/tzila.mx\/dev\/wp-content\/uploads\/2022\/06\/TUF-GAMING-H1-des-3-430x122.png 430w, https:\/\/tzila.mx\/dev\/wp-content\/uploads\/2022\/06\/TUF-GAMING-H1-des-3-700x198.png 700w, https:\/\/tzila.mx\/dev\/wp-content\/uploads\/2022\/06\/TUF-GAMING-H1-des-3-150x42.png 150w\" sizes=\"auto, (max-width: 982px) 100vw, 982px\" \/>\t\t\t\t\t<\/div>\n\n\t\t\t\t<\/div>\n\t\t\t\t<\/div>\n\t\t\t\t<div class=\"elementor-element elementor-element-b8f8f17 elementor-widget elementor-widget-wd_text_block\" data-id=\"b8f8f17\" data-element_type=\"widget\" data-widget_type=\"wd_text_block.default\">\n\t\t\t\t<div class=\"elementor-widget-container\">\n\t\t\t\t\t<div class=\"wd-text-block reset-last-child text-left\">\n\t\t\t\n\t\t\t<div class=\"stitle\"><h4>Diadema de suspensi\u00f3n<\/h4><p>Para una comodidad duradera, la diadema de suspensi\u00f3n con una correa de tela est\u00e1 dise\u00f1ada para mejorar la flexibilidad y reducir la presi\u00f3n en la parte superior de la cabeza.<\/p><\/div>\n\t\t\t\t\t<\/div>\n\t\t\t\t<\/div>\n\t\t\t\t<\/div>\n\t\t\t\t<div class=\"elementor-element elementor-element-87cf18e elementor-widget elementor-widget-wd_text_block\" data-id=\"87cf18e\" data-element_type=\"widget\" data-widget_type=\"wd_text_block.default\">\n\t\t\t\t<div class=\"elementor-widget-container\">\n\t\t\t\t\t<div class=\"wd-text-block reset-last-child text-left\">\n\t\t\t\n\t\t\t<div class=\"stitle\"><h4>Amplio poder para juegos de marat\u00f3n<\/h4><p>La duraci\u00f3n extendida de la bater\u00eda que ofrece TUF Gaming H1 Wireless permite 8 d\u00edas1 de juego casual o disfrute de la m\u00fasica con una sola carga, o hasta 15 horas2 de acci\u00f3n ininterrumpida para los jugadores m\u00e1s exigentes.<\/p><\/div>\n\t\t\t\t\t<\/div>\n\t\t\t\t<\/div>\n\t\t\t\t<\/div>\n\t\t\t\t\t<\/div>\n\t\t<\/div>\n\t\t\t\t<div class=\"elementor-column elementor-col-33 elementor-top-column elementor-element elementor-element-ba9b9c1\" data-id=\"ba9b9c1\" data-element_type=\"column\">\n\t\t\t<div class=\"elementor-widget-wrap elementor-element-populated\">\n\t\t\t\t\t\t\t\t<div class=\"elementor-element elementor-element-46151b0 elementor-widget elementor-widget-wd_text_block\" data-id=\"46151b0\" data-element_type=\"widget\" data-widget_type=\"wd_text_block.default\">\n\t\t\t\t<div class=\"elementor-widget-container\">\n\t\t\t\t\t<div class=\"wd-text-block reset-last-child text-left\">\n\t\t\t\n\t\t\t<div class=\"stitle\"><div class=\"main-text\" data-sr-id=\"23\"><h4>Control instant\u00e1neo en la punta de tus dedos<\/h4><p>Los botones de control pr\u00e1cticos e intuitivos en el auricular facilitan el ajuste del volumen, silenciar o activar el micr\u00f3fono, o encender y apagar los auriculares.<\/p><\/div><\/div>\n\t\t\t\t\t<\/div>\n\t\t\t\t<\/div>\n\t\t\t\t<\/div>\n\t\t\t\t<div class=\"elementor-element elementor-element-7a297c2 elementor-widget elementor-widget-wd_image_or_svg\" data-id=\"7a297c2\" data-element_type=\"widget\" data-widget_type=\"wd_image_or_svg.default\">\n\t\t\t\t<div class=\"elementor-widget-container\">\n\t\t\t\n\t\t<div class=\"wd-image text-center\">\n\t\t\t\t\t\t\t\t<img decoding=\"async\" src=\"https:\/\/tzila.mx\/dev\/wp-content\/uploads\/elementor\/thumbs\/TUF-GAMING-H1-des-2-pqa61y3sbn04153quwhlt0ncsh1cb3c9czq8zk6e9w.jpg\" title=\"TUF GAMING H1-des-2\" alt=\"TUF GAMING H1-des-2\" \/>\t\t\t\t\t<\/div>\n\n\t\t\t\t<\/div>\n\t\t\t\t<\/div>\n\t\t\t\t<div class=\"elementor-element elementor-element-6f8ca7c elementor-widget elementor-widget-wd_text_block\" data-id=\"6f8ca7c\" data-element_type=\"widget\" data-widget_type=\"wd_text_block.default\">\n\t\t\t\t<div class=\"elementor-widget-container\">\n\t\t\t\t\t<div class=\"wd-text-block reset-last-child text-left\">\n\t\t\t\n\t\t\t<div class=\"stitle\"><div class=\"main-text\" data-sr-id=\"23\"><h4>Caja de armer\u00eda<\/h4><p>Armory Crate es una utilidad de software dise\u00f1ada para brindarle un control centralizado de los productos de juegos compatibles, lo que facilita ajustar TUF Gaming H1 Wireless a sus preferencias individuales. Armory Crate le permite personalizar los perfiles de usuario, optimizar el audio, verificar el estado de la bater\u00eda durante el juego y m\u00e1s.<\/p><\/div><\/div>\n\t\t\t\t\t<\/div>\n\t\t\t\t<\/div>\n\t\t\t\t<\/div>\n\t\t\t\t<div class=\"elementor-element elementor-element-d8999fe elementor-widget elementor-widget-wd_text_block\" data-id=\"d8999fe\" data-element_type=\"widget\" data-widget_type=\"wd_text_block.default\">\n\t\t\t\t<div class=\"elementor-widget-container\">\n\t\t\t\t\t<div class=\"wd-text-block reset-last-child text-left\">\n\t\t\t\n\t\t\t<div class=\"stitle\"><div class=\"main-text\" data-sr-id=\"23\"><h4>Compatibilidad multiplataforma<\/h4><p>Con TUF Gaming H1 Wireless, no necesita otro auricular para jugar en la consola, ya que brinda un soporte multiplataforma realmente completo, que incluye PC, Mac, PlayStation\u00ae 4 y 5, Nintendo Switch\u2122, tel\u00e9fonos inteligentes y tabletas.<\/p><\/div><\/div>\n\t\t\t\t\t<\/div>\n\t\t\t\t<\/div>\n\t\t\t\t<\/div>\n\t\t\t\t<div class=\"elementor-element elementor-element-078b475 elementor-widget elementor-widget-wd_button\" data-id=\"078b475\" data-element_type=\"widget\" data-widget_type=\"wd_button.default\">\n\t\t\t\t<div class=\"elementor-widget-container\">\n\t\t\t\t\t<div class=\"wd-button-wrapper text-center\" >\n\t\t\t<a class=\"btn btn-style-link btn-shape- btn-size-large btn-scheme-light btn-scheme-hover-dark btn-icon-pos-right\"  href=\"https:\/\/www.asus.com\/es\/Accessories\/Headsets-and-Audio\/TUF-Gaming\/TUF-Gaming-H1-Wireless\/\" target=\"_blank\">\n\t\t\t\t<span class=\"wd-btn-text\" data-elementor-setting-key=\"text\">\n\t\t\t\t\tSaber m\u00e1s\t\t\t\t<\/span>\n\n\t\t\t\t\t\t\t<\/a>\n\t\t<\/div>\n\t\t\t\t<\/div>\n\t\t\t\t<\/div>\n\t\t\t\t\t<\/div>\n\t\t<\/div>\n\t\t\t\t\t\t\t<\/div>\n\t\t<\/section>\n\t\t\t\t\t\t<\/div>\n\t\t\t\t\t<\/div>\n\t\t","protected":false},"excerpt":{"rendered":"<h4>Caracter\u00edsticas principales:<\/h4>\n<p class=\"p1\"><span class=\"s1\">\u25cf Inal\u00e1mbricos 2.4 GHz<\/span><br \/>\n<span class=\"s2\"><span class=\"s1\">\u25cf Sonido envolvente 7.1<\/span><\/span><br \/>\n<span class=\"s1\">\u25cf<span class=\"s2\"> Micr\u00f3fono certificado por Discord y TeamSpeak<\/span><\/span><br \/>\n<span class=\"s1\">\u25cf Dise\u00f1o c\u00f3modo y ligero<\/span><br \/>\n<span class=\"s1\">\u25cf Alcance de hasta 25 metros<\/span><\/p>\n","protected":false},"featured_media":15713,"comment_status":"open","ping_status":"closed","template":"","meta":[],"product_cat":[29,85,100],"product_tag":[218],"class_list":["post-15709","product","type-product","status-publish","has-post-thumbnail","hentry","product_cat-streaming","product_cat-diadema-gamer","product_cat-asus","product_tag-tuf-gaming","pa_brand-asus"],"_links":{"self":[{"href":"https:\/\/tzila.mx\/dev\/wp-json\/wp\/v2\/product\/15709","targetHints":{"allow":["GET"]}}],"collection":[{"href":"https:\/\/tzila.mx\/dev\/wp-json\/wp\/v2\/product"}],"about":[{"href":"https:\/\/tzila.mx\/dev\/wp-json\/wp\/v2\/types\/product"}],"replies":[{"embeddable":true,"href":"https:\/\/tzila.mx\/dev\/wp-json\/wp\/v2\/comments?post=15709"}],"version-history":[{"count":9,"href":"https:\/\/tzila.mx\/dev\/wp-json\/wp\/v2\/product\/15709\/revisions"}],"predecessor-version":[{"id":15748,"href":"https:\/\/tzila.mx\/dev\/wp-json\/wp\/v2\/product\/15709\/revisions\/15748"}],"wp:featuredmedia":[{"embeddable":true,"href":"https:\/\/tzila.mx\/dev\/wp-json\/wp\/v2\/media\/15713"}],"wp:attachment":[{"href":"https:\/\/tzila.mx\/dev\/wp-json\/wp\/v2\/media?parent=15709"}],"wp:term":[{"taxonomy":"product_cat","embeddable":true,"href":"https:\/\/tzila.mx\/dev\/wp-json\/wp\/v2\/product_cat?post=15709"},{"taxonomy":"product_tag","embeddable":true,"href":"https:\/\/tzila.mx\/dev\/wp-json\/wp\/v2\/product_tag?post=15709"}],"curies":[{"name":"wp","href":"https:\/\/api.w.org\/{rel}","templated":true}]}}