{"id":15694,"date":"2022-06-13T20:46:09","date_gmt":"2022-06-14T01:46:09","guid":{"rendered":"https:\/\/tzila.mx\/dev\/?post_type=product&#038;p=15694"},"modified":"2022-06-29T11:36:07","modified_gmt":"2022-06-29T16:36:07","slug":"mouse-gamer-asus-tuf-gaming-m4-air","status":"publish","type":"product","link":"https:\/\/tzila.mx\/dev\/producto\/mouse-gamer-asus-tuf-gaming-m4-air\/","title":{"rendered":"Mouse Gamer ASUS TUF Gaming M4 Air"},"content":{"rendered":"\t\t<div data-elementor-type=\"wp-post\" data-elementor-id=\"15694\" class=\"elementor elementor-15694\" data-elementor-settings=\"[]\">\n\t\t\t\t\t\t\t<div class=\"elementor-section-wrap\">\n\t\t\t\t\t\t\t<section class=\"elementor-section elementor-top-section elementor-element elementor-element-a77d38a elementor-section-boxed elementor-section-height-default elementor-section-height-default wd-section-disabled\" data-id=\"a77d38a\" data-element_type=\"section\">\n\t\t\t\t\t\t<div class=\"elementor-container elementor-column-gap-default\">\n\t\t\t\t\t<div class=\"elementor-column elementor-col-33 elementor-top-column elementor-element elementor-element-606b0e0\" data-id=\"606b0e0\" data-element_type=\"column\">\n\t\t\t<div class=\"elementor-widget-wrap elementor-element-populated\">\n\t\t\t\t\t\t\t\t<div class=\"elementor-element elementor-element-2efa55d elementor-widget elementor-widget-wd_text_block\" data-id=\"2efa55d\" data-element_type=\"widget\" data-widget_type=\"wd_text_block.default\">\n\t\t\t\t<div class=\"elementor-widget-container\">\n\t\t\t\t\t<div class=\"wd-text-block reset-last-child text-left\">\n\t\t\t\n\t\t\t<h5><strong>M\u00c1S ESPECIFICACIONES<\/strong><strong>:<\/strong><\/h5>\n\t\t\t\t\t<\/div>\n\t\t\t\t<\/div>\n\t\t\t\t<\/div>\n\t\t\t\t<div class=\"elementor-element elementor-element-00b20a9 elementor-widget elementor-widget-wd_text_block\" data-id=\"00b20a9\" data-element_type=\"widget\" data-widget_type=\"wd_text_block.default\">\n\t\t\t\t<div class=\"elementor-widget-container\">\n\t\t\t\t\t<div class=\"wd-text-block reset-last-child text-left\">\n\t\t\t\n\t\t\t<p>\u25cf Dise\u00f1o ultraligero de carcasa de aire.<br \/>\u25cf Pies de rat\u00f3n 100% PTFE y Paracord de juego TUF<br \/>\u25cf Resistencia al agua protectora IPX6.<br \/>\u25cf M\u00e1xima precisi\u00f3n.<br \/>\u25cf Protector antibacteriano ASUS<\/p>\n\t\t\t\t\t<\/div>\n\t\t\t\t<\/div>\n\t\t\t\t<\/div>\n\t\t\t\t\t<\/div>\n\t\t<\/div>\n\t\t\t\t<div class=\"elementor-column elementor-col-66 elementor-top-column elementor-element elementor-element-b692253\" data-id=\"b692253\" data-element_type=\"column\">\n\t\t\t<div class=\"elementor-widget-wrap elementor-element-populated\">\n\t\t\t\t\t\t\t\t<div class=\"elementor-element elementor-element-0fefcf7 elementor-widget elementor-widget-wd_image_or_svg\" data-id=\"0fefcf7\" data-element_type=\"widget\" data-widget_type=\"wd_image_or_svg.default\">\n\t\t\t\t<div class=\"elementor-widget-container\">\n\t\t\t\n\t\t<div class=\"wd-image text-center\">\n\t\t\t\t\t\t\t\t<img decoding=\"async\" src=\"https:\/\/tzila.mx\/dev\/wp-content\/uploads\/elementor\/thumbs\/P307-TUF-GAMING-M4-AIR-des-4-pqa4o6jjctzg9msvszw93fv7fqae7l3u5cim70c8zk.jpg\" title=\"P307 TUF GAMING M4 AIR-des-4\" alt=\"P307 TUF GAMING M4 AIR-des-4\" \/>\t\t\t\t\t<\/div>\n\n\t\t\t\t<\/div>\n\t\t\t\t<\/div>\n\t\t\t\t\t<\/div>\n\t\t<\/div>\n\t\t\t\t\t\t\t<\/div>\n\t\t<\/section>\n\t\t\t\t<section class=\"elementor-section elementor-top-section elementor-element elementor-element-ec9e38a elementor-section-boxed elementor-section-height-default elementor-section-height-default wd-section-disabled\" data-id=\"ec9e38a\" data-element_type=\"section\">\n\t\t\t\t\t\t<div class=\"elementor-container elementor-column-gap-default\">\n\t\t\t\t\t<div class=\"elementor-column elementor-col-33 elementor-top-column elementor-element elementor-element-c833c6a\" data-id=\"c833c6a\" data-element_type=\"column\">\n\t\t\t<div class=\"elementor-widget-wrap elementor-element-populated\">\n\t\t\t\t\t\t\t\t<div class=\"elementor-element elementor-element-6ae12e9 elementor-widget elementor-widget-wd_text_block\" data-id=\"6ae12e9\" data-element_type=\"widget\" data-widget_type=\"wd_text_block.default\">\n\t\t\t\t<div class=\"elementor-widget-container\">\n\t\t\t\t\t<div class=\"wd-text-block reset-last-child text-left\">\n\t\t\t\n\t\t\t<h4>LA VICTORIA ES EN EL AIRE<\/h4><p>El mouse para juegos ultraligero TUF Gaming M4 Air con cable cuenta con un sensor \u00f3ptico de 16,000 dpi para juegos que le brinda un seguimiento con precisi\u00f3n de p\u00edxel. Y con seis botones t\u00e1ctiles programables y tres perfiles de memoria integrados, puede personalizarlo para que se adapte a su estilo de juego. El M4 Air lleva tu juego a nuevas alturas. Con un peso de solo 47 gramos y manteniendo una construcci\u00f3n s\u00f3lida y duradera, cuenta con un TUF Gaming Paracord flexible y pies de mouse 100% PTFE que reducen la fricci\u00f3n para garantizar un deslizamiento r\u00e1pido y suave. Adem\u00e1s, la protecci\u00f3n ASUS Antibacterial Guard inhibe el crecimiento bacteriano para mantener las superficies higi\u00e9nicas.<\/p>\n\t\t\t\t\t<\/div>\n\t\t\t\t<\/div>\n\t\t\t\t<\/div>\n\t\t\t\t<div class=\"elementor-element elementor-element-8604524 elementor-widget elementor-widget-wd_image_or_svg\" data-id=\"8604524\" data-element_type=\"widget\" data-widget_type=\"wd_image_or_svg.default\">\n\t\t\t\t<div class=\"elementor-widget-container\">\n\t\t\t\n\t\t<div class=\"wd-image text-center\">\n\t\t\t\t\t\t\t\t<img loading=\"lazy\" decoding=\"async\" width=\"2560\" height=\"1200\" src=\"https:\/\/tzila.mx\/dev\/wp-content\/uploads\/2022\/06\/P307-TUF-GAMING-M4-AIR-des-3.jpg\" class=\"attachment-full size-full\" alt=\"\" srcset=\"https:\/\/tzila.mx\/dev\/wp-content\/uploads\/2022\/06\/P307-TUF-GAMING-M4-AIR-des-3.jpg 2560w, https:\/\/tzila.mx\/dev\/wp-content\/uploads\/2022\/06\/P307-TUF-GAMING-M4-AIR-des-3-400x188.jpg 400w, https:\/\/tzila.mx\/dev\/wp-content\/uploads\/2022\/06\/P307-TUF-GAMING-M4-AIR-des-3-1300x609.jpg 1300w, https:\/\/tzila.mx\/dev\/wp-content\/uploads\/2022\/06\/P307-TUF-GAMING-M4-AIR-des-3-768x360.jpg 768w, https:\/\/tzila.mx\/dev\/wp-content\/uploads\/2022\/06\/P307-TUF-GAMING-M4-AIR-des-3-1536x720.jpg 1536w, https:\/\/tzila.mx\/dev\/wp-content\/uploads\/2022\/06\/P307-TUF-GAMING-M4-AIR-des-3-2048x960.jpg 2048w, https:\/\/tzila.mx\/dev\/wp-content\/uploads\/2022\/06\/P307-TUF-GAMING-M4-AIR-des-3-860x403.jpg 860w, https:\/\/tzila.mx\/dev\/wp-content\/uploads\/2022\/06\/P307-TUF-GAMING-M4-AIR-des-3-1320x619.jpg 1320w, https:\/\/tzila.mx\/dev\/wp-content\/uploads\/2022\/06\/P307-TUF-GAMING-M4-AIR-des-3-430x202.jpg 430w, https:\/\/tzila.mx\/dev\/wp-content\/uploads\/2022\/06\/P307-TUF-GAMING-M4-AIR-des-3-700x328.jpg 700w, https:\/\/tzila.mx\/dev\/wp-content\/uploads\/2022\/06\/P307-TUF-GAMING-M4-AIR-des-3-150x70.jpg 150w\" sizes=\"auto, (max-width: 2560px) 100vw, 2560px\" \/>\t\t\t\t\t<\/div>\n\n\t\t\t\t<\/div>\n\t\t\t\t<\/div>\n\t\t\t\t<div class=\"elementor-element elementor-element-6015f3a elementor-widget elementor-widget-wd_text_block\" data-id=\"6015f3a\" data-element_type=\"widget\" data-widget_type=\"wd_text_block.default\">\n\t\t\t\t<div class=\"elementor-widget-container\">\n\t\t\t\t\t<div class=\"wd-text-block reset-last-child text-left\">\n\t\t\t\n\t\t\t<h4>Seis botones t\u00e1ctiles y programables<\/h4><p>El TUF Gaming M4 Air cuenta con seis botones t\u00e1ctiles y programables, lo que le permite personalizar los controles para que se adapten a su estilo de juego. Los botones izquierdo y derecho est\u00e1n separados de la cubierta superior, lo que da como resultado una fuerza de actuaci\u00f3n y una distancia de recorrido m\u00e1s bajas para clics m\u00e1s r\u00e1pidos y t\u00e1ctiles.<br \/>Un interruptor DPI le permite ajustar la sensibilidad sobre la marcha, mientras que dos botones ubicados estrat\u00e9gicamente en el lado izquierdo y una rueda de desplazamiento en la que se puede hacer clic ofrecen opciones de control adicionales.<\/p>\n\t\t\t\t\t<\/div>\n\t\t\t\t<\/div>\n\t\t\t\t<\/div>\n\t\t\t\t\t<\/div>\n\t\t<\/div>\n\t\t\t\t<div class=\"elementor-column elementor-col-33 elementor-top-column elementor-element elementor-element-e7b3bda\" data-id=\"e7b3bda\" data-element_type=\"column\">\n\t\t\t<div class=\"elementor-widget-wrap elementor-element-populated\">\n\t\t\t\t\t\t\t\t<div class=\"elementor-element elementor-element-252ec94 elementor-widget elementor-widget-wd_text_block\" data-id=\"252ec94\" data-element_type=\"widget\" data-widget_type=\"wd_text_block.default\">\n\t\t\t\t<div class=\"elementor-widget-container\">\n\t\t\t\t\t<div class=\"wd-text-block reset-last-child text-left\">\n\t\t\t\n\t\t\t<h4>Dise\u00f1o ultraligero de carcasa de aire.<\/h4><p>El equipo de I+D de ASUS cre\u00f3 un dise\u00f1o Air Shell ultraligero que consta de un marco piramidal hueco para mantener el peso del TUF Gaming M4 Air en tan solo 47 gramos, manteniendo la durabilidad y la integridad estructural.<\/p>\n\t\t\t\t\t<\/div>\n\t\t\t\t<\/div>\n\t\t\t\t<\/div>\n\t\t\t\t<div class=\"elementor-element elementor-element-d0a2373 elementor-widget elementor-widget-wd_text_block\" data-id=\"d0a2373\" data-element_type=\"widget\" data-widget_type=\"wd_text_block.default\">\n\t\t\t\t<div class=\"elementor-widget-container\">\n\t\t\t\t\t<div class=\"wd-text-block reset-last-child text-left\">\n\t\t\t\n\t\t\t<h4>M\u00e1xima precisi\u00f3n<\/h4><p>Cada golpe es cr\u00edtico. En el coraz\u00f3n de TUF Gaming M4 Air se encuentra un sensor \u00f3ptico especialmente ajustado para una exactitud y precisi\u00f3n infalibles que lo ayudar\u00e1n a derrotar a la competencia.<\/p>\n\t\t\t\t\t<\/div>\n\t\t\t\t<\/div>\n\t\t\t\t<\/div>\n\t\t\t\t<div class=\"elementor-element elementor-element-696e1a7 elementor-widget elementor-widget-wd_image_or_svg\" data-id=\"696e1a7\" data-element_type=\"widget\" data-widget_type=\"wd_image_or_svg.default\">\n\t\t\t\t<div class=\"elementor-widget-container\">\n\t\t\t\n\t\t<div class=\"wd-image text-center\">\n\t\t\t\t\t\t\t\t<img decoding=\"async\" src=\"https:\/\/tzila.mx\/dev\/wp-content\/uploads\/elementor\/thumbs\/P307-TUF-GAMING-M4-AIR-des-1-pqa4nluyb23a8y84t54w9pynhl5o2nhrrty3q2tfic.jpg\" title=\"P307 TUF GAMING M4 AIR-des-1\" alt=\"P307 TUF GAMING M4 AIR-des-1\" \/>\t\t\t\t\t<\/div>\n\n\t\t\t\t<\/div>\n\t\t\t\t<\/div>\n\t\t\t\t<div class=\"elementor-element elementor-element-4f49f18 elementor-widget elementor-widget-wd_text_block\" data-id=\"4f49f18\" data-element_type=\"widget\" data-widget_type=\"wd_text_block.default\">\n\t\t\t\t<div class=\"elementor-widget-container\">\n\t\t\t\t\t<div class=\"wd-text-block reset-last-child text-left\">\n\t\t\t\n\t\t\t<h4>Protector antibacteriano ASUS<\/h4><p>Para mantener su TUF Gaming M4 Air higi\u00e9nico, sus superficies y botones laterales est\u00e1n protegidos por el nuevo tratamiento de plata i\u00f3nica ASUS Antibacterial Guard. Los iones de plata (Ag+) cargados positivamente se unen a las paredes celulares de microbios y bacterias cargados negativamente, interrumpiendo sus funciones internas y evitando un mayor crecimiento. Se ha demostrado cient\u00edficamente que Antibacterial Guard inhibe el crecimiento de bacterias en m\u00e1s del 99 %* durante un per\u00edodo de 24 horas, lo que mantiene las superficies de su mouse limpias e higi\u00e9nicas, lo que podr\u00eda reducir la propagaci\u00f3n de bacterias da\u00f1inas.<\/p>\n\t\t\t\t\t<\/div>\n\t\t\t\t<\/div>\n\t\t\t\t<\/div>\n\t\t\t\t\t<\/div>\n\t\t<\/div>\n\t\t\t\t<div class=\"elementor-column elementor-col-33 elementor-top-column elementor-element elementor-element-ba9b9c1\" data-id=\"ba9b9c1\" data-element_type=\"column\">\n\t\t\t<div class=\"elementor-widget-wrap elementor-element-populated\">\n\t\t\t\t\t\t\t\t<div class=\"elementor-element elementor-element-e9bf201 elementor-widget elementor-widget-wd_text_block\" data-id=\"e9bf201\" data-element_type=\"widget\" data-widget_type=\"wd_text_block.default\">\n\t\t\t\t<div class=\"elementor-widget-container\">\n\t\t\t\t\t<div class=\"wd-text-block reset-last-child text-left\">\n\t\t\t\n\t\t\t<h4>Resistencia al agua protectora IPX6<\/h4><p>El ensamblaje de la placa de circuito impreso (PCBA) del TUF Gaming M4 Air est\u00e1 tratado con una capa protectora repelente al agua IPX6 para protegerlo contra derrames accidentales y palmas sudorosas.<\/p>\n\t\t\t\t\t<\/div>\n\t\t\t\t<\/div>\n\t\t\t\t<\/div>\n\t\t\t\t<div class=\"elementor-element elementor-element-7a297c2 elementor-widget elementor-widget-wd_image_or_svg\" data-id=\"7a297c2\" data-element_type=\"widget\" data-widget_type=\"wd_image_or_svg.default\">\n\t\t\t\t<div class=\"elementor-widget-container\">\n\t\t\t\n\t\t<div class=\"wd-image text-center\">\n\t\t\t\t\t\t\t\t<img decoding=\"async\" src=\"https:\/\/tzila.mx\/dev\/wp-content\/uploads\/elementor\/thumbs\/P307-TUF-GAMING-M4-AIR-des-2-pqa4ntdntqdkttx7l8dwto2c8o4ls8bmgv5zkaia4k.jpg\" title=\"P307 TUF GAMING M4 AIR-des-2\" alt=\"P307 TUF GAMING M4 AIR-des-2\" \/>\t\t\t\t\t<\/div>\n\n\t\t\t\t<\/div>\n\t\t\t\t<\/div>\n\t\t\t\t<div class=\"elementor-element elementor-element-7d838dd elementor-widget elementor-widget-wd_text_block\" data-id=\"7d838dd\" data-element_type=\"widget\" data-widget_type=\"wd_text_block.default\">\n\t\t\t\t<div class=\"elementor-widget-container\">\n\t\t\t\t\t<div class=\"wd-text-block reset-last-child text-left\">\n\t\t\t\n\t\t\t<h4>PIES DE RAT\u00d3N 100% PTFE Y PARACORD DE JUEGO TUF<\/h4><p>Dise\u00f1ado inteligentemente para reducir el peso y la libertad de movimiento, TUF Gaming M4 Air cuenta con un TUF Gaming Paracord hecho de fibra suave, liviana y flexible para minimizar los enganches, y sus pies de mouse 100% PTFE aseguran un deslizamiento sin esfuerzo.<\/p>\n\t\t\t\t\t<\/div>\n\t\t\t\t<\/div>\n\t\t\t\t<\/div>\n\t\t\t\t<div class=\"elementor-element elementor-element-b0c5a93 elementor-widget elementor-widget-wd_text_block\" data-id=\"b0c5a93\" data-element_type=\"widget\" data-widget_type=\"wd_text_block.default\">\n\t\t\t\t<div class=\"elementor-widget-container\">\n\t\t\t\t\t<div class=\"wd-text-block reset-last-child text-left\">\n\t\t\t\n\t\t\t<h4>Caja de armer\u00eda<\/h4><p>El software Armory Crate ofrece amplios controles y una interfaz de usuario intuitiva que le permite ajustar el TUF Gaming M4 Air para que se adapte a su forma de jugar. Crea perfiles, asigna botones, ajusta la configuraci\u00f3n de rendimiento y m\u00e1s.<\/p>\n\t\t\t\t\t<\/div>\n\t\t\t\t<\/div>\n\t\t\t\t<\/div>\n\t\t\t\t<div class=\"elementor-element elementor-element-078b475 elementor-widget elementor-widget-wd_button\" data-id=\"078b475\" data-element_type=\"widget\" data-widget_type=\"wd_button.default\">\n\t\t\t\t<div class=\"elementor-widget-container\">\n\t\t\t\t\t<div class=\"wd-button-wrapper text-center\" >\n\t\t\t<a class=\"btn btn-style-link btn-shape- btn-size-large btn-scheme-light btn-scheme-hover-dark btn-icon-pos-right\"  href=\"https:\/\/www.asus.com\/us\/Accessories\/Mice-and-Mouse-Pads\/TUF-Gaming\/TUF-Gaming-M4-Air\/\" target=\"_blank\">\n\t\t\t\t<span class=\"wd-btn-text\" data-elementor-setting-key=\"text\">\n\t\t\t\t\tSaber m\u00e1s\t\t\t\t<\/span>\n\n\t\t\t\t\t\t\t<\/a>\n\t\t<\/div>\n\t\t\t\t<\/div>\n\t\t\t\t<\/div>\n\t\t\t\t\t<\/div>\n\t\t<\/div>\n\t\t\t\t\t\t\t<\/div>\n\t\t<\/section>\n\t\t\t\t\t\t<\/div>\n\t\t\t\t\t<\/div>\n\t\t","protected":false},"excerpt":{"rendered":"<h4>Caracter\u00edsticas principales:<\/h4>\n<p class=\"p1\"><span class=\"s1\">\u25cf <span class=\"s2\">Al\u00e1mbrico USB 2.0<\/span><\/span><br \/>\n<span class=\"s2\"><span class=\"s1\">\u25cf TUF Gaming Paracord Cable<\/span><\/span><br \/>\n<span class=\"s1\">\u25cf<span class=\"s2\"> Seis Botones\u00a0<\/span><\/span><br \/>\n<span class=\"s1\">\u25cf Resoluci\u00f3n 16000<\/span><span class=\"ItemNumber\">\u00a0dpi<\/span><br \/>\n<span class=\"s1\">\u25cf Aceleraci\u00f3n m\u00e1xima 40g<\/span><br \/>\n<span class=\"s1\">\u25cf<\/span><span class=\"s2\"> <span id=\"\" class=\"tech-details__item-label\" data-fetched=\"true\">Velocidad m\u00e1xima 400 pp<\/span><\/span><\/p>\n","protected":false},"featured_media":15696,"comment_status":"open","ping_status":"closed","template":"","meta":[],"product_cat":[28,81,100],"product_tag":[218],"class_list":["post-15694","product","type-product","status-publish","has-post-thumbnail","hentry","product_cat-setup","product_cat-mouse-gamer","product_cat-asus","product_tag-tuf-gaming","pa_brand-asus"],"_links":{"self":[{"href":"https:\/\/tzila.mx\/dev\/wp-json\/wp\/v2\/product\/15694","targetHints":{"allow":["GET"]}}],"collection":[{"href":"https:\/\/tzila.mx\/dev\/wp-json\/wp\/v2\/product"}],"about":[{"href":"https:\/\/tzila.mx\/dev\/wp-json\/wp\/v2\/types\/product"}],"replies":[{"embeddable":true,"href":"https:\/\/tzila.mx\/dev\/wp-json\/wp\/v2\/comments?post=15694"}],"version-history":[{"count":7,"href":"https:\/\/tzila.mx\/dev\/wp-json\/wp\/v2\/product\/15694\/revisions"}],"predecessor-version":[{"id":15708,"href":"https:\/\/tzila.mx\/dev\/wp-json\/wp\/v2\/product\/15694\/revisions\/15708"}],"wp:featuredmedia":[{"embeddable":true,"href":"https:\/\/tzila.mx\/dev\/wp-json\/wp\/v2\/media\/15696"}],"wp:attachment":[{"href":"https:\/\/tzila.mx\/dev\/wp-json\/wp\/v2\/media?parent=15694"}],"wp:term":[{"taxonomy":"product_cat","embeddable":true,"href":"https:\/\/tzila.mx\/dev\/wp-json\/wp\/v2\/product_cat?post=15694"},{"taxonomy":"product_tag","embeddable":true,"href":"https:\/\/tzila.mx\/dev\/wp-json\/wp\/v2\/product_tag?post=15694"}],"curies":[{"name":"wp","href":"https:\/\/api.w.org\/{rel}","templated":true}]}}