{"id":15652,"date":"2022-06-13T19:43:35","date_gmt":"2022-06-14T00:43:35","guid":{"rendered":"https:\/\/tzila.mx\/dev\/?post_type=product&#038;p=15652"},"modified":"2022-06-29T11:36:13","modified_gmt":"2022-06-29T16:36:13","slug":"audifonos-gaming-asus-rog-cetra-ii-core","status":"publish","type":"product","link":"https:\/\/tzila.mx\/dev\/producto\/audifonos-gaming-asus-rog-cetra-ii-core\/","title":{"rendered":"Aud\u00edfonos Gaming ASUS ROG Cetra II Core"},"content":{"rendered":"\t\t<div data-elementor-type=\"wp-post\" data-elementor-id=\"15652\" class=\"elementor elementor-15652\" data-elementor-settings=\"[]\">\n\t\t\t\t\t\t\t<div class=\"elementor-section-wrap\">\n\t\t\t\t\t\t\t<section class=\"elementor-section elementor-top-section elementor-element elementor-element-73f86f1 elementor-section-boxed elementor-section-height-default elementor-section-height-default wd-section-disabled\" data-id=\"73f86f1\" data-element_type=\"section\">\n\t\t\t\t\t\t<div class=\"elementor-container elementor-column-gap-default\">\n\t\t\t\t\t<div class=\"elementor-column elementor-col-33 elementor-top-column elementor-element elementor-element-a97a0da\" data-id=\"a97a0da\" data-element_type=\"column\">\n\t\t\t<div class=\"elementor-widget-wrap elementor-element-populated\">\n\t\t\t\t\t\t\t\t<div class=\"elementor-element elementor-element-ee15466 elementor-widget elementor-widget-wd_text_block\" data-id=\"ee15466\" data-element_type=\"widget\" data-widget_type=\"wd_text_block.default\">\n\t\t\t\t<div class=\"elementor-widget-container\">\n\t\t\t\t\t<div class=\"wd-text-block reset-last-child text-left\">\n\t\t\t\n\t\t\t<h5><strong>M\u00c1S ESPECIFICACIONES<\/strong><strong>:<\/strong><\/h5>\n\t\t\t\t\t<\/div>\n\t\t\t\t<\/div>\n\t\t\t\t<\/div>\n\t\t\t\t<div class=\"elementor-element elementor-element-060aac8 elementor-widget elementor-widget-wd_text_block\" data-id=\"060aac8\" data-element_type=\"widget\" data-widget_type=\"wd_text_block.default\">\n\t\t\t\t<div class=\"elementor-widget-container\">\n\t\t\t\t\t<div class=\"wd-text-block reset-last-child text-left\">\n\t\t\t\n\t\t\t<p>\u25cf Los innovadores controladores de caucho de silicona l\u00edquida (LSR) brindan un rendimiento estable de los parlantes, bajos incre\u00edblemente fuertes y audio para juegos optimizado. <br \/>\u25cf El conector de cable de 90\u00b0 ofrece una mayor comodidad para juegos port\u00e1tiles. <br \/>\u25cf La carcasa de metal liviana ofrece un aspecto llamativo y resistencia a los ara\u00f1azos, lo que eleva la est\u00e9tica y la durabilidad del exterior.<br \/>\u25cf El dise\u00f1o ergon\u00f3mico con orejeras y puntas ultrasuaves LSR brindan un ajuste perfectamente c\u00f3modo. <br \/>\u25cf El conector de 3.5 mm permite el soporte multiplataforma, incluida la compatibilidad con tel\u00e9fonos m\u00f3viles, PC, Mac, PlayStation\u00ae 5, Xbox Series X \/ S y Nintendo Switch\u2122.<\/p>\n\t\t\t\t\t<\/div>\n\t\t\t\t<\/div>\n\t\t\t\t<\/div>\n\t\t\t\t\t<\/div>\n\t\t<\/div>\n\t\t\t\t<div class=\"elementor-column elementor-col-66 elementor-top-column elementor-element elementor-element-58ccbf6\" data-id=\"58ccbf6\" data-element_type=\"column\">\n\t\t\t<div class=\"elementor-widget-wrap elementor-element-populated\">\n\t\t\t\t\t\t\t\t<div class=\"elementor-element elementor-element-8fc16ba elementor-widget elementor-widget-wd_image_or_svg\" data-id=\"8fc16ba\" data-element_type=\"widget\" data-widget_type=\"wd_image_or_svg.default\">\n\t\t\t\t<div class=\"elementor-widget-container\">\n\t\t\t\n\t\t<div class=\"wd-image text-center\">\n\t\t\t\t\t\t\t\t<img decoding=\"async\" src=\"https:\/\/tzila.mx\/dev\/wp-content\/uploads\/elementor\/thumbs\/ROG-CETRA-II-CORE-ML-des-2-pqa1wwt350jpyckbm8d05oezpxl9we4ndfn7xzl1v0.jpg\" title=\"ROG CETRA II CORE ML-des-2\" alt=\"ROG CETRA II CORE ML-des-2\" \/>\t\t\t\t\t<\/div>\n\n\t\t\t\t<\/div>\n\t\t\t\t<\/div>\n\t\t\t\t\t<\/div>\n\t\t<\/div>\n\t\t\t\t\t\t\t<\/div>\n\t\t<\/section>\n\t\t\t\t<section class=\"elementor-section elementor-top-section elementor-element elementor-element-8b0c073 elementor-section-boxed elementor-section-height-default elementor-section-height-default wd-section-disabled\" data-id=\"8b0c073\" data-element_type=\"section\">\n\t\t\t\t\t\t<div class=\"elementor-container elementor-column-gap-default\">\n\t\t\t\t\t<div class=\"elementor-column elementor-col-33 elementor-top-column elementor-element elementor-element-78c2af7\" data-id=\"78c2af7\" data-element_type=\"column\">\n\t\t\t<div class=\"elementor-widget-wrap elementor-element-populated\">\n\t\t\t\t\t\t\t\t<div class=\"elementor-element elementor-element-1dde15d elementor-widget elementor-widget-wd_text_block\" data-id=\"1dde15d\" data-element_type=\"widget\" data-widget_type=\"wd_text_block.default\">\n\t\t\t\t<div class=\"elementor-widget-container\">\n\t\t\t\t\t<div class=\"wd-text-block reset-last-child text-left\">\n\t\t\t\n\t\t\t<div class=\"inner\"><div class=\"text\" data-sr-id=\"1\"><h4 class=\"cetra-title\">Sonido incre\u00edble, gaming inmersivo<\/h4><p class=\"cetra-p\">Los auriculares intraurales ROG Cetra II Core cuentan con unos transductores ASUS Essence fabricados con goma de silicona l\u00edquida (LSR) que producen un sonido impecable. Adem\u00e1s soportan soportan una amplia variedad de plataformas gaming: PlayStation\u00ae 5, Xbox Series X\/S, ROG Phone 5, tel\u00e9fonos m\u00f3viles, PC, Mac y Nintendo Switch\u2122. Y para una comodidad, las aletas y almohadillas incluidas tambi\u00e9n son de LSR.<\/p><\/div><\/div>\n\t\t\t\t\t<\/div>\n\t\t\t\t<\/div>\n\t\t\t\t<\/div>\n\t\t\t\t<div class=\"elementor-element elementor-element-f1cee85 elementor-widget elementor-widget-wd_text_block\" data-id=\"f1cee85\" data-element_type=\"widget\" data-widget_type=\"wd_text_block.default\">\n\t\t\t\t<div class=\"elementor-widget-container\">\n\t\t\t\t\t<div class=\"wd-text-block reset-last-child text-left\">\n\t\t\t\n\t\t\t<h4 class=\"cetra-title\">Transductores ASUS Essence con goma de silicona l\u00edquida<\/h4><article data-v-b7353816=\"\"><div class=\"inner\"><div class=\"text2\" data-sr-id=\"3\"><p class=\"cetra-p\">Fabricados con el avanzado material LSR, los transductores ASUS Essence proporcionan un rendimiento m\u00e1s estable y unos graves incre\u00edblemente potentes. Los ROG Cetra II Core producen una experiencia incre\u00edblemente envolvente y detallada con tus juegos favoritos.<\/p><\/div><\/div><\/article>\n\t\t\t\t\t<\/div>\n\t\t\t\t<\/div>\n\t\t\t\t<\/div>\n\t\t\t\t<div class=\"elementor-element elementor-element-106924e elementor-widget elementor-widget-wd_image_or_svg\" data-id=\"106924e\" data-element_type=\"widget\" data-widget_type=\"wd_image_or_svg.default\">\n\t\t\t\t<div class=\"elementor-widget-container\">\n\t\t\t\n\t\t<div class=\"wd-image text-center\">\n\t\t\t\t\t\t\t\t<img decoding=\"async\" src=\"https:\/\/tzila.mx\/dev\/wp-content\/uploads\/elementor\/thumbs\/ROG-CETRA-II-CORE-ML-des-4-pqa1xjd59bul5vcimseee0sch9r4mg5jl6da79hm7s.jpg\" title=\"ROG CETRA II CORE ML-des-4\" alt=\"ROG CETRA II CORE ML-des-4\" \/>\t\t\t\t\t<\/div>\n\n\t\t\t\t<\/div>\n\t\t\t\t<\/div>\n\t\t\t\t\t<\/div>\n\t\t<\/div>\n\t\t\t\t<div class=\"elementor-column elementor-col-33 elementor-top-column elementor-element elementor-element-cb92818\" data-id=\"cb92818\" data-element_type=\"column\">\n\t\t\t<div class=\"elementor-widget-wrap elementor-element-populated\">\n\t\t\t\t\t\t\t\t<div class=\"elementor-element elementor-element-a28aaef elementor-widget elementor-widget-wd_text_block\" data-id=\"a28aaef\" data-element_type=\"widget\" data-widget_type=\"wd_text_block.default\">\n\t\t\t\t<div class=\"elementor-widget-container\">\n\t\t\t\t\t<div class=\"wd-text-block reset-last-child text-left\">\n\t\t\t\n\t\t\t<div class=\"inner\"><div class=\"text\" data-sr-id=\"4\"><h4 class=\"cetra-title\">El \u00e1ngulo ideal para juegos m\u00f3viles<\/h4><p class=\"cetra-p\">Los ROG Cetra II Core tienen un conector de 90\u00b0 que evita que el cable de los auriculares te moleste mientras juegas.<\/p><\/div><\/div>\n\t\t\t\t\t<\/div>\n\t\t\t\t<\/div>\n\t\t\t\t<\/div>\n\t\t\t\t<div class=\"elementor-element elementor-element-9784b9e elementor-widget elementor-widget-wd_image_or_svg\" data-id=\"9784b9e\" data-element_type=\"widget\" data-widget_type=\"wd_image_or_svg.default\">\n\t\t\t\t<div class=\"elementor-widget-container\">\n\t\t\t\n\t\t<div class=\"wd-image text-center\">\n\t\t\t\t\t\t\t\t<img decoding=\"async\" src=\"https:\/\/tzila.mx\/dev\/wp-content\/uploads\/elementor\/thumbs\/ROG-CETRA-II-CORE-ML-des-1-pqa1wt1nxyu9whqlqfom6nifnk4qzz9gutcrr1b5j8.jpg\" title=\"ROG CETRA II CORE ML-des-1\" alt=\"ROG CETRA II CORE ML-des-1\" \/>\t\t\t\t\t<\/div>\n\n\t\t\t\t<\/div>\n\t\t\t\t<\/div>\n\t\t\t\t<div class=\"elementor-element elementor-element-d87c23e elementor-widget elementor-widget-wd_text_block\" data-id=\"d87c23e\" data-element_type=\"widget\" data-widget_type=\"wd_text_block.default\">\n\t\t\t\t<div class=\"elementor-widget-container\">\n\t\t\t\t\t<div class=\"wd-text-block reset-last-child text-left\">\n\t\t\t\n\t\t\t<div class=\"text\"><h4 class=\"cetra-title\">Un ajuste perfecto<\/h4><p>Las aletas y las almohadillas de goma de silicona l\u00edquida ofrecen una textura ultrasuave durante las sesiones de juego m\u00e1s largas. La parte delantera est\u00e1 ligeramente inclinada para adaptarse mejor a tus o\u00eddos y la peque\u00f1a protuberancia de la base hace que se asienten de una forma m\u00e1s segura. Adem\u00e1s, este dise\u00f1o mejora el aislamiento del ruido y proporciona la m\u00e1xima comodidad mientras juegas.<\/p><\/div>\n\t\t\t\t\t<\/div>\n\t\t\t\t<\/div>\n\t\t\t\t<\/div>\n\t\t\t\t<div class=\"elementor-element elementor-element-be330e6 elementor-widget elementor-widget-wd_text_block\" data-id=\"be330e6\" data-element_type=\"widget\" data-widget_type=\"wd_text_block.default\">\n\t\t\t\t<div class=\"elementor-widget-container\">\n\t\t\t\t\t<div class=\"wd-text-block reset-last-child text-left\">\n\t\t\t\n\t\t\t<div class=\"text\"><h4 class=\"cetra-title\">Carcasa de aluminio ligero y duradero<\/h4><p>Fabricados de ligero y elegante aluminio, los ROG Cetra II Core tienen un aspecto llamativo y elegante que adem\u00e1s resiste los ara\u00f1azos.<\/p><\/div>\n\t\t\t\t\t<\/div>\n\t\t\t\t<\/div>\n\t\t\t\t<\/div>\n\t\t\t\t\t<\/div>\n\t\t<\/div>\n\t\t\t\t<div class=\"elementor-column elementor-col-33 elementor-top-column elementor-element elementor-element-5d1ce0b\" data-id=\"5d1ce0b\" data-element_type=\"column\">\n\t\t\t<div class=\"elementor-widget-wrap elementor-element-populated\">\n\t\t\t\t\t\t\t\t<div class=\"elementor-element elementor-element-375f79a elementor-widget elementor-widget-wd_text_block\" data-id=\"375f79a\" data-element_type=\"widget\" data-widget_type=\"wd_text_block.default\">\n\t\t\t\t<div class=\"elementor-widget-container\">\n\t\t\t\t\t<div class=\"wd-text-block reset-last-child text-left\">\n\t\t\t\n\t\t\t<h4 class=\"cetra-title\">Control instant\u00e1neo<\/h4><p class=\"cetra-title\">Con un refinado acabado met\u00e1lico, los controles en l\u00ednea incluyen botones de reproducci\u00f3n, pausa y volumen.<\/p><p class=\"cetra-p\"><span class=\"number\">1. <\/span>Subir el volumen<br \/><span class=\"number\">2. <\/span>Reproducci\u00f3n \/ Pausa<br \/><span class=\"number\">3. <\/span>Bajar volumen<\/p>\n\t\t\t\t\t<\/div>\n\t\t\t\t<\/div>\n\t\t\t\t<\/div>\n\t\t\t\t<div class=\"elementor-element elementor-element-221f715 elementor-widget elementor-widget-wd_text_block\" data-id=\"221f715\" data-element_type=\"widget\" data-widget_type=\"wd_text_block.default\">\n\t\t\t\t<div class=\"elementor-widget-container\">\n\t\t\t\t\t<div class=\"wd-text-block reset-last-child text-left\">\n\t\t\t\n\t\t\t<h4 class=\"cetra-title\">Compatibilidad multiplataforma<\/h4><p class=\"cetra-p\">Provistos de un conector anal\u00f3gico de 3,5 mm, los ROG Cetra II Core son compatibles con ROG Phone 5, Nintendo Switch\u2122, PlayStation\u00ae 5, Xbox One\u2122, Xbox Series X\/S, tel\u00e9fonos m\u00f3viles, PC y Mac.<\/p>\n\t\t\t\t\t<\/div>\n\t\t\t\t<\/div>\n\t\t\t\t<\/div>\n\t\t\t\t<div class=\"elementor-element elementor-element-bd5abe7 elementor-widget elementor-widget-wd_image_or_svg\" data-id=\"bd5abe7\" data-element_type=\"widget\" data-widget_type=\"wd_image_or_svg.default\">\n\t\t\t\t<div class=\"elementor-widget-container\">\n\t\t\t\n\t\t<div class=\"wd-image text-center\">\n\t\t\t\t\t\t\t\t<img decoding=\"async\" src=\"https:\/\/tzila.mx\/dev\/wp-content\/uploads\/elementor\/thumbs\/ROG-CETRA-II-CORE-ML-des-4-pqa1xjd59buaxkodgr264gvcacj0zi5yafmd6s84p0.jpg\" title=\"ROG CETRA II CORE ML-des-4\" alt=\"ROG CETRA II CORE ML-des-4\" \/>\t\t\t\t\t<\/div>\n\n\t\t\t\t<\/div>\n\t\t\t\t<\/div>\n\t\t\t\t<div class=\"elementor-element elementor-element-3fd4342 elementor-widget elementor-widget-wd_text_block\" data-id=\"3fd4342\" data-element_type=\"widget\" data-widget_type=\"wd_text_block.default\">\n\t\t\t\t<div class=\"elementor-widget-container\">\n\t\t\t\t\t<div class=\"wd-text-block reset-last-child text-left\">\n\t\t\t\n\t\t\t<div class=\"text\" data-sr-id=\"8\"><h4 class=\"cetra-title\">Funda de viaje incluida<\/h4><p class=\"cetra-p\">Los auriculares ROG Cetra II Core vienen con una compacta funda. Tambi\u00e9n incluyen tres tama\u00f1os de almohadillas y aletas LSR para que disfrutes de un ajuste c\u00f3modo y seguro.<\/p><\/div>\n\t\t\t\t\t<\/div>\n\t\t\t\t<\/div>\n\t\t\t\t<\/div>\n\t\t\t\t<div class=\"elementor-element elementor-element-8cb05d3 elementor-widget elementor-widget-wd_button\" data-id=\"8cb05d3\" data-element_type=\"widget\" data-widget_type=\"wd_button.default\">\n\t\t\t\t<div class=\"elementor-widget-container\">\n\t\t\t\t\t<div class=\"wd-button-wrapper text-center\" >\n\t\t\t<a class=\"btn btn-style-link btn-shape- btn-size-large btn-scheme-light btn-scheme-hover-dark btn-icon-pos-right\"  href=\"https:\/\/rog.asus.com\/mx\/headsets-audio\/in-ear-headphone\/rog-cetra-ii-core-model\/\" target=\"_blank\">\n\t\t\t\t<span class=\"wd-btn-text\" data-elementor-setting-key=\"text\">\n\t\t\t\t\tSaber m\u00e1s\t\t\t\t<\/span>\n\n\t\t\t\t\t\t\t<\/a>\n\t\t<\/div>\n\t\t\t\t<\/div>\n\t\t\t\t<\/div>\n\t\t\t\t\t<\/div>\n\t\t<\/div>\n\t\t\t\t\t\t\t<\/div>\n\t\t<\/section>\n\t\t\t\t\t\t<\/div>\n\t\t\t\t\t<\/div>\n\t\t","protected":false},"excerpt":{"rendered":"<h4>Caracter\u00edsticas principales:<\/h4>\n<p class=\"p1\"><span class=\"s1\">\u25cf <span class=\"s2\">Al\u00e1mbricos\u00a0 con c<\/span><\/span>onector de 3.5 mm<br \/>\n<span class=\"s1\">\u25cf C<\/span>ontroladores de goma de silicona l\u00edquida (LSR)<br \/>\n<span class=\"s1\">\u25cf<\/span><span class=\"s2\"> Dise\u00f1o ergon\u00f3mico con orejeras y puntas ultrasuaves<\/span><br \/>\n<span class=\"s1\">\u25cf<\/span> Conector de cable de 90\u00b0<\/p>\n","protected":false},"featured_media":15653,"comment_status":"open","ping_status":"closed","template":"","meta":[],"product_cat":[237,29,100],"product_tag":[114],"class_list":["post-15652","product","type-product","status-publish","has-post-thumbnail","hentry","product_cat-audifonos","product_cat-streaming","product_cat-asus","product_tag-rog-gaming","pa_brand-asus"],"_links":{"self":[{"href":"https:\/\/tzila.mx\/dev\/wp-json\/wp\/v2\/product\/15652","targetHints":{"allow":["GET"]}}],"collection":[{"href":"https:\/\/tzila.mx\/dev\/wp-json\/wp\/v2\/product"}],"about":[{"href":"https:\/\/tzila.mx\/dev\/wp-json\/wp\/v2\/types\/product"}],"replies":[{"embeddable":true,"href":"https:\/\/tzila.mx\/dev\/wp-json\/wp\/v2\/comments?post=15652"}],"version-history":[{"count":11,"href":"https:\/\/tzila.mx\/dev\/wp-json\/wp\/v2\/product\/15652\/revisions"}],"predecessor-version":[{"id":15672,"href":"https:\/\/tzila.mx\/dev\/wp-json\/wp\/v2\/product\/15652\/revisions\/15672"}],"wp:featuredmedia":[{"embeddable":true,"href":"https:\/\/tzila.mx\/dev\/wp-json\/wp\/v2\/media\/15653"}],"wp:attachment":[{"href":"https:\/\/tzila.mx\/dev\/wp-json\/wp\/v2\/media?parent=15652"}],"wp:term":[{"taxonomy":"product_cat","embeddable":true,"href":"https:\/\/tzila.mx\/dev\/wp-json\/wp\/v2\/product_cat?post=15652"},{"taxonomy":"product_tag","embeddable":true,"href":"https:\/\/tzila.mx\/dev\/wp-json\/wp\/v2\/product_tag?post=15652"}],"curies":[{"name":"wp","href":"https:\/\/api.w.org\/{rel}","templated":true}]}}