{"id":15634,"date":"2022-06-13T18:52:05","date_gmt":"2022-06-13T23:52:05","guid":{"rendered":"https:\/\/tzila.mx\/dev\/?post_type=product&#038;p=15634"},"modified":"2022-06-29T11:36:16","modified_gmt":"2022-06-29T16:36:16","slug":"router-gamer-asus-tuf-gaming-ax5400","status":"publish","type":"product","link":"https:\/\/tzila.mx\/dev\/producto\/router-gamer-asus-tuf-gaming-ax5400\/","title":{"rendered":"Router Gamer ASUS TUF Gaming AX5400"},"content":{"rendered":"\t\t<div data-elementor-type=\"wp-post\" data-elementor-id=\"15634\" class=\"elementor elementor-15634\" data-elementor-settings=\"[]\">\n\t\t\t\t\t\t\t<div class=\"elementor-section-wrap\">\n\t\t\t\t\t\t\t<section class=\"elementor-section elementor-top-section elementor-element elementor-element-a77d38a elementor-section-boxed elementor-section-height-default elementor-section-height-default wd-section-disabled\" data-id=\"a77d38a\" data-element_type=\"section\">\n\t\t\t\t\t\t<div class=\"elementor-container elementor-column-gap-default\">\n\t\t\t\t\t<div class=\"elementor-column elementor-col-33 elementor-top-column elementor-element elementor-element-606b0e0\" data-id=\"606b0e0\" data-element_type=\"column\">\n\t\t\t<div class=\"elementor-widget-wrap elementor-element-populated\">\n\t\t\t\t\t\t\t\t<div class=\"elementor-element elementor-element-2efa55d elementor-widget elementor-widget-wd_text_block\" data-id=\"2efa55d\" data-element_type=\"widget\" data-widget_type=\"wd_text_block.default\">\n\t\t\t\t<div class=\"elementor-widget-container\">\n\t\t\t\t\t<div class=\"wd-text-block reset-last-child text-left\">\n\t\t\t\n\t\t\t<h5><strong>M\u00c1S ESPECIFICACIONES<\/strong><strong>:<\/strong><\/h5>\n\t\t\t\t\t<\/div>\n\t\t\t\t<\/div>\n\t\t\t\t<\/div>\n\t\t\t\t<div class=\"elementor-element elementor-element-00b20a9 elementor-widget elementor-widget-wd_text_block\" data-id=\"00b20a9\" data-element_type=\"widget\" data-widget_type=\"wd_text_block.default\">\n\t\t\t\t<div class=\"elementor-widget-container\">\n\t\t\t\t\t<div class=\"wd-text-block reset-last-child text-left\">\n\t\t\t\n\t\t\t<p>\u25cf WiFi 6 Ultrarr\u00e1pido: Disfruta de velocidades de hasta 5400Mbps y una eficiencia de red 4X con OFDMA y canales de 160MHz<br \/>\u25cf Juegos r\u00e1pidos con cable: Puerto de juegos dedicado para priorizar el dispositivo de juego conectado.<br \/>\u25cf Reenv\u00edo de puertos sencillo en 3 pasos: Open NAT simplifica el reenv\u00edo de puertos, lo que elimina la complicada y frustrante configuraci\u00f3n manual.<br \/>\u25cf Asistencia de ASUS AiMesh<br \/><strong>\u25cf <\/strong>Durabilidad probada y funcionamiento estable.<\/p>\n\t\t\t\t\t<\/div>\n\t\t\t\t<\/div>\n\t\t\t\t<\/div>\n\t\t\t\t\t<\/div>\n\t\t<\/div>\n\t\t\t\t<div class=\"elementor-column elementor-col-66 elementor-top-column elementor-element elementor-element-b692253\" data-id=\"b692253\" data-element_type=\"column\">\n\t\t\t<div class=\"elementor-widget-wrap elementor-element-populated\">\n\t\t\t\t\t\t\t\t<div class=\"elementor-element elementor-element-0fefcf7 elementor-widget elementor-widget-wd_image_or_svg\" data-id=\"0fefcf7\" data-element_type=\"widget\" data-widget_type=\"wd_image_or_svg.default\">\n\t\t\t\t<div class=\"elementor-widget-container\">\n\t\t\t\n\t\t<div class=\"wd-image text-center\">\n\t\t\t\t\t\t\t\t<img decoding=\"async\" src=\"https:\/\/tzila.mx\/dev\/wp-content\/uploads\/elementor\/thumbs\/TUF-AX5400-des-3-pq9zpemj2hpbpfdnpbtshoreoq8i73ie56esly7cmw.png\" title=\"TUF-AX5400-des-3\" alt=\"TUF-AX5400-des-3\" \/>\t\t\t\t\t<\/div>\n\n\t\t\t\t<\/div>\n\t\t\t\t<\/div>\n\t\t\t\t\t<\/div>\n\t\t<\/div>\n\t\t\t\t\t\t\t<\/div>\n\t\t<\/section>\n\t\t\t\t<section class=\"elementor-section elementor-top-section elementor-element elementor-element-ec9e38a elementor-section-boxed elementor-section-height-default elementor-section-height-default wd-section-disabled\" data-id=\"ec9e38a\" data-element_type=\"section\">\n\t\t\t\t\t\t<div class=\"elementor-container elementor-column-gap-default\">\n\t\t\t\t\t<div class=\"elementor-column elementor-col-33 elementor-top-column elementor-element elementor-element-c833c6a\" data-id=\"c833c6a\" data-element_type=\"column\">\n\t\t\t<div class=\"elementor-widget-wrap elementor-element-populated\">\n\t\t\t\t\t\t\t\t<div class=\"elementor-element elementor-element-6ae12e9 elementor-widget elementor-widget-wd_text_block\" data-id=\"6ae12e9\" data-element_type=\"widget\" data-widget_type=\"wd_text_block.default\">\n\t\t\t\t<div class=\"elementor-widget-container\">\n\t\t\t\t\t<div class=\"wd-text-block reset-last-child text-left\">\n\t\t\t\n\t\t\t<h4>TUF Gaming AX5400<\/h4><p>TUF Gaming AX5400 est\u00e1 dise\u00f1ado para ofrecer conexiones inal\u00e1mbricas y por cable estables y r\u00e1pidas en entornos en lso que se conectan una gran cantidad de dispositivos. Con este router todos los port\u00e1tiles, smartphones, videoconsolas y los dispositivos IoT de tu hogar se benefician de una conexi\u00f3n superior.<\/p>\n\t\t\t\t\t<\/div>\n\t\t\t\t<\/div>\n\t\t\t\t<\/div>\n\t\t\t\t<div class=\"elementor-element elementor-element-4f49f18 elementor-widget elementor-widget-wd_text_block\" data-id=\"4f49f18\" data-element_type=\"widget\" data-widget_type=\"wd_text_block.default\">\n\t\t\t\t<div class=\"elementor-widget-container\">\n\t\t\t\t\t<div class=\"wd-text-block reset-last-child text-left\">\n\t\t\t\n\t\t\t<h4>4 veces m\u00e1s capacidad<\/h4><p>El doble de r\u00e1pido.<br \/>Con las tecnolog\u00edas OFDMA, coloraci\u00f3n BSS y MU-MIMO, Wi-Fi 6 proporciona conexiones inal\u00e1mbricas m\u00e1s r\u00e1pidas y aumenta la eficiencia de la red para que todos los dispositivos obtengan el ancho de banda Wi-Fi que necesitan. Es perfecto para redes con mucho tr\u00e1fico y con muchos ordenadores port\u00e1tiles, smartphones y dispositivos dom\u00e9sticos inteligentes.<\/p>\n\t\t\t\t\t<\/div>\n\t\t\t\t<\/div>\n\t\t\t\t<\/div>\n\t\t\t\t<div class=\"elementor-element elementor-element-8604524 elementor-widget elementor-widget-wd_image_or_svg\" data-id=\"8604524\" data-element_type=\"widget\" data-widget_type=\"wd_image_or_svg.default\">\n\t\t\t\t<div class=\"elementor-widget-container\">\n\t\t\t\n\t\t<div class=\"wd-image text-center\">\n\t\t\t\t\t\t\t\t<img decoding=\"async\" src=\"https:\/\/tzila.mx\/dev\/wp-content\/uploads\/elementor\/thumbs\/TUF-AX5400-des-1-pq9zolhgqx1zmzl8fu75y00f5pxdfot8faqzhyrjjg.png\" title=\"TUF-AX5400-des-1\" alt=\"TUF-AX5400-des-1\" \/>\t\t\t\t\t<\/div>\n\n\t\t\t\t<\/div>\n\t\t\t\t<\/div>\n\t\t\t\t<div class=\"elementor-element elementor-element-e9bf201 elementor-widget elementor-widget-wd_text_block\" data-id=\"e9bf201\" data-element_type=\"widget\" data-widget_type=\"wd_text_block.default\">\n\t\t\t\t<div class=\"elementor-widget-container\">\n\t\t\t\t\t<div class=\"wd-text-block reset-last-child text-left\">\n\t\t\t\n\t\t\t<h4>Velocidades multigigabit por cable<\/h4><p>Para disfrutar del verdadero rendimiento multigigabit, necesitas conexiones WAN y LAN que soporten estas velocidades. TUF Gaming AX5400 cuenta con agregaci\u00f3n WAN y LAN, para que puedas conectar todos tus dispositivos a velocidades de 2 Gbps.<\/p>\n\t\t\t\t\t<\/div>\n\t\t\t\t<\/div>\n\t\t\t\t<\/div>\n\t\t\t\t\t<\/div>\n\t\t<\/div>\n\t\t\t\t<div class=\"elementor-column elementor-col-33 elementor-top-column elementor-element elementor-element-e7b3bda\" data-id=\"e7b3bda\" data-element_type=\"column\">\n\t\t\t<div class=\"elementor-widget-wrap elementor-element-populated\">\n\t\t\t\t\t\t\t\t<div class=\"elementor-element elementor-element-252ec94 elementor-widget elementor-widget-wd_text_block\" data-id=\"252ec94\" data-element_type=\"widget\" data-widget_type=\"wd_text_block.default\">\n\t\t\t\t<div class=\"elementor-widget-container\">\n\t\t\t\t\t<div class=\"wd-text-block reset-last-child text-left\">\n\t\t\t\n\t\t\t<h4>Wi-Fi que llega m\u00e1s lejos<\/h4><p>Hemos dise\u00f1ado el TUF Gaming AX5400 para ofrecerte la mayor cobertura Wi-Fi posible. OFDMA es una nueva tecnolog\u00eda de Wi-Fi 6 que permite que las se\u00f1ales viajen m\u00e1s lejos que en Wi-Fi 5. Con una configuraci\u00f3n MIMO 4x4, unas antenas independientes de 2,4 GHz y 5 GHz que ayudan a reducir las interferencias y mejoras como la formaci\u00f3n de haces, que enfoca la se\u00f1al hacia cada dispositivo, el TUF Gaming AX5400 cubre todos los rincones.<\/p>\n\t\t\t\t\t<\/div>\n\t\t\t\t<\/div>\n\t\t\t\t<\/div>\n\t\t\t\t<div class=\"elementor-element elementor-element-d0a2373 elementor-widget elementor-widget-wd_text_block\" data-id=\"d0a2373\" data-element_type=\"widget\" data-widget_type=\"wd_text_block.default\">\n\t\t\t\t<div class=\"elementor-widget-container\">\n\t\t\t\t\t<div class=\"wd-text-block reset-last-child text-left\">\n\t\t\t\n\t\t\t<h4>Red inal\u00e1mbrica de malla flexible y escalable<\/h4><p>Si necesitas m\u00e1s cobertura o nuevas funciones, solo tienes que a\u00f1adir a tu red otro router compatible AiMesh en cualquier momento.<\/p>\n\t\t\t\t\t<\/div>\n\t\t\t\t<\/div>\n\t\t\t\t<\/div>\n\t\t\t\t<div class=\"elementor-element elementor-element-696e1a7 elementor-widget elementor-widget-wd_image_or_svg\" data-id=\"696e1a7\" data-element_type=\"widget\" data-widget_type=\"wd_image_or_svg.default\">\n\t\t\t\t<div class=\"elementor-widget-container\">\n\t\t\t\n\t\t<div class=\"wd-image text-center\">\n\t\t\t\t\t\t\t\t<img decoding=\"async\" src=\"https:\/\/tzila.mx\/dev\/wp-content\/uploads\/elementor\/thumbs\/TUF-AX5400-des-4-pq9zpoyopyjgq0nlp8l1bm7rq22l536rz8njmmm18k.png\" title=\"TUF-AX5400-des-4\" alt=\"TUF-AX5400-des-4\" \/>\t\t\t\t\t<\/div>\n\n\t\t\t\t<\/div>\n\t\t\t\t<\/div>\n\t\t\t\t<div class=\"elementor-element elementor-element-e14bcca elementor-widget elementor-widget-wd_text_block\" data-id=\"e14bcca\" data-element_type=\"widget\" data-widget_type=\"wd_text_block.default\">\n\t\t\t\t<div class=\"elementor-widget-container\">\n\t\t\t\t\t<div class=\"wd-text-block reset-last-child text-left\">\n\t\t\t\n\t\t\t<h4>Estable y duradero<\/h4><p>El TUF Gaming AX5400 est\u00e1 dise\u00f1ado para ofrecer el m\u00e1ximo rendimiento Wi-Fi. La ubicaci\u00f3n de las rejillas de ventilaci\u00f3n y el dise\u00f1o del disipador doble mejoran la refrigeraci\u00f3n y la estabilidad, mientras que las antenas fijas y los protectores met\u00e1licos de los puertos potencian su resistencia estructural.<\/p>\n\t\t\t\t\t<\/div>\n\t\t\t\t<\/div>\n\t\t\t\t<\/div>\n\t\t\t\t<div class=\"elementor-element elementor-element-9eef1f3 elementor-widget elementor-widget-wd_text_block\" data-id=\"9eef1f3\" data-element_type=\"widget\" data-widget_type=\"wd_text_block.default\">\n\t\t\t\t<div class=\"elementor-widget-container\">\n\t\t\t\t\t<div class=\"wd-text-block reset-last-child text-left\">\n\t\t\t\n\t\t\t<h4>Un router.<br \/>Tres modos.<br \/>Cualquier tipo de juego.<\/h4><p>El TUF Gaming AX5400 incorpora caracter\u00edsticas para diferentes tipos de juegos.<\/p>\n\t\t\t\t\t<\/div>\n\t\t\t\t<\/div>\n\t\t\t\t<\/div>\n\t\t\t\t\t<\/div>\n\t\t<\/div>\n\t\t\t\t<div class=\"elementor-column elementor-col-33 elementor-top-column elementor-element elementor-element-ba9b9c1\" data-id=\"ba9b9c1\" data-element_type=\"column\">\n\t\t\t<div class=\"elementor-widget-wrap elementor-element-populated\">\n\t\t\t\t\t\t\t\t<div class=\"elementor-element elementor-element-7c7b92a elementor-widget elementor-widget-wd_text_block\" data-id=\"7c7b92a\" data-element_type=\"widget\" data-widget_type=\"wd_text_block.default\">\n\t\t\t\t<div class=\"elementor-widget-container\">\n\t\t\t\t\t<div class=\"wd-text-block reset-last-child text-left\">\n\t\t\t\n\t\t\t<h4>Gaming y VPN simult\u00e1neos<\/h4><p>VPN Fusion te permite ejecutar una VPN y una conexi\u00f3n a Internet ordinaria simult\u00e1neamente. De esta forma, aunque otros usuarios necesiten utilizar una VPN, podr\u00e1s seguir jugando en las mejores condiciones posibles.<\/p>\n\t\t\t\t\t<\/div>\n\t\t\t\t<\/div>\n\t\t\t\t<\/div>\n\t\t\t\t<div class=\"elementor-element elementor-element-7a297c2 elementor-widget elementor-widget-wd_image_or_svg\" data-id=\"7a297c2\" data-element_type=\"widget\" data-widget_type=\"wd_image_or_svg.default\">\n\t\t\t\t<div class=\"elementor-widget-container\">\n\t\t\t\n\t\t<div class=\"wd-image text-center\">\n\t\t\t\t\t\t\t\t<img decoding=\"async\" src=\"https:\/\/tzila.mx\/dev\/wp-content\/uploads\/elementor\/thumbs\/TUF-AX5400-des-2-pq9zovtou3fkq3txfdzlobkhb427igz3j8fhr1t8lg.png\" title=\"TUF-AX5400-des-2\" alt=\"TUF-AX5400-des-2\" \/>\t\t\t\t\t<\/div>\n\n\t\t\t\t<\/div>\n\t\t\t\t<\/div>\n\t\t\t\t<div class=\"elementor-element elementor-element-d19453f elementor-widget elementor-widget-wd_text_block\" data-id=\"d19453f\" data-element_type=\"widget\" data-widget_type=\"wd_text_block.default\">\n\t\t\t\t<div class=\"elementor-widget-container\">\n\t\t\t\t\t<div class=\"wd-text-block reset-last-child text-left\">\n\t\t\t\n\t\t\t<h4>Seguridad profesional para tu hogar<\/h4><p>La seguridad de la red dom\u00e9stica es crucial cuando conectas varios dispositivos, y m\u00e1s a\u00fan si hay dispositivos sin capacidad antivirus como los IoT. El TUF Gaming AX5400 incluye AiProtection Pro gratuito de por vida, que incluye el \u00faltimo protocolo de seguridad WPA3 y controles parentales avanzados. Con el TUF Gaming AX5400 todos los dispositivos se mantienen protegidos y puedes vigilar todo lo que ocurre en tu red a trav\u00e9s de la pr\u00e1ctica aplicaci\u00f3n m\u00f3vil.<\/p>\n\t\t\t\t\t<\/div>\n\t\t\t\t<\/div>\n\t\t\t\t<\/div>\n\t\t\t\t<div class=\"elementor-element elementor-element-4c1e471 elementor-widget elementor-widget-wd_text_block\" data-id=\"4c1e471\" data-element_type=\"widget\" data-widget_type=\"wd_text_block.default\">\n\t\t\t\t<div class=\"elementor-widget-container\">\n\t\t\t\t\t<div class=\"wd-text-block reset-last-child text-left\">\n\t\t\t\n\t\t\t<h4>M\u00e1s privacidad, en cualquier lugar<\/h4><p>Gracias a su tecnolog\u00eda VPN encriptada, Instant Guard te permite acceder a Internet v\u00eda TUF Gaming AX5400 de forma segura desde cualquier lugar del mundo. Con el TUF Gaming AX5400 puedes llevarte tu red dom\u00e9stica a cualquier parte y dejar de utilizar las VPN de terceros basadas en la web.<\/p>\n\t\t\t\t\t<\/div>\n\t\t\t\t<\/div>\n\t\t\t\t<\/div>\n\t\t\t\t<div class=\"elementor-element elementor-element-078b475 elementor-widget elementor-widget-wd_button\" data-id=\"078b475\" data-element_type=\"widget\" data-widget_type=\"wd_button.default\">\n\t\t\t\t<div class=\"elementor-widget-container\">\n\t\t\t\t\t<div class=\"wd-button-wrapper text-center\" >\n\t\t\t<a class=\"btn btn-style-link btn-shape- btn-size-large btn-scheme-light btn-scheme-hover-dark btn-icon-pos-right\"  href=\"https:\/\/www.asus.com\/mx\/Networking-IoT-Servers\/WiFi-Routers\/ASUS-Gaming-Routers\/TUF-Gaming-AX5400\/\" target=\"_blank\">\n\t\t\t\t<span class=\"wd-btn-text\" data-elementor-setting-key=\"text\">\n\t\t\t\t\tSaber m\u00e1s\t\t\t\t<\/span>\n\n\t\t\t\t\t\t\t<\/a>\n\t\t<\/div>\n\t\t\t\t<\/div>\n\t\t\t\t<\/div>\n\t\t\t\t\t<\/div>\n\t\t<\/div>\n\t\t\t\t\t\t\t<\/div>\n\t\t<\/section>\n\t\t\t\t\t\t<\/div>\n\t\t\t\t\t<\/div>\n\t\t","protected":false},"excerpt":{"rendered":"<h4>Caracter\u00edsticas principales:<\/h4>\n<p class=\"p1\"><span class=\"s1\">\u25cf<\/span><span class=\"s2\"> Doble banda 2,4 GHz, 5 GHz<\/span><br \/>\n<span class=\"s1\">\u25cf<\/span><span class=\"s2\"> Puerto para juegos dedicado<\/span><br \/>\n<span class=\"s1\">\u25cf<\/span><span class=\"s2\"> Reenv\u00edo de puertos en 3 pasos<\/span><br \/>\n<span class=\"s1\">\u25cf<\/span><span class=\"s2\"> AiMesh para WiFi en malla<\/span><br \/>\n<span class=\"s1\">\u25cf Seguridad de red AiProtection Pro<\/span><br \/>\n<span class=\"s1\">\u25cf Seis antenas externas<\/span><\/p>\n","protected":false},"featured_media":15636,"comment_status":"open","ping_status":"closed","template":"","meta":[],"product_cat":[15,90,100],"product_tag":[218],"class_list":["post-15634","product","type-product","status-publish","has-post-thumbnail","hentry","product_cat-accesorios","product_cat-router","product_cat-asus","product_tag-tuf-gaming","pa_brand-asus"],"_links":{"self":[{"href":"https:\/\/tzila.mx\/dev\/wp-json\/wp\/v2\/product\/15634","targetHints":{"allow":["GET"]}}],"collection":[{"href":"https:\/\/tzila.mx\/dev\/wp-json\/wp\/v2\/product"}],"about":[{"href":"https:\/\/tzila.mx\/dev\/wp-json\/wp\/v2\/types\/product"}],"replies":[{"embeddable":true,"href":"https:\/\/tzila.mx\/dev\/wp-json\/wp\/v2\/comments?post=15634"}],"version-history":[{"count":7,"href":"https:\/\/tzila.mx\/dev\/wp-json\/wp\/v2\/product\/15634\/revisions"}],"predecessor-version":[{"id":15651,"href":"https:\/\/tzila.mx\/dev\/wp-json\/wp\/v2\/product\/15634\/revisions\/15651"}],"wp:featuredmedia":[{"embeddable":true,"href":"https:\/\/tzila.mx\/dev\/wp-json\/wp\/v2\/media\/15636"}],"wp:attachment":[{"href":"https:\/\/tzila.mx\/dev\/wp-json\/wp\/v2\/media?parent=15634"}],"wp:term":[{"taxonomy":"product_cat","embeddable":true,"href":"https:\/\/tzila.mx\/dev\/wp-json\/wp\/v2\/product_cat?post=15634"},{"taxonomy":"product_tag","embeddable":true,"href":"https:\/\/tzila.mx\/dev\/wp-json\/wp\/v2\/product_tag?post=15634"}],"curies":[{"name":"wp","href":"https:\/\/api.w.org\/{rel}","templated":true}]}}