{"id":15600,"date":"2022-06-13T16:36:05","date_gmt":"2022-06-13T21:36:05","guid":{"rendered":"https:\/\/tzila.mx\/dev\/?post_type=product&#038;p=15600"},"modified":"2022-06-29T11:36:19","modified_gmt":"2022-06-29T16:36:19","slug":"tarjeta-madre-asus-z590-wifi-gundam-edition","status":"publish","type":"product","link":"https:\/\/tzila.mx\/dev\/producto\/tarjeta-madre-asus-z590-wifi-gundam-edition\/","title":{"rendered":"Tarjeta Madre ASUS Z590 WIFI GUNDAM EDITION"},"content":{"rendered":"\t\t<div data-elementor-type=\"wp-post\" data-elementor-id=\"15600\" class=\"elementor elementor-15600\" data-elementor-settings=\"[]\">\n\t\t\t\t\t\t\t<div class=\"elementor-section-wrap\">\n\t\t\t\t\t\t\t<section class=\"elementor-section elementor-top-section elementor-element elementor-element-a77d38a elementor-section-boxed elementor-section-height-default elementor-section-height-default wd-section-disabled\" data-id=\"a77d38a\" data-element_type=\"section\">\n\t\t\t\t\t\t<div class=\"elementor-container elementor-column-gap-default\">\n\t\t\t\t\t<div class=\"elementor-column elementor-col-33 elementor-top-column elementor-element elementor-element-606b0e0\" data-id=\"606b0e0\" data-element_type=\"column\">\n\t\t\t<div class=\"elementor-widget-wrap elementor-element-populated\">\n\t\t\t\t\t\t\t\t<div class=\"elementor-element elementor-element-2efa55d elementor-widget elementor-widget-wd_text_block\" data-id=\"2efa55d\" data-element_type=\"widget\" data-widget_type=\"wd_text_block.default\">\n\t\t\t\t<div class=\"elementor-widget-container\">\n\t\t\t\t\t<div class=\"wd-text-block reset-last-child text-left\">\n\t\t\t\n\t\t\t<h5><strong>M\u00c1S ESPECIFICACIONES<\/strong><strong>:<\/strong><\/h5>\n\t\t\t\t\t<\/div>\n\t\t\t\t<\/div>\n\t\t\t\t<\/div>\n\t\t\t\t<div class=\"elementor-element elementor-element-00b20a9 elementor-widget elementor-widget-wd_text_block\" data-id=\"00b20a9\" data-element_type=\"widget\" data-widget_type=\"wd_text_block.default\">\n\t\t\t\t<div class=\"elementor-widget-container\">\n\t\t\t\t\t<div class=\"wd-text-block reset-last-child text-left\">\n\t\t\t\n\t\t\t<p><strong>\u25cf<\/strong>Socket Intel<sup>\u00ae<\/sup> LGA 1200: Listo para procesadores Intel<sup>\u00ae<\/sup> Core \u2122 de 11<sup>va<\/sup> y 10<sup>ma<\/sup> Gen.<br \/>\u25cf 14 + 2fases de poder DrMOS, PCB de seis capas, enchufes ProCool, componentes de grado militar y Digi + VRM.<br \/>\u25cf Disipador de calor VRM ampliado, disipador de calor sin ventilador PCH, disipador de calor M.2.<br \/>\u25cf Conectividad de pr\u00f3xima generaci\u00f3n: PCIe<sup>\u00ae<\/sup> 4.0, USB 3.2 Gen 2x2 Type-C<sup>\u00ae<\/sup>, en panel frontal para USB 3.2 Gen 1 Type-C<sup>\u00ae<\/sup> y Thunderbolt 4\u2122.<br \/>\u25cf Intel<sup>\u00ae<\/sup> WiFi 6, Intel<sup>\u00ae<\/sup> 2.5 Gb Ethernet, LANGuard y tecnolog\u00eda TurboLAN.<br \/>\u25cf C\u00f3dec Realtek S1200A: Calidad de audio impecable con una relaci\u00f3n se\u00f1al \/ ruido sin precedentes.<br \/>\u25cf Cancelaci\u00f3n de ruido de IA bidireccional<\/p>\n\t\t\t\t\t<\/div>\n\t\t\t\t<\/div>\n\t\t\t\t<\/div>\n\t\t\t\t\t<\/div>\n\t\t<\/div>\n\t\t\t\t<div class=\"elementor-column elementor-col-66 elementor-top-column elementor-element elementor-element-b692253\" data-id=\"b692253\" data-element_type=\"column\">\n\t\t\t<div class=\"elementor-widget-wrap elementor-element-populated\">\n\t\t\t\t\t\t\t\t<div class=\"elementor-element elementor-element-6868aa2 elementor-widget elementor-widget-wd_image_or_svg\" data-id=\"6868aa2\" data-element_type=\"widget\" data-widget_type=\"wd_image_or_svg.default\">\n\t\t\t\t<div class=\"elementor-widget-container\">\n\t\t\t\n\t\t<div class=\"wd-image text-center\">\n\t\t\t\t\t\t\t\t<img loading=\"lazy\" decoding=\"async\" width=\"1473\" height=\"541\" src=\"https:\/\/tzila.mx\/dev\/wp-content\/uploads\/2022\/06\/Z590-WIFI-GUNDAM-EDITION-dec-2.png\" class=\"attachment-full size-full\" alt=\"\" srcset=\"https:\/\/tzila.mx\/dev\/wp-content\/uploads\/2022\/06\/Z590-WIFI-GUNDAM-EDITION-dec-2.png 1473w, https:\/\/tzila.mx\/dev\/wp-content\/uploads\/2022\/06\/Z590-WIFI-GUNDAM-EDITION-dec-2-400x147.png 400w, https:\/\/tzila.mx\/dev\/wp-content\/uploads\/2022\/06\/Z590-WIFI-GUNDAM-EDITION-dec-2-1300x477.png 1300w, https:\/\/tzila.mx\/dev\/wp-content\/uploads\/2022\/06\/Z590-WIFI-GUNDAM-EDITION-dec-2-768x282.png 768w, https:\/\/tzila.mx\/dev\/wp-content\/uploads\/2022\/06\/Z590-WIFI-GUNDAM-EDITION-dec-2-860x316.png 860w, https:\/\/tzila.mx\/dev\/wp-content\/uploads\/2022\/06\/Z590-WIFI-GUNDAM-EDITION-dec-2-1320x485.png 1320w, https:\/\/tzila.mx\/dev\/wp-content\/uploads\/2022\/06\/Z590-WIFI-GUNDAM-EDITION-dec-2-430x158.png 430w, https:\/\/tzila.mx\/dev\/wp-content\/uploads\/2022\/06\/Z590-WIFI-GUNDAM-EDITION-dec-2-700x257.png 700w, https:\/\/tzila.mx\/dev\/wp-content\/uploads\/2022\/06\/Z590-WIFI-GUNDAM-EDITION-dec-2-150x55.png 150w\" sizes=\"auto, (max-width: 1473px) 100vw, 1473px\" \/>\t\t\t\t\t<\/div>\n\n\t\t\t\t<\/div>\n\t\t\t\t<\/div>\n\t\t\t\t\t<\/div>\n\t\t<\/div>\n\t\t\t\t\t\t\t<\/div>\n\t\t<\/section>\n\t\t\t\t<section class=\"elementor-section elementor-top-section elementor-element elementor-element-ec9e38a elementor-section-boxed elementor-section-height-default elementor-section-height-default wd-section-disabled\" data-id=\"ec9e38a\" data-element_type=\"section\">\n\t\t\t\t\t\t<div class=\"elementor-container elementor-column-gap-default\">\n\t\t\t\t\t<div class=\"elementor-column elementor-col-33 elementor-top-column elementor-element elementor-element-c833c6a\" data-id=\"c833c6a\" data-element_type=\"column\">\n\t\t\t<div class=\"elementor-widget-wrap elementor-element-populated\">\n\t\t\t\t\t\t\t\t<div class=\"elementor-element elementor-element-6ae12e9 elementor-widget elementor-widget-wd_text_block\" data-id=\"6ae12e9\" data-element_type=\"widget\" data-widget_type=\"wd_text_block.default\">\n\t\t\t\t<div class=\"elementor-widget-container\">\n\t\t\t\t\t<div class=\"wd-text-block reset-last-child text-left\">\n\t\t\t\n\t\t\t<h4 id=\"top_word\">Durable, estable y fiable.<\/h4><p>Decorada con la heroica skin blanca que lleva el RX-78-2 de la serie de anime Mobile Suit GUNDAM, ASUS Z590 WIFI GUNDAM EDITION es una tarjeta madre de edici\u00f3n especial que impulsa la \u00faltima plataforma Intel<sup>\u00ae<\/sup> a nuevas alturas con caracter\u00edsticas listas para el juego y durabilidad probada. Dise\u00f1ada con la precisi\u00f3n que uno espera de la Fuerza Espacial de la Federaci\u00f3n de la Tierra y empleando componentes de primera calidad, as\u00ed como una soluci\u00f3n de energ\u00eda mejorada y opciones de enfriamiento integrales, esta tarjeta madre ofrece un rendimiento s\u00f3lido como una roca con una estabilidad inquebrantable.<\/p>\n\t\t\t\t\t<\/div>\n\t\t\t\t<\/div>\n\t\t\t\t<\/div>\n\t\t\t\t\t<\/div>\n\t\t<\/div>\n\t\t\t\t<div class=\"elementor-column elementor-col-33 elementor-top-column elementor-element elementor-element-e7b3bda\" data-id=\"e7b3bda\" data-element_type=\"column\">\n\t\t\t<div class=\"elementor-widget-wrap elementor-element-populated\">\n\t\t\t\t\t\t\t\t<div class=\"elementor-element elementor-element-568e0e4 elementor-widget elementor-widget-wd_text_block\" data-id=\"568e0e4\" data-element_type=\"widget\" data-widget_type=\"wd_text_block.default\">\n\t\t\t\t<div class=\"elementor-widget-container\">\n\t\t\t\t\t<div class=\"wd-text-block reset-last-child text-left\">\n\t\t\t\n\t\t\t<div class=\"row-content r-side\" data-v-b7353816=\"\"><div class=\"product-content\"><div class=\"maintitle\"><div class=\"mtitle text-left\"><h4>FR\u00cdA POR DISE\u00d1O<\/h4><p>1. 1.6X Disipador de VRM m\u00e1s grande<br \/>La amplia superficie del disipador de calor de gran masa cubre el VRM y los chokes para mejorar la disipaci\u00f3n del calor. La superficie total del disipador de calor VRM es 1.6 veces mayor que la de la generaci\u00f3n anterior.<br \/>Pads T\u00e9rmicos<br \/>Los pads t\u00e9rmicos de alta calidad ayudan a transferir el calor del inductor y la matriz de fase al disipador de calor.<\/p><\/div><div class=\"info text-left\"><p class=\"info\">2. Tres Puertos M.2 con disipador<br \/>Cada puerto M.2 tiene un disipador de calor dedicado que mantiene las SSD M.2 a una temperatura de funcionamiento \u00f3ptima para garantizar un rendimiento y una fiabilidad constantes.<\/p><\/div><\/div><\/div><\/div>\n\t\t\t\t\t<\/div>\n\t\t\t\t<\/div>\n\t\t\t\t<\/div>\n\t\t\t\t\t<\/div>\n\t\t<\/div>\n\t\t\t\t<div class=\"elementor-column elementor-col-33 elementor-top-column elementor-element elementor-element-ba9b9c1\" data-id=\"ba9b9c1\" data-element_type=\"column\">\n\t\t\t<div class=\"elementor-widget-wrap elementor-element-populated\">\n\t\t\t\t\t\t\t\t<div class=\"elementor-element elementor-element-153bf6f elementor-widget elementor-widget-wd_text_block\" data-id=\"153bf6f\" data-element_type=\"widget\" data-widget_type=\"wd_text_block.default\">\n\t\t\t\t<div class=\"elementor-widget-container\">\n\t\t\t\t\t<div class=\"wd-text-block reset-last-child text-left\">\n\t\t\t\n\t\t\t<div class=\"mtitle text-left\"><h4>REDES ULTRA R\u00c1PIDAS PARA UN JUEGO M\u00c1S SUAVE<\/h4><\/div><div class=\"info text-left\">El m\u00f3dulo Intel<sup>\u00ae<\/sup> WiFi 6 integrado es compatible con el est\u00e1ndar 802.11ax y aumenta el ancho de banda m\u00e1ximo te\u00f3rico hasta unos incre\u00edbles 2.4 Gbps. Quiz\u00e1s lo m\u00e1s importante para los usuarios avanzados es que est\u00e1 optimizado para un funcionamiento m\u00e1s eficiente en redes abarrotadas. Empareja tu tarjeta madre GUNDAM con cualquier router ASUS WiFi 6 y experimenta un nuevo nivel de conexi\u00f3n.<\/div>\n\t\t\t\t\t<\/div>\n\t\t\t\t<\/div>\n\t\t\t\t<\/div>\n\t\t\t\t<div class=\"elementor-element elementor-element-078b475 elementor-widget elementor-widget-wd_button\" data-id=\"078b475\" data-element_type=\"widget\" data-widget_type=\"wd_button.default\">\n\t\t\t\t<div class=\"elementor-widget-container\">\n\t\t\t\t\t<div class=\"wd-button-wrapper text-center\" >\n\t\t\t<a class=\"btn btn-style-link btn-shape- btn-size-large btn-scheme-light btn-scheme-hover-dark btn-icon-pos-right\"  href=\"https:\/\/www.asus.com\/mx\/Motherboards-Components\/Motherboards\/TUF-Gaming\/Z590-WIFI-GUNDAM-EDITION\/\" target=\"_blank\">\n\t\t\t\t<span class=\"wd-btn-text\" data-elementor-setting-key=\"text\">\n\t\t\t\t\tSaber m\u00e1s\t\t\t\t<\/span>\n\n\t\t\t\t\t\t\t<\/a>\n\t\t<\/div>\n\t\t\t\t<\/div>\n\t\t\t\t<\/div>\n\t\t\t\t\t<\/div>\n\t\t<\/div>\n\t\t\t\t\t\t\t<\/div>\n\t\t<\/section>\n\t\t\t\t\t\t<\/div>\n\t\t\t\t\t<\/div>\n\t\t","protected":false},"excerpt":{"rendered":"<h4>Caracter\u00edsticas principales:<\/h4>\n<p><span class=\"s1\">\u25cf\u00a0<\/span>Tarjeta madre Z690 <span id=\"page17R_mcid250\" class=\"markedContent\"><span dir=\"ltr\" role=\"presentation\">Chipset<\/span><\/span><br \/>\n<span class=\"s1\">\u25cf LGA 1200 ATX PCIe 4.0<\/span><br \/>\n<span class=\"s1\">\u25cf Tres ranuras M.2<\/span><br \/>\n<span class=\"s1\">\u25cf LAN Intel 2.5G, Wi-Fi 6<\/span><br \/>\n<span class=\"s1\">\u25cf HDMI\u00ae, DisplayPort\u2122<\/span><br \/>\n<span class=\"s1\">\u25cf USB 3.2 Gen 2 Type-C<\/span><br \/>\n<span class=\"s1\">\u25cf 16 fases de poder Dr. MOS<\/span><br \/>\n<span class=\"s1\">\u25cf Iluminaci\u00f3n Aura Sync RGB<\/span><\/p>\n","protected":false},"featured_media":15604,"comment_status":"open","ping_status":"closed","template":"","meta":[],"product_cat":[20,79,100],"product_tag":[221],"class_list":["post-15600","product","type-product","status-publish","has-post-thumbnail","hentry","product_cat-hardware","product_cat-mother-board","product_cat-asus","product_tag-asus","pa_brand-asus"],"_links":{"self":[{"href":"https:\/\/tzila.mx\/dev\/wp-json\/wp\/v2\/product\/15600","targetHints":{"allow":["GET"]}}],"collection":[{"href":"https:\/\/tzila.mx\/dev\/wp-json\/wp\/v2\/product"}],"about":[{"href":"https:\/\/tzila.mx\/dev\/wp-json\/wp\/v2\/types\/product"}],"replies":[{"embeddable":true,"href":"https:\/\/tzila.mx\/dev\/wp-json\/wp\/v2\/comments?post=15600"}],"version-history":[{"count":25,"href":"https:\/\/tzila.mx\/dev\/wp-json\/wp\/v2\/product\/15600\/revisions"}],"predecessor-version":[{"id":15633,"href":"https:\/\/tzila.mx\/dev\/wp-json\/wp\/v2\/product\/15600\/revisions\/15633"}],"wp:featuredmedia":[{"embeddable":true,"href":"https:\/\/tzila.mx\/dev\/wp-json\/wp\/v2\/media\/15604"}],"wp:attachment":[{"href":"https:\/\/tzila.mx\/dev\/wp-json\/wp\/v2\/media?parent=15600"}],"wp:term":[{"taxonomy":"product_cat","embeddable":true,"href":"https:\/\/tzila.mx\/dev\/wp-json\/wp\/v2\/product_cat?post=15600"},{"taxonomy":"product_tag","embeddable":true,"href":"https:\/\/tzila.mx\/dev\/wp-json\/wp\/v2\/product_tag?post=15600"}],"curies":[{"name":"wp","href":"https:\/\/api.w.org\/{rel}","templated":true}]}}