{"id":15539,"date":"2022-06-13T14:35:17","date_gmt":"2022-06-13T19:35:17","guid":{"rendered":"https:\/\/tzila.mx\/dev\/?post_type=product&#038;p=15539"},"modified":"2022-06-29T11:36:24","modified_gmt":"2022-06-29T16:36:24","slug":"tarjeta-madre-asus-rog-strix-z690-g-gaming-wifi","status":"publish","type":"product","link":"https:\/\/tzila.mx\/dev\/producto\/tarjeta-madre-asus-rog-strix-z690-g-gaming-wifi\/","title":{"rendered":"Tarjeta Madre ASUS ROG STRIX Z690-G GAMING WIFI"},"content":{"rendered":"\t\t<div data-elementor-type=\"wp-post\" data-elementor-id=\"15539\" class=\"elementor elementor-15539\" data-elementor-settings=\"[]\">\n\t\t\t\t\t\t\t<div class=\"elementor-section-wrap\">\n\t\t\t\t\t\t\t<section class=\"elementor-section elementor-top-section elementor-element elementor-element-a77d38a elementor-section-boxed elementor-section-height-default elementor-section-height-default wd-section-disabled\" data-id=\"a77d38a\" data-element_type=\"section\">\n\t\t\t\t\t\t<div class=\"elementor-container elementor-column-gap-default\">\n\t\t\t\t\t<div class=\"elementor-column elementor-col-33 elementor-top-column elementor-element elementor-element-606b0e0\" data-id=\"606b0e0\" data-element_type=\"column\">\n\t\t\t<div class=\"elementor-widget-wrap elementor-element-populated\">\n\t\t\t\t\t\t\t\t<div class=\"elementor-element elementor-element-2efa55d elementor-widget elementor-widget-wd_text_block\" data-id=\"2efa55d\" data-element_type=\"widget\" data-widget_type=\"wd_text_block.default\">\n\t\t\t\t<div class=\"elementor-widget-container\">\n\t\t\t\t\t<div class=\"wd-text-block reset-last-child text-left\">\n\t\t\t\n\t\t\t<h5><strong>M\u00c1S ESPECIFICACIONES<\/strong><strong>:<\/strong><\/h5>\n\t\t\t\t\t<\/div>\n\t\t\t\t<\/div>\n\t\t\t\t<\/div>\n\t\t\t\t<div class=\"elementor-element elementor-element-00b20a9 elementor-widget elementor-widget-wd_text_block\" data-id=\"00b20a9\" data-element_type=\"widget\" data-widget_type=\"wd_text_block.default\">\n\t\t\t\t<div class=\"elementor-widget-container\">\n\t\t\t\t\t<div class=\"wd-text-block reset-last-child text-left\">\n\t\t\t\n\t\t\t<p>\u25cf Socket Intel\u00ae LGA 1700: Preparado para procesadores Intel Core\u2122, Pentium\u00ae Gold y Celeron\u00ae de 12.\u00aa generaci\u00f3n<br \/>\u25cf 14+1 DrMos con conector de alimentaci\u00f3n ProCool II<br \/>\u25cf Dise\u00f1o t\u00e9rmico optimizado<br \/>\u25cf Redes de alto rendimiento<br \/>\u25cf La mejor conectividad para juegos<br \/>\u25cf Control inteligente: Overclocking AI exclusivo de ASUS<br \/>\u25cf Enfriamiento AI, redes AI y cancelaci\u00f3n de ruido AI bidireccional<br \/>\u25cf Dise\u00f1o amigable DIY<br \/>\u25cf Iluminaci\u00f3n Aura Sync RGB exclusiva de ASUS<br \/>\u25cfALC4080 con amplificador Savitech SV3H712<\/p>\n\t\t\t\t\t<\/div>\n\t\t\t\t<\/div>\n\t\t\t\t<\/div>\n\t\t\t\t\t<\/div>\n\t\t<\/div>\n\t\t\t\t<div class=\"elementor-column elementor-col-66 elementor-top-column elementor-element elementor-element-b692253\" data-id=\"b692253\" data-element_type=\"column\">\n\t\t\t<div class=\"elementor-widget-wrap elementor-element-populated\">\n\t\t\t\t\t\t\t\t<div class=\"elementor-element elementor-element-0fefcf7 elementor-widget elementor-widget-wd_image_or_svg\" data-id=\"0fefcf7\" data-element_type=\"widget\" data-widget_type=\"wd_image_or_svg.default\">\n\t\t\t\t<div class=\"elementor-widget-container\">\n\t\t\t\n\t\t<div class=\"wd-image text-center\">\n\t\t\t\t\t\t\t\t<img decoding=\"async\" src=\"https:\/\/tzila.mx\/dev\/wp-content\/uploads\/elementor\/thumbs\/ROG-STRIX-Z690-G-GAMING-WIFI-des-3-pq9og2nzyeubf6tfq5pnjiwp21aikscx1pnziwghbg.png\" title=\"ROG STRIX Z690-G GAMING WIFI-des-3\" alt=\"ROG STRIX Z690-G GAMING WIFI-des-3\" \/>\t\t\t\t\t<\/div>\n\n\t\t\t\t<\/div>\n\t\t\t\t<\/div>\n\t\t\t\t\t<\/div>\n\t\t<\/div>\n\t\t\t\t\t\t\t<\/div>\n\t\t<\/section>\n\t\t\t\t<section class=\"elementor-section elementor-top-section elementor-element elementor-element-ec9e38a elementor-section-boxed elementor-section-height-default elementor-section-height-default wd-section-disabled\" data-id=\"ec9e38a\" data-element_type=\"section\">\n\t\t\t\t\t\t<div class=\"elementor-container elementor-column-gap-default\">\n\t\t\t\t\t<div class=\"elementor-column elementor-col-33 elementor-top-column elementor-element elementor-element-c833c6a\" data-id=\"c833c6a\" data-element_type=\"column\">\n\t\t\t<div class=\"elementor-widget-wrap elementor-element-populated\">\n\t\t\t\t\t\t\t\t<div class=\"elementor-element elementor-element-6ae12e9 elementor-widget elementor-widget-wd_text_block\" data-id=\"6ae12e9\" data-element_type=\"widget\" data-widget_type=\"wd_text_block.default\">\n\t\t\t\t<div class=\"elementor-widget-container\">\n\t\t\t\t\t<div class=\"wd-text-block reset-last-child text-left\">\n\t\t\t\n\t\t\t<h4 id=\"top_word\">Construido para juegos de alto rendimiento<\/h4><p>ROG Strix Z690-G Gaming WiFi es la primera opci\u00f3n para los entusiastas que disfrutan construyendo configuraciones compactas de mATX. La entrega de energ\u00eda de primera calidad, la refrigeraci\u00f3n y los \u00faltimos est\u00e1ndares de red se han incluido para acompa\u00f1ar a DDR5 y PCIe 5.0, liberando toda la potencia de los procesadores Intel\u00ae Core\u2122 de 12.\u00aa generaci\u00f3n. Y en la parte superior, hay una pila de controles inteligentes exclusivos de ASUS para optimizar todos los aspectos del rendimiento del sistema.<\/p>\n\t\t\t\t\t<\/div>\n\t\t\t\t<\/div>\n\t\t\t\t<\/div>\n\t\t\t\t<div class=\"elementor-element elementor-element-252ec94 elementor-widget elementor-widget-wd_text_block\" data-id=\"252ec94\" data-element_type=\"widget\" data-widget_type=\"wd_text_block.default\">\n\t\t\t\t<div class=\"elementor-widget-container\">\n\t\t\t\t\t<div class=\"wd-text-block reset-last-child text-left\">\n\t\t\t\n\t\t\t<h4>Rendimiento completo<\/h4><p>ROG Strix Z690-G Gaming WiFi proporciona una entrega de energ\u00eda mejorada y un enfriamiento optimizado para llevar cualquier construcci\u00f3n de juego al l\u00edmite. Los controles inteligentes permiten una f\u00e1cil gesti\u00f3n de la configuraci\u00f3n de overclocking, refrigeraci\u00f3n y redes, mientras que la cancelaci\u00f3n de ruido AI bidireccional garantiza una comunicaci\u00f3n n\u00edtida en el juego. ROG Strix Z690-G Gaming WiFi est\u00e1 armado con todos los elementos esenciales necesarios para crear una PC para juegos con un rendimiento de primer nivel.<\/p>\n\t\t\t\t\t<\/div>\n\t\t\t\t<\/div>\n\t\t\t\t<\/div>\n\t\t\t\t<div class=\"elementor-element elementor-element-e9bf201 elementor-widget elementor-widget-wd_text_block\" data-id=\"e9bf201\" data-element_type=\"widget\" data-widget_type=\"wd_text_block.default\">\n\t\t\t\t<div class=\"elementor-widget-container\">\n\t\t\t\t\t<div class=\"wd-text-block reset-last-child text-left\">\n\t\t\t\n\t\t\t<h4>DISE\u00d1O DE POTENCIA<\/h4><p>El control de potencia digital y una serie de etapas de potencia proporcionan la potencia necesaria para controlar las \u00faltimas CPU de Intel.<\/p>\n\t\t\t\t\t<\/div>\n\t\t\t\t<\/div>\n\t\t\t\t<\/div>\n\t\t\t\t<div class=\"elementor-element elementor-element-696e1a7 elementor-widget elementor-widget-wd_image_or_svg\" data-id=\"696e1a7\" data-element_type=\"widget\" data-widget_type=\"wd_image_or_svg.default\">\n\t\t\t\t<div class=\"elementor-widget-container\">\n\t\t\t\n\t\t<div class=\"wd-image text-center\">\n\t\t\t\t\t\t\t\t<img decoding=\"async\" src=\"https:\/\/tzila.mx\/dev\/wp-content\/uploads\/elementor\/thumbs\/ROG-STRIX-B660-A-GAMING-WIFI-D4-des-3-pq9kj2vhl71sj64psc5boku8ex8wyfe92szqvsao54.png\" title=\"ROG STRIX B660-A GAMING WIFI D4-des-3\" alt=\"ROG STRIX B660-A GAMING WIFI D4-des-3\" \/>\t\t\t\t\t<\/div>\n\n\t\t\t\t<\/div>\n\t\t\t\t<\/div>\n\t\t\t\t<div class=\"elementor-element elementor-element-4f49f18 elementor-widget elementor-widget-wd_text_block\" data-id=\"4f49f18\" data-element_type=\"widget\" data-widget_type=\"wd_text_block.default\">\n\t\t\t\t<div class=\"elementor-widget-container\">\n\t\t\t\t\t<div class=\"wd-text-block reset-last-child text-left\">\n\t\t\t\n\t\t\t<h4>Innovaci\u00f3n en refrigeraci\u00f3n<\/h4><p>Cubierta de E\/S integrada y disipadores t\u00e9rmicos VRM<\/p><p>Dos disipadores de calor gruesos que est\u00e1n unidos al protector de E\/S de metal enfr\u00edan los VRM. Esta estructura proporciona una amplia masa y \u00e1rea de superficie para hacer frente a las t\u00e9rmicas de los \u00faltimos procesadores de Intel.<\/p><p>Almohadillas t\u00e9rmicas<\/p><p>Las almohadillas t\u00e9rmicas especialmente dise\u00f1adas transfieren eficientemente el calor del inductor y la matriz de fase al disipador de calor.<\/p><p>Dos disipadores de calor M.2<\/p><p>M\u00faltiples disipadores de calor M.2 ayudan a mantener los SSD M.2 NVME integrados a temperaturas \u00f3ptimas para un rendimiento y confiabilidad consistentes.<\/p><p>Dos placas traseras M.2<\/p><p>Dos placas posteriores M.2 integradas ayudan a garantizar que las unidades de alto rendimiento brinden el m\u00e1ximo rendimiento, incluso cuando el flujo de aire est\u00e1 restringido.<\/p>\n\t\t\t\t\t<\/div>\n\t\t\t\t<\/div>\n\t\t\t\t<\/div>\n\t\t\t\t<div class=\"elementor-element elementor-element-6062d79 elementor-widget elementor-widget-wd_text_block\" data-id=\"6062d79\" data-element_type=\"widget\" data-widget_type=\"wd_text_block.default\">\n\t\t\t\t<div class=\"elementor-widget-container\">\n\t\t\t\t\t<div class=\"wd-text-block reset-last-child text-left\">\n\t\t\t\n\t\t\t<h4>CONECTIVIDAD L\u00cdDER<\/h4><p>ROG Strix Z690-G Gaming WiFi presenta un dise\u00f1o innovador que ofrece opciones de conectividad diversas y incre\u00edblemente r\u00e1pidas para experiencias en l\u00ednea superfluidas y transferencias de datos ultrarr\u00e1pidas. Y junto con esas ventajas, hemos logrado incluir una soluci\u00f3n de audio avanzada que le permite seleccionar las se\u00f1ales m\u00e1s peque\u00f1as y concentrarse en sus oponentes.<\/p>\n\t\t\t\t\t<\/div>\n\t\t\t\t<\/div>\n\t\t\t\t<\/div>\n\t\t\t\t\t<\/div>\n\t\t<\/div>\n\t\t\t\t<div class=\"elementor-column elementor-col-33 elementor-top-column elementor-element elementor-element-e7b3bda\" data-id=\"e7b3bda\" data-element_type=\"column\">\n\t\t\t<div class=\"elementor-widget-wrap elementor-element-populated\">\n\t\t\t\t\t\t\t\t<div class=\"elementor-element elementor-element-7d71050 elementor-widget elementor-widget-wd_text_block\" data-id=\"7d71050\" data-element_type=\"widget\" data-widget_type=\"wd_text_block.default\">\n\t\t\t\t<div class=\"elementor-widget-container\">\n\t\t\t\t\t<div class=\"wd-text-block reset-last-child text-left\">\n\t\t\t\n\t\t\t<h4>Fuerza de overclocking DDR5: perfil de memoria mejorado de ASUS<\/h4><p>Las opciones integrales de ajuste de memoria son la piedra angular de las placas base ROG. Para DDR5, la l\u00ednea Strix Z690 rompe los l\u00edmites de rendimiento al proporcionar un conjunto apilado de par\u00e1metros de overclocking no solo para kits de alta velocidad, sino tambi\u00e9n para m\u00f3dulos de memoria de nivel de entrada que tienen un IC de administraci\u00f3n de energ\u00eda bloqueado (PMIC).<\/p>\n\t\t\t\t\t<\/div>\n\t\t\t\t<\/div>\n\t\t\t\t<\/div>\n\t\t\t\t<div class=\"elementor-element elementor-element-db98687 elementor-widget elementor-widget-wd_text_block\" data-id=\"db98687\" data-element_type=\"widget\" data-widget_type=\"wd_text_block.default\">\n\t\t\t\t<div class=\"elementor-widget-container\">\n\t\t\t\t\t<div class=\"wd-text-block reset-last-child text-left\">\n\t\t\t\n\t\t\t<h4>Wi-Fi 6 (802.11ax)<\/h4><p>WiFi 6 integrado (802.11ax) admite velocidades de red inal\u00e1mbrica ultrarr\u00e1pidas, capacidad mejorada y mejor rendimiento en entornos inal\u00e1mbricos densos, lo que brinda experiencias de juego en l\u00ednea excepcionales. Empareje su placa base con los enrutadores ASUS WiFi 6 para experimentar completamente el potencial de red de WiFi 6.<\/p>\n\t\t\t\t\t<\/div>\n\t\t\t\t<\/div>\n\t\t\t\t<\/div>\n\t\t\t\t<div class=\"elementor-element elementor-element-7a297c2 elementor-widget elementor-widget-wd_image_or_svg\" data-id=\"7a297c2\" data-element_type=\"widget\" data-widget_type=\"wd_image_or_svg.default\">\n\t\t\t\t<div class=\"elementor-widget-container\">\n\t\t\t\n\t\t<div class=\"wd-image text-center\">\n\t\t\t\t\t\t\t\t<img decoding=\"async\" src=\"https:\/\/tzila.mx\/dev\/wp-content\/uploads\/elementor\/thumbs\/ROG-STRIX-B660-A-GAMING-WIFI-D4-des-2-pq9kj0zrzo7cqje00h5cymayknqr55y948lfssf7i0.png\" title=\"ROG STRIX B660-A GAMING WIFI D4-des-2\" alt=\"ROG STRIX B660-A GAMING WIFI D4-des-2\" \/>\t\t\t\t\t<\/div>\n\n\t\t\t\t<\/div>\n\t\t\t\t<\/div>\n\t\t\t\t<div class=\"elementor-element elementor-element-33634f0 elementor-widget elementor-widget-wd_text_block\" data-id=\"33634f0\" data-element_type=\"widget\" data-widget_type=\"wd_text_block.default\">\n\t\t\t\t<div class=\"elementor-widget-container\">\n\t\t\t\t\t<div class=\"wd-text-block reset-last-child text-left\">\n\t\t\t\n\t\t\t<h4>Intel Ethernet de 2,5 Gb<\/h4><p>La conexi\u00f3n Ethernet de 2,5 Gb integrada le da un impulso a su conexi\u00f3n por cable, con una mejora de hasta 2,5 veces sobre las conexiones Ethernet est\u00e1ndar para transferencias de archivos m\u00e1s r\u00e1pidas, juegos m\u00e1s fluidos y sin demoras y transmisi\u00f3n de video de alta resoluci\u00f3n.<\/p>\n\t\t\t\t\t<\/div>\n\t\t\t\t<\/div>\n\t\t\t\t<\/div>\n\t\t\t\t<div class=\"elementor-element elementor-element-2a57402 elementor-widget elementor-widget-wd_text_block\" data-id=\"2a57402\" data-element_type=\"widget\" data-widget_type=\"wd_text_block.default\">\n\t\t\t\t<div class=\"elementor-widget-container\">\n\t\t\t\t\t<div class=\"wd-text-block reset-last-child text-left\">\n\t\t\t\n\t\t\t<h4>JUEGA CON ESTILO<\/h4><p>Combina ROG Strix Z690-G Gaming WiFi con otros productos del diverso ecosistema ROG para crear una configuraci\u00f3n de juego totalmente personalizada que refleje tu estilo personal.<\/p>\n\t\t\t\t\t<\/div>\n\t\t\t\t<\/div>\n\t\t\t\t<\/div>\n\t\t\t\t<div class=\"elementor-element elementor-element-0274347 elementor-widget elementor-widget-wd_text_block\" data-id=\"0274347\" data-element_type=\"widget\" data-widget_type=\"wd_text_block.default\">\n\t\t\t\t<div class=\"elementor-widget-container\">\n\t\t\t\t\t<div class=\"wd-text-block reset-last-child text-left\">\n\t\t\t\n\t\t\t<h4>Innegablemente ROG Strix<\/h4><p>ROG Strix Z690-G Gaming WiFi refuerza la est\u00e9tica de ciencia ficci\u00f3n de la cosmovisi\u00f3n ROG con logotipos iridiscentes en la cubierta de E\/S y el disipador t\u00e9rmico M.2, y la cubierta PCH brinda a los usuarios la libertad de personalizar su equipo con RGB personalizable.<\/p>\n\t\t\t\t\t<\/div>\n\t\t\t\t<\/div>\n\t\t\t\t<\/div>\n\t\t\t\t<div class=\"elementor-element elementor-element-25c4510 elementor-widget elementor-widget-wd_text_block\" data-id=\"25c4510\" data-element_type=\"widget\" data-widget_type=\"wd_text_block.default\">\n\t\t\t\t<div class=\"elementor-widget-container\">\n\t\t\t\t\t<div class=\"wd-text-block reset-last-child text-left\">\n\t\t\t\n\t\t\t<h4>M.2 Q-LATCH<\/h4><p>El innovador Q-Latch facilita la instalaci\u00f3n o extracci\u00f3n de un SSD M.2 sin necesidad de herramientas espec\u00edficas. El dise\u00f1o emplea un mecanismo de bloqueo simple para asegurar la unidad y eliminar prolijamente los tornillos tradicionales.<\/p>\n\t\t\t\t\t<\/div>\n\t\t\t\t<\/div>\n\t\t\t\t<\/div>\n\t\t\t\t<div class=\"elementor-element elementor-element-9493d83 elementor-widget elementor-widget-wd_text_block\" data-id=\"9493d83\" data-element_type=\"widget\" data-widget_type=\"wd_text_block.default\">\n\t\t\t\t<div class=\"elementor-widget-container\">\n\t\t\t\t\t<div class=\"wd-text-block reset-last-child text-left\">\n\t\t\t\n\t\t\t<h4>BIOS UEFI<\/h4><p>El renombrado ROG UEFI (BIOS) proporciona todo lo que necesita para configurar, modificar y ajustar su equipo. Ofrece opciones inteligentemente simplificadas para los reci\u00e9n llegados a la PC DIY y caracter\u00edsticas m\u00e1s completas para los veteranos experimentados.<\/p>\n\t\t\t\t\t<\/div>\n\t\t\t\t<\/div>\n\t\t\t\t<\/div>\n\t\t\t\t\t<\/div>\n\t\t<\/div>\n\t\t\t\t<div class=\"elementor-column elementor-col-33 elementor-top-column elementor-element elementor-element-ba9b9c1\" data-id=\"ba9b9c1\" data-element_type=\"column\">\n\t\t\t<div class=\"elementor-widget-wrap elementor-element-populated\">\n\t\t\t\t\t\t\t\t<div class=\"elementor-element elementor-element-4a87af8 elementor-widget elementor-widget-wd_text_block\" data-id=\"4a87af8\" data-element_type=\"widget\" data-widget_type=\"wd_text_block.default\">\n\t\t\t\t<div class=\"elementor-widget-container\">\n\t\t\t\t\t<div class=\"wd-text-block reset-last-child text-left\">\n\t\t\t\n\t\t\t<h4>Estudio s\u00f3nico III<\/h4><p>ROG Sonic Studio es compatible con el entorno virtual basado en HRTF (funci\u00f3n de transferencia relacionada con la cabeza*) para auriculares VR, proyectando un paisaje auditivo inmersivo que lo sumerge m\u00e1s profundamente en la acci\u00f3n. La interfaz intuitiva de Sonic Studio tambi\u00e9n ofrece una gama de opciones de ecualizaci\u00f3n y ajustes preestablecidos con un solo clic, lo que le permite adaptar la ac\u00fastica para adaptarse a sus preferencias personales o las caracter\u00edsticas de sus auriculares.<\/p>\n\t\t\t\t\t<\/div>\n\t\t\t\t<\/div>\n\t\t\t\t<\/div>\n\t\t\t\t<div class=\"elementor-element elementor-element-5967404 elementor-widget elementor-widget-wd_image_or_svg\" data-id=\"5967404\" data-element_type=\"widget\" data-widget_type=\"wd_image_or_svg.default\">\n\t\t\t\t<div class=\"elementor-widget-container\">\n\t\t\t\n\t\t<div class=\"wd-image text-center\">\n\t\t\t\t\t\t\t\t<img loading=\"lazy\" decoding=\"async\" width=\"1016\" height=\"528\" src=\"https:\/\/tzila.mx\/dev\/wp-content\/uploads\/2022\/06\/ROG-STRIX-B660-A-GAMING-WIFI-D4-des-1.png\" class=\"attachment-full size-full\" alt=\"\" srcset=\"https:\/\/tzila.mx\/dev\/wp-content\/uploads\/2022\/06\/ROG-STRIX-B660-A-GAMING-WIFI-D4-des-1.png 1016w, https:\/\/tzila.mx\/dev\/wp-content\/uploads\/2022\/06\/ROG-STRIX-B660-A-GAMING-WIFI-D4-des-1-400x208.png 400w, https:\/\/tzila.mx\/dev\/wp-content\/uploads\/2022\/06\/ROG-STRIX-B660-A-GAMING-WIFI-D4-des-1-768x399.png 768w, https:\/\/tzila.mx\/dev\/wp-content\/uploads\/2022\/06\/ROG-STRIX-B660-A-GAMING-WIFI-D4-des-1-860x447.png 860w, https:\/\/tzila.mx\/dev\/wp-content\/uploads\/2022\/06\/ROG-STRIX-B660-A-GAMING-WIFI-D4-des-1-430x223.png 430w, https:\/\/tzila.mx\/dev\/wp-content\/uploads\/2022\/06\/ROG-STRIX-B660-A-GAMING-WIFI-D4-des-1-700x364.png 700w, https:\/\/tzila.mx\/dev\/wp-content\/uploads\/2022\/06\/ROG-STRIX-B660-A-GAMING-WIFI-D4-des-1-150x78.png 150w\" sizes=\"auto, (max-width: 1016px) 100vw, 1016px\" \/>\t\t\t\t\t<\/div>\n\n\t\t\t\t<\/div>\n\t\t\t\t<\/div>\n\t\t\t\t<div class=\"elementor-element elementor-element-aaeccf1 elementor-widget elementor-widget-wd_text_block\" data-id=\"aaeccf1\" data-element_type=\"widget\" data-widget_type=\"wd_text_block.default\">\n\t\t\t\t<div class=\"elementor-widget-container\">\n\t\t\t\t\t<div class=\"wd-text-block reset-last-child text-left\">\n\t\t\t\n\t\t\t<h4>DTS: sonido sin consolidar dts<\/h4><p>Las placas base ROG Strix B660 est\u00e1n precargadas con la aplicaci\u00f3n DTS\u00ae Sound Unbound\u2122 que te envuelve en audio como nunca antes, evocando niveles completamente nuevos de inmersi\u00f3n para experiencias extraordinarias de juego y entretenimiento. Al aprovechar la tecnolog\u00eda espacial de Windows Sonic, DTS Sound Unbound ofrece audio en un espacio 3D virtual, coloc\u00e1ndolo justo en el medio del paisaje sonoro, donde puede sentir la ubicaci\u00f3n y la direcci\u00f3n de cada disparo, paso u otro sonido en su entorno virtual.<\/p>\n\t\t\t\t\t<\/div>\n\t\t\t\t<\/div>\n\t\t\t\t<\/div>\n\t\t\t\t<div class=\"elementor-element elementor-element-7614447 elementor-widget elementor-widget-wd_text_block\" data-id=\"7614447\" data-element_type=\"widget\" data-widget_type=\"wd_text_block.default\">\n\t\t\t\t<div class=\"elementor-widget-container\">\n\t\t\t\t\t<div class=\"wd-text-block reset-last-child text-left\">\n\t\t\t\n\t\t\t<h4>AIDA64 EXTREMO<\/h4><p>Las placas base ROG Strix B660 incluyen una prueba gratuita de 60 d\u00edas de AIDA64 Extreme. Esta herramienta de informaci\u00f3n del sistema l\u00edder en la industria proporciona informaci\u00f3n detallada sobre el hardware y el software instalados, y tambi\u00e9n proporciona puntos de referencia para medir el rendimiento de todo el sistema o de los componentes individuales. AIDA64 Extreme incluye una funci\u00f3n de monitoreo y diagn\u00f3stico para detectar y prevenir problemas de hardware. Todos los sensores vitales del sistema se pueden rastrear en tiempo real, lo que permite que las lecturas de voltaje, las velocidades del ventilador y la informaci\u00f3n de temperatura se muestren en el escritorio o se env\u00eden a pantallas dedicadas o a los paneles OLED de los refrigeradores l\u00edquidos ROG AIO*.<\/p>\n\t\t\t\t\t<\/div>\n\t\t\t\t<\/div>\n\t\t\t\t<\/div>\n\t\t\t\t<div class=\"elementor-element elementor-element-5cf9601 elementor-widget elementor-widget-wd_text_block\" data-id=\"5cf9601\" data-element_type=\"widget\" data-widget_type=\"wd_text_block.default\">\n\t\t\t\t<div class=\"elementor-widget-container\">\n\t\t\t\t\t<div class=\"wd-text-block reset-last-child text-left\">\n\t\t\t\n\t\t\t<p>Caja de armer\u00eda<\/p><p>Armory Crate es una utilidad de software dise\u00f1ada para brindarle un control centralizado de los productos de juegos compatibles, lo que facilita el ajuste de la apariencia de su sistema. Desde una \u00fanica interfaz intuitiva, Armory Crate lo ayuda a personalizar la iluminaci\u00f3n y los efectos RGB para dispositivos compatibles y sincronizarlos con Aura Sync para crear un esquema de iluminaci\u00f3n unificado en todo su sistema. Adem\u00e1s, la herramienta Fan Xpert4 de Armory Crate brinda un control completo sobre ventiladores, bombas de agua y enfriadores todo en uno (AIO).<\/p>\n\t\t\t\t\t<\/div>\n\t\t\t\t<\/div>\n\t\t\t\t<\/div>\n\t\t\t\t<div class=\"elementor-element elementor-element-078b475 elementor-widget elementor-widget-wd_button\" data-id=\"078b475\" data-element_type=\"widget\" data-widget_type=\"wd_button.default\">\n\t\t\t\t<div class=\"elementor-widget-container\">\n\t\t\t\t\t<div class=\"wd-button-wrapper text-center\" >\n\t\t\t<a class=\"btn btn-style-link btn-shape- btn-size-large btn-scheme-light btn-scheme-hover-dark btn-icon-pos-right\"  href=\"https:\/\/rog.asus.com\/motherboards\/rog-strix\/rog-strix-z690-g-gaming-wifi-model\/\" target=\"_blank\">\n\t\t\t\t<span class=\"wd-btn-text\" data-elementor-setting-key=\"text\">\n\t\t\t\t\tSaber m\u00e1s\t\t\t\t<\/span>\n\n\t\t\t\t\t\t\t<\/a>\n\t\t<\/div>\n\t\t\t\t<\/div>\n\t\t\t\t<\/div>\n\t\t\t\t\t<\/div>\n\t\t<\/div>\n\t\t\t\t\t\t\t<\/div>\n\t\t<\/section>\n\t\t\t\t\t\t<\/div>\n\t\t\t\t\t<\/div>\n\t\t","protected":false},"excerpt":{"rendered":"<h4>Caracter\u00edsticas principales:<\/h4>\n<p>\u25cf Tarjeta madre <span class=\"ProductSpecSingle__descriptionItemValue__lVa0O\">Z690<\/span><span class=\"ProductSpecSingle__descriptionItemValue__lVa0O\">\u00a0<\/span>Chipset<br \/>\n\u25cf LGA 1700 mATX con PCIe<sup>\u00ae<\/sup> 5.0<br \/>\n\u25cf Tres puertos M.2 con disipadores de calor<br \/>\n\u25cf AI Networking, WiFi 6E (802.11ax), Intel 2.5 Gb Ethernet<br \/>\n\u25cf Soporte de memoria DDR5<br \/>\n\u25cf 14+1 DrMos<br \/>\n\u25cf PCIe<sup>\u00ae<\/sup> 4.0 NVMe<sup>\u00ae<\/sup> SSD<br \/>\n\u25cf USB 3.2 Gen 2&#215;2 Type-C<sup>\u00ae<\/sup><br \/>\n\u25cf SATA y Aura Sync RGB lighting<\/p>\n","protected":false},"featured_media":15545,"comment_status":"open","ping_status":"closed","template":"","meta":[],"product_cat":[20,79,100],"product_tag":[114],"class_list":["post-15539","product","type-product","status-publish","has-post-thumbnail","hentry","product_cat-hardware","product_cat-mother-board","product_cat-asus","product_tag-rog-gaming","pa_brand-asus"],"_links":{"self":[{"href":"https:\/\/tzila.mx\/dev\/wp-json\/wp\/v2\/product\/15539","targetHints":{"allow":["GET"]}}],"collection":[{"href":"https:\/\/tzila.mx\/dev\/wp-json\/wp\/v2\/product"}],"about":[{"href":"https:\/\/tzila.mx\/dev\/wp-json\/wp\/v2\/types\/product"}],"replies":[{"embeddable":true,"href":"https:\/\/tzila.mx\/dev\/wp-json\/wp\/v2\/comments?post=15539"}],"version-history":[{"count":5,"href":"https:\/\/tzila.mx\/dev\/wp-json\/wp\/v2\/product\/15539\/revisions"}],"predecessor-version":[{"id":15582,"href":"https:\/\/tzila.mx\/dev\/wp-json\/wp\/v2\/product\/15539\/revisions\/15582"}],"wp:featuredmedia":[{"embeddable":true,"href":"https:\/\/tzila.mx\/dev\/wp-json\/wp\/v2\/media\/15545"}],"wp:attachment":[{"href":"https:\/\/tzila.mx\/dev\/wp-json\/wp\/v2\/media?parent=15539"}],"wp:term":[{"taxonomy":"product_cat","embeddable":true,"href":"https:\/\/tzila.mx\/dev\/wp-json\/wp\/v2\/product_cat?post=15539"},{"taxonomy":"product_tag","embeddable":true,"href":"https:\/\/tzila.mx\/dev\/wp-json\/wp\/v2\/product_tag?post=15539"}],"curies":[{"name":"wp","href":"https:\/\/api.w.org\/{rel}","templated":true}]}}