{"id":15403,"date":"2022-06-10T21:40:23","date_gmt":"2022-06-11T02:40:23","guid":{"rendered":"https:\/\/tzila.mx\/dev\/?post_type=product&#038;p=15403"},"modified":"2022-06-29T11:36:30","modified_gmt":"2022-06-29T16:36:30","slug":"tarjeta-madre-asus-rog-strix-z690-f-gaming-wifi","status":"publish","type":"product","link":"https:\/\/tzila.mx\/dev\/producto\/tarjeta-madre-asus-rog-strix-z690-f-gaming-wifi\/","title":{"rendered":"Tarjeta Madre ASUS ROG STRIX Z690-F GAMING WIFI"},"content":{"rendered":"\t\t<div data-elementor-type=\"wp-post\" data-elementor-id=\"15403\" class=\"elementor elementor-15403\" data-elementor-settings=\"[]\">\n\t\t\t\t\t\t\t<div class=\"elementor-section-wrap\">\n\t\t\t\t\t\t\t<section class=\"elementor-section elementor-top-section elementor-element elementor-element-a77d38a elementor-section-boxed elementor-section-height-default elementor-section-height-default wd-section-disabled\" data-id=\"a77d38a\" data-element_type=\"section\">\n\t\t\t\t\t\t<div class=\"elementor-container elementor-column-gap-default\">\n\t\t\t\t\t<div class=\"elementor-column elementor-col-33 elementor-top-column elementor-element elementor-element-606b0e0\" data-id=\"606b0e0\" data-element_type=\"column\">\n\t\t\t<div class=\"elementor-widget-wrap elementor-element-populated\">\n\t\t\t\t\t\t\t\t<div class=\"elementor-element elementor-element-2efa55d elementor-widget elementor-widget-wd_text_block\" data-id=\"2efa55d\" data-element_type=\"widget\" data-widget_type=\"wd_text_block.default\">\n\t\t\t\t<div class=\"elementor-widget-container\">\n\t\t\t\t\t<div class=\"wd-text-block reset-last-child text-left\">\n\t\t\t\n\t\t\t<h5><strong>M\u00c1S ESPECIFICACIONES<\/strong><strong>:<\/strong><\/h5>\n\t\t\t\t\t<\/div>\n\t\t\t\t<\/div>\n\t\t\t\t<\/div>\n\t\t\t\t<div class=\"elementor-element elementor-element-00b20a9 elementor-widget elementor-widget-wd_text_block\" data-id=\"00b20a9\" data-element_type=\"widget\" data-widget_type=\"wd_text_block.default\">\n\t\t\t\t<div class=\"elementor-widget-container\">\n\t\t\t\t\t<div class=\"wd-text-block reset-last-child text-left\">\n\t\t\t\n\t\t\t<p>\u25cf Preparado para procesadores Intel\u00ae Core\u2122, Pentium\u00ae Gold y Celeron\u00ae de 12.\u00aa generaci\u00f3n<br \/>\u25cf Soluci\u00f3n de alimentaci\u00f3n \u00f3ptima<br \/>\u25cf Dise\u00f1o t\u00e9rmico optimizado<br \/>\u25cf Redes de alto rendimiento<br \/>\u25cf Control inteligente: Overclocking AI exclusivo de ASUS<br \/>\u25cf Enfriamiento AI, redes AI y cancelaci\u00f3n de ruido AI bidireccional<br \/>\u25cf Dise\u00f1o f\u00e1cil de usar: ranura PCIe\u00ae Q-Release, M.2 Q-Latch<br \/>\u25cf Iluminaci\u00f3n Aura Sync RGB exclusiva de ASUS<br \/>\u25cfALC4080 con amplificador Savitech SV3H712<\/p>\n\t\t\t\t\t<\/div>\n\t\t\t\t<\/div>\n\t\t\t\t<\/div>\n\t\t\t\t\t<\/div>\n\t\t<\/div>\n\t\t\t\t<div class=\"elementor-column elementor-col-66 elementor-top-column elementor-element elementor-element-b692253\" data-id=\"b692253\" data-element_type=\"column\">\n\t\t\t<div class=\"elementor-widget-wrap elementor-element-populated\">\n\t\t\t\t\t\t\t\t<div class=\"elementor-element elementor-element-0fefcf7 elementor-widget elementor-widget-wd_image_or_svg\" data-id=\"0fefcf7\" data-element_type=\"widget\" data-widget_type=\"wd_image_or_svg.default\">\n\t\t\t\t<div class=\"elementor-widget-container\">\n\t\t\t\n\t\t<div class=\"wd-image text-center\">\n\t\t\t\t\t\t\t\t<img decoding=\"async\" src=\"https:\/\/tzila.mx\/dev\/wp-content\/uploads\/elementor\/thumbs\/ROG-STRIX-Z690-F-GAMING-WIFI-des-3-pq4sen9derdpu0a9urqoer40ilo1id7j2cuk5p0wx8.png\" title=\"ROG STRIX Z690-F GAMING WIFI-des-3\" alt=\"ROG STRIX Z690-F GAMING WIFI-des-3\" \/>\t\t\t\t\t<\/div>\n\n\t\t\t\t<\/div>\n\t\t\t\t<\/div>\n\t\t\t\t\t<\/div>\n\t\t<\/div>\n\t\t\t\t\t\t\t<\/div>\n\t\t<\/section>\n\t\t\t\t<section class=\"elementor-section elementor-top-section elementor-element elementor-element-ec9e38a elementor-section-boxed elementor-section-height-default elementor-section-height-default wd-section-disabled\" data-id=\"ec9e38a\" data-element_type=\"section\">\n\t\t\t\t\t\t<div class=\"elementor-container elementor-column-gap-default\">\n\t\t\t\t\t<div class=\"elementor-column elementor-col-33 elementor-top-column elementor-element elementor-element-c833c6a\" data-id=\"c833c6a\" data-element_type=\"column\">\n\t\t\t<div class=\"elementor-widget-wrap elementor-element-populated\">\n\t\t\t\t\t\t\t\t<div class=\"elementor-element elementor-element-6ae12e9 elementor-widget elementor-widget-wd_text_block\" data-id=\"6ae12e9\" data-element_type=\"widget\" data-widget_type=\"wd_text_block.default\">\n\t\t\t\t<div class=\"elementor-widget-container\">\n\t\t\t\t\t<div class=\"wd-text-block reset-last-child text-left\">\n\t\t\t\n\t\t\t<h4 id=\"top_word\">Construido para juegos de alto rendimiento<\/h4><p>ROG Strix Z690-F Gaming WiFi ofrece suministro de energ\u00eda y refrigeraci\u00f3n de primer nivel para liberar toda la potencia de los procesadores Intel\u00ae Core\u2122 de 12.\u00aa generaci\u00f3n. Mientras tanto, el rendimiento de vanguardia llega gracias a una ranura de expansi\u00f3n PCIe\u00ae 5.0 y soporte de memoria DDR5. Adem\u00e1s, los controles inteligentes exclusivos de ASUS ayudan a optimizar la configuraci\u00f3n de la PC, mientras que WiFi 6E integrado brinda transferencias de datos ultrarr\u00e1pidas a una variedad infinita de escenarios. Adem\u00e1s de todo eso, las innovaciones amigables con el bricolaje ayudan a simplificar el proceso de construcci\u00f3n de PC para que pueda comenzar a funcionar sin problemas.<\/p>\n\t\t\t\t\t<\/div>\n\t\t\t\t<\/div>\n\t\t\t\t<\/div>\n\t\t\t\t<div class=\"elementor-element elementor-element-252ec94 elementor-widget elementor-widget-wd_text_block\" data-id=\"252ec94\" data-element_type=\"widget\" data-widget_type=\"wd_text_block.default\">\n\t\t\t\t<div class=\"elementor-widget-container\">\n\t\t\t\t\t<div class=\"wd-text-block reset-last-child text-left\">\n\t\t\t\n\t\t\t<h4>Rendimiento completo<\/h4><p>ROG Strix Z690-F Gaming WiFi est\u00e1 armado con todos los elementos esenciales que necesita para crear una PC para juegos con un rendimiento de primer nivel. La entrega de energ\u00eda de servicio pesado y el enfriamiento optimizado proporcionan las armas que necesita para llevar cualquier construcci\u00f3n de juegos al l\u00edmite. Los controles inteligentes permiten una f\u00e1cil gesti\u00f3n de la configuraci\u00f3n de redes, refrigeraci\u00f3n y overclocking. Y la cancelaci\u00f3n de ruido AI bidireccional ayuda a garantizar una comunicaci\u00f3n n\u00edtida en el juego.<\/p>\n\t\t\t\t\t<\/div>\n\t\t\t\t<\/div>\n\t\t\t\t<\/div>\n\t\t\t\t<div class=\"elementor-element elementor-element-8604524 elementor-widget elementor-widget-wd_image_or_svg\" data-id=\"8604524\" data-element_type=\"widget\" data-widget_type=\"wd_image_or_svg.default\">\n\t\t\t\t<div class=\"elementor-widget-container\">\n\t\t\t\n\t\t<div class=\"wd-image text-center\">\n\t\t\t\t\t\t\t\t<img loading=\"lazy\" decoding=\"async\" width=\"722\" height=\"672\" src=\"https:\/\/tzila.mx\/dev\/wp-content\/uploads\/2022\/06\/ROG-STRIX-Z690-F-GAMING-WIFI-des-4.png\" class=\"attachment-full size-full\" alt=\"\" srcset=\"https:\/\/tzila.mx\/dev\/wp-content\/uploads\/2022\/06\/ROG-STRIX-Z690-F-GAMING-WIFI-des-4.png 722w, https:\/\/tzila.mx\/dev\/wp-content\/uploads\/2022\/06\/ROG-STRIX-Z690-F-GAMING-WIFI-des-4-322x300.png 322w, https:\/\/tzila.mx\/dev\/wp-content\/uploads\/2022\/06\/ROG-STRIX-Z690-F-GAMING-WIFI-des-4-430x400.png 430w, https:\/\/tzila.mx\/dev\/wp-content\/uploads\/2022\/06\/ROG-STRIX-Z690-F-GAMING-WIFI-des-4-700x652.png 700w, https:\/\/tzila.mx\/dev\/wp-content\/uploads\/2022\/06\/ROG-STRIX-Z690-F-GAMING-WIFI-des-4-150x140.png 150w\" sizes=\"auto, (max-width: 722px) 100vw, 722px\" \/>\t\t\t\t\t<\/div>\n\n\t\t\t\t<\/div>\n\t\t\t\t<\/div>\n\t\t\t\t<div class=\"elementor-element elementor-element-e9bf201 elementor-widget elementor-widget-wd_text_block\" data-id=\"e9bf201\" data-element_type=\"widget\" data-widget_type=\"wd_text_block.default\">\n\t\t\t\t<div class=\"elementor-widget-container\">\n\t\t\t\t\t<div class=\"wd-text-block reset-last-child text-left\">\n\t\t\t\n\t\t\t<div class=\"row-content\" data-v-b7353816=\"\"><h4>DISE\u00d1O DE POTENCIA<\/h4><p>El control de potencia digital y una serie de etapas de potencia proporcionan la potencia necesaria para controlar las \u00faltimas CPU de Intel.<\/p><\/div>\n\t\t\t\t\t<\/div>\n\t\t\t\t<\/div>\n\t\t\t\t<\/div>\n\t\t\t\t<div class=\"elementor-element elementor-element-4f49f18 elementor-widget elementor-widget-wd_text_block\" data-id=\"4f49f18\" data-element_type=\"widget\" data-widget_type=\"wd_text_block.default\">\n\t\t\t\t<div class=\"elementor-widget-container\">\n\t\t\t\t\t<div class=\"wd-text-block reset-last-child text-left\">\n\t\t\t\n\t\t\t<div class=\"row-content r-side\" data-v-b7353816=\"\"><h4 class=\"tab_title\">Cooling Innovation<\/h4><p>Cubierta de E\/S integrada y disipadores t\u00e9rmicos VRM<\/p><p>Dos disipadores de calor VRM gruesos conectados por un tubo de calor y unidos a un protector de E\/S de metal premontado proporcionan una amplia \u00e1rea de superficie y masa para manejar las necesidades de energ\u00eda de los procesadores Intel de 12.\u00aa generaci\u00f3n de alto rendimiento.<br \/>Almohadillas T\u00e9rmicas<\/p><p>Las almohadillas t\u00e9rmicas especialmente dise\u00f1adas transfieren eficientemente el calor del inductor y la matriz de fase al disipador de calor.<\/p><p>Cuatro disipadores t\u00e9rmicos M.2<\/p><p>M\u00faltiples disipadores de calor M.2 ayudan a mantener los SSD M.2 NVME integrados a temperaturas \u00f3ptimas para un rendimiento y confiabilidad consistentes.<br \/>Placa trasera M.2<\/p><p>Una placa posterior M.2 integrada ayuda a garantizar que las unidades de alto rendimiento brinden el m\u00e1ximo rendimiento, incluso cuando el flujo de aire est\u00e1 restringido<\/p><\/div>\n\t\t\t\t\t<\/div>\n\t\t\t\t<\/div>\n\t\t\t\t<\/div>\n\t\t\t\t\t<\/div>\n\t\t<\/div>\n\t\t\t\t<div class=\"elementor-column elementor-col-33 elementor-top-column elementor-element elementor-element-e7b3bda\" data-id=\"e7b3bda\" data-element_type=\"column\">\n\t\t\t<div class=\"elementor-widget-wrap elementor-element-populated\">\n\t\t\t\t\t\t\t\t<div class=\"elementor-element elementor-element-c1a34ba elementor-widget elementor-widget-wd_text_block\" data-id=\"c1a34ba\" data-element_type=\"widget\" data-widget_type=\"wd_text_block.default\">\n\t\t\t\t<div class=\"elementor-widget-container\">\n\t\t\t\t\t<div class=\"wd-text-block reset-last-child text-left\">\n\t\t\t\n\t\t\t<h4>Cancelaci\u00f3n de ruido AI bidireccional<\/h4><p>Esta poderosa utilidad exclusiva de ASUS aprovecha una base de datos masiva de aprendizaje profundo para reducir el ruido de fondo del micr\u00f3fono* y el audio entrante mientras preserva las voces. El ruido del teclado, los clics del mouse y otros ruidos ambientales que distraen se eliminan para que pueda escuchar y ser escuchado con perfecta claridad mientras juega o durante las llamadas.<\/p>\n\t\t\t\t\t<\/div>\n\t\t\t\t<\/div>\n\t\t\t\t<\/div>\n\t\t\t\t<div class=\"elementor-element elementor-element-696e1a7 elementor-widget elementor-widget-wd_image_or_svg\" data-id=\"696e1a7\" data-element_type=\"widget\" data-widget_type=\"wd_image_or_svg.default\">\n\t\t\t\t<div class=\"elementor-widget-container\">\n\t\t\t\n\t\t<div class=\"wd-image text-center\">\n\t\t\t\t\t\t\t\t<img decoding=\"async\" src=\"https:\/\/tzila.mx\/dev\/wp-content\/uploads\/elementor\/thumbs\/TUF-GAMING-Z590-PLUS-WIFI-9-ppcosv3lmlefcjnnvlw5jmloufal0mwui0p6witho8.png\" title=\"TUF GAMING Z590-PLUS WIFI-9\" alt=\"TUF GAMING Z590-PLUS WIFI-9\" \/>\t\t\t\t\t<\/div>\n\n\t\t\t\t<\/div>\n\t\t\t\t<\/div>\n\t\t\t\t<div class=\"elementor-element elementor-element-7d838dd elementor-widget elementor-widget-wd_text_block\" data-id=\"7d838dd\" data-element_type=\"widget\" data-widget_type=\"wd_text_block.default\">\n\t\t\t\t<div class=\"elementor-widget-container\">\n\t\t\t\t\t<div class=\"wd-text-block reset-last-child text-left\">\n\t\t\t\n\t\t\t<h4>Overclocking de IA<\/h4><p>ROG AI Overclocking es una utilidad inteligente que lo ayuda a aprovechar al m\u00e1ximo su compilaci\u00f3n al perfilar autom\u00e1ticamente su CPU y sistema de enfriamiento para predecir la configuraci\u00f3n \u00f3ptima de voltaje y frecuencia.<\/p><p>Accesible a trav\u00e9s del software AI Suite en Windows o directamente a trav\u00e9s de UEFI, la intuitiva interfaz de usuario de AI Overclocking permite a los usuarios de todos los niveles. Hay disponible una variedad de configuraciones personalizables para overclockers experimentados, y una opci\u00f3n de ajuste autom\u00e1tico est\u00e1 disponible para principiantes.<\/p>\n\t\t\t\t\t<\/div>\n\t\t\t\t<\/div>\n\t\t\t\t<\/div>\n\t\t\t\t<div class=\"elementor-element elementor-element-d0a2373 elementor-widget elementor-widget-wd_text_block\" data-id=\"d0a2373\" data-element_type=\"widget\" data-widget_type=\"wd_text_block.default\">\n\t\t\t\t<div class=\"elementor-widget-container\">\n\t\t\t\t\t<div class=\"wd-text-block reset-last-child text-left\">\n\t\t\t\n\t\t\t<h4>Redes de IA<\/h4><p>La utilidad patentada ROG GameFirst VI est\u00e1 dise\u00f1ada para ayudar a todos los usuarios (principiantes, expertos y todos los dem\u00e1s) a optimizar la configuraci\u00f3n de la red para garantizar un juego en l\u00ednea fluido. Como novedad en esta generaci\u00f3n, GameFirst VI cuenta con tecnolog\u00edas de impulso e identificaci\u00f3n mejoradas por IA para garantizar una optimizaci\u00f3n de la red m\u00e1s r\u00e1pida e inteligente.<\/p>\n\t\t\t\t\t<\/div>\n\t\t\t\t<\/div>\n\t\t\t\t<\/div>\n\t\t\t\t<div class=\"elementor-element elementor-element-7d71050 elementor-widget elementor-widget-wd_text_block\" data-id=\"7d71050\" data-element_type=\"widget\" data-widget_type=\"wd_text_block.default\">\n\t\t\t\t<div class=\"elementor-widget-container\">\n\t\t\t\t\t<div class=\"wd-text-block reset-last-child text-left\">\n\t\t\t\n\t\t\t<h4>MICR\u00d3FONO CON CANCELACI\u00d3N DE RUIDO AI<\/h4><p>El software AI Noise-Canceling Microphone se incluye exclusivamente en las placas base ASUS y es compatible con auriculares de 3,5 mm, USB o Bluetooth. La utilidad aprovecha una base de datos masiva de aprendizaje profundo para preservar el sonido de su voz mientras elimina el ruido del teclado, los clics del mouse y otras formas de ruido ambiental que distraen. Y solo coloca una ligera carga en la CPU, lo que garantiza un impacto m\u00ednimo en el rendimiento de los juegos.<\/p>\n\t\t\t\t\t<\/div>\n\t\t\t\t<\/div>\n\t\t\t\t<\/div>\n\t\t\t\t<div class=\"elementor-element elementor-element-7a297c2 elementor-widget elementor-widget-wd_image_or_svg\" data-id=\"7a297c2\" data-element_type=\"widget\" data-widget_type=\"wd_image_or_svg.default\">\n\t\t\t\t<div class=\"elementor-widget-container\">\n\t\t\t\n\t\t<div class=\"wd-image text-center\">\n\t\t\t\t\t\t\t\t<img decoding=\"async\" src=\"https:\/\/tzila.mx\/dev\/wp-content\/uploads\/elementor\/thumbs\/ROG-STRIX-Z690-F-GAMING-WIFI-des-2-pq4sejhy7pok0g4p50eipa4gn5fm8wbxuhb0z80i48.png\" title=\"ROG STRIX Z690-F GAMING WIFI-des-2\" alt=\"ROG STRIX Z690-F GAMING WIFI-des-2\" \/>\t\t\t\t\t<\/div>\n\n\t\t\t\t<\/div>\n\t\t\t\t<\/div>\n\t\t\t\t\t<\/div>\n\t\t<\/div>\n\t\t\t\t<div class=\"elementor-column elementor-col-33 elementor-top-column elementor-element elementor-element-ba9b9c1\" data-id=\"ba9b9c1\" data-element_type=\"column\">\n\t\t\t<div class=\"elementor-widget-wrap elementor-element-populated\">\n\t\t\t\t\t\t\t\t<div class=\"elementor-element elementor-element-6062d79 elementor-widget elementor-widget-wd_text_block\" data-id=\"6062d79\" data-element_type=\"widget\" data-widget_type=\"wd_text_block.default\">\n\t\t\t\t<div class=\"elementor-widget-container\">\n\t\t\t\t\t<div class=\"wd-text-block reset-last-child text-left\">\n\t\t\t\n\t\t\t<h4>CONECTIVIDAD L\u00cdDER<\/h4><p>ROG Strix Z690-F Gaming WiFi ofrece una conectividad incre\u00edblemente r\u00e1pida para experiencias en l\u00ednea superfluidas y transferencias de datos ultrarr\u00e1pidas. Adem\u00e1s de esas ventajas, hemos logrado incorporar una soluci\u00f3n de audio avanzada que le permite seleccionar las se\u00f1ales m\u00e1s peque\u00f1as y concentrarse en sus oponentes.<\/p>\n\t\t\t\t\t<\/div>\n\t\t\t\t<\/div>\n\t\t\t\t<\/div>\n\t\t\t\t<div class=\"elementor-element elementor-element-db98687 elementor-widget elementor-widget-wd_text_block\" data-id=\"db98687\" data-element_type=\"widget\" data-widget_type=\"wd_text_block.default\">\n\t\t\t\t<div class=\"elementor-widget-container\">\n\t\t\t\t\t<div class=\"wd-text-block reset-last-child text-left\">\n\t\t\t\n\t\t\t<h4>Fuerza de overclocking DDR5: perfil de memoria mejorado de ASUS<\/h4><p>Las opciones integrales de ajuste de memoria son la piedra angular de las placas base ROG. Para DDR5, la l\u00ednea Strix Z690 supera los l\u00edmites de rendimiento al proporcionar un conjunto apilado de par\u00e1metros de overclocking no solo para kits de alta velocidad, sino tambi\u00e9n para m\u00f3dulos de memoria de nivel de entrada que tienen un IC de administraci\u00f3n de energ\u00eda (PMIC) bloqueado.<br \/>\u00bfNuevo en overclocking? Haga clic aqu\u00ed para conocer la tecnolog\u00eda AEMP exclusiva de ASUS<\/p><p>Un circuito dedicado en la placa base elude de forma segura las restricciones PMIC de la memoria DDR5, lo que le permite superar el l\u00edmite predeterminado de 1,1 voltios y llevar la frecuencia y los tiempos al m\u00e1ximo.<br \/>Por lo general, un PMIC restringido que se ha desbloqueado requiere que el sistema se reinicie por completo cada vez que se ajusta el voltaje de la memoria. Las placas base ROG aprovechan el hardware y el firmware integrados para sortear inteligentemente esta molesta limitaci\u00f3n, lo que permite aplicar ajustes de voltaje a trav\u00e9s del mismo proceso de reinicio suave del sistema empleado para las generaciones anteriores de memoria DDR.<\/p>\n\t\t\t\t\t<\/div>\n\t\t\t\t<\/div>\n\t\t\t\t<\/div>\n\t\t\t\t<div class=\"elementor-element elementor-element-33634f0 elementor-widget elementor-widget-wd_text_block\" data-id=\"33634f0\" data-element_type=\"widget\" data-widget_type=\"wd_text_block.default\">\n\t\t\t\t<div class=\"elementor-widget-container\">\n\t\t\t\t\t<div class=\"wd-text-block reset-last-child text-left\">\n\t\t\t\n\t\t\t<h4>Rendimiento PCIe<\/h4><p>Con cuatro ranuras M.2 estrat\u00e9gicamente ubicadas, ROG Strix Z690-F Gaming WiFi aprovecha el potente ancho de banda de la CPU y el chipset para ofrecer transferencias de datos PCIe 4.0 ultrarr\u00e1pidas, Intel NVM Express\u00ae RAID y opciones de unidades de alta capacidad que superan a las tradicionales SATA- SSD\u00a0<\/p>\n\t\t\t\t\t<\/div>\n\t\t\t\t<\/div>\n\t\t\t\t<\/div>\n\t\t\t\t<div class=\"elementor-element elementor-element-5967404 elementor-widget elementor-widget-wd_image_or_svg\" data-id=\"5967404\" data-element_type=\"widget\" data-widget_type=\"wd_image_or_svg.default\">\n\t\t\t\t<div class=\"elementor-widget-container\">\n\t\t\t\n\t\t<div class=\"wd-image text-center\">\n\t\t\t\t\t\t\t\t<img loading=\"lazy\" decoding=\"async\" width=\"979\" height=\"482\" src=\"https:\/\/tzila.mx\/dev\/wp-content\/uploads\/2022\/06\/ROG-STRIX-Z690-F-GAMING-WIFI-des-1.png\" class=\"attachment-full size-full\" alt=\"\" srcset=\"https:\/\/tzila.mx\/dev\/wp-content\/uploads\/2022\/06\/ROG-STRIX-Z690-F-GAMING-WIFI-des-1.png 979w, https:\/\/tzila.mx\/dev\/wp-content\/uploads\/2022\/06\/ROG-STRIX-Z690-F-GAMING-WIFI-des-1-400x197.png 400w, https:\/\/tzila.mx\/dev\/wp-content\/uploads\/2022\/06\/ROG-STRIX-Z690-F-GAMING-WIFI-des-1-768x378.png 768w, https:\/\/tzila.mx\/dev\/wp-content\/uploads\/2022\/06\/ROG-STRIX-Z690-F-GAMING-WIFI-des-1-860x423.png 860w, https:\/\/tzila.mx\/dev\/wp-content\/uploads\/2022\/06\/ROG-STRIX-Z690-F-GAMING-WIFI-des-1-430x212.png 430w, https:\/\/tzila.mx\/dev\/wp-content\/uploads\/2022\/06\/ROG-STRIX-Z690-F-GAMING-WIFI-des-1-700x345.png 700w, https:\/\/tzila.mx\/dev\/wp-content\/uploads\/2022\/06\/ROG-STRIX-Z690-F-GAMING-WIFI-des-1-150x74.png 150w\" sizes=\"auto, (max-width: 979px) 100vw, 979px\" \/>\t\t\t\t\t<\/div>\n\n\t\t\t\t<\/div>\n\t\t\t\t<\/div>\n\t\t\t\t<div class=\"elementor-element elementor-element-2a57402 elementor-widget elementor-widget-wd_text_block\" data-id=\"2a57402\" data-element_type=\"widget\" data-widget_type=\"wd_text_block.default\">\n\t\t\t\t<div class=\"elementor-widget-container\">\n\t\t\t\t\t<div class=\"wd-text-block reset-last-child text-left\">\n\t\t\t\n\t\t\t<h4>Wi-Fi 6E (802.11ax)<\/h4><p>La tecnolog\u00eda WiFi 6E integrada aprovecha el nuevo espectro de radio disponible en la banda de 6 GHz. Proporciona hasta tres veces el ancho de banda de la banda de 5 GHz y hasta siete bandas de 160 MHz para ofrecer velocidades de red inal\u00e1mbrica ultrarr\u00e1pidas y una capacidad mejorada, as\u00ed como un mejor rendimiento en entornos inal\u00e1mbricos densos.<\/p><h4>Intel Ethernet de 2,5 Gb<\/h4><p>El Ethernet de 2,5 Gb incorporado le da un impulso a su conexi\u00f3n por cable, brindando hasta 2,5 veces la velocidad de las conexiones Ethernet est\u00e1ndar para transferencias de archivos m\u00e1s r\u00e1pidas, juegos con poca demora y transmisi\u00f3n de video de alta resoluci\u00f3n.<\/p>\n\t\t\t\t\t<\/div>\n\t\t\t\t<\/div>\n\t\t\t\t<\/div>\n\t\t\t\t<div class=\"elementor-element elementor-element-0274347 elementor-widget elementor-widget-wd_text_block\" data-id=\"0274347\" data-element_type=\"widget\" data-widget_type=\"wd_text_block.default\">\n\t\t\t\t<div class=\"elementor-widget-container\">\n\t\t\t\t\t<div class=\"wd-text-block reset-last-child text-left\">\n\t\t\t\n\t\t\t<h4>BIOS UEFI<\/h4><p>El renombrado ROG UEFI (BIOS) proporciona todo lo que necesita para configurar, modificar y ajustar su equipo. Ofrece opciones inteligentemente simplificadas para los reci\u00e9n llegados a la PC DIY, as\u00ed como funciones m\u00e1s completas para los veteranos experimentados.<\/p>\n\t\t\t\t\t<\/div>\n\t\t\t\t<\/div>\n\t\t\t\t<\/div>\n\t\t\t\t<div class=\"elementor-element elementor-element-078b475 elementor-widget elementor-widget-wd_button\" data-id=\"078b475\" data-element_type=\"widget\" data-widget_type=\"wd_button.default\">\n\t\t\t\t<div class=\"elementor-widget-container\">\n\t\t\t\t\t<div class=\"wd-button-wrapper text-center\" >\n\t\t\t<a class=\"btn btn-style-link btn-shape- btn-size-large btn-scheme-light btn-scheme-hover-dark btn-icon-pos-right\"  href=\"https:\/\/rog.asus.com\/motherboards\/rog-strix\/rog-strix-z690-f-gaming-wifi-model\/\" target=\"_blank\">\n\t\t\t\t<span class=\"wd-btn-text\" data-elementor-setting-key=\"text\">\n\t\t\t\t\tSaber m\u00e1s\t\t\t\t<\/span>\n\n\t\t\t\t\t\t\t<\/a>\n\t\t<\/div>\n\t\t\t\t<\/div>\n\t\t\t\t<\/div>\n\t\t\t\t\t<\/div>\n\t\t<\/div>\n\t\t\t\t\t\t\t<\/div>\n\t\t<\/section>\n\t\t\t\t\t\t<\/div>\n\t\t\t\t\t<\/div>\n\t\t","protected":false},"excerpt":{"rendered":"<h4>Caracter\u00edsticas principales:<\/h4>\n<p><span class=\"s1\">\u25cf\u00a0<\/span>Tarjeta madre Z690 Chipset<br \/>\n<span class=\"s1\">\u25cf <\/span>LGA 1700 ATX con PCIe<sup>\u00ae<\/sup>5.0<br \/>\n<span class=\"s1\">\u25cf Cuatro ranuras M.2 con disipadores de calor<\/span><br \/>\n<span class=\"s1\">\u25cf <\/span>AI Networking, WiFi 6E (802.11ax), Intel<sup>\u00ae<\/sup>2.5 Gb Ethernet<br \/>\n<span class=\"s1\">\u25cf Soporte de memoria DDR5<\/span><br \/>\n<span class=\"s1\">\u25cf <\/span>PCIe 4.0 NVMe<sup>\u00ae<\/sup>SSD support, M.2 backplate<br \/>\n<span class=\"s1\">\u25cf <\/span>USB 3.2 Gen 2&#215;2 Type-C<sup>\u00ae<\/sup><br \/>\n<span class=\"s1\">\u25cf <\/span>SATA y Aura Sync RGB lighting<\/p>\n","protected":false},"featured_media":12879,"comment_status":"open","ping_status":"closed","template":"","meta":[],"product_cat":[20,79,100],"product_tag":[114],"class_list":["post-15403","product","type-product","status-publish","has-post-thumbnail","hentry","product_cat-hardware","product_cat-mother-board","product_cat-asus","product_tag-rog-gaming","pa_brand-asus"],"_links":{"self":[{"href":"https:\/\/tzila.mx\/dev\/wp-json\/wp\/v2\/product\/15403","targetHints":{"allow":["GET"]}}],"collection":[{"href":"https:\/\/tzila.mx\/dev\/wp-json\/wp\/v2\/product"}],"about":[{"href":"https:\/\/tzila.mx\/dev\/wp-json\/wp\/v2\/types\/product"}],"replies":[{"embeddable":true,"href":"https:\/\/tzila.mx\/dev\/wp-json\/wp\/v2\/comments?post=15403"}],"version-history":[{"count":8,"href":"https:\/\/tzila.mx\/dev\/wp-json\/wp\/v2\/product\/15403\/revisions"}],"predecessor-version":[{"id":15584,"href":"https:\/\/tzila.mx\/dev\/wp-json\/wp\/v2\/product\/15403\/revisions\/15584"}],"wp:featuredmedia":[{"embeddable":true,"href":"https:\/\/tzila.mx\/dev\/wp-json\/wp\/v2\/media\/12879"}],"wp:attachment":[{"href":"https:\/\/tzila.mx\/dev\/wp-json\/wp\/v2\/media?parent=15403"}],"wp:term":[{"taxonomy":"product_cat","embeddable":true,"href":"https:\/\/tzila.mx\/dev\/wp-json\/wp\/v2\/product_cat?post=15403"},{"taxonomy":"product_tag","embeddable":true,"href":"https:\/\/tzila.mx\/dev\/wp-json\/wp\/v2\/product_tag?post=15403"}],"curies":[{"name":"wp","href":"https:\/\/api.w.org\/{rel}","templated":true}]}}