{"id":13642,"date":"2022-06-01T20:58:39","date_gmt":"2022-06-02T01:58:39","guid":{"rendered":"https:\/\/tzila.mx\/dev\/?post_type=product&#038;p=13642"},"modified":"2022-06-29T11:36:32","modified_gmt":"2022-06-29T16:36:32","slug":"tarjeta-madre-asus-tuf-gaming-x570-pro-wi-fi","status":"publish","type":"product","link":"https:\/\/tzila.mx\/dev\/producto\/tarjeta-madre-asus-tuf-gaming-x570-pro-wi-fi\/","title":{"rendered":"Tarjeta Madre ASUS TUF Gaming X570-PRO (WI-FI)"},"content":{"rendered":"\t\t<div data-elementor-type=\"wp-post\" data-elementor-id=\"13642\" class=\"elementor elementor-13642\" data-elementor-settings=\"[]\">\n\t\t\t\t\t\t\t<div class=\"elementor-section-wrap\">\n\t\t\t\t\t\t\t<section class=\"elementor-section elementor-top-section elementor-element elementor-element-a77d38a elementor-section-boxed elementor-section-height-default elementor-section-height-default wd-section-disabled\" data-id=\"a77d38a\" data-element_type=\"section\">\n\t\t\t\t\t\t<div class=\"elementor-container elementor-column-gap-default\">\n\t\t\t\t\t<div class=\"elementor-column elementor-col-33 elementor-top-column elementor-element elementor-element-606b0e0\" data-id=\"606b0e0\" data-element_type=\"column\">\n\t\t\t<div class=\"elementor-widget-wrap elementor-element-populated\">\n\t\t\t\t\t\t\t\t<div class=\"elementor-element elementor-element-2efa55d elementor-widget elementor-widget-wd_text_block\" data-id=\"2efa55d\" data-element_type=\"widget\" data-widget_type=\"wd_text_block.default\">\n\t\t\t\t<div class=\"elementor-widget-container\">\n\t\t\t\t\t<div class=\"wd-text-block reset-last-child text-left\">\n\t\t\t\n\t\t\t<h5><strong>M\u00c1S ESPECIFICACIONES<\/strong><strong>:<\/strong><\/h5>\n\t\t\t\t\t<\/div>\n\t\t\t\t<\/div>\n\t\t\t\t<\/div>\n\t\t\t\t<div class=\"elementor-element elementor-element-00b20a9 elementor-widget elementor-widget-wd_text_block\" data-id=\"00b20a9\" data-element_type=\"widget\" data-widget_type=\"wd_text_block.default\">\n\t\t\t\t<div class=\"elementor-widget-container\">\n\t\t\t\t\t<div class=\"wd-text-block reset-last-child text-left\">\n\t\t\t\n\t\t\t<p><strong>\u25cf <\/strong>Socket AMD AM4: \u202f Listo para AMD Ryzen\u2122 Procesadores de escritorio.<br \/>\u25cf Soluci\u00f3n de potencia mejorada<br \/>\u25cf Refrigeraci\u00f3n completa<br \/>\u25cf Conectividad de pr\u00f3xima generaci\u00f3n<br \/>\u25cf Dise\u00f1ado para juegos en l\u00ednea<br \/>\u25cf C\u00f3dec Realtek S1200A<br \/><strong>\u25cf <\/strong>Aura Sync RGB<br \/>\u25cf TUF Gaming Alliance<\/p>\n\t\t\t\t\t<\/div>\n\t\t\t\t<\/div>\n\t\t\t\t<\/div>\n\t\t\t\t\t<\/div>\n\t\t<\/div>\n\t\t\t\t<div class=\"elementor-column elementor-col-66 elementor-top-column elementor-element elementor-element-b692253\" data-id=\"b692253\" data-element_type=\"column\">\n\t\t\t<div class=\"elementor-widget-wrap elementor-element-populated\">\n\t\t\t\t\t\t\t\t<div class=\"elementor-element elementor-element-0fefcf7 elementor-widget elementor-widget-wd_image_or_svg\" data-id=\"0fefcf7\" data-element_type=\"widget\" data-widget_type=\"wd_image_or_svg.default\">\n\t\t\t\t<div class=\"elementor-widget-container\">\n\t\t\t\n\t\t<div class=\"wd-image text-center\">\n\t\t\t\t\t\t\t\t<img decoding=\"async\" src=\"https:\/\/tzila.mx\/dev\/wp-content\/uploads\/elementor\/thumbs\/TUF-GAMING-X570-PRO-WI-FI-des-1-ppp96328e7f7tbybvcyya4un60hydqc53fj53vrvl8.png\" title=\"TUF GAMING X570-PRO (WI-FI)-des-1\" alt=\"TUF GAMING X570-PRO (WI-FI)-des-1\" \/>\t\t\t\t\t<\/div>\n\n\t\t\t\t<\/div>\n\t\t\t\t<\/div>\n\t\t\t\t\t<\/div>\n\t\t<\/div>\n\t\t\t\t\t\t\t<\/div>\n\t\t<\/section>\n\t\t\t\t<section class=\"elementor-section elementor-top-section elementor-element elementor-element-ec9e38a elementor-section-boxed elementor-section-height-default elementor-section-height-default wd-section-disabled\" data-id=\"ec9e38a\" data-element_type=\"section\">\n\t\t\t\t\t\t<div class=\"elementor-container elementor-column-gap-default\">\n\t\t\t\t\t<div class=\"elementor-column elementor-col-33 elementor-top-column elementor-element elementor-element-c833c6a\" data-id=\"c833c6a\" data-element_type=\"column\">\n\t\t\t<div class=\"elementor-widget-wrap elementor-element-populated\">\n\t\t\t\t\t\t\t\t<div class=\"elementor-element elementor-element-6ae12e9 elementor-widget elementor-widget-wd_text_block\" data-id=\"6ae12e9\" data-element_type=\"widget\" data-widget_type=\"wd_text_block.default\">\n\t\t\t\t<div class=\"elementor-widget-container\">\n\t\t\t\t\t<div class=\"wd-text-block reset-last-child text-left\">\n\t\t\t\n\t\t\t<h4 id=\"top_word\">Durable, estable y fiable.<\/h4><p>TUF Gaming X570-Pro (Wi-Fi) destila los elementos esenciales de la \u00faltima plataforma AMD y los combina con funciones listas para jugar y durabilidad comprobada. Dise\u00f1adas con componentes de grado militar, soluciones de alimentaci\u00f3n mejoradas y un conjunto completo de opciones de refrigeraci\u00f3n, estas placas base ofrecen un rendimiento s\u00f3lido con una estabilidad de juego inquebrantable.<\/p><p>Cuando construyes con una placa base TUF Gaming, tambi\u00e9n te beneficias de TUF Gaming Alliance, una colaboraci\u00f3n de ASUS con socios confiables de la industria que garantiza una construcci\u00f3n m\u00e1s sencilla, la mejor compatibilidad y una est\u00e9tica complementaria desde los componentes hasta la carcasa.<\/p>\n\t\t\t\t\t<\/div>\n\t\t\t\t<\/div>\n\t\t\t\t<\/div>\n\t\t\t\t<div class=\"elementor-element elementor-element-252ec94 elementor-widget elementor-widget-wd_text_block\" data-id=\"252ec94\" data-element_type=\"widget\" data-widget_type=\"wd_text_block.default\">\n\t\t\t\t<div class=\"elementor-widget-container\">\n\t\t\t\t\t<div class=\"wd-text-block reset-last-child text-left\">\n\t\t\t\n\t\t\t<h4>Rendimiento s\u00f3lido como una roca<\/h4><p>Con entrega de energ\u00eda mejorada y opciones de enfriamiento integrales para alimentar las \u00faltimas CPU de AMD, adem\u00e1s de soporte para memoria y almacenamiento m\u00e1s r\u00e1pidos, TUF Gaming X570-Pro (Wi-Fi) es la base perfecta para su pr\u00f3ximo equipo de batalla de AMD con un alto n\u00famero de n\u00facleos.<\/p>\n\t\t\t\t\t<\/div>\n\t\t\t\t<\/div>\n\t\t\t\t<\/div>\n\t\t\t\t<div class=\"elementor-element elementor-element-8604524 elementor-widget elementor-widget-wd_image_or_svg\" data-id=\"8604524\" data-element_type=\"widget\" data-widget_type=\"wd_image_or_svg.default\">\n\t\t\t\t<div class=\"elementor-widget-container\">\n\t\t\t\n\t\t<div class=\"wd-image text-center\">\n\t\t\t\t\t\t\t\t<img loading=\"lazy\" decoding=\"async\" width=\"744\" height=\"997\" src=\"https:\/\/tzila.mx\/dev\/wp-content\/uploads\/2022\/06\/TUF-GAMING-X570-PRO-WI-FI-des-2.png\" class=\"attachment-full size-full\" alt=\"\" srcset=\"https:\/\/tzila.mx\/dev\/wp-content\/uploads\/2022\/06\/TUF-GAMING-X570-PRO-WI-FI-des-2.png 744w, https:\/\/tzila.mx\/dev\/wp-content\/uploads\/2022\/06\/TUF-GAMING-X570-PRO-WI-FI-des-2-224x300.png 224w, https:\/\/tzila.mx\/dev\/wp-content\/uploads\/2022\/06\/TUF-GAMING-X570-PRO-WI-FI-des-2-597x800.png 597w, https:\/\/tzila.mx\/dev\/wp-content\/uploads\/2022\/06\/TUF-GAMING-X570-PRO-WI-FI-des-2-430x576.png 430w, https:\/\/tzila.mx\/dev\/wp-content\/uploads\/2022\/06\/TUF-GAMING-X570-PRO-WI-FI-des-2-700x938.png 700w, https:\/\/tzila.mx\/dev\/wp-content\/uploads\/2022\/06\/TUF-GAMING-X570-PRO-WI-FI-des-2-150x201.png 150w\" sizes=\"auto, (max-width: 744px) 100vw, 744px\" \/>\t\t\t\t\t<\/div>\n\n\t\t\t\t<\/div>\n\t\t\t\t<\/div>\n\t\t\t\t<div class=\"elementor-element elementor-element-e9bf201 elementor-widget elementor-widget-wd_text_block\" data-id=\"e9bf201\" data-element_type=\"widget\" data-widget_type=\"wd_text_block.default\">\n\t\t\t\t<div class=\"elementor-widget-container\">\n\t\t\t\t\t<div class=\"wd-text-block reset-last-child text-left\">\n\t\t\t\n\t\t\t<div class=\"row-content\" data-v-b7353816=\"\"><h4 class=\"easy_pc_diy\">DIY PC SENCILLO<\/h4><p>Las tarjetas madre TUF Gaming est\u00e1n dise\u00f1adas para ser f\u00e1ciles de instalar y configurar de la manera que desee, incluso para los constructores primerizos. Desde el ecosistema TUF Gaming Alliance que facilita la compatibilidad y la selecci\u00f3n de piezas hasta un portal de software integral para todas sus configuraciones, las placas base TUF Gaming le brindan todo lo que necesita para construir la plataforma de juegos de sus sue\u00f1os sin agregar complejidad.<\/p><\/div>\n\t\t\t\t\t<\/div>\n\t\t\t\t<\/div>\n\t\t\t\t<\/div>\n\t\t\t\t<div class=\"elementor-element elementor-element-4f49f18 elementor-widget elementor-widget-wd_text_block\" data-id=\"4f49f18\" data-element_type=\"widget\" data-widget_type=\"wd_text_block.default\">\n\t\t\t\t<div class=\"elementor-widget-container\">\n\t\t\t\t\t<div class=\"wd-text-block reset-last-child text-left\">\n\t\t\t\n\t\t\t<div class=\"row-content r-side\" data-v-b7353816=\"\"><h4 class=\"tab_title\">Dise\u00f1o de alimentaci\u00f3n<\/h4><p>\u25cf DrMOS<br \/>\u25cf Placa de circuito de 6 capas<br \/>\u25cf Tomas de alimentaci\u00f3n ProCool<br \/>\u25cf Componentes TUF<br \/>\u25cf Digi+ VRM<\/p><\/div>\n\t\t\t\t\t<\/div>\n\t\t\t\t<\/div>\n\t\t\t\t<\/div>\n\t\t\t\t\t<\/div>\n\t\t<\/div>\n\t\t\t\t<div class=\"elementor-column elementor-col-33 elementor-top-column elementor-element elementor-element-e7b3bda\" data-id=\"e7b3bda\" data-element_type=\"column\">\n\t\t\t<div class=\"elementor-widget-wrap elementor-element-populated\">\n\t\t\t\t\t\t\t\t<div class=\"elementor-element elementor-element-c1a34ba elementor-widget elementor-widget-wd_text_block\" data-id=\"c1a34ba\" data-element_type=\"widget\" data-widget_type=\"wd_text_block.default\">\n\t\t\t\t<div class=\"elementor-widget-container\">\n\t\t\t\t\t<div class=\"wd-text-block reset-last-child text-left\">\n\t\t\t\n\t\t\t<div class=\"row-content r-side\" data-v-b7353816=\"\"><h4>Doble PCIe 4.0 m.2<\/h4><p>Las ranuras PCIe 4.0 M.2 duales admiten hasta el tipo 22110 y brindan compatibilidad con NVMe SSD RAID para un aumento de rendimiento incre\u00edble. Cree una configuraci\u00f3n RAID con hasta dos dispositivos de almacenamiento PCIe 4.0 para disfrutar de las velocidades de transferencia de datos m\u00e1s r\u00e1pidas en la plataforma AMD Ryzen de tercera generaci\u00f3n.<\/p><\/div>\n\t\t\t\t\t<\/div>\n\t\t\t\t<\/div>\n\t\t\t\t<\/div>\n\t\t\t\t<div class=\"elementor-element elementor-element-696e1a7 elementor-widget elementor-widget-wd_image_or_svg\" data-id=\"696e1a7\" data-element_type=\"widget\" data-widget_type=\"wd_image_or_svg.default\">\n\t\t\t\t<div class=\"elementor-widget-container\">\n\t\t\t\n\t\t<div class=\"wd-image text-center\">\n\t\t\t\t\t\t\t\t<img decoding=\"async\" src=\"https:\/\/tzila.mx\/dev\/wp-content\/uploads\/elementor\/thumbs\/TUF-GAMING-Z590-PLUS-WIFI-9-ppcosv3lmlefcjnnvlw5jmloufal0mwui0p6witho8.png\" title=\"TUF GAMING Z590-PLUS WIFI-9\" alt=\"TUF GAMING Z590-PLUS WIFI-9\" \/>\t\t\t\t\t<\/div>\n\n\t\t\t\t<\/div>\n\t\t\t\t<\/div>\n\t\t\t\t<div class=\"elementor-element elementor-element-7d838dd elementor-widget elementor-widget-wd_text_block\" data-id=\"7d838dd\" data-element_type=\"widget\" data-widget_type=\"wd_text_block.default\">\n\t\t\t\t<div class=\"elementor-widget-container\">\n\t\t\t\t\t<div class=\"wd-text-block reset-last-child text-left\">\n\t\t\t\n\t\t\t<h4>Monta tu equipo con confianza<\/h4><p>TUF Gaming Alliance es una colaboraci\u00f3n entre ASUS y marcas confiables de componentes de PC para garantizar la compatibilidad con una amplia gama de piezas, como carcasas de PC, fuentes de alimentaci\u00f3n, enfriadores de CPU, kits de memoria y m\u00e1s. Con m\u00e1s asociaciones y componentes que se agregan regularmente, TUF Gaming Alliance continuar\u00e1 creciendo a\u00fan m\u00e1s fuerte.<\/p>\n\t\t\t\t\t<\/div>\n\t\t\t\t<\/div>\n\t\t\t\t<\/div>\n\t\t\t\t<div class=\"elementor-element elementor-element-d0a2373 elementor-widget elementor-widget-wd_text_block\" data-id=\"d0a2373\" data-element_type=\"widget\" data-widget_type=\"wd_text_block.default\">\n\t\t\t\t<div class=\"elementor-widget-container\">\n\t\t\t\t\t<div class=\"wd-text-block reset-last-child text-left\">\n\t\t\t\n\t\t\t<h4 class=\"fix_h2\">Gaming inmersivo<\/h4><p>TUF Gaming X570-Pro (Wi-Fi) proporciona un paquete de juegos completo y de alto rendimiento con una larga lista de caracter\u00edsticas para mejorar su experiencia, que incluyen redes ultrarr\u00e1pidas para un juego en l\u00ednea m\u00e1s fluido, audio pr\u00edstino con se\u00f1ales posicionales para juegos FPS y RGB integrado iluminaci\u00f3n que se sincroniza con los accesorios adjuntos para ayudarlo a crear una atm\u00f3sfera de juego personalizada.<\/p>\n\t\t\t\t\t<\/div>\n\t\t\t\t<\/div>\n\t\t\t\t<\/div>\n\t\t\t\t<div class=\"elementor-element elementor-element-7d71050 elementor-widget elementor-widget-wd_text_block\" data-id=\"7d71050\" data-element_type=\"widget\" data-widget_type=\"wd_text_block.default\">\n\t\t\t\t<div class=\"elementor-widget-container\">\n\t\t\t\t\t<div class=\"wd-text-block reset-last-child text-left\">\n\t\t\t\n\t\t\t<h4>MICR\u00d3FONO CON CANCELACI\u00d3N DE RUIDO AI<\/h4><p>El software AI Noise-Canceling Microphone se incluye exclusivamente en las placas base ASUS y es compatible con auriculares de 3,5 mm, USB o Bluetooth. La utilidad aprovecha una base de datos masiva de aprendizaje profundo para preservar el sonido de su voz mientras elimina el ruido del teclado, los clics del mouse y otras formas de ruido ambiental que distraen. Y solo coloca una ligera carga en la CPU, lo que garantiza un impacto m\u00ednimo en el rendimiento de los juegos.<\/p>\n\t\t\t\t\t<\/div>\n\t\t\t\t<\/div>\n\t\t\t\t<\/div>\n\t\t\t\t<div class=\"elementor-element elementor-element-7a297c2 elementor-widget elementor-widget-wd_image_or_svg\" data-id=\"7a297c2\" data-element_type=\"widget\" data-widget_type=\"wd_image_or_svg.default\">\n\t\t\t\t<div class=\"elementor-widget-container\">\n\t\t\t\n\t\t<div class=\"wd-image text-center\">\n\t\t\t\t\t\t\t\t<img decoding=\"async\" src=\"https:\/\/tzila.mx\/dev\/wp-content\/uploads\/elementor\/thumbs\/TUF-GAMING-X570-PRO-WI-FI-des-3-ppp96kx3kcjnesxcncz7o0eoyfaz1audmizryrvet4.png\" title=\"TUF GAMING X570-PRO (WI-FI)-des-3\" alt=\"TUF GAMING X570-PRO (WI-FI)-des-3\" \/>\t\t\t\t\t<\/div>\n\n\t\t\t\t<\/div>\n\t\t\t\t<\/div>\n\t\t\t\t\t<\/div>\n\t\t<\/div>\n\t\t\t\t<div class=\"elementor-column elementor-col-33 elementor-top-column elementor-element elementor-element-ba9b9c1\" data-id=\"ba9b9c1\" data-element_type=\"column\">\n\t\t\t<div class=\"elementor-widget-wrap elementor-element-populated\">\n\t\t\t\t\t\t\t\t<div class=\"elementor-element elementor-element-6062d79 elementor-widget elementor-widget-wd_text_block\" data-id=\"6062d79\" data-element_type=\"widget\" data-widget_type=\"wd_text_block.default\">\n\t\t\t\t<div class=\"elementor-widget-container\">\n\t\t\t\t\t<div class=\"wd-text-block reset-last-child text-left\">\n\t\t\t\n\t\t\t<h4>Ethernet Intel\u00ae de 2,5 Gb<\/h4><p>Intel Ethernet Connection I225-V reduce la sobrecarga de la CPU y ofrece un rendimiento TCP y UDP excepcionalmente alto para una transferencia de datos m\u00e1s r\u00e1pida y fluida.<\/p>\n\t\t\t\t\t<\/div>\n\t\t\t\t<\/div>\n\t\t\t\t<\/div>\n\t\t\t\t<div class=\"elementor-element elementor-element-db98687 elementor-widget elementor-widget-wd_text_block\" data-id=\"db98687\" data-element_type=\"widget\" data-widget_type=\"wd_text_block.default\">\n\t\t\t\t<div class=\"elementor-widget-container\">\n\t\t\t\t\t<div class=\"wd-text-block reset-last-child text-left\">\n\t\t\t\n\t\t\t<h4>Intel\u00ae Wi-Fi 6 AX200<\/h4><p>El m\u00f3dulo Intel\u00ae WiFi 6 AX200 es compatible con el est\u00e1ndar 802.11ax y aumenta el ancho de banda m\u00e1ximo te\u00f3rico hasta unos incre\u00edbles 2,4 Gbps. Quiz\u00e1s lo m\u00e1s importante para los usuarios avanzados es que est\u00e1 optimizado para un funcionamiento m\u00e1s eficiente en redes saturadas con mucho tr\u00e1fico competitivo. Empareje su placa base con los enrutadores ASUS WiFi 6 para experimentar completamente el potencial de red de WiFi 6.<\/p>\n\t\t\t\t\t<\/div>\n\t\t\t\t<\/div>\n\t\t\t\t<\/div>\n\t\t\t\t<div class=\"elementor-element elementor-element-33634f0 elementor-widget elementor-widget-wd_text_block\" data-id=\"33634f0\" data-element_type=\"widget\" data-widget_type=\"wd_text_block.default\">\n\t\t\t\t<div class=\"elementor-widget-container\">\n\t\t\t\t\t<div class=\"wd-text-block reset-last-child text-left\">\n\t\t\t\n\t\t\t<h4>LAN Turbo<\/h4><p>Software de optimizaci\u00f3n de red para priorizaci\u00f3n de paquetes personalizable<br \/>Turbo LAN con tecnolog\u00eda de modelado de tr\u00e1fico cFosSpeed agrega a\u00fan m\u00e1s soporte para reducir el retraso y una interfaz de usuario intuitiva, por lo que reducir\u00e1 el retraso hasta 1,45 veces, sin conocimientos de expertos. \u00a1Incluso incluye el modo Juego para priorizar las transmisiones de datos relacionadas con el juego, suavizando las operaciones de red cada vez que juegas!<\/p>\n\t\t\t\t\t<\/div>\n\t\t\t\t<\/div>\n\t\t\t\t<\/div>\n\t\t\t\t<div class=\"elementor-element elementor-element-5967404 elementor-widget elementor-widget-wd_image_or_svg\" data-id=\"5967404\" data-element_type=\"widget\" data-widget_type=\"wd_image_or_svg.default\">\n\t\t\t\t<div class=\"elementor-widget-container\">\n\t\t\t\n\t\t<div class=\"wd-image text-center\">\n\t\t\t\t\t\t\t\t<img loading=\"lazy\" decoding=\"async\" width=\"510\" height=\"439\" src=\"https:\/\/tzila.mx\/dev\/wp-content\/uploads\/2022\/06\/TUF-GAMING-X570-PRO-WI-FI-des-5.png\" class=\"attachment-full size-full\" alt=\"\" srcset=\"https:\/\/tzila.mx\/dev\/wp-content\/uploads\/2022\/06\/TUF-GAMING-X570-PRO-WI-FI-des-5.png 510w, https:\/\/tzila.mx\/dev\/wp-content\/uploads\/2022\/06\/TUF-GAMING-X570-PRO-WI-FI-des-5-349x300.png 349w, https:\/\/tzila.mx\/dev\/wp-content\/uploads\/2022\/06\/TUF-GAMING-X570-PRO-WI-FI-des-5-430x370.png 430w, https:\/\/tzila.mx\/dev\/wp-content\/uploads\/2022\/06\/TUF-GAMING-X570-PRO-WI-FI-des-5-150x129.png 150w\" sizes=\"auto, (max-width: 510px) 100vw, 510px\" \/>\t\t\t\t\t<\/div>\n\n\t\t\t\t<\/div>\n\t\t\t\t<\/div>\n\t\t\t\t<div class=\"elementor-element elementor-element-2a57402 elementor-widget elementor-widget-wd_text_block\" data-id=\"2a57402\" data-element_type=\"widget\" data-widget_type=\"wd_text_block.default\">\n\t\t\t\t<div class=\"elementor-widget-container\">\n\t\t\t\t\t<div class=\"wd-text-block reset-last-child text-left\">\n\t\t\t\n\t\t\t<h5>AMD AM4 Socket para AMD Ryzen\u2122 de 3.\u00aa y 2.\u00aa generaci\u00f3n \/ AMD Ryzen\u2122 de 2.\u00aa y 1.\u00aa generaci\u00f3n con procesadores gr\u00e1ficos Radeon\u2122 Vega<\/h5><p>Los procesadores AMD Ryzen\u2122 de 3ra generaci\u00f3n de alto rendimiento se basan en la arquitectura Zen de 7nm de pr\u00f3xima generaci\u00f3n y admiten hasta 16 n\u00facleos de procesador. Los procesadores AMD AM4-socket cuentan con memoria DDR4 de dos canales, USB 3.2 Gen 2 nativo de 10 Gb\/s y carriles x16 PCI Express\u00ae 4.0\/3.0 para un rendimiento excelente.<\/p>\n\t\t\t\t\t<\/div>\n\t\t\t\t<\/div>\n\t\t\t\t<\/div>\n\t\t\t\t<div class=\"elementor-element elementor-element-078b475 elementor-widget elementor-widget-wd_button\" data-id=\"078b475\" data-element_type=\"widget\" data-widget_type=\"wd_button.default\">\n\t\t\t\t<div class=\"elementor-widget-container\">\n\t\t\t\t\t<div class=\"wd-button-wrapper text-center\" >\n\t\t\t<a class=\"btn btn-style-link btn-shape- btn-size-large btn-scheme-light btn-scheme-hover-dark btn-icon-pos-right\"  href=\"https:\/\/www.asus.com\/latin\/Motherboards-Components\/Motherboards\/TUF-Gaming\/TUF-GAMING-X570-PRO-WI-FI\/\" target=\"_blank\">\n\t\t\t\t<span class=\"wd-btn-text\" data-elementor-setting-key=\"text\">\n\t\t\t\t\tSaber m\u00e1s\t\t\t\t<\/span>\n\n\t\t\t\t\t\t\t<\/a>\n\t\t<\/div>\n\t\t\t\t<\/div>\n\t\t\t\t<\/div>\n\t\t\t\t\t<\/div>\n\t\t<\/div>\n\t\t\t\t\t\t\t<\/div>\n\t\t<\/section>\n\t\t\t\t\t\t<\/div>\n\t\t\t\t\t<\/div>\n\t\t","protected":false},"excerpt":{"rendered":"<h4>Caracter\u00edsticas principales:<\/h4>\n<p><span class=\"s1\">\u25cf\u00a0<\/span>Tarjeta madre AMD X570\u00a0<span id=\"page17R_mcid250\" class=\"markedContent\"><span dir=\"ltr\" role=\"presentation\">Chipset<\/span><\/span><br \/>\n<span class=\"s1\">\u25cf ATX con PCIe 4.0<\/span><br \/>\n<span class=\"s1\">\u25cf P<\/span>uertos M.2<br \/>\n<span class=\"s1\">\u25cf LAN Intel 2.5G, Wi-Fi 6<\/span><br \/>\n<span class=\"s1\">\u25cf HDMI\u00ae, DisplayPort\u2122<\/span><br \/>\n<span class=\"s1\">\u25cf USB 3.2 Gen 2 Type-C<\/span><br \/>\n<span class=\"s1\">\u25cf 14 fases de poder Dr. MOS<\/span><br \/>\n<span class=\"s1\">\u25cf\u00a0<\/span>Iluminaci\u00f3n Aura Sync RGB<\/p>\n","protected":false},"featured_media":12879,"comment_status":"open","ping_status":"closed","template":"","meta":[],"product_cat":[20,79,100],"product_tag":[218],"class_list":["post-13642","product","type-product","status-publish","has-post-thumbnail","hentry","product_cat-hardware","product_cat-mother-board","product_cat-asus","product_tag-tuf-gaming","pa_brand-asus"],"_links":{"self":[{"href":"https:\/\/tzila.mx\/dev\/wp-json\/wp\/v2\/product\/13642","targetHints":{"allow":["GET"]}}],"collection":[{"href":"https:\/\/tzila.mx\/dev\/wp-json\/wp\/v2\/product"}],"about":[{"href":"https:\/\/tzila.mx\/dev\/wp-json\/wp\/v2\/types\/product"}],"replies":[{"embeddable":true,"href":"https:\/\/tzila.mx\/dev\/wp-json\/wp\/v2\/comments?post=13642"}],"version-history":[{"count":10,"href":"https:\/\/tzila.mx\/dev\/wp-json\/wp\/v2\/product\/13642\/revisions"}],"predecessor-version":[{"id":15585,"href":"https:\/\/tzila.mx\/dev\/wp-json\/wp\/v2\/product\/13642\/revisions\/15585"}],"wp:featuredmedia":[{"embeddable":true,"href":"https:\/\/tzila.mx\/dev\/wp-json\/wp\/v2\/media\/12879"}],"wp:attachment":[{"href":"https:\/\/tzila.mx\/dev\/wp-json\/wp\/v2\/media?parent=13642"}],"wp:term":[{"taxonomy":"product_cat","embeddable":true,"href":"https:\/\/tzila.mx\/dev\/wp-json\/wp\/v2\/product_cat?post=13642"},{"taxonomy":"product_tag","embeddable":true,"href":"https:\/\/tzila.mx\/dev\/wp-json\/wp\/v2\/product_tag?post=13642"}],"curies":[{"name":"wp","href":"https:\/\/api.w.org\/{rel}","templated":true}]}}