{"id":13575,"date":"2022-06-01T15:24:15","date_gmt":"2022-06-01T20:24:15","guid":{"rendered":"https:\/\/tzila.mx\/dev\/?post_type=product&#038;p=13575"},"modified":"2022-06-29T11:36:38","modified_gmt":"2022-06-29T16:36:38","slug":"tarjeta-grafica-asus-dual-radeon-rx-6500-xt-oc-edition-4gb","status":"publish","type":"product","link":"https:\/\/tzila.mx\/dev\/producto\/tarjeta-grafica-asus-dual-radeon-rx-6500-xt-oc-edition-4gb\/","title":{"rendered":"Tarjeta Gr\u00e1fica ASUS Dual Radeon\u2122 RX 6500 XT OC Edition 4GB"},"content":{"rendered":"\t\t<div data-elementor-type=\"wp-post\" data-elementor-id=\"13575\" class=\"elementor elementor-13575\" data-elementor-settings=\"[]\">\n\t\t\t\t\t\t\t<div class=\"elementor-section-wrap\">\n\t\t\t\t\t\t\t<section class=\"elementor-section elementor-top-section elementor-element elementor-element-a77d38a elementor-section-boxed elementor-section-height-default elementor-section-height-default wd-section-disabled\" data-id=\"a77d38a\" data-element_type=\"section\">\n\t\t\t\t\t\t<div class=\"elementor-container elementor-column-gap-default\">\n\t\t\t\t\t<div class=\"elementor-column elementor-col-33 elementor-top-column elementor-element elementor-element-606b0e0\" data-id=\"606b0e0\" data-element_type=\"column\">\n\t\t\t<div class=\"elementor-widget-wrap elementor-element-populated\">\n\t\t\t\t\t\t\t\t<div class=\"elementor-element elementor-element-2efa55d elementor-widget elementor-widget-wd_text_block\" data-id=\"2efa55d\" data-element_type=\"widget\" data-widget_type=\"wd_text_block.default\">\n\t\t\t\t<div class=\"elementor-widget-container\">\n\t\t\t\t\t<div class=\"wd-text-block reset-last-child text-left\">\n\t\t\t\n\t\t\t<h5><strong>M\u00c1S ESPECIFICACIONES<\/strong><strong>:<\/strong><\/h5>\n\t\t\t\t\t<\/div>\n\t\t\t\t<\/div>\n\t\t\t\t<\/div>\n\t\t\t\t<div class=\"elementor-element elementor-element-00b20a9 elementor-widget elementor-widget-wd_text_block\" data-id=\"00b20a9\" data-element_type=\"widget\" data-widget_type=\"wd_text_block.default\">\n\t\t\t\t<div class=\"elementor-widget-container\">\n\t\t\t\t\t<div class=\"wd-text-block reset-last-child text-left\">\n\t\t\t\n\t\t\t<p>\u25cf El dise\u00f1o del ventilador Axial-tech Cuenta con un centro de ventilador m\u00e1s peque\u00f1o que facilita aspas m\u00e1s largas y un anillo de barrera m\u00e1s delgado que proporciona un mejor flujo de aire a trav\u00e9s de la matriz de enfriamiento.<br \/>\u25cf Baleros de ventilador de bolas dobles: Pueden durar hasta el doble que los dise\u00f1os de baleros de convencionales.<br \/>\u25cf Dise\u00f1o de 2 ranuras: Maximiza la compatibilidad y la eficiencia de refrigeraci\u00f3n para un rendimiento superior en gabinetes peque\u00f1os.<br \/>\u25cf Placa trasera protectora: Evita que la PCB se flexione y se da\u00f1en las l\u00edneas.<br \/><br \/><\/p>\n\t\t\t\t\t<\/div>\n\t\t\t\t<\/div>\n\t\t\t\t<\/div>\n\t\t\t\t\t<\/div>\n\t\t<\/div>\n\t\t\t\t<div class=\"elementor-column elementor-col-66 elementor-top-column elementor-element elementor-element-b692253\" data-id=\"b692253\" data-element_type=\"column\">\n\t\t\t<div class=\"elementor-widget-wrap elementor-element-populated\">\n\t\t\t\t\t\t\t\t<div class=\"elementor-element elementor-element-0fefcf7 elementor-widget elementor-widget-wd_image_or_svg\" data-id=\"0fefcf7\" data-element_type=\"widget\" data-widget_type=\"wd_image_or_svg.default\">\n\t\t\t\t<div class=\"elementor-widget-container\">\n\t\t\t\n\t\t<div class=\"wd-image text-center\">\n\t\t\t\t\t\t\t\t<img loading=\"lazy\" decoding=\"async\" width=\"960\" height=\"490\" src=\"https:\/\/tzila.mx\/dev\/wp-content\/uploads\/2022\/06\/DUAL-RX6500XT-O4G-des-1.jpg\" class=\"attachment-full size-full\" alt=\"\" srcset=\"https:\/\/tzila.mx\/dev\/wp-content\/uploads\/2022\/06\/DUAL-RX6500XT-O4G-des-1.jpg 960w, https:\/\/tzila.mx\/dev\/wp-content\/uploads\/2022\/06\/DUAL-RX6500XT-O4G-des-1-400x204.jpg 400w, https:\/\/tzila.mx\/dev\/wp-content\/uploads\/2022\/06\/DUAL-RX6500XT-O4G-des-1-768x392.jpg 768w, https:\/\/tzila.mx\/dev\/wp-content\/uploads\/2022\/06\/DUAL-RX6500XT-O4G-des-1-860x439.jpg 860w, https:\/\/tzila.mx\/dev\/wp-content\/uploads\/2022\/06\/DUAL-RX6500XT-O4G-des-1-430x219.jpg 430w, https:\/\/tzila.mx\/dev\/wp-content\/uploads\/2022\/06\/DUAL-RX6500XT-O4G-des-1-700x357.jpg 700w, https:\/\/tzila.mx\/dev\/wp-content\/uploads\/2022\/06\/DUAL-RX6500XT-O4G-des-1-150x77.jpg 150w\" sizes=\"auto, (max-width: 960px) 100vw, 960px\" \/>\t\t\t\t\t<\/div>\n\n\t\t\t\t<\/div>\n\t\t\t\t<\/div>\n\t\t\t\t\t<\/div>\n\t\t<\/div>\n\t\t\t\t\t\t\t<\/div>\n\t\t<\/section>\n\t\t\t\t<section class=\"elementor-section elementor-top-section elementor-element elementor-element-ec9e38a elementor-section-boxed elementor-section-height-default elementor-section-height-default wd-section-disabled\" data-id=\"ec9e38a\" data-element_type=\"section\">\n\t\t\t\t\t\t<div class=\"elementor-container elementor-column-gap-default\">\n\t\t\t\t\t<div class=\"elementor-column elementor-col-33 elementor-top-column elementor-element elementor-element-c833c6a\" data-id=\"c833c6a\" data-element_type=\"column\">\n\t\t\t<div class=\"elementor-widget-wrap elementor-element-populated\">\n\t\t\t\t\t\t\t\t<div class=\"elementor-element elementor-element-6ae12e9 elementor-widget elementor-widget-wd_text_block\" data-id=\"6ae12e9\" data-element_type=\"widget\" data-widget_type=\"wd_text_block.default\">\n\t\t\t\t<div class=\"elementor-widget-container\">\n\t\t\t\t\t<div class=\"wd-text-block reset-last-child text-left\">\n\t\t\t\n\t\t\t<h4>Dos ventiladores, doble diversi\u00f3n.<\/h4><p>Con la \u00faltima arquitectura AMD RDNA\u2122 2, ASUS Dual Radeon\u2122 RX 6500 XT fusiona un rendimiento t\u00e9rmico din\u00e1mico con una amplia compatibilidad. Las soluciones de refrigeraci\u00f3n avanzadas de las tarjetas gr\u00e1ficas emblem\u00e1ticas, incluidos dos ventiladores Axial-tech para maximizar el flujo de aire hacia el disipador de calor, se incluyen en la tarjeta de 2 ranuras y 20 cm de largo, lo que brinda m\u00e1s potencia en menos espacio. Estas mejoras hacen que ASUS Dual sea la opci\u00f3n perfecta para los jugadores que desean un rendimiento gr\u00e1fico pesado en una construcci\u00f3n compacta.<\/p>\n\t\t\t\t\t<\/div>\n\t\t\t\t<\/div>\n\t\t\t\t<\/div>\n\t\t\t\t<div class=\"elementor-element elementor-element-e9bf201 elementor-widget elementor-widget-wd_text_block\" data-id=\"e9bf201\" data-element_type=\"widget\" data-widget_type=\"wd_text_block.default\">\n\t\t\t\t<div class=\"elementor-widget-container\">\n\t\t\t\t\t<div class=\"wd-text-block reset-last-child text-left\">\n\t\t\t\n\t\t\t<h4>Dise\u00f1o de ventilador con tecnolog\u00eda axial<\/h4><p>Mejor mas r\u00e1pido mas fuerte<br \/>Dos ventiladores Axial-tech probados y verdaderos cuentan con un centro m\u00e1s peque\u00f1o que facilita aspas m\u00e1s largas y un anillo de barrera para aumentar la presi\u00f3n de aire hacia abajo.<\/p>\n\t\t\t\t\t<\/div>\n\t\t\t\t<\/div>\n\t\t\t\t<\/div>\n\t\t\t\t<div class=\"elementor-element elementor-element-a7dc712 elementor-widget elementor-widget-wd_text_block\" data-id=\"a7dc712\" data-element_type=\"widget\" data-widget_type=\"wd_text_block.default\">\n\t\t\t\t<div class=\"elementor-widget-container\">\n\t\t\t\t\t<div class=\"wd-text-block reset-last-child text-left\">\n\t\t\t\n\t\t\t<h4>Cojinetes de doble bola para ventilador<\/h4><p>Vida \u00fatil 2 veces m\u00e1s larga<br \/>Los diferentes tipos de rodamientos tienen ventajas y desventajas \u00fanicas. Los rodamientos de bolas destacan por su durabilidad y pueden durar hasta el doble que los dise\u00f1os de rodamientos de manguito.<\/p>\n\t\t\t\t\t<\/div>\n\t\t\t\t<\/div>\n\t\t\t\t<\/div>\n\t\t\t\t<div class=\"elementor-element elementor-element-8604524 elementor-widget elementor-widget-wd_image_or_svg\" data-id=\"8604524\" data-element_type=\"widget\" data-widget_type=\"wd_image_or_svg.default\">\n\t\t\t\t<div class=\"elementor-widget-container\">\n\t\t\t\n\t\t<div class=\"wd-image text-center\">\n\t\t\t\t\t\t\t\t<img loading=\"lazy\" decoding=\"async\" width=\"960\" height=\"490\" src=\"https:\/\/tzila.mx\/dev\/wp-content\/uploads\/2022\/06\/DUAL-RX6500XT-O4G-des-1.jpg\" class=\"attachment-full size-full\" alt=\"\" srcset=\"https:\/\/tzila.mx\/dev\/wp-content\/uploads\/2022\/06\/DUAL-RX6500XT-O4G-des-1.jpg 960w, https:\/\/tzila.mx\/dev\/wp-content\/uploads\/2022\/06\/DUAL-RX6500XT-O4G-des-1-400x204.jpg 400w, https:\/\/tzila.mx\/dev\/wp-content\/uploads\/2022\/06\/DUAL-RX6500XT-O4G-des-1-768x392.jpg 768w, https:\/\/tzila.mx\/dev\/wp-content\/uploads\/2022\/06\/DUAL-RX6500XT-O4G-des-1-860x439.jpg 860w, https:\/\/tzila.mx\/dev\/wp-content\/uploads\/2022\/06\/DUAL-RX6500XT-O4G-des-1-430x219.jpg 430w, https:\/\/tzila.mx\/dev\/wp-content\/uploads\/2022\/06\/DUAL-RX6500XT-O4G-des-1-700x357.jpg 700w, https:\/\/tzila.mx\/dev\/wp-content\/uploads\/2022\/06\/DUAL-RX6500XT-O4G-des-1-150x77.jpg 150w\" sizes=\"auto, (max-width: 960px) 100vw, 960px\" \/>\t\t\t\t\t<\/div>\n\n\t\t\t\t<\/div>\n\t\t\t\t<\/div>\n\t\t\t\t<div class=\"elementor-element elementor-element-28530e6 elementor-widget elementor-widget-wd_text_block\" data-id=\"28530e6\" data-element_type=\"widget\" data-widget_type=\"wd_text_block.default\">\n\t\t\t\t<div class=\"elementor-widget-container\">\n\t\t\t\t\t<div class=\"wd-text-block reset-last-child text-left\">\n\t\t\t\n\t\t\t<h4>Tecnolog\u00eda 0dB<\/h4><p>Inteligencia tranquila<br \/>Para eliminar el ruido innecesario, un modo de parada detiene todos los ventiladores cuando la temperatura de la GPU cae por debajo de los 52 grados y el consumo de energ\u00eda es bajo.<\/p>\n\t\t\t\t\t<\/div>\n\t\t\t\t<\/div>\n\t\t\t\t<\/div>\n\t\t\t\t\t<\/div>\n\t\t<\/div>\n\t\t\t\t<div class=\"elementor-column elementor-col-33 elementor-top-column elementor-element elementor-element-e7b3bda\" data-id=\"e7b3bda\" data-element_type=\"column\">\n\t\t\t<div class=\"elementor-widget-wrap elementor-element-populated\">\n\t\t\t\t\t\t\t\t<div class=\"elementor-element elementor-element-d0a2373 elementor-widget elementor-widget-wd_text_block\" data-id=\"d0a2373\" data-element_type=\"widget\" data-widget_type=\"wd_text_block.default\">\n\t\t\t\t<div class=\"elementor-widget-container\">\n\t\t\t\t\t<div class=\"wd-text-block reset-last-child text-left\">\n\t\t\t\n\t\t\t<h4>Dise\u00f1o de 2 ranuras<\/h4><p>Hunde tu calor en esto<br \/>Un dise\u00f1o cuidadosamente dise\u00f1ado de cubierta, disipador t\u00e9rmico y tubo de calor permite que los dos ventiladores Axial-tech aprovechen la ventilaci\u00f3n del panel lateral del chasis y brinden un rendimiento t\u00e9rmico que contradice el tama\u00f1o de la tarjeta.<\/p>\n\t\t\t\t\t<\/div>\n\t\t\t\t<\/div>\n\t\t\t\t<\/div>\n\t\t\t\t<div class=\"elementor-element elementor-element-7d838dd elementor-widget elementor-widget-wd_text_block\" data-id=\"7d838dd\" data-element_type=\"widget\" data-widget_type=\"wd_text_block.default\">\n\t\t\t\t<div class=\"elementor-widget-container\">\n\t\t\t\t\t<div class=\"wd-text-block reset-last-child text-left\">\n\t\t\t\n\t\t\t<h4>Tecnolog\u00eda Auto-Extreme<\/h4><p>Fabricaci\u00f3n automatizada de precisi\u00f3n<br \/>La tecnolog\u00eda Auto-Extreme es un proceso de fabricaci\u00f3n automatizado que establece nuevos est\u00e1ndares en la industria al permitir que todas las soldaduras se completen en una sola pasada. Esto reduce la tensi\u00f3n t\u00e9rmica en los componentes y evita el uso de productos qu\u00edmicos de limpieza agresivos, lo que genera un menor impacto ambiental, un menor consumo de energ\u00eda de fabricaci\u00f3n y un producto m\u00e1s confiable en general.<\/p>\n\t\t\t\t\t<\/div>\n\t\t\t\t<\/div>\n\t\t\t\t<\/div>\n\t\t\t\t<div class=\"elementor-element elementor-element-696e1a7 elementor-widget elementor-widget-wd_image_or_svg\" data-id=\"696e1a7\" data-element_type=\"widget\" data-widget_type=\"wd_image_or_svg.default\">\n\t\t\t\t<div class=\"elementor-widget-container\">\n\t\t\t\n\t\t<div class=\"wd-image text-center\">\n\t\t\t\t\t\t\t\t<img decoding=\"async\" src=\"https:\/\/tzila.mx\/dev\/wp-content\/uploads\/elementor\/thumbs\/TUF-RX6700XT-O12G-GAMING-des-2-ppmxaflghu6lf56t0uioxky4k805gx2sffuxy4m1ms.jpg\" title=\"TUF-RX6700XT-O12G-GAMING-des-2\" alt=\"TUF-RX6700XT-O12G-GAMING-des-2\" \/>\t\t\t\t\t<\/div>\n\n\t\t\t\t<\/div>\n\t\t\t\t<\/div>\n\t\t\t\t<div class=\"elementor-element elementor-element-64f8262 elementor-widget elementor-widget-wd_text_block\" data-id=\"64f8262\" data-element_type=\"widget\" data-widget_type=\"wd_text_block.default\">\n\t\t\t\t<div class=\"elementor-widget-container\">\n\t\t\t\t\t<div class=\"wd-text-block reset-last-child text-left\">\n\t\t\t\n\t\t\t<h4>Placa trasera protectora<\/h4><p>\u00a1Eso es tan met\u00e1lico!<br \/>La placa de circuito impreso est\u00e1 reforzada por una placa posterior de aluminio que agrega rigidez estructural, lo que ayuda a evitar que se flexione y protege los componentes y traza las v\u00edas de da\u00f1os.<\/p>\n\t\t\t\t\t<\/div>\n\t\t\t\t<\/div>\n\t\t\t\t<\/div>\n\t\t\t\t<div class=\"elementor-element elementor-element-c95911a elementor-widget elementor-widget-wd_text_block\" data-id=\"c95911a\" data-element_type=\"widget\" data-widget_type=\"wd_text_block.default\">\n\t\t\t\t<div class=\"elementor-widget-container\">\n\t\t\t\t\t<div class=\"wd-text-block reset-last-child text-left\">\n\t\t\t\n\t\t\t<h4>Soporte de acero inoxidable<\/h4><p>\u00c1rmate de valor<br \/>El soporte de montaje del Dual se ha reforzado con acero inoxidable 304 que es m\u00e1s duro y m\u00e1s resistente a la corrosi\u00f3n.<\/p>\n\t\t\t\t\t<\/div>\n\t\t\t\t<\/div>\n\t\t\t\t<\/div>\n\t\t\t\t\t<\/div>\n\t\t<\/div>\n\t\t\t\t<div class=\"elementor-column elementor-col-33 elementor-top-column elementor-element elementor-element-ba9b9c1\" data-id=\"ba9b9c1\" data-element_type=\"column\">\n\t\t\t<div class=\"elementor-widget-wrap elementor-element-populated\">\n\t\t\t\t\t\t\t\t<div class=\"elementor-element elementor-element-c6ebadf elementor-widget elementor-widget-wd_text_block\" data-id=\"c6ebadf\" data-element_type=\"widget\" data-widget_type=\"wd_text_block.default\">\n\t\t\t\t<div class=\"elementor-widget-container\">\n\t\t\t\t\t<div class=\"wd-text-block reset-last-child text-left\">\n\t\t\t\n\t\t\t<h4>Frente Funcional<\/h4><p class=\"reveal\" data-delay=\".4\">El elemento RGB frontal se puede personalizar para mostrar una variedad de efectos est\u00e9ticos y funcionales, y tambi\u00e9n se puede sincronizar con otros componentes de ASUS para permitir una iluminaci\u00f3n uniforme. Para satisfacer las demandas de energ\u00eda de la Radeon RX 6500 XT, hay un conector de alimentaci\u00f3n de 6 pines, junto con LED integrados que se encienden si los conectores de alimentaci\u00f3n PCIe de la fuente de alimentaci\u00f3n no est\u00e1n enchufados correctamente.<\/p>\n\t\t\t\t\t<\/div>\n\t\t\t\t<\/div>\n\t\t\t\t<\/div>\n\t\t\t\t<div class=\"elementor-element elementor-element-e65ba51 elementor-widget elementor-widget-wd_image_or_svg\" data-id=\"e65ba51\" data-element_type=\"widget\" data-widget_type=\"wd_image_or_svg.default\">\n\t\t\t\t<div class=\"elementor-widget-container\">\n\t\t\t\n\t\t<div class=\"wd-image text-left\">\n\t\t\t\t\t\t\t\t<img loading=\"lazy\" decoding=\"async\" width=\"645\" height=\"343\" src=\"https:\/\/tzila.mx\/dev\/wp-content\/uploads\/2022\/05\/TUF-RX6700XT-O12G-GAMING-des-6.png\" class=\"attachment-full size-full\" alt=\"\" srcset=\"https:\/\/tzila.mx\/dev\/wp-content\/uploads\/2022\/05\/TUF-RX6700XT-O12G-GAMING-des-6.png 645w, https:\/\/tzila.mx\/dev\/wp-content\/uploads\/2022\/05\/TUF-RX6700XT-O12G-GAMING-des-6-400x213.png 400w, https:\/\/tzila.mx\/dev\/wp-content\/uploads\/2022\/05\/TUF-RX6700XT-O12G-GAMING-des-6-430x229.png 430w, https:\/\/tzila.mx\/dev\/wp-content\/uploads\/2022\/05\/TUF-RX6700XT-O12G-GAMING-des-6-150x80.png 150w\" sizes=\"auto, (max-width: 645px) 100vw, 645px\" \/>\t\t\t\t\t<\/div>\n\n\t\t\t\t<\/div>\n\t\t\t\t<\/div>\n\t\t\t\t<div class=\"elementor-element elementor-element-ee00d4b elementor-widget elementor-widget-wd_text_block\" data-id=\"ee00d4b\" data-element_type=\"widget\" data-widget_type=\"wd_text_block.default\">\n\t\t\t\t<div class=\"elementor-widget-container\">\n\t\t\t\t\t<div class=\"wd-text-block reset-last-child text-left\">\n\t\t\t\n\t\t\t<h4>Radeon Software<\/h4><p class=\"reveal\" data-delay=\".4\">El \u00faltimo software Radeon\u2122 libera todo el potencial de tu GPU con controladores de d\u00eda 0 optimizados para nuevos lanzamientos de juegos y una experiencia de juego altamente personalizable.<\/p>\n\t\t\t\t\t<\/div>\n\t\t\t\t<\/div>\n\t\t\t\t<\/div>\n\t\t\t\t<div class=\"elementor-element elementor-element-7002312 elementor-widget elementor-widget-wd_text_block\" data-id=\"7002312\" data-element_type=\"widget\" data-widget_type=\"wd_text_block.default\">\n\t\t\t\t<div class=\"elementor-widget-container\">\n\t\t\t\t\t<div class=\"wd-text-block reset-last-child text-left\">\n\t\t\t\n\t\t\t<h4>GPU Tweak II<\/h4><p class=\"reveal\" data-delay=\".4\">La utilidad ASUS GPU Tweak II lleva el ajuste de la tarjeta gr\u00e1fica al siguiente nivel. Te permite ajustar par\u00e1metros cr\u00edticos, incluidos los relojes del n\u00facleo de la GPU, la frecuencia de la memoria y la configuraci\u00f3n de voltaje, con la opci\u00f3n de monitorear todo en tiempo real a trav\u00e9s de una pantalla personalizable. El control avanzado del ventilador tambi\u00e9n se incluye junto con muchas m\u00e1s funciones para ayudarte a aprovechar al m\u00e1ximo tu tarjeta gr\u00e1fica.<\/p>\n\t\t\t\t\t<\/div>\n\t\t\t\t<\/div>\n\t\t\t\t<\/div>\n\t\t\t\t<div class=\"elementor-element elementor-element-078b475 elementor-widget elementor-widget-wd_button\" data-id=\"078b475\" data-element_type=\"widget\" data-widget_type=\"wd_button.default\">\n\t\t\t\t<div class=\"elementor-widget-container\">\n\t\t\t\t\t<div class=\"wd-button-wrapper text-center\" >\n\t\t\t<a class=\"btn btn-style-link btn-shape- btn-size-large btn-scheme-light btn-scheme-hover-dark btn-icon-pos-right\"  href=\"https:\/\/www.asus.com\/mx\/Motherboards-Components\/Graphics-Cards\/Dual\/DUAL-RX6500XT-O4G\/\" target=\"_blank\">\n\t\t\t\t<span class=\"wd-btn-text\" data-elementor-setting-key=\"text\">\n\t\t\t\t\tSaber m\u00e1s\t\t\t\t<\/span>\n\n\t\t\t\t\t\t\t<\/a>\n\t\t<\/div>\n\t\t\t\t<\/div>\n\t\t\t\t<\/div>\n\t\t\t\t\t<\/div>\n\t\t<\/div>\n\t\t\t\t\t\t\t<\/div>\n\t\t<\/section>\n\t\t\t\t\t\t<\/div>\n\t\t\t\t\t<\/div>\n\t\t","protected":false},"excerpt":{"rendered":"<h4>Caracter\u00edsticas principales:<\/h4>\n<p class=\"p1\"><span class=\"s1\">\u25cf Radeon RX 6500 XT<\/span><br \/>\n<span class=\"s1\">\u25cf PCI Express 4.0<\/span><br \/>\n<span class=\"s2\"><span class=\"s1\">\u25cf 4 GB GDDR6 <\/span><\/span>Video Memory<br \/>\n<span class=\"s1\">\u25cf Modo juego: Hasta 2820 MHz(Boost Clock)\/ hasta 2650 MHz(Game Clock)<\/span><br \/>\n<span class=\"s1\">\u25cf RGB <\/span>AURA SYNC<br \/>\n<span class=\"s1\">\u25cf <\/span>DisplayPort 1.4a<\/p>\n","protected":false},"featured_media":13576,"comment_status":"open","ping_status":"closed","template":"","meta":[],"product_cat":[20,53,100],"product_tag":[221,228],"class_list":["post-13575","product","type-product","status-publish","has-post-thumbnail","hentry","product_cat-hardware","product_cat-tarjeta-grafica","product_cat-asus","product_tag-asus","product_tag-radeon","pa_brand-asus"],"_links":{"self":[{"href":"https:\/\/tzila.mx\/dev\/wp-json\/wp\/v2\/product\/13575","targetHints":{"allow":["GET"]}}],"collection":[{"href":"https:\/\/tzila.mx\/dev\/wp-json\/wp\/v2\/product"}],"about":[{"href":"https:\/\/tzila.mx\/dev\/wp-json\/wp\/v2\/types\/product"}],"replies":[{"embeddable":true,"href":"https:\/\/tzila.mx\/dev\/wp-json\/wp\/v2\/comments?post=13575"}],"version-history":[{"count":6,"href":"https:\/\/tzila.mx\/dev\/wp-json\/wp\/v2\/product\/13575\/revisions"}],"predecessor-version":[{"id":15401,"href":"https:\/\/tzila.mx\/dev\/wp-json\/wp\/v2\/product\/13575\/revisions\/15401"}],"wp:featuredmedia":[{"embeddable":true,"href":"https:\/\/tzila.mx\/dev\/wp-json\/wp\/v2\/media\/13576"}],"wp:attachment":[{"href":"https:\/\/tzila.mx\/dev\/wp-json\/wp\/v2\/media?parent=13575"}],"wp:term":[{"taxonomy":"product_cat","embeddable":true,"href":"https:\/\/tzila.mx\/dev\/wp-json\/wp\/v2\/product_cat?post=13575"},{"taxonomy":"product_tag","embeddable":true,"href":"https:\/\/tzila.mx\/dev\/wp-json\/wp\/v2\/product_tag?post=13575"}],"curies":[{"name":"wp","href":"https:\/\/api.w.org\/{rel}","templated":true}]}}