{"id":13535,"date":"2022-05-31T22:45:03","date_gmt":"2022-06-01T03:45:03","guid":{"rendered":"https:\/\/tzila.mx\/dev\/?post_type=product&#038;p=13535"},"modified":"2022-06-29T11:36:40","modified_gmt":"2022-06-29T16:36:40","slug":"tarjeta-grafica-asus-tuf-gaming-radeon-rx-6500-xt-oc-edition-4gb","status":"publish","type":"product","link":"https:\/\/tzila.mx\/dev\/producto\/tarjeta-grafica-asus-tuf-gaming-radeon-rx-6500-xt-oc-edition-4gb\/","title":{"rendered":"Tarjeta Gr\u00e1fica ASUS TUF Gaming Radeon\u2122 RX 6500 XT OC Edition 4GB"},"content":{"rendered":"\t\t<div data-elementor-type=\"wp-post\" data-elementor-id=\"13535\" class=\"elementor elementor-13535\" data-elementor-settings=\"[]\">\n\t\t\t\t\t\t\t<div class=\"elementor-section-wrap\">\n\t\t\t\t\t\t\t<section class=\"elementor-section elementor-top-section elementor-element elementor-element-a77d38a elementor-section-boxed elementor-section-height-default elementor-section-height-default wd-section-disabled\" data-id=\"a77d38a\" data-element_type=\"section\">\n\t\t\t\t\t\t<div class=\"elementor-container elementor-column-gap-default\">\n\t\t\t\t\t<div class=\"elementor-column elementor-col-33 elementor-top-column elementor-element elementor-element-606b0e0\" data-id=\"606b0e0\" data-element_type=\"column\">\n\t\t\t<div class=\"elementor-widget-wrap elementor-element-populated\">\n\t\t\t\t\t\t\t\t<div class=\"elementor-element elementor-element-2efa55d elementor-widget elementor-widget-wd_text_block\" data-id=\"2efa55d\" data-element_type=\"widget\" data-widget_type=\"wd_text_block.default\">\n\t\t\t\t<div class=\"elementor-widget-container\">\n\t\t\t\t\t<div class=\"wd-text-block reset-last-child text-left\">\n\t\t\t\n\t\t\t<h5><strong>M\u00c1S ESPECIFICACIONES<\/strong><strong>:<\/strong><\/h5>\n\t\t\t\t\t<\/div>\n\t\t\t\t<\/div>\n\t\t\t\t<\/div>\n\t\t\t\t<div class=\"elementor-element elementor-element-00b20a9 elementor-widget elementor-widget-wd_text_block\" data-id=\"00b20a9\" data-element_type=\"widget\" data-widget_type=\"wd_text_block.default\">\n\t\t\t\t<div class=\"elementor-widget-container\">\n\t\t\t\t\t<div class=\"wd-text-block reset-last-child text-left\">\n\t\t\t\n\t\t\t<p>\u25cf El dise\u00f1o del ventilador Axial-tech Cuenta con un centro de ventilador m\u00e1s peque\u00f1o que facilita aspas m\u00e1s largas y un anillo de barrera m\u00e1s delgado que proporciona un mejor flujo de aire.<br \/>\u25cf Baleros de ventilador de bolas dobles: Pueden durar hasta el doble que los dise\u00f1os de baleros de convencionales.<br \/>\u25cf Dise\u00f1o de 2.7 ranuras: Ampl\u00eda el \u00e1rea de la superficie de refrigeraci\u00f3n.<br \/>\u25cf Una cubierta totalmente de aluminio y una placa posterior de metal mejoran la durabilidad.<br \/>\u25cf Programa de validaci\u00f3n de 144 horas: Somete las tarjetas a una serie de pruebas estrictas para garantizar la compatibilidad con los \u00faltimos juegos.<br \/>\u25cf Placa trasera ventilada: Evita que el aire caliente recircule a trav\u00e9s de la matriz de refrigeraci\u00f3n.<\/p>\n\t\t\t\t\t<\/div>\n\t\t\t\t<\/div>\n\t\t\t\t<\/div>\n\t\t\t\t\t<\/div>\n\t\t<\/div>\n\t\t\t\t<div class=\"elementor-column elementor-col-66 elementor-top-column elementor-element elementor-element-b692253\" data-id=\"b692253\" data-element_type=\"column\">\n\t\t\t<div class=\"elementor-widget-wrap elementor-element-populated\">\n\t\t\t\t\t\t\t\t<div class=\"elementor-element elementor-element-0fefcf7 elementor-widget elementor-widget-wd_image_or_svg\" data-id=\"0fefcf7\" data-element_type=\"widget\" data-widget_type=\"wd_image_or_svg.default\">\n\t\t\t\t<div class=\"elementor-widget-container\">\n\t\t\t\n\t\t<div class=\"wd-image text-center\">\n\t\t\t\t\t\t\t\t<img loading=\"lazy\" decoding=\"async\" width=\"1920\" height=\"960\" src=\"https:\/\/tzila.mx\/dev\/wp-content\/uploads\/2022\/05\/TUF-RX6500XT-O4G-GAMING-des-3.png\" class=\"attachment-full size-full\" alt=\"\" srcset=\"https:\/\/tzila.mx\/dev\/wp-content\/uploads\/2022\/05\/TUF-RX6500XT-O4G-GAMING-des-3.png 1920w, https:\/\/tzila.mx\/dev\/wp-content\/uploads\/2022\/05\/TUF-RX6500XT-O4G-GAMING-des-3-400x200.png 400w, https:\/\/tzila.mx\/dev\/wp-content\/uploads\/2022\/05\/TUF-RX6500XT-O4G-GAMING-des-3-1300x650.png 1300w, https:\/\/tzila.mx\/dev\/wp-content\/uploads\/2022\/05\/TUF-RX6500XT-O4G-GAMING-des-3-768x384.png 768w, https:\/\/tzila.mx\/dev\/wp-content\/uploads\/2022\/05\/TUF-RX6500XT-O4G-GAMING-des-3-1536x768.png 1536w, https:\/\/tzila.mx\/dev\/wp-content\/uploads\/2022\/05\/TUF-RX6500XT-O4G-GAMING-des-3-860x430.png 860w, https:\/\/tzila.mx\/dev\/wp-content\/uploads\/2022\/05\/TUF-RX6500XT-O4G-GAMING-des-3-1320x660.png 1320w, https:\/\/tzila.mx\/dev\/wp-content\/uploads\/2022\/05\/TUF-RX6500XT-O4G-GAMING-des-3-430x215.png 430w, https:\/\/tzila.mx\/dev\/wp-content\/uploads\/2022\/05\/TUF-RX6500XT-O4G-GAMING-des-3-700x350.png 700w, https:\/\/tzila.mx\/dev\/wp-content\/uploads\/2022\/05\/TUF-RX6500XT-O4G-GAMING-des-3-150x75.png 150w\" sizes=\"auto, (max-width: 1920px) 100vw, 1920px\" \/>\t\t\t\t\t<\/div>\n\n\t\t\t\t<\/div>\n\t\t\t\t<\/div>\n\t\t\t\t\t<\/div>\n\t\t<\/div>\n\t\t\t\t\t\t\t<\/div>\n\t\t<\/section>\n\t\t\t\t<section class=\"elementor-section elementor-top-section elementor-element elementor-element-ec9e38a elementor-section-boxed elementor-section-height-default elementor-section-height-default wd-section-disabled\" data-id=\"ec9e38a\" data-element_type=\"section\">\n\t\t\t\t\t\t<div class=\"elementor-container elementor-column-gap-default\">\n\t\t\t\t\t<div class=\"elementor-column elementor-col-33 elementor-top-column elementor-element elementor-element-c833c6a\" data-id=\"c833c6a\" data-element_type=\"column\">\n\t\t\t<div class=\"elementor-widget-wrap elementor-element-populated\">\n\t\t\t\t\t\t\t\t<div class=\"elementor-element elementor-element-6ae12e9 elementor-widget elementor-widget-wd_text_block\" data-id=\"6ae12e9\" data-element_type=\"widget\" data-widget_type=\"wd_text_block.default\">\n\t\t\t\t<div class=\"elementor-widget-container\">\n\t\t\t\t\t<div class=\"wd-text-block reset-last-child text-left\">\n\t\t\t\n\t\t\t<h4>Construcci\u00f3n TUF<\/h4><p>La TUF Gaming Radeon\u2122 RX 6500 XT es una bestia tenaz con un exterior de metal resistente, refrigeraci\u00f3n eficiente y componentes que ofrecen una mayor resistencia. Una cubierta totalmente met\u00e1lica alberga dos potentes ventiladores de tecnolog\u00eda axial con rodamientos de bolas dobles. Debajo, un disipador de calor grueso mantiene las t\u00e9rmicas bajo estricto control y los componentes TUF, seleccionados para una m\u00e1xima durabilidad y rendimiento, mantienen la tarjeta por delante del resto. Pediste una m\u00e1quina mala... esta est\u00e1 lista para la acci\u00f3n<\/p>\n\t\t\t\t\t<\/div>\n\t\t\t\t<\/div>\n\t\t\t\t<\/div>\n\t\t\t\t<div class=\"elementor-element elementor-element-8604524 elementor-widget elementor-widget-wd_image_or_svg\" data-id=\"8604524\" data-element_type=\"widget\" data-widget_type=\"wd_image_or_svg.default\">\n\t\t\t\t<div class=\"elementor-widget-container\">\n\t\t\t\n\t\t<div class=\"wd-image text-center\">\n\t\t\t\t\t\t\t\t<img loading=\"lazy\" decoding=\"async\" width=\"1180\" height=\"422\" src=\"https:\/\/tzila.mx\/dev\/wp-content\/uploads\/2022\/05\/TUF-RX6500XT-O4G-GAMING-des-1.png\" class=\"attachment-full size-full\" alt=\"\" srcset=\"https:\/\/tzila.mx\/dev\/wp-content\/uploads\/2022\/05\/TUF-RX6500XT-O4G-GAMING-des-1.png 1180w, https:\/\/tzila.mx\/dev\/wp-content\/uploads\/2022\/05\/TUF-RX6500XT-O4G-GAMING-des-1-400x143.png 400w, https:\/\/tzila.mx\/dev\/wp-content\/uploads\/2022\/05\/TUF-RX6500XT-O4G-GAMING-des-1-768x275.png 768w, https:\/\/tzila.mx\/dev\/wp-content\/uploads\/2022\/05\/TUF-RX6500XT-O4G-GAMING-des-1-860x308.png 860w, https:\/\/tzila.mx\/dev\/wp-content\/uploads\/2022\/05\/TUF-RX6500XT-O4G-GAMING-des-1-430x154.png 430w, https:\/\/tzila.mx\/dev\/wp-content\/uploads\/2022\/05\/TUF-RX6500XT-O4G-GAMING-des-1-700x250.png 700w, https:\/\/tzila.mx\/dev\/wp-content\/uploads\/2022\/05\/TUF-RX6500XT-O4G-GAMING-des-1-150x54.png 150w\" sizes=\"auto, (max-width: 1180px) 100vw, 1180px\" \/>\t\t\t\t\t<\/div>\n\n\t\t\t\t<\/div>\n\t\t\t\t<\/div>\n\t\t\t\t<div class=\"elementor-element elementor-element-e9bf201 elementor-widget elementor-widget-wd_text_block\" data-id=\"e9bf201\" data-element_type=\"widget\" data-widget_type=\"wd_text_block.default\">\n\t\t\t\t<div class=\"elementor-widget-container\">\n\t\t\t\t\t<div class=\"wd-text-block reset-last-child text-left\">\n\t\t\t\n\t\t\t<h4>Dise\u00f1o de ventilador con tecnolog\u00eda Axial<\/h4><p>Dos ventiladores Axial-tech probados y verdaderos cuentan con un centro m\u00e1s peque\u00f1o que facilita aspas m\u00e1s largas y un anillo de barrera m\u00e1s delgado para proporcionar un mejor flujo de aire a trav\u00e9s de la matriz de enfriamiento.<\/p>\n\t\t\t\t\t<\/div>\n\t\t\t\t<\/div>\n\t\t\t\t<\/div>\n\t\t\t\t<div class=\"elementor-element elementor-element-252ec94 elementor-widget elementor-widget-wd_text_block\" data-id=\"252ec94\" data-element_type=\"widget\" data-widget_type=\"wd_text_block.default\">\n\t\t\t\t<div class=\"elementor-widget-container\">\n\t\t\t\t\t<div class=\"wd-text-block reset-last-child text-left\">\n\t\t\t\n\t\t\t<h4>Astucia tranquila<\/h4><p>Los ventiladores solo comenzar\u00e1n a girar cuando la temperatura de la GPU alcance los 57 grados cent\u00edgrados y se apagar\u00e1n cuando las temperaturas caigan por debajo de los 50 grados cent\u00edgrados, lo que ayudar\u00e1 a reducir el ruido cuando el sistema est\u00e9 inactivo o con poca carga.<\/p>\n\t\t\t\t\t<\/div>\n\t\t\t\t<\/div>\n\t\t\t\t<\/div>\n\t\t\t\t<div class=\"elementor-element elementor-element-7a297c2 elementor-widget elementor-widget-wd_image_or_svg\" data-id=\"7a297c2\" data-element_type=\"widget\" data-widget_type=\"wd_image_or_svg.default\">\n\t\t\t\t<div class=\"elementor-widget-container\">\n\t\t\t\n\t\t<div class=\"wd-image text-center\">\n\t\t\t\t\t\t\t\t<img decoding=\"async\" src=\"https:\/\/tzila.mx\/dev\/wp-content\/uploads\/elementor\/thumbs\/TUF-RX6500XT-O4G-GAMING-des-4-ppnn6n18fsaxp13ularr9uc9g39yagvflfnn48f4qs.png\" title=\"TUF-RX6500XT-O4G-GAMING-des-4\" alt=\"TUF-RX6500XT-O4G-GAMING-des-4\" \/>\t\t\t\t\t<\/div>\n\n\t\t\t\t<\/div>\n\t\t\t\t<\/div>\n\t\t\t\t\t<\/div>\n\t\t<\/div>\n\t\t\t\t<div class=\"elementor-column elementor-col-33 elementor-top-column elementor-element elementor-element-e7b3bda\" data-id=\"e7b3bda\" data-element_type=\"column\">\n\t\t\t<div class=\"elementor-widget-wrap elementor-element-populated\">\n\t\t\t\t\t\t\t\t<div class=\"elementor-element elementor-element-4f49f18 elementor-widget elementor-widget-wd_text_block\" data-id=\"4f49f18\" data-element_type=\"widget\" data-widget_type=\"wd_text_block.default\">\n\t\t\t\t<div class=\"elementor-widget-container\">\n\t\t\t\t\t<div class=\"wd-text-block reset-last-child text-left\">\n\t\t\t\n\t\t\t<h4>Dise\u00f1o de 2.7 ranuras<\/h4><p>El disipador de calor atrae el calor hacia los tubos de calor que lo transportan a trav\u00e9s de una pila de aletas que ocupa la mayor parte del gran espacio de 2,7 ranuras de la tarjeta.<\/p>\n\t\t\t\t\t<\/div>\n\t\t\t\t<\/div>\n\t\t\t\t<\/div>\n\t\t\t\t<div class=\"elementor-element elementor-element-d0a2373 elementor-widget elementor-widget-wd_text_block\" data-id=\"d0a2373\" data-element_type=\"widget\" data-widget_type=\"wd_text_block.default\">\n\t\t\t\t<div class=\"elementor-widget-container\">\n\t\t\t\t\t<div class=\"wd-text-block reset-last-child text-left\">\n\t\t\t\n\t\t\t<div class=\"hd-content\"><h4 class=\"reveal\">Componentes TUF<\/h4><p class=\"reveal\" data-delay=\".4\">Se seleccionaron capacitores robustos de grado militar para el dise\u00f1o de potencia de la tarjeta. Ellos y otros componentes se sueldan a la PCB mediante nuestro proceso de fabricaci\u00f3n automatizado Auto-Extreme. Las juntas precisas y la eliminaci\u00f3n de errores humanos garantizan que cada tarjeta gr\u00e1fica cumpla con nuestras rigurosas especificaciones. Un rendimiento impecable cuando importa, las tarjetas se someten a una agotadora prueba de validaci\u00f3n de 144 horas.<\/p><\/div>\n\t\t\t\t\t<\/div>\n\t\t\t\t<\/div>\n\t\t\t\t<\/div>\n\t\t\t\t<div class=\"elementor-element elementor-element-696e1a7 elementor-widget elementor-widget-wd_image_or_svg\" data-id=\"696e1a7\" data-element_type=\"widget\" data-widget_type=\"wd_image_or_svg.default\">\n\t\t\t\t<div class=\"elementor-widget-container\">\n\t\t\t\n\t\t<div class=\"wd-image text-center\">\n\t\t\t\t\t\t\t\t<img decoding=\"async\" src=\"https:\/\/tzila.mx\/dev\/wp-content\/uploads\/elementor\/thumbs\/TUF-RX6700XT-O12G-GAMING-des-2-ppmxaflghu6lf56t0uioxky4k805gx2sffuxy4m1ms.jpg\" title=\"TUF-RX6700XT-O12G-GAMING-des-2\" alt=\"TUF-RX6700XT-O12G-GAMING-des-2\" \/>\t\t\t\t\t<\/div>\n\n\t\t\t\t<\/div>\n\t\t\t\t<\/div>\n\t\t\t\t<div class=\"elementor-element elementor-element-7d838dd elementor-widget elementor-widget-wd_text_block\" data-id=\"7d838dd\" data-element_type=\"widget\" data-widget_type=\"wd_text_block.default\">\n\t\t\t\t<div class=\"elementor-widget-container\">\n\t\t\t\t\t<div class=\"wd-text-block reset-last-child text-left\">\n\t\t\t\n\t\t\t<h4>Cubierta de Metal<\/h4><p class=\"reveal\" data-delay=\".4\">Una cubierta de aluminio crea una carcasa exterior robusta y un dise\u00f1o industrial serio y una combinaci\u00f3n de colores en escala de grises que se adapta f\u00e1cilmente a cualquier construcci\u00f3n.<\/p><h4>Armadura Trasera<\/h4><p class=\"reveal\" data-delay=\".4\">La parte inferior de la tarjeta revela m\u00e1s mejoras. La mayor parte de la parte trasera est\u00e1 envuelta en una placa trasera protectora de metal que presenta una ventilaci\u00f3n amplia de manera prominente. La ventilaci\u00f3n permite que el aire caliente escape hacia los extractores de aire del chasis en lugar de reciclarse al disipador de la GPU. El soporte proporciona estabilidad adicional a la conexi\u00f3n cr\u00edtica entre el troquel y el disipador de calor. Se utiliza acero inoxidable para el soporte de E\/S para proteger los puertos y proporcionar un montaje m\u00e1s seguro. Y un switch Dual Bios convenientemente ubicado permite la personalizaci\u00f3n del perfil de rendimiento predeterminado de la tarjeta sin software.<\/p>\n\t\t\t\t\t<\/div>\n\t\t\t\t<\/div>\n\t\t\t\t<\/div>\n\t\t\t\t\t<\/div>\n\t\t<\/div>\n\t\t\t\t<div class=\"elementor-column elementor-col-33 elementor-top-column elementor-element elementor-element-ba9b9c1\" data-id=\"ba9b9c1\" data-element_type=\"column\">\n\t\t\t<div class=\"elementor-widget-wrap elementor-element-populated\">\n\t\t\t\t\t\t\t\t<div class=\"elementor-element elementor-element-942da72 elementor-widget elementor-widget-wd_text_block\" data-id=\"942da72\" data-element_type=\"widget\" data-widget_type=\"wd_text_block.default\">\n\t\t\t\t<div class=\"elementor-widget-container\">\n\t\t\t\t\t<div class=\"wd-text-block reset-last-child text-left\">\n\t\t\t\n\t\t\t<h4>Dise\u00f1o de 2.7 ranuras<\/h4><p>El disipador de calor atrae el calor hacia los tubos de calor que lo transportan a trav\u00e9s de una pila de aletas que ocupa la mayor parte del gran espacio de 2,7 ranuras de la tarjeta.<\/p>\n\t\t\t\t\t<\/div>\n\t\t\t\t<\/div>\n\t\t\t\t<\/div>\n\t\t\t\t<div class=\"elementor-element elementor-element-c6ebadf elementor-widget elementor-widget-wd_text_block\" data-id=\"c6ebadf\" data-element_type=\"widget\" data-widget_type=\"wd_text_block.default\">\n\t\t\t\t<div class=\"elementor-widget-container\">\n\t\t\t\t\t<div class=\"wd-text-block reset-last-child text-left\">\n\t\t\t\n\t\t\t<h4>Frente Funcional<\/h4><p class=\"reveal\" data-delay=\".4\">El elemento RGB frontal se puede personalizar para mostrar una variedad de efectos est\u00e9ticos y funcionales, y tambi\u00e9n se puede sincronizar con otros componentes de ASUS para permitir una iluminaci\u00f3n uniforme. Para satisfacer las demandas de energ\u00eda de la Radeon RX 6500 XT, hay un conector de alimentaci\u00f3n de 6 pines, junto con LED integrados que se encienden si los conectores de alimentaci\u00f3n PCIe de la fuente de alimentaci\u00f3n no est\u00e1n enchufados correctamente.<\/p>\n\t\t\t\t\t<\/div>\n\t\t\t\t<\/div>\n\t\t\t\t<\/div>\n\t\t\t\t<div class=\"elementor-element elementor-element-ee00d4b elementor-widget elementor-widget-wd_text_block\" data-id=\"ee00d4b\" data-element_type=\"widget\" data-widget_type=\"wd_text_block.default\">\n\t\t\t\t<div class=\"elementor-widget-container\">\n\t\t\t\t\t<div class=\"wd-text-block reset-last-child text-left\">\n\t\t\t\n\t\t\t<h4>Radeon Software<\/h4><p class=\"reveal\" data-delay=\".4\">El \u00faltimo software Radeon\u2122 libera todo el potencial de tu GPU con controladores de d\u00eda 0 optimizados para nuevos lanzamientos de juegos y una experiencia de juego altamente personalizable.<\/p>\n\t\t\t\t\t<\/div>\n\t\t\t\t<\/div>\n\t\t\t\t<\/div>\n\t\t\t\t<div class=\"elementor-element elementor-element-e65ba51 elementor-widget elementor-widget-wd_image_or_svg\" data-id=\"e65ba51\" data-element_type=\"widget\" data-widget_type=\"wd_image_or_svg.default\">\n\t\t\t\t<div class=\"elementor-widget-container\">\n\t\t\t\n\t\t<div class=\"wd-image text-left\">\n\t\t\t\t\t\t\t\t<img loading=\"lazy\" decoding=\"async\" width=\"645\" height=\"343\" src=\"https:\/\/tzila.mx\/dev\/wp-content\/uploads\/2022\/05\/TUF-RX6700XT-O12G-GAMING-des-6.png\" class=\"attachment-full size-full\" alt=\"\" srcset=\"https:\/\/tzila.mx\/dev\/wp-content\/uploads\/2022\/05\/TUF-RX6700XT-O12G-GAMING-des-6.png 645w, https:\/\/tzila.mx\/dev\/wp-content\/uploads\/2022\/05\/TUF-RX6700XT-O12G-GAMING-des-6-400x213.png 400w, https:\/\/tzila.mx\/dev\/wp-content\/uploads\/2022\/05\/TUF-RX6700XT-O12G-GAMING-des-6-430x229.png 430w, https:\/\/tzila.mx\/dev\/wp-content\/uploads\/2022\/05\/TUF-RX6700XT-O12G-GAMING-des-6-150x80.png 150w\" sizes=\"auto, (max-width: 645px) 100vw, 645px\" \/>\t\t\t\t\t<\/div>\n\n\t\t\t\t<\/div>\n\t\t\t\t<\/div>\n\t\t\t\t<div class=\"elementor-element elementor-element-7002312 elementor-widget elementor-widget-wd_text_block\" data-id=\"7002312\" data-element_type=\"widget\" data-widget_type=\"wd_text_block.default\">\n\t\t\t\t<div class=\"elementor-widget-container\">\n\t\t\t\t\t<div class=\"wd-text-block reset-last-child text-left\">\n\t\t\t\n\t\t\t<h4>GPU Tweak II<\/h4><p class=\"reveal\" data-delay=\".4\">La utilidad ASUS GPU Tweak II lleva el ajuste de la tarjeta gr\u00e1fica al siguiente nivel. Te permite ajustar par\u00e1metros cr\u00edticos, incluidos los relojes del n\u00facleo de la GPU, la frecuencia de la memoria y la configuraci\u00f3n de voltaje, con la opci\u00f3n de monitorear todo en tiempo real a trav\u00e9s de una pantalla personalizable. El control avanzado del ventilador tambi\u00e9n se incluye junto con muchas m\u00e1s funciones para ayudarte a aprovechar al m\u00e1ximo tu tarjeta gr\u00e1fica.<\/p>\n\t\t\t\t\t<\/div>\n\t\t\t\t<\/div>\n\t\t\t\t<\/div>\n\t\t\t\t<div class=\"elementor-element elementor-element-078b475 elementor-widget elementor-widget-wd_button\" data-id=\"078b475\" data-element_type=\"widget\" data-widget_type=\"wd_button.default\">\n\t\t\t\t<div class=\"elementor-widget-container\">\n\t\t\t\t\t<div class=\"wd-button-wrapper text-center\" >\n\t\t\t<a class=\"btn btn-style-link btn-shape- btn-size-large btn-scheme-light btn-scheme-hover-dark btn-icon-pos-right\"  href=\"https:\/\/www.asus.com\/mx\/Motherboards-Components\/Graphics-Cards\/TUF-Gaming\/TUF-RX6500XT-O4G-GAMING\/\" target=\"_blank\">\n\t\t\t\t<span class=\"wd-btn-text\" data-elementor-setting-key=\"text\">\n\t\t\t\t\tSaber m\u00e1s\t\t\t\t<\/span>\n\n\t\t\t\t\t\t\t<\/a>\n\t\t<\/div>\n\t\t\t\t<\/div>\n\t\t\t\t<\/div>\n\t\t\t\t\t<\/div>\n\t\t<\/div>\n\t\t\t\t\t\t\t<\/div>\n\t\t<\/section>\n\t\t\t\t\t\t<\/div>\n\t\t\t\t\t<\/div>\n\t\t","protected":false},"excerpt":{"rendered":"<h4>Caracter\u00edsticas principales:<\/h4>\n<p class=\"p1\"><span class=\"s1\">\u25cf Radeon RX 6500 XT<\/span><br \/>\n<span class=\"s1\">\u25cf PCI Express 4.0<\/span><br \/>\n<span class=\"s2\"><span class=\"s1\">\u25cf 4 GB GDDR6 <\/span><\/span>Video Memory<br \/>\n<span class=\"s1\">\u25cf Modo juego: Hasta 2825 MHz(Boost Clock)\/ hasta 2685MHz(Game Clock)<\/span><br \/>\n<span class=\"s1\">\u25cf ARGB <\/span>AURA SYNC<br \/>\n<span class=\"s1\">\u25cf <\/span>DisplayPort 1.4a<\/p>\n","protected":false},"featured_media":13536,"comment_status":"open","ping_status":"closed","template":"","meta":[],"product_cat":[20,53,100],"product_tag":[218],"class_list":["post-13535","product","type-product","status-publish","has-post-thumbnail","hentry","product_cat-hardware","product_cat-tarjeta-grafica","product_cat-asus","product_tag-tuf-gaming","pa_brand-asus"],"_links":{"self":[{"href":"https:\/\/tzila.mx\/dev\/wp-json\/wp\/v2\/product\/13535","targetHints":{"allow":["GET"]}}],"collection":[{"href":"https:\/\/tzila.mx\/dev\/wp-json\/wp\/v2\/product"}],"about":[{"href":"https:\/\/tzila.mx\/dev\/wp-json\/wp\/v2\/types\/product"}],"replies":[{"embeddable":true,"href":"https:\/\/tzila.mx\/dev\/wp-json\/wp\/v2\/comments?post=13535"}],"version-history":[{"count":6,"href":"https:\/\/tzila.mx\/dev\/wp-json\/wp\/v2\/product\/13535\/revisions"}],"predecessor-version":[{"id":15400,"href":"https:\/\/tzila.mx\/dev\/wp-json\/wp\/v2\/product\/13535\/revisions\/15400"}],"wp:featuredmedia":[{"embeddable":true,"href":"https:\/\/tzila.mx\/dev\/wp-json\/wp\/v2\/media\/13536"}],"wp:attachment":[{"href":"https:\/\/tzila.mx\/dev\/wp-json\/wp\/v2\/media?parent=13535"}],"wp:term":[{"taxonomy":"product_cat","embeddable":true,"href":"https:\/\/tzila.mx\/dev\/wp-json\/wp\/v2\/product_cat?post=13535"},{"taxonomy":"product_tag","embeddable":true,"href":"https:\/\/tzila.mx\/dev\/wp-json\/wp\/v2\/product_tag?post=13535"}],"curies":[{"name":"wp","href":"https:\/\/api.w.org\/{rel}","templated":true}]}}