{"id":13491,"date":"2022-05-31T21:04:53","date_gmt":"2022-06-01T02:04:53","guid":{"rendered":"https:\/\/tzila.mx\/dev\/?post_type=product&#038;p=13491"},"modified":"2022-06-29T11:36:47","modified_gmt":"2022-06-29T16:36:47","slug":"tarjeta-grafica-asus-rog-strix-lc-geforce-rtx-3080-ti-12gb-gddr6x","status":"publish","type":"product","link":"https:\/\/tzila.mx\/dev\/producto\/tarjeta-grafica-asus-rog-strix-lc-geforce-rtx-3080-ti-12gb-gddr6x\/","title":{"rendered":"Tarjeta Gr\u00e1fica ASUS ROG Strix LC GeForce RTX\u2122 3080 Ti 12GB GDDR6X"},"content":{"rendered":"\t\t<div data-elementor-type=\"wp-post\" data-elementor-id=\"13491\" class=\"elementor elementor-13491\" data-elementor-settings=\"[]\">\n\t\t\t\t\t\t\t<div class=\"elementor-section-wrap\">\n\t\t\t\t\t\t\t<section class=\"elementor-section elementor-top-section elementor-element elementor-element-a77d38a elementor-section-boxed elementor-section-height-default elementor-section-height-default wd-section-disabled\" data-id=\"a77d38a\" data-element_type=\"section\">\n\t\t\t\t\t\t<div class=\"elementor-container elementor-column-gap-default\">\n\t\t\t\t\t<div class=\"elementor-column elementor-col-33 elementor-top-column elementor-element elementor-element-606b0e0\" data-id=\"606b0e0\" data-element_type=\"column\">\n\t\t\t<div class=\"elementor-widget-wrap elementor-element-populated\">\n\t\t\t\t\t\t\t\t<div class=\"elementor-element elementor-element-2efa55d elementor-widget elementor-widget-wd_text_block\" data-id=\"2efa55d\" data-element_type=\"widget\" data-widget_type=\"wd_text_block.default\">\n\t\t\t\t<div class=\"elementor-widget-container\">\n\t\t\t\t\t<div class=\"wd-text-block reset-last-child text-left\">\n\t\t\t\n\t\t\t<h5><strong>M\u00c1S ESPECIFICACIONES<\/strong><strong>:<\/strong><\/h5>\n\t\t\t\t\t<\/div>\n\t\t\t\t<\/div>\n\t\t\t\t<\/div>\n\t\t\t\t<div class=\"elementor-element elementor-element-00b20a9 elementor-widget elementor-widget-wd_text_block\" data-id=\"00b20a9\" data-element_type=\"widget\" data-widget_type=\"wd_text_block.default\">\n\t\t\t\t<div class=\"elementor-widget-container\">\n\t\t\t\t\t<div class=\"wd-text-block reset-last-child text-left\">\n\t\t\t\n\t\t\t<p>\u25cf Multiprocesadores NVIDIA Ampere Streaming: Los componentes b\u00e1sicos de las GPU m\u00e1s r\u00e1pidas y eficientes del mundo.<br \/>\u25cf RT Cores de segunda generaci\u00f3n: Experimenta el doble de rendimiento que los RT Cores de primera generaci\u00f3n.<br \/>\u25cf Tensor Cores de tercera generaci\u00f3n: Obt\u00e9n hasta el doble de rendimiento y algoritmos de inteligencia artificial avanzados como DLSS.<br \/>\u25cf La placa fr\u00eda de cobertura total brinda refrigeraci\u00f3n l\u00edquida a la memoria y al chip de la GPU.<br \/>\u25cf El enfriamiento a bordo para el suministro de energ\u00eda se maneja mediante un ventilador tipo soplador y un disipador de calor de bajo perfil.<br \/>\u25cf Radiador de 240 mm equilibra la compatibilidad y el rendimiento.<br \/>\u25cf Tuber\u00eda de 560 mm para compatibilidad con gabinetes EATX y montajes alternativos.<\/p>\n\t\t\t\t\t<\/div>\n\t\t\t\t<\/div>\n\t\t\t\t<\/div>\n\t\t\t\t\t<\/div>\n\t\t<\/div>\n\t\t\t\t<div class=\"elementor-column elementor-col-66 elementor-top-column elementor-element elementor-element-b692253\" data-id=\"b692253\" data-element_type=\"column\">\n\t\t\t<div class=\"elementor-widget-wrap elementor-element-populated\">\n\t\t\t\t\t\t\t\t<div class=\"elementor-element elementor-element-0fefcf7 elementor-widget elementor-widget-wd_image_or_svg\" data-id=\"0fefcf7\" data-element_type=\"widget\" data-widget_type=\"wd_image_or_svg.default\">\n\t\t\t\t<div class=\"elementor-widget-container\">\n\t\t\t\n\t\t<div class=\"wd-image text-center\">\n\t\t\t\t\t\t\t\t<img loading=\"lazy\" decoding=\"async\" width=\"1189\" height=\"730\" src=\"https:\/\/tzila.mx\/dev\/wp-content\/uploads\/2022\/05\/ROG-STRIX-LC-RTX3080TI-12G-GAMING-des-1.png\" class=\"attachment-full size-full\" alt=\"\" srcset=\"https:\/\/tzila.mx\/dev\/wp-content\/uploads\/2022\/05\/ROG-STRIX-LC-RTX3080TI-12G-GAMING-des-1.png 1189w, https:\/\/tzila.mx\/dev\/wp-content\/uploads\/2022\/05\/ROG-STRIX-LC-RTX3080TI-12G-GAMING-des-1-400x246.png 400w, https:\/\/tzila.mx\/dev\/wp-content\/uploads\/2022\/05\/ROG-STRIX-LC-RTX3080TI-12G-GAMING-des-1-768x472.png 768w, https:\/\/tzila.mx\/dev\/wp-content\/uploads\/2022\/05\/ROG-STRIX-LC-RTX3080TI-12G-GAMING-des-1-860x528.png 860w, https:\/\/tzila.mx\/dev\/wp-content\/uploads\/2022\/05\/ROG-STRIX-LC-RTX3080TI-12G-GAMING-des-1-430x264.png 430w, https:\/\/tzila.mx\/dev\/wp-content\/uploads\/2022\/05\/ROG-STRIX-LC-RTX3080TI-12G-GAMING-des-1-700x430.png 700w, https:\/\/tzila.mx\/dev\/wp-content\/uploads\/2022\/05\/ROG-STRIX-LC-RTX3080TI-12G-GAMING-des-1-150x92.png 150w\" sizes=\"auto, (max-width: 1189px) 100vw, 1189px\" \/>\t\t\t\t\t<\/div>\n\n\t\t\t\t<\/div>\n\t\t\t\t<\/div>\n\t\t\t\t\t<\/div>\n\t\t<\/div>\n\t\t\t\t\t\t\t<\/div>\n\t\t<\/section>\n\t\t\t\t<section class=\"elementor-section elementor-top-section elementor-element elementor-element-ec9e38a elementor-section-boxed elementor-section-height-default elementor-section-height-default wd-section-disabled\" data-id=\"ec9e38a\" data-element_type=\"section\">\n\t\t\t\t\t\t<div class=\"elementor-container elementor-column-gap-default\">\n\t\t\t\t\t<div class=\"elementor-column elementor-col-33 elementor-top-column elementor-element elementor-element-c833c6a\" data-id=\"c833c6a\" data-element_type=\"column\">\n\t\t\t<div class=\"elementor-widget-wrap elementor-element-populated\">\n\t\t\t\t\t\t\t\t<div class=\"elementor-element elementor-element-6ae12e9 elementor-widget elementor-widget-wd_text_block\" data-id=\"6ae12e9\" data-element_type=\"widget\" data-widget_type=\"wd_text_block.default\">\n\t\t\t\t<div class=\"elementor-widget-container\">\n\t\t\t\t\t<div class=\"wd-text-block reset-last-child text-left\">\n\t\t\t\n\t\t\t<h4 class=\"color-gradient reveal\" data-trigger=\".hd-scroller\">Rendimiento desbordante<\/h4><p class=\"reveal\" data-delay=\".25\" data-trigger=\".hd-scroller\">Ahora puedes llevar el alucinante rendimiento de la arquitectura NVIDIA Ampere todav\u00eda m\u00e1s lejos. La ROG Strix LC GeForce RTX\u2122 3080 Ti utiliza la refrigeraci\u00f3n l\u00edquida para aprovechar todo el potencial de la GPU con un sistema ultrasilencioso que supera de largo a los dise\u00f1os de refrigeraci\u00f3n por aire. La ROG Strix LC est\u00e1 pensada para los amantes del rendimiento que quieren montar un equipo extremadamente potente.<\/p>\n\t\t\t\t\t<\/div>\n\t\t\t\t<\/div>\n\t\t\t\t<\/div>\n\t\t\t\t<div class=\"elementor-element elementor-element-e9bf201 elementor-widget elementor-widget-wd_text_block\" data-id=\"e9bf201\" data-element_type=\"widget\" data-widget_type=\"wd_text_block.default\">\n\t\t\t\t<div class=\"elementor-widget-container\">\n\t\t\t\t\t<div class=\"wd-text-block reset-last-child text-left\">\n\t\t\t\n\t\t\t<h4>Placa fr\u00eda de cobertura total<\/h4><p>Una placa fr\u00eda se extiende sobre la GPU y la memoria GDDR6, aportando todas las ventajas de la refrigeraci\u00f3n l\u00edquida a los componentes que se ocupan del rendimiento.<\/p>\n\t\t\t\t\t<\/div>\n\t\t\t\t<\/div>\n\t\t\t\t<\/div>\n\t\t\t\t<div class=\"elementor-element elementor-element-252ec94 elementor-widget elementor-widget-wd_text_block\" data-id=\"252ec94\" data-element_type=\"widget\" data-widget_type=\"wd_text_block.default\">\n\t\t\t\t<div class=\"elementor-widget-container\">\n\t\t\t\t\t<div class=\"wd-text-block reset-last-child text-left\">\n\t\t\t\n\t\t\t<h4>Refrigeraci\u00f3n en placa<\/h4><p>En el vientre de la bestia, el calor producido por los componentes se disipa a trav\u00e9s de un ventilador y un disipador de perfil bajo situados bajo la cubierta. Este combo expulsa el aire caliente de forma silenciosa y eficiente.<\/p>\n\t\t\t\t\t<\/div>\n\t\t\t\t<\/div>\n\t\t\t\t<\/div>\n\t\t\t\t<div class=\"elementor-element elementor-element-8604524 elementor-widget elementor-widget-wd_image_or_svg\" data-id=\"8604524\" data-element_type=\"widget\" data-widget_type=\"wd_image_or_svg.default\">\n\t\t\t\t<div class=\"elementor-widget-container\">\n\t\t\t\n\t\t<div class=\"wd-image text-center\">\n\t\t\t\t\t\t\t\t<img loading=\"lazy\" decoding=\"async\" width=\"1058\" height=\"427\" src=\"https:\/\/tzila.mx\/dev\/wp-content\/uploads\/2022\/05\/ROG-STRIX-LC-RTX3080TI-12G-GAMING-des-2.png\" class=\"attachment-full size-full\" alt=\"\" srcset=\"https:\/\/tzila.mx\/dev\/wp-content\/uploads\/2022\/05\/ROG-STRIX-LC-RTX3080TI-12G-GAMING-des-2.png 1058w, https:\/\/tzila.mx\/dev\/wp-content\/uploads\/2022\/05\/ROG-STRIX-LC-RTX3080TI-12G-GAMING-des-2-400x161.png 400w, https:\/\/tzila.mx\/dev\/wp-content\/uploads\/2022\/05\/ROG-STRIX-LC-RTX3080TI-12G-GAMING-des-2-768x310.png 768w, https:\/\/tzila.mx\/dev\/wp-content\/uploads\/2022\/05\/ROG-STRIX-LC-RTX3080TI-12G-GAMING-des-2-860x347.png 860w, https:\/\/tzila.mx\/dev\/wp-content\/uploads\/2022\/05\/ROG-STRIX-LC-RTX3080TI-12G-GAMING-des-2-430x174.png 430w, https:\/\/tzila.mx\/dev\/wp-content\/uploads\/2022\/05\/ROG-STRIX-LC-RTX3080TI-12G-GAMING-des-2-700x283.png 700w, https:\/\/tzila.mx\/dev\/wp-content\/uploads\/2022\/05\/ROG-STRIX-LC-RTX3080TI-12G-GAMING-des-2-150x61.png 150w\" sizes=\"auto, (max-width: 1058px) 100vw, 1058px\" \/>\t\t\t\t\t<\/div>\n\n\t\t\t\t<\/div>\n\t\t\t\t<\/div>\n\t\t\t\t<div class=\"elementor-element elementor-element-564b841 elementor-widget elementor-widget-wd_text_block\" data-id=\"564b841\" data-element_type=\"widget\" data-widget_type=\"wd_text_block.default\">\n\t\t\t\t<div class=\"elementor-widget-container\">\n\t\t\t\t\t<div class=\"wd-text-block reset-last-child text-left\">\n\t\t\t\n\t\t\t<h4 class=\"color-gradient\">COMPATIBILIDAD INTELIGENTE<\/h4><p>La refrigeraci\u00f3n l\u00edquida utiliza tubos de 600 mm que permiten instalar la tarjeta en chasis grandes y equipos provistos de un cooler todo en uno. Los cables del ventilador del radiador se pueden conectar directamente a la tarjeta y las cintas para cable incluidas ayudan a mantenerlo todo organizado.<\/p>\n\t\t\t\t\t<\/div>\n\t\t\t\t<\/div>\n\t\t\t\t<\/div>\n\t\t\t\t<div class=\"elementor-element elementor-element-d0a2373 elementor-widget elementor-widget-wd_text_block\" data-id=\"d0a2373\" data-element_type=\"widget\" data-widget_type=\"wd_text_block.default\">\n\t\t\t\t<div class=\"elementor-widget-container\">\n\t\t\t\t\t<div class=\"wd-text-block reset-last-child text-left\">\n\t\t\t\n\t\t\t<h4>Componentes Premium<\/h4><p>Los condensadores, chokes y MOSFETs de alta gama tienen la capacidad de entregar ciento de vatios por mili segundo. Los componentes Super Alloy Power II se sueldan a la PCB con nuestro avanzado proceso de fabricaci\u00f3n automatizada Auto-Extreme. Los puntos de soldadura suaves y la eliminaci\u00f3n de errores humanos asegura que todas las tarjetas gr\u00e1ficas cumplan con nuestras rigurosas especificaciones.\u00a0\u00a0<\/p>\n\t\t\t\t\t<\/div>\n\t\t\t\t<\/div>\n\t\t\t\t<\/div>\n\t\t\t\t\t<\/div>\n\t\t<\/div>\n\t\t\t\t<div class=\"elementor-column elementor-col-33 elementor-top-column elementor-element elementor-element-e7b3bda\" data-id=\"e7b3bda\" data-element_type=\"column\">\n\t\t\t<div class=\"elementor-widget-wrap elementor-element-populated\">\n\t\t\t\t\t\t\t\t<div class=\"elementor-element elementor-element-7d838dd elementor-widget elementor-widget-wd_text_block\" data-id=\"7d838dd\" data-element_type=\"widget\" data-widget_type=\"wd_text_block.default\">\n\t\t\t\t<div class=\"elementor-widget-container\">\n\t\t\t\t\t<div class=\"wd-text-block reset-last-child text-left\">\n\t\t\t\n\t\t\t<h4>Fanconnect II<\/h4><p>La parte trasera de la gr\u00e1fica presenta dos conectores PWM FanConnect muy vers\u00e1tiles. Los ventiladores de chasis pueden conectarse directamente a la GPU y ajustarse a una curva basada en la temperatura de la CPU o la GPU, lo que proporciona una entrada o salida de aire adicional para las tareas 3D m\u00e1s exigentes.<\/p>\n\t\t\t\t\t<\/div>\n\t\t\t\t<\/div>\n\t\t\t\t<\/div>\n\t\t\t\t<div class=\"elementor-element elementor-element-696e1a7 elementor-widget elementor-widget-wd_image_or_svg\" data-id=\"696e1a7\" data-element_type=\"widget\" data-widget_type=\"wd_image_or_svg.default\">\n\t\t\t\t<div class=\"elementor-widget-container\">\n\t\t\t\n\t\t<div class=\"wd-image text-center\">\n\t\t\t\t\t\t\t\t<img decoding=\"async\" src=\"https:\/\/tzila.mx\/dev\/wp-content\/uploads\/elementor\/thumbs\/ROG-STRIX-LC-RTX3080TI-12G-GAMING-des-3-ppniv2qtcvck8b2kz20jm3jy6e12dtao7gsptn2qis.png\" title=\"ROG-STRIX-LC-RTX3080TI-12G-GAMING-des-3\" alt=\"ROG-STRIX-LC-RTX3080TI-12G-GAMING-des-3\" \/>\t\t\t\t\t<\/div>\n\n\t\t\t\t<\/div>\n\t\t\t\t<\/div>\n\t\t\t\t<div class=\"elementor-element elementor-element-d269260 elementor-widget elementor-widget-wd_text_block\" data-id=\"d269260\" data-element_type=\"widget\" data-widget_type=\"wd_text_block.default\">\n\t\t\t\t<div class=\"elementor-widget-container\">\n\t\t\t\t\t<div class=\"wd-text-block reset-last-child text-left\">\n\t\t\t\n\t\t\t<div class=\"hd-content hd-col70 mx-auto\"><h4 class=\"color-gradient reveal\" data-delay=\".25\">Parte trasera blindada<\/h4><p class=\"reveal\" data-delay=\".4\">La parte trasera de la tarjeta revela m\u00e1s mejoras. Una placa de metal refuerza la PCB para evitar que pueda ceder bajo el peso de la tarjeta y que los componentes puedan da\u00f1arse. El soporte de la GPU refuerza la cr\u00edtica conexi\u00f3n entre la GPU y el difusor. La placa de conexiones de acero inoxidable protege los puertos al tiempo que proporciona un proceso de montaje m\u00e1s seguro. Y el interruptor Dual Bios permite seleccionar los modos rendimiento y silencio sin tener que recurrir al software. \u200b<\/p><\/div>\n\t\t\t\t\t<\/div>\n\t\t\t\t<\/div>\n\t\t\t\t<\/div>\n\t\t\t\t<div class=\"elementor-element elementor-element-f1dbdbe elementor-widget elementor-widget-wd_text_block\" data-id=\"f1dbdbe\" data-element_type=\"widget\" data-widget_type=\"wd_text_block.default\">\n\t\t\t\t<div class=\"elementor-widget-container\">\n\t\t\t\t\t<div class=\"wd-text-block reset-last-child text-left\">\n\t\t\t\n\t\t\t<div class=\"hd-content hd-col70 mx-auto\"><h4 class=\"color-gradient reveal\" data-delay=\".25\">Alimentaci\u00f3n<\/h4><p class=\"reveal\" data-delay=\".4\">Para satisfacer las demandas de energ\u00eda de la GeForce RTX 3080 Ti, hay tres conectores de alimentaci\u00f3n de 8 contactos junto a un circuito integrado que monitoriza el voltaje del carril de la PSU y es capaz de atrapar cualquier transitorio que haga caer el voltaje demasiado bajo. Si esto ocurre, un LED rojo sindicar\u00e1 un problema de suministro de energ\u00eda.<\/p><\/div>\n\t\t\t\t\t<\/div>\n\t\t\t\t<\/div>\n\t\t\t\t<\/div>\n\t\t\t\t<div class=\"elementor-element elementor-element-43eaefe elementor-widget elementor-widget-wd_text_block\" data-id=\"43eaefe\" data-element_type=\"widget\" data-widget_type=\"wd_text_block.default\">\n\t\t\t\t<div class=\"elementor-widget-container\">\n\t\t\t\t\t<div class=\"wd-text-block reset-last-child text-left\">\n\t\t\t\n\t\t\t<div class=\"hd-content hd-col70 mx-auto\"><h4 class=\"color-gradient reveal\" data-delay=\".25\">Aura Sync<\/h4><p class=\"reveal\" data-delay=\".4\">La Strix LC no se esconde tras las sombras. Este habitante de las profundidades hace alarde de su poder con una iluminaci\u00f3n RGB direccionable que brilla a trav\u00e9s de las estr\u00edas de la cubierta, el logotipo ROG y dos ventiladores de radiador ARGB.<\/p><\/div>\n\t\t\t\t\t<\/div>\n\t\t\t\t<\/div>\n\t\t\t\t<\/div>\n\t\t\t\t\t<\/div>\n\t\t<\/div>\n\t\t\t\t<div class=\"elementor-column elementor-col-33 elementor-top-column elementor-element elementor-element-ba9b9c1\" data-id=\"ba9b9c1\" data-element_type=\"column\">\n\t\t\t<div class=\"elementor-widget-wrap elementor-element-populated\">\n\t\t\t\t\t\t\t\t<div class=\"elementor-element elementor-element-4f49f18 elementor-widget elementor-widget-wd_text_block\" data-id=\"4f49f18\" data-element_type=\"widget\" data-widget_type=\"wd_text_block.default\">\n\t\t\t\t<div class=\"elementor-widget-container\">\n\t\t\t\t\t<div class=\"wd-text-block reset-last-child text-left\">\n\t\t\t\n\t\t\t<h4>Ventiladores de radiador<\/h4><p>El radiador de 240 mm se enfr\u00eda con dos potentes ventiladores ARGB de 120 mm optimizados para trabajar a alta presi\u00f3n est\u00e1tica y CFM.<\/p>\n\t\t\t\t\t<\/div>\n\t\t\t\t<\/div>\n\t\t\t\t<\/div>\n\t\t\t\t<div class=\"elementor-element elementor-element-e65ba51 elementor-widget elementor-widget-wd_image_or_svg\" data-id=\"e65ba51\" data-element_type=\"widget\" data-widget_type=\"wd_image_or_svg.default\">\n\t\t\t\t<div class=\"elementor-widget-container\">\n\t\t\t\n\t\t<div class=\"wd-image text-left\">\n\t\t\t\t\t\t\t\t<img loading=\"lazy\" decoding=\"async\" width=\"645\" height=\"343\" src=\"https:\/\/tzila.mx\/dev\/wp-content\/uploads\/2022\/05\/TUF-RX6700XT-O12G-GAMING-des-6.png\" class=\"attachment-full size-full\" alt=\"\" srcset=\"https:\/\/tzila.mx\/dev\/wp-content\/uploads\/2022\/05\/TUF-RX6700XT-O12G-GAMING-des-6.png 645w, https:\/\/tzila.mx\/dev\/wp-content\/uploads\/2022\/05\/TUF-RX6700XT-O12G-GAMING-des-6-400x213.png 400w, https:\/\/tzila.mx\/dev\/wp-content\/uploads\/2022\/05\/TUF-RX6700XT-O12G-GAMING-des-6-430x229.png 430w, https:\/\/tzila.mx\/dev\/wp-content\/uploads\/2022\/05\/TUF-RX6700XT-O12G-GAMING-des-6-150x80.png 150w\" sizes=\"auto, (max-width: 645px) 100vw, 645px\" \/>\t\t\t\t\t<\/div>\n\n\t\t\t\t<\/div>\n\t\t\t\t<\/div>\n\t\t\t\t<div class=\"elementor-element elementor-element-7002312 elementor-widget elementor-widget-wd_text_block\" data-id=\"7002312\" data-element_type=\"widget\" data-widget_type=\"wd_text_block.default\">\n\t\t\t\t<div class=\"elementor-widget-container\">\n\t\t\t\t\t<div class=\"wd-text-block reset-last-child text-left\">\n\t\t\t\n\t\t\t<h4>GPU Tweak II<\/h4><p>La utilidad ASUS GPU Tweak II lleva el ajuste de la tarjeta gr\u00e1fica al siguiente nivel. Le permite ajustar par\u00e1metros cr\u00edticos, incluidos los relojes del n\u00facleo de la GPU, la frecuencia de la memoria y la configuraci\u00f3n de voltaje, con la opci\u00f3n de monitorear todo en tiempo real a trav\u00e9s de una visualizaci\u00f3n en pantalla personalizable. Tambi\u00e9n se incluye control de ventilador avanzado junto con muchas m\u00e1s funciones para ayudarlo a aprovechar al m\u00e1ximo su tarjeta gr\u00e1fica.<\/p>\n\t\t\t\t\t<\/div>\n\t\t\t\t<\/div>\n\t\t\t\t<\/div>\n\t\t\t\t<div class=\"elementor-element elementor-element-ee00d4b elementor-widget elementor-widget-wd_text_block\" data-id=\"ee00d4b\" data-element_type=\"widget\" data-widget_type=\"wd_text_block.default\">\n\t\t\t\t<div class=\"elementor-widget-container\">\n\t\t\t\t\t<div class=\"wd-text-block reset-last-child text-left\">\n\t\t\t\n\t\t\t<h4>wtfast<\/h4><p>Juega sin retrasos<br \/>Nos asociamos con wtfast para ayudarlo a jugar sin retrasos, problemas de latencia y paquetes perdidos. Con una suscripci\u00f3n de 6 meses a wtfast Gamers Private Network, disfrutar\u00e1 de un ping m\u00e1s bajo para una experiencia de juego en l\u00ednea m\u00e1s fluida y fluida. Compre una tarjeta gr\u00e1fica ASUS, \u00a1y no se quede esperando!<\/p>\n\t\t\t\t\t<\/div>\n\t\t\t\t<\/div>\n\t\t\t\t<\/div>\n\t\t\t\t<div class=\"elementor-element elementor-element-6dabd15 elementor-widget elementor-widget-wd_text_block\" data-id=\"6dabd15\" data-element_type=\"widget\" data-widget_type=\"wd_text_block.default\">\n\t\t\t\t<div class=\"elementor-widget-container\">\n\t\t\t\t\t<div class=\"wd-text-block reset-last-child text-left\">\n\t\t\t\n\t\t\t<div class=\"hd-content hd-col50\"><div class=\"hd-content\"><h4>Quantumcloud<\/h4><p>Benef\u00edciese de la potencia de la GPU<br \/>Quantumcloud es un servicio simple y seguro que le permite ganar dinero extra sin esfuerzo al poner a trabajar su GPU inactiva. A trav\u00e9s de una aplicaci\u00f3n f\u00e1cil de usar, su computadora puede ayudar a ejecutar aplicaciones basadas en la nube, gan\u00e1ndole dinero en el proceso. Las ganancias se transfieren autom\u00e1ticamente a su cuenta de WeChat o PayPal, y su privacidad permanece intacta porque Quantumcloud no recopila sus datos personales. \u00a1Empieza a ganar dinero hoy!<\/p><\/div><\/div>\n\t\t\t\t\t<\/div>\n\t\t\t\t<\/div>\n\t\t\t\t<\/div>\n\t\t\t\t<div class=\"elementor-element elementor-element-078b475 elementor-widget elementor-widget-wd_button\" data-id=\"078b475\" data-element_type=\"widget\" data-widget_type=\"wd_button.default\">\n\t\t\t\t<div class=\"elementor-widget-container\">\n\t\t\t\t\t<div class=\"wd-button-wrapper text-center\" >\n\t\t\t<a class=\"btn btn-style-link btn-shape- btn-size-large btn-scheme-light btn-scheme-hover-dark btn-icon-pos-right\"  href=\"https:\/\/rog.asus.com\/latin\/graphics-cards\/graphics-cards\/rog-strix\/rog-strix-lc-rtx3080ti-12g-gaming-model\/\" target=\"_blank\">\n\t\t\t\t<span class=\"wd-btn-text\" data-elementor-setting-key=\"text\">\n\t\t\t\t\tSaber m\u00e1s\t\t\t\t<\/span>\n\n\t\t\t\t\t\t\t<\/a>\n\t\t<\/div>\n\t\t\t\t<\/div>\n\t\t\t\t<\/div>\n\t\t\t\t\t<\/div>\n\t\t<\/div>\n\t\t\t\t\t\t\t<\/div>\n\t\t<\/section>\n\t\t\t\t\t\t<\/div>\n\t\t\t\t\t<\/div>\n\t\t","protected":false},"excerpt":{"rendered":"<h4>Caracter\u00edsticas principales:<\/h4>\n<p class=\"p1\"><span class=\"s1\">\u25cf <span class=\"ProductSpecSingle__descriptionItemValue__lVa0O\">NVIDIA<sup>\u00ae<\/sup> GeForce RTX\u2122 3080 Ti<\/span><\/span><br \/>\n<span class=\"s1\">\u25cf <span class=\"ProductSpecSingle__descriptionItemValue__lVa0O\">PCI Express 4.0<\/span><\/span><br \/>\n<span class=\"s2\"><span class=\"s1\">\u25cf <span class=\"ProductSpecSingle__descriptionItemValue__lVa0O\">12GB GDDR6X<\/span>\u00a0<\/span><\/span>Video Memory<br \/>\n<span class=\"s1\">\u25cf Modo juego: <span class=\"ProductSpecSingle__descriptionItemValue__lVa0O\">1665 MHz (Boost Clock)<\/span><\/span><br \/>\n<span class=\"s1\">\u25cf <span class=\"ProductSpecSingle__descriptionItemValue__lVa0O\">ARGB<\/span> <\/span>AURA SYNC<br \/>\n<span class=\"s1\">\u25cf <\/span>DisplayPort 1.4a<br \/>\n<span class=\"s1\">\u25cf <\/span>Radiador de 240 mm<\/p>\n","protected":false},"featured_media":13492,"comment_status":"open","ping_status":"closed","template":"","meta":[],"product_cat":[20,53,100],"product_tag":[226,225,114],"class_list":["post-13491","product","type-product","status-publish","has-post-thumbnail","hentry","product_cat-hardware","product_cat-tarjeta-grafica","product_cat-asus","product_tag-geforce-rtx","product_tag-nvidia","product_tag-rog-gaming","pa_brand-asus"],"_links":{"self":[{"href":"https:\/\/tzila.mx\/dev\/wp-json\/wp\/v2\/product\/13491","targetHints":{"allow":["GET"]}}],"collection":[{"href":"https:\/\/tzila.mx\/dev\/wp-json\/wp\/v2\/product"}],"about":[{"href":"https:\/\/tzila.mx\/dev\/wp-json\/wp\/v2\/types\/product"}],"replies":[{"embeddable":true,"href":"https:\/\/tzila.mx\/dev\/wp-json\/wp\/v2\/comments?post=13491"}],"version-history":[{"count":11,"href":"https:\/\/tzila.mx\/dev\/wp-json\/wp\/v2\/product\/13491\/revisions"}],"predecessor-version":[{"id":13515,"href":"https:\/\/tzila.mx\/dev\/wp-json\/wp\/v2\/product\/13491\/revisions\/13515"}],"wp:featuredmedia":[{"embeddable":true,"href":"https:\/\/tzila.mx\/dev\/wp-json\/wp\/v2\/media\/13492"}],"wp:attachment":[{"href":"https:\/\/tzila.mx\/dev\/wp-json\/wp\/v2\/media?parent=13491"}],"wp:term":[{"taxonomy":"product_cat","embeddable":true,"href":"https:\/\/tzila.mx\/dev\/wp-json\/wp\/v2\/product_cat?post=13491"},{"taxonomy":"product_tag","embeddable":true,"href":"https:\/\/tzila.mx\/dev\/wp-json\/wp\/v2\/product_tag?post=13491"}],"curies":[{"name":"wp","href":"https:\/\/api.w.org\/{rel}","templated":true}]}}