{"id":13474,"date":"2022-05-31T20:00:21","date_gmt":"2022-06-01T01:00:21","guid":{"rendered":"https:\/\/tzila.mx\/dev\/?post_type=product&#038;p=13474"},"modified":"2022-06-29T11:36:49","modified_gmt":"2022-06-29T16:36:49","slug":"tarjeta-grafica-asus-geforce-gt-730-2gb-gddr5","status":"publish","type":"product","link":"https:\/\/tzila.mx\/dev\/producto\/tarjeta-grafica-asus-geforce-gt-730-2gb-gddr5\/","title":{"rendered":"Tarjeta Gr\u00e1fica ASUS GeForce\u00ae GT 730 2GB GDDR5"},"content":{"rendered":"\t\t<div data-elementor-type=\"wp-post\" data-elementor-id=\"13474\" class=\"elementor elementor-13474\" data-elementor-settings=\"[]\">\n\t\t\t\t\t\t\t<div class=\"elementor-section-wrap\">\n\t\t\t\t\t\t\t<section class=\"elementor-section elementor-top-section elementor-element elementor-element-a77d38a elementor-section-boxed elementor-section-height-default elementor-section-height-default wd-section-disabled\" data-id=\"a77d38a\" data-element_type=\"section\">\n\t\t\t\t\t\t<div class=\"elementor-container elementor-column-gap-default\">\n\t\t\t\t\t<div class=\"elementor-column elementor-col-33 elementor-top-column elementor-element elementor-element-606b0e0\" data-id=\"606b0e0\" data-element_type=\"column\">\n\t\t\t<div class=\"elementor-widget-wrap elementor-element-populated\">\n\t\t\t\t\t\t\t\t<div class=\"elementor-element elementor-element-2efa55d elementor-widget elementor-widget-wd_text_block\" data-id=\"2efa55d\" data-element_type=\"widget\" data-widget_type=\"wd_text_block.default\">\n\t\t\t\t<div class=\"elementor-widget-container\">\n\t\t\t\t\t<div class=\"wd-text-block reset-last-child text-left\">\n\t\t\t\n\t\t\t<h5><strong>M\u00c1S ESPECIFICACIONES<\/strong><strong>:<\/strong><\/h5>\n\t\t\t\t\t<\/div>\n\t\t\t\t<\/div>\n\t\t\t\t<\/div>\n\t\t\t\t<div class=\"elementor-element elementor-element-00b20a9 elementor-widget elementor-widget-wd_text_block\" data-id=\"00b20a9\" data-element_type=\"widget\" data-widget_type=\"wd_text_block.default\">\n\t\t\t\t<div class=\"elementor-widget-container\">\n\t\t\t\t\t<div class=\"wd-text-block reset-last-child text-left\">\n\t\t\t\n\t\t\t<p>\u25cf <strong>El enfriamiento pasivo silencioso significa 0dB reales:<\/strong> Perfecto para PCs de cine en casa silenciosos y centros multimedia.<br \/>\u25cf <strong>La tecnolog\u00eda Auto-Extreme: <\/strong>Utiliza la automatizaci\u00f3n para mejorar la confiabilidad.<br \/>\u25cf <strong>GPU Tweak II:<\/strong> Proporciona ajustes de rendimiento intuitivos, controles t\u00e9rmicos y supervisi\u00f3n del sistema.<\/p>\n\t\t\t\t\t<\/div>\n\t\t\t\t<\/div>\n\t\t\t\t<\/div>\n\t\t\t\t\t<\/div>\n\t\t<\/div>\n\t\t\t\t<div class=\"elementor-column elementor-col-66 elementor-top-column elementor-element elementor-element-b692253\" data-id=\"b692253\" data-element_type=\"column\">\n\t\t\t<div class=\"elementor-widget-wrap elementor-element-populated\">\n\t\t\t\t\t\t\t\t<div class=\"elementor-element elementor-element-0fefcf7 elementor-widget elementor-widget-wd_image_or_svg\" data-id=\"0fefcf7\" data-element_type=\"widget\" data-widget_type=\"wd_image_or_svg.default\">\n\t\t\t\t<div class=\"elementor-widget-container\">\n\t\t\t\n\t\t<div class=\"wd-image text-center\">\n\t\t\t\t\t\t\t\t<img loading=\"lazy\" decoding=\"async\" width=\"645\" height=\"343\" src=\"https:\/\/tzila.mx\/dev\/wp-content\/uploads\/2022\/05\/TUF-RX6700XT-O12G-GAMING-des-6.png\" class=\"attachment-full size-full\" alt=\"\" srcset=\"https:\/\/tzila.mx\/dev\/wp-content\/uploads\/2022\/05\/TUF-RX6700XT-O12G-GAMING-des-6.png 645w, https:\/\/tzila.mx\/dev\/wp-content\/uploads\/2022\/05\/TUF-RX6700XT-O12G-GAMING-des-6-400x213.png 400w, https:\/\/tzila.mx\/dev\/wp-content\/uploads\/2022\/05\/TUF-RX6700XT-O12G-GAMING-des-6-430x229.png 430w, https:\/\/tzila.mx\/dev\/wp-content\/uploads\/2022\/05\/TUF-RX6700XT-O12G-GAMING-des-6-150x80.png 150w\" sizes=\"auto, (max-width: 645px) 100vw, 645px\" \/>\t\t\t\t\t<\/div>\n\n\t\t\t\t<\/div>\n\t\t\t\t<\/div>\n\t\t\t\t\t<\/div>\n\t\t<\/div>\n\t\t\t\t\t\t\t<\/div>\n\t\t<\/section>\n\t\t\t\t<section class=\"elementor-section elementor-top-section elementor-element elementor-element-ec9e38a elementor-section-boxed elementor-section-height-default elementor-section-height-default wd-section-disabled\" data-id=\"ec9e38a\" data-element_type=\"section\">\n\t\t\t\t\t\t<div class=\"elementor-container elementor-column-gap-default\">\n\t\t\t\t\t<div class=\"elementor-column elementor-col-33 elementor-top-column elementor-element elementor-element-c833c6a\" data-id=\"c833c6a\" data-element_type=\"column\">\n\t\t\t<div class=\"elementor-widget-wrap elementor-element-populated\">\n\t\t\t\t\t\t\t\t<div class=\"elementor-element elementor-element-6ae12e9 elementor-widget elementor-widget-wd_text_block\" data-id=\"6ae12e9\" data-element_type=\"widget\" data-widget_type=\"wd_text_block.default\">\n\t\t\t\t<div class=\"elementor-widget-container\">\n\t\t\t\t\t<div class=\"wd-text-block reset-last-child text-left\">\n\t\t\t\n\t\t\t<h4>\u00a1Gr\u00e1ficos en abundancia para todos!<\/h4><p>GT 730 es la fant\u00e1stica tarjeta gr\u00e1fica de ASUS. Dise\u00f1ado con un dise\u00f1o t\u00e9rmico de 0dB altamente eficiente, disipa el calor en completo silencio, lo que convierte a GT 730 en la elecci\u00f3n perfecta para su construcci\u00f3n delgada de PC de cine en casa (HTPC). Exclusiva tecnolog\u00eda Auto-Extreme\u200b para una calidad superior y la mejor confiabilidad. Tambi\u00e9n tiene GPU Tweak II con Xsplit Gamecaster, proporciona ajustes de rendimiento intuitivos y le permite transmitir su juego al instante.<\/p>\n\t\t\t\t\t<\/div>\n\t\t\t\t<\/div>\n\t\t\t\t<\/div>\n\t\t\t\t<div class=\"elementor-element elementor-element-e9bf201 elementor-widget elementor-widget-wd_text_block\" data-id=\"e9bf201\" data-element_type=\"widget\" data-widget_type=\"wd_text_block.default\">\n\t\t\t\t<div class=\"elementor-widget-container\">\n\t\t\t\t\t<div class=\"wd-text-block reset-last-child text-left\">\n\t\t\t\n\t\t\t<h4>Aspectos destacados de los puertos de E\/S<\/h4><p>1x D-Sub nativo<br \/>1x DVI-D nativo<br \/>1x HDMI nativo<\/p>\n\t\t\t\t\t<\/div>\n\t\t\t\t<\/div>\n\t\t\t\t<\/div>\n\t\t\t\t\t<\/div>\n\t\t<\/div>\n\t\t\t\t<div class=\"elementor-column elementor-col-33 elementor-top-column elementor-element elementor-element-e7b3bda\" data-id=\"e7b3bda\" data-element_type=\"column\">\n\t\t\t<div class=\"elementor-widget-wrap elementor-element-populated\">\n\t\t\t\t\t\t\t\t<div class=\"elementor-element elementor-element-06ec1ef elementor-widget elementor-widget-wd_text_block\" data-id=\"06ec1ef\" data-element_type=\"widget\" data-widget_type=\"wd_text_block.default\">\n\t\t\t\t<div class=\"elementor-widget-container\">\n\t\t\t\t\t<div class=\"wd-text-block reset-last-child text-left\">\n\t\t\t\n\t\t\t<h4>Enfriamiento silencioso 0dB<\/h4><p>Perfecto para construir un HTPC silencioso<br \/>Los exclusivos disipadores de calor dise\u00f1ados por ASUS con grandes \u00e1reas de superficie enfr\u00edan de manera efectiva las tarjetas gr\u00e1ficas de forma pasiva, por lo que no se produce ning\u00fan sonido mientras se ejecuta, perfecto para PC de cine en casa y centros multimedia de alta definici\u00f3n y silenciosos.<\/p>\n\t\t\t\t\t<\/div>\n\t\t\t\t<\/div>\n\t\t\t\t<\/div>\n\t\t\t\t<div class=\"elementor-element elementor-element-564b841 elementor-widget elementor-widget-wd_text_block\" data-id=\"564b841\" data-element_type=\"widget\" data-widget_type=\"wd_text_block.default\">\n\t\t\t\t<div class=\"elementor-widget-container\">\n\t\t\t\t\t<div class=\"wd-text-block reset-last-child text-left\">\n\t\t\t\n\t\t\t<h4>Tecnolog\u00eda Auto-Extreme\u200b<\/h4><p>Fabricaci\u00f3n automatizada de precisi\u00f3n<br \/>La tecnolog\u00eda Auto-Extreme\u200b es un proceso de fabricaci\u00f3n automatizado que establece nuevos est\u00e1ndares en la industria al permitir que todas las soldaduras se completen en una sola pasada. Esto reduce la tensi\u00f3n t\u00e9rmica en los componentes y evita el uso de productos qu\u00edmicos de limpieza agresivos, lo que genera un menor impacto ambiental, un menor consumo de energ\u00eda de fabricaci\u00f3n y un producto m\u00e1s confiable en general.<\/p>\n\t\t\t\t\t<\/div>\n\t\t\t\t<\/div>\n\t\t\t\t<\/div>\n\t\t\t\t\t<\/div>\n\t\t<\/div>\n\t\t\t\t<div class=\"elementor-column elementor-col-33 elementor-top-column elementor-element elementor-element-ba9b9c1\" data-id=\"ba9b9c1\" data-element_type=\"column\">\n\t\t\t<div class=\"elementor-widget-wrap elementor-element-populated\">\n\t\t\t\t\t\t\t\t<div class=\"elementor-element elementor-element-0cbebb7 elementor-widget elementor-widget-wd_text_block\" data-id=\"0cbebb7\" data-element_type=\"widget\" data-widget_type=\"wd_text_block.default\">\n\t\t\t\t<div class=\"elementor-widget-container\">\n\t\t\t\t\t<div class=\"wd-text-block reset-last-child text-left\">\n\t\t\t\n\t\t\t<h4>Ajuste de GPU II<\/h4><p>Supervisar, modificar y sintonizar<br \/>La utilidad ASUS GPU Tweak II lleva el ajuste de la tarjeta gr\u00e1fica al siguiente nivel. Le permite ajustar par\u00e1metros cr\u00edticos, incluidos los relojes del n\u00facleo de la GPU, la frecuencia de la memoria y la configuraci\u00f3n de voltaje, con la opci\u00f3n de monitorear todo en tiempo real a trav\u00e9s de una visualizaci\u00f3n en pantalla personalizable. Tambi\u00e9n se incluye control de ventilador avanzado junto con muchas m\u00e1s funciones para ayudarlo a aprovechar al m\u00e1ximo su tarjeta gr\u00e1fica.<\/p>\n\t\t\t\t\t<\/div>\n\t\t\t\t<\/div>\n\t\t\t\t<\/div>\n\t\t\t\t<div class=\"elementor-element elementor-element-078b475 elementor-widget elementor-widget-wd_button\" data-id=\"078b475\" data-element_type=\"widget\" data-widget_type=\"wd_button.default\">\n\t\t\t\t<div class=\"elementor-widget-container\">\n\t\t\t\t\t<div class=\"wd-button-wrapper text-center\" >\n\t\t\t<a class=\"btn btn-style-link btn-shape- btn-size-large btn-scheme-light btn-scheme-hover-dark btn-icon-pos-right\"  href=\"https:\/\/www.asus.com\/mx\/Motherboards-Components\/Graphics-Cards\/ASUS\/GT730-SL-2GD5-BRK\/\" target=\"_blank\">\n\t\t\t\t<span class=\"wd-btn-text\" data-elementor-setting-key=\"text\">\n\t\t\t\t\tSaber m\u00e1s\t\t\t\t<\/span>\n\n\t\t\t\t\t\t\t<\/a>\n\t\t<\/div>\n\t\t\t\t<\/div>\n\t\t\t\t<\/div>\n\t\t\t\t\t<\/div>\n\t\t<\/div>\n\t\t\t\t\t\t\t<\/div>\n\t\t<\/section>\n\t\t\t\t\t\t<\/div>\n\t\t\t\t\t<\/div>\n\t\t","protected":false},"excerpt":{"rendered":"<h4>Caracter\u00edsticas principales:<\/h4>\n<p class=\"p1\"><span class=\"s1\">\u25cf NVIDIA\u00ae GeForce GT 730<\/span><br \/>\n<span class=\"s1\">\u25cf <\/span>Engine Clock 902 MHz<br \/>\n<span class=\"s2\"><span class=\"s1\">\u25cf GDDR5 de 2 GB <\/span><\/span>Video Memory<br \/>\n<span class=\"s1\">\u25cf HDMI 1.4a, DVI-D<\/span><\/p>\n","protected":false},"featured_media":13475,"comment_status":"open","ping_status":"closed","template":"","meta":[],"product_cat":[20,53,100],"product_tag":[227],"class_list":["post-13474","product","type-product","status-publish","has-post-thumbnail","hentry","product_cat-hardware","product_cat-tarjeta-grafica","product_cat-asus","product_tag-geforce","pa_brand-asus"],"_links":{"self":[{"href":"https:\/\/tzila.mx\/dev\/wp-json\/wp\/v2\/product\/13474","targetHints":{"allow":["GET"]}}],"collection":[{"href":"https:\/\/tzila.mx\/dev\/wp-json\/wp\/v2\/product"}],"about":[{"href":"https:\/\/tzila.mx\/dev\/wp-json\/wp\/v2\/types\/product"}],"replies":[{"embeddable":true,"href":"https:\/\/tzila.mx\/dev\/wp-json\/wp\/v2\/comments?post=13474"}],"version-history":[{"count":10,"href":"https:\/\/tzila.mx\/dev\/wp-json\/wp\/v2\/product\/13474\/revisions"}],"predecessor-version":[{"id":13490,"href":"https:\/\/tzila.mx\/dev\/wp-json\/wp\/v2\/product\/13474\/revisions\/13490"}],"wp:featuredmedia":[{"embeddable":true,"href":"https:\/\/tzila.mx\/dev\/wp-json\/wp\/v2\/media\/13475"}],"wp:attachment":[{"href":"https:\/\/tzila.mx\/dev\/wp-json\/wp\/v2\/media?parent=13474"}],"wp:term":[{"taxonomy":"product_cat","embeddable":true,"href":"https:\/\/tzila.mx\/dev\/wp-json\/wp\/v2\/product_cat?post=13474"},{"taxonomy":"product_tag","embeddable":true,"href":"https:\/\/tzila.mx\/dev\/wp-json\/wp\/v2\/product_tag?post=13474"}],"curies":[{"name":"wp","href":"https:\/\/api.w.org\/{rel}","templated":true}]}}