{"id":13444,"date":"2022-05-31T16:30:18","date_gmt":"2022-05-31T21:30:18","guid":{"rendered":"https:\/\/tzila.mx\/dev\/?post_type=product&#038;p=13444"},"modified":"2022-06-29T11:36:53","modified_gmt":"2022-06-29T16:36:53","slug":"tarjeta-grafica-asus-tuf-gaming-geforce-rtx-3080-ti-oc-edition","status":"publish","type":"product","link":"https:\/\/tzila.mx\/dev\/producto\/tarjeta-grafica-asus-tuf-gaming-geforce-rtx-3080-ti-oc-edition\/","title":{"rendered":"Tarjeta Gr\u00e1fica ASUS TUF Gaming GeForce RTX\u2122 3080 Ti OC Edition"},"content":{"rendered":"\t\t<div data-elementor-type=\"wp-post\" data-elementor-id=\"13444\" class=\"elementor elementor-13444\" data-elementor-settings=\"[]\">\n\t\t\t\t\t\t\t<div class=\"elementor-section-wrap\">\n\t\t\t\t\t\t\t<section class=\"elementor-section elementor-top-section elementor-element elementor-element-a77d38a elementor-section-boxed elementor-section-height-default elementor-section-height-default wd-section-disabled\" data-id=\"a77d38a\" data-element_type=\"section\">\n\t\t\t\t\t\t<div class=\"elementor-container elementor-column-gap-default\">\n\t\t\t\t\t<div class=\"elementor-column elementor-col-33 elementor-top-column elementor-element elementor-element-606b0e0\" data-id=\"606b0e0\" data-element_type=\"column\">\n\t\t\t<div class=\"elementor-widget-wrap elementor-element-populated\">\n\t\t\t\t\t\t\t\t<div class=\"elementor-element elementor-element-2efa55d elementor-widget elementor-widget-wd_text_block\" data-id=\"2efa55d\" data-element_type=\"widget\" data-widget_type=\"wd_text_block.default\">\n\t\t\t\t<div class=\"elementor-widget-container\">\n\t\t\t\t\t<div class=\"wd-text-block reset-last-child text-left\">\n\t\t\t\n\t\t\t<h5><strong>M\u00c1S ESPECIFICACIONES<\/strong><strong>:<\/strong><\/h5>\n\t\t\t\t\t<\/div>\n\t\t\t\t<\/div>\n\t\t\t\t<\/div>\n\t\t\t\t<div class=\"elementor-element elementor-element-00b20a9 elementor-widget elementor-widget-wd_text_block\" data-id=\"00b20a9\" data-element_type=\"widget\" data-widget_type=\"wd_text_block.default\">\n\t\t\t\t<div class=\"elementor-widget-container\">\n\t\t\t\t\t<div class=\"wd-text-block reset-last-child text-left\">\n\t\t\t\n\t\t\t<p>\u25cf <strong>Multiprocesadores NVIDIA Ampere Streaming:<\/strong> El nuevo Ampere SM ofrece el doble de rendimiento de FP32 y una eficiencia energ\u00e9tica mejorada.<br \/>\u25cf RT Cores de segunda generaci\u00f3n: Experimenta el doble de rendimiento que los RT Cores de primera generaci\u00f3n.<br \/>\u25cf Tensor Cores de tercera generaci\u00f3n: Obt\u00e9n hasta el doble de rendimiento y algoritmos de inteligencia artificial avanzados como DLSS.<br \/>\u25cf OC Edition: Boost clock 1785 MHz (modo OC )\/ 1755 MHz (modo Gaming).<br \/>\u25cf Dise\u00f1o de ventilador de Axial-tech: Se ha ajustado con m\u00e1s aspas de ventilador y una direcci\u00f3n de rotaci\u00f3n invertida para el ventilador central.<br \/>\u25cf Los baleros de ventilador de bola doble pueden durar hasta el doble que los dise\u00f1os de baleros tipo sleeve.<br \/>\u25cf Los capacitores de grado militar y otros componentes TUF mejoran la durabilidad y rendimiento.<\/p>\n\t\t\t\t\t<\/div>\n\t\t\t\t<\/div>\n\t\t\t\t<\/div>\n\t\t\t\t\t<\/div>\n\t\t<\/div>\n\t\t\t\t<div class=\"elementor-column elementor-col-66 elementor-top-column elementor-element elementor-element-b692253\" data-id=\"b692253\" data-element_type=\"column\">\n\t\t\t<div class=\"elementor-widget-wrap elementor-element-populated\">\n\t\t\t\t\t\t\t\t<div class=\"elementor-element elementor-element-0fefcf7 elementor-widget elementor-widget-wd_image_or_svg\" data-id=\"0fefcf7\" data-element_type=\"widget\" data-widget_type=\"wd_image_or_svg.default\">\n\t\t\t\t<div class=\"elementor-widget-container\">\n\t\t\t\n\t\t<div class=\"wd-image text-center\">\n\t\t\t\t\t\t\t\t<img decoding=\"async\" src=\"https:\/\/tzila.mx\/dev\/wp-content\/uploads\/elementor\/thumbs\/TUF-RTX3080TI-O12G-GAMING-des-1-ppn6yapf2p2e5w5p1xim0wffsc4fmaftgrrkkouufc.png\" title=\"TUF-RTX3080TI-O12G-GAMING-des-1\" alt=\"TUF-RTX3080TI-O12G-GAMING-des-1\" \/>\t\t\t\t\t<\/div>\n\n\t\t\t\t<\/div>\n\t\t\t\t<\/div>\n\t\t\t\t\t<\/div>\n\t\t<\/div>\n\t\t\t\t\t\t\t<\/div>\n\t\t<\/section>\n\t\t\t\t<section class=\"elementor-section elementor-top-section elementor-element elementor-element-ec9e38a elementor-section-boxed elementor-section-height-default elementor-section-height-default wd-section-disabled\" data-id=\"ec9e38a\" data-element_type=\"section\">\n\t\t\t\t\t\t<div class=\"elementor-container elementor-column-gap-default\">\n\t\t\t\t\t<div class=\"elementor-column elementor-col-33 elementor-top-column elementor-element elementor-element-c833c6a\" data-id=\"c833c6a\" data-element_type=\"column\">\n\t\t\t<div class=\"elementor-widget-wrap elementor-element-populated\">\n\t\t\t\t\t\t\t\t<div class=\"elementor-element elementor-element-6ae12e9 elementor-widget elementor-widget-wd_text_block\" data-id=\"6ae12e9\" data-element_type=\"widget\" data-widget_type=\"wd_text_block.default\">\n\t\t\t\t<div class=\"elementor-widget-container\">\n\t\t\t\t\t<div class=\"wd-text-block reset-last-child text-left\">\n\t\t\t\n\t\t\t<h4>Solidez TUF<\/h4><p>Hemos redise\u00f1ado la TUF Gaming GeForce RTX\u2122 3080 Ti para mejorar su rendimiento y refrigeraci\u00f3n. La nueva cubierta met\u00e1lica alberga tres poderosos ventiladores de tecnolog\u00eda axial que utilizan rodamientos de bolas dobles. La rotaci\u00f3n de los ventiladores se ha optimizado para reducir las turbulencias, y el modo de parada hace que los tres ventiladores se detengan a bajas temperaturas. Por debajo, los disipadores independientes de la GPU y la memoria mantienen las temperaturas bajo control. Los componentes TUF, la tecnolog\u00eda Auto-Extreme, el nuevo soporte de la GPU y el respiradero de la placa trasera hacen de la nueva TUF un cl\u00e1sico en el que puedes confiar.<\/p>\n\t\t\t\t\t<\/div>\n\t\t\t\t<\/div>\n\t\t\t\t<\/div>\n\t\t\t\t<div class=\"elementor-element elementor-element-e9bf201 elementor-widget elementor-widget-wd_text_block\" data-id=\"e9bf201\" data-element_type=\"widget\" data-widget_type=\"wd_text_block.default\">\n\t\t\t\t<div class=\"elementor-widget-container\">\n\t\t\t\t\t<div class=\"wd-text-block reset-last-child text-left\">\n\t\t\t\n\t\t\t<h4>Mejoras de la tecnolog\u00eda axial<\/h4><p>Las nuevas gr\u00e1ficas TUF aprovechan nuestros ventiladores de tecnolog\u00eda axial, con tres ventiladores trabajando al un\u00edsono para satisfacer las demandas t\u00e9rmicas del nuevo dise\u00f1o de alto octanaje de NVIDIA. Los ventiladores incorporan unos rodamientos de bolas dobles que duran m\u00e1s que otros tipos de cojinetes.<\/p>\n\t\t\t\t\t<\/div>\n\t\t\t\t<\/div>\n\t\t\t\t<\/div>\n\t\t\t\t<div class=\"elementor-element elementor-element-252ec94 elementor-widget elementor-widget-wd_text_block\" data-id=\"252ec94\" data-element_type=\"widget\" data-widget_type=\"wd_text_block.default\">\n\t\t\t\t<div class=\"elementor-widget-container\">\n\t\t\t\t\t<div class=\"wd-text-block reset-last-child text-left\">\n\t\t\t\n\t\t\t<h4>Nuevas direcciones<\/h4><p>Hemos ajustado el ventilador central con una rotaci\u00f3n inversa que reduce las turbulencias y un modo de parada que se activa cuando la temperatura de la GPU cae por debajo de los 55 grados.<\/p>\n\t\t\t\t\t<\/div>\n\t\t\t\t<\/div>\n\t\t\t\t<\/div>\n\t\t\t\t<div class=\"elementor-element elementor-element-8604524 elementor-widget elementor-widget-wd_image_or_svg\" data-id=\"8604524\" data-element_type=\"widget\" data-widget_type=\"wd_image_or_svg.default\">\n\t\t\t\t<div class=\"elementor-widget-container\">\n\t\t\t\n\t\t<div class=\"wd-image text-center\">\n\t\t\t\t\t\t\t\t<img loading=\"lazy\" decoding=\"async\" width=\"1323\" height=\"440\" src=\"https:\/\/tzila.mx\/dev\/wp-content\/uploads\/2022\/05\/TUF-RTX3080TI-O12G-GAMING-des-3.png\" class=\"attachment-full size-full\" alt=\"\" srcset=\"https:\/\/tzila.mx\/dev\/wp-content\/uploads\/2022\/05\/TUF-RTX3080TI-O12G-GAMING-des-3.png 1323w, https:\/\/tzila.mx\/dev\/wp-content\/uploads\/2022\/05\/TUF-RTX3080TI-O12G-GAMING-des-3-400x133.png 400w, https:\/\/tzila.mx\/dev\/wp-content\/uploads\/2022\/05\/TUF-RTX3080TI-O12G-GAMING-des-3-1300x432.png 1300w, https:\/\/tzila.mx\/dev\/wp-content\/uploads\/2022\/05\/TUF-RTX3080TI-O12G-GAMING-des-3-768x255.png 768w, https:\/\/tzila.mx\/dev\/wp-content\/uploads\/2022\/05\/TUF-RTX3080TI-O12G-GAMING-des-3-860x286.png 860w, https:\/\/tzila.mx\/dev\/wp-content\/uploads\/2022\/05\/TUF-RTX3080TI-O12G-GAMING-des-3-1320x439.png 1320w, https:\/\/tzila.mx\/dev\/wp-content\/uploads\/2022\/05\/TUF-RTX3080TI-O12G-GAMING-des-3-430x143.png 430w, https:\/\/tzila.mx\/dev\/wp-content\/uploads\/2022\/05\/TUF-RTX3080TI-O12G-GAMING-des-3-700x233.png 700w, https:\/\/tzila.mx\/dev\/wp-content\/uploads\/2022\/05\/TUF-RTX3080TI-O12G-GAMING-des-3-150x50.png 150w\" sizes=\"auto, (max-width: 1323px) 100vw, 1323px\" \/>\t\t\t\t\t<\/div>\n\n\t\t\t\t<\/div>\n\t\t\t\t<\/div>\n\t\t\t\t<div class=\"elementor-element elementor-element-4f49f18 elementor-widget elementor-widget-wd_text_block\" data-id=\"4f49f18\" data-element_type=\"widget\" data-widget_type=\"wd_text_block.default\">\n\t\t\t\t<div class=\"elementor-widget-container\">\n\t\t\t\t\t<div class=\"wd-text-block reset-last-child text-left\">\n\t\t\t\n\t\t\t<h4>MaxContact<\/h4><p>Para conducir el calor al disipador de manera eficiente, hemos utilizado un proceso de fabricaci\u00f3n que pule la superficie del disipador a nivel microsc\u00f3pico. De esta forma se consigue optimizar el contacto con la GPU y acelerar la transferencia t\u00e9rmica.<\/p>\n\t\t\t\t\t<\/div>\n\t\t\t\t<\/div>\n\t\t\t\t<\/div>\n\t\t\t\t<div class=\"elementor-element elementor-element-7d838dd elementor-widget elementor-widget-wd_text_block\" data-id=\"7d838dd\" data-element_type=\"widget\" data-widget_type=\"wd_text_block.default\">\n\t\t\t\t<div class=\"elementor-widget-container\">\n\t\t\t\t\t<div class=\"wd-text-block reset-last-child text-left\">\n\t\t\t\n\t\t\t<h4>Nueva cubierta<\/h4><p>La cubierta de aluminio a\u00f1ade una protecci\u00f3n extra a las tarjetas gr\u00e1ficas TUF Gaming, y su dise\u00f1o industrial en escala de grises encaja f\u00e1cilmente en cualquier configuraci\u00f3n.<\/p>\n\t\t\t\t\t<\/div>\n\t\t\t\t<\/div>\n\t\t\t\t<\/div>\n\t\t\t\t\t<\/div>\n\t\t<\/div>\n\t\t\t\t<div class=\"elementor-column elementor-col-33 elementor-top-column elementor-element elementor-element-e7b3bda\" data-id=\"e7b3bda\" data-element_type=\"column\">\n\t\t\t<div class=\"elementor-widget-wrap elementor-element-populated\">\n\t\t\t\t\t\t\t\t<div class=\"elementor-element elementor-element-564b841 elementor-widget elementor-widget-wd_text_block\" data-id=\"564b841\" data-element_type=\"widget\" data-widget_type=\"wd_text_block.default\">\n\t\t\t\t<div class=\"elementor-widget-container\">\n\t\t\t\t\t<div class=\"wd-text-block reset-last-child text-left\">\n\t\t\t\n\t\t\t<h4>Dise\u00f1o de 2,7 ranuras<\/h4><p>El difusor de calor concentra el calor en unos caloductos que lo transportan a una matriz de aletas que se extiende a lo largo del perfil de 2,7 ranuras. Esta generaci\u00f3n de tarjetas gr\u00e1ficas TUF Gaming tambi\u00e9n cuenta con un disipador para la la VRAM que mantiene a raya la temperatura de la memoria.<\/p>\n\t\t\t\t\t<\/div>\n\t\t\t\t<\/div>\n\t\t\t\t<\/div>\n\t\t\t\t<div class=\"elementor-element elementor-element-e9e2baf elementor-widget elementor-widget-wd_image_or_svg\" data-id=\"e9e2baf\" data-element_type=\"widget\" data-widget_type=\"wd_image_or_svg.default\">\n\t\t\t\t<div class=\"elementor-widget-container\">\n\t\t\t\n\t\t<div class=\"wd-image text-center\">\n\t\t\t\t\t\t\t\t<img decoding=\"async\" src=\"https:\/\/tzila.mx\/dev\/wp-content\/uploads\/elementor\/thumbs\/TUF-RTX3080TI-O12G-GAMING-des-2-ppn6yz50p9b8hswss09i04macs2wohro0kfl8ttoec.png\" title=\"TUF-RTX3080TI-O12G-GAMING-des-2\" alt=\"TUF-RTX3080TI-O12G-GAMING-des-2\" \/>\t\t\t\t\t<\/div>\n\n\t\t\t\t<\/div>\n\t\t\t\t<\/div>\n\t\t\t\t<div class=\"elementor-element elementor-element-d0a2373 elementor-widget elementor-widget-wd_text_block\" data-id=\"d0a2373\" data-element_type=\"widget\" data-widget_type=\"wd_text_block.default\">\n\t\t\t\t<div class=\"elementor-widget-container\">\n\t\t\t\t\t<div class=\"wd-text-block reset-last-child text-left\">\n\t\t\t\n\t\t\t<h4>Componentes TUF<\/h4><p>Seleccionamos los componentes de las tarjetas gr\u00e1ficas de TUF Gaming en base a su durabilidad y rendimiento. Adem\u00e1s de chokes y MOSFET de alta gama, los condensadores de grado militar separan las gr\u00e1ficas TUF de la competencia. Los componentes se sueldan a la PCB con nuestro avanzado proceso de fabricaci\u00f3n automatizada Auto-Extreme. Los puntos de soldadura suaves en la parte posterior y la eliminaci\u00f3n de errores humanos asegura que todas nuestras tarjetas gr\u00e1ficas cumplan con las rigurosas especificaciones de ROG. Por \u00faltimo, las gr\u00e1ficas se someten a una validaci\u00f3n compuesta por 144 horas de exigentes pruebas.<\/p>\n\t\t\t\t\t<\/div>\n\t\t\t\t<\/div>\n\t\t\t\t<\/div>\n\t\t\t\t<div class=\"elementor-element elementor-element-bb74c61 elementor-widget elementor-widget-wd_text_block\" data-id=\"bb74c61\" data-element_type=\"widget\" data-widget_type=\"wd_text_block.default\">\n\t\t\t\t<div class=\"elementor-widget-container\">\n\t\t\t\t\t<div class=\"wd-text-block reset-last-child text-left\">\n\t\t\t\n\t\t\t<h4>Mejoras en la parte trasera<\/h4>\nLa parte trasera de la tarjeta revela una serie de mejoras. La placa protectora de metal cuenta con un orificio de ventilaci\u00f3n que permite que el aire caliente escape hacia los extractores del chasis, en lugar de reciclarse con el aire fr\u00edo. Debajo de la GPU, un soporte refuerza la conexi\u00f3n cr\u00edtica entre la GPU y el difusor. El soporte de conexiones de acero inoxidable protege los puertos al tiempo que proporciona un proceso de montaje m\u00e1s seguro. Y el interruptor Dual Bios permite seleccionar los modos rendimiento y silencio sin tener que recurrir al software.<\/p>\n\t\t\t\t\t<\/div>\n\t\t\t\t<\/div>\n\t\t\t\t<\/div>\n\t\t\t\t\t<\/div>\n\t\t<\/div>\n\t\t\t\t<div class=\"elementor-column elementor-col-33 elementor-top-column elementor-element elementor-element-ba9b9c1\" data-id=\"ba9b9c1\" data-element_type=\"column\">\n\t\t\t<div class=\"elementor-widget-wrap elementor-element-populated\">\n\t\t\t\t\t\t\t\t<div class=\"elementor-element elementor-element-af1f66e elementor-widget elementor-widget-wd_text_block\" data-id=\"af1f66e\" data-element_type=\"widget\" data-widget_type=\"wd_text_block.default\">\n\t\t\t\t<div class=\"elementor-widget-container\">\n\t\t\t\t\t<div class=\"wd-text-block reset-last-child text-left\">\n\t\t\t\n\t\t\t<h4>Parte frontal<\/h4><p>El elemento RGB de la parte superior puede sincronizarse con los efectos de iluminaci\u00f3n del resto de componentes ASUS. Para satisfacer las demandas de energ\u00eda de la GeForce RTX 3080, hay dos conectores de energ\u00eda de 8 contactos junto a un circuito que monitoriza el voltaje del carril de la fuente de alimentaci\u00f3n. Dicho circuito es lo suficientemente r\u00e1pido para atrapar cualquier transitorio que haga caer el voltaje demasiado. Si esto ocurre, se encender\u00e1 un LED rojo para indicar que la PSU no es capaz de proporcionar suficiente energ\u00eda.<\/p><p>\u00a0<\/p>\n\t\t\t\t\t<\/div>\n\t\t\t\t<\/div>\n\t\t\t\t<\/div>\n\t\t\t\t<div class=\"elementor-element elementor-element-7002312 elementor-widget elementor-widget-wd_text_block\" data-id=\"7002312\" data-element_type=\"widget\" data-widget_type=\"wd_text_block.default\">\n\t\t\t\t<div class=\"elementor-widget-container\">\n\t\t\t\t\t<div class=\"wd-text-block reset-last-child text-left\">\n\t\t\t\n\t\t\t<h4>GPU Tweak II<\/h4><p>ASUS GPU Tweak II eleva el rendimiento gr\u00e1fico al siguiente nivel. Esta utilidad permite manipular las frecuencias de los n\u00facleos GPU, la memoria y los voltajes, adem\u00e1s de monitorizarlo todo en tiempo real desde una interfaz superpuesta que puedes personalizar como quieras. El control avanzado de los ventiladores y el resto de funciones te ayuda a sacar el m\u00e1ximo partido de tu tarjeta gr\u00e1fica.<\/p>\n\t\t\t\t\t<\/div>\n\t\t\t\t<\/div>\n\t\t\t\t<\/div>\n\t\t\t\t<div class=\"elementor-element elementor-element-e65ba51 elementor-widget elementor-widget-wd_image_or_svg\" data-id=\"e65ba51\" data-element_type=\"widget\" data-widget_type=\"wd_image_or_svg.default\">\n\t\t\t\t<div class=\"elementor-widget-container\">\n\t\t\t\n\t\t<div class=\"wd-image text-left\">\n\t\t\t\t\t\t\t\t<img loading=\"lazy\" decoding=\"async\" width=\"645\" height=\"343\" src=\"https:\/\/tzila.mx\/dev\/wp-content\/uploads\/2022\/05\/TUF-RX6700XT-O12G-GAMING-des-6.png\" class=\"attachment-full size-full\" alt=\"\" srcset=\"https:\/\/tzila.mx\/dev\/wp-content\/uploads\/2022\/05\/TUF-RX6700XT-O12G-GAMING-des-6.png 645w, https:\/\/tzila.mx\/dev\/wp-content\/uploads\/2022\/05\/TUF-RX6700XT-O12G-GAMING-des-6-400x213.png 400w, https:\/\/tzila.mx\/dev\/wp-content\/uploads\/2022\/05\/TUF-RX6700XT-O12G-GAMING-des-6-430x229.png 430w, https:\/\/tzila.mx\/dev\/wp-content\/uploads\/2022\/05\/TUF-RX6700XT-O12G-GAMING-des-6-150x80.png 150w\" sizes=\"auto, (max-width: 645px) 100vw, 645px\" \/>\t\t\t\t\t<\/div>\n\n\t\t\t\t<\/div>\n\t\t\t\t<\/div>\n\t\t\t\t<div class=\"elementor-element elementor-element-ee00d4b elementor-widget elementor-widget-wd_text_block\" data-id=\"ee00d4b\" data-element_type=\"widget\" data-widget_type=\"wd_text_block.default\">\n\t\t\t\t<div class=\"elementor-widget-container\">\n\t\t\t\t\t<div class=\"wd-text-block reset-last-child text-left\">\n\t\t\t\n\t\t\t<h4>wtfast<\/h4><p>Nos hemos asociado con wtfast para ayudarte a jugar sin retardo ni latencia, y que no se pierdan paquetes por el camino. Con la suscripci\u00f3n de 6 meses a la red privada de wtfast incluida disfrutar\u00e1s de una experiencia gaming en l\u00ednea mucho m\u00e1s fluida. \u00a1Equ\u00edpate con gr\u00e1ficas de ASUS y olvida las esperas!<\/p>\n\t\t\t\t\t<\/div>\n\t\t\t\t<\/div>\n\t\t\t\t<\/div>\n\t\t\t\t<div class=\"elementor-element elementor-element-6dabd15 elementor-widget elementor-widget-wd_text_block\" data-id=\"6dabd15\" data-element_type=\"widget\" data-widget_type=\"wd_text_block.default\">\n\t\t\t\t<div class=\"elementor-widget-container\">\n\t\t\t\t\t<div class=\"wd-text-block reset-last-child text-left\">\n\t\t\t\n\t\t\t<div class=\"hd-content hd-col50\"><div class=\"hd-content\"><h4>Quantumcloud<\/h4><p>Quantumcloud es un servicio sencillo y seguro que te permite ganar dinero poniendo tu GPU a trabajar mientras no la utilizas. Las ganancias se transfieren autom\u00e1ticamente a tu cuenta de WeChat o PayPal, y tu privacidad se mantiene a salvo durante todo el proceso. \u00a1Empieza a ganar dinero hoy mismo!<\/p><\/div><\/div>\n\t\t\t\t\t<\/div>\n\t\t\t\t<\/div>\n\t\t\t\t<\/div>\n\t\t\t\t<div class=\"elementor-element elementor-element-078b475 elementor-widget elementor-widget-wd_button\" data-id=\"078b475\" data-element_type=\"widget\" data-widget_type=\"wd_button.default\">\n\t\t\t\t<div class=\"elementor-widget-container\">\n\t\t\t\t\t<div class=\"wd-button-wrapper text-center\" >\n\t\t\t<a class=\"btn btn-style-link btn-shape- btn-size-large btn-scheme-light btn-scheme-hover-dark btn-icon-pos-right\"  href=\"https:\/\/www.asus.com\/latin\/Motherboards-Components\/Graphics-Cards\/TUF-Gaming\/TUF-RTX3080TI-O12G-GAMING\/\" target=\"_blank\">\n\t\t\t\t<span class=\"wd-btn-text\" data-elementor-setting-key=\"text\">\n\t\t\t\t\tSaber m\u00e1s\t\t\t\t<\/span>\n\n\t\t\t\t\t\t\t<\/a>\n\t\t<\/div>\n\t\t\t\t<\/div>\n\t\t\t\t<\/div>\n\t\t\t\t\t<\/div>\n\t\t<\/div>\n\t\t\t\t\t\t\t<\/div>\n\t\t<\/section>\n\t\t\t\t\t\t<\/div>\n\t\t\t\t\t<\/div>\n\t\t","protected":false},"excerpt":{"rendered":"<h4>Caracter\u00edsticas principales:<\/h4>\n<p class=\"p1\"><span class=\"s1\">\u25cf NVIDIA\u00ae GeForce RTX\u2122 3080 Ti<\/span><br \/>\n<span class=\"s1\">\u25cf <span class=\"ProductSpecSingle__descriptionItemValue__lVa0O\">PCI Express 4.0<\/span><\/span><br \/>\n<span class=\"s2\"><span class=\"s1\">\u25cf 12GB GDDR6X\u00a0<\/span><\/span>Video Memory<br \/>\n<span class=\"s1\">\u25cf Modo juego: 1755 MHz (Boost Clock)<\/span><br \/>\n<span class=\"s1\">\u25cf <\/span>DisplayPort 1.4a<br \/>\n<strong><span class=\"s1\">\u25cf <\/span><\/strong>NVIDIA Ampere Streaming<\/p>\n","protected":false},"featured_media":13446,"comment_status":"open","ping_status":"closed","template":"","meta":[],"product_cat":[20,53,100],"product_tag":[226,225,218],"class_list":["post-13444","product","type-product","status-publish","has-post-thumbnail","hentry","product_cat-hardware","product_cat-tarjeta-grafica","product_cat-asus","product_tag-geforce-rtx","product_tag-nvidia","product_tag-tuf-gaming","pa_brand-asus"],"_links":{"self":[{"href":"https:\/\/tzila.mx\/dev\/wp-json\/wp\/v2\/product\/13444","targetHints":{"allow":["GET"]}}],"collection":[{"href":"https:\/\/tzila.mx\/dev\/wp-json\/wp\/v2\/product"}],"about":[{"href":"https:\/\/tzila.mx\/dev\/wp-json\/wp\/v2\/types\/product"}],"replies":[{"embeddable":true,"href":"https:\/\/tzila.mx\/dev\/wp-json\/wp\/v2\/comments?post=13444"}],"version-history":[{"count":17,"href":"https:\/\/tzila.mx\/dev\/wp-json\/wp\/v2\/product\/13444\/revisions"}],"predecessor-version":[{"id":13641,"href":"https:\/\/tzila.mx\/dev\/wp-json\/wp\/v2\/product\/13444\/revisions\/13641"}],"wp:featuredmedia":[{"embeddable":true,"href":"https:\/\/tzila.mx\/dev\/wp-json\/wp\/v2\/media\/13446"}],"wp:attachment":[{"href":"https:\/\/tzila.mx\/dev\/wp-json\/wp\/v2\/media?parent=13444"}],"wp:term":[{"taxonomy":"product_cat","embeddable":true,"href":"https:\/\/tzila.mx\/dev\/wp-json\/wp\/v2\/product_cat?post=13444"},{"taxonomy":"product_tag","embeddable":true,"href":"https:\/\/tzila.mx\/dev\/wp-json\/wp\/v2\/product_tag?post=13444"}],"curies":[{"name":"wp","href":"https:\/\/api.w.org\/{rel}","templated":true}]}}