{"id":13381,"date":"2022-05-31T15:18:12","date_gmt":"2022-05-31T20:18:12","guid":{"rendered":"https:\/\/tzila.mx\/dev\/?post_type=product&#038;p=13381"},"modified":"2022-06-29T11:36:56","modified_gmt":"2022-06-29T16:36:56","slug":"tarjeta-grafica-asus-rog-strix-geforce-rtx-3070-ti-oc-edition","status":"publish","type":"product","link":"https:\/\/tzila.mx\/dev\/producto\/tarjeta-grafica-asus-rog-strix-geforce-rtx-3070-ti-oc-edition\/","title":{"rendered":"Tarjeta Gr\u00e1fica ASUS ROG Strix GeForce RTX\u2122 3070 Ti OC Edition"},"content":{"rendered":"\t\t<div data-elementor-type=\"wp-post\" data-elementor-id=\"13381\" class=\"elementor elementor-13381\" data-elementor-settings=\"[]\">\n\t\t\t\t\t\t\t<div class=\"elementor-section-wrap\">\n\t\t\t\t\t\t\t<section class=\"elementor-section elementor-top-section elementor-element elementor-element-a77d38a elementor-section-boxed elementor-section-height-default elementor-section-height-default wd-section-disabled\" data-id=\"a77d38a\" data-element_type=\"section\">\n\t\t\t\t\t\t<div class=\"elementor-container elementor-column-gap-default\">\n\t\t\t\t\t<div class=\"elementor-column elementor-col-33 elementor-top-column elementor-element elementor-element-606b0e0\" data-id=\"606b0e0\" data-element_type=\"column\">\n\t\t\t<div class=\"elementor-widget-wrap elementor-element-populated\">\n\t\t\t\t\t\t\t\t<div class=\"elementor-element elementor-element-2efa55d elementor-widget elementor-widget-wd_text_block\" data-id=\"2efa55d\" data-element_type=\"widget\" data-widget_type=\"wd_text_block.default\">\n\t\t\t\t<div class=\"elementor-widget-container\">\n\t\t\t\t\t<div class=\"wd-text-block reset-last-child text-left\">\n\t\t\t\n\t\t\t<h5><strong>M\u00c1S ESPECIFICACIONES<\/strong><strong>:<\/strong><\/h5>\n\t\t\t\t\t<\/div>\n\t\t\t\t<\/div>\n\t\t\t\t<\/div>\n\t\t\t\t<div class=\"elementor-element elementor-element-00b20a9 elementor-widget elementor-widget-wd_text_block\" data-id=\"00b20a9\" data-element_type=\"widget\" data-widget_type=\"wd_text_block.default\">\n\t\t\t\t<div class=\"elementor-widget-container\">\n\t\t\t\t\t<div class=\"wd-text-block reset-last-child text-left\">\n\t\t\t\n\t\t\t<p>\u25cf Multiprocesadores NVIDIA Ampere Streaming: Los componentes b\u00e1sicos de las GPU m\u00e1s r\u00e1pidas y eficientes del mundo.<br \/>\u25cf RT Cores de segunda generaci\u00f3n: Experimenta el doble de rendimiento que los RT Cores de primera generaci\u00f3n.<br \/>\u25cf Tensor Cores de tercera generaci\u00f3n: Obt\u00e9n hasta el doble de rendimiento y algoritmos de inteligencia artificial avanzados como DLSS.<br \/>\u25cf OC Edition: Boost clock 1875 MHz (OC mode)\/ 1845 MHz (Gaming mode).<br \/>\u25cf Dise\u00f1o de ventilador de Axial-tech: Se ha ajustado con m\u00e1s aspas de ventilador y una direcci\u00f3n de rotaci\u00f3n invertida para el ventilador central.<br \/>\u25cf El dise\u00f1o de 2.9 ranuras expande el \u00e1rea de la superficie de enfriamiento en comparaci\u00f3n con la \u00faltima generaci\u00f3n.<br \/>\u25cf Super Alloy Power II: Incluye chokes de aleaci\u00f3n de primera calidad, condensadores de pol\u00edmero s\u00f3lido y una serie de fases de poder de alta corriente.<\/p>\n\t\t\t\t\t<\/div>\n\t\t\t\t<\/div>\n\t\t\t\t<\/div>\n\t\t\t\t\t<\/div>\n\t\t<\/div>\n\t\t\t\t<div class=\"elementor-column elementor-col-66 elementor-top-column elementor-element elementor-element-b692253\" data-id=\"b692253\" data-element_type=\"column\">\n\t\t\t<div class=\"elementor-widget-wrap elementor-element-populated\">\n\t\t\t\t\t\t\t\t<div class=\"elementor-element elementor-element-0fefcf7 elementor-widget elementor-widget-wd_image_or_svg\" data-id=\"0fefcf7\" data-element_type=\"widget\" data-widget_type=\"wd_image_or_svg.default\">\n\t\t\t\t<div class=\"elementor-widget-container\">\n\t\t\t\n\t\t<div class=\"wd-image text-center\">\n\t\t\t\t\t\t\t\t<img decoding=\"async\" src=\"https:\/\/tzila.mx\/dev\/wp-content\/uploads\/elementor\/thumbs\/ROG-STRIX-RTX3070TI-O8G-GAMING-des-1-ppn3pl2uh9aokxoskhc9fcp0fzdpv93nf3n5dtwn0o.png\" title=\"ROG-STRIX-RTX3070TI-O8G-GAMING-des-1\" alt=\"ROG-STRIX-RTX3070TI-O8G-GAMING-des-1\" \/>\t\t\t\t\t<\/div>\n\n\t\t\t\t<\/div>\n\t\t\t\t<\/div>\n\t\t\t\t\t<\/div>\n\t\t<\/div>\n\t\t\t\t\t\t\t<\/div>\n\t\t<\/section>\n\t\t\t\t<section class=\"elementor-section elementor-top-section elementor-element elementor-element-ec9e38a elementor-section-boxed elementor-section-height-default elementor-section-height-default wd-section-disabled\" data-id=\"ec9e38a\" data-element_type=\"section\">\n\t\t\t\t\t\t<div class=\"elementor-container elementor-column-gap-default\">\n\t\t\t\t\t<div class=\"elementor-column elementor-col-33 elementor-top-column elementor-element elementor-element-c833c6a\" data-id=\"c833c6a\" data-element_type=\"column\">\n\t\t\t<div class=\"elementor-widget-wrap elementor-element-populated\">\n\t\t\t\t\t\t\t\t<div class=\"elementor-element elementor-element-6ae12e9 elementor-widget elementor-widget-wd_text_block\" data-id=\"6ae12e9\" data-element_type=\"widget\" data-widget_type=\"wd_text_block.default\">\n\t\t\t\t<div class=\"elementor-widget-container\">\n\t\t\t\t\t<div class=\"wd-text-block reset-last-child text-left\">\n\t\t\t\n\t\t\t<h4>Tomar vuelo<\/h4><p>De arriba a abajo, la ROG Strix GeForce RTX\u2122 3070 Ti se ha mejorado radicalmente para adaptarse a la nueva e impresionante arquitectura NVIDIA Ampere y ofrecer al mercado la pr\u00f3xima ola de innovaci\u00f3n en rendimiento de juegos. Un dise\u00f1o fresco y m\u00e1s metal rodea a un grupo de fans de Axial-tech. El dise\u00f1o uniforme de los ventiladores de la \u00faltima generaci\u00f3n ha sido usurpado por un nuevo esquema de rotaci\u00f3n y funciones especializadas para los ventiladores centrales y auxiliares. Debajo de las aspas, un disipador de calor m\u00e1s grande e impresionante est\u00e1 listo para las cargas t\u00e9rmicas m\u00e1s exigentes. El PCB tiene algunos trucos nuevos bajo la manga, e incluso la placa posterior ha recibido algunos cambios que mejoran el rendimiento. Ha estado esperando lo \u00faltimo y lo mejor en dise\u00f1o de tarjetas gr\u00e1ficas, y esto es todo.<\/p>\n\t\t\t\t\t<\/div>\n\t\t\t\t<\/div>\n\t\t\t\t<\/div>\n\t\t\t\t<div class=\"elementor-element elementor-element-e9bf201 elementor-widget elementor-widget-wd_text_block\" data-id=\"e9bf201\" data-element_type=\"widget\" data-widget_type=\"wd_text_block.default\">\n\t\t\t\t<div class=\"elementor-widget-container\">\n\t\t\t\t\t<div class=\"wd-text-block reset-last-child text-left\">\n\t\t\t\n\t\t\t<h4>Actualizaciones Axial-tech<\/h4><p>Nuestro dise\u00f1o de ventilador Axial-tech se ha optimizado para un nuevo disipador de calor m\u00e1s grande que cuenta con m\u00e1s aletas y \u00e1rea de superficie que la \u00faltima generaci\u00f3n. Se ha aumentado el n\u00famero de aspas en los tres ventiladores, con 13 en el ventilador central y 11 en los ventiladores auxiliares. El anillo de barrera de los ventiladores laterales se ha adelgazado para permitir una mayor entrada lateral y proporcionar un mejor flujo de aire a trav\u00e9s de la matriz de refrigeraci\u00f3n. Las aspas adicionales del ventilador central y el anillo de altura completa proporcionan una presi\u00f3n est\u00e1tica aumentada para lanzar aire directamente sobre el disipador de calor.<\/p>\n\t\t\t\t\t<\/div>\n\t\t\t\t<\/div>\n\t\t\t\t<\/div>\n\t\t\t\t<div class=\"elementor-element elementor-element-8604524 elementor-widget elementor-widget-wd_image_or_svg\" data-id=\"8604524\" data-element_type=\"widget\" data-widget_type=\"wd_image_or_svg.default\">\n\t\t\t\t<div class=\"elementor-widget-container\">\n\t\t\t\n\t\t<div class=\"wd-image text-center\">\n\t\t\t\t\t\t\t\t<img loading=\"lazy\" decoding=\"async\" width=\"1114\" height=\"459\" src=\"https:\/\/tzila.mx\/dev\/wp-content\/uploads\/2022\/05\/ROG-STRIX-RTX3070TI-O8G-GAMING-des-2.png\" class=\"attachment-full size-full\" alt=\"\" srcset=\"https:\/\/tzila.mx\/dev\/wp-content\/uploads\/2022\/05\/ROG-STRIX-RTX3070TI-O8G-GAMING-des-2.png 1114w, https:\/\/tzila.mx\/dev\/wp-content\/uploads\/2022\/05\/ROG-STRIX-RTX3070TI-O8G-GAMING-des-2-400x165.png 400w, https:\/\/tzila.mx\/dev\/wp-content\/uploads\/2022\/05\/ROG-STRIX-RTX3070TI-O8G-GAMING-des-2-768x316.png 768w, https:\/\/tzila.mx\/dev\/wp-content\/uploads\/2022\/05\/ROG-STRIX-RTX3070TI-O8G-GAMING-des-2-860x354.png 860w, https:\/\/tzila.mx\/dev\/wp-content\/uploads\/2022\/05\/ROG-STRIX-RTX3070TI-O8G-GAMING-des-2-430x177.png 430w, https:\/\/tzila.mx\/dev\/wp-content\/uploads\/2022\/05\/ROG-STRIX-RTX3070TI-O8G-GAMING-des-2-700x288.png 700w, https:\/\/tzila.mx\/dev\/wp-content\/uploads\/2022\/05\/ROG-STRIX-RTX3070TI-O8G-GAMING-des-2-150x62.png 150w\" sizes=\"auto, (max-width: 1114px) 100vw, 1114px\" \/>\t\t\t\t\t<\/div>\n\n\t\t\t\t<\/div>\n\t\t\t\t<\/div>\n\t\t\t\t<div class=\"elementor-element elementor-element-252ec94 elementor-widget elementor-widget-wd_text_block\" data-id=\"252ec94\" data-element_type=\"widget\" data-widget_type=\"wd_text_block.default\">\n\t\t\t\t<div class=\"elementor-widget-container\">\n\t\t\t\t\t<div class=\"wd-text-block reset-last-child text-left\">\n\t\t\t\n\t\t\t<h4>MaxContacto<\/h4><p>Para que el calor entre en la matriz del disipador de calor de manera eficiente, de modo que los potentes ventiladores Axial-tech puedan eliminarlo, utilizamos un proceso de fabricaci\u00f3n que mejora la suavidad de la superficie del disipador de calor a nivel microsc\u00f3pico. La planitud adicional permite un mejor contacto con el troquel, lo que ayuda a mejorar la transferencia t\u00e9rmica.<\/p>\n\t\t\t\t\t<\/div>\n\t\t\t\t<\/div>\n\t\t\t\t<\/div>\n\t\t\t\t<div class=\"elementor-element elementor-element-4f49f18 elementor-widget elementor-widget-wd_text_block\" data-id=\"4f49f18\" data-element_type=\"widget\" data-widget_type=\"wd_text_block.default\">\n\t\t\t\t<div class=\"elementor-widget-container\">\n\t\t\t\t\t<div class=\"wd-text-block reset-last-child text-left\">\n\t\t\t\n\t\t\t<h4>Dise\u00f1o de 2.9 ranuras<\/h4><p>El disipador de calor atrae el calor hacia los tubos de calor que lo transportan a trav\u00e9s de una pila de aletas que ocupa un gran espacio de 2,9 ranuras. El aumento del tama\u00f1o del disipador de calor en comparaci\u00f3n con la \u00faltima generaci\u00f3n proporciona m\u00e1s margen t\u00e9rmico para dar cuenta del nuevo conjunto de chips de alto rendimiento.<\/p>\n\t\t\t\t\t<\/div>\n\t\t\t\t<\/div>\n\t\t\t\t<\/div>\n\t\t\t\t\t<\/div>\n\t\t<\/div>\n\t\t\t\t<div class=\"elementor-column elementor-col-33 elementor-top-column elementor-element elementor-element-e7b3bda\" data-id=\"e7b3bda\" data-element_type=\"column\">\n\t\t\t<div class=\"elementor-widget-wrap elementor-element-populated\">\n\t\t\t\t\t\t\t\t<div class=\"elementor-element elementor-element-564b841 elementor-widget elementor-widget-wd_text_block\" data-id=\"564b841\" data-element_type=\"widget\" data-widget_type=\"wd_text_block.default\">\n\t\t\t\t<div class=\"elementor-widget-container\">\n\t\t\t\t\t<div class=\"wd-text-block reset-last-child text-left\">\n\t\t\t\n\t\t\t<h4>Emparejar con una fuente de alimentaci\u00f3n<\/h4><p>Consulta la p\u00e1gina de inicio de PSU de ASUS para obtener m\u00e1s informaci\u00f3n sobre c\u00f3mo se est\u00e1 impulsando la industria y uses su calculadora de potencia para estimar cu\u00e1nta energ\u00eda necesitar\u00e1 para alimentar tu pr\u00f3ximo equipo.<\/p>\n\t\t\t\t\t<\/div>\n\t\t\t\t<\/div>\n\t\t\t\t<\/div>\n\t\t\t\t<div class=\"elementor-element elementor-element-696e1a7 elementor-widget elementor-widget-wd_image_or_svg\" data-id=\"696e1a7\" data-element_type=\"widget\" data-widget_type=\"wd_image_or_svg.default\">\n\t\t\t\t<div class=\"elementor-widget-container\">\n\t\t\t\n\t\t<div class=\"wd-image text-center\">\n\t\t\t\t\t\t\t\t<img decoding=\"async\" src=\"https:\/\/tzila.mx\/dev\/wp-content\/uploads\/elementor\/thumbs\/ROG-STRIX-RTX3070TI-O8G-GAMING-des-4-ppn3qnm0yc2tqzvf086jxzbrx7ep4wzh0u3g94akec.png\" title=\"ROG-STRIX-RTX3070TI-O8G-GAMING-des-4\" alt=\"ROG-STRIX-RTX3070TI-O8G-GAMING-des-4\" \/>\t\t\t\t\t<\/div>\n\n\t\t\t\t<\/div>\n\t\t\t\t<\/div>\n\t\t\t\t<div class=\"elementor-element elementor-element-d0a2373 elementor-widget elementor-widget-wd_text_block\" data-id=\"d0a2373\" data-element_type=\"widget\" data-widget_type=\"wd_text_block.default\">\n\t\t\t\t<div class=\"elementor-widget-container\">\n\t\t\t\t\t<div class=\"wd-text-block reset-last-child text-left\">\n\t\t\t\n\t\t\t<h4>Fresh Shroud<\/h4><p>Adem\u00e1s de los cambios de dise\u00f1o debajo del cap\u00f3, ROG Strix presenta una nueva cara con detalles met\u00e1licos que reflejan la est\u00e9tica del dise\u00f1o de las placas base ROG y ROG Strix. Los acentos texturizados en una combinaci\u00f3n de colores en escala de grises se combinan a la perfecci\u00f3n en construcciones sutiles o tienen un impacto sorprendente mientras la tarjeta est\u00e1 montada verticalmente e iluminada por los LED del chasis.<\/p>\n\t\t\t\t\t<\/div>\n\t\t\t\t<\/div>\n\t\t\t\t<\/div>\n\t\t\t\t<div class=\"elementor-element elementor-element-7d838dd elementor-widget elementor-widget-wd_text_block\" data-id=\"7d838dd\" data-element_type=\"widget\" data-widget_type=\"wd_text_block.default\">\n\t\t\t\t<div class=\"elementor-widget-container\">\n\t\t\t\t\t<div class=\"wd-text-block reset-last-child text-left\">\n\t\t\t\n\t\t\t<h4>Hace m\u00e1s fresco en la parte de atr\u00e1s<\/h4><p>Voltear la tarjeta revela m\u00e1s mejoras de dise\u00f1o. Una placa de ventilaci\u00f3n ancha y una placa de circuito impreso acortada permiten que el aire caliente se escape hacia los ventiladores de escape del chasis en lugar de reciclarse nuevamente hacia el enfriador. Un soporte de GPU proporciona estabilidad adicional a la conexi\u00f3n cr\u00edtica entre la matriz y el disipador de calor. El soporte de E\/S est\u00e1 hecho de acero inoxidable para proteger los puertos y proporcionar un montaje m\u00e1s seguro. Un interruptor Dual Bios convenientemente ubicado permite una selecci\u00f3n r\u00e1pida entre el modo \"rendimiento\" y \"silencioso\" para la personalizaci\u00f3n b\u00e1sica del comportamiento predeterminado de la tarjeta sin software.<\/p>\n\t\t\t\t\t<\/div>\n\t\t\t\t<\/div>\n\t\t\t\t<\/div>\n\t\t\t\t<div class=\"elementor-element elementor-element-e9e2baf elementor-widget elementor-widget-wd_image_or_svg\" data-id=\"e9e2baf\" data-element_type=\"widget\" data-widget_type=\"wd_image_or_svg.default\">\n\t\t\t\t<div class=\"elementor-widget-container\">\n\t\t\t\n\t\t<div class=\"wd-image text-center\">\n\t\t\t\t\t\t\t\t<img decoding=\"async\" src=\"https:\/\/tzila.mx\/dev\/wp-content\/uploads\/elementor\/thumbs\/ROG-STRIX-RTX3070TI-O8G-GAMING-des-3-ppn3qhyztbv3tc3lx5qsj0r0cw6huqd3026jdgixfo.png\" title=\"ROG-STRIX-RTX3070TI-O8G-GAMING-des-3\" alt=\"ROG-STRIX-RTX3070TI-O8G-GAMING-des-3\" \/>\t\t\t\t\t<\/div>\n\n\t\t\t\t<\/div>\n\t\t\t\t<\/div>\n\t\t\t\t\t<\/div>\n\t\t<\/div>\n\t\t\t\t<div class=\"elementor-column elementor-col-33 elementor-top-column elementor-element elementor-element-ba9b9c1\" data-id=\"ba9b9c1\" data-element_type=\"column\">\n\t\t\t<div class=\"elementor-widget-wrap elementor-element-populated\">\n\t\t\t\t\t\t\t\t<div class=\"elementor-element elementor-element-d269260 elementor-widget elementor-widget-wd_text_block\" data-id=\"d269260\" data-element_type=\"widget\" data-widget_type=\"wd_text_block.default\">\n\t\t\t\t<div class=\"elementor-widget-container\">\n\t\t\t\t\t<div class=\"wd-text-block reset-last-child text-left\">\n\t\t\t\n\t\t\t<h4>Frente Funcional<\/h4><p>Se ha prestado especial atenci\u00f3n a la parte frontal de la GPU, ya que es la parte m\u00e1s visible de la tarjeta en configuraciones t\u00edpicas. Un nuevo elemento RGB direccionable se puede personalizar con Armory Crate para crear una apariencia uniforme junto con otros componentes ROG. Para cumplir con las demandas de energ\u00eda de la GeForce RTX 3070 Ti, hay tres conectores de alimentaci\u00f3n de 8 pines, junto con un circuito integrado que monitorea el voltaje del riel de la PSU. El circuito es lo suficientemente r\u00e1pido para detectar cualquier transitorio que resulte en una ca\u00edda demasiado baja del voltaje del riel. Si eso sucede, se encender\u00e1 un LED rojo para indicar un problema con la fuente de alimentaci\u00f3n. El marco de metal reforzado del Strix tambi\u00e9n es visible aqu\u00ed, agregando una capa literal de durabilidad.<\/p>\n\t\t\t\t\t<\/div>\n\t\t\t\t<\/div>\n\t\t\t\t<\/div>\n\t\t\t\t<div class=\"elementor-element elementor-element-ee00d4b elementor-widget elementor-widget-wd_text_block\" data-id=\"ee00d4b\" data-element_type=\"widget\" data-widget_type=\"wd_text_block.default\">\n\t\t\t\t<div class=\"elementor-widget-container\">\n\t\t\t\t\t<div class=\"wd-text-block reset-last-child text-left\">\n\t\t\t\n\t\t\t<h4>wtfast<\/h4><p>Juega sin retrasos<br \/>Nos asociamos con wtfast para ayudarlo a jugar sin retrasos, problemas de latencia y paquetes perdidos. Con una suscripci\u00f3n de 6 meses a wtfast Gamers Private Network, disfrutar\u00e1 de un ping m\u00e1s bajo para una experiencia de juego en l\u00ednea m\u00e1s fluida y fluida. Compre una tarjeta gr\u00e1fica ASUS, \u00a1y no se quede esperando!<\/p>\n\t\t\t\t\t<\/div>\n\t\t\t\t<\/div>\n\t\t\t\t<\/div>\n\t\t\t\t<div class=\"elementor-element elementor-element-e65ba51 elementor-widget elementor-widget-wd_image_or_svg\" data-id=\"e65ba51\" data-element_type=\"widget\" data-widget_type=\"wd_image_or_svg.default\">\n\t\t\t\t<div class=\"elementor-widget-container\">\n\t\t\t\n\t\t<div class=\"wd-image text-left\">\n\t\t\t\t\t\t\t\t<img loading=\"lazy\" decoding=\"async\" width=\"645\" height=\"343\" src=\"https:\/\/tzila.mx\/dev\/wp-content\/uploads\/2022\/05\/TUF-RX6700XT-O12G-GAMING-des-6.png\" class=\"attachment-full size-full\" alt=\"\" srcset=\"https:\/\/tzila.mx\/dev\/wp-content\/uploads\/2022\/05\/TUF-RX6700XT-O12G-GAMING-des-6.png 645w, https:\/\/tzila.mx\/dev\/wp-content\/uploads\/2022\/05\/TUF-RX6700XT-O12G-GAMING-des-6-400x213.png 400w, https:\/\/tzila.mx\/dev\/wp-content\/uploads\/2022\/05\/TUF-RX6700XT-O12G-GAMING-des-6-430x229.png 430w, https:\/\/tzila.mx\/dev\/wp-content\/uploads\/2022\/05\/TUF-RX6700XT-O12G-GAMING-des-6-150x80.png 150w\" sizes=\"auto, (max-width: 645px) 100vw, 645px\" \/>\t\t\t\t\t<\/div>\n\n\t\t\t\t<\/div>\n\t\t\t\t<\/div>\n\t\t\t\t<div class=\"elementor-element elementor-element-7002312 elementor-widget elementor-widget-wd_text_block\" data-id=\"7002312\" data-element_type=\"widget\" data-widget_type=\"wd_text_block.default\">\n\t\t\t\t<div class=\"elementor-widget-container\">\n\t\t\t\t\t<div class=\"wd-text-block reset-last-child text-left\">\n\t\t\t\n\t\t\t<h4>GPU Tweak II<\/h4><p>La utilidad ASUS GPU Tweak II lleva el ajuste de la tarjeta gr\u00e1fica al siguiente nivel. Le permite ajustar par\u00e1metros cr\u00edticos, incluidos los relojes del n\u00facleo de la GPU, la frecuencia de la memoria y la configuraci\u00f3n de voltaje, con la opci\u00f3n de monitorear todo en tiempo real a trav\u00e9s de una visualizaci\u00f3n en pantalla personalizable. Tambi\u00e9n se incluye control de ventilador avanzado junto con muchas m\u00e1s funciones para ayudarlo a aprovechar al m\u00e1ximo su tarjeta gr\u00e1fica.<\/p>\n\t\t\t\t\t<\/div>\n\t\t\t\t<\/div>\n\t\t\t\t<\/div>\n\t\t\t\t<div class=\"elementor-element elementor-element-6dabd15 elementor-widget elementor-widget-wd_text_block\" data-id=\"6dabd15\" data-element_type=\"widget\" data-widget_type=\"wd_text_block.default\">\n\t\t\t\t<div class=\"elementor-widget-container\">\n\t\t\t\t\t<div class=\"wd-text-block reset-last-child text-left\">\n\t\t\t\n\t\t\t<div class=\"hd-content hd-col50\"><div class=\"hd-content\"><h4>Quantumcloud<\/h4><p>Benef\u00edciese de la potencia de la GPU<br \/>Quantumcloud es un servicio simple y seguro que le permite ganar dinero extra sin esfuerzo al poner a trabajar su GPU inactiva. A trav\u00e9s de una aplicaci\u00f3n f\u00e1cil de usar, su computadora puede ayudar a ejecutar aplicaciones basadas en la nube, gan\u00e1ndole dinero en el proceso. Las ganancias se transfieren autom\u00e1ticamente a su cuenta de WeChat o PayPal, y su privacidad permanece intacta porque Quantumcloud no recopila sus datos personales. \u00a1Empieza a ganar dinero hoy!<\/p><\/div><\/div>\n\t\t\t\t\t<\/div>\n\t\t\t\t<\/div>\n\t\t\t\t<\/div>\n\t\t\t\t<div class=\"elementor-element elementor-element-078b475 elementor-widget elementor-widget-wd_button\" data-id=\"078b475\" data-element_type=\"widget\" data-widget_type=\"wd_button.default\">\n\t\t\t\t<div class=\"elementor-widget-container\">\n\t\t\t\t\t<div class=\"wd-button-wrapper text-center\" >\n\t\t\t<a class=\"btn btn-style-link btn-shape- btn-size-large btn-scheme-light btn-scheme-hover-dark btn-icon-pos-right\"  href=\"https:\/\/rog.asus.com\/mx\/graphics-cards\/graphics-cards\/rog-strix\/rog-strix-rtx3070ti-o8g-gaming-model\/\" target=\"_blank\">\n\t\t\t\t<span class=\"wd-btn-text\" data-elementor-setting-key=\"text\">\n\t\t\t\t\tSaber m\u00e1s\t\t\t\t<\/span>\n\n\t\t\t\t\t\t\t<\/a>\n\t\t<\/div>\n\t\t\t\t<\/div>\n\t\t\t\t<\/div>\n\t\t\t\t\t<\/div>\n\t\t<\/div>\n\t\t\t\t\t\t\t<\/div>\n\t\t<\/section>\n\t\t\t\t\t\t<\/div>\n\t\t\t\t\t<\/div>\n\t\t","protected":false},"excerpt":{"rendered":"<h4>Caracter\u00edsticas principales:<\/h4>\n<p class=\"p1\"><span class=\"s1\">\u25cf <span class=\"ProductSpecSingle__descriptionItemValue__lVa0O\">NVIDIA<sup>\u00ae<\/sup> GeForce RTX\u2122 3070 Ti<\/span><\/span><br \/>\n<span class=\"s1\">\u25cf <span class=\"ProductSpecSingle__descriptionItemValue__lVa0O\">PCI Express 4.0<\/span><\/span><br \/>\n<span class=\"s2\"><span class=\"s1\">\u25cf <span class=\"ProductSpecSingle__descriptionItemValue__lVa0O\">8GB GDDR6X<\/span> <\/span><\/span>Video Memory<br \/>\n<span class=\"s1\">\u25cf Modo juego: <span class=\"ProductSpecSingle__descriptionItemValue__lVa0O\">1845 MHz (Boost Clock)<\/span><\/span><br \/>\n<span class=\"s1\">\u25cf <span class=\"ProductSpecSingle__descriptionItemValue__lVa0O\">ARGB<\/span> <\/span>AURA SYNC<br \/>\n<span class=\"s1\">\u25cf <\/span>DisplayPort 1.4a<\/p>\n","protected":false},"featured_media":13382,"comment_status":"open","ping_status":"closed","template":"","meta":[],"product_cat":[20,53,100],"product_tag":[226,225,114],"class_list":["post-13381","product","type-product","status-publish","has-post-thumbnail","hentry","product_cat-hardware","product_cat-tarjeta-grafica","product_cat-asus","product_tag-geforce-rtx","product_tag-nvidia","product_tag-rog-gaming","pa_brand-asus"],"_links":{"self":[{"href":"https:\/\/tzila.mx\/dev\/wp-json\/wp\/v2\/product\/13381","targetHints":{"allow":["GET"]}}],"collection":[{"href":"https:\/\/tzila.mx\/dev\/wp-json\/wp\/v2\/product"}],"about":[{"href":"https:\/\/tzila.mx\/dev\/wp-json\/wp\/v2\/types\/product"}],"replies":[{"embeddable":true,"href":"https:\/\/tzila.mx\/dev\/wp-json\/wp\/v2\/comments?post=13381"}],"version-history":[{"count":29,"href":"https:\/\/tzila.mx\/dev\/wp-json\/wp\/v2\/product\/13381\/revisions"}],"predecessor-version":[{"id":13443,"href":"https:\/\/tzila.mx\/dev\/wp-json\/wp\/v2\/product\/13381\/revisions\/13443"}],"wp:featuredmedia":[{"embeddable":true,"href":"https:\/\/tzila.mx\/dev\/wp-json\/wp\/v2\/media\/13382"}],"wp:attachment":[{"href":"https:\/\/tzila.mx\/dev\/wp-json\/wp\/v2\/media?parent=13381"}],"wp:term":[{"taxonomy":"product_cat","embeddable":true,"href":"https:\/\/tzila.mx\/dev\/wp-json\/wp\/v2\/product_cat?post=13381"},{"taxonomy":"product_tag","embeddable":true,"href":"https:\/\/tzila.mx\/dev\/wp-json\/wp\/v2\/product_tag?post=13381"}],"curies":[{"name":"wp","href":"https:\/\/api.w.org\/{rel}","templated":true}]}}