{"id":13352,"date":"2022-05-31T14:28:17","date_gmt":"2022-05-31T19:28:17","guid":{"rendered":"https:\/\/tzila.mx\/dev\/?post_type=product&#038;p=13352"},"modified":"2022-06-29T11:36:59","modified_gmt":"2022-06-29T16:36:59","slug":"tarjeta-grafica-asus-dual-geforce-rtx-2060-evo-6gb-gddr6-con-nvidia-turing","status":"publish","type":"product","link":"https:\/\/tzila.mx\/dev\/producto\/tarjeta-grafica-asus-dual-geforce-rtx-2060-evo-6gb-gddr6-con-nvidia-turing\/","title":{"rendered":"Tarjeta Gr\u00e1fica ASUS Dual GeForce RTX\u2122 2060 EVO 6GB GDDR6 con NVIDIA Turing\u2122"},"content":{"rendered":"\t\t<div data-elementor-type=\"wp-post\" data-elementor-id=\"13352\" class=\"elementor elementor-13352\" data-elementor-settings=\"[]\">\n\t\t\t\t\t\t\t<div class=\"elementor-section-wrap\">\n\t\t\t\t\t\t\t<section class=\"elementor-section elementor-top-section elementor-element elementor-element-a77d38a elementor-section-boxed elementor-section-height-default elementor-section-height-default wd-section-disabled\" data-id=\"a77d38a\" data-element_type=\"section\">\n\t\t\t\t\t\t<div class=\"elementor-container elementor-column-gap-default\">\n\t\t\t\t\t<div class=\"elementor-column elementor-col-33 elementor-top-column elementor-element elementor-element-606b0e0\" data-id=\"606b0e0\" data-element_type=\"column\">\n\t\t\t<div class=\"elementor-widget-wrap elementor-element-populated\">\n\t\t\t\t\t\t\t\t<div class=\"elementor-element elementor-element-2efa55d elementor-widget elementor-widget-wd_text_block\" data-id=\"2efa55d\" data-element_type=\"widget\" data-widget_type=\"wd_text_block.default\">\n\t\t\t\t<div class=\"elementor-widget-container\">\n\t\t\t\t\t<div class=\"wd-text-block reset-last-child text-left\">\n\t\t\t\n\t\t\t<h5><strong>M\u00c1S ESPECIFICACIONES<\/strong><strong>:<\/strong><\/h5>\n\t\t\t\t\t<\/div>\n\t\t\t\t<\/div>\n\t\t\t\t<\/div>\n\t\t\t\t<div class=\"elementor-element elementor-element-00b20a9 elementor-widget elementor-widget-wd_text_block\" data-id=\"00b20a9\" data-element_type=\"widget\" data-widget_type=\"wd_text_block.default\">\n\t\t\t\t<div class=\"elementor-widget-container\">\n\t\t\t\t\t<div class=\"wd-text-block reset-last-child text-left\">\n\t\t\t\n\t\t\t<p>\u25cf La arquitectura de GPU NVIDIA TURING\u2122 y la nueva plataforma RTX brindan hasta 6 veces el rendimiento de las tarjetas gr\u00e1ficas de la generaci\u00f3n anterior<br \/>\u25cf DirectX 12 permite nuevos efectos visuales y t\u00e9cnicas de renderizado para juegos m\u00e1s realistas..<br \/>\u25cf NVIDIA Shadowplay\u2122 Graba y comparte videos de juegos, capturas de pantalla y transmisiones en vivo de alta calidad.<br \/>\u25cf Ventilador Axial-tech con aspas m\u00e1s grandes y un anillo de barrera \u00fanico para aumentar la presi\u00f3n del aire.<br \/>\u25cf Tecnolog\u00eda Auto-Extreme utiliza la automatizaci\u00f3n para mejorar la confiabilidad.<br \/>\u25cf Super Alloy Power II incluye estranguladores de aleaci\u00f3n premium, condensadores de pol\u00edmero s\u00f3lido.<br \/>\u25cf GPU Tweak II proporciona ajustes de rendimiento intuitivos y controles t\u00e9rmicos.<br \/>\u25cf Programa de validaci\u00f3n de 144 horas somete las tarjetas a una serie de pruebas estrictas para garantizar la compatibilidad con los \u00faltimos juegos.<\/p>\n\t\t\t\t\t<\/div>\n\t\t\t\t<\/div>\n\t\t\t\t<\/div>\n\t\t\t\t\t<\/div>\n\t\t<\/div>\n\t\t\t\t<div class=\"elementor-column elementor-col-66 elementor-top-column elementor-element elementor-element-b692253\" data-id=\"b692253\" data-element_type=\"column\">\n\t\t\t<div class=\"elementor-widget-wrap elementor-element-populated\">\n\t\t\t\t\t\t\t\t<div class=\"elementor-element elementor-element-0fefcf7 elementor-widget elementor-widget-wd_image_or_svg\" data-id=\"0fefcf7\" data-element_type=\"widget\" data-widget_type=\"wd_image_or_svg.default\">\n\t\t\t\t<div class=\"elementor-widget-container\">\n\t\t\t\n\t\t<div class=\"wd-image text-center\">\n\t\t\t\t\t\t\t\t<img decoding=\"async\" src=\"https:\/\/tzila.mx\/dev\/wp-content\/uploads\/elementor\/thumbs\/DUAL-RTX2060-6G-EVO-des-1-ppn1jtvh4mus66mslvda5z2beimn4mf028v67t71qg.jpg\" title=\"DUAL-RTX2060-6G-EVO-des-1\" alt=\"DUAL-RTX2060-6G-EVO-des-1\" \/>\t\t\t\t\t<\/div>\n\n\t\t\t\t<\/div>\n\t\t\t\t<\/div>\n\t\t\t\t\t<\/div>\n\t\t<\/div>\n\t\t\t\t\t\t\t<\/div>\n\t\t<\/section>\n\t\t\t\t<section class=\"elementor-section elementor-top-section elementor-element elementor-element-ec9e38a elementor-section-boxed elementor-section-height-default elementor-section-height-default wd-section-disabled\" data-id=\"ec9e38a\" data-element_type=\"section\">\n\t\t\t\t\t\t<div class=\"elementor-container elementor-column-gap-default\">\n\t\t\t\t\t<div class=\"elementor-column elementor-col-33 elementor-top-column elementor-element elementor-element-c833c6a\" data-id=\"c833c6a\" data-element_type=\"column\">\n\t\t\t<div class=\"elementor-widget-wrap elementor-element-populated\">\n\t\t\t\t\t\t\t\t<div class=\"elementor-element elementor-element-6ae12e9 elementor-widget elementor-widget-wd_text_block\" data-id=\"6ae12e9\" data-element_type=\"widget\" data-widget_type=\"wd_text_block.default\">\n\t\t\t\t<div class=\"elementor-widget-container\">\n\t\t\t\t\t<div class=\"wd-text-block reset-last-child text-left\">\n\t\t\t\n\t\t\t<h2>2x Fans. 2x Fun.<\/h2><p>Al ofrecer la experiencia de juego NVIDIA Turing\u2122 m\u00e1s reciente en su forma m\u00e1s pura, ASUS Dual GeForce RTX\u2122 2060 EVO combina rendimiento y simplicidad como ning\u00fan otro. Aprovechando las tecnolog\u00edas de refrigeraci\u00f3n avanzadas derivadas de las tarjetas gr\u00e1ficas emblem\u00e1ticas, Dual GeForce RTX\u2122 2060 opta por la sustancia sobre el estilo, la elecci\u00f3n perfecta para una construcci\u00f3n bien equilibrada. Abr\u00f3chate el cintur\u00f3n y participa en la destreza de juego de vanguardia.<\/p>\n\t\t\t\t\t<\/div>\n\t\t\t\t<\/div>\n\t\t\t\t<\/div>\n\t\t\t\t<div class=\"elementor-element elementor-element-e9bf201 elementor-widget elementor-widget-wd_text_block\" data-id=\"e9bf201\" data-element_type=\"widget\" data-widget_type=\"wd_text_block.default\">\n\t\t\t\t<div class=\"elementor-widget-container\">\n\t\t\t\t\t<div class=\"wd-text-block reset-last-child text-left\">\n\t\t\t\n\t\t\t<section id=\"ROG-Chariot-Core-01\"><div class=\"mainsize\"><div class=\"maintitle\"><div class=\"stitle\"><h4 class=\"reveal reveal-fromLeft\" data-trigger=\".hd-scroller\">Dise\u00f1o de ventilador Axial-tech<\/h4><\/div><div class=\"info\"><div class=\"product-content\"><div class=\"maintitle text-left\"><div class=\"info\"><p>Better, faster, stronger<br \/>El Dual 2060 EVO viene equipado con dos potentes ventiladores Axial-tech. Dise\u00f1ados recientemente para la \u00faltima generaci\u00f3n de tarjetas gr\u00e1ficas ROG de gama alta, estos ventiladores cuentan con un centro m\u00e1s peque\u00f1o que facilita aspas m\u00e1s largas y un anillo de barrera para aumentar la presi\u00f3n del aire hacia abajo.<\/p><\/div><\/div><\/div><\/div><\/div><\/div><\/section>\n\t\t\t\t\t<\/div>\n\t\t\t\t<\/div>\n\t\t\t\t<\/div>\n\t\t\t\t<div class=\"elementor-element elementor-element-252ec94 elementor-widget elementor-widget-wd_text_block\" data-id=\"252ec94\" data-element_type=\"widget\" data-widget_type=\"wd_text_block.default\">\n\t\t\t\t<div class=\"elementor-widget-container\">\n\t\t\t\t\t<div class=\"wd-text-block reset-last-child text-left\">\n\t\t\t\n\t\t\t<h4>Tecnolog\u00eda ODB<\/h4><p>Inteligencia tranquila<br \/>Un controlador integrado avanzado detiene a los fan\u00e1ticos cuando la temperatura central de la GPU est\u00e1 por debajo de los 55 grados cent\u00edgrados, lo que le permite disfrutar de juegos ligeros en un silencio relativo. A medida que las temperaturas superan el umbral, los ventiladores vuelven a encenderse autom\u00e1ticamente.<\/p>\n\t\t\t\t\t<\/div>\n\t\t\t\t<\/div>\n\t\t\t\t<\/div>\n\t\t\t\t<div class=\"elementor-element elementor-element-8604524 elementor-widget elementor-widget-wd_image_or_svg\" data-id=\"8604524\" data-element_type=\"widget\" data-widget_type=\"wd_image_or_svg.default\">\n\t\t\t\t<div class=\"elementor-widget-container\">\n\t\t\t\n\t\t<div class=\"wd-image text-center\">\n\t\t\t\t\t\t\t\t<img loading=\"lazy\" decoding=\"async\" width=\"736\" height=\"501\" src=\"https:\/\/tzila.mx\/dev\/wp-content\/uploads\/2022\/05\/DUAL-RTX2060-6G-EVO-des-2.png\" class=\"attachment-full size-full\" alt=\"\" srcset=\"https:\/\/tzila.mx\/dev\/wp-content\/uploads\/2022\/05\/DUAL-RTX2060-6G-EVO-des-2.png 736w, https:\/\/tzila.mx\/dev\/wp-content\/uploads\/2022\/05\/DUAL-RTX2060-6G-EVO-des-2-400x272.png 400w, https:\/\/tzila.mx\/dev\/wp-content\/uploads\/2022\/05\/DUAL-RTX2060-6G-EVO-des-2-430x293.png 430w, https:\/\/tzila.mx\/dev\/wp-content\/uploads\/2022\/05\/DUAL-RTX2060-6G-EVO-des-2-700x476.png 700w, https:\/\/tzila.mx\/dev\/wp-content\/uploads\/2022\/05\/DUAL-RTX2060-6G-EVO-des-2-150x102.png 150w\" sizes=\"auto, (max-width: 736px) 100vw, 736px\" \/>\t\t\t\t\t<\/div>\n\n\t\t\t\t<\/div>\n\t\t\t\t<\/div>\n\t\t\t\t<div class=\"elementor-element elementor-element-4f49f18 elementor-widget elementor-widget-wd_text_block\" data-id=\"4f49f18\" data-element_type=\"widget\" data-widget_type=\"wd_text_block.default\">\n\t\t\t\t<div class=\"elementor-widget-container\">\n\t\t\t\t\t<div class=\"wd-text-block reset-last-child text-left\">\n\t\t\t\n\t\t\t<h4>Placa trasera protectora<\/h4><p>\u00a1Eso es tan met\u00e1lico!<br \/>La placa de circuito impreso densamente empaquetada de Dual GeForce RTX\u2122 2060 EVO est\u00e1 reforzada por una placa posterior de aluminio que agrega rigidez estructural, lo que ayuda a evitar que la placa de circuito impreso se flexione y a proteger los componentes y trazar las v\u00edas de da\u00f1os.<\/p>\n\t\t\t\t\t<\/div>\n\t\t\t\t<\/div>\n\t\t\t\t<\/div>\n\t\t\t\t\t<\/div>\n\t\t<\/div>\n\t\t\t\t<div class=\"elementor-column elementor-col-33 elementor-top-column elementor-element elementor-element-e7b3bda\" data-id=\"e7b3bda\" data-element_type=\"column\">\n\t\t\t<div class=\"elementor-widget-wrap elementor-element-populated\">\n\t\t\t\t\t\t\t\t<div class=\"elementor-element elementor-element-d0a2373 elementor-widget elementor-widget-wd_text_block\" data-id=\"d0a2373\" data-element_type=\"widget\" data-widget_type=\"wd_text_block.default\">\n\t\t\t\t<div class=\"elementor-widget-container\">\n\t\t\t\t\t<div class=\"wd-text-block reset-last-child text-left\">\n\t\t\t\n\t\t\t<h4>Tecnolog\u00eda Auto-Extreme<\/h4><p>Fabricaci\u00f3n automatizada de precisi\u00f3n<br \/>La tecnolog\u00eda Auto-Extreme es un proceso de fabricaci\u00f3n automatizado que establece nuevos est\u00e1ndares en la industria al permitir que todas las soldaduras se completen en una sola pasada. Esto reduce la tensi\u00f3n t\u00e9rmica en los componentes y evita el uso de productos qu\u00edmicos de limpieza agresivos, lo que genera un menor impacto ambiental, un menor consumo de energ\u00eda de fabricaci\u00f3n y un producto m\u00e1s confiable en general.<\/p>\n\t\t\t\t\t<\/div>\n\t\t\t\t<\/div>\n\t\t\t\t<\/div>\n\t\t\t\t<div class=\"elementor-element elementor-element-7d838dd elementor-widget elementor-widget-wd_text_block\" data-id=\"7d838dd\" data-element_type=\"widget\" data-widget_type=\"wd_text_block.default\">\n\t\t\t\t<div class=\"elementor-widget-container\">\n\t\t\t\t\t<div class=\"wd-text-block reset-last-child text-left\">\n\t\t\t\n\t\t\t<h4>S\u00faper aleaci\u00f3n de potencia II<\/h4><p>Componentes de potencia de primera calidad<br \/>Para lidiar con cargas de trabajo variables de juegos y aplicaciones, la arquitectura Turing\u2122 puede cambiar las velocidades en un instante, lo que requiere un circuito de suministro de energ\u00eda con las reservas para manejar la embestida cuando marca el reloj. Los condensadores premium, las etapas de potencia DrMOS y los estranguladores de n\u00facleo de aleaci\u00f3n son capaces de llevar el rendimiento al m\u00e1ximo.<\/p>\n\t\t\t\t\t<\/div>\n\t\t\t\t<\/div>\n\t\t\t\t<\/div>\n\t\t\t\t<div class=\"elementor-element elementor-element-696e1a7 elementor-widget elementor-widget-wd_image_or_svg\" data-id=\"696e1a7\" data-element_type=\"widget\" data-widget_type=\"wd_image_or_svg.default\">\n\t\t\t\t<div class=\"elementor-widget-container\">\n\t\t\t\n\t\t<div class=\"wd-image text-center\">\n\t\t\t\t\t\t\t\t<img decoding=\"async\" src=\"https:\/\/tzila.mx\/dev\/wp-content\/uploads\/elementor\/thumbs\/DUAL-RTX2060-6G-EVO-des-4-ppn1k636acmwb5vnbau0qsc68y9cerec8d1vncnzyc.png\" title=\"DUAL-RTX2060-6G-EVO-des-4\" alt=\"DUAL-RTX2060-6G-EVO-des-4\" \/>\t\t\t\t\t<\/div>\n\n\t\t\t\t<\/div>\n\t\t\t\t<\/div>\n\t\t\t\t<div class=\"elementor-element elementor-element-c919411 elementor-widget elementor-widget-wd_text_block\" data-id=\"c919411\" data-element_type=\"widget\" data-widget_type=\"wd_text_block.default\">\n\t\t\t\t<div class=\"elementor-widget-container\">\n\t\t\t\t\t<div class=\"wd-text-block reset-last-child text-left\">\n\t\t\t\n\t\t\t<h4>NVIDIA<sup>\u00ae<\/sup> G-SYNC\u2122 Technology<\/h4><p>Operador suave<br \/>Esta tarjeta gr\u00e1fica es compatible con la tecnolog\u00eda de pantalla NVIDIA\u00ae G-SYNC\u2122 para una experiencia de frecuencia de actualizaci\u00f3n variable superfluida. Disfruta de los juegos AAA sin la molestia de que la pantalla se rompa o tartamudee.<\/p>\n\t\t\t\t\t<\/div>\n\t\t\t\t<\/div>\n\t\t\t\t<\/div>\n\t\t\t\t<div class=\"elementor-element elementor-element-564b841 elementor-widget elementor-widget-wd_text_block\" data-id=\"564b841\" data-element_type=\"widget\" data-widget_type=\"wd_text_block.default\">\n\t\t\t\t<div class=\"elementor-widget-container\">\n\t\t\t\t\t<div class=\"wd-text-block reset-last-child text-left\">\n\t\t\t\n\t\t\t<h4>Iluminaci\u00f3n sutil<\/h4><p>Acento degradado<br \/>La cubierta presenta una sutil tira iluminada, que agrega un acento elegante a cualquier construcci\u00f3n.<\/p>\n\t\t\t\t\t<\/div>\n\t\t\t\t<\/div>\n\t\t\t\t<\/div>\n\t\t\t\t<div class=\"elementor-element elementor-element-c6ebadf elementor-widget elementor-widget-wd_text_block\" data-id=\"c6ebadf\" data-element_type=\"widget\" data-widget_type=\"wd_text_block.default\">\n\t\t\t\t<div class=\"elementor-widget-container\">\n\t\t\t\t\t<div class=\"wd-text-block reset-last-child text-left\">\n\t\t\t\n\t\t\t<h4>XSplit<\/h4><p>Transmisi\u00f3n de primera calidad<br \/>XSplit ofrece una experiencia de transmisi\u00f3n premium con anotaciones en el juego y otras funciones avanzadas. Disfrute de una licencia gratuita con la compra de tarjetas gr\u00e1ficas ASUS seleccionadas. \u00a1Nos vemos en l\u00ednea!<\/p>\n\t\t\t\t\t<\/div>\n\t\t\t\t<\/div>\n\t\t\t\t<\/div>\n\t\t\t\t\t<\/div>\n\t\t<\/div>\n\t\t\t\t<div class=\"elementor-column elementor-col-33 elementor-top-column elementor-element elementor-element-ba9b9c1\" data-id=\"ba9b9c1\" data-element_type=\"column\">\n\t\t\t<div class=\"elementor-widget-wrap elementor-element-populated\">\n\t\t\t\t\t\t\t\t<div class=\"elementor-element elementor-element-ee00d4b elementor-widget elementor-widget-wd_text_block\" data-id=\"ee00d4b\" data-element_type=\"widget\" data-widget_type=\"wd_text_block.default\">\n\t\t\t\t<div class=\"elementor-widget-container\">\n\t\t\t\t\t<div class=\"wd-text-block reset-last-child text-left\">\n\t\t\t\n\t\t\t<h4>wtfast<\/h4><p>Juega sin retrasos<br \/>Nos asociamos con wtfast para ayudarlo a jugar sin retrasos, problemas de latencia y paquetes perdidos. Con una suscripci\u00f3n de 6 meses a wtfast Gamers Private Network, disfrutar\u00e1 de un ping m\u00e1s bajo para una experiencia de juego en l\u00ednea m\u00e1s fluida y fluida. Compre una tarjeta gr\u00e1fica ASUS, \u00a1y no se quede esperando!<\/p>\n\t\t\t\t\t<\/div>\n\t\t\t\t<\/div>\n\t\t\t\t<\/div>\n\t\t\t\t<div class=\"elementor-element elementor-element-e65ba51 elementor-widget elementor-widget-wd_image_or_svg\" data-id=\"e65ba51\" data-element_type=\"widget\" data-widget_type=\"wd_image_or_svg.default\">\n\t\t\t\t<div class=\"elementor-widget-container\">\n\t\t\t\n\t\t<div class=\"wd-image text-left\">\n\t\t\t\t\t\t\t\t<img loading=\"lazy\" decoding=\"async\" width=\"645\" height=\"343\" src=\"https:\/\/tzila.mx\/dev\/wp-content\/uploads\/2022\/05\/TUF-RX6700XT-O12G-GAMING-des-6.png\" class=\"attachment-full size-full\" alt=\"\" srcset=\"https:\/\/tzila.mx\/dev\/wp-content\/uploads\/2022\/05\/TUF-RX6700XT-O12G-GAMING-des-6.png 645w, https:\/\/tzila.mx\/dev\/wp-content\/uploads\/2022\/05\/TUF-RX6700XT-O12G-GAMING-des-6-400x213.png 400w, https:\/\/tzila.mx\/dev\/wp-content\/uploads\/2022\/05\/TUF-RX6700XT-O12G-GAMING-des-6-430x229.png 430w, https:\/\/tzila.mx\/dev\/wp-content\/uploads\/2022\/05\/TUF-RX6700XT-O12G-GAMING-des-6-150x80.png 150w\" sizes=\"auto, (max-width: 645px) 100vw, 645px\" \/>\t\t\t\t\t<\/div>\n\n\t\t\t\t<\/div>\n\t\t\t\t<\/div>\n\t\t\t\t<div class=\"elementor-element elementor-element-7002312 elementor-widget elementor-widget-wd_text_block\" data-id=\"7002312\" data-element_type=\"widget\" data-widget_type=\"wd_text_block.default\">\n\t\t\t\t<div class=\"elementor-widget-container\">\n\t\t\t\t\t<div class=\"wd-text-block reset-last-child text-left\">\n\t\t\t\n\t\t\t<h4>GPU Tweak II<\/h4><p>Supervisar, modificar y sintonizar<br \/>La utilidad ASUS GPU Tweak II lleva el ajuste de la tarjeta gr\u00e1fica al siguiente nivel. Le permite ajustar par\u00e1metros cr\u00edticos, incluidos los relojes del n\u00facleo de la GPU, la frecuencia de la memoria y la configuraci\u00f3n de voltaje, con la opci\u00f3n de monitorear todo en tiempo real a trav\u00e9s de una visualizaci\u00f3n en pantalla personalizable. Tambi\u00e9n se incluye control de ventilador avanzado junto con muchas m\u00e1s funciones para ayudarlo a aprovechar al m\u00e1ximo su tarjeta gr\u00e1fica.<\/p>\n\t\t\t\t\t<\/div>\n\t\t\t\t<\/div>\n\t\t\t\t<\/div>\n\t\t\t\t<div class=\"elementor-element elementor-element-6dabd15 elementor-widget elementor-widget-wd_text_block\" data-id=\"6dabd15\" data-element_type=\"widget\" data-widget_type=\"wd_text_block.default\">\n\t\t\t\t<div class=\"elementor-widget-container\">\n\t\t\t\t\t<div class=\"wd-text-block reset-last-child text-left\">\n\t\t\t\n\t\t\t<div class=\"hd-content hd-col50\"><div class=\"hd-content\"><h4>Quantumcloud<\/h4><p>Benef\u00edciese de la potencia de la GPU<br \/>Quantumcloud es un servicio simple y seguro que le permite ganar dinero extra sin esfuerzo al poner a trabajar su GPU inactiva. A trav\u00e9s de una aplicaci\u00f3n f\u00e1cil de usar, su computadora puede ayudar a ejecutar aplicaciones basadas en la nube, gan\u00e1ndole dinero en el proceso. Las ganancias se transfieren autom\u00e1ticamente a su cuenta de WeChat o PayPal, y su privacidad permanece intacta porque Quantumcloud no recopila sus datos personales. \u00a1Empieza a ganar dinero hoy!<\/p><\/div><\/div>\n\t\t\t\t\t<\/div>\n\t\t\t\t<\/div>\n\t\t\t\t<\/div>\n\t\t\t\t<div class=\"elementor-element elementor-element-a542422 elementor-widget elementor-widget-wd_text_block\" data-id=\"a542422\" data-element_type=\"widget\" data-widget_type=\"wd_text_block.default\">\n\t\t\t\t<div class=\"elementor-widget-container\">\n\t\t\t\t\t<div class=\"wd-text-block reset-last-child text-left\">\n\t\t\t\n\t\t\t<h4>Programa de validaci\u00f3n de 144 horas<\/h4><p>\"Extenso\" puede ser un eufemismo<br \/>Cada tarjeta debe cumplir con rigurosos est\u00e1ndares de rendimiento y confiabilidad antes de enviarse. Las pruebas de rendimiento y estr\u00e9s se realizan con los \u00faltimos t\u00edtulos que encabezan las listas de \u00e9xitos, como Fortnite, League of Legends, Overwatch y PlayerUnknown's Battlegrounds. Tambi\u00e9n llevamos a cabo pruebas de confiabilidad que incluyen una prueba de estabilidad de 144 horas y una serie de pruebas comparativas de 3DMark para garantizar que la tarjeta funcione bien cuando se la lleve al l\u00edmite.<\/p>\n\t\t\t\t\t<\/div>\n\t\t\t\t<\/div>\n\t\t\t\t<\/div>\n\t\t\t\t<div class=\"elementor-element elementor-element-078b475 elementor-widget elementor-widget-wd_button\" data-id=\"078b475\" data-element_type=\"widget\" data-widget_type=\"wd_button.default\">\n\t\t\t\t<div class=\"elementor-widget-container\">\n\t\t\t\t\t<div class=\"wd-button-wrapper text-center\" >\n\t\t\t<a class=\"btn btn-style-link btn-shape- btn-size-large btn-scheme-light btn-scheme-hover-dark btn-icon-pos-right\"  href=\"https:\/\/www.asus.com\/Motherboards-Components\/Graphics-Cards\/Dual\/DUAL-RTX2060-6G-EVO\/\" target=\"_blank\">\n\t\t\t\t<span class=\"wd-btn-text\" data-elementor-setting-key=\"text\">\n\t\t\t\t\tSaber m\u00e1s\t\t\t\t<\/span>\n\n\t\t\t\t\t\t\t<\/a>\n\t\t<\/div>\n\t\t\t\t<\/div>\n\t\t\t\t<\/div>\n\t\t\t\t\t<\/div>\n\t\t<\/div>\n\t\t\t\t\t\t\t<\/div>\n\t\t<\/section>\n\t\t\t\t\t\t<\/div>\n\t\t\t\t\t<\/div>\n\t\t","protected":false},"excerpt":{"rendered":"<h4>Caracter\u00edsticas principales:<\/h4>\n<p class=\"p1\"><span class=\"s1\">\u25cf NVIDIA\u00ae GeForce RTX\u2122 2060<\/span><br \/>\n<span class=\"s1\">\u25cf PCI Express 3.0<\/span><br \/>\n<span class=\"s2\"><span class=\"s1\">\u25cf 6GB GDDR6 <\/span><\/span>Video Memory<br \/>\n<span class=\"s1\">\u25cf Modo juego: GPU Boost Clock : 1680 MHz , GPU Base Clock : 1365 MHz<\/span><br \/>\n<span class=\"s1\">\u25cf RGB <\/span>AURA SYNC<br \/>\n<span class=\"s1\">\u25cf <\/span>DisplayPort 1.4<\/p>\n","protected":false},"featured_media":13358,"comment_status":"open","ping_status":"closed","template":"","meta":[],"product_cat":[20,53,100],"product_tag":[226,225],"class_list":["post-13352","product","type-product","status-publish","has-post-thumbnail","hentry","product_cat-hardware","product_cat-tarjeta-grafica","product_cat-asus","product_tag-geforce-rtx","product_tag-nvidia","pa_brand-asus"],"_links":{"self":[{"href":"https:\/\/tzila.mx\/dev\/wp-json\/wp\/v2\/product\/13352","targetHints":{"allow":["GET"]}}],"collection":[{"href":"https:\/\/tzila.mx\/dev\/wp-json\/wp\/v2\/product"}],"about":[{"href":"https:\/\/tzila.mx\/dev\/wp-json\/wp\/v2\/types\/product"}],"replies":[{"embeddable":true,"href":"https:\/\/tzila.mx\/dev\/wp-json\/wp\/v2\/comments?post=13352"}],"version-history":[{"count":12,"href":"https:\/\/tzila.mx\/dev\/wp-json\/wp\/v2\/product\/13352\/revisions"}],"predecessor-version":[{"id":13380,"href":"https:\/\/tzila.mx\/dev\/wp-json\/wp\/v2\/product\/13352\/revisions\/13380"}],"wp:featuredmedia":[{"embeddable":true,"href":"https:\/\/tzila.mx\/dev\/wp-json\/wp\/v2\/media\/13358"}],"wp:attachment":[{"href":"https:\/\/tzila.mx\/dev\/wp-json\/wp\/v2\/media?parent=13352"}],"wp:term":[{"taxonomy":"product_cat","embeddable":true,"href":"https:\/\/tzila.mx\/dev\/wp-json\/wp\/v2\/product_cat?post=13352"},{"taxonomy":"product_tag","embeddable":true,"href":"https:\/\/tzila.mx\/dev\/wp-json\/wp\/v2\/product_tag?post=13352"}],"curies":[{"name":"wp","href":"https:\/\/api.w.org\/{rel}","templated":true}]}}