{"id":13329,"date":"2022-05-31T12:48:56","date_gmt":"2022-05-31T17:48:56","guid":{"rendered":"https:\/\/tzila.mx\/dev\/?post_type=product&#038;p=13329"},"modified":"2022-06-29T11:37:04","modified_gmt":"2022-06-29T16:37:04","slug":"tarjeta-grafica-asus-tuf-gaming-radeon-rx-6700-xt-oc-edition-12gb","status":"publish","type":"product","link":"https:\/\/tzila.mx\/dev\/producto\/tarjeta-grafica-asus-tuf-gaming-radeon-rx-6700-xt-oc-edition-12gb\/","title":{"rendered":"Tarjeta Gr\u00e1fica ASUS TUF Gaming Radeon\u2122 RX 6700 XT OC Edition 12GB"},"content":{"rendered":"\t\t<div data-elementor-type=\"wp-post\" data-elementor-id=\"13329\" class=\"elementor elementor-13329\" data-elementor-settings=\"[]\">\n\t\t\t\t\t\t\t<div class=\"elementor-section-wrap\">\n\t\t\t\t\t\t\t<section class=\"elementor-section elementor-top-section elementor-element elementor-element-a77d38a elementor-section-boxed elementor-section-height-default elementor-section-height-default wd-section-disabled\" data-id=\"a77d38a\" data-element_type=\"section\">\n\t\t\t\t\t\t<div class=\"elementor-container elementor-column-gap-default\">\n\t\t\t\t\t<div class=\"elementor-column elementor-col-33 elementor-top-column elementor-element elementor-element-606b0e0\" data-id=\"606b0e0\" data-element_type=\"column\">\n\t\t\t<div class=\"elementor-widget-wrap elementor-element-populated\">\n\t\t\t\t\t\t\t\t<div class=\"elementor-element elementor-element-2efa55d elementor-widget elementor-widget-wd_text_block\" data-id=\"2efa55d\" data-element_type=\"widget\" data-widget_type=\"wd_text_block.default\">\n\t\t\t\t<div class=\"elementor-widget-container\">\n\t\t\t\t\t<div class=\"wd-text-block reset-last-child text-left\">\n\t\t\t\n\t\t\t<h5><strong>M\u00c1S ESPECIFICACIONES<\/strong><strong>:<\/strong><\/h5>\n\t\t\t\t\t<\/div>\n\t\t\t\t<\/div>\n\t\t\t\t<\/div>\n\t\t\t\t<div class=\"elementor-element elementor-element-00b20a9 elementor-widget elementor-widget-wd_text_block\" data-id=\"00b20a9\" data-element_type=\"widget\" data-widget_type=\"wd_text_block.default\">\n\t\t\t\t<div class=\"elementor-widget-container\">\n\t\t\t\t\t<div class=\"wd-text-block reset-last-child text-left\">\n\t\t\t\n\t\t\t<p>\u25cf El dise\u00f1o del ventilador Axial-tech se ha mejorado con m\u00e1s aspas de ventilador y un nuevo esquema de rotaci\u00f3n.<br \/>\u25cf Cojinetes de ventilador de bolas dobles pueden durar hasta el doble que los dise\u00f1os de cojinetes de manguito.<br \/>\u25cf Cubierta completamente de aluminio, marco reforzado y placa posterior de metal mejoran la durabilidad.<br \/>\u25cf El disipador de calor MaxContact presenta una superficie s\u00faper plana para mejorar la transferencia t\u00e9rmica.<br \/>\u25cf Programa de validaci\u00f3n de 144 horas somete las tarjetas a una serie de pruebas rigurosas para garantizar la compatibilidad con los juegos m\u00e1s recientes.<br \/>\u25cf La placa posterior ventilada evita que el aire caliente recircule a trav\u00e9s de la matriz de enfriamiento.<\/p>\n\t\t\t\t\t<\/div>\n\t\t\t\t<\/div>\n\t\t\t\t<\/div>\n\t\t\t\t\t<\/div>\n\t\t<\/div>\n\t\t\t\t<div class=\"elementor-column elementor-col-66 elementor-top-column elementor-element elementor-element-b692253\" data-id=\"b692253\" data-element_type=\"column\">\n\t\t\t<div class=\"elementor-widget-wrap elementor-element-populated\">\n\t\t\t\t\t\t\t\t<div class=\"elementor-element elementor-element-0fefcf7 elementor-widget elementor-widget-wd_image_or_svg\" data-id=\"0fefcf7\" data-element_type=\"widget\" data-widget_type=\"wd_image_or_svg.default\">\n\t\t\t\t<div class=\"elementor-widget-container\">\n\t\t\t\n\t\t<div class=\"wd-image text-center\">\n\t\t\t\t\t\t\t\t<img loading=\"lazy\" decoding=\"async\" width=\"1920\" height=\"960\" src=\"https:\/\/tzila.mx\/dev\/wp-content\/uploads\/2022\/05\/TUF-RX6700XT-O12G-GAMING-des-4.png\" class=\"attachment-full size-full\" alt=\"\" srcset=\"https:\/\/tzila.mx\/dev\/wp-content\/uploads\/2022\/05\/TUF-RX6700XT-O12G-GAMING-des-4.png 1920w, https:\/\/tzila.mx\/dev\/wp-content\/uploads\/2022\/05\/TUF-RX6700XT-O12G-GAMING-des-4-400x200.png 400w, https:\/\/tzila.mx\/dev\/wp-content\/uploads\/2022\/05\/TUF-RX6700XT-O12G-GAMING-des-4-1300x650.png 1300w, https:\/\/tzila.mx\/dev\/wp-content\/uploads\/2022\/05\/TUF-RX6700XT-O12G-GAMING-des-4-768x384.png 768w, https:\/\/tzila.mx\/dev\/wp-content\/uploads\/2022\/05\/TUF-RX6700XT-O12G-GAMING-des-4-1536x768.png 1536w, https:\/\/tzila.mx\/dev\/wp-content\/uploads\/2022\/05\/TUF-RX6700XT-O12G-GAMING-des-4-860x430.png 860w, https:\/\/tzila.mx\/dev\/wp-content\/uploads\/2022\/05\/TUF-RX6700XT-O12G-GAMING-des-4-1320x660.png 1320w, https:\/\/tzila.mx\/dev\/wp-content\/uploads\/2022\/05\/TUF-RX6700XT-O12G-GAMING-des-4-430x215.png 430w, https:\/\/tzila.mx\/dev\/wp-content\/uploads\/2022\/05\/TUF-RX6700XT-O12G-GAMING-des-4-700x350.png 700w, https:\/\/tzila.mx\/dev\/wp-content\/uploads\/2022\/05\/TUF-RX6700XT-O12G-GAMING-des-4-150x75.png 150w\" sizes=\"auto, (max-width: 1920px) 100vw, 1920px\" \/>\t\t\t\t\t<\/div>\n\n\t\t\t\t<\/div>\n\t\t\t\t<\/div>\n\t\t\t\t\t<\/div>\n\t\t<\/div>\n\t\t\t\t\t\t\t<\/div>\n\t\t<\/section>\n\t\t\t\t<section class=\"elementor-section elementor-top-section elementor-element elementor-element-ec9e38a elementor-section-boxed elementor-section-height-default elementor-section-height-default wd-section-disabled\" data-id=\"ec9e38a\" data-element_type=\"section\">\n\t\t\t\t\t\t<div class=\"elementor-container elementor-column-gap-default\">\n\t\t\t\t\t<div class=\"elementor-column elementor-col-33 elementor-top-column elementor-element elementor-element-c833c6a\" data-id=\"c833c6a\" data-element_type=\"column\">\n\t\t\t<div class=\"elementor-widget-wrap elementor-element-populated\">\n\t\t\t\t\t\t\t\t<div class=\"elementor-element elementor-element-6ae12e9 elementor-widget elementor-widget-wd_text_block\" data-id=\"6ae12e9\" data-element_type=\"widget\" data-widget_type=\"wd_text_block.default\">\n\t\t\t\t<div class=\"elementor-widget-container\">\n\t\t\t\t\t<div class=\"wd-text-block reset-last-child text-left\">\n\t\t\t\n\t\t\t<h4>Construcci\u00f3n TUF<\/h4><p>La TUF GAMING Radeon\u2122 RX 6700 XT es una bestia tenaz con un exterior de metal resistente, refrigeraci\u00f3n s\u00faper eficiente y componentes que ofrecen una resistencia mejorada. Una cubierta totalmente met\u00e1lica alberga tres potentes ventiladores Axial-tech con baleros de bolas dobles y aspas adicionales. Debajo del exoesqueleto, un disipador de calor grueso mantiene las t\u00e9rmicas bajo estricto control y los componentes TUF, seleccionados para una m\u00e1xima durabilidad y rendimiento, mantienen la tarjeta por delante del resto. Pediste por una m\u00e1quina poderosa... esta est\u00e1 lista para la acci\u00f3n.<\/p>\n\t\t\t\t\t<\/div>\n\t\t\t\t<\/div>\n\t\t\t\t<\/div>\n\t\t\t\t<div class=\"elementor-element elementor-element-8604524 elementor-widget elementor-widget-wd_image_or_svg\" data-id=\"8604524\" data-element_type=\"widget\" data-widget_type=\"wd_image_or_svg.default\">\n\t\t\t\t<div class=\"elementor-widget-container\">\n\t\t\t\n\t\t<div class=\"wd-image text-center\">\n\t\t\t\t\t\t\t\t<img loading=\"lazy\" decoding=\"async\" width=\"764\" height=\"430\" src=\"https:\/\/tzila.mx\/dev\/wp-content\/uploads\/2022\/05\/TUF-RX6700XT-O12G-GAMING-des-1.jpg\" class=\"attachment-full size-full\" alt=\"\" srcset=\"https:\/\/tzila.mx\/dev\/wp-content\/uploads\/2022\/05\/TUF-RX6700XT-O12G-GAMING-des-1.jpg 764w, https:\/\/tzila.mx\/dev\/wp-content\/uploads\/2022\/05\/TUF-RX6700XT-O12G-GAMING-des-1-400x225.jpg 400w, https:\/\/tzila.mx\/dev\/wp-content\/uploads\/2022\/05\/TUF-RX6700XT-O12G-GAMING-des-1-430x242.jpg 430w, https:\/\/tzila.mx\/dev\/wp-content\/uploads\/2022\/05\/TUF-RX6700XT-O12G-GAMING-des-1-700x394.jpg 700w, https:\/\/tzila.mx\/dev\/wp-content\/uploads\/2022\/05\/TUF-RX6700XT-O12G-GAMING-des-1-150x84.jpg 150w\" sizes=\"auto, (max-width: 764px) 100vw, 764px\" \/>\t\t\t\t\t<\/div>\n\n\t\t\t\t<\/div>\n\t\t\t\t<\/div>\n\t\t\t\t<div class=\"elementor-element elementor-element-e9bf201 elementor-widget elementor-widget-wd_text_block\" data-id=\"e9bf201\" data-element_type=\"widget\" data-widget_type=\"wd_text_block.default\">\n\t\t\t\t<div class=\"elementor-widget-container\">\n\t\t\t\t\t<div class=\"wd-text-block reset-last-child text-left\">\n\t\t\t\n\t\t\t<section id=\"ROG-Chariot-Core-01\"><div class=\"mainsize\"><div class=\"maintitle\"><div class=\"stitle\"><h4 class=\"reveal reveal-fromLeft\" data-trigger=\".hd-scroller\">Ventiladores M\u00e1s Grande y Mejor Enfriamiento<\/h4><\/div><div class=\"info\"><div class=\"product-content\"><div class=\"maintitle text-left\"><div class=\"info\"><p>En esta generaci\u00f3n, nuestro dise\u00f1o de ventilador de tecnolog\u00eda axial ha madurado con un mayor n\u00famero de aspas en los tres ventiladores: 13 en el ventilador central y 11 en los ventiladores auxiliares. Las aspas adicionales del ventilador central y el anillo de altura completa proporcionan una presi\u00f3n est\u00e1tica aumentada para enviar aire directamente al difusor de calor de la GPU. Los anillos de barrera en los ventiladores laterales se han adelgazado para permitir una mayor entrada lateral y proporcionar un mejor flujo de aire a trav\u00e9s de la enorme matriz de enfriamiento.<\/p><\/div><\/div><\/div><\/div><\/div><\/div><\/section>\n\t\t\t\t\t<\/div>\n\t\t\t\t<\/div>\n\t\t\t\t<\/div>\n\t\t\t\t<div class=\"elementor-element elementor-element-252ec94 elementor-widget elementor-widget-wd_text_block\" data-id=\"252ec94\" data-element_type=\"widget\" data-widget_type=\"wd_text_block.default\">\n\t\t\t\t<div class=\"elementor-widget-container\">\n\t\t\t\t\t<div class=\"wd-text-block reset-last-child text-left\">\n\t\t\t\n\t\t\t<div id=\"__nuxt\"><div id=\"__layout\"><div id=\"locationReminder\" class=\"default__localReminderWrapper__1P9lJ\"><div class=\"default__localReminderContainer__25guC\"><h4>Silencio Fr\u00edo<\/h4><\/div><\/div><\/div><\/div><div class=\"hd-scroller hd-active\"><section id=\"new-directions\" class=\"sec-new-directions sec-reveal sec-bg flex-wrap align-items-center\"><div class=\"hd-container hd-w1200 align-center\"><div class=\"hd-content\"><p class=\"reveal\" data-delay=\".4\" data-trigger=\".hd-scroller\">Para reforzar las funciones especializadas de los ventiladores centrales y auxiliares, la direcci\u00f3n del ventilador central se invierte. Esto reduce la turbulencia del aire dentro de la matriz de enfriamiento para otro impulso al rendimiento t\u00e9rmico general. Los ventiladores tambi\u00e9n solo comenzar\u00e1n a girar cuando la temperatura de la GPU alcance los 60 grados Celsius. y se apaga cuando las temperaturas caen por debajo de los 55 grados Celsius, lo que ayuda a reducir el ruido cuando el sistema est\u00e1 inactivo o con poca carga.<\/p><\/div><\/div><\/section><\/div>\n\t\t\t\t\t<\/div>\n\t\t\t\t<\/div>\n\t\t\t\t<\/div>\n\t\t\t\t<div class=\"elementor-element elementor-element-7a297c2 elementor-widget elementor-widget-wd_image_or_svg\" data-id=\"7a297c2\" data-element_type=\"widget\" data-widget_type=\"wd_image_or_svg.default\">\n\t\t\t\t<div class=\"elementor-widget-container\">\n\t\t\t\n\t\t<div class=\"wd-image text-center\">\n\t\t\t\t\t\t\t\t<img decoding=\"async\" src=\"https:\/\/tzila.mx\/dev\/wp-content\/uploads\/elementor\/thumbs\/TUF-RX6700XT-O12G-GAMING-des-5-ppmxb6us017wru37loavfw2hse9so53076s0v5hmmc.png\" title=\"TUF-RX6700XT-O12G-GAMING-des-5\" alt=\"TUF-RX6700XT-O12G-GAMING-des-5\" \/>\t\t\t\t\t<\/div>\n\n\t\t\t\t<\/div>\n\t\t\t\t<\/div>\n\t\t\t\t\t<\/div>\n\t\t<\/div>\n\t\t\t\t<div class=\"elementor-column elementor-col-33 elementor-top-column elementor-element elementor-element-e7b3bda\" data-id=\"e7b3bda\" data-element_type=\"column\">\n\t\t\t<div class=\"elementor-widget-wrap elementor-element-populated\">\n\t\t\t\t\t\t\t\t<div class=\"elementor-element elementor-element-4f49f18 elementor-widget elementor-widget-wd_text_block\" data-id=\"4f49f18\" data-element_type=\"widget\" data-widget_type=\"wd_text_block.default\">\n\t\t\t\t<div class=\"elementor-widget-container\">\n\t\t\t\t\t<div class=\"wd-text-block reset-last-child text-left\">\n\t\t\t\n\t\t\t<div class=\"hd-w1200\"><div class=\"hd-content hd-col40\"><h4 class=\"reveal\" data-trigger=\".hd-scroller\">Disipador MaxContact<\/h4><p class=\"reveal\" data-delay=\".4\" data-trigger=\".hd-scroller\">Para sacar el calor y ponerlo en la matriz del disipador, hemos utilizado la tecnolog\u00eda MaxContact para pulir la superficie del dispador de calor y mejorar la suavidad a nivel microsc\u00f3pico. La planitud adicional permite un mejor contacto con el chip para mejorar la transferencia t\u00e9rmica.<\/p><h4>Dise\u00f1o de 2.9 Ranuras<\/h4><p>El disipador de calor atrae el calor a los heatpipes que lo llevan a trav\u00e9s de una pila de aletas que llena la mayor parte de la gran huella de 2.9 ranuras de la tarjeta.<\/p><\/div><\/div>\n\t\t\t\t\t<\/div>\n\t\t\t\t<\/div>\n\t\t\t\t<\/div>\n\t\t\t\t<div class=\"elementor-element elementor-element-d0a2373 elementor-widget elementor-widget-wd_text_block\" data-id=\"d0a2373\" data-element_type=\"widget\" data-widget_type=\"wd_text_block.default\">\n\t\t\t\t<div class=\"elementor-widget-container\">\n\t\t\t\t\t<div class=\"wd-text-block reset-last-child text-left\">\n\t\t\t\n\t\t\t<div class=\"hd-content\"><h4 class=\"reveal\">PCB Componentes TUF<\/h4><p class=\"reveal\" data-delay=\".4\">Se seleccionaron capacitores robustos de grado militar para el dise\u00f1o de potencia de la tarjeta. Ellos y otros componentes se sueldan a la PCB mediante nuestro proceso de fabricaci\u00f3n automatizado Auto-Extreme. Las juntas precisas y la eliminaci\u00f3n de errores humanos garantizan que cada tarjeta gr\u00e1fica cumpla con nuestras rigurosas especificaciones. Un rendimiento impecable cuando importa, las tarjetas se someten a una agotadora prueba de validaci\u00f3n de 144 horas.<\/p><\/div>\n\t\t\t\t\t<\/div>\n\t\t\t\t<\/div>\n\t\t\t\t<\/div>\n\t\t\t\t<div class=\"elementor-element elementor-element-696e1a7 elementor-widget elementor-widget-wd_image_or_svg\" data-id=\"696e1a7\" data-element_type=\"widget\" data-widget_type=\"wd_image_or_svg.default\">\n\t\t\t\t<div class=\"elementor-widget-container\">\n\t\t\t\n\t\t<div class=\"wd-image text-center\">\n\t\t\t\t\t\t\t\t<img decoding=\"async\" src=\"https:\/\/tzila.mx\/dev\/wp-content\/uploads\/elementor\/thumbs\/TUF-RX6700XT-O12G-GAMING-des-2-ppmxaflghu6lf56t0uioxky4k805gx2sffuxy4m1ms.jpg\" title=\"TUF-RX6700XT-O12G-GAMING-des-2\" alt=\"TUF-RX6700XT-O12G-GAMING-des-2\" \/>\t\t\t\t\t<\/div>\n\n\t\t\t\t<\/div>\n\t\t\t\t<\/div>\n\t\t\t\t<div class=\"elementor-element elementor-element-7d838dd elementor-widget elementor-widget-wd_text_block\" data-id=\"7d838dd\" data-element_type=\"widget\" data-widget_type=\"wd_text_block.default\">\n\t\t\t\t<div class=\"elementor-widget-container\">\n\t\t\t\t\t<div class=\"wd-text-block reset-last-child text-left\">\n\t\t\t\n\t\t\t<h4>Cubierta de Metal<\/h4><p class=\"reveal\" data-delay=\".4\">Una cubierta de aluminio crea una carcasa exterior robusta y un dise\u00f1o industrial serio y una combinaci\u00f3n de colores en escala de grises que se adapta f\u00e1cilmente a cualquier construcci\u00f3n.<\/p><h4>Armadura Trasera<\/h4><p class=\"reveal\" data-delay=\".4\">La parte inferior de la tarjeta revela m\u00e1s mejoras. La mayor parte de la parte trasera est\u00e1 envuelta en una placa trasera protectora de metal que presenta una ventilaci\u00f3n amplia de manera prominente. La ventilaci\u00f3n permite que el aire caliente escape hacia los extractores de aire del chasis en lugar de reciclarse al disipador de la GPU. El soporte proporciona estabilidad adicional a la conexi\u00f3n cr\u00edtica entre el troquel y el disipador de calor. Se utiliza acero inoxidable para el soporte de E\/S para proteger los puertos y proporcionar un montaje m\u00e1s seguro. Y un switch Dual Bios convenientemente ubicado permite la personalizaci\u00f3n del perfil de rendimiento predeterminado de la tarjeta sin software.<\/p>\n\t\t\t\t\t<\/div>\n\t\t\t\t<\/div>\n\t\t\t\t<\/div>\n\t\t\t\t\t<\/div>\n\t\t<\/div>\n\t\t\t\t<div class=\"elementor-column elementor-col-33 elementor-top-column elementor-element elementor-element-ba9b9c1\" data-id=\"ba9b9c1\" data-element_type=\"column\">\n\t\t\t<div class=\"elementor-widget-wrap elementor-element-populated\">\n\t\t\t\t\t\t\t\t<div class=\"elementor-element elementor-element-c6ebadf elementor-widget elementor-widget-wd_text_block\" data-id=\"c6ebadf\" data-element_type=\"widget\" data-widget_type=\"wd_text_block.default\">\n\t\t\t\t<div class=\"elementor-widget-container\">\n\t\t\t\t\t<div class=\"wd-text-block reset-last-child text-left\">\n\t\t\t\n\t\t\t<h4>Frente Funcional<\/h4><p class=\"reveal\" data-delay=\".4\">El elemento RGB frontal se puede personalizar para mostrar una variedad de efectos est\u00e9ticos y funcionales, y tambi\u00e9n sincronizar con otros componentes ASUS para permitir una iluminaci\u00f3n uniforme. Para cumplir con las demandas de energ\u00eda de la Radeon RX 6700 XT, dos conectores de alimentaci\u00f3n de 8 pines son presente, junto con los LED integrados que se iluminan si los conectores de alimentaci\u00f3n de la fuente de poder PCIe no est\u00e1n enchufados correctamente. Los pilares estructurales de un marco de metal reforzado incorporado tambi\u00e9n son visibles aqu\u00ed y agregan una capa literal de durabilidad.<\/p>\n\t\t\t\t\t<\/div>\n\t\t\t\t<\/div>\n\t\t\t\t<\/div>\n\t\t\t\t<div class=\"elementor-element elementor-element-ee00d4b elementor-widget elementor-widget-wd_text_block\" data-id=\"ee00d4b\" data-element_type=\"widget\" data-widget_type=\"wd_text_block.default\">\n\t\t\t\t<div class=\"elementor-widget-container\">\n\t\t\t\t\t<div class=\"wd-text-block reset-last-child text-left\">\n\t\t\t\n\t\t\t<h4>Radeon Software<\/h4><p class=\"reveal\" data-delay=\".4\">El \u00faltimo software Radeon\u2122 libera todo el potencial de tu GPU con controladores de d\u00eda 0 optimizados para nuevos lanzamientos de juegos y una experiencia de juego altamente personalizable.<\/p>\n\t\t\t\t\t<\/div>\n\t\t\t\t<\/div>\n\t\t\t\t<\/div>\n\t\t\t\t<div class=\"elementor-element elementor-element-e65ba51 elementor-widget elementor-widget-wd_image_or_svg\" data-id=\"e65ba51\" data-element_type=\"widget\" data-widget_type=\"wd_image_or_svg.default\">\n\t\t\t\t<div class=\"elementor-widget-container\">\n\t\t\t\n\t\t<div class=\"wd-image text-left\">\n\t\t\t\t\t\t\t\t<img loading=\"lazy\" decoding=\"async\" width=\"645\" height=\"343\" src=\"https:\/\/tzila.mx\/dev\/wp-content\/uploads\/2022\/05\/TUF-RX6700XT-O12G-GAMING-des-6.png\" class=\"attachment-full size-full\" alt=\"\" srcset=\"https:\/\/tzila.mx\/dev\/wp-content\/uploads\/2022\/05\/TUF-RX6700XT-O12G-GAMING-des-6.png 645w, https:\/\/tzila.mx\/dev\/wp-content\/uploads\/2022\/05\/TUF-RX6700XT-O12G-GAMING-des-6-400x213.png 400w, https:\/\/tzila.mx\/dev\/wp-content\/uploads\/2022\/05\/TUF-RX6700XT-O12G-GAMING-des-6-430x229.png 430w, https:\/\/tzila.mx\/dev\/wp-content\/uploads\/2022\/05\/TUF-RX6700XT-O12G-GAMING-des-6-150x80.png 150w\" sizes=\"auto, (max-width: 645px) 100vw, 645px\" \/>\t\t\t\t\t<\/div>\n\n\t\t\t\t<\/div>\n\t\t\t\t<\/div>\n\t\t\t\t<div class=\"elementor-element elementor-element-7002312 elementor-widget elementor-widget-wd_text_block\" data-id=\"7002312\" data-element_type=\"widget\" data-widget_type=\"wd_text_block.default\">\n\t\t\t\t<div class=\"elementor-widget-container\">\n\t\t\t\t\t<div class=\"wd-text-block reset-last-child text-left\">\n\t\t\t\n\t\t\t<h4>GPU Tweak II<\/h4><p class=\"reveal\" data-delay=\".4\">La utilidad ASUS GPU Tweak II lleva el ajuste de la tarjeta gr\u00e1fica al siguiente nivel. Te permite ajustar par\u00e1metros cr\u00edticos, incluidos los relojes del n\u00facleo de la GPU, la frecuencia de la memoria y la configuraci\u00f3n de voltaje, con la opci\u00f3n de monitorear todo en tiempo real a trav\u00e9s de una pantalla personalizable. El control avanzado del ventilador tambi\u00e9n se incluye junto con muchas m\u00e1s funciones para ayudarte a aprovechar al m\u00e1ximo tu tarjeta gr\u00e1fica.<\/p>\n\t\t\t\t\t<\/div>\n\t\t\t\t<\/div>\n\t\t\t\t<\/div>\n\t\t\t\t<div class=\"elementor-element elementor-element-6dabd15 elementor-widget elementor-widget-wd_text_block\" data-id=\"6dabd15\" data-element_type=\"widget\" data-widget_type=\"wd_text_block.default\">\n\t\t\t\t<div class=\"elementor-widget-container\">\n\t\t\t\t\t<div class=\"wd-text-block reset-last-child text-left\">\n\t\t\t\n\t\t\t<div class=\"hd-content hd-col50\"><div class=\"hd-content\"><h4 class=\"color-gradient\">Rendimiento Potente para 1440p<\/h4><p>Las tarjetas gr\u00e1ficas AMD Radeon\u2122 RX 6700 XT brindan unos serios 1440p y velocidades de cuadro ultra altas. Obt\u00e9n hasta 40 unidades de c\u00f3mputo de alto rendimiento, innovadora memoria AMD Infinity Cache y hasta 12 GB de memoria GDDR6 dedicada. Experimenta nuevos niveles de rendimiento de juegos con la tecnolog\u00eda de memoria AMD Smart Access cuando emparejas una tarjeta gr\u00e1fica AMD Radeon\u2122 RX 6700 XT con un procesador de escritorio AMD Ryzen\u2122 serie 5000.<\/p><\/div><\/div>\n\t\t\t\t\t<\/div>\n\t\t\t\t<\/div>\n\t\t\t\t<\/div>\n\t\t\t\t<div class=\"elementor-element elementor-element-078b475 elementor-widget elementor-widget-wd_button\" data-id=\"078b475\" data-element_type=\"widget\" data-widget_type=\"wd_button.default\">\n\t\t\t\t<div class=\"elementor-widget-container\">\n\t\t\t\t\t<div class=\"wd-button-wrapper text-center\" >\n\t\t\t<a class=\"btn btn-style-link btn-shape- btn-size-large btn-scheme-light btn-scheme-hover-dark btn-icon-pos-right\"  href=\"https:\/\/www.asus.com\/latin\/Motherboards-Components\/Graphics-Cards\/TUF-Gaming\/TUF-RX6700XT-O12G-GAMING\/\" target=\"_blank\">\n\t\t\t\t<span class=\"wd-btn-text\" data-elementor-setting-key=\"text\">\n\t\t\t\t\tSaber m\u00e1s\t\t\t\t<\/span>\n\n\t\t\t\t\t\t\t<\/a>\n\t\t<\/div>\n\t\t\t\t<\/div>\n\t\t\t\t<\/div>\n\t\t\t\t\t<\/div>\n\t\t<\/div>\n\t\t\t\t\t\t\t<\/div>\n\t\t<\/section>\n\t\t\t\t\t\t<\/div>\n\t\t\t\t\t<\/div>\n\t\t","protected":false},"excerpt":{"rendered":"<h4>Caracter\u00edsticas principales:<\/h4>\n<p class=\"p1\"><span class=\"s1\">\u25cf AMD Radeon RX 6700 XT<\/span><br \/>\n<span class=\"s1\">\u25cf PCI Express 4.0<\/span><br \/>\n<span class=\"s2\"><span class=\"s1\">\u25cf 12GB GDDR6 <\/span><\/span>Video Memory<br \/>\n<span class=\"s1\">\u25cf Modo juego: Hasta 2622 MHz (Boost Clock)\/hasta 2514 MHz (Game Clock)<\/span><br \/>\n<span class=\"s1\">\u25cf ARGB <\/span>AURA SYNC<br \/>\n<span class=\"s1\">\u25cf Tres<\/span>\u00a0Native DisplayPort 1.4a<\/p>\n","protected":false},"featured_media":13332,"comment_status":"open","ping_status":"closed","template":"","meta":[],"product_cat":[20,53,100],"product_tag":[218],"class_list":["post-13329","product","type-product","status-publish","has-post-thumbnail","hentry","product_cat-hardware","product_cat-tarjeta-grafica","product_cat-asus","product_tag-tuf-gaming","pa_brand-asus"],"_links":{"self":[{"href":"https:\/\/tzila.mx\/dev\/wp-json\/wp\/v2\/product\/13329","targetHints":{"allow":["GET"]}}],"collection":[{"href":"https:\/\/tzila.mx\/dev\/wp-json\/wp\/v2\/product"}],"about":[{"href":"https:\/\/tzila.mx\/dev\/wp-json\/wp\/v2\/types\/product"}],"replies":[{"embeddable":true,"href":"https:\/\/tzila.mx\/dev\/wp-json\/wp\/v2\/comments?post=13329"}],"version-history":[{"count":8,"href":"https:\/\/tzila.mx\/dev\/wp-json\/wp\/v2\/product\/13329\/revisions"}],"predecessor-version":[{"id":13350,"href":"https:\/\/tzila.mx\/dev\/wp-json\/wp\/v2\/product\/13329\/revisions\/13350"}],"wp:featuredmedia":[{"embeddable":true,"href":"https:\/\/tzila.mx\/dev\/wp-json\/wp\/v2\/media\/13332"}],"wp:attachment":[{"href":"https:\/\/tzila.mx\/dev\/wp-json\/wp\/v2\/media?parent=13329"}],"wp:term":[{"taxonomy":"product_cat","embeddable":true,"href":"https:\/\/tzila.mx\/dev\/wp-json\/wp\/v2\/product_cat?post=13329"},{"taxonomy":"product_tag","embeddable":true,"href":"https:\/\/tzila.mx\/dev\/wp-json\/wp\/v2\/product_tag?post=13329"}],"curies":[{"name":"wp","href":"https:\/\/api.w.org\/{rel}","templated":true}]}}