{"id":13307,"date":"2022-05-30T21:50:17","date_gmt":"2022-05-31T02:50:17","guid":{"rendered":"https:\/\/tzila.mx\/dev\/?post_type=product&#038;p=13307"},"modified":"2022-06-29T11:37:06","modified_gmt":"2022-06-29T16:37:06","slug":"silla-gamer-asus-rog-gaming-chariot-core","status":"publish","type":"product","link":"https:\/\/tzila.mx\/dev\/producto\/silla-gamer-asus-rog-gaming-chariot-core\/","title":{"rendered":"Silla Gamer ASUS ROG Gaming Chariot Core"},"content":{"rendered":"\t\t<div data-elementor-type=\"wp-post\" data-elementor-id=\"13307\" class=\"elementor elementor-13307\" data-elementor-settings=\"[]\">\n\t\t\t\t\t\t\t<div class=\"elementor-section-wrap\">\n\t\t\t\t\t\t\t<section class=\"elementor-section elementor-top-section elementor-element elementor-element-a77d38a elementor-section-boxed elementor-section-height-default elementor-section-height-default wd-section-disabled\" data-id=\"a77d38a\" data-element_type=\"section\">\n\t\t\t\t\t\t<div class=\"elementor-container elementor-column-gap-default\">\n\t\t\t\t\t<div class=\"elementor-column elementor-col-33 elementor-top-column elementor-element elementor-element-606b0e0\" data-id=\"606b0e0\" data-element_type=\"column\">\n\t\t\t<div class=\"elementor-widget-wrap elementor-element-populated\">\n\t\t\t\t\t\t\t\t<div class=\"elementor-element elementor-element-2efa55d elementor-widget elementor-widget-wd_text_block\" data-id=\"2efa55d\" data-element_type=\"widget\" data-widget_type=\"wd_text_block.default\">\n\t\t\t\t<div class=\"elementor-widget-container\">\n\t\t\t\t\t<div class=\"wd-text-block reset-last-child text-left\">\n\t\t\t\n\t\t\t<h5><strong>M\u00c1S ESPECIFICACIONES<\/strong><strong>:<\/strong><\/h5>\n\t\t\t\t\t<\/div>\n\t\t\t\t<\/div>\n\t\t\t\t<\/div>\n\t\t\t\t<div class=\"elementor-element elementor-element-00b20a9 elementor-widget elementor-widget-wd_text_block\" data-id=\"00b20a9\" data-element_type=\"widget\" data-widget_type=\"wd_text_block.default\">\n\t\t\t\t<div class=\"elementor-widget-container\">\n\t\t\t\t\t<div class=\"wd-text-block reset-last-child text-left\">\n\t\t\t\n\t\t\t<p>\u25cf Dise\u00f1o ergon\u00f3mico con reposacabezas de espuma de alta densidad y coj\u00edn lumbar de espuma viscoel\u00e1stica para m\u00e1xima comodidad .<br \/>\u25cf Apoyabrazos ajustable en 4D y respaldo reclinable hasta 145\u00b0, adem\u00e1s de mecanismo de inclinaci\u00f3n articulado para aumentar la inmersi\u00f3n en el juego .<br \/>\u25cf C\u00f3modo gancho trasero infundido con el estilo y el esp\u00edritu de los juegos de ROG.<br \/>\u25cf Confeccionado con cuero sint\u00e9tico t\u00e1ctil y espuma de curado en fr\u00edo de alta densidad para una excelente durabilidad .<br \/>\u25cf Seguridad superior proporcionada por un marco de acero, un elevador de gas de clase 4, ruedas de PU duraderas y una base de cinco estrellas de aleaci\u00f3n de aluminio.<br \/><br \/><\/p>\n\t\t\t\t\t<\/div>\n\t\t\t\t<\/div>\n\t\t\t\t<\/div>\n\t\t\t\t\t<\/div>\n\t\t<\/div>\n\t\t\t\t<div class=\"elementor-column elementor-col-66 elementor-top-column elementor-element elementor-element-b692253\" data-id=\"b692253\" data-element_type=\"column\">\n\t\t\t<div class=\"elementor-widget-wrap elementor-element-populated\">\n\t\t\t\t\t\t\t\t<div class=\"elementor-element elementor-element-0fefcf7 elementor-widget elementor-widget-wd_image_or_svg\" data-id=\"0fefcf7\" data-element_type=\"widget\" data-widget_type=\"wd_image_or_svg.default\">\n\t\t\t\t<div class=\"elementor-widget-container\">\n\t\t\t\n\t\t<div class=\"wd-image text-center\">\n\t\t\t\t\t\t\t\t<img decoding=\"async\" src=\"https:\/\/tzila.mx\/dev\/wp-content\/uploads\/elementor\/thumbs\/SL300C-ROG-CHARIOTBKW-des-1-pplu4q5cdarfu8o9sp1q0i0autoir1ajyof1neyxzc.png\" title=\"SL300C ROG CHARIOT:BK:W-des-1\" alt=\"SL300C ROG CHARIOT:BK:W-des-1\" \/>\t\t\t\t\t<\/div>\n\n\t\t\t\t<\/div>\n\t\t\t\t<\/div>\n\t\t\t\t\t<\/div>\n\t\t<\/div>\n\t\t\t\t\t\t\t<\/div>\n\t\t<\/section>\n\t\t\t\t<section class=\"elementor-section elementor-top-section elementor-element elementor-element-ec9e38a elementor-section-boxed elementor-section-height-default elementor-section-height-default wd-section-disabled\" data-id=\"ec9e38a\" data-element_type=\"section\">\n\t\t\t\t\t\t<div class=\"elementor-container elementor-column-gap-default\">\n\t\t\t\t\t<div class=\"elementor-column elementor-col-33 elementor-top-column elementor-element elementor-element-c833c6a\" data-id=\"c833c6a\" data-element_type=\"column\">\n\t\t\t<div class=\"elementor-widget-wrap elementor-element-populated\">\n\t\t\t\t\t\t\t\t<div class=\"elementor-element elementor-element-6ae12e9 elementor-widget elementor-widget-wd_text_block\" data-id=\"6ae12e9\" data-element_type=\"widget\" data-widget_type=\"wd_text_block.default\">\n\t\t\t\t<div class=\"elementor-widget-container\">\n\t\t\t\t\t<div class=\"wd-text-block reset-last-child text-left\">\n\t\t\t\n\t\t\t<h4>Hecha para Pros.<\/h4><p>La silla para juegos ROG Chariot Core evoca el estilo y la sensaci\u00f3n de tomar el asiento del conductor de un autom\u00f3vil de carreras de alta gama. Con reposacabezas de espuma de alta densidad, soporte lumbar de memory-foam, piel sint\u00e9tica transpirable, reposabrazos ajustables en 4D, mecanismo de inclinaci\u00f3n con bloqueo y componentes de gran durabilidad, Chariot Core te brinda un estilo seguro y c\u00f3modo, y te permite proyectar tu propia personalidad en cualquier campo de juego.<\/p>\n\t\t\t\t\t<\/div>\n\t\t\t\t<\/div>\n\t\t\t\t<\/div>\n\t\t\t\t<div class=\"elementor-element elementor-element-8604524 elementor-widget elementor-widget-wd_image_or_svg\" data-id=\"8604524\" data-element_type=\"widget\" data-widget_type=\"wd_image_or_svg.default\">\n\t\t\t\t<div class=\"elementor-widget-container\">\n\t\t\t\n\t\t<div class=\"wd-image text-center\">\n\t\t\t\t\t\t\t\t<img loading=\"lazy\" decoding=\"async\" width=\"547\" height=\"389\" src=\"https:\/\/tzila.mx\/dev\/wp-content\/uploads\/2022\/05\/SL300C-ROG-CHARIOTBKW-des-2.png\" class=\"attachment-full size-full\" alt=\"\" srcset=\"https:\/\/tzila.mx\/dev\/wp-content\/uploads\/2022\/05\/SL300C-ROG-CHARIOTBKW-des-2.png 547w, https:\/\/tzila.mx\/dev\/wp-content\/uploads\/2022\/05\/SL300C-ROG-CHARIOTBKW-des-2-400x284.png 400w, https:\/\/tzila.mx\/dev\/wp-content\/uploads\/2022\/05\/SL300C-ROG-CHARIOTBKW-des-2-430x306.png 430w, https:\/\/tzila.mx\/dev\/wp-content\/uploads\/2022\/05\/SL300C-ROG-CHARIOTBKW-des-2-150x107.png 150w\" sizes=\"auto, (max-width: 547px) 100vw, 547px\" \/>\t\t\t\t\t<\/div>\n\n\t\t\t\t<\/div>\n\t\t\t\t<\/div>\n\t\t\t\t<div class=\"elementor-element elementor-element-e9bf201 elementor-widget elementor-widget-wd_text_block\" data-id=\"e9bf201\" data-element_type=\"widget\" data-widget_type=\"wd_text_block.default\">\n\t\t\t\t<div class=\"elementor-widget-container\">\n\t\t\t\t\t<div class=\"wd-text-block reset-last-child text-left\">\n\t\t\t\n\t\t\t<section id=\"ROG-Chariot-Core-01\"><div class=\"mainsize\"><div class=\"maintitle\"><div class=\"stitle\"><h4>Hecha para el Comfort<\/h4><\/div><div class=\"info\"><p>ROG Chariot Core ofrece comodidad ergon\u00f3mica de arriba a abajo. Con el reposacabezas ajustable de espuma de alta densidad y el soporte lumbar de memory-foam extra\u00edble, te garantiza un ajuste y una sensaci\u00f3n perfectos.<\/p><div class=\"product-content\"><div class=\"maintitle text-left\"><div class=\"stitle\"><h4>Hecha Fuerte<br \/>Dise\u00f1o Seguro.<\/h4><\/div><div class=\"info\"><p>Para mantenerte a salvo, ROG Chariot emplea solo componentes de alta calidad. La base de cinco estrellas est\u00e1 fabricada con una aleaci\u00f3n de aluminio resistente para un soporte estable, mientras que el elevador de gas Clase 4 es un componente de alta calificaci\u00f3n, por lo que es lo suficientemente resistente para lidiar con la vida cotidiana.<\/p><\/div><\/div><\/div><\/div><\/div><\/div><\/section>\n\t\t\t\t\t<\/div>\n\t\t\t\t<\/div>\n\t\t\t\t<\/div>\n\t\t\t\t\t<\/div>\n\t\t<\/div>\n\t\t\t\t<div class=\"elementor-column elementor-col-33 elementor-top-column elementor-element elementor-element-e7b3bda\" data-id=\"e7b3bda\" data-element_type=\"column\">\n\t\t\t<div class=\"elementor-widget-wrap elementor-element-populated\">\n\t\t\t\t\t\t\t\t<div class=\"elementor-element elementor-element-252ec94 elementor-widget elementor-widget-wd_text_block\" data-id=\"252ec94\" data-element_type=\"widget\" data-widget_type=\"wd_text_block.default\">\n\t\t\t\t<div class=\"elementor-widget-container\">\n\t\t\t\t\t<div class=\"wd-text-block reset-last-child text-left\">\n\t\t\t\n\t\t\t<div class=\"product-content\"><div class=\"maintitle text-left\"><div class=\"stitle\"><h4>Reposacabezas Ajustable<\/h4><\/div><div class=\"info\"><p>El reposacabezas ajustable de espuma de alta densidad se desliza f\u00e1cilmente hacia arriba y hacia abajo para un posicionamiento perfecto, una novedad para una silla de gamer.<\/p><div class=\"product-content\"><div class=\"maintitle text-left\"><div class=\"stitle\"><h4>Cu\u00e9lgate Jugando<\/h4><\/div><div class=\"info\"><p>La parte trasera de ROG Chariot luce c\u00f3modas correas de tela, adornadas con el patr\u00f3n de texto cibern\u00e9tico caracter\u00edstico de ROG, con lazos tejidos para suspender tu kit de juego favorito. Tambi\u00e9n hay un lazo de cierre r\u00e1pido de gancho y cierre, que proporciona el lugar perfecto para guardar una mochila, aud\u00edfonos u otro equipo de juego liviano.<\/p><p class=\"note\">*La carga m\u00e1xima soportada es de 2 kg.<\/p><\/div><\/div><\/div><\/div><\/div><\/div>\n\t\t\t\t\t<\/div>\n\t\t\t\t<\/div>\n\t\t\t\t<\/div>\n\t\t\t\t<div class=\"elementor-element elementor-element-696e1a7 elementor-widget elementor-widget-wd_image_or_svg\" data-id=\"696e1a7\" data-element_type=\"widget\" data-widget_type=\"wd_image_or_svg.default\">\n\t\t\t\t<div class=\"elementor-widget-container\">\n\t\t\t\n\t\t<div class=\"wd-image text-center\">\n\t\t\t\t\t\t\t\t<img decoding=\"async\" src=\"https:\/\/tzila.mx\/dev\/wp-content\/uploads\/elementor\/thumbs\/SL300C-ROG-CHARIOTBKW-2-pplu4ev6fpyzd7bljuwx3w8ot3tbuce7khkmgd9hhg.jpg\" title=\"SL300C ROG CHARIOT:BK:W-2\" alt=\"SL300C ROG CHARIOT:BK:W-2\" \/>\t\t\t\t\t<\/div>\n\n\t\t\t\t<\/div>\n\t\t\t\t<\/div>\n\t\t\t\t<div class=\"elementor-element elementor-element-4f49f18 elementor-widget elementor-widget-wd_text_block\" data-id=\"4f49f18\" data-element_type=\"widget\" data-widget_type=\"wd_text_block.default\">\n\t\t\t\t<div class=\"elementor-widget-container\">\n\t\t\t\t\t<div class=\"wd-text-block reset-last-child text-left\">\n\t\t\t\n\t\t\t<div class=\"stitle\"><h4>Soporte Lumbar de Memory-Foam<\/h4><\/div><div class=\"info\"><p>La ubicaci\u00f3n del soporte lumbar de memory-foam generosamente acolchado se puede ajustar r\u00e1pidamente, e incluso se puede quitar si prefieres recargarte directamente en tu Chariot Core<\/p><div class=\"maintitle sec_maintitle text-left\"><div class=\"stitle\"><h4>Inclinaci\u00f3n, Balance o Bloqueo<\/h4><\/div><div class=\"info\"><p>Desengancha el candado y Chariot Core se inclinar\u00e1 y se balancear\u00e1 a tono con tu cuerpo, manteni\u00e9ndolo c\u00f3modamente acunado a medida que aumenta tu inmersi\u00f3n.<\/p><\/div><\/div><\/div>\n\t\t\t\t\t<\/div>\n\t\t\t\t<\/div>\n\t\t\t\t<\/div>\n\t\t\t\t\t<\/div>\n\t\t<\/div>\n\t\t\t\t<div class=\"elementor-column elementor-col-33 elementor-top-column elementor-element elementor-element-ba9b9c1\" data-id=\"ba9b9c1\" data-element_type=\"column\">\n\t\t\t<div class=\"elementor-widget-wrap elementor-element-populated\">\n\t\t\t\t\t\t\t\t<div class=\"elementor-element elementor-element-d0a2373 elementor-widget elementor-widget-wd_text_block\" data-id=\"d0a2373\" data-element_type=\"widget\" data-widget_type=\"wd_text_block.default\">\n\t\t\t\t<div class=\"elementor-widget-container\">\n\t\t\t\t\t<div class=\"wd-text-block reset-last-child text-left\">\n\t\t\t\n\t\t\t<div class=\"product-content\"><div class=\"maintitle text-left\"><div class=\"stitle\"><h4>Reposabrazos 4D Ajustables<\/h4><\/div><div class=\"info\"><p>Con un control sin esfuerzo, puedes ajustar infinitamente la altura, la profundidad, la posici\u00f3n horizontal y el \u00e1ngulo de cualquiera de los reposabrazos, por lo que es f\u00e1cil configurar el soporte perfecto para ti.<\/p><div class=\"maintitle text-left\"><div class=\"stitle\"><h4>Lev\u00e1ntate, Baja o Recl\u00ednate<\/h4><\/div><div class=\"info\"><p>Solo se necesitas un momento para cambiar tu posici\u00f3n sentada de vertical a reclinada hasta 145 \u00b0 y viceversa, para que puedas pasar de estar relajado a alerta en un abrir y cerrar de ojos. Tambi\u00e9n puedes levantar o bajar la altura, \u00a1as\u00ed que encuentra la posici\u00f3n perfecta y bloqu\u00e9ela!<\/p><\/div><\/div><\/div><\/div><\/div>\n\t\t\t\t\t<\/div>\n\t\t\t\t<\/div>\n\t\t\t\t<\/div>\n\t\t\t\t<div class=\"elementor-element elementor-element-7a297c2 elementor-widget elementor-widget-wd_image_or_svg\" data-id=\"7a297c2\" data-element_type=\"widget\" data-widget_type=\"wd_image_or_svg.default\">\n\t\t\t\t<div class=\"elementor-widget-container\">\n\t\t\t\n\t\t<div class=\"wd-image text-center\">\n\t\t\t\t\t\t\t\t<img decoding=\"async\" src=\"https:\/\/tzila.mx\/dev\/wp-content\/uploads\/elementor\/thumbs\/SL300C-ROG-CHARIOTBKW-des-3-pplu564hxx0apw804op3m7d21a2z1kefc8hpde52h0.png\" title=\"SL300C ROG CHARIOT:BK:W-des-3\" alt=\"SL300C ROG CHARIOT:BK:W-des-3\" \/>\t\t\t\t\t<\/div>\n\n\t\t\t\t<\/div>\n\t\t\t\t<\/div>\n\t\t\t\t<div class=\"elementor-element elementor-element-7d838dd elementor-widget elementor-widget-wd_text_block\" data-id=\"7d838dd\" data-element_type=\"widget\" data-widget_type=\"wd_text_block.default\">\n\t\t\t\t<div class=\"elementor-widget-container\">\n\t\t\t\t\t<div class=\"wd-text-block reset-last-child text-left\">\n\t\t\t\n\t\t\t<div class=\"product-content\"><div class=\"maintitle text-left\"><div class=\"stitle\"><h4>Dise\u00f1ada para el Comfort.<br \/>Hecha para Durar.<\/h4><\/div><div class=\"info\"><p>La espuma de curado en fr\u00edo de alta densidad de ROG Chariot Core est\u00e1 revestida de cuero sint\u00e9tico duradero, lo que brinda una comodidad intensa que es a la vez transpirable y f\u00e1cil de limpiar. Est\u00e1 respaldado por un marco completamente de acero que est\u00e1 dise\u00f1ado para recorrer la distancia y est\u00e1 montado sobre ruedas recubiertas de PU para un cambio suave con un riesgo m\u00ednimo de da\u00f1o en el piso.<\/p><\/div><\/div><\/div>\n\t\t\t\t\t<\/div>\n\t\t\t\t<\/div>\n\t\t\t\t<\/div>\n\t\t\t\t<div class=\"elementor-element elementor-element-078b475 elementor-widget elementor-widget-wd_button\" data-id=\"078b475\" data-element_type=\"widget\" data-widget_type=\"wd_button.default\">\n\t\t\t\t<div class=\"elementor-widget-container\">\n\t\t\t\t\t<div class=\"wd-button-wrapper text-center\" >\n\t\t\t<a class=\"btn btn-style-link btn-shape- btn-size-large btn-scheme-light btn-scheme-hover-dark btn-icon-pos-right\"  href=\"https:\/\/rog.asus.com\/mx\/apparel-bags-gear\/gear\/rog-chariot-core-gaming-chair-model\/\" target=\"_blank\">\n\t\t\t\t<span class=\"wd-btn-text\" data-elementor-setting-key=\"text\">\n\t\t\t\t\tSaber m\u00e1s\t\t\t\t<\/span>\n\n\t\t\t\t\t\t\t<\/a>\n\t\t<\/div>\n\t\t\t\t<\/div>\n\t\t\t\t<\/div>\n\t\t\t\t\t<\/div>\n\t\t<\/div>\n\t\t\t\t\t\t\t<\/div>\n\t\t<\/section>\n\t\t\t\t\t\t<\/div>\n\t\t\t\t\t<\/div>\n\t\t","protected":false},"excerpt":{"rendered":"<h4>Caracter\u00edsticas principales:<\/h4>\n<p class=\"p1\"><span class=\"s1\">\u25cf Dise\u00f1o ergon\u00f3mico<\/span><br \/>\n<span class=\"s1\">\u25cf R<\/span>eposacabezas ajustable de espuma de alta densidad<br \/>\n<span class=\"s2\"><span class=\"s1\">\u25cf S<\/span><\/span>oporte lumbar de espuma viscoel\u00e1stica<br \/>\n<span class=\"s1\">\u25cf R<\/span>eposabrazos 4D<br \/>\n<span class=\"s1\">\u25cf M<\/span>ecanismo de inclinaci\u00f3n<br \/>\n<span class=\"s1\">\u25cf E<\/span>levador de gas clase 4 duradero<\/p>\n","protected":false},"featured_media":13308,"comment_status":"open","ping_status":"closed","template":"","meta":[],"product_cat":[28,83,100],"product_tag":[114],"class_list":["post-13307","product","type-product","status-publish","has-post-thumbnail","hentry","product_cat-setup","product_cat-silla-gamer","product_cat-asus","product_tag-rog-gaming","pa_brand-asus"],"_links":{"self":[{"href":"https:\/\/tzila.mx\/dev\/wp-json\/wp\/v2\/product\/13307","targetHints":{"allow":["GET"]}}],"collection":[{"href":"https:\/\/tzila.mx\/dev\/wp-json\/wp\/v2\/product"}],"about":[{"href":"https:\/\/tzila.mx\/dev\/wp-json\/wp\/v2\/types\/product"}],"replies":[{"embeddable":true,"href":"https:\/\/tzila.mx\/dev\/wp-json\/wp\/v2\/comments?post=13307"}],"version-history":[{"count":14,"href":"https:\/\/tzila.mx\/dev\/wp-json\/wp\/v2\/product\/13307\/revisions"}],"predecessor-version":[{"id":15318,"href":"https:\/\/tzila.mx\/dev\/wp-json\/wp\/v2\/product\/13307\/revisions\/15318"}],"wp:featuredmedia":[{"embeddable":true,"href":"https:\/\/tzila.mx\/dev\/wp-json\/wp\/v2\/media\/13308"}],"wp:attachment":[{"href":"https:\/\/tzila.mx\/dev\/wp-json\/wp\/v2\/media?parent=13307"}],"wp:term":[{"taxonomy":"product_cat","embeddable":true,"href":"https:\/\/tzila.mx\/dev\/wp-json\/wp\/v2\/product_cat?post=13307"},{"taxonomy":"product_tag","embeddable":true,"href":"https:\/\/tzila.mx\/dev\/wp-json\/wp\/v2\/product_tag?post=13307"}],"curies":[{"name":"wp","href":"https:\/\/api.w.org\/{rel}","templated":true}]}}