{"id":13292,"date":"2022-05-30T20:34:39","date_gmt":"2022-05-31T01:34:39","guid":{"rendered":"https:\/\/tzila.mx\/dev\/?post_type=product&#038;p=13292"},"modified":"2022-06-29T11:37:09","modified_gmt":"2022-06-29T16:37:09","slug":"gabinete-asus-rog-gaming-strix-go-core","status":"publish","type":"product","link":"https:\/\/tzila.mx\/dev\/producto\/gabinete-asus-rog-gaming-strix-go-core\/","title":{"rendered":"Audifonos ASUS Rog Gaming Strix Go Core"},"content":{"rendered":"\t\t<div data-elementor-type=\"wp-post\" data-elementor-id=\"13292\" class=\"elementor elementor-13292\" data-elementor-settings=\"[]\">\n\t\t\t\t\t\t\t<div class=\"elementor-section-wrap\">\n\t\t\t\t\t\t\t<section class=\"elementor-section elementor-top-section elementor-element elementor-element-a77d38a elementor-section-boxed elementor-section-height-default elementor-section-height-default wd-section-disabled\" data-id=\"a77d38a\" data-element_type=\"section\">\n\t\t\t\t\t\t<div class=\"elementor-container elementor-column-gap-default\">\n\t\t\t\t\t<div class=\"elementor-column elementor-col-33 elementor-top-column elementor-element elementor-element-606b0e0\" data-id=\"606b0e0\" data-element_type=\"column\">\n\t\t\t<div class=\"elementor-widget-wrap elementor-element-populated\">\n\t\t\t\t\t\t\t\t<div class=\"elementor-element elementor-element-2efa55d elementor-widget elementor-widget-wd_text_block\" data-id=\"2efa55d\" data-element_type=\"widget\" data-widget_type=\"wd_text_block.default\">\n\t\t\t\t<div class=\"elementor-widget-container\">\n\t\t\t\t\t<div class=\"wd-text-block reset-last-child text-left\">\n\t\t\t\n\t\t\t<h5><strong>M\u00c1S ESPECIFICACIONES<\/strong><strong>:<\/strong><\/h5>\n\t\t\t\t\t<\/div>\n\t\t\t\t<\/div>\n\t\t\t\t<\/div>\n\t\t\t\t<div class=\"elementor-element elementor-element-00b20a9 elementor-widget elementor-widget-wd_text_block\" data-id=\"00b20a9\" data-element_type=\"widget\" data-widget_type=\"wd_text_block.default\">\n\t\t\t\t<div class=\"elementor-widget-container\">\n\t\t\t\t\t<div class=\"wd-text-block reset-last-child text-left\">\n\t\t\t\n\t\t\t<p>\u25cf Las c\u00e1maras herm\u00e9ticas exclusivas y los controladores ASUS Essence de 40 mm ofrecen un sonido incre\u00edblemente rico y puro con graves profundos optimizados para una experiencia de audio envolvente.<br \/>\u25cf Construcci\u00f3n ligera, con solo 252 g, y dise\u00f1o plegable para una comodidad inmejorable, especialmente para largas sesiones de juego y para disfrutar en cualquier lugar<br \/>\u25cf Soporte multiplataforma para PC, Mac, PS4, Xbox One, Nintendo Switch y dispositivos m\u00f3viles <br \/>\u25cf Controles f\u00edsicos en el aud\u00edfono para facilitar los ajustes de volumen y silenciar el micr\u00f3fono .<br \/>\u25cf Certificado por Discord y TeamSpeak, el micr\u00f3fono optimizado ofrece una comunicaci\u00f3n clara.<br \/><br \/><\/p>\n\t\t\t\t\t<\/div>\n\t\t\t\t<\/div>\n\t\t\t\t<\/div>\n\t\t\t\t\t<\/div>\n\t\t<\/div>\n\t\t\t\t<div class=\"elementor-column elementor-col-66 elementor-top-column elementor-element elementor-element-b692253\" data-id=\"b692253\" data-element_type=\"column\">\n\t\t\t<div class=\"elementor-widget-wrap elementor-element-populated\">\n\t\t\t\t\t\t\t\t<div class=\"elementor-element elementor-element-0fefcf7 elementor-widget elementor-widget-wd_image_or_svg\" data-id=\"0fefcf7\" data-element_type=\"widget\" data-widget_type=\"wd_image_or_svg.default\">\n\t\t\t\t<div class=\"elementor-widget-container\">\n\t\t\t\n\t\t<div class=\"wd-image text-center\">\n\t\t\t\t\t\t\t\t<img decoding=\"async\" src=\"https:\/\/tzila.mx\/dev\/wp-content\/uploads\/elementor\/thumbs\/ROG-STRIX-GO-CORE-des-1-pplqv2okxtp4f0wdmswknmw9xochny8ghm28645f9w.png\" title=\"ROG STRIX GO CORE-des-1\" alt=\"ROG STRIX GO CORE-des-1\" \/>\t\t\t\t\t<\/div>\n\n\t\t\t\t<\/div>\n\t\t\t\t<\/div>\n\t\t\t\t\t<\/div>\n\t\t<\/div>\n\t\t\t\t\t\t\t<\/div>\n\t\t<\/section>\n\t\t\t\t<section class=\"elementor-section elementor-top-section elementor-element elementor-element-ec9e38a elementor-section-boxed elementor-section-height-default elementor-section-height-default wd-section-disabled\" data-id=\"ec9e38a\" data-element_type=\"section\">\n\t\t\t\t\t\t<div class=\"elementor-container elementor-column-gap-default\">\n\t\t\t\t\t<div class=\"elementor-column elementor-col-33 elementor-top-column elementor-element elementor-element-c833c6a\" data-id=\"c833c6a\" data-element_type=\"column\">\n\t\t\t<div class=\"elementor-widget-wrap elementor-element-populated\">\n\t\t\t\t\t\t\t\t<div class=\"elementor-element elementor-element-6ae12e9 elementor-widget elementor-widget-wd_text_block\" data-id=\"6ae12e9\" data-element_type=\"widget\" data-widget_type=\"wd_text_block.default\">\n\t\t\t\t<div class=\"elementor-widget-container\">\n\t\t\t\t\t<div class=\"wd-text-block reset-last-child text-left\">\n\t\t\t\n\t\t\t<div class=\"stitle\"><h4>Comodidad Ligera<\/h4><\/div><div class=\"info\"><p>ROG Strix Go Core son unos aud\u00edfonos para juegos de 3.5 mm que admite todas tus plataformas de juego favoritas: PC, Mac, tel\u00e9fonos m\u00f3viles, PlayStation 4, Xbox One y Nintendo Switch. Equipado con controladores ASUS Essence exclusivos con c\u00e1maras herm\u00e9ticas, ROG Strix Go Core ofrece un sonido incre\u00edblemente rico y puro con graves profundos optimizados para experiencias de audio envolventes. Con un dise\u00f1o ergon\u00f3mico y liviano para una comodidad excelente y un mecanismo de plegado giratorio para una portabilidad r\u00e1pida y f\u00e1cil, Strix Go Core ofrece el equilibrio perfecto de funciones para que puedas jugar sin fatiga, est\u00e9s donde est\u00e9s.<\/p><\/div>\n\t\t\t\t\t<\/div>\n\t\t\t\t<\/div>\n\t\t\t\t<\/div>\n\t\t\t\t<div class=\"elementor-element elementor-element-696e1a7 elementor-widget elementor-widget-wd_image_or_svg\" data-id=\"696e1a7\" data-element_type=\"widget\" data-widget_type=\"wd_image_or_svg.default\">\n\t\t\t\t<div class=\"elementor-widget-container\">\n\t\t\t\n\t\t<div class=\"wd-image text-center\">\n\t\t\t\t\t\t\t\t<img decoding=\"async\" src=\"https:\/\/tzila.mx\/dev\/wp-content\/uploads\/elementor\/thumbs\/ROG-STRIX-GO-CORE-des-4-pplqw73jg4vpwu4r64ghbq00r2ml5k0xx9ufdrkssk.png\" title=\"ROG STRIX GO CORE-des-4\" alt=\"ROG STRIX GO CORE-des-4\" \/>\t\t\t\t\t<\/div>\n\n\t\t\t\t<\/div>\n\t\t\t\t<\/div>\n\t\t\t\t<div class=\"elementor-element elementor-element-252ec94 elementor-widget elementor-widget-wd_text_block\" data-id=\"252ec94\" data-element_type=\"widget\" data-widget_type=\"wd_text_block.default\">\n\t\t\t\t<div class=\"elementor-widget-container\">\n\t\t\t\t\t<div class=\"wd-text-block reset-last-child text-left\">\n\t\t\t\n\t\t\t<div class=\"product-content\"><div class=\"maintitle text-left\"><div class=\"stitle\"><h4>Comodidad Ligera para Llevar<\/h4><\/div><div class=\"info\"><p>Con solo 252 gramos, el dise\u00f1o liviano de ROG Strix Go Core te brinda una comodidad inmejorable, especialmente para largas sesiones de juego. El dise\u00f1o de plegado giratorio es perfecto para disfrutar sobre la marcha.<\/p><\/div><\/div><\/div>\n\t\t\t\t\t<\/div>\n\t\t\t\t<\/div>\n\t\t\t\t<\/div>\n\t\t\t\t\t<\/div>\n\t\t<\/div>\n\t\t\t\t<div class=\"elementor-column elementor-col-33 elementor-top-column elementor-element elementor-element-e7b3bda\" data-id=\"e7b3bda\" data-element_type=\"column\">\n\t\t\t<div class=\"elementor-widget-wrap elementor-element-populated\">\n\t\t\t\t\t\t\t\t<div class=\"elementor-element elementor-element-e9bf201 elementor-widget elementor-widget-wd_text_block\" data-id=\"e9bf201\" data-element_type=\"widget\" data-widget_type=\"wd_text_block.default\">\n\t\t\t\t<div class=\"elementor-widget-container\">\n\t\t\t\t\t<div class=\"wd-text-block reset-last-child text-left\">\n\t\t\t\n\t\t\t<div class=\"stitle\"><h4>Audio Hi-Res Excepcional<\/h4><\/div><div class=\"thtitle\"><p>Driver ASUS Essence exclusivo y dise\u00f1o de c\u00e1mara herm\u00e9tica<\/p><\/div><div class=\"info\"><p>Las c\u00e1maras herm\u00e9ticas exclusivas y los controladores ASUS Essence de 40 mm ofrecen un sonido incre\u00edblemente rico y puro con graves profundos optimizados para experiencias de audio envolventes.<\/p><\/div>\n\t\t\t\t\t<\/div>\n\t\t\t\t<\/div>\n\t\t\t\t<\/div>\n\t\t\t\t<div class=\"elementor-element elementor-element-8604524 elementor-widget elementor-widget-wd_image_or_svg\" data-id=\"8604524\" data-element_type=\"widget\" data-widget_type=\"wd_image_or_svg.default\">\n\t\t\t\t<div class=\"elementor-widget-container\">\n\t\t\t\n\t\t<div class=\"wd-image text-center\">\n\t\t\t\t\t\t\t\t<img loading=\"lazy\" decoding=\"async\" width=\"855\" height=\"783\" src=\"https:\/\/tzila.mx\/dev\/wp-content\/uploads\/2022\/05\/ROG-STRIX-GO-CORE-des-3.png\" class=\"attachment-full size-full\" alt=\"\" srcset=\"https:\/\/tzila.mx\/dev\/wp-content\/uploads\/2022\/05\/ROG-STRIX-GO-CORE-des-3.png 855w, https:\/\/tzila.mx\/dev\/wp-content\/uploads\/2022\/05\/ROG-STRIX-GO-CORE-des-3-328x300.png 328w, https:\/\/tzila.mx\/dev\/wp-content\/uploads\/2022\/05\/ROG-STRIX-GO-CORE-des-3-768x703.png 768w, https:\/\/tzila.mx\/dev\/wp-content\/uploads\/2022\/05\/ROG-STRIX-GO-CORE-des-3-430x394.png 430w, https:\/\/tzila.mx\/dev\/wp-content\/uploads\/2022\/05\/ROG-STRIX-GO-CORE-des-3-700x641.png 700w, https:\/\/tzila.mx\/dev\/wp-content\/uploads\/2022\/05\/ROG-STRIX-GO-CORE-des-3-150x137.png 150w\" sizes=\"auto, (max-width: 855px) 100vw, 855px\" \/>\t\t\t\t\t<\/div>\n\n\t\t\t\t<\/div>\n\t\t\t\t<\/div>\n\t\t\t\t<div class=\"elementor-element elementor-element-4f49f18 elementor-widget elementor-widget-wd_text_block\" data-id=\"4f49f18\" data-element_type=\"widget\" data-widget_type=\"wd_text_block.default\">\n\t\t\t\t<div class=\"elementor-widget-container\">\n\t\t\t\t\t<div class=\"wd-text-block reset-last-child text-left\">\n\t\t\t\n\t\t\t<div class=\"stitle\"><h4>Comunicaci\u00f3n Clara<\/h4><\/div><div class=\"info\"><p>Certificado por Discord y TeamSpeak, ROG Strix Go Core viene con un micr\u00f3fono boom unidireccional desmontable que est\u00e1 sintonizado para que tu voz se destaque para una comunicaci\u00f3n m\u00e1s clara y f\u00e1cil con los compa\u00f1eros de equipo.<\/p><\/div>\n\t\t\t\t\t<\/div>\n\t\t\t\t<\/div>\n\t\t\t\t<\/div>\n\t\t\t\t\t<\/div>\n\t\t<\/div>\n\t\t\t\t<div class=\"elementor-column elementor-col-33 elementor-top-column elementor-element elementor-element-ba9b9c1\" data-id=\"ba9b9c1\" data-element_type=\"column\">\n\t\t\t<div class=\"elementor-widget-wrap elementor-element-populated\">\n\t\t\t\t\t\t\t\t<div class=\"elementor-element elementor-element-d0a2373 elementor-widget elementor-widget-wd_text_block\" data-id=\"d0a2373\" data-element_type=\"widget\" data-widget_type=\"wd_text_block.default\">\n\t\t\t\t<div class=\"elementor-widget-container\">\n\t\t\t\t\t<div class=\"wd-text-block reset-last-child text-left\">\n\t\t\t\n\t\t\t<div class=\"stitle\"><h4>Control Instant\u00e1neo a tu Alcance<\/h4><\/div><div class=\"info\"><p>Una rueda de volumen y un micr\u00f3fono en el auricular te permiten realizar ajustes de audio instant\u00e1neos y silenciar o reactivar tu voz durante el juego. Con controles intuitivos a tu alcance, permanecer\u00e1s concentrado en tu juego en lugar de en tu equipo.<\/p><\/div>\n\t\t\t\t\t<\/div>\n\t\t\t\t<\/div>\n\t\t\t\t<\/div>\n\t\t\t\t<div class=\"elementor-element elementor-element-7a297c2 elementor-widget elementor-widget-wd_image_or_svg\" data-id=\"7a297c2\" data-element_type=\"widget\" data-widget_type=\"wd_image_or_svg.default\">\n\t\t\t\t<div class=\"elementor-widget-container\">\n\t\t\t\n\t\t<div class=\"wd-image text-center\">\n\t\t\t\t\t\t\t\t<img decoding=\"async\" src=\"https:\/\/tzila.mx\/dev\/wp-content\/uploads\/elementor\/thumbs\/ROG-STRIX-GO-CORE-des-2-pplqvkjew40u671itupfnvoyhtps0tjdu66rv4i8xw.png\" title=\"ROG STRIX GO CORE-des-2\" alt=\"ROG STRIX GO CORE-des-2\" \/>\t\t\t\t\t<\/div>\n\n\t\t\t\t<\/div>\n\t\t\t\t<\/div>\n\t\t\t\t<div class=\"elementor-element elementor-element-7d838dd elementor-widget elementor-widget-wd_text_block\" data-id=\"7d838dd\" data-element_type=\"widget\" data-widget_type=\"wd_text_block.default\">\n\t\t\t\t<div class=\"elementor-widget-container\">\n\t\t\t\t\t<div class=\"wd-text-block reset-last-child text-left\">\n\t\t\t\n\t\t\t<div class=\"stitle\"><h4>Juega en todas las plataformas<\/h4><\/div><div class=\"info\"><p>ROG Strix Go Core cuenta con un conector de 3.5 mm, por lo que los aud\u00edfonos se pueden usar en casi cualquier plataforma de juegos, incluidos PC, Mac, tel\u00e9fonos m\u00f3viles y tabletas, PlayStation 4, Xbox One y Nintendo Switch.<\/p><\/div>\n\t\t\t\t\t<\/div>\n\t\t\t\t<\/div>\n\t\t\t\t<\/div>\n\t\t\t\t<div class=\"elementor-element elementor-element-078b475 elementor-widget elementor-widget-wd_button\" data-id=\"078b475\" data-element_type=\"widget\" data-widget_type=\"wd_button.default\">\n\t\t\t\t<div class=\"elementor-widget-container\">\n\t\t\t\t\t<div class=\"wd-button-wrapper text-center\" >\n\t\t\t<a class=\"btn btn-style-link btn-shape- btn-size-large btn-scheme-light btn-scheme-hover-dark btn-icon-pos-right\"  href=\"https:\/\/rog.asus.com\/mx\/headsets-audio\/headsets\/3-5mm-headsets\/rog-strix-go-core-model\/\" target=\"_blank\">\n\t\t\t\t<span class=\"wd-btn-text\" data-elementor-setting-key=\"text\">\n\t\t\t\t\tSaber m\u00e1s\t\t\t\t<\/span>\n\n\t\t\t\t\t\t\t<\/a>\n\t\t<\/div>\n\t\t\t\t<\/div>\n\t\t\t\t<\/div>\n\t\t\t\t\t<\/div>\n\t\t<\/div>\n\t\t\t\t\t\t\t<\/div>\n\t\t<\/section>\n\t\t\t\t\t\t<\/div>\n\t\t\t\t\t<\/div>\n\t\t","protected":false},"excerpt":{"rendered":"<h4>Caracter\u00edsticas principales:<\/h4>\n<p class=\"p1\"><span class=\"s1\">\u25cf Al\u00e1mbricos<\/span><br \/>\n<span class=\"s2\"><span class=\"s1\">\u25cf Longitud de cable 1.2 metros<\/span><\/span><br \/>\n<span class=\"s1\">\u25cf<span class=\"s2\"> Conector 3.5 mm<\/span><\/span><br \/>\n<span class=\"s1\">\u25cf C<\/span>ompatibilidad con PS4\/PS5\/XBOX<br \/>\n<span class=\"s1\">\u25cf Controles f\u00edsicos<\/span><\/p>\n","protected":false},"featured_media":13293,"comment_status":"open","ping_status":"closed","template":"","meta":[],"product_cat":[29,85,100],"product_tag":[114],"class_list":["post-13292","product","type-product","status-publish","has-post-thumbnail","hentry","product_cat-streaming","product_cat-diadema-gamer","product_cat-asus","product_tag-rog-gaming","pa_brand-asus"],"_links":{"self":[{"href":"https:\/\/tzila.mx\/dev\/wp-json\/wp\/v2\/product\/13292","targetHints":{"allow":["GET"]}}],"collection":[{"href":"https:\/\/tzila.mx\/dev\/wp-json\/wp\/v2\/product"}],"about":[{"href":"https:\/\/tzila.mx\/dev\/wp-json\/wp\/v2\/types\/product"}],"replies":[{"embeddable":true,"href":"https:\/\/tzila.mx\/dev\/wp-json\/wp\/v2\/comments?post=13292"}],"version-history":[{"count":5,"href":"https:\/\/tzila.mx\/dev\/wp-json\/wp\/v2\/product\/13292\/revisions"}],"predecessor-version":[{"id":15357,"href":"https:\/\/tzila.mx\/dev\/wp-json\/wp\/v2\/product\/13292\/revisions\/15357"}],"wp:featuredmedia":[{"embeddable":true,"href":"https:\/\/tzila.mx\/dev\/wp-json\/wp\/v2\/media\/13293"}],"wp:attachment":[{"href":"https:\/\/tzila.mx\/dev\/wp-json\/wp\/v2\/media?parent=13292"}],"wp:term":[{"taxonomy":"product_cat","embeddable":true,"href":"https:\/\/tzila.mx\/dev\/wp-json\/wp\/v2\/product_cat?post=13292"},{"taxonomy":"product_tag","embeddable":true,"href":"https:\/\/tzila.mx\/dev\/wp-json\/wp\/v2\/product_tag?post=13292"}],"curies":[{"name":"wp","href":"https:\/\/api.w.org\/{rel}","templated":true}]}}