{"id":13258,"date":"2022-05-30T19:48:35","date_gmt":"2022-05-31T00:48:35","guid":{"rendered":"https:\/\/tzila.mx\/dev\/?post_type=product&#038;p=13258"},"modified":"2022-06-29T11:37:12","modified_gmt":"2022-06-29T16:37:12","slug":"gabinete-mini-itx-dtx-asus-rog-z11","status":"publish","type":"product","link":"https:\/\/tzila.mx\/dev\/producto\/gabinete-mini-itx-dtx-asus-rog-z11\/","title":{"rendered":"Gabinete ASUS Mini-ITX \/ -DTX ROG Z11"},"content":{"rendered":"\t\t<div data-elementor-type=\"wp-post\" data-elementor-id=\"13258\" class=\"elementor elementor-13258\" data-elementor-settings=\"[]\">\n\t\t\t\t\t\t\t<div class=\"elementor-section-wrap\">\n\t\t\t\t\t\t\t<section class=\"elementor-section elementor-top-section elementor-element elementor-element-a77d38a elementor-section-boxed elementor-section-height-default elementor-section-height-default wd-section-disabled\" data-id=\"a77d38a\" data-element_type=\"section\">\n\t\t\t\t\t\t<div class=\"elementor-container elementor-column-gap-default\">\n\t\t\t\t\t<div class=\"elementor-column elementor-col-33 elementor-top-column elementor-element elementor-element-606b0e0\" data-id=\"606b0e0\" data-element_type=\"column\">\n\t\t\t<div class=\"elementor-widget-wrap elementor-element-populated\">\n\t\t\t\t\t\t\t\t<div class=\"elementor-element elementor-element-2efa55d elementor-widget elementor-widget-wd_text_block\" data-id=\"2efa55d\" data-element_type=\"widget\" data-widget_type=\"wd_text_block.default\">\n\t\t\t\t<div class=\"elementor-widget-container\">\n\t\t\t\t\t<div class=\"wd-text-block reset-last-child text-left\">\n\t\t\t\n\t\t\t<h5><strong>M\u00c1S ESPECIFICACIONES<\/strong><strong>:<\/strong><\/h5>\n\t\t\t\t\t<\/div>\n\t\t\t\t<\/div>\n\t\t\t\t<\/div>\n\t\t\t\t<div class=\"elementor-element elementor-element-00b20a9 elementor-widget elementor-widget-wd_text_block\" data-id=\"00b20a9\" data-element_type=\"widget\" data-widget_type=\"wd_text_block.default\">\n\t\t\t\t<div class=\"elementor-widget-container\">\n\t\t\t\t\t<div class=\"wd-text-block reset-last-child text-left\">\n\t\t\t\n\t\t\t<p>\u25cf Paneles de vidrio templado de 4mm con marco de aluminio e iluminaci\u00f3n Aura Sync integrada.<br \/>\u25cf <strong>Dise\u00f1o patentado de 11<\/strong><strong>\u00b0 <\/strong> de inclinaci\u00f3n.<br \/>\u25cf Flujo de aire y enfriamiento mejorados alrededor de la CPU, la tarjeta gr\u00e1fica y un SSD M.2<br \/>\u25cf Soporta una fuente de poder ATX, tarjeta gr\u00e1fica de 3 ranuras sin cable vertical, radiador de 240mm, dep\u00f3sito y bomba de refrigeraci\u00f3n por agua, y hasta cinco ventiladores.<br \/>\u25cf\u00a0Concentrador de extensi\u00f3n integrado y puertos de E\/S en el panel frontal con un USB 3.2 Gen 2 Type-C<sup>\u00ae<\/sup>, dos USB 3.2 Gen 1 El tipo A y un bot\u00f3n de control ARGB.<br \/>\u25cf Espacio adicional para el enrutamiento de cables de 11\u00b0, el dise\u00f1o inclinable, la cubierta multifunci\u00f3n y las tiras de cables garantizan una gesti\u00f3n de cables sin esfuerzo, y los filtros de polvo extra\u00edbles facilitan la limpieza y el mantenimiento.<br \/>\u25cf Brinda la flexibilidad de elegir la orientaci\u00f3n seg\u00fan la disponibilidad del espacio de trabajo.<\/p>\n\t\t\t\t\t<\/div>\n\t\t\t\t<\/div>\n\t\t\t\t<\/div>\n\t\t\t\t\t<\/div>\n\t\t<\/div>\n\t\t\t\t<div class=\"elementor-column elementor-col-66 elementor-top-column elementor-element elementor-element-b692253\" data-id=\"b692253\" data-element_type=\"column\">\n\t\t\t<div class=\"elementor-widget-wrap elementor-element-populated\">\n\t\t\t\t\t\t\t\t<div class=\"elementor-element elementor-element-0fefcf7 elementor-widget elementor-widget-wd_image_or_svg\" data-id=\"0fefcf7\" data-element_type=\"widget\" data-widget_type=\"wd_image_or_svg.default\">\n\t\t\t\t<div class=\"elementor-widget-container\">\n\t\t\t\n\t\t<div class=\"wd-image text-center\">\n\t\t\t\t\t\t\t\t<img loading=\"lazy\" decoding=\"async\" width=\"2048\" height=\"1243\" src=\"https:\/\/tzila.mx\/dev\/wp-content\/uploads\/2022\/05\/GR-101-ROG-Z11-CASEBLK-des-1.jpg\" class=\"attachment-full size-full\" alt=\"\" srcset=\"https:\/\/tzila.mx\/dev\/wp-content\/uploads\/2022\/05\/GR-101-ROG-Z11-CASEBLK-des-1.jpg 2048w, https:\/\/tzila.mx\/dev\/wp-content\/uploads\/2022\/05\/GR-101-ROG-Z11-CASEBLK-des-1-400x243.jpg 400w, https:\/\/tzila.mx\/dev\/wp-content\/uploads\/2022\/05\/GR-101-ROG-Z11-CASEBLK-des-1-1300x789.jpg 1300w, https:\/\/tzila.mx\/dev\/wp-content\/uploads\/2022\/05\/GR-101-ROG-Z11-CASEBLK-des-1-768x466.jpg 768w, https:\/\/tzila.mx\/dev\/wp-content\/uploads\/2022\/05\/GR-101-ROG-Z11-CASEBLK-des-1-1536x932.jpg 1536w, https:\/\/tzila.mx\/dev\/wp-content\/uploads\/2022\/05\/GR-101-ROG-Z11-CASEBLK-des-1-860x522.jpg 860w, https:\/\/tzila.mx\/dev\/wp-content\/uploads\/2022\/05\/GR-101-ROG-Z11-CASEBLK-des-1-1320x801.jpg 1320w, https:\/\/tzila.mx\/dev\/wp-content\/uploads\/2022\/05\/GR-101-ROG-Z11-CASEBLK-des-1-430x261.jpg 430w, https:\/\/tzila.mx\/dev\/wp-content\/uploads\/2022\/05\/GR-101-ROG-Z11-CASEBLK-des-1-700x425.jpg 700w, https:\/\/tzila.mx\/dev\/wp-content\/uploads\/2022\/05\/GR-101-ROG-Z11-CASEBLK-des-1-150x91.jpg 150w\" sizes=\"auto, (max-width: 2048px) 100vw, 2048px\" \/>\t\t\t\t\t<\/div>\n\n\t\t\t\t<\/div>\n\t\t\t\t<\/div>\n\t\t\t\t\t<\/div>\n\t\t<\/div>\n\t\t\t\t\t\t\t<\/div>\n\t\t<\/section>\n\t\t\t\t<section class=\"elementor-section elementor-top-section elementor-element elementor-element-ec9e38a elementor-section-boxed elementor-section-height-default elementor-section-height-default wd-section-disabled\" data-id=\"ec9e38a\" data-element_type=\"section\">\n\t\t\t\t\t\t<div class=\"elementor-container elementor-column-gap-default\">\n\t\t\t\t\t<div class=\"elementor-column elementor-col-33 elementor-top-column elementor-element elementor-element-c833c6a\" data-id=\"c833c6a\" data-element_type=\"column\">\n\t\t\t<div class=\"elementor-widget-wrap elementor-element-populated\">\n\t\t\t\t\t\t\t\t<div class=\"elementor-element elementor-element-6ae12e9 elementor-widget elementor-widget-wd_text_block\" data-id=\"6ae12e9\" data-element_type=\"widget\" data-widget_type=\"wd_text_block.default\">\n\t\t\t\t<div class=\"elementor-widget-container\">\n\t\t\t\t\t<div class=\"wd-text-block reset-last-child text-left\">\n\t\t\t\n\t\t\t<h4>Mini-ITX Unleashed<\/h4><p>Elegante que se eleva por encima de la competencia al permitir a los usuarios exhibir construcciones compactas sin compromiso. Cada funci\u00f3n ha sido dise\u00f1ada concienzudamente pensando en el usuario para maximizar la utilidad, la flexibilidad y la conectividad. El dise\u00f1o patentado de inclinaci\u00f3n de 11\u00b0 proporciona flujo de aire optimizado y disipaci\u00f3n de calor para crear una soluci\u00f3n innovadora que maximiza el rendimiento t\u00e9rmico con hardware exigente, como una fuente de poder ATX o una tarjeta gr\u00e1fica de 3 ranuras sin un cable vertical. Para los fan\u00e1ticos de la refrigeraci\u00f3n por agua, Z11 ofrece un amplio espacio y la opci\u00f3n de un circuito de refrigeraci\u00f3n l\u00edquida personalizado. Para agregar estilo a la sustancia, los componentes internos de la construcci\u00f3n est\u00e1n bellamente iluminados por la iluminaci\u00f3n Aura Sync que se puede ver a trav\u00e9s de los paneles de vidrio templado gris de 4mm frontal y derecho.<\/p>\n\t\t\t\t\t<\/div>\n\t\t\t\t<\/div>\n\t\t\t\t<\/div>\n\t\t\t\t<div class=\"elementor-element elementor-element-8604524 elementor-widget elementor-widget-wd_image_or_svg\" data-id=\"8604524\" data-element_type=\"widget\" data-widget_type=\"wd_image_or_svg.default\">\n\t\t\t\t<div class=\"elementor-widget-container\">\n\t\t\t\n\t\t<div class=\"wd-image text-center\">\n\t\t\t\t\t\t\t\t<img loading=\"lazy\" decoding=\"async\" width=\"1086\" height=\"736\" src=\"https:\/\/tzila.mx\/dev\/wp-content\/uploads\/2022\/05\/GR-101-ROG-Z11-CASEBLK-des-3.png\" class=\"attachment-full size-full\" alt=\"\" srcset=\"https:\/\/tzila.mx\/dev\/wp-content\/uploads\/2022\/05\/GR-101-ROG-Z11-CASEBLK-des-3.png 1086w, https:\/\/tzila.mx\/dev\/wp-content\/uploads\/2022\/05\/GR-101-ROG-Z11-CASEBLK-des-3-400x271.png 400w, https:\/\/tzila.mx\/dev\/wp-content\/uploads\/2022\/05\/GR-101-ROG-Z11-CASEBLK-des-3-768x520.png 768w, https:\/\/tzila.mx\/dev\/wp-content\/uploads\/2022\/05\/GR-101-ROG-Z11-CASEBLK-des-3-860x583.png 860w, https:\/\/tzila.mx\/dev\/wp-content\/uploads\/2022\/05\/GR-101-ROG-Z11-CASEBLK-des-3-430x291.png 430w, https:\/\/tzila.mx\/dev\/wp-content\/uploads\/2022\/05\/GR-101-ROG-Z11-CASEBLK-des-3-700x474.png 700w, https:\/\/tzila.mx\/dev\/wp-content\/uploads\/2022\/05\/GR-101-ROG-Z11-CASEBLK-des-3-150x102.png 150w\" sizes=\"auto, (max-width: 1086px) 100vw, 1086px\" \/>\t\t\t\t\t<\/div>\n\n\t\t\t\t<\/div>\n\t\t\t\t<\/div>\n\t\t\t\t<div class=\"elementor-element elementor-element-e9bf201 elementor-widget elementor-widget-wd_text_block\" data-id=\"e9bf201\" data-element_type=\"widget\" data-widget_type=\"wd_text_block.default\">\n\t\t\t\t<div class=\"elementor-widget-container\">\n\t\t\t\t\t<div class=\"wd-text-block reset-last-child text-left\">\n\t\t\t\n\t\t\t<div class=\"info_right webstyle\"><div class=\"mtitle\"><h4>Filtros de Polvo Removibles<\/h4><\/div><div class=\"info\">Los filtros de polvo extra\u00edbles en los lados superior, inferior, izquierdo, frontal y posterior brindan una protecci\u00f3n completa contra el polvo y simplifican el trabajo de limpieza y mantenimiento.<\/div><div>\u00a0<\/div><\/div><div><div class=\"info_left\"><div class=\"mtitle\"><h4>Orientaci\u00f3n Dual<\/h4><\/div><div class=\"info\">ROG Z11 se puede colocar en posici\u00f3n vertical u horizontal, lo que permite a los usuarios hacer su propia construcci\u00f3n. Adem\u00e1s de proporcionar la flexibilidad para orientar la carcasa de acuerdo con la disponibilidad y las preferencias del espacio de trabajo, Z11 tambi\u00e9n permite a los usuarios elegir la orientaci\u00f3n \u00f3ptima para los componentes de su construcci\u00f3n. Los cables de alimentaci\u00f3n en \u00e1ngulo y regulares tambi\u00e9n se incluyen en la caja de accesorios para complementar convenientemente cada posici\u00f3n.<\/div><\/div><\/div>\n\t\t\t\t\t<\/div>\n\t\t\t\t<\/div>\n\t\t\t\t<\/div>\n\t\t\t\t\t<\/div>\n\t\t<\/div>\n\t\t\t\t<div class=\"elementor-column elementor-col-33 elementor-top-column elementor-element elementor-element-e7b3bda\" data-id=\"e7b3bda\" data-element_type=\"column\">\n\t\t\t<div class=\"elementor-widget-wrap elementor-element-populated\">\n\t\t\t\t\t\t\t\t<div class=\"elementor-element elementor-element-252ec94 elementor-widget elementor-widget-wd_text_block\" data-id=\"252ec94\" data-element_type=\"widget\" data-widget_type=\"wd_text_block.default\">\n\t\t\t\t<div class=\"elementor-widget-container\">\n\t\t\t\t\t<div class=\"wd-text-block reset-last-child text-left\">\n\t\t\t\n\t\t\t<h4>RENDIMIENTO T\u00c9RMICO<\/h4><div id=\"product-patented\" class=\"product-section\"><div class=\"product-content\"><div class=\"product-text text\"><div class=\"product-heading\"><p><strong>Dise\u00f1o Patentado de 11\u00b0 de Inclinaci\u00f3n<\/strong><br \/>El flujo de aire optimizado y el rendimiento t\u00e9rmico superior son fundamentales en sistemas de alta potencia con factores de forma compactos, y ROG Z11 ofrece esto con un dise\u00f1o interior patentado que inclina la bandeja de la placa base en un \u00e1ngulo de 11\u00b0, proporcionando 40 mm adicionales de espacio en la parte posterior de la tarjeta madre. Este espacio adicional mejora la disipaci\u00f3n de calor alrededor de la CPU y la tarjeta gr\u00e1fica, as\u00ed como el SSD M.2 que se puede instalar en la parte posterior de la tarjeta madre. El dise\u00f1o tambi\u00e9n permite la compatibilidad con una tarjeta gr\u00e1fica de 3 ranuras sin un cable vertical y crea una sorprendente visualizaci\u00f3n visual de los componentes.<\/p><\/div><div class=\"product-content\"><div class=\"product-text text text-left\"><p><strong>Flujo de Aire \u00d3ptimo<\/strong><br \/>ROG Z11 est\u00e1 dise\u00f1ado para un rendimiento de refrigeraci\u00f3n optimizado. Todo el dise\u00f1o favorece una descarga de calor eficiente de la carcasa a trav\u00e9s del efecto chimenea y la presi\u00f3n de aire negativa, que es generado por los ventiladores que expulsan aire caliente a un ritmo m\u00e1s r\u00e1pido que la entrada. Con la opci\u00f3n de hasta cinco ventiladores de 120 mm, o tres ventiladores de 140 mm m\u00e1s dos de 120 mm, los usuarios pueden maximizar el flujo de aire y tener la flexibilidad de personalizar.<br \/><br \/><strong><a class=\"cooling_tab_c\">Capacidad para Ventiladores y Radiadores<\/a><\/strong><\/p><\/div><\/div><\/div><\/div><\/div>\n\t\t\t\t\t<\/div>\n\t\t\t\t<\/div>\n\t\t\t\t<\/div>\n\t\t\t\t<div class=\"elementor-element elementor-element-696e1a7 elementor-widget elementor-widget-wd_image_or_svg\" data-id=\"696e1a7\" data-element_type=\"widget\" data-widget_type=\"wd_image_or_svg.default\">\n\t\t\t\t<div class=\"elementor-widget-container\">\n\t\t\t\n\t\t<div class=\"wd-image text-center\">\n\t\t\t\t\t\t\t\t<img decoding=\"async\" src=\"https:\/\/tzila.mx\/dev\/wp-content\/uploads\/elementor\/thumbs\/GR-101-ROG-Z11-CASEBLK-des-2-pplots7ieb0is67zoyhqxi0bqxehs6lxoykln5wtdw.jpg\" title=\"GR 101 ROG Z11 CASE:BLK-des-2\" alt=\"GR 101 ROG Z11 CASE:BLK-des-2\" \/>\t\t\t\t\t<\/div>\n\n\t\t\t\t<\/div>\n\t\t\t\t<\/div>\n\t\t\t\t<div class=\"elementor-element elementor-element-4f49f18 elementor-widget elementor-widget-wd_text_block\" data-id=\"4f49f18\" data-element_type=\"widget\" data-widget_type=\"wd_text_block.default\">\n\t\t\t\t<div class=\"elementor-widget-container\">\n\t\t\t\t\t<div class=\"wd-text-block reset-last-child text-left\">\n\t\t\t\n\t\t\t<div class=\"info_left text-left\"><div class=\"mtitle\"><h4>Placa Personalizable<\/h4><\/div><div class=\"info\">Se incluyen dos placas de identificaci\u00f3n ROG para complementar la iluminaci\u00f3n Aura Sync integrada: una placa de identificaci\u00f3n para visualizaci\u00f3n vertical y otra para visualizaci\u00f3n horizontal. Los archivos de origen adicionales (AI y JPG) est\u00e1n disponibles para <a href=\"https:\/\/www.asus.com\/ROG-Republic-Of-Gamers\/ROG-Z11\/HelpDesk_Manual\/\" target=\"_blank\" rel=\"noopener\">descargar<\/a>, lo que permite una personalizaci\u00f3n completa de la placa de identificaci\u00f3n.<\/div><\/div><div class=\"info_right\">\u00a0<\/div>\n\t\t\t\t\t<\/div>\n\t\t\t\t<\/div>\n\t\t\t\t<\/div>\n\t\t\t\t\t<\/div>\n\t\t<\/div>\n\t\t\t\t<div class=\"elementor-column elementor-col-33 elementor-top-column elementor-element elementor-element-ba9b9c1\" data-id=\"ba9b9c1\" data-element_type=\"column\">\n\t\t\t<div class=\"elementor-widget-wrap elementor-element-populated\">\n\t\t\t\t\t\t\t\t<div class=\"elementor-element elementor-element-d0a2373 elementor-widget elementor-widget-wd_text_block\" data-id=\"d0a2373\" data-element_type=\"widget\" data-widget_type=\"wd_text_block.default\">\n\t\t\t\t<div class=\"elementor-widget-container\">\n\t\t\t\t\t<div class=\"wd-text-block reset-last-child text-left\">\n\t\t\t\n\t\t\t<div class=\"mtitle\"><h4>Iluminaci\u00f3n Aura Sync RGB<\/h4><\/div><div class=\"info\">Los LED RGB direccionables integrados en los paneles frontal y lateral se pueden personalizar con un bot\u00f3n de control dedicado o con el software de iluminaci\u00f3n Aura Sync. Estos permiten que ROG Z11 parpadee con millones de colores y una variedad de efectos, que se pueden sincronizar con un vasto ecosistema de componentes compatibles con Aura Sync para una personalizaci\u00f3n m\u00e1xima.<\/div><div>\u00a0<\/div><div><div class=\"product-content\"><div class=\"product-text text text-left\"><div class=\"product-heading\"><h4>Enfriamiento l\u00edquido personalizado<\/h4><\/div><p class=\"text-left\">ROG Z11 ofrece una configuraci\u00f3n amplia para refrigeraci\u00f3n l\u00edquida. El gabinete reserva espacio para una bomba de enfriamiento de agua y un dep\u00f3sito sobre la cubierta de la unidad de suministro de energ\u00eda, lo que brinda a los entusiastas de mini-ITX \/ DTX la flexibilidad de personalizar su soluci\u00f3n de circuito de enfriamiento por l\u00edquido.<\/p><\/div><\/div><\/div>\n\t\t\t\t\t<\/div>\n\t\t\t\t<\/div>\n\t\t\t\t<\/div>\n\t\t\t\t<div class=\"elementor-element elementor-element-7a297c2 elementor-widget elementor-widget-wd_image_or_svg\" data-id=\"7a297c2\" data-element_type=\"widget\" data-widget_type=\"wd_image_or_svg.default\">\n\t\t\t\t<div class=\"elementor-widget-container\">\n\t\t\t\n\t\t<div class=\"wd-image text-center\">\n\t\t\t\t\t\t\t\t<img decoding=\"async\" src=\"https:\/\/tzila.mx\/dev\/wp-content\/uploads\/elementor\/thumbs\/GR-101-ROG-Z11-CASEBLK-des-4-pplouermybveitb8188slcbe06bawx3hs2895szd8k.png\" title=\"GR 101 ROG Z11 CASE:BLK-des-4\" alt=\"GR 101 ROG Z11 CASE:BLK-des-4\" \/>\t\t\t\t\t<\/div>\n\n\t\t\t\t<\/div>\n\t\t\t\t<\/div>\n\t\t\t\t<div class=\"elementor-element elementor-element-7d838dd elementor-widget elementor-widget-wd_text_block\" data-id=\"7d838dd\" data-element_type=\"widget\" data-widget_type=\"wd_text_block.default\">\n\t\t\t\t<div class=\"elementor-widget-container\">\n\t\t\t\t\t<div class=\"wd-text-block reset-last-child text-left\">\n\t\t\t\n\t\t\t<div class=\"mtitle\"><h4><strong>Espacio Adicional para Cables<\/strong><\/h4><\/div><p class=\"info\">La inclinaci\u00f3n de 11\u00b0 de la bandeja de la tarjeta madre crea un m\u00e1ximo de 40mm de espacio adicional para una f\u00e1cil gesti\u00f3n de los cables.<\/p><h4>Conectividad Extensiva<\/h4><p>Un concentrador de extensi\u00f3n incorporado permite a los constructores conectar hasta seis ventiladores PWM y tres ventiladores RGB direccionables o tiras de LED, y ofrece un puerto USB 2.0 adicional para facilitar el montaje. Una gran cantidad de puertos de E\/S y un bot\u00f3n de control de iluminaci\u00f3n ARGB en el panel frontal facilitan la conexi\u00f3n de componentes y dispositivos.<\/p>\n\t\t\t\t\t<\/div>\n\t\t\t\t<\/div>\n\t\t\t\t<\/div>\n\t\t\t\t<div class=\"elementor-element elementor-element-078b475 elementor-widget elementor-widget-wd_button\" data-id=\"078b475\" data-element_type=\"widget\" data-widget_type=\"wd_button.default\">\n\t\t\t\t<div class=\"elementor-widget-container\">\n\t\t\t\t\t<div class=\"wd-button-wrapper text-center\" >\n\t\t\t<a class=\"btn btn-style-link btn-shape- btn-size-large btn-scheme-light btn-scheme-hover-dark btn-icon-pos-right\"  href=\"https:\/\/rog.asus.com\/mx\/cases\/rog-z11-model\/\" target=\"_blank\">\n\t\t\t\t<span class=\"wd-btn-text\" data-elementor-setting-key=\"text\">\n\t\t\t\t\tSaber m\u00e1s\t\t\t\t<\/span>\n\n\t\t\t\t\t\t\t<\/a>\n\t\t<\/div>\n\t\t\t\t<\/div>\n\t\t\t\t<\/div>\n\t\t\t\t\t<\/div>\n\t\t<\/div>\n\t\t\t\t\t\t\t<\/div>\n\t\t<\/section>\n\t\t\t\t\t\t<\/div>\n\t\t\t\t\t<\/div>\n\t\t","protected":false},"excerpt":{"rendered":"<h4>Caracter\u00edsticas principales:<\/h4>\n<p class=\"p1\"><span class=\"s1\">\u25cf V<\/span>idrio templado de 4mm<br \/>\n<span class=\"s2\"><span class=\"s1\">\u25cf D<\/span><\/span>ise\u00f1o patentado de inclinaci\u00f3n de 11\u00b0<br \/>\n<span class=\"s1\">\u25cf<span class=\"s2\"> R<\/span><\/span>endimiento t\u00e9rmico optimizado<br \/>\n<span class=\"s1\">\u25cf C<\/span>ompatibilidad con PSU ATX<br \/>\n<span class=\"s1\">\u25cf A<\/span>mplia conectividad<br \/>\n<span class=\"s1\">\u25cf <\/span>Aura Sync<\/p>\n","protected":false},"featured_media":13265,"comment_status":"open","ping_status":"closed","template":"","meta":[],"product_cat":[73,100],"product_tag":[114],"class_list":["post-13258","product","type-product","status-publish","has-post-thumbnail","hentry","product_cat-gabinete","product_cat-asus","product_tag-rog-gaming","pa_brand-asus"],"_links":{"self":[{"href":"https:\/\/tzila.mx\/dev\/wp-json\/wp\/v2\/product\/13258","targetHints":{"allow":["GET"]}}],"collection":[{"href":"https:\/\/tzila.mx\/dev\/wp-json\/wp\/v2\/product"}],"about":[{"href":"https:\/\/tzila.mx\/dev\/wp-json\/wp\/v2\/types\/product"}],"replies":[{"embeddable":true,"href":"https:\/\/tzila.mx\/dev\/wp-json\/wp\/v2\/comments?post=13258"}],"version-history":[{"count":21,"href":"https:\/\/tzila.mx\/dev\/wp-json\/wp\/v2\/product\/13258\/revisions"}],"predecessor-version":[{"id":13291,"href":"https:\/\/tzila.mx\/dev\/wp-json\/wp\/v2\/product\/13258\/revisions\/13291"}],"wp:featuredmedia":[{"embeddable":true,"href":"https:\/\/tzila.mx\/dev\/wp-json\/wp\/v2\/media\/13265"}],"wp:attachment":[{"href":"https:\/\/tzila.mx\/dev\/wp-json\/wp\/v2\/media?parent=13258"}],"wp:term":[{"taxonomy":"product_cat","embeddable":true,"href":"https:\/\/tzila.mx\/dev\/wp-json\/wp\/v2\/product_cat?post=13258"},{"taxonomy":"product_tag","embeddable":true,"href":"https:\/\/tzila.mx\/dev\/wp-json\/wp\/v2\/product_tag?post=13258"}],"curies":[{"name":"wp","href":"https:\/\/api.w.org\/{rel}","templated":true}]}}