{"id":13242,"date":"2022-05-30T18:50:51","date_gmt":"2022-05-30T23:50:51","guid":{"rendered":"https:\/\/tzila.mx\/dev\/?post_type=product&#038;p=13242"},"modified":"2022-06-16T16:13:31","modified_gmt":"2022-06-16T21:13:31","slug":"monitor-gamer-asus-rog-gladius-ii-core","status":"publish","type":"product","link":"https:\/\/tzila.mx\/dev\/producto\/monitor-gamer-asus-rog-gladius-ii-core\/","title":{"rendered":"Mouse Gamer ASUS ROG Gladius II Core"},"content":{"rendered":"\t\t<div data-elementor-type=\"wp-post\" data-elementor-id=\"13242\" class=\"elementor elementor-13242\" data-elementor-settings=\"[]\">\n\t\t\t\t\t\t\t<div class=\"elementor-section-wrap\">\n\t\t\t\t\t\t\t<section class=\"elementor-section elementor-top-section elementor-element elementor-element-a77d38a elementor-section-boxed elementor-section-height-default elementor-section-height-default wd-section-disabled\" data-id=\"a77d38a\" data-element_type=\"section\">\n\t\t\t\t\t\t<div class=\"elementor-container elementor-column-gap-default\">\n\t\t\t\t\t<div class=\"elementor-column elementor-col-33 elementor-top-column elementor-element elementor-element-606b0e0\" data-id=\"606b0e0\" data-element_type=\"column\">\n\t\t\t<div class=\"elementor-widget-wrap elementor-element-populated\">\n\t\t\t\t\t\t\t\t<div class=\"elementor-element elementor-element-2efa55d elementor-widget elementor-widget-wd_text_block\" data-id=\"2efa55d\" data-element_type=\"widget\" data-widget_type=\"wd_text_block.default\">\n\t\t\t\t<div class=\"elementor-widget-container\">\n\t\t\t\t\t<div class=\"wd-text-block reset-last-child text-left\">\n\t\t\t\n\t\t\t<h5><strong>M\u00c1S ESPECIFICACIONES<\/strong><strong>:<\/strong><\/h5>\n\t\t\t\t\t<\/div>\n\t\t\t\t<\/div>\n\t\t\t\t<\/div>\n\t\t\t\t<div class=\"elementor-element elementor-element-00b20a9 elementor-widget elementor-widget-wd_text_block\" data-id=\"00b20a9\" data-element_type=\"widget\" data-widget_type=\"wd_text_block.default\">\n\t\t\t\t<div class=\"elementor-widget-container\">\n\t\t\t\t\t<div class=\"wd-text-block reset-last-child text-left\">\n\t\t\t\n\t\t\t<p>\u25cf Ergonom\u00eda Gladius con botones principales independientes, un dise\u00f1o ligero y agarres antideslizantes decorados con el logotipo de ROG.<br \/>\u25cf Sensor \u00f3ptico de gaming PAW3327 (hasta 6200 ppp) para un seguimiento preciso y r\u00e1pido.<br \/>\u25cf Interruptores desmontables para ajustar la resistencia al clic y prolongar la vida \u00fatil del rat\u00f3n.<br \/>\u25cf El programa ASUS Armoury II permite personalizar los botones, el rendimiento y la iluminaci\u00f3n de forma sencilla.<\/p>\n\t\t\t\t\t<\/div>\n\t\t\t\t<\/div>\n\t\t\t\t<\/div>\n\t\t\t\t\t<\/div>\n\t\t<\/div>\n\t\t\t\t<div class=\"elementor-column elementor-col-66 elementor-top-column elementor-element elementor-element-b692253\" data-id=\"b692253\" data-element_type=\"column\">\n\t\t\t<div class=\"elementor-widget-wrap elementor-element-populated\">\n\t\t\t\t\t\t\t\t<div class=\"elementor-element elementor-element-0fefcf7 elementor-widget elementor-widget-wd_image_or_svg\" data-id=\"0fefcf7\" data-element_type=\"widget\" data-widget_type=\"wd_image_or_svg.default\">\n\t\t\t\t<div class=\"elementor-widget-container\">\n\t\t\t\n\t\t<div class=\"wd-image text-center\">\n\t\t\t\t\t\t\t\t<img loading=\"lazy\" decoding=\"async\" width=\"1340\" height=\"624\" src=\"https:\/\/tzila.mx\/dev\/wp-content\/uploads\/2022\/05\/P507-ROG-GLADIUS-II-CORE-des-2.png\" class=\"attachment-full size-full\" alt=\"\" srcset=\"https:\/\/tzila.mx\/dev\/wp-content\/uploads\/2022\/05\/P507-ROG-GLADIUS-II-CORE-des-2.png 1340w, https:\/\/tzila.mx\/dev\/wp-content\/uploads\/2022\/05\/P507-ROG-GLADIUS-II-CORE-des-2-400x186.png 400w, https:\/\/tzila.mx\/dev\/wp-content\/uploads\/2022\/05\/P507-ROG-GLADIUS-II-CORE-des-2-1300x605.png 1300w, https:\/\/tzila.mx\/dev\/wp-content\/uploads\/2022\/05\/P507-ROG-GLADIUS-II-CORE-des-2-768x358.png 768w, https:\/\/tzila.mx\/dev\/wp-content\/uploads\/2022\/05\/P507-ROG-GLADIUS-II-CORE-des-2-860x400.png 860w, https:\/\/tzila.mx\/dev\/wp-content\/uploads\/2022\/05\/P507-ROG-GLADIUS-II-CORE-des-2-1320x615.png 1320w, https:\/\/tzila.mx\/dev\/wp-content\/uploads\/2022\/05\/P507-ROG-GLADIUS-II-CORE-des-2-430x200.png 430w, https:\/\/tzila.mx\/dev\/wp-content\/uploads\/2022\/05\/P507-ROG-GLADIUS-II-CORE-des-2-700x326.png 700w, https:\/\/tzila.mx\/dev\/wp-content\/uploads\/2022\/05\/P507-ROG-GLADIUS-II-CORE-des-2-150x70.png 150w\" sizes=\"auto, (max-width: 1340px) 100vw, 1340px\" \/>\t\t\t\t\t<\/div>\n\n\t\t\t\t<\/div>\n\t\t\t\t<\/div>\n\t\t\t\t\t<\/div>\n\t\t<\/div>\n\t\t\t\t\t\t\t<\/div>\n\t\t<\/section>\n\t\t\t\t<section class=\"elementor-section elementor-top-section elementor-element elementor-element-ec9e38a elementor-section-boxed elementor-section-height-default elementor-section-height-default wd-section-disabled\" data-id=\"ec9e38a\" data-element_type=\"section\">\n\t\t\t\t\t\t<div class=\"elementor-container elementor-column-gap-default\">\n\t\t\t\t\t<div class=\"elementor-column elementor-col-33 elementor-top-column elementor-element elementor-element-c833c6a\" data-id=\"c833c6a\" data-element_type=\"column\">\n\t\t\t<div class=\"elementor-widget-wrap elementor-element-populated\">\n\t\t\t\t\t\t\t\t<div class=\"elementor-element elementor-element-6ae12e9 elementor-widget elementor-widget-wd_text_block\" data-id=\"6ae12e9\" data-element_type=\"widget\" data-widget_type=\"wd_text_block.default\">\n\t\t\t\t<div class=\"elementor-widget-container\">\n\t\t\t\t\t<div class=\"wd-text-block reset-last-child text-left\">\n\t\t\t\n\t\t\t<h4>DISE\u00d1O LIGERO Y PEGADA DE PESO PESADO<\/h4><p>El ROG Gladius II Core canaliza el esp\u00edritu de la serie de ratones \u00f3pticos Gladius en un nuevo formato m\u00e1s accesible con unos laterales antideslizantes decorados con el ic\u00f3nico logotipo de ROG. El Gladius II Core incorpora un sensor \u00f3ptico de 6200 ppp y botones principales independientes que garantizan un control de alta precisi\u00f3n. Con una ergonom\u00eda optimizada para diestros, una construcci\u00f3n liviana que previene la fatiga, interruptores desmontables e iluminaci\u00f3n Aura Sync, el Gladius II Core est\u00e1 dise\u00f1ado para imponerte en el campo de batalla.<\/p>\n\t\t\t\t\t<\/div>\n\t\t\t\t<\/div>\n\t\t\t\t<\/div>\n\t\t\t\t<div class=\"elementor-element elementor-element-8604524 elementor-widget elementor-widget-wd_image_or_svg\" data-id=\"8604524\" data-element_type=\"widget\" data-widget_type=\"wd_image_or_svg.default\">\n\t\t\t\t<div class=\"elementor-widget-container\">\n\t\t\t\n\t\t<div class=\"wd-image text-center\">\n\t\t\t\t\t\t\t\t<img loading=\"lazy\" decoding=\"async\" width=\"837\" height=\"579\" src=\"https:\/\/tzila.mx\/dev\/wp-content\/uploads\/2022\/05\/P507-ROG-GLADIUS-II-CORE-des-4.png\" class=\"attachment-full size-full\" alt=\"\" srcset=\"https:\/\/tzila.mx\/dev\/wp-content\/uploads\/2022\/05\/P507-ROG-GLADIUS-II-CORE-des-4.png 837w, https:\/\/tzila.mx\/dev\/wp-content\/uploads\/2022\/05\/P507-ROG-GLADIUS-II-CORE-des-4-400x277.png 400w, https:\/\/tzila.mx\/dev\/wp-content\/uploads\/2022\/05\/P507-ROG-GLADIUS-II-CORE-des-4-768x531.png 768w, https:\/\/tzila.mx\/dev\/wp-content\/uploads\/2022\/05\/P507-ROG-GLADIUS-II-CORE-des-4-430x297.png 430w, https:\/\/tzila.mx\/dev\/wp-content\/uploads\/2022\/05\/P507-ROG-GLADIUS-II-CORE-des-4-700x484.png 700w, https:\/\/tzila.mx\/dev\/wp-content\/uploads\/2022\/05\/P507-ROG-GLADIUS-II-CORE-des-4-150x104.png 150w\" sizes=\"auto, (max-width: 837px) 100vw, 837px\" \/>\t\t\t\t\t<\/div>\n\n\t\t\t\t<\/div>\n\t\t\t\t<\/div>\n\t\t\t\t<div class=\"elementor-element elementor-element-252ec94 elementor-widget elementor-widget-wd_text_block\" data-id=\"252ec94\" data-element_type=\"widget\" data-widget_type=\"wd_text_block.default\">\n\t\t\t\t<div class=\"elementor-widget-container\">\n\t\t\t\t\t<div class=\"wd-text-block reset-last-child text-left\">\n\t\t\t\n\t\t\t<h4>DISE\u00d1ADO PARA TODOS LOS TIPOS DE AGARRE<\/h4><p>El ROG Gladius II Core te permite competir campa\u00f1a tras campa\u00f1a con el m\u00e1ximo confort. Hemos optimizado su contorno y paneles laterales texturizados a trav\u00e9s de pruebas minuciosas. El resultado es un rat\u00f3n muy c\u00f3modo para gamers diestros que utilizan cualquier tipo de agarre.<\/p>\n\t\t\t\t\t<\/div>\n\t\t\t\t<\/div>\n\t\t\t\t<\/div>\n\t\t\t\t\t<\/div>\n\t\t<\/div>\n\t\t\t\t<div class=\"elementor-column elementor-col-33 elementor-top-column elementor-element elementor-element-e7b3bda\" data-id=\"e7b3bda\" data-element_type=\"column\">\n\t\t\t<div class=\"elementor-widget-wrap elementor-element-populated\">\n\t\t\t\t\t\t\t\t<div class=\"elementor-element elementor-element-7d838dd elementor-widget elementor-widget-wd_text_block\" data-id=\"7d838dd\" data-element_type=\"widget\" data-widget_type=\"wd_text_block.default\">\n\t\t\t\t<div class=\"elementor-widget-container\">\n\t\t\t\t\t<div class=\"wd-text-block reset-last-child text-left\">\n\t\t\t\n\t\t\t<h4>ARMOURY II<\/h4><p>Armoury II es una utilidad basada en drivers que te permite controlar todas las caracter\u00edsticas de tus perif\u00e9ricos desde una intuitiva interfaz. Ajusta el rendimiento y calibra tu ROG Gladius II Core, programa y mapea botones, personaliza su iluminaci\u00f3n y mucho m\u00e1s. Tambi\u00e9n puedes supervisar estad\u00edsticas mientras juegas para analizar los datos.<\/p>\n\t\t\t\t\t<\/div>\n\t\t\t\t<\/div>\n\t\t\t\t<\/div>\n\t\t\t\t<div class=\"elementor-element elementor-element-696e1a7 elementor-widget elementor-widget-wd_image_or_svg\" data-id=\"696e1a7\" data-element_type=\"widget\" data-widget_type=\"wd_image_or_svg.default\">\n\t\t\t\t<div class=\"elementor-widget-container\">\n\t\t\t\n\t\t<div class=\"wd-image text-center\">\n\t\t\t\t\t\t\t\t<img decoding=\"async\" src=\"https:\/\/tzila.mx\/dev\/wp-content\/uploads\/elementor\/thumbs\/P507-ROG-GLADIUS-II-CORE-des-3-pplmg0forjlld4t5jdsawn74c65qeh3owfik57335w.png\" title=\"P507 ROG GLADIUS II CORE-des-3\" alt=\"P507 ROG GLADIUS II CORE-des-3\" \/>\t\t\t\t\t<\/div>\n\n\t\t\t\t<\/div>\n\t\t\t\t<\/div>\n\t\t\t\t<div class=\"elementor-element elementor-element-e9bf201 elementor-widget elementor-widget-wd_text_block\" data-id=\"e9bf201\" data-element_type=\"widget\" data-widget_type=\"wd_text_block.default\">\n\t\t\t\t<div class=\"elementor-widget-container\">\n\t\t\t\t\t<div class=\"wd-text-block reset-last-child text-left\">\n\t\t\t\n\t\t\t<div class=\"row-content\" data-v-b7353816=\"\"><h4>RENDIMIENTO GAMING<\/h4><p>Equipado de un sensor \u00f3ptico PAW3327 optimizado para gaming y una sensibilidad de 200 a 6200 ppp, el ROG Gladius II Core es el arma perfecta para cumplir tus misiones con una precisi\u00f3n milim\u00e9trica. Adem\u00e1s, rastrea hasta 220 pulgadas por segundo (PPS) con una aceleraci\u00f3n de hasta 30 g para que puedas atacar y deslizarte por el campo de batalla tan r\u00e1pido como quieras. El Gladius II Core es un 20 % m\u00e1s ligero que el Gladius original, lo que ayuda a aliviar los dolores de mu\u00f1eca y la fatiga para que juegues sin descanso.<\/p><\/div>\n\t\t\t\t\t<\/div>\n\t\t\t\t<\/div>\n\t\t\t\t<\/div>\n\t\t\t\t\t<\/div>\n\t\t<\/div>\n\t\t\t\t<div class=\"elementor-column elementor-col-33 elementor-top-column elementor-element elementor-element-ba9b9c1\" data-id=\"ba9b9c1\" data-element_type=\"column\">\n\t\t\t<div class=\"elementor-widget-wrap elementor-element-populated\">\n\t\t\t\t\t\t\t\t<div class=\"elementor-element elementor-element-d0a2373 elementor-widget elementor-widget-wd_text_block\" data-id=\"d0a2373\" data-element_type=\"widget\" data-widget_type=\"wd_text_block.default\">\n\t\t\t\t<div class=\"elementor-widget-container\">\n\t\t\t\t\t<div class=\"wd-text-block reset-last-child text-left\">\n\t\t\t\n\t\t\t<h4>ILUMINACI\u00d3N AURA SYNC RGB<\/h4><p>Lleva tu estilo al siguiente nivel con la iluminaci\u00f3n RGB. Personaliza tu rat\u00f3n con un espectro de colores ilimitado y una variado rango de efectos. Adem\u00e1s, a fin de crear atm\u00f3sferas m\u00e1s profesionales y cohesivas, puedes sincronizar su iluminaci\u00f3n con todo el portafolio de dispositivos Aura.<\/p>\n\t\t\t\t\t<\/div>\n\t\t\t\t<\/div>\n\t\t\t\t<\/div>\n\t\t\t\t<div class=\"elementor-element elementor-element-7a297c2 elementor-widget elementor-widget-wd_image_or_svg\" data-id=\"7a297c2\" data-element_type=\"widget\" data-widget_type=\"wd_image_or_svg.default\">\n\t\t\t\t<div class=\"elementor-widget-container\">\n\t\t\t\n\t\t<div class=\"wd-image text-center\">\n\t\t\t\t\t\t\t\t<img decoding=\"async\" src=\"https:\/\/tzila.mx\/dev\/wp-content\/uploads\/elementor\/thumbs\/P507-ROG-GLADIUS-II-CORE-des-1-pplmfbzvtuo4z9sni3803td4w5i6uceo52jxo03bno.jpg\" title=\"P507 ROG GLADIUS II CORE-des-1\" alt=\"P507 ROG GLADIUS II CORE-des-1\" \/>\t\t\t\t\t<\/div>\n\n\t\t\t\t<\/div>\n\t\t\t\t<\/div>\n\t\t\t\t<div class=\"elementor-element elementor-element-4f49f18 elementor-widget elementor-widget-wd_text_block\" data-id=\"4f49f18\" data-element_type=\"widget\" data-widget_type=\"wd_text_block.default\">\n\t\t\t\t<div class=\"elementor-widget-container\">\n\t\t\t\t\t<div class=\"wd-text-block reset-last-child text-left\">\n\t\t\t\n\t\t\t<h4>INTERRUPTORES DESMONTABLES<\/h4><p>Este rat\u00f3n lleva la personalizaci\u00f3n a un nivel completamente nuevo permiti\u00e9ndote cambiar f\u00e1cilmente los interruptores. De esta forma, puedes instalar los interruptores que ofrezcan la resistencia y el tacto que prefieras, y reemplazarlos cuando se desgasten o rompan para extender la vida \u00fatil del rat\u00f3n.<\/p>\n\t\t\t\t\t<\/div>\n\t\t\t\t<\/div>\n\t\t\t\t<\/div>\n\t\t\t\t<div class=\"elementor-element elementor-element-078b475 elementor-widget elementor-widget-wd_button\" data-id=\"078b475\" data-element_type=\"widget\" data-widget_type=\"wd_button.default\">\n\t\t\t\t<div class=\"elementor-widget-container\">\n\t\t\t\t\t<div class=\"wd-button-wrapper text-center\" >\n\t\t\t<a class=\"btn btn-style-link btn-shape- btn-size-large btn-scheme-light btn-scheme-hover-dark btn-icon-pos-right\"  href=\"https:\/\/rog.asus.com\/es\/mice-mouse-pads\/mice\/ergonomic-right-handed\/rog-gladius-ii-core-model\/\" target=\"_blank\">\n\t\t\t\t<span class=\"wd-btn-text\" data-elementor-setting-key=\"text\">\n\t\t\t\t\tSaber m\u00e1s\t\t\t\t<\/span>\n\n\t\t\t\t\t\t\t<\/a>\n\t\t<\/div>\n\t\t\t\t<\/div>\n\t\t\t\t<\/div>\n\t\t\t\t\t<\/div>\n\t\t<\/div>\n\t\t\t\t\t\t\t<\/div>\n\t\t<\/section>\n\t\t\t\t\t\t<\/div>\n\t\t\t\t\t<\/div>\n\t\t","protected":false},"excerpt":{"rendered":"<h4>Caracter\u00edsticas principales:<\/h4>\n<p class=\"p1\"><span class=\"s1\">\u25cf <span class=\"s2\">Al\u00e1mbrico USB 2.0<\/span><\/span><br \/>\n<span class=\"s2\"><span class=\"s1\">\u25cf <\/span>Botones principales independientes<\/span><br \/>\n<span class=\"s1\">\u25cf<span class=\"s2\"> Botones personalizables<\/span><\/span><br \/>\n<span class=\"s1\">\u25cf Resoluci\u00f3n <\/span><span class=\"ItemNumber\">6200 dpi<\/span><br \/>\n<span class=\"s1\">\u25cf Aceleraci\u00f3n m\u00e1xima 30g.<\/span><br \/>\n<span class=\"s1\">\u25cf<\/span><span class=\"s2\"> <span id=\"\" class=\"tech-details__item-label\" data-fetched=\"true\">Velocidad m\u00e1xima 220 pps<\/span><\/span><br \/>\n<span class=\"s1\">\u25cf<\/span><span class=\"s2\"> RGB Aura Sync<\/span><\/p>\n","protected":false},"featured_media":13243,"comment_status":"open","ping_status":"closed","template":"","meta":[],"product_cat":[28,81,100],"product_tag":[114],"class_list":["post-13242","product","type-product","status-publish","has-post-thumbnail","hentry","product_cat-setup","product_cat-mouse-gamer","product_cat-asus","product_tag-rog-gaming","pa_brand-asus"],"_links":{"self":[{"href":"https:\/\/tzila.mx\/dev\/wp-json\/wp\/v2\/product\/13242","targetHints":{"allow":["GET"]}}],"collection":[{"href":"https:\/\/tzila.mx\/dev\/wp-json\/wp\/v2\/product"}],"about":[{"href":"https:\/\/tzila.mx\/dev\/wp-json\/wp\/v2\/types\/product"}],"replies":[{"embeddable":true,"href":"https:\/\/tzila.mx\/dev\/wp-json\/wp\/v2\/comments?post=13242"}],"version-history":[{"count":9,"href":"https:\/\/tzila.mx\/dev\/wp-json\/wp\/v2\/product\/13242\/revisions"}],"predecessor-version":[{"id":15398,"href":"https:\/\/tzila.mx\/dev\/wp-json\/wp\/v2\/product\/13242\/revisions\/15398"}],"wp:featuredmedia":[{"embeddable":true,"href":"https:\/\/tzila.mx\/dev\/wp-json\/wp\/v2\/media\/13243"}],"wp:attachment":[{"href":"https:\/\/tzila.mx\/dev\/wp-json\/wp\/v2\/media?parent=13242"}],"wp:term":[{"taxonomy":"product_cat","embeddable":true,"href":"https:\/\/tzila.mx\/dev\/wp-json\/wp\/v2\/product_cat?post=13242"},{"taxonomy":"product_tag","embeddable":true,"href":"https:\/\/tzila.mx\/dev\/wp-json\/wp\/v2\/product_tag?post=13242"}],"curies":[{"name":"wp","href":"https:\/\/api.w.org\/{rel}","templated":true}]}}