{"id":13201,"date":"2022-05-28T00:30:59","date_gmt":"2022-05-28T05:30:59","guid":{"rendered":"https:\/\/tzila.mx\/dev\/?post_type=product&#038;p=13201"},"modified":"2022-06-21T14:25:08","modified_gmt":"2022-06-21T19:25:08","slug":"monitor-gamer-asus-curvo-24-full-hd-vg24vq1b","status":"publish","type":"product","link":"https:\/\/tzila.mx\/dev\/producto\/monitor-gamer-asus-curvo-24-full-hd-vg24vq1b\/","title":{"rendered":"Monitor Gamer ASUS Curvo 24&#8243; Full HD VG24VQ1B"},"content":{"rendered":"\t\t<div data-elementor-type=\"wp-post\" data-elementor-id=\"13201\" class=\"elementor elementor-13201\" data-elementor-settings=\"[]\">\n\t\t\t\t\t\t\t<div class=\"elementor-section-wrap\">\n\t\t\t\t\t\t\t<section class=\"elementor-section elementor-top-section elementor-element elementor-element-a77d38a elementor-section-boxed elementor-section-height-default elementor-section-height-default wd-section-disabled\" data-id=\"a77d38a\" data-element_type=\"section\">\n\t\t\t\t\t\t<div class=\"elementor-container elementor-column-gap-default\">\n\t\t\t\t\t<div class=\"elementor-column elementor-col-33 elementor-top-column elementor-element elementor-element-606b0e0\" data-id=\"606b0e0\" data-element_type=\"column\">\n\t\t\t<div class=\"elementor-widget-wrap elementor-element-populated\">\n\t\t\t\t\t\t\t\t<div class=\"elementor-element elementor-element-2efa55d elementor-widget elementor-widget-wd_text_block\" data-id=\"2efa55d\" data-element_type=\"widget\" data-widget_type=\"wd_text_block.default\">\n\t\t\t\t<div class=\"elementor-widget-container\">\n\t\t\t\t\t<div class=\"wd-text-block reset-last-child text-left\">\n\t\t\t\n\t\t\t<h5><strong>M\u00c1S ESPECIFICACIONES<\/strong><strong>:<\/strong><\/h5>\n\t\t\t\t\t<\/div>\n\t\t\t\t<\/div>\n\t\t\t\t<\/div>\n\t\t\t\t<div class=\"elementor-element elementor-element-00b20a9 elementor-widget elementor-widget-wd_text_block\" data-id=\"00b20a9\" data-element_type=\"widget\" data-widget_type=\"wd_text_block.default\">\n\t\t\t\t<div class=\"elementor-widget-container\">\n\t\t\t\t\t<div class=\"wd-text-block reset-last-child text-left\">\n\t\t\t\n\t\t\t<p>\u25cf Monitor de juegos 1500R Full HD (1920 x 1080) de 23.8 pulgadas con frecuencia de actualizaci\u00f3n ultrarr\u00e1pida de 165 Hz.<br \/>\u25cf Tecnolog\u00eda FreeSync\u2122 Premium .<br \/>\u25cf Shadow Boost mejora los detalles de la imagen en \u00e1reas oscuras, iluminando escenas sin exponer demasiado las \u00e1reas brillantes.<br \/>\u25cf Salida Full HD (1920 X 1080) a 120Hz en PS5 y Xbox Series X\/S.<\/p>\n\t\t\t\t\t<\/div>\n\t\t\t\t<\/div>\n\t\t\t\t<\/div>\n\t\t\t\t\t<\/div>\n\t\t<\/div>\n\t\t\t\t<div class=\"elementor-column elementor-col-66 elementor-top-column elementor-element elementor-element-b692253\" data-id=\"b692253\" data-element_type=\"column\">\n\t\t\t<div class=\"elementor-widget-wrap elementor-element-populated\">\n\t\t\t\t\t\t\t\t<div class=\"elementor-element elementor-element-0fefcf7 elementor-widget elementor-widget-wd_image_or_svg\" data-id=\"0fefcf7\" data-element_type=\"widget\" data-widget_type=\"wd_image_or_svg.default\">\n\t\t\t\t<div class=\"elementor-widget-container\">\n\t\t\t\n\t\t<div class=\"wd-image text-center\">\n\t\t\t\t\t\t\t\t<img decoding=\"async\" src=\"https:\/\/tzila.mx\/dev\/wp-content\/uploads\/elementor\/thumbs\/VG24VQ1B-des-1-ppgt4v1n8094w7uamavep8a5tqk3gajev3f3gaw49g.png\" title=\"VG24VQ1B-des-1\" alt=\"VG24VQ1B-des-1\" \/>\t\t\t\t\t<\/div>\n\n\t\t\t\t<\/div>\n\t\t\t\t<\/div>\n\t\t\t\t\t<\/div>\n\t\t<\/div>\n\t\t\t\t\t\t\t<\/div>\n\t\t<\/section>\n\t\t\t\t<section class=\"elementor-section elementor-top-section elementor-element elementor-element-ec9e38a elementor-section-boxed elementor-section-height-default elementor-section-height-default wd-section-disabled\" data-id=\"ec9e38a\" data-element_type=\"section\">\n\t\t\t\t\t\t<div class=\"elementor-container elementor-column-gap-default\">\n\t\t\t\t\t<div class=\"elementor-column elementor-col-33 elementor-top-column elementor-element elementor-element-c833c6a\" data-id=\"c833c6a\" data-element_type=\"column\">\n\t\t\t<div class=\"elementor-widget-wrap elementor-element-populated\">\n\t\t\t\t\t\t\t\t<div class=\"elementor-element elementor-element-6ae12e9 elementor-widget elementor-widget-wd_text_block\" data-id=\"6ae12e9\" data-element_type=\"widget\" data-widget_type=\"wd_text_block.default\">\n\t\t\t\t<div class=\"elementor-widget-container\">\n\t\t\t\t\t<div class=\"wd-text-block reset-last-child text-left\">\n\t\t\t\n\t\t\t<h4>TUF gaming VG24VQ1B<\/h4><p>TUF Gaming VG24VQ1B es una pantalla curva Full HD (1920x1080) de 23,8 pulgadas con una frecuencia de actualizaci\u00f3n ultrarr\u00e1pida de 165 Hz dise\u00f1ada para jugadores profesionales y aquellos que buscan un juego inmersivo. Esas son algunas especificaciones serias, pero ni siquiera lo m\u00e1s emocionante que tiene reservado el VG24VQ1B. Su impresionante pantalla curva cuenta con una frecuencia de actualizaci\u00f3n de 165 Hz y tecnolog\u00eda FreeSync\u2122 Premium, para un juego extremadamente fluido sin desgarros ni tartamudeos.<\/p>\n\t\t\t\t\t<\/div>\n\t\t\t\t<\/div>\n\t\t\t\t<\/div>\n\t\t\t\t<div class=\"elementor-element elementor-element-8604524 elementor-widget elementor-widget-wd_image_or_svg\" data-id=\"8604524\" data-element_type=\"widget\" data-widget_type=\"wd_image_or_svg.default\">\n\t\t\t\t<div class=\"elementor-widget-container\">\n\t\t\t\n\t\t<div class=\"wd-image text-center\">\n\t\t\t\t\t\t\t\t<img loading=\"lazy\" decoding=\"async\" width=\"631\" height=\"606\" src=\"https:\/\/tzila.mx\/dev\/wp-content\/uploads\/2022\/05\/VG24VQ1B-des-2.png\" class=\"attachment-full size-full\" alt=\"\" srcset=\"https:\/\/tzila.mx\/dev\/wp-content\/uploads\/2022\/05\/VG24VQ1B-des-2.png 631w, https:\/\/tzila.mx\/dev\/wp-content\/uploads\/2022\/05\/VG24VQ1B-des-2-312x300.png 312w, https:\/\/tzila.mx\/dev\/wp-content\/uploads\/2022\/05\/VG24VQ1B-des-2-430x413.png 430w, https:\/\/tzila.mx\/dev\/wp-content\/uploads\/2022\/05\/VG24VQ1B-des-2-150x144.png 150w\" sizes=\"auto, (max-width: 631px) 100vw, 631px\" \/>\t\t\t\t\t<\/div>\n\n\t\t\t\t<\/div>\n\t\t\t\t<\/div>\n\t\t\t\t<div class=\"elementor-element elementor-element-e9bf201 elementor-widget elementor-widget-wd_text_block\" data-id=\"e9bf201\" data-element_type=\"widget\" data-widget_type=\"wd_text_block.default\">\n\t\t\t\t<div class=\"elementor-widget-container\">\n\t\t\t\t\t<div class=\"wd-text-block reset-last-child text-left\">\n\t\t\t\n\t\t\t<div class=\"row-content\" data-v-b7353816=\"\"><h4>Curvatura envolvente de 23,8 pulgadas<\/h4><p>El panel Full HD (1920 X 1080) de 23,8 pulgadas de TUF Gaming VG24VQ1B ofrece im\u00e1genes asombrosas desde todos los \u00e1ngulos con una curvatura 1500R que garantiza que cada punto est\u00e9 equidistante a sus ojos. Esto contribuye a una mayor comodidad de visualizaci\u00f3n, incluso durante un uso prolongado, y le permite disfrutar de un amplio \u00e1ngulo de visualizaci\u00f3n con menos distorsi\u00f3n y cambio de color cuando juega y mira pel\u00edculas.<\/p><\/div>\n\t\t\t\t\t<\/div>\n\t\t\t\t<\/div>\n\t\t\t\t<\/div>\n\t\t\t\t\t<\/div>\n\t\t<\/div>\n\t\t\t\t<div class=\"elementor-column elementor-col-33 elementor-top-column elementor-element elementor-element-e7b3bda\" data-id=\"e7b3bda\" data-element_type=\"column\">\n\t\t\t<div class=\"elementor-widget-wrap elementor-element-populated\">\n\t\t\t\t\t\t\t\t<div class=\"elementor-element elementor-element-4f49f18 elementor-widget elementor-widget-wd_text_block\" data-id=\"4f49f18\" data-element_type=\"widget\" data-widget_type=\"wd_text_block.default\">\n\t\t\t\t<div class=\"elementor-widget-container\">\n\t\t\t\t\t<div class=\"wd-text-block reset-last-child text-left\">\n\t\t\t\n\t\t\t<h4>Frecuencia de actualizaci\u00f3n de 165 Hz<\/h4><p>La frecuencia de actualizaci\u00f3n de TUF Gaming VG24VQ1B 165Hz* diezma el retraso y el desenfoque de movimiento para darle la ventaja en juegos de disparos en primera persona, carreras, estrategia en tiempo real y t\u00edtulos deportivos. Esta frecuencia de actualizaci\u00f3n ultrarr\u00e1pida le permite jugar con la configuraci\u00f3n visual m\u00e1s alta y le permite reaccionar instant\u00e1neamente a lo que est\u00e1 en pantalla, para que pueda dar el primer golpe.<\/p>\n\t\t\t\t\t<\/div>\n\t\t\t\t<\/div>\n\t\t\t\t<\/div>\n\t\t\t\t<div class=\"elementor-element elementor-element-696e1a7 elementor-widget elementor-widget-wd_image_or_svg\" data-id=\"696e1a7\" data-element_type=\"widget\" data-widget_type=\"wd_image_or_svg.default\">\n\t\t\t\t<div class=\"elementor-widget-container\">\n\t\t\t\n\t\t<div class=\"wd-image text-center\">\n\t\t\t\t\t\t\t\t<img decoding=\"async\" src=\"https:\/\/tzila.mx\/dev\/wp-content\/uploads\/elementor\/thumbs\/VG24VQ1B-des-3-ppgt5955mt7kicyci58h0h1cnu7cc8ny5g11cncrlw.png\" title=\"VG24VQ1B-des-3\" alt=\"VG24VQ1B-des-3\" \/>\t\t\t\t\t<\/div>\n\n\t\t\t\t<\/div>\n\t\t\t\t<\/div>\n\t\t\t\t<div class=\"elementor-element elementor-element-252ec94 elementor-widget elementor-widget-wd_text_block\" data-id=\"252ec94\" data-element_type=\"widget\" data-widget_type=\"wd_text_block.default\">\n\t\t\t\t<div class=\"elementor-widget-container\">\n\t\t\t\t\t<div class=\"wd-text-block reset-last-child text-left\">\n\t\t\t\n\t\t\t<h4>DESENFOQUE DE MOVIMIENTO EXTREMO BAJO<\/h4><p>VG24VQ1B Cuenta con la \u00faltima tecnolog\u00eda Extreme Low Motion Blur exclusiva de ASUS, que logra 1 ms MPRT para eliminar las manchas y el desenfoque de movimiento, y hace que los objetos en movimiento se vean m\u00e1s n\u00edtidos, por lo que el juego es m\u00e1s fluido y receptivo.<\/p>\n\t\t\t\t\t<\/div>\n\t\t\t\t<\/div>\n\t\t\t\t<\/div>\n\t\t\t\t\t<\/div>\n\t\t<\/div>\n\t\t\t\t<div class=\"elementor-column elementor-col-33 elementor-top-column elementor-element elementor-element-ba9b9c1\" data-id=\"ba9b9c1\" data-element_type=\"column\">\n\t\t\t<div class=\"elementor-widget-wrap elementor-element-populated\">\n\t\t\t\t\t\t\t\t<div class=\"elementor-element elementor-element-d0a2373 elementor-widget elementor-widget-wd_text_block\" data-id=\"d0a2373\" data-element_type=\"widget\" data-widget_type=\"wd_text_block.default\">\n\t\t\t\t<div class=\"elementor-widget-container\">\n\t\t\t\t\t<div class=\"wd-text-block reset-last-child text-left\">\n\t\t\t\n\t\t\t<h4 class=\"view-title gradient-title f-f-xolonium\">Mejoras para juegos<\/h4><p>\u25cf Shadow Boost<br \/>\u25cf GamePlus<br \/>\u25cf GameVisual<br \/>\u25cf Tecnolog\u00cda Flicker-Free<br \/>\u25cf Tecnolog\u00cda Ultra-Low Blue Light<\/p>\n\t\t\t\t\t<\/div>\n\t\t\t\t<\/div>\n\t\t\t\t<\/div>\n\t\t\t\t<div class=\"elementor-element elementor-element-7a297c2 elementor-widget elementor-widget-wd_image_or_svg\" data-id=\"7a297c2\" data-element_type=\"widget\" data-widget_type=\"wd_image_or_svg.default\">\n\t\t\t\t<div class=\"elementor-widget-container\">\n\t\t\t\n\t\t<div class=\"wd-image text-center\">\n\t\t\t\t\t\t\t\t<img decoding=\"async\" src=\"https:\/\/tzila.mx\/dev\/wp-content\/uploads\/elementor\/thumbs\/IMG-DES-VG27VH1B-1-ppcll64p7u8qyo7x781basovtojnkze30c6gaj570k.png\" title=\"IMG DES VG27VH1B-1\" alt=\"IMG DES VG27VH1B-1\" \/>\t\t\t\t\t<\/div>\n\n\t\t\t\t<\/div>\n\t\t\t\t<\/div>\n\t\t\t\t<div class=\"elementor-element elementor-element-7d838dd elementor-widget elementor-widget-wd_text_block\" data-id=\"7d838dd\" data-element_type=\"widget\" data-widget_type=\"wd_text_block.default\">\n\t\t\t\t<div class=\"elementor-widget-container\">\n\t\t\t\t\t<div class=\"wd-text-block reset-last-child text-left\">\n\t\t\t\n\t\t\t<h4 class=\"gradient-title f-f-xolonium\">Extensa conectividad<\/h4><p>Las amplias opciones de conectividad, que incluyen HDMI (v2.0), DisplayPort 1.2, conector para auriculares, admiten una amplia gama de dispositivos multimedia.<\/p><h4>Dise\u00f1o ergonomico<\/h4><p>El soporte dise\u00f1ado ergon\u00f3micamente proporciona un dise\u00f1o inclinable para que pueda encontrar f\u00e1cilmente su posici\u00f3n de visualizaci\u00f3n ideal. La pantalla tambi\u00e9n es compatible con VESA para montaje en pared<\/p>\n\t\t\t\t\t<\/div>\n\t\t\t\t<\/div>\n\t\t\t\t<\/div>\n\t\t\t\t<div class=\"elementor-element elementor-element-078b475 elementor-widget elementor-widget-wd_button\" data-id=\"078b475\" data-element_type=\"widget\" data-widget_type=\"wd_button.default\">\n\t\t\t\t<div class=\"elementor-widget-container\">\n\t\t\t\t\t<div class=\"wd-button-wrapper text-center\" >\n\t\t\t<a class=\"btn btn-style-link btn-shape- btn-size-large btn-scheme-light btn-scheme-hover-dark btn-icon-pos-right\"  href=\"https:\/\/dlcdnets.asus.com\/pub\/ASUS\/LCD%20Monitors\/VG24VQ1B\/ASUS_VG24VQ1B_UG_Spanish.pdf\" target=\"_blank\">\n\t\t\t\t<span class=\"wd-btn-text\" data-elementor-setting-key=\"text\">\n\t\t\t\t\tSaber m\u00e1s\t\t\t\t<\/span>\n\n\t\t\t\t\t\t\t<\/a>\n\t\t<\/div>\n\t\t\t\t<\/div>\n\t\t\t\t<\/div>\n\t\t\t\t\t<\/div>\n\t\t<\/div>\n\t\t\t\t\t\t\t<\/div>\n\t\t<\/section>\n\t\t\t\t\t\t<\/div>\n\t\t\t\t\t<\/div>\n\t\t","protected":false},"excerpt":{"rendered":"<h4>Caracter\u00edsticas principales:<\/h4>\n<p class=\"p1\"><span class=\"s1\">\u25cf<\/span><span class=\"s2\"> <span id=\"\" class=\"tech-details__item-label\" data-fetched=\"true\">Tama\u00f1o de la pantalla 23.8 pulgadas<\/span><\/span><br \/>\n<span class=\"s1\">\u25cf<span class=\"s2\"> Resoluci\u00f3n Full HD (1920 x 1080)<\/span><\/span><br \/>\n<span class=\"s1\">\u25cf<\/span> FreeSync\u2122 Premium<br \/>\n<span class=\"s1\">\u25cf<\/span><span class=\"s2\"> Velocidad de actualizaci\u00f3n<span id=\"\" class=\"tech-details__item-label\" data-fetched=\"true\"> 165Hz<\/span><\/span><br \/>\n<span class=\"s1\">\u25cf<\/span><span class=\"s2\"> <span id=\"\" class=\"tech-details__item-label\" data-fetched=\"true\">Tiempo de respuesta 1 ms (MPRT)<\/span><\/span><br \/>\n<span class=\"s1\">\u25cf<\/span><span class=\"s2\"> Extreme Low Motion Blur\u2122<\/span><\/p>\n","protected":false},"featured_media":13203,"comment_status":"open","ping_status":"closed","template":"","meta":[],"product_cat":[223,94,32,100],"product_tag":[218],"class_list":["post-13201","product","type-product","status-publish","has-post-thumbnail","hentry","product_cat-24-pulgadas","product_cat-monitores-set","product_cat-monitores","product_cat-asus","product_tag-tuf-gaming","pa_brand-asus"],"_links":{"self":[{"href":"https:\/\/tzila.mx\/dev\/wp-json\/wp\/v2\/product\/13201","targetHints":{"allow":["GET"]}}],"collection":[{"href":"https:\/\/tzila.mx\/dev\/wp-json\/wp\/v2\/product"}],"about":[{"href":"https:\/\/tzila.mx\/dev\/wp-json\/wp\/v2\/types\/product"}],"replies":[{"embeddable":true,"href":"https:\/\/tzila.mx\/dev\/wp-json\/wp\/v2\/comments?post=13201"}],"version-history":[{"count":5,"href":"https:\/\/tzila.mx\/dev\/wp-json\/wp\/v2\/product\/13201\/revisions"}],"predecessor-version":[{"id":13215,"href":"https:\/\/tzila.mx\/dev\/wp-json\/wp\/v2\/product\/13201\/revisions\/13215"}],"wp:featuredmedia":[{"embeddable":true,"href":"https:\/\/tzila.mx\/dev\/wp-json\/wp\/v2\/media\/13203"}],"wp:attachment":[{"href":"https:\/\/tzila.mx\/dev\/wp-json\/wp\/v2\/media?parent=13201"}],"wp:term":[{"taxonomy":"product_cat","embeddable":true,"href":"https:\/\/tzila.mx\/dev\/wp-json\/wp\/v2\/product_cat?post=13201"},{"taxonomy":"product_tag","embeddable":true,"href":"https:\/\/tzila.mx\/dev\/wp-json\/wp\/v2\/product_tag?post=13201"}],"curies":[{"name":"wp","href":"https:\/\/api.w.org\/{rel}","templated":true}]}}