{"id":13182,"date":"2022-05-27T23:43:31","date_gmt":"2022-05-28T04:43:31","guid":{"rendered":"https:\/\/tzila.mx\/dev\/?post_type=product&#038;p=13182"},"modified":"2022-06-16T20:07:50","modified_gmt":"2022-06-17T01:07:50","slug":"monitor-gamer-asus-24-full-hd-vp249qgr","status":"publish","type":"product","link":"https:\/\/tzila.mx\/dev\/producto\/monitor-gamer-asus-24-full-hd-vp249qgr\/","title":{"rendered":"Monitor Gamer ASUS  24&#8243; Full HD VP249QGR"},"content":{"rendered":"\t\t<div data-elementor-type=\"wp-post\" data-elementor-id=\"13182\" class=\"elementor elementor-13182\" data-elementor-settings=\"[]\">\n\t\t\t\t\t\t\t<div class=\"elementor-section-wrap\">\n\t\t\t\t\t\t\t<section class=\"elementor-section elementor-top-section elementor-element elementor-element-a77d38a elementor-section-boxed elementor-section-height-default elementor-section-height-default wd-section-disabled\" data-id=\"a77d38a\" data-element_type=\"section\">\n\t\t\t\t\t\t<div class=\"elementor-container elementor-column-gap-default\">\n\t\t\t\t\t<div class=\"elementor-column elementor-col-33 elementor-top-column elementor-element elementor-element-606b0e0\" data-id=\"606b0e0\" data-element_type=\"column\">\n\t\t\t<div class=\"elementor-widget-wrap elementor-element-populated\">\n\t\t\t\t\t\t\t\t<div class=\"elementor-element elementor-element-2efa55d elementor-widget elementor-widget-wd_text_block\" data-id=\"2efa55d\" data-element_type=\"widget\" data-widget_type=\"wd_text_block.default\">\n\t\t\t\t<div class=\"elementor-widget-container\">\n\t\t\t\t\t<div class=\"wd-text-block reset-last-child text-left\">\n\t\t\t\n\t\t\t<h5><strong>M\u00c1S ESPECIFICACIONES<\/strong><strong>:<\/strong><\/h5>\n\t\t\t\t\t<\/div>\n\t\t\t\t<\/div>\n\t\t\t\t<\/div>\n\t\t\t\t<div class=\"elementor-element elementor-element-00b20a9 elementor-widget elementor-widget-wd_text_block\" data-id=\"00b20a9\" data-element_type=\"widget\" data-widget_type=\"wd_text_block.default\">\n\t\t\t\t<div class=\"elementor-widget-container\">\n\t\t\t\t\t<div class=\"wd-text-block reset-last-child text-left\">\n\t\t\t\n\t\t\t<p>\u25cf Pantalla con retroiluminaci\u00f3n LED Full HD (1920 x 1080) de 23.8 pulgadas con panel IPS con \u00e1ngulo de visi\u00f3n amplio de178\u00b0<br \/>\u25cf Frecuencia de actualizaci\u00f3n de hasta 144Hz con tecnolog\u00eda Adaptive-Sync (FreeSync\u2122).<br \/>\u25cf La tecnolog\u00eda ASUS Extreme Low Motion Blur (ELMB\u2122) permite un tiempo de respuesta de 1ms (MPRT) en conjunto.<br \/>\u25cf Amplia conectividad que incluye puertos DisplayPort, HDMI y D-sub.<br \/>\u25cf Se puede montar en la pared VESA para ahorrar espacio en el escritorio.<br \/>\u25cf Admite Adaptive-Sync con tarjetas gr\u00e1ficas NVIDIA GeForce* y FreeSync con tarjetas gr\u00e1ficas AMD Radeon.<br \/>\u25cf Salida Full HD (1920 X 1080) @120Hz en PS5 y Xbox Series X\/S.<\/p>\n\t\t\t\t\t<\/div>\n\t\t\t\t<\/div>\n\t\t\t\t<\/div>\n\t\t\t\t\t<\/div>\n\t\t<\/div>\n\t\t\t\t<div class=\"elementor-column elementor-col-66 elementor-top-column elementor-element elementor-element-b692253\" data-id=\"b692253\" data-element_type=\"column\">\n\t\t\t<div class=\"elementor-widget-wrap elementor-element-populated\">\n\t\t\t\t\t\t\t\t<div class=\"elementor-element elementor-element-0fefcf7 elementor-widget elementor-widget-wd_image_or_svg\" data-id=\"0fefcf7\" data-element_type=\"widget\" data-widget_type=\"wd_image_or_svg.default\">\n\t\t\t\t<div class=\"elementor-widget-container\">\n\t\t\t\n\t\t<div class=\"wd-image text-center\">\n\t\t\t\t\t\t\t\t<img decoding=\"async\" src=\"https:\/\/tzila.mx\/dev\/wp-content\/uploads\/elementor\/thumbs\/VP249QGR-des-1-ppgr6fyznjejepriz1g0kg0p0j60kcger658dx7edw.png\" title=\"VP249QGR-des-1\" alt=\"VP249QGR-des-1\" \/>\t\t\t\t\t<\/div>\n\n\t\t\t\t<\/div>\n\t\t\t\t<\/div>\n\t\t\t\t\t<\/div>\n\t\t<\/div>\n\t\t\t\t\t\t\t<\/div>\n\t\t<\/section>\n\t\t\t\t<section class=\"elementor-section elementor-top-section elementor-element elementor-element-ec9e38a elementor-section-boxed elementor-section-height-default elementor-section-height-default wd-section-disabled\" data-id=\"ec9e38a\" data-element_type=\"section\">\n\t\t\t\t\t\t<div class=\"elementor-container elementor-column-gap-default\">\n\t\t\t\t\t<div class=\"elementor-column elementor-col-33 elementor-top-column elementor-element elementor-element-c833c6a\" data-id=\"c833c6a\" data-element_type=\"column\">\n\t\t\t<div class=\"elementor-widget-wrap elementor-element-populated\">\n\t\t\t\t\t\t\t\t<div class=\"elementor-element elementor-element-6ae12e9 elementor-widget elementor-widget-wd_text_block\" data-id=\"6ae12e9\" data-element_type=\"widget\" data-widget_type=\"wd_text_block.default\">\n\t\t\t\t<div class=\"elementor-widget-container\">\n\t\t\t\t\t<div class=\"wd-text-block reset-last-child text-left\">\n\t\t\t\n\t\t\t<h4>Funciones espec\u00edficas de gaming<\/h4><p>La pantalla para juegos ASUS VP249QGR est\u00e1 dise\u00f1ada para triunfar en el campo de los juegos profesionales. Con su panel Full HD IPS, frecuencia de actualizaci\u00f3n de 144 Hz con Adaptive-Sync (FreeSync\u2122) y MPRT de 1 ms para una visualizaci\u00f3n de juego s\u00faper fluida, difumina la l\u00ednea entre lo que es virtual y lo que es real para sumergirte en mundos de juego verdaderamente inmersivos. Incluso incluye funciones centradas en el jugador, como las tecnolog\u00edas ASUS GamePlus, para llevar su experiencia de juego a un nivel completamente nuevo.<\/p>\n\t\t\t\t\t<\/div>\n\t\t\t\t<\/div>\n\t\t\t\t<\/div>\n\t\t\t\t<div class=\"elementor-element elementor-element-56cc7a2 elementor-widget elementor-widget-wd_image_or_svg\" data-id=\"56cc7a2\" data-element_type=\"widget\" data-widget_type=\"wd_image_or_svg.default\">\n\t\t\t\t<div class=\"elementor-widget-container\">\n\t\t\t\n\t\t<div class=\"wd-image text-left\">\n\t\t\t\t\t\t\t\t<img loading=\"lazy\" decoding=\"async\" width=\"1031\" height=\"537\" src=\"https:\/\/tzila.mx\/dev\/wp-content\/uploads\/2022\/05\/VP28UQG-des-2.png\" class=\"attachment-full size-full\" alt=\"\" srcset=\"https:\/\/tzila.mx\/dev\/wp-content\/uploads\/2022\/05\/VP28UQG-des-2.png 1031w, https:\/\/tzila.mx\/dev\/wp-content\/uploads\/2022\/05\/VP28UQG-des-2-400x208.png 400w, https:\/\/tzila.mx\/dev\/wp-content\/uploads\/2022\/05\/VP28UQG-des-2-768x400.png 768w, https:\/\/tzila.mx\/dev\/wp-content\/uploads\/2022\/05\/VP28UQG-des-2-860x448.png 860w, https:\/\/tzila.mx\/dev\/wp-content\/uploads\/2022\/05\/VP28UQG-des-2-430x224.png 430w, https:\/\/tzila.mx\/dev\/wp-content\/uploads\/2022\/05\/VP28UQG-des-2-700x365.png 700w, https:\/\/tzila.mx\/dev\/wp-content\/uploads\/2022\/05\/VP28UQG-des-2-150x78.png 150w\" sizes=\"auto, (max-width: 1031px) 100vw, 1031px\" \/>\t\t\t\t\t<\/div>\n\n\t\t\t\t<\/div>\n\t\t\t\t<\/div>\n\t\t\t\t<div class=\"elementor-element elementor-element-e9bf201 elementor-widget elementor-widget-wd_text_block\" data-id=\"e9bf201\" data-element_type=\"widget\" data-widget_type=\"wd_text_block.default\">\n\t\t\t\t<div class=\"elementor-widget-container\">\n\t\t\t\t\t<div class=\"wd-text-block reset-last-child text-left\">\n\t\t\t\n\t\t\t<h4>Disfruta de una experiencia de juego fluida y sin tartamudeos<\/h4><p>Frecuencia de actualizaci\u00f3n de hasta 144 Hz con tecnolog\u00eda Adaptive-Sync (FreeSync\u2122) y 1 ms MPRT diezma el retraso y el desenfoque de movimiento para darle la ventaja en juegos de disparos en primera persona, carreras, estrategia en tiempo real y t\u00edtulos deportivos. Esta frecuencia de actualizaci\u00f3n ultrarr\u00e1pida le permite jugar con la configuraci\u00f3n visual m\u00e1s alta y le permite reaccionar instant\u00e1neamente a lo que est\u00e1 en pantalla, para que pueda dar el primer golpe.<\/p>\n\t\t\t\t\t<\/div>\n\t\t\t\t<\/div>\n\t\t\t\t<\/div>\n\t\t\t\t<div class=\"elementor-element elementor-element-252ec94 elementor-widget elementor-widget-wd_text_block\" data-id=\"252ec94\" data-element_type=\"widget\" data-widget_type=\"wd_text_block.default\">\n\t\t\t\t<div class=\"elementor-widget-container\">\n\t\t\t\t\t<div class=\"wd-text-block reset-last-child text-left\">\n\t\t\t\n\t\t\t<h4>Conectividad robusta<\/h4><p>Ya sea que est\u00e9 jugando o transmitiendo videos, ASUS VP249QGR le brinda una experiencia de juego fluida de 144 Hz a trav\u00e9s de los puertos DisplayPort y HDMI.<\/p>\n\t\t\t\t\t<\/div>\n\t\t\t\t<\/div>\n\t\t\t\t<\/div>\n\t\t\t\t\t<\/div>\n\t\t<\/div>\n\t\t\t\t<div class=\"elementor-column elementor-col-33 elementor-top-column elementor-element elementor-element-e7b3bda\" data-id=\"e7b3bda\" data-element_type=\"column\">\n\t\t\t<div class=\"elementor-widget-wrap elementor-element-populated\">\n\t\t\t\t\t\t\t\t<div class=\"elementor-element elementor-element-4f49f18 elementor-widget elementor-widget-wd_text_block\" data-id=\"4f49f18\" data-element_type=\"widget\" data-widget_type=\"wd_text_block.default\">\n\t\t\t\t<div class=\"elementor-widget-container\">\n\t\t\t\t\t<div class=\"wd-text-block reset-last-child text-left\">\n\t\t\t\n\t\t\t<h4>Tecnolog\u00eda Shadow Boost<\/h4><p>La tecnolog\u00eda ASUS Shadow Boost aclara las \u00e1reas oscuras del mundo del juego sin sobreexponer las \u00e1reas m\u00e1s brillantes, lo que mejora la visualizaci\u00f3n general y facilita la detecci\u00f3n de enemigos ocultos en \u00e1reas oscuras del mapa.<\/p>\n\t\t\t\t\t<\/div>\n\t\t\t\t<\/div>\n\t\t\t\t<\/div>\n\t\t\t\t<div class=\"elementor-element elementor-element-f8f184f elementor-widget elementor-widget-wd_image_or_svg\" data-id=\"f8f184f\" data-element_type=\"widget\" data-widget_type=\"wd_image_or_svg.default\">\n\t\t\t\t<div class=\"elementor-widget-container\">\n\t\t\t\n\t\t<div class=\"wd-image text-left\">\n\t\t\t\t\t\t\t\t<img loading=\"lazy\" decoding=\"async\" width=\"898\" height=\"581\" src=\"https:\/\/tzila.mx\/dev\/wp-content\/uploads\/2022\/05\/VP249QGR-des-2.png\" class=\"attachment-full size-full\" alt=\"\" srcset=\"https:\/\/tzila.mx\/dev\/wp-content\/uploads\/2022\/05\/VP249QGR-des-2.png 898w, https:\/\/tzila.mx\/dev\/wp-content\/uploads\/2022\/05\/VP249QGR-des-2-400x259.png 400w, https:\/\/tzila.mx\/dev\/wp-content\/uploads\/2022\/05\/VP249QGR-des-2-768x497.png 768w, https:\/\/tzila.mx\/dev\/wp-content\/uploads\/2022\/05\/VP249QGR-des-2-860x556.png 860w, https:\/\/tzila.mx\/dev\/wp-content\/uploads\/2022\/05\/VP249QGR-des-2-430x278.png 430w, https:\/\/tzila.mx\/dev\/wp-content\/uploads\/2022\/05\/VP249QGR-des-2-700x453.png 700w, https:\/\/tzila.mx\/dev\/wp-content\/uploads\/2022\/05\/VP249QGR-des-2-150x97.png 150w\" sizes=\"auto, (max-width: 898px) 100vw, 898px\" \/>\t\t\t\t\t<\/div>\n\n\t\t\t\t<\/div>\n\t\t\t\t<\/div>\n\t\t\t\t<div class=\"elementor-element elementor-element-d0a2373 elementor-widget elementor-widget-wd_text_block\" data-id=\"d0a2373\" data-element_type=\"widget\" data-widget_type=\"wd_text_block.default\">\n\t\t\t\t<div class=\"elementor-widget-container\">\n\t\t\t\t\t<div class=\"wd-text-block reset-last-child text-left\">\n\t\t\t\n\t\t\t<h4>Tecnolog\u00eda GamePlus exclusiva de ASUS<\/h4><p>ASUS VP249QGR cuenta con GamePlus exclusivo de ASUS para brindarle mejoras en el juego que lo ayudan a sacar m\u00e1s provecho de su juego. Estas herramientas permiten a los jugadores practicar y mejorar sus habilidades de juego.<br \/>Esta funci\u00f3n se desarrolla conjuntamente con las aportaciones de los jugadores profesionales, lo que les permite practicar y mejorar sus habilidades de juego.<\/p><h4>Punto de mira<\/h4><p>Puede elegir entre cuatro puntos de mira persistentes y ajustar su posici\u00f3n, lo que garantiza una precisi\u00f3n milim\u00e9trica en los juegos de disparos en primera persona. Disfruta de una punter\u00eda perfecta incluso cuando el juego no proporciona su propia mira o punto de mira.<\/p>\n\t\t\t\t\t<\/div>\n\t\t\t\t<\/div>\n\t\t\t\t<\/div>\n\t\t\t\t\t<\/div>\n\t\t<\/div>\n\t\t\t\t<div class=\"elementor-column elementor-col-33 elementor-top-column elementor-element elementor-element-ba9b9c1\" data-id=\"ba9b9c1\" data-element_type=\"column\">\n\t\t\t<div class=\"elementor-widget-wrap elementor-element-populated\">\n\t\t\t\t\t\t\t\t<div class=\"elementor-element elementor-element-2a1274e elementor-widget elementor-widget-wd_image_or_svg\" data-id=\"2a1274e\" data-element_type=\"widget\" data-widget_type=\"wd_image_or_svg.default\">\n\t\t\t\t<div class=\"elementor-widget-container\">\n\t\t\t\n\t\t<div class=\"wd-image text-left\">\n\t\t\t\t\t\t\t\t<img loading=\"lazy\" decoding=\"async\" width=\"555\" height=\"405\" src=\"https:\/\/tzila.mx\/dev\/wp-content\/uploads\/2022\/05\/VP28UQG-des-5.png\" class=\"attachment-full size-full\" alt=\"\" srcset=\"https:\/\/tzila.mx\/dev\/wp-content\/uploads\/2022\/05\/VP28UQG-des-5.png 555w, https:\/\/tzila.mx\/dev\/wp-content\/uploads\/2022\/05\/VP28UQG-des-5-400x292.png 400w, https:\/\/tzila.mx\/dev\/wp-content\/uploads\/2022\/05\/VP28UQG-des-5-430x314.png 430w, https:\/\/tzila.mx\/dev\/wp-content\/uploads\/2022\/05\/VP28UQG-des-5-150x109.png 150w\" sizes=\"auto, (max-width: 555px) 100vw, 555px\" \/>\t\t\t\t\t<\/div>\n\n\t\t\t\t<\/div>\n\t\t\t\t<\/div>\n\t\t\t\t<div class=\"elementor-element elementor-element-6fe338d elementor-widget elementor-widget-wd_text_block\" data-id=\"6fe338d\" data-element_type=\"widget\" data-widget_type=\"wd_text_block.default\">\n\t\t\t\t<div class=\"elementor-widget-container\">\n\t\t\t\t\t<div class=\"wd-text-block reset-last-child text-left\">\n\t\t\t\n\t\t\t<h4>Preparado para maratones de gaming<\/h4><div class=\"ptxt\"><div class=\"title\">Tecnolog\u00eda Luz azul de baja intensidad<\/div><div class=\"info\">Este monitor incorpora un filtro para protegerte contra la luz azul perjudicial con certificaci\u00f3n de los laboratorios T\u00dcV Rheinland. El men\u00fa OSD incluye un apartado con cuatro configuraciones de filtro para que adec\u00faes la respuesta del monitor seg\u00fan el uso que le des en cada momento.<\/div><\/div><div>\u00a0<\/div><div>Nivel de reducci\u00f3n de luz azul<\/div><div>\u00a0<\/div><div>Los monitores VP249QGR se someten a las pruebas de rendimiento m\u00e1s exigentes y cuentan con la certificaci\u00f3n Antiparpadeo y Luz azul reducida de los laboratorios T\u00dcV Rheinland, proveedor global de certificaciones t\u00e9cnicas y de servicio.<\/div><div>\u00a0<\/div><div><div class=\"fcontent\"><div class=\"title\">Tecnolog\u00eda Antiparpadeo<\/div><div class=\"info\">Esta tecnolog\u00eda reduce el parpadeo para ofrecerte una experiencia gaming m\u00e1s c\u00f3moda y minimizar la fatiga visual y otros efectos adversos relacionados con las largas sesiones de gaming.<\/div><\/div><\/div>\n\t\t\t\t\t<\/div>\n\t\t\t\t<\/div>\n\t\t\t\t<\/div>\n\t\t\t\t<div class=\"elementor-element elementor-element-078b475 elementor-widget elementor-widget-wd_button\" data-id=\"078b475\" data-element_type=\"widget\" data-widget_type=\"wd_button.default\">\n\t\t\t\t<div class=\"elementor-widget-container\">\n\t\t\t\t\t<div class=\"wd-button-wrapper text-center\" >\n\t\t\t<a class=\"btn btn-style-link btn-shape- btn-size-large btn-scheme-light btn-scheme-hover-dark btn-icon-pos-right\"  href=\"https:\/\/dlcdnets.asus.com\/pub\/ASUS\/LCD%20Monitors\/VP249QGR\/ASUS_VP249QGR_Spanish_20191217.pdf\" target=\"_blank\">\n\t\t\t\t<span class=\"wd-btn-text\" data-elementor-setting-key=\"text\">\n\t\t\t\t\tSaber m\u00e1s\t\t\t\t<\/span>\n\n\t\t\t\t\t\t\t<\/a>\n\t\t<\/div>\n\t\t\t\t<\/div>\n\t\t\t\t<\/div>\n\t\t\t\t\t<\/div>\n\t\t<\/div>\n\t\t\t\t\t\t\t<\/div>\n\t\t<\/section>\n\t\t\t\t\t\t<\/div>\n\t\t\t\t\t<\/div>\n\t\t","protected":false},"excerpt":{"rendered":"<h4>Caracter\u00edsticas principales:<\/h4>\n<p class=\"p1\"><span class=\"s1\">\u25cf<\/span><span class=\"s2\"> <span id=\"\" class=\"tech-details__item-label\" data-fetched=\"true\">Tama\u00f1o de la pantalla 24 pulgadas<\/span><\/span><br \/>\n<span class=\"s1\">\u25cf <\/span>Resoluci\u00f3n LED Full HD (1920 x 1080)<br \/>\n<span class=\"s1\">\u25cf<\/span> Frecuencia de actualizaci\u00f3n (Max) : 144Hz<br \/>\n<span class=\"s1\">\u25cf<\/span> Tiempo de respuesta 1ms MPRT<br \/>\n<span class=\"s1\">\u25cf<\/span><span class=\"s2\"> Admite Adaptive-Sync NVIDIA GeForce* y FreeSync con AMD Radeon<\/span><br \/>\n<span class=\"s1\">\u25cf<\/span><span class=\"s2\"> Tecnolog\u00eda ASUS Extreme Low Motion Blur (ELMB\u2122)<\/span><\/p>\n","protected":false},"featured_media":13183,"comment_status":"open","ping_status":"closed","template":"","meta":[],"product_cat":[223,94,32,100],"product_tag":[221],"class_list":["post-13182","product","type-product","status-publish","has-post-thumbnail","hentry","product_cat-24-pulgadas","product_cat-monitores-set","product_cat-monitores","product_cat-asus","product_tag-asus","pa_brand-asus"],"_links":{"self":[{"href":"https:\/\/tzila.mx\/dev\/wp-json\/wp\/v2\/product\/13182","targetHints":{"allow":["GET"]}}],"collection":[{"href":"https:\/\/tzila.mx\/dev\/wp-json\/wp\/v2\/product"}],"about":[{"href":"https:\/\/tzila.mx\/dev\/wp-json\/wp\/v2\/types\/product"}],"replies":[{"embeddable":true,"href":"https:\/\/tzila.mx\/dev\/wp-json\/wp\/v2\/comments?post=13182"}],"version-history":[{"count":12,"href":"https:\/\/tzila.mx\/dev\/wp-json\/wp\/v2\/product\/13182\/revisions"}],"predecessor-version":[{"id":15259,"href":"https:\/\/tzila.mx\/dev\/wp-json\/wp\/v2\/product\/13182\/revisions\/15259"}],"wp:featuredmedia":[{"embeddable":true,"href":"https:\/\/tzila.mx\/dev\/wp-json\/wp\/v2\/media\/13183"}],"wp:attachment":[{"href":"https:\/\/tzila.mx\/dev\/wp-json\/wp\/v2\/media?parent=13182"}],"wp:term":[{"taxonomy":"product_cat","embeddable":true,"href":"https:\/\/tzila.mx\/dev\/wp-json\/wp\/v2\/product_cat?post=13182"},{"taxonomy":"product_tag","embeddable":true,"href":"https:\/\/tzila.mx\/dev\/wp-json\/wp\/v2\/product_tag?post=13182"}],"curies":[{"name":"wp","href":"https:\/\/api.w.org\/{rel}","templated":true}]}}