{"id":13136,"date":"2022-05-27T22:31:02","date_gmt":"2022-05-28T03:31:02","guid":{"rendered":"https:\/\/tzila.mx\/dev\/?post_type=product&#038;p=13136"},"modified":"2022-06-16T20:07:51","modified_gmt":"2022-06-17T01:07:51","slug":"monitor-gamer-asus-24-full-hd-vz249qg1r","status":"publish","type":"product","link":"https:\/\/tzila.mx\/dev\/producto\/monitor-gamer-asus-24-full-hd-vz249qg1r\/","title":{"rendered":"Monitor Gamer ASUS  24&#8243; Full HD VZ249QG1R"},"content":{"rendered":"\t\t<div data-elementor-type=\"wp-post\" data-elementor-id=\"13136\" class=\"elementor elementor-13136\" data-elementor-settings=\"[]\">\n\t\t\t\t\t\t\t<div class=\"elementor-section-wrap\">\n\t\t\t\t\t\t\t<section class=\"elementor-section elementor-top-section elementor-element elementor-element-a77d38a elementor-section-boxed elementor-section-height-default elementor-section-height-default wd-section-disabled\" data-id=\"a77d38a\" data-element_type=\"section\">\n\t\t\t\t\t\t<div class=\"elementor-container elementor-column-gap-default\">\n\t\t\t\t\t<div class=\"elementor-column elementor-col-33 elementor-top-column elementor-element elementor-element-606b0e0\" data-id=\"606b0e0\" data-element_type=\"column\">\n\t\t\t<div class=\"elementor-widget-wrap elementor-element-populated\">\n\t\t\t\t\t\t\t\t<div class=\"elementor-element elementor-element-2efa55d elementor-widget elementor-widget-wd_text_block\" data-id=\"2efa55d\" data-element_type=\"widget\" data-widget_type=\"wd_text_block.default\">\n\t\t\t\t<div class=\"elementor-widget-container\">\n\t\t\t\t\t<div class=\"wd-text-block reset-last-child text-left\">\n\t\t\t\n\t\t\t<h5><strong>M\u00c1S ESPECIFICACIONES<\/strong><strong>:<\/strong><\/h5>\n\t\t\t\t\t<\/div>\n\t\t\t\t<\/div>\n\t\t\t\t<\/div>\n\t\t\t\t<div class=\"elementor-element elementor-element-00b20a9 elementor-widget elementor-widget-wd_text_block\" data-id=\"00b20a9\" data-element_type=\"widget\" data-widget_type=\"wd_text_block.default\">\n\t\t\t\t<div class=\"elementor-widget-container\">\n\t\t\t\t\t<div class=\"wd-text-block reset-last-child text-left\">\n\t\t\t\n\t\t\t<p>\u25cf Monitor de juegos Full HD de 23.8 pulgadas (1920 x 1080) con frecuencia de actualizaci\u00f3n de 75 Hz<br \/>\u25cf La tecnolog\u00eda ASUS Extreme Low Motion Blur (ELMB\u2122) permite un tiempo de respuesta de 1ms (MPRT) junto con Adaptive-sync.<br \/>\u25cf La tecnolog\u00eda FreeSync es compatible a trav\u00e9s de puertos DP y HDMI que brindan frecuencias de actualizaci\u00f3n variables para una latencia baja.<br \/>\u25cf Funci\u00f3n exclusiva de GamePlus delicadamente dise\u00f1ada para cada necesidad de juego.<br \/>\u25cf Altavoces est\u00e9reo de 2W incorporados para una experiencia de entretenimiento en el hogar envolvente.<\/p>\n\t\t\t\t\t<\/div>\n\t\t\t\t<\/div>\n\t\t\t\t<\/div>\n\t\t\t\t\t<\/div>\n\t\t<\/div>\n\t\t\t\t<div class=\"elementor-column elementor-col-66 elementor-top-column elementor-element elementor-element-b692253\" data-id=\"b692253\" data-element_type=\"column\">\n\t\t\t<div class=\"elementor-widget-wrap elementor-element-populated\">\n\t\t\t\t\t\t\t\t<div class=\"elementor-element elementor-element-0fefcf7 elementor-widget elementor-widget-wd_image_or_svg\" data-id=\"0fefcf7\" data-element_type=\"widget\" data-widget_type=\"wd_image_or_svg.default\">\n\t\t\t\t<div class=\"elementor-widget-container\">\n\t\t\t\n\t\t<div class=\"wd-image text-center\">\n\t\t\t\t\t\t\t\t<img loading=\"lazy\" decoding=\"async\" width=\"1213\" height=\"639\" src=\"https:\/\/tzila.mx\/dev\/wp-content\/uploads\/2022\/05\/VZ249QG1R-des-1.png\" class=\"attachment-full size-full\" alt=\"\" srcset=\"https:\/\/tzila.mx\/dev\/wp-content\/uploads\/2022\/05\/VZ249QG1R-des-1.png 1213w, https:\/\/tzila.mx\/dev\/wp-content\/uploads\/2022\/05\/VZ249QG1R-des-1-400x211.png 400w, https:\/\/tzila.mx\/dev\/wp-content\/uploads\/2022\/05\/VZ249QG1R-des-1-768x405.png 768w, https:\/\/tzila.mx\/dev\/wp-content\/uploads\/2022\/05\/VZ249QG1R-des-1-860x453.png 860w, https:\/\/tzila.mx\/dev\/wp-content\/uploads\/2022\/05\/VZ249QG1R-des-1-430x227.png 430w, https:\/\/tzila.mx\/dev\/wp-content\/uploads\/2022\/05\/VZ249QG1R-des-1-700x369.png 700w, https:\/\/tzila.mx\/dev\/wp-content\/uploads\/2022\/05\/VZ249QG1R-des-1-150x79.png 150w\" sizes=\"auto, (max-width: 1213px) 100vw, 1213px\" \/>\t\t\t\t\t<\/div>\n\n\t\t\t\t<\/div>\n\t\t\t\t<\/div>\n\t\t\t\t\t<\/div>\n\t\t<\/div>\n\t\t\t\t\t\t\t<\/div>\n\t\t<\/section>\n\t\t\t\t<section class=\"elementor-section elementor-top-section elementor-element elementor-element-ec9e38a elementor-section-boxed elementor-section-height-default elementor-section-height-default wd-section-disabled\" data-id=\"ec9e38a\" data-element_type=\"section\">\n\t\t\t\t\t\t<div class=\"elementor-container elementor-column-gap-default\">\n\t\t\t\t\t<div class=\"elementor-column elementor-col-33 elementor-top-column elementor-element elementor-element-c833c6a\" data-id=\"c833c6a\" data-element_type=\"column\">\n\t\t\t<div class=\"elementor-widget-wrap elementor-element-populated\">\n\t\t\t\t\t\t\t\t<div class=\"elementor-element elementor-element-6ae12e9 elementor-widget elementor-widget-wd_text_block\" data-id=\"6ae12e9\" data-element_type=\"widget\" data-widget_type=\"wd_text_block.default\">\n\t\t\t\t<div class=\"elementor-widget-container\">\n\t\t\t\t\t<div class=\"wd-text-block reset-last-child text-left\">\n\t\t\t\n\t\t\t<h4>Funciones espec\u00edficas de gaming<\/h4><p>El monitor para juegos ASUS VZ249Q1R est\u00e1 dise\u00f1ado para la victoria en el campo de los juegos. Con su panel IPS Full HD y su tiempo de respuesta de 1 ms, difumina la l\u00ednea entre lo virtual y lo real para atraerte a mundos de juego realmente inmersivos. Incluso incluye funciones centradas en el jugador como las tecnolog\u00edas ASUS GamePlus para llevar tu experiencia de juego a un nivel completamente nuevo.<\/p>\n\t\t\t\t\t<\/div>\n\t\t\t\t<\/div>\n\t\t\t\t<\/div>\n\t\t\t\t<div class=\"elementor-element elementor-element-56cc7a2 elementor-widget elementor-widget-wd_image_or_svg\" data-id=\"56cc7a2\" data-element_type=\"widget\" data-widget_type=\"wd_image_or_svg.default\">\n\t\t\t\t<div class=\"elementor-widget-container\">\n\t\t\t\n\t\t<div class=\"wd-image text-left\">\n\t\t\t\t\t\t\t\t<img loading=\"lazy\" decoding=\"async\" width=\"1244\" height=\"651\" src=\"https:\/\/tzila.mx\/dev\/wp-content\/uploads\/2022\/05\/VZ249QG1R-des-2.png\" class=\"attachment-full size-full\" alt=\"\" srcset=\"https:\/\/tzila.mx\/dev\/wp-content\/uploads\/2022\/05\/VZ249QG1R-des-2.png 1244w, https:\/\/tzila.mx\/dev\/wp-content\/uploads\/2022\/05\/VZ249QG1R-des-2-400x209.png 400w, https:\/\/tzila.mx\/dev\/wp-content\/uploads\/2022\/05\/VZ249QG1R-des-2-768x402.png 768w, https:\/\/tzila.mx\/dev\/wp-content\/uploads\/2022\/05\/VZ249QG1R-des-2-860x450.png 860w, https:\/\/tzila.mx\/dev\/wp-content\/uploads\/2022\/05\/VZ249QG1R-des-2-430x225.png 430w, https:\/\/tzila.mx\/dev\/wp-content\/uploads\/2022\/05\/VZ249QG1R-des-2-700x366.png 700w, https:\/\/tzila.mx\/dev\/wp-content\/uploads\/2022\/05\/VZ249QG1R-des-2-150x78.png 150w\" sizes=\"auto, (max-width: 1244px) 100vw, 1244px\" \/>\t\t\t\t\t<\/div>\n\n\t\t\t\t<\/div>\n\t\t\t\t<\/div>\n\t\t\t\t<div class=\"elementor-element elementor-element-e9bf201 elementor-widget elementor-widget-wd_text_block\" data-id=\"e9bf201\" data-element_type=\"widget\" data-widget_type=\"wd_text_block.default\">\n\t\t\t\t<div class=\"elementor-widget-container\">\n\t\t\t\t\t<div class=\"wd-text-block reset-last-child text-left\">\n\t\t\t\n\t\t\t<div class=\"maintitle\" data-anchor=\"Stunning\"><div class=\"mtitle\"><h4>Pantalla IPS Full HD de 23.8 pulgadas con un nuevo dise\u00f1o para juegos<\/h4><\/div><div class=\"info\">Con su pantalla IPS Full HD de 23.8 pulgadas, ASUS VZ249QG1R te ofrece un nuevo dise\u00f1o de juego: Basado en Turbo Rim que combina con la configuraci\u00f3n de juego perfecta. Tambi\u00e9n proporciona una funci\u00f3n de ahorro de espacio con un perfil ultradelgado que mide solo 7.5 mm de dise\u00f1o sin marco.<\/div><\/div>\n\t\t\t\t\t<\/div>\n\t\t\t\t<\/div>\n\t\t\t\t<\/div>\n\t\t\t\t<div class=\"elementor-element elementor-element-252ec94 elementor-widget elementor-widget-wd_text_block\" data-id=\"252ec94\" data-element_type=\"widget\" data-widget_type=\"wd_text_block.default\">\n\t\t\t\t<div class=\"elementor-widget-container\">\n\t\t\t\t\t<div class=\"wd-text-block reset-last-child text-left\">\n\t\t\t\n\t\t\t<div class=\"mtitle\"><h4>Conectividad robusta<\/h4><\/div><div class=\"info\">Ya sea que est\u00e9s jugando o transmitiendo videos, ASUS VZ249QG1R te brinda amplias opciones de conectividad, que incluyen DisplayPort 1.2, HDMI (v 1.4) y conector para aud\u00edfonos para admitir una amplia gama de dispositivos multimedia.<\/div>\n\t\t\t\t\t<\/div>\n\t\t\t\t<\/div>\n\t\t\t\t<\/div>\n\t\t\t\t\t<\/div>\n\t\t<\/div>\n\t\t\t\t<div class=\"elementor-column elementor-col-33 elementor-top-column elementor-element elementor-element-e7b3bda\" data-id=\"e7b3bda\" data-element_type=\"column\">\n\t\t\t<div class=\"elementor-widget-wrap elementor-element-populated\">\n\t\t\t\t\t\t\t\t<div class=\"elementor-element elementor-element-d0a2373 elementor-widget elementor-widget-wd_text_block\" data-id=\"d0a2373\" data-element_type=\"widget\" data-widget_type=\"wd_text_block.default\">\n\t\t\t\t<div class=\"elementor-widget-container\">\n\t\t\t\t\t<div class=\"wd-text-block reset-last-child text-left\">\n\t\t\t\n\t\t\t<h4 class=\"stitle\">Tecnolog\u00eda GamePlus exclusiva de ASUS<\/h4><div class=\"info\">La tecnolog\u00eda GamePlus exclusiva de ASUS, desarrollada conjuntamente con jugadores profesionales, ofrece mejoras en el juego que te ayudan a sacar m\u00e1s provecho de tu juego. Estas herramientas permiten a los jugadores practicar y mejorar sus habilidades de juego.<\/div><div>\u00a0<\/div><h4><b>Mira<\/b><\/h4><p>Puedes elegir entre seis puntos de mira persistentes y ajustar tu posici\u00f3n, lo que garantiza una precisi\u00f3n milim\u00e9trica en los juegos de disparos en primera persona. Disfruta de una punter\u00eda perfecta incluso cuando el juego no tenga su propia mira o punto de mira.<\/p>\n\t\t\t\t\t<\/div>\n\t\t\t\t<\/div>\n\t\t\t\t<\/div>\n\t\t\t\t<div class=\"elementor-element elementor-element-f8f184f elementor-widget elementor-widget-wd_image_or_svg\" data-id=\"f8f184f\" data-element_type=\"widget\" data-widget_type=\"wd_image_or_svg.default\">\n\t\t\t\t<div class=\"elementor-widget-container\">\n\t\t\t\n\t\t<div class=\"wd-image text-left\">\n\t\t\t\t\t\t\t\t<img loading=\"lazy\" decoding=\"async\" width=\"1108\" height=\"580\" src=\"https:\/\/tzila.mx\/dev\/wp-content\/uploads\/2022\/05\/VZ249QG1R-des-3.png\" class=\"attachment-full size-full\" alt=\"\" srcset=\"https:\/\/tzila.mx\/dev\/wp-content\/uploads\/2022\/05\/VZ249QG1R-des-3.png 1108w, https:\/\/tzila.mx\/dev\/wp-content\/uploads\/2022\/05\/VZ249QG1R-des-3-400x209.png 400w, https:\/\/tzila.mx\/dev\/wp-content\/uploads\/2022\/05\/VZ249QG1R-des-3-768x402.png 768w, https:\/\/tzila.mx\/dev\/wp-content\/uploads\/2022\/05\/VZ249QG1R-des-3-860x450.png 860w, https:\/\/tzila.mx\/dev\/wp-content\/uploads\/2022\/05\/VZ249QG1R-des-3-430x225.png 430w, https:\/\/tzila.mx\/dev\/wp-content\/uploads\/2022\/05\/VZ249QG1R-des-3-700x366.png 700w, https:\/\/tzila.mx\/dev\/wp-content\/uploads\/2022\/05\/VZ249QG1R-des-3-150x79.png 150w\" sizes=\"auto, (max-width: 1108px) 100vw, 1108px\" \/>\t\t\t\t\t<\/div>\n\n\t\t\t\t<\/div>\n\t\t\t\t<\/div>\n\t\t\t\t<div class=\"elementor-element elementor-element-4f49f18 elementor-widget elementor-widget-wd_text_block\" data-id=\"4f49f18\" data-element_type=\"widget\" data-widget_type=\"wd_text_block.default\">\n\t\t\t\t<div class=\"elementor-widget-container\">\n\t\t\t\t\t<div class=\"wd-text-block reset-last-child text-left\">\n\t\t\t\n\t\t\t<div class=\"mtitle\" data-anchor=\"Smooth4k\"><h4>MPRT de 1 ms ultrarr\u00e1pido y frecuencia de actualizaci\u00f3n de 75 Hz<\/h4><\/div><div class=\"info\">Incluso con los juegos m\u00e1s r\u00e1pidos de la actualidad, ASUS VZ249QG1R elimina las manchas y el desenfoque de movimiento gracias a un tiempo de respuesta de 1 ms (MPRT) y una frecuencia de actualizaci\u00f3n de 75 Hz. Este asombroso rendimiento visual te permite reaccionar instintivamente a lo que ves en la pantalla, para que puedas tomar curvas como un piloto de autos de carrera profesional o eliminar a un enemigo con un tiro en la cabeza mientras mira a escondidas. Adem\u00e1s, Adaptive-Sync \/ FreeSync\u2122 elimina el desgarro de la pantalla y las velocidades de cuadro entrecortadas para un juego a\u00fan m\u00e1s fluido<\/div>\n\t\t\t\t\t<\/div>\n\t\t\t\t<\/div>\n\t\t\t\t<\/div>\n\t\t\t\t\t<\/div>\n\t\t<\/div>\n\t\t\t\t<div class=\"elementor-column elementor-col-33 elementor-top-column elementor-element elementor-element-ba9b9c1\" data-id=\"ba9b9c1\" data-element_type=\"column\">\n\t\t\t<div class=\"elementor-widget-wrap elementor-element-populated\">\n\t\t\t\t\t\t\t\t<div class=\"elementor-element elementor-element-2a1274e elementor-widget elementor-widget-wd_image_or_svg\" data-id=\"2a1274e\" data-element_type=\"widget\" data-widget_type=\"wd_image_or_svg.default\">\n\t\t\t\t<div class=\"elementor-widget-container\">\n\t\t\t\n\t\t<div class=\"wd-image text-left\">\n\t\t\t\t\t\t\t\t<img decoding=\"async\" src=\"https:\/\/tzila.mx\/dev\/wp-content\/uploads\/elementor\/thumbs\/VZ249QG1R-7-ppgny79etjx99bh4u4nwenbhmxx7yhbfpxhvesnetg.png\" title=\"VZ249QG1R-7\" alt=\"VZ249QG1R-7\" \/>\t\t\t\t\t<\/div>\n\n\t\t\t\t<\/div>\n\t\t\t\t<\/div>\n\t\t\t\t<div class=\"elementor-element elementor-element-6fe338d elementor-widget elementor-widget-wd_text_block\" data-id=\"6fe338d\" data-element_type=\"widget\" data-widget_type=\"wd_text_block.default\">\n\t\t\t\t<div class=\"elementor-widget-container\">\n\t\t\t\t\t<div class=\"wd-text-block reset-last-child text-left\">\n\t\t\t\n\t\t\t<h4>Preparado para maratones de gaming<\/h4><div class=\"ptxt\">\u00a0<\/div><div><div class=\"fcontent\"><div class=\"info\"><div class=\"ptxt\"><div class=\"title\">Tecnolog\u00eda Ultra-Low Blue Light<\/div><div class=\"info\">La tecnolog\u00eda ASUS Ultra-Low Blue Light reduce la cantidad de luz azul da\u00f1ina. Puedes acceder y seleccionar cuatro configuraciones de filtro diferentes en pantalla f\u00e1cilmente a trav\u00e9s del men\u00fa OSD para encontrar la mejor que se adapte a la tarea en cuesti\u00f3n.<\/div><div>\u00a0<\/div><div>Nivel Low Blue Light<\/div><div>El monitor de juegos VZ249QG1R ha sido sometido a rigurosas pruebas de rendimiento y est\u00e1 certificado por los laboratorios T\u00dcV Rheinland, un proveedor global de servicios t\u00e9cnicos, de seguridad y de certificaci\u00f3n, para que no parpadee y emita niveles bajos de luz azul.<\/div><div>\u00a0<\/div><div>Tecnolog\u00eda Flicker-Free<br \/>La tecnolog\u00eda Flicker-Free reduce el parpadeo para brindarte una experiencia de juego c\u00f3moda. Esto minimiza los casos de fatiga visual y otras dolencias oculares potencialmente da\u00f1inas cuando est\u00e1s envuelto en largas sesiones de juego<\/div><\/div><\/div><\/div><\/div>\n\t\t\t\t\t<\/div>\n\t\t\t\t<\/div>\n\t\t\t\t<\/div>\n\t\t\t\t<div class=\"elementor-element elementor-element-078b475 elementor-widget elementor-widget-wd_button\" data-id=\"078b475\" data-element_type=\"widget\" data-widget_type=\"wd_button.default\">\n\t\t\t\t<div class=\"elementor-widget-container\">\n\t\t\t\t\t<div class=\"wd-button-wrapper text-center\" >\n\t\t\t<a class=\"btn btn-style-link btn-shape- btn-size-large btn-scheme-light btn-scheme-hover-dark btn-icon-pos-right\"  href=\"https:\/\/dlcdnets.asus.com\/pub\/ASUS\/LCD%20Monitors\/VZ249QG1R\/ASUS_VZ249QG1R_Series_UM_Spanish.pdf\" target=\"_blank\">\n\t\t\t\t<span class=\"wd-btn-text\" data-elementor-setting-key=\"text\">\n\t\t\t\t\tSaber m\u00e1s\t\t\t\t<\/span>\n\n\t\t\t\t\t\t\t<\/a>\n\t\t<\/div>\n\t\t\t\t<\/div>\n\t\t\t\t<\/div>\n\t\t\t\t\t<\/div>\n\t\t<\/div>\n\t\t\t\t\t\t\t<\/div>\n\t\t<\/section>\n\t\t\t\t\t\t<\/div>\n\t\t\t\t\t<\/div>\n\t\t","protected":false},"excerpt":{"rendered":"<h4>Caracter\u00edsticas principales:<\/h4>\n<p class=\"p1\"><span class=\"s1\">\u25cf<\/span><span class=\"s2\"> <span id=\"\" class=\"tech-details__item-label\" data-fetched=\"true\">Tama\u00f1o de la pantalla 23.8 pulgadas<\/span><\/span><br \/>\n<span class=\"s1\">\u25cf <\/span>Resoluci\u00f3n Full HD (1920 x 1080)<br \/>\n<span class=\"s1\">\u25cf<\/span> Puertos DisplayPort 1.2<br \/>\n<span class=\"s1\">\u25cf<\/span> Frecuencia de actualizaci\u00f3n (Max): 75Hz<br \/>\n<span class=\"s1\">\u25cf<\/span> Tiempo de respuesta 1ms MPRT<br \/>\n<span class=\"s1\">\u25cf<\/span><span class=\"s2\"> Ultradelgado<\/span><br \/>\n<span class=\"s1\">\u25cf<\/span><span class=\"s2\"> Extreme Low Motion Blur\u2122<\/span><\/p>\n","protected":false},"featured_media":13140,"comment_status":"open","ping_status":"closed","template":"","meta":[],"product_cat":[223,94,32,100],"product_tag":[221],"class_list":["post-13136","product","type-product","status-publish","has-post-thumbnail","hentry","product_cat-24-pulgadas","product_cat-monitores-set","product_cat-monitores","product_cat-asus","product_tag-asus","pa_brand-asus"],"_links":{"self":[{"href":"https:\/\/tzila.mx\/dev\/wp-json\/wp\/v2\/product\/13136","targetHints":{"allow":["GET"]}}],"collection":[{"href":"https:\/\/tzila.mx\/dev\/wp-json\/wp\/v2\/product"}],"about":[{"href":"https:\/\/tzila.mx\/dev\/wp-json\/wp\/v2\/types\/product"}],"replies":[{"embeddable":true,"href":"https:\/\/tzila.mx\/dev\/wp-json\/wp\/v2\/comments?post=13136"}],"version-history":[{"count":10,"href":"https:\/\/tzila.mx\/dev\/wp-json\/wp\/v2\/product\/13136\/revisions"}],"predecessor-version":[{"id":13156,"href":"https:\/\/tzila.mx\/dev\/wp-json\/wp\/v2\/product\/13136\/revisions\/13156"}],"wp:featuredmedia":[{"embeddable":true,"href":"https:\/\/tzila.mx\/dev\/wp-json\/wp\/v2\/media\/13140"}],"wp:attachment":[{"href":"https:\/\/tzila.mx\/dev\/wp-json\/wp\/v2\/media?parent=13136"}],"wp:term":[{"taxonomy":"product_cat","embeddable":true,"href":"https:\/\/tzila.mx\/dev\/wp-json\/wp\/v2\/product_cat?post=13136"},{"taxonomy":"product_tag","embeddable":true,"href":"https:\/\/tzila.mx\/dev\/wp-json\/wp\/v2\/product_tag?post=13136"}],"curies":[{"name":"wp","href":"https:\/\/api.w.org\/{rel}","templated":true}]}}