{"id":13129,"date":"2022-05-27T22:10:36","date_gmt":"2022-05-28T03:10:36","guid":{"rendered":"https:\/\/tzila.mx\/dev\/?post_type=product&#038;p=13129"},"modified":"2022-06-16T20:09:17","modified_gmt":"2022-06-17T01:09:17","slug":"monitor-gamer-asus-27-full-hd-vg277q1a","status":"publish","type":"product","link":"https:\/\/tzila.mx\/dev\/producto\/monitor-gamer-asus-27-full-hd-vg277q1a\/","title":{"rendered":"Monitor Gamer ASUS 27&#8243; Full HD VG277Q1A"},"content":{"rendered":"\t\t<div data-elementor-type=\"wp-post\" data-elementor-id=\"13129\" class=\"elementor elementor-13129\" data-elementor-settings=\"[]\">\n\t\t\t\t\t\t\t<div class=\"elementor-section-wrap\">\n\t\t\t\t\t\t\t<section class=\"elementor-section elementor-top-section elementor-element elementor-element-a77d38a elementor-section-boxed elementor-section-height-default elementor-section-height-default wd-section-disabled\" data-id=\"a77d38a\" data-element_type=\"section\">\n\t\t\t\t\t\t<div class=\"elementor-container elementor-column-gap-default\">\n\t\t\t\t\t<div class=\"elementor-column elementor-col-33 elementor-top-column elementor-element elementor-element-606b0e0\" data-id=\"606b0e0\" data-element_type=\"column\">\n\t\t\t<div class=\"elementor-widget-wrap elementor-element-populated\">\n\t\t\t\t\t\t\t\t<div class=\"elementor-element elementor-element-2efa55d elementor-widget elementor-widget-wd_text_block\" data-id=\"2efa55d\" data-element_type=\"widget\" data-widget_type=\"wd_text_block.default\">\n\t\t\t\t<div class=\"elementor-widget-container\">\n\t\t\t\t\t<div class=\"wd-text-block reset-last-child text-left\">\n\t\t\t\n\t\t\t<h5><strong>M\u00c1S ESPECIFICACIONES<\/strong><strong>:<\/strong><\/h5>\n\t\t\t\t\t<\/div>\n\t\t\t\t<\/div>\n\t\t\t\t<\/div>\n\t\t\t\t<div class=\"elementor-element elementor-element-00b20a9 elementor-widget elementor-widget-wd_text_block\" data-id=\"00b20a9\" data-element_type=\"widget\" data-widget_type=\"wd_text_block.default\">\n\t\t\t\t<div class=\"elementor-widget-container\">\n\t\t\t\t\t<div class=\"wd-text-block reset-last-child text-left\">\n\t\t\t\n\t\t\t<p>\u25cf Monitor para juegos Full HD (1920 x 1080) de 27 pulgadas con frecuencia de actualizaci\u00f3n ultrarr\u00e1pida de 165Hz<br \/>\u25cf La tecnolog\u00eda ASUS Extreme Low Motion Blur (ELMB\u2122) permite un tiempo de respuesta de 1ms (MPRT) junto con Adaptive-sync<br \/>\u25cf Tecnolog\u00eda FreeSync\u2122 Premium<br \/>\u25cf Shadow Boost mejora los detalles de la imagen en \u00e1reas oscuras<br \/>\u25cf Admite Adaptive-Sync con tarjetas gr\u00e1ficas NVIDIA GeForce* y FreeSync con tarjetas gr\u00e1ficas AMD Radeon* Compatible con las series NVIDIA GeForce GTX 10, GTX 16, RTX 20 y tarjetas gr\u00e1ficas m\u00e1s nuevas<\/p>\n\t\t\t\t\t<\/div>\n\t\t\t\t<\/div>\n\t\t\t\t<\/div>\n\t\t\t\t\t<\/div>\n\t\t<\/div>\n\t\t\t\t<div class=\"elementor-column elementor-col-66 elementor-top-column elementor-element elementor-element-b692253\" data-id=\"b692253\" data-element_type=\"column\">\n\t\t\t<div class=\"elementor-widget-wrap elementor-element-populated\">\n\t\t\t\t\t\t\t\t<div class=\"elementor-element elementor-element-0fefcf7 elementor-widget elementor-widget-wd_image_or_svg\" data-id=\"0fefcf7\" data-element_type=\"widget\" data-widget_type=\"wd_image_or_svg.default\">\n\t\t\t\t<div class=\"elementor-widget-container\">\n\t\t\t\n\t\t<div class=\"wd-image text-center\">\n\t\t\t\t\t\t\t\t<img decoding=\"async\" src=\"https:\/\/tzila.mx\/dev\/wp-content\/uploads\/elementor\/thumbs\/VG247Q1A-des-3-ppglkyag1475bhpbo28x1uvep8mvi3x4dgygvv8v7s.png\" title=\"VG247Q1A-des-3\" alt=\"VG247Q1A-des-3\" \/>\t\t\t\t\t<\/div>\n\n\t\t\t\t<\/div>\n\t\t\t\t<\/div>\n\t\t\t\t\t<\/div>\n\t\t<\/div>\n\t\t\t\t\t\t\t<\/div>\n\t\t<\/section>\n\t\t\t\t<section class=\"elementor-section elementor-top-section elementor-element elementor-element-ec9e38a elementor-section-boxed elementor-section-height-default elementor-section-height-default wd-section-disabled\" data-id=\"ec9e38a\" data-element_type=\"section\">\n\t\t\t\t\t\t<div class=\"elementor-container elementor-column-gap-default\">\n\t\t\t\t\t<div class=\"elementor-column elementor-col-33 elementor-top-column elementor-element elementor-element-c833c6a\" data-id=\"c833c6a\" data-element_type=\"column\">\n\t\t\t<div class=\"elementor-widget-wrap elementor-element-populated\">\n\t\t\t\t\t\t\t\t<div class=\"elementor-element elementor-element-6ae12e9 elementor-widget elementor-widget-wd_text_block\" data-id=\"6ae12e9\" data-element_type=\"widget\" data-widget_type=\"wd_text_block.default\">\n\t\t\t\t<div class=\"elementor-widget-container\">\n\t\t\t\t\t<div class=\"wd-text-block reset-last-child text-left\">\n\t\t\t\n\t\t\t<h4>Todo lo que necesitas para jugar con fluidez<\/h4><p>TUF Gaming VG277Q1A es una pantalla Full HD (1920 x 1080) de 27 pulgadas con una frecuencia de actualizaci\u00f3n ultrarr\u00e1pida de 165 Hz. Dise\u00f1ado para jugadores y otras personas que buscan un juego inmersivo, ofrece algunas especificaciones serias. Pero hay m\u00e1s....<br \/>Su exclusiva funci\u00f3n ELMB cuenta con un tiempo de respuesta MPRT de 1 ms y la tecnolog\u00eda FreeSync\u2122 Premium, para una experiencia de juego extremadamente fluida sin cortes ni tartamudeos.<\/p>\n\t\t\t\t\t<\/div>\n\t\t\t\t<\/div>\n\t\t\t\t<\/div>\n\t\t\t\t<div class=\"elementor-element elementor-element-8604524 elementor-widget elementor-widget-wd_image_or_svg\" data-id=\"8604524\" data-element_type=\"widget\" data-widget_type=\"wd_image_or_svg.default\">\n\t\t\t\t<div class=\"elementor-widget-container\">\n\t\t\t\n\t\t<div class=\"wd-image text-center\">\n\t\t\t\t\t\t\t\t<img loading=\"lazy\" decoding=\"async\" width=\"850\" height=\"647\" src=\"https:\/\/tzila.mx\/dev\/wp-content\/uploads\/2022\/05\/VG277Q1A-des-3.png\" class=\"attachment-full size-full\" alt=\"\" srcset=\"https:\/\/tzila.mx\/dev\/wp-content\/uploads\/2022\/05\/VG277Q1A-des-3.png 850w, https:\/\/tzila.mx\/dev\/wp-content\/uploads\/2022\/05\/VG277Q1A-des-3-394x300.png 394w, https:\/\/tzila.mx\/dev\/wp-content\/uploads\/2022\/05\/VG277Q1A-des-3-768x585.png 768w, https:\/\/tzila.mx\/dev\/wp-content\/uploads\/2022\/05\/VG277Q1A-des-3-430x327.png 430w, https:\/\/tzila.mx\/dev\/wp-content\/uploads\/2022\/05\/VG277Q1A-des-3-700x533.png 700w, https:\/\/tzila.mx\/dev\/wp-content\/uploads\/2022\/05\/VG277Q1A-des-3-150x114.png 150w\" sizes=\"auto, (max-width: 850px) 100vw, 850px\" \/>\t\t\t\t\t<\/div>\n\n\t\t\t\t<\/div>\n\t\t\t\t<\/div>\n\t\t\t\t<div class=\"elementor-element elementor-element-e9bf201 elementor-widget elementor-widget-wd_text_block\" data-id=\"e9bf201\" data-element_type=\"widget\" data-widget_type=\"wd_text_block.default\">\n\t\t\t\t<div class=\"elementor-widget-container\">\n\t\t\t\t\t<div class=\"wd-text-block reset-last-child text-left\">\n\t\t\t\n\t\t\t<div class=\"product-content\"><div class=\"product-text\"><div class=\"product-heading\"><h4>Monitor de 27\u201d Full HD<\/h4><\/div><p>El Full HD (1920 X 1080) de 27 pulgadas de TUF Gaming VG277Q1A ofrece im\u00e1genes asombrosas desde todos los \u00e1ngulos con amplios \u00e1ngulos de visi\u00f3n de 178 grados que garantizan una distorsi\u00f3n y un cambio de color m\u00ednimos incluso cuando est\u00e1 viendo desde posiciones extremas.<\/p><\/div><\/div>\n\t\t\t\t\t<\/div>\n\t\t\t\t<\/div>\n\t\t\t\t<\/div>\n\t\t\t\t<div class=\"elementor-element elementor-element-252ec94 elementor-widget elementor-widget-wd_text_block\" data-id=\"252ec94\" data-element_type=\"widget\" data-widget_type=\"wd_text_block.default\">\n\t\t\t\t<div class=\"elementor-widget-container\">\n\t\t\t\t\t<div class=\"wd-text-block reset-last-child text-left\">\n\t\t\t\n\t\t\t<h4>Frecuencia de refresco de 165 Hz<\/h4><div class=\"dePhmb\" aria-live=\"polite\"><div class=\"eyKpYb\" data-language=\"es\" data-original-language=\"en\" data-result-index=\"0\"><div class=\"J0lOec\"><p>El TUF Gaming VG247Q1A se puede acelerar a 165 Hz, una velocidad de refresco que asegura que, incluso los juegos m\u00e1s r\u00e1pidos, se comportan con suavidad en la configuraci\u00f3n gr\u00e1fica m\u00e1s alta. Compite con ventaja en t\u00edtulos de disparos en primera persona, de carreras, estrategia en tiempo real y deportes.<\/p><p class=\"note\">* Solo algunas gr\u00e1ficas pueden soportar 165 Hz (a trav\u00e9s de DisplayPort). Ten en cuenta que el rendimiento se encuentra sujeto a la GPU y a los contenidos. El rendimiento real depende del hardware.<\/p><\/div><\/div><\/div>\n\t\t\t\t\t<\/div>\n\t\t\t\t<\/div>\n\t\t\t\t<\/div>\n\t\t\t\t\t<\/div>\n\t\t<\/div>\n\t\t\t\t<div class=\"elementor-column elementor-col-33 elementor-top-column elementor-element elementor-element-e7b3bda\" data-id=\"e7b3bda\" data-element_type=\"column\">\n\t\t\t<div class=\"elementor-widget-wrap elementor-element-populated\">\n\t\t\t\t\t\t\t\t<div class=\"elementor-element elementor-element-d0a2373 elementor-widget elementor-widget-wd_text_block\" data-id=\"d0a2373\" data-element_type=\"widget\" data-widget_type=\"wd_text_block.default\">\n\t\t\t\t<div class=\"elementor-widget-container\">\n\t\t\t\t\t<div class=\"wd-text-block reset-last-child text-left\">\n\t\t\t\n\t\t\t<div class=\"product-text\"><div class=\"product-heading\"><h4>Una experiencia de juego totalmente fluida<\/h4><\/div><p>Este monitor incorpora la tecnolog\u00eda Extreme Low Motion Blur (ELMB), que aumenta la nitidez de los objetos en movimiento y proporciona una experiencia todav\u00eda m\u00e1s inmediata y fluida reduciendo el tiempo de respuesta MPRT a 1 ms*.<\/p><p class=\"note\">*1 ms MPRT se basa en los resultados de pruebas internas. El tiempo de respuesta depende de diversos factores.<\/p><\/div>\n\t\t\t\t\t<\/div>\n\t\t\t\t<\/div>\n\t\t\t\t<\/div>\n\t\t\t\t<div class=\"elementor-element elementor-element-4f49f18 elementor-widget elementor-widget-wd_text_block\" data-id=\"4f49f18\" data-element_type=\"widget\" data-widget_type=\"wd_text_block.default\">\n\t\t\t\t<div class=\"elementor-widget-container\">\n\t\t\t\t\t<div class=\"wd-text-block reset-last-child text-left\">\n\t\t\t\n\t\t\t<div class=\"product-content\"><div class=\"product-text\"><div class=\"info-title\"><h4 class=\"gradient-title f-f-xolonium\">Dise\u00f1o de altos vuelos<\/h4><\/div><p class=\"info-desc\">El TUF Gaming VG279QL1A tiene un dise\u00f1o din\u00e1mico y futurista inspirado en los cazas furtivos. El panel trasero presenta elementos en forma de ala que evocan una sensaci\u00f3n de velocidad. Una elegante peana lo soporta con firmeza.<\/p><\/div><\/div>\n\t\t\t\t\t<\/div>\n\t\t\t\t<\/div>\n\t\t\t\t<\/div>\n\t\t\t\t<div class=\"elementor-element elementor-element-696e1a7 elementor-widget elementor-widget-wd_image_or_svg\" data-id=\"696e1a7\" data-element_type=\"widget\" data-widget_type=\"wd_image_or_svg.default\">\n\t\t\t\t<div class=\"elementor-widget-container\">\n\t\t\t\n\t\t<div class=\"wd-image text-center\">\n\t\t\t\t\t\t\t\t<img decoding=\"async\" src=\"https:\/\/tzila.mx\/dev\/wp-content\/uploads\/elementor\/thumbs\/VG247Q1A-des-4-ppgllai88gxhslc2wnuw47i5k94cisyzcudcnh4ey4.png\" title=\"VG247Q1A-des-4\" alt=\"VG247Q1A-des-4\" \/>\t\t\t\t\t<\/div>\n\n\t\t\t\t<\/div>\n\t\t\t\t<\/div>\n\t\t\t\t<div class=\"elementor-element elementor-element-44109c8 elementor-widget elementor-widget-wd_text_block\" data-id=\"44109c8\" data-element_type=\"widget\" data-widget_type=\"wd_text_block.default\">\n\t\t\t\t<div class=\"elementor-widget-container\">\n\t\t\t\t\t<div class=\"wd-text-block reset-last-child text-left\">\n\t\t\t\n\t\t\t<div class=\"flex-item webstyle\"><div class=\"content-info\"><div class=\"info-title\"><h4 class=\"gradient-title f-f-xolonium\">Conectividad completa<\/h4><\/div><p class=\"info-desc\">Este monitor incorpora un puerto DisplayPort (v1.2), HDMI (v2.0) y un conector de auriculares para conectar tus dispositivos multimedia.<\/p><\/div><\/div>\n\t\t\t\t\t<\/div>\n\t\t\t\t<\/div>\n\t\t\t\t<\/div>\n\t\t\t\t\t<\/div>\n\t\t<\/div>\n\t\t\t\t<div class=\"elementor-column elementor-col-33 elementor-top-column elementor-element elementor-element-ba9b9c1\" data-id=\"ba9b9c1\" data-element_type=\"column\">\n\t\t\t<div class=\"elementor-widget-wrap elementor-element-populated\">\n\t\t\t\t\t\t\t\t<div class=\"elementor-element elementor-element-7a297c2 elementor-widget elementor-widget-wd_image_or_svg\" data-id=\"7a297c2\" data-element_type=\"widget\" data-widget_type=\"wd_image_or_svg.default\">\n\t\t\t\t<div class=\"elementor-widget-container\">\n\t\t\t\n\t\t<div class=\"wd-image text-center\">\n\t\t\t\t\t\t\t\t<img loading=\"lazy\" decoding=\"async\" width=\"829\" height=\"780\" src=\"https:\/\/tzila.mx\/dev\/wp-content\/uploads\/2022\/05\/VG247Q1A-des-1.png\" class=\"attachment-full size-full\" alt=\"\" srcset=\"https:\/\/tzila.mx\/dev\/wp-content\/uploads\/2022\/05\/VG247Q1A-des-1.png 829w, https:\/\/tzila.mx\/dev\/wp-content\/uploads\/2022\/05\/VG247Q1A-des-1-319x300.png 319w, https:\/\/tzila.mx\/dev\/wp-content\/uploads\/2022\/05\/VG247Q1A-des-1-768x723.png 768w, https:\/\/tzila.mx\/dev\/wp-content\/uploads\/2022\/05\/VG247Q1A-des-1-430x405.png 430w, https:\/\/tzila.mx\/dev\/wp-content\/uploads\/2022\/05\/VG247Q1A-des-1-700x659.png 700w, https:\/\/tzila.mx\/dev\/wp-content\/uploads\/2022\/05\/VG247Q1A-des-1-150x141.png 150w\" sizes=\"auto, (max-width: 829px) 100vw, 829px\" \/>\t\t\t\t\t<\/div>\n\n\t\t\t\t<\/div>\n\t\t\t\t<\/div>\n\t\t\t\t<div class=\"elementor-element elementor-element-7d838dd elementor-widget elementor-widget-wd_text_block\" data-id=\"7d838dd\" data-element_type=\"widget\" data-widget_type=\"wd_text_block.default\">\n\t\t\t\t<div class=\"elementor-widget-container\">\n\t\t\t\t\t<div class=\"wd-text-block reset-last-child text-left\">\n\t\t\t\n\t\t\t<h4 class=\"gradient-title f-f-xolonium\">Mejoras en el juego<\/h4><div class=\"flex-item\"><div class=\"content-info\"><div class=\"flex-item\"><div class=\"content-info\"><p class=\"info-title\">Visualiza lo que acecha tras las sombras<br \/>La tecnolog\u00eda Shadow Boost acent\u00faa los detalles de las \u00e1reas oscuras sin sobrexponer las zonas brillantes. De esta forma, puedes ver mejor y encontrar los enemigos que se esconden en la oscuridad.<\/p><div class=\"flex-item\"><div class=\"content-info\"><p class=\"gradient-title f-f-xolonium\">GamePlus<br \/>ASUS GamePlus te permite rendir al m\u00e1ximo en los juegos. Est\u00e1 funci\u00f3n se ha desarrollado junto a gamers profesionales para que practiques y mejores tus habilidades de gaming.<br \/><br \/>GameVisual<br \/>La tecnolog\u00eda GameVisual cuenta con siete configuraciones creadas para optimizar la imagen seg\u00fan el tipo de contenido. Puedes acceder a esta funci\u00f3n con la combinaci\u00f3n de teclas o a trav\u00e9s del men\u00fa del monitor<br \/><br \/>Tecnolog\u00eda Antiparpadeo<br \/>Reduce el parpadeo para minimizar la fatiga visual y otros efectos adversos relacionados con las largas sesiones de gaming<\/p><div class=\"flexCon flex-reverse\"><div class=\"flex-item\"><p class=\"gradient-title f-f-xolonium\">Tecnolog\u00eda Luz azul de baja intensidad<br \/>Este monitor incorpora un filtro certificado de los laboratorios T\u00dcV Rheinland que te protege contra la luz azul perjudicial. Puedes controlar el nivel de reducci\u00f3n con las cuatro configuraciones del filtro.<\/p><\/div><\/div><\/div><\/div><\/div><\/div><\/div><\/div>\n\t\t\t\t\t<\/div>\n\t\t\t\t<\/div>\n\t\t\t\t<\/div>\n\t\t\t\t<div class=\"elementor-element elementor-element-078b475 elementor-widget elementor-widget-wd_button\" data-id=\"078b475\" data-element_type=\"widget\" data-widget_type=\"wd_button.default\">\n\t\t\t\t<div class=\"elementor-widget-container\">\n\t\t\t\t\t<div class=\"wd-button-wrapper text-center\" >\n\t\t\t<a class=\"btn btn-style-link btn-shape- btn-size-large btn-scheme-light btn-scheme-hover-dark btn-icon-pos-right\"  href=\"https:\/\/dlcdnets.asus.com\/pub\/ASUS\/LCD%20Monitors\/VG277Q1A\/ASUS_VG277Q1A_UG_Spanish.pdf\" target=\"_blank\">\n\t\t\t\t<span class=\"wd-btn-text\" data-elementor-setting-key=\"text\">\n\t\t\t\t\tSaber m\u00e1s\t\t\t\t<\/span>\n\n\t\t\t\t\t\t\t<\/a>\n\t\t<\/div>\n\t\t\t\t<\/div>\n\t\t\t\t<\/div>\n\t\t\t\t\t<\/div>\n\t\t<\/div>\n\t\t\t\t\t\t\t<\/div>\n\t\t<\/section>\n\t\t\t\t\t\t<\/div>\n\t\t\t\t\t<\/div>\n\t\t","protected":false},"excerpt":{"rendered":"<h4>Caracter\u00edsticas principales:<\/h4>\n<p class=\"p1\"><span class=\"s1\">\u25cf<\/span><span class=\"s2\"> <span id=\"\" class=\"tech-details__item-label\" data-fetched=\"true\">Tama\u00f1o de la pantalla 27 pulgadas<\/span><\/span><br \/>\n<span class=\"s1\">\u25cf<span class=\"s2\"> Resoluci\u00f3n Full HD (1920 x 1080)<\/span><\/span><br \/>\n<span class=\"s1\">\u25cf<\/span><span class=\"s2\"> Frecuencia de actualizaci\u00f3n (Max) : 165Hz<\/span><br \/>\n<span class=\"s1\">\u25cf<\/span><span class=\"s2\"> Tiempo de respuesta 1ms MPRT<\/span><br \/>\n<span class=\"s1\">\u25cf<\/span><span class=\"s2\"> Tecnolog\u00eda ASUS Extreme Low Motion Blur<\/span><br \/>\n<span class=\"s1\">\u25cf<\/span> Admite Adaptive-Sync con NVIDIA GeForce* y FreeSync AMD Radeon<\/p>\n","protected":false},"featured_media":13115,"comment_status":"open","ping_status":"closed","template":"","meta":[],"product_cat":[94,32,88,100],"product_tag":[218],"class_list":["post-13129","product","type-product","status-publish","has-post-thumbnail","hentry","product_cat-monitores-set","product_cat-monitores","product_cat-27-pulgadas","product_cat-asus","product_tag-tuf-gaming","pa_brand-asus"],"_links":{"self":[{"href":"https:\/\/tzila.mx\/dev\/wp-json\/wp\/v2\/product\/13129","targetHints":{"allow":["GET"]}}],"collection":[{"href":"https:\/\/tzila.mx\/dev\/wp-json\/wp\/v2\/product"}],"about":[{"href":"https:\/\/tzila.mx\/dev\/wp-json\/wp\/v2\/types\/product"}],"replies":[{"embeddable":true,"href":"https:\/\/tzila.mx\/dev\/wp-json\/wp\/v2\/comments?post=13129"}],"version-history":[{"count":4,"href":"https:\/\/tzila.mx\/dev\/wp-json\/wp\/v2\/product\/13129\/revisions"}],"predecessor-version":[{"id":13135,"href":"https:\/\/tzila.mx\/dev\/wp-json\/wp\/v2\/product\/13129\/revisions\/13135"}],"wp:featuredmedia":[{"embeddable":true,"href":"https:\/\/tzila.mx\/dev\/wp-json\/wp\/v2\/media\/13115"}],"wp:attachment":[{"href":"https:\/\/tzila.mx\/dev\/wp-json\/wp\/v2\/media?parent=13129"}],"wp:term":[{"taxonomy":"product_cat","embeddable":true,"href":"https:\/\/tzila.mx\/dev\/wp-json\/wp\/v2\/product_cat?post=13129"},{"taxonomy":"product_tag","embeddable":true,"href":"https:\/\/tzila.mx\/dev\/wp-json\/wp\/v2\/product_tag?post=13129"}],"curies":[{"name":"wp","href":"https:\/\/api.w.org\/{rel}","templated":true}]}}