{"id":13102,"date":"2022-05-27T19:02:51","date_gmt":"2022-05-28T00:02:51","guid":{"rendered":"https:\/\/tzila.mx\/dev\/?post_type=product&#038;p=13102"},"modified":"2022-06-20T14:22:13","modified_gmt":"2022-06-20T19:22:13","slug":"monitor-gamer-asus-24-full-hd-vg248qez","status":"publish","type":"product","link":"https:\/\/tzila.mx\/dev\/producto\/monitor-gamer-asus-24-full-hd-vg248qez\/","title":{"rendered":"Monitor Gamer ASUS  24&#8243; Full HD VG248QEZ"},"content":{"rendered":"\t\t<div data-elementor-type=\"wp-post\" data-elementor-id=\"13102\" class=\"elementor elementor-13102\" data-elementor-settings=\"[]\">\n\t\t\t\t\t\t\t<div class=\"elementor-section-wrap\">\n\t\t\t\t\t\t\t<section class=\"elementor-section elementor-top-section elementor-element elementor-element-a77d38a elementor-section-boxed elementor-section-height-default elementor-section-height-default wd-section-disabled\" data-id=\"a77d38a\" data-element_type=\"section\">\n\t\t\t\t\t\t<div class=\"elementor-container elementor-column-gap-default\">\n\t\t\t\t\t<div class=\"elementor-column elementor-col-33 elementor-top-column elementor-element elementor-element-606b0e0\" data-id=\"606b0e0\" data-element_type=\"column\">\n\t\t\t<div class=\"elementor-widget-wrap elementor-element-populated\">\n\t\t\t\t\t\t\t\t<div class=\"elementor-element elementor-element-2efa55d elementor-widget elementor-widget-wd_text_block\" data-id=\"2efa55d\" data-element_type=\"widget\" data-widget_type=\"wd_text_block.default\">\n\t\t\t\t<div class=\"elementor-widget-container\">\n\t\t\t\t\t<div class=\"wd-text-block reset-last-child text-left\">\n\t\t\t\n\t\t\t<h5><strong>M\u00c1S ESPECIFICACIONES<\/strong><strong>:<\/strong><\/h5>\n\t\t\t\t\t<\/div>\n\t\t\t\t<\/div>\n\t\t\t\t<\/div>\n\t\t\t\t<div class=\"elementor-element elementor-element-00b20a9 elementor-widget elementor-widget-wd_text_block\" data-id=\"00b20a9\" data-element_type=\"widget\" data-widget_type=\"wd_text_block.default\">\n\t\t\t\t<div class=\"elementor-widget-container\">\n\t\t\t\t\t<div class=\"wd-text-block reset-last-child text-left\">\n\t\t\t\n\t\t\t<p>\u25cf Acci\u00f3n ultra suave con frecuencia de actualizaci\u00f3n r\u00e1pida de 144 Hz y tiempo de respuesta de 1 ms (GTG).<br \/>\u25cf Full HD 1920x1080, 80,000,000: 1 ASUS Smart Contrast Ratio y 350 cd\/m\u00b2 de brillo<br \/>\u25cf Una experiencia de visualizaci\u00f3n c\u00f3moda con inclinaci\u00f3n ergon\u00f3mica, pivote giratorio y ajuste de altura<br \/>\u25cf Con puertos DisplayPort, DVI-D de doble enlace y HDMI para conexiones de m\u00faltiples dispositivos<br \/>\u25cf Altavoces est\u00e9reo de 2W incorporados para una experiencia de entretenimiento en el hogar envolvente<\/p>\n\t\t\t\t\t<\/div>\n\t\t\t\t<\/div>\n\t\t\t\t<\/div>\n\t\t\t\t\t<\/div>\n\t\t<\/div>\n\t\t\t\t<div class=\"elementor-column elementor-col-66 elementor-top-column elementor-element elementor-element-b692253\" data-id=\"b692253\" data-element_type=\"column\">\n\t\t\t<div class=\"elementor-widget-wrap elementor-element-populated\">\n\t\t\t\t\t\t\t\t<div class=\"elementor-element elementor-element-0fefcf7 elementor-widget elementor-widget-wd_image_or_svg\" data-id=\"0fefcf7\" data-element_type=\"widget\" data-widget_type=\"wd_image_or_svg.default\">\n\t\t\t\t<div class=\"elementor-widget-container\">\n\t\t\t\n\t\t<div class=\"wd-image text-center\">\n\t\t\t\t\t\t\t\t<img loading=\"lazy\" decoding=\"async\" width=\"563\" height=\"321\" src=\"https:\/\/tzila.mx\/dev\/wp-content\/uploads\/2022\/05\/VG248QEZ-des-1.jpg\" class=\"attachment-full size-full\" alt=\"\" srcset=\"https:\/\/tzila.mx\/dev\/wp-content\/uploads\/2022\/05\/VG248QEZ-des-1.jpg 563w, https:\/\/tzila.mx\/dev\/wp-content\/uploads\/2022\/05\/VG248QEZ-des-1-400x228.jpg 400w, https:\/\/tzila.mx\/dev\/wp-content\/uploads\/2022\/05\/VG248QEZ-des-1-430x245.jpg 430w, https:\/\/tzila.mx\/dev\/wp-content\/uploads\/2022\/05\/VG248QEZ-des-1-150x86.jpg 150w\" sizes=\"auto, (max-width: 563px) 100vw, 563px\" \/>\t\t\t\t\t<\/div>\n\n\t\t\t\t<\/div>\n\t\t\t\t<\/div>\n\t\t\t\t\t<\/div>\n\t\t<\/div>\n\t\t\t\t\t\t\t<\/div>\n\t\t<\/section>\n\t\t\t\t<section class=\"elementor-section elementor-top-section elementor-element elementor-element-ec9e38a elementor-section-boxed elementor-section-height-default elementor-section-height-default wd-section-disabled\" data-id=\"ec9e38a\" data-element_type=\"section\">\n\t\t\t\t\t\t<div class=\"elementor-container elementor-column-gap-default\">\n\t\t\t\t\t<div class=\"elementor-column elementor-col-33 elementor-top-column elementor-element elementor-element-c833c6a\" data-id=\"c833c6a\" data-element_type=\"column\">\n\t\t\t<div class=\"elementor-widget-wrap elementor-element-populated\">\n\t\t\t\t\t\t\t\t<div class=\"elementor-element elementor-element-6ae12e9 elementor-widget elementor-widget-wd_text_block\" data-id=\"6ae12e9\" data-element_type=\"widget\" data-widget_type=\"wd_text_block.default\">\n\t\t\t\t<div class=\"elementor-widget-container\">\n\t\t\t\t\t<div class=\"wd-text-block reset-last-child text-left\">\n\t\t\t\n\t\t\t<h4>Acci\u00f3n ultrasuave<\/h4><p>Frecuencia de actualizaci\u00f3n r\u00e1pida de 144 Hz con tiempo de respuesta de 1 ms<br \/>El monitor de juegos r\u00e1pido ASUS VG248QEZ reduce el tiempo que tardan los cuadros renderizados en mostrarse en la pantalla. La latencia m\u00e1s baja del monitor le da al jugador la oportunidad de mejorar su tiempo de respuesta en el juego.<br \/>La frecuencia de actualizaci\u00f3n r\u00e1pida de 144 Hz acelera los fotogramas por segundo para ofrecer escenas de movimiento ultrasuaves.<br \/>El tiempo de respuesta tambi\u00e9n se reduce a 1 ms para eliminar los trazadores mediante el control de los niveles de voltaje cuando se activan los cristales l\u00edquidos, lo que garantiza una reproducci\u00f3n de video clara y fluida.<br \/>Las pantallas LCD convencionales de 60 Hz muestran un gran desenfoque de movimiento y pueden distraer cuando se juegan juegos con movimientos r\u00e1pidos. El ASUS VG248QEZ de 144 Hz para juegos r\u00e1pidos monitorea la mitad de los efectos del desenfoque de movimiento para ofrecer una diferencia perceptible para el movimiento natural y bordes n\u00edtidos en entornos de juego de ritmo r\u00e1pido.<\/p>\n\t\t\t\t\t<\/div>\n\t\t\t\t<\/div>\n\t\t\t\t<\/div>\n\t\t\t\t\t<\/div>\n\t\t<\/div>\n\t\t\t\t<div class=\"elementor-column elementor-col-33 elementor-top-column elementor-element elementor-element-e7b3bda\" data-id=\"e7b3bda\" data-element_type=\"column\">\n\t\t\t<div class=\"elementor-widget-wrap elementor-element-populated\">\n\t\t\t\t\t\t\t\t<div class=\"elementor-element elementor-element-e9bf201 elementor-widget elementor-widget-wd_text_block\" data-id=\"e9bf201\" data-element_type=\"widget\" data-widget_type=\"wd_text_block.default\">\n\t\t\t\t<div class=\"elementor-widget-container\">\n\t\t\t\t\t<div class=\"wd-text-block reset-last-child text-left\">\n\t\t\t\n\t\t\t<div class=\"row-content\" data-v-b7353816=\"\"><h4>Im\u00e1genes realistas con tecnolog\u00eda LED<\/h4><p>Relaci\u00f3n de contraste inteligente de 80,000,000:1 ASUS<br \/>Mejora din\u00e1micamente el contraste de la pantalla ajustando la luminancia de la luz de fondo para lograr el negro m\u00e1s oscuro y el blanco m\u00e1s brillante, brindando im\u00e1genes realistas.<br \/><br \/>Compatibilidad con Full HD 1080p<br \/>Ingrese a un espectacular mundo de colores con soporte Full HD 1080p (1920x1080).<br \/><br \/>Tecnolog\u00eda de inteligencia de video Splendid\u2122<br \/>La exclusiva tecnolog\u00eda Splendid Video Intelligence optimiza el rendimiento del video y la fidelidad de la imagen al mejorar el color, el brillo, el contraste y la nitidez. Se pueden seleccionar 6 modos de video preestablecidos (Paisaje, Teatro, Juego, Vista nocturna, sRGB y Est\u00e1ndar) a trav\u00e9s de una tecla de acceso r\u00e1pido.<\/p><\/div>\n\t\t\t\t\t<\/div>\n\t\t\t\t<\/div>\n\t\t\t\t<\/div>\n\t\t\t\t<div class=\"elementor-element elementor-element-7011532 elementor-widget elementor-widget-wd_text_block\" data-id=\"7011532\" data-element_type=\"widget\" data-widget_type=\"wd_text_block.default\">\n\t\t\t\t<div class=\"elementor-widget-container\">\n\t\t\t\t\t<div class=\"wd-text-block reset-last-child text-left\">\n\t\t\t\n\t\t\t<h4>Inmersi\u00f3n 3D sin concesiones<\/h4><p>El VG248QEZ es compatible con el kit NVIDIA 3D Vision\u00ae 2**. A trav\u00e9s de la tecnolog\u00eda de gafas NVIDIA\u00ae 3D Vision\u2122 2, te lleva instant\u00e1neamente a otra dimensi\u00f3n, transformando todas tus experiencias de juego y pel\u00edculas en 3D. Adem\u00e1s, con la \u00faltima tecnolog\u00eda NVIDIA\u00ae 3D LightBoost\u2122, el usuario puede disfrutar del doble de brillo que la tecnolog\u00eda 3D convencional en modo 3D sin aumentar el consumo total de energ\u00eda.<\/p>\n\t\t\t\t\t<\/div>\n\t\t\t\t<\/div>\n\t\t\t\t<\/div>\n\t\t\t\t\t<\/div>\n\t\t<\/div>\n\t\t\t\t<div class=\"elementor-column elementor-col-33 elementor-top-column elementor-element elementor-element-ba9b9c1\" data-id=\"ba9b9c1\" data-element_type=\"column\">\n\t\t\t<div class=\"elementor-widget-wrap elementor-element-populated\">\n\t\t\t\t\t\t\t\t<div class=\"elementor-element elementor-element-252ec94 elementor-widget elementor-widget-wd_text_block\" data-id=\"252ec94\" data-element_type=\"widget\" data-widget_type=\"wd_text_block.default\">\n\t\t\t\t<div class=\"elementor-widget-container\">\n\t\t\t\t\t<div class=\"wd-text-block reset-last-child text-left\">\n\t\t\t\n\t\t\t<h4>Amplia conectividad y altavoz est\u00e9reo incorporado para disfrute multimedia<\/h4><p>El VG248QEZ es compatible con el kit NVIDIA 3D Vision\u00ae 2** a trav\u00e9s de DisplayPort y DVI de doble enlace, lo que brinda soporte en tres pantallas Full HD para una experiencia de juego 3D inmersiva en varias pantallas. Los puertos DisplayPort, HDMI y Dual-link DVI-D garantizan una amplia conectividad y compatibilidad con una variedad de dispositivos multimedia, incluidos reproductores de discos Blu-ray o consolas de juegos; mientras que los parlantes est\u00e9reo de 2 W incorporados se suman a\u00fan m\u00e1s a una experiencia de entretenimiento en el hogar inmersiva.<\/p>\n\t\t\t\t\t<\/div>\n\t\t\t\t<\/div>\n\t\t\t\t<\/div>\n\t\t\t\t<div class=\"elementor-element elementor-element-4f49f18 elementor-widget elementor-widget-wd_text_block\" data-id=\"4f49f18\" data-element_type=\"widget\" data-widget_type=\"wd_text_block.default\">\n\t\t\t\t<div class=\"elementor-widget-container\">\n\t\t\t\t\t<div class=\"wd-text-block reset-last-child text-left\">\n\t\t\t\n\t\t\t<div class=\"row-content r-side\" data-v-b7353816=\"\"><div class=\"product-text\"><div class=\"product-heading\"><h4>User-friendly gaming experience design<\/h4><\/div><\/div><article data-v-b7353816=\"\">Al igual que con la mayor\u00eda de las pantallas ASUS, el VG248QEZ tiene un dise\u00f1o ergon\u00f3mico, con ajuste de inclinaci\u00f3n, giro, pivote y altura para brindar a los usuarios una experiencia de visualizaci\u00f3n c\u00f3moda.<\/article><article data-v-b7353816=\"\">Cuando se trata de dise\u00f1o, ASUS siempre tiene a los clientes en mente: el ASUS VG248QEZ presenta la tecla de acceso r\u00e1pido GamePlus (pendiente de patente) exclusiva de ASUS con funciones de punto de mira (punto de mira) y temporizador. Los jugadores pueden seleccionar cuatro tipos diferentes de puntos de mira para adaptarse al entorno de juego; mientras que el segundo mantiene a los jugadores al tanto del tiempo transcurrido en los juegos de estrategia en tiempo real. Estas herramientas permiten a los jugadores practicar y mejorar sus habilidades de juego.<\/article><\/div>\n\t\t\t\t\t<\/div>\n\t\t\t\t<\/div>\n\t\t\t\t<\/div>\n\t\t\t\t<div class=\"elementor-element elementor-element-078b475 elementor-widget elementor-widget-wd_button\" data-id=\"078b475\" data-element_type=\"widget\" data-widget_type=\"wd_button.default\">\n\t\t\t\t<div class=\"elementor-widget-container\">\n\t\t\t\t\t<div class=\"wd-button-wrapper text-center\" >\n\t\t\t<a class=\"btn btn-style-link btn-shape- btn-size-large btn-scheme-light btn-scheme-hover-dark btn-icon-pos-right\"  href=\"https:\/\/www.asus.com\/mx\/Displays-Desktops\/Monitors\/Gaming\/VG248QEZ\/\" target=\"_blank\">\n\t\t\t\t<span class=\"wd-btn-text\" data-elementor-setting-key=\"text\">\n\t\t\t\t\tSaber m\u00e1s\t\t\t\t<\/span>\n\n\t\t\t\t\t\t\t<\/a>\n\t\t<\/div>\n\t\t\t\t<\/div>\n\t\t\t\t<\/div>\n\t\t\t\t\t<\/div>\n\t\t<\/div>\n\t\t\t\t\t\t\t<\/div>\n\t\t<\/section>\n\t\t\t\t\t\t<\/div>\n\t\t\t\t\t<\/div>\n\t\t","protected":false},"excerpt":{"rendered":"<h4>Caracter\u00edsticas principales:<\/h4>\n<p class=\"p1\"><span class=\"s1\">\u25cf<\/span><span class=\"s2\"> <span id=\"\" class=\"tech-details__item-label\" data-fetched=\"true\">Tama\u00f1o de la pantalla 24 pulgadas<\/span><\/span><br \/>\n<span class=\"s1\">\u25cf <\/span>Resoluci\u00f3n Full HD 1920&#215;1080<br \/>\n<span class=\"s1\">\u25cf<\/span> Puertos DisplayPort 1.2<br \/>\n<span class=\"s1\">\u25cf<\/span> Frecuencia de actualizaci\u00f3n (Max) :144Hz<br \/>\n<span class=\"s1\">\u25cf<\/span> Tiempo de respuesta 1ms(GTG)<\/p>\n","protected":false},"featured_media":13104,"comment_status":"open","ping_status":"closed","template":"","meta":[],"product_cat":[223,94,32,100],"product_tag":[221],"class_list":["post-13102","product","type-product","status-publish","has-post-thumbnail","hentry","product_cat-24-pulgadas","product_cat-monitores-set","product_cat-monitores","product_cat-asus","product_tag-asus","pa_brand-asus"],"_links":{"self":[{"href":"https:\/\/tzila.mx\/dev\/wp-json\/wp\/v2\/product\/13102","targetHints":{"allow":["GET"]}}],"collection":[{"href":"https:\/\/tzila.mx\/dev\/wp-json\/wp\/v2\/product"}],"about":[{"href":"https:\/\/tzila.mx\/dev\/wp-json\/wp\/v2\/types\/product"}],"replies":[{"embeddable":true,"href":"https:\/\/tzila.mx\/dev\/wp-json\/wp\/v2\/comments?post=13102"}],"version-history":[{"count":7,"href":"https:\/\/tzila.mx\/dev\/wp-json\/wp\/v2\/product\/13102\/revisions"}],"predecessor-version":[{"id":15397,"href":"https:\/\/tzila.mx\/dev\/wp-json\/wp\/v2\/product\/13102\/revisions\/15397"}],"wp:featuredmedia":[{"embeddable":true,"href":"https:\/\/tzila.mx\/dev\/wp-json\/wp\/v2\/media\/13104"}],"wp:attachment":[{"href":"https:\/\/tzila.mx\/dev\/wp-json\/wp\/v2\/media?parent=13102"}],"wp:term":[{"taxonomy":"product_cat","embeddable":true,"href":"https:\/\/tzila.mx\/dev\/wp-json\/wp\/v2\/product_cat?post=13102"},{"taxonomy":"product_tag","embeddable":true,"href":"https:\/\/tzila.mx\/dev\/wp-json\/wp\/v2\/product_tag?post=13102"}],"curies":[{"name":"wp","href":"https:\/\/api.w.org\/{rel}","templated":true}]}}