{"id":13083,"date":"2022-05-27T18:11:25","date_gmt":"2022-05-27T23:11:25","guid":{"rendered":"https:\/\/tzila.mx\/dev\/?post_type=product&#038;p=13083"},"modified":"2022-06-20T14:22:29","modified_gmt":"2022-06-20T19:22:29","slug":"monitor-gamer-asus-rog-swift-25-full-hd-pg259qnr","status":"publish","type":"product","link":"https:\/\/tzila.mx\/dev\/producto\/monitor-gamer-asus-rog-swift-25-full-hd-pg259qnr\/","title":{"rendered":"Monitor Gamer ASUS Rog Swift 25&#8243; Full HD PG259QNR"},"content":{"rendered":"\t\t<div data-elementor-type=\"wp-post\" data-elementor-id=\"13083\" class=\"elementor elementor-13083\" data-elementor-settings=\"[]\">\n\t\t\t\t\t\t\t<div class=\"elementor-section-wrap\">\n\t\t\t\t\t\t\t<section class=\"elementor-section elementor-top-section elementor-element elementor-element-a77d38a elementor-section-boxed elementor-section-height-default elementor-section-height-default wd-section-disabled\" data-id=\"a77d38a\" data-element_type=\"section\">\n\t\t\t\t\t\t<div class=\"elementor-container elementor-column-gap-default\">\n\t\t\t\t\t<div class=\"elementor-column elementor-col-33 elementor-top-column elementor-element elementor-element-606b0e0\" data-id=\"606b0e0\" data-element_type=\"column\">\n\t\t\t<div class=\"elementor-widget-wrap elementor-element-populated\">\n\t\t\t\t\t\t\t\t<div class=\"elementor-element elementor-element-2efa55d elementor-widget elementor-widget-wd_text_block\" data-id=\"2efa55d\" data-element_type=\"widget\" data-widget_type=\"wd_text_block.default\">\n\t\t\t\t<div class=\"elementor-widget-container\">\n\t\t\t\t\t<div class=\"wd-text-block reset-last-child text-left\">\n\t\t\t\n\t\t\t<h5><strong>M\u00c1S ESPECIFICACIONES<\/strong><strong>:<\/strong><\/h5>\n\t\t\t\t\t<\/div>\n\t\t\t\t<\/div>\n\t\t\t\t<\/div>\n\t\t\t\t<div class=\"elementor-element elementor-element-00b20a9 elementor-widget elementor-widget-wd_text_block\" data-id=\"00b20a9\" data-element_type=\"widget\" data-widget_type=\"wd_text_block.default\">\n\t\t\t\t<div class=\"elementor-widget-container\">\n\t\t\t\t\t<div class=\"wd-text-block reset-last-child text-left\">\n\t\t\t\n\t\t\t<p>\u25cf Monitor gamer IPS r\u00e1pido FHD (1920 x 1080) de 24.5 pulgadas con frecuencia de actualizaci\u00f3n de 360 Hz<br \/>\u25cf NVIDIA\u00ae G-SYNC\u00ae - El procesador proporciona juegos fluidos y sin interrupciones a frecuencias de actualizaci\u00f3n de hasta 360 Hz<br \/>\u25cf NVIDIA\u00ae Reflex Latency Analyzer - Brinda a los jugadores competitivos una medici\u00f3n precisa de la latencia del sistema por primera vez.<br \/>\u25cf Tecnolog\u00eda ASUS Fast IPS permite un tiempo de respuesta (GTG) de 1 ms<br \/>\u25cf Kit de montaje de escritorio ROG que se puede sujetar al borde de la mayor\u00eda de las superficies de trabajo planas<\/p>\n\t\t\t\t\t<\/div>\n\t\t\t\t<\/div>\n\t\t\t\t<\/div>\n\t\t\t\t\t<\/div>\n\t\t<\/div>\n\t\t\t\t<div class=\"elementor-column elementor-col-66 elementor-top-column elementor-element elementor-element-b692253\" data-id=\"b692253\" data-element_type=\"column\">\n\t\t\t<div class=\"elementor-widget-wrap elementor-element-populated\">\n\t\t\t\t\t\t\t\t<div class=\"elementor-element elementor-element-0fefcf7 elementor-widget elementor-widget-wd_image_or_svg\" data-id=\"0fefcf7\" data-element_type=\"widget\" data-widget_type=\"wd_image_or_svg.default\">\n\t\t\t\t<div class=\"elementor-widget-container\">\n\t\t\t\n\t\t<div class=\"wd-image text-center\">\n\t\t\t\t\t\t\t\t<img loading=\"lazy\" decoding=\"async\" width=\"1295\" height=\"549\" src=\"https:\/\/tzila.mx\/dev\/wp-content\/uploads\/2022\/05\/PG259QN-des-3.png\" class=\"attachment-full size-full\" alt=\"\" srcset=\"https:\/\/tzila.mx\/dev\/wp-content\/uploads\/2022\/05\/PG259QN-des-3.png 1295w, https:\/\/tzila.mx\/dev\/wp-content\/uploads\/2022\/05\/PG259QN-des-3-400x170.png 400w, https:\/\/tzila.mx\/dev\/wp-content\/uploads\/2022\/05\/PG259QN-des-3-768x326.png 768w, https:\/\/tzila.mx\/dev\/wp-content\/uploads\/2022\/05\/PG259QN-des-3-860x365.png 860w, https:\/\/tzila.mx\/dev\/wp-content\/uploads\/2022\/05\/PG259QN-des-3-430x182.png 430w, https:\/\/tzila.mx\/dev\/wp-content\/uploads\/2022\/05\/PG259QN-des-3-700x297.png 700w, https:\/\/tzila.mx\/dev\/wp-content\/uploads\/2022\/05\/PG259QN-des-3-150x64.png 150w\" sizes=\"auto, (max-width: 1295px) 100vw, 1295px\" \/>\t\t\t\t\t<\/div>\n\n\t\t\t\t<\/div>\n\t\t\t\t<\/div>\n\t\t\t\t\t<\/div>\n\t\t<\/div>\n\t\t\t\t\t\t\t<\/div>\n\t\t<\/section>\n\t\t\t\t<section class=\"elementor-section elementor-top-section elementor-element elementor-element-ec9e38a elementor-section-boxed elementor-section-height-default elementor-section-height-default wd-section-disabled\" data-id=\"ec9e38a\" data-element_type=\"section\">\n\t\t\t\t\t\t<div class=\"elementor-container elementor-column-gap-default\">\n\t\t\t\t\t<div class=\"elementor-column elementor-col-33 elementor-top-column elementor-element elementor-element-c833c6a\" data-id=\"c833c6a\" data-element_type=\"column\">\n\t\t\t<div class=\"elementor-widget-wrap elementor-element-populated\">\n\t\t\t\t\t\t\t\t<div class=\"elementor-element elementor-element-6ae12e9 elementor-widget elementor-widget-wd_text_block\" data-id=\"6ae12e9\" data-element_type=\"widget\" data-widget_type=\"wd_text_block.default\">\n\t\t\t\t<div class=\"elementor-widget-container\">\n\t\t\t\t\t<div class=\"wd-text-block reset-last-child text-left\">\n\t\t\t\n\t\t\t<h4>LA EVOLUCI\u00d3N DE LOS ESPORTS<\/h4><p>El ROG Swift 360 Hz PG259QNR es el monitor perfecto para competiciones de eSports y juegos con una acci\u00f3n trepidante. La pantalla FHD (1920 x 1080) cuenta con un panel IPS Fast que ofrece hasta 360 Hz de refresco y un tiempo de respuesta de 1 ms de gris a gris (GTG), El analizador de latencia NVIDIA\u00ae Reflex permite medir con precisi\u00f3n la latencia del sistema, El kit de montaje incluido permite sujetarlo en el borde de cualquier superficie plana para ganar m\u00e1s espacio para el rat\u00f3n y el teclado.<\/p>\n\t\t\t\t\t<\/div>\n\t\t\t\t<\/div>\n\t\t\t\t<\/div>\n\t\t\t\t<div class=\"elementor-element elementor-element-56cc7a2 elementor-widget elementor-widget-wd_image_or_svg\" data-id=\"56cc7a2\" data-element_type=\"widget\" data-widget_type=\"wd_image_or_svg.default\">\n\t\t\t\t<div class=\"elementor-widget-container\">\n\t\t\t\n\t\t<div class=\"wd-image text-left\">\n\t\t\t\t\t\t\t\t<img loading=\"lazy\" decoding=\"async\" width=\"711\" height=\"578\" src=\"https:\/\/tzila.mx\/dev\/wp-content\/uploads\/2022\/05\/PG259QN-des-2.png\" class=\"attachment-full size-full\" alt=\"\" srcset=\"https:\/\/tzila.mx\/dev\/wp-content\/uploads\/2022\/05\/PG259QN-des-2.png 711w, https:\/\/tzila.mx\/dev\/wp-content\/uploads\/2022\/05\/PG259QN-des-2-369x300.png 369w, https:\/\/tzila.mx\/dev\/wp-content\/uploads\/2022\/05\/PG259QN-des-2-430x350.png 430w, https:\/\/tzila.mx\/dev\/wp-content\/uploads\/2022\/05\/PG259QN-des-2-700x569.png 700w, https:\/\/tzila.mx\/dev\/wp-content\/uploads\/2022\/05\/PG259QN-des-2-150x122.png 150w\" sizes=\"auto, (max-width: 711px) 100vw, 711px\" \/>\t\t\t\t\t<\/div>\n\n\t\t\t\t<\/div>\n\t\t\t\t<\/div>\n\t\t\t\t<div class=\"elementor-element elementor-element-e9bf201 elementor-widget elementor-widget-wd_text_block\" data-id=\"e9bf201\" data-element_type=\"widget\" data-widget_type=\"wd_text_block.default\">\n\t\t\t\t<div class=\"elementor-widget-container\">\n\t\t\t\t\t<div class=\"wd-text-block reset-last-child text-left\">\n\t\t\t\n\t\t\t<p>El ROG Swift 360 Hz PG259QNR es un monitor dise\u00f1ado para t\u00edtulos r\u00e1pidos de eSports como Counter-Strike: Global Offensive, Rainbow Six: Siege, Overwatch y Fortnite. En un mundo en el que cada milisegundo cuenta, la velocidad de actualizaci\u00f3n de 360 Hz marca la diferencia entre la victoria y la derrota. La frecuencia de refresco de 360 Hz proporciona una fluidez que permite seguir mejor a los enemigos. Y como reduce la latencia, disfrutar\u00e1s de una una respuesta casi instant\u00e1nea.<\/p>\n\t\t\t\t\t<\/div>\n\t\t\t\t<\/div>\n\t\t\t\t<\/div>\n\t\t\t\t<div class=\"elementor-element elementor-element-4f49f18 elementor-widget elementor-widget-wd_text_block\" data-id=\"4f49f18\" data-element_type=\"widget\" data-widget_type=\"wd_text_block.default\">\n\t\t\t\t<div class=\"elementor-widget-container\">\n\t\t\t\t\t<div class=\"wd-text-block reset-last-child text-left\">\n\t\t\t\n\t\t\t<div class=\"row-content r-side\" data-v-b7353816=\"\"><div class=\"product-text\"><div class=\"product-heading\"><h4>RENDIMIENTO Y CAPACIDAD DE RESPUESTA<\/h4><\/div><\/div><article data-v-b7353816=\"\">El procesador NVIDIA\u00ae G-SYNC\u00ae ofrece una fluidez gr\u00e1fica total a velocidades de refresco hasta de 360 Hz y reduce el desenfoque de movimiento al m\u00ednimo. Las pantallas NVIDIA G-SYNC son el equipo de referencia para los esports.<\/article><\/div>\n\t\t\t\t\t<\/div>\n\t\t\t\t<\/div>\n\t\t\t\t<\/div>\n\t\t\t\t<div class=\"elementor-element elementor-element-212832b elementor-widget elementor-widget-wd_image_or_svg\" data-id=\"212832b\" data-element_type=\"widget\" data-widget_type=\"wd_image_or_svg.default\">\n\t\t\t\t<div class=\"elementor-widget-container\">\n\t\t\t\n\t\t<div class=\"wd-image text-left\">\n\t\t\t\t\t\t\t\t<img loading=\"lazy\" decoding=\"async\" width=\"712\" height=\"567\" src=\"https:\/\/tzila.mx\/dev\/wp-content\/uploads\/2022\/05\/PG259QNR-des-3.png\" class=\"attachment-full size-full\" alt=\"\" srcset=\"https:\/\/tzila.mx\/dev\/wp-content\/uploads\/2022\/05\/PG259QNR-des-3.png 712w, https:\/\/tzila.mx\/dev\/wp-content\/uploads\/2022\/05\/PG259QNR-des-3-377x300.png 377w, https:\/\/tzila.mx\/dev\/wp-content\/uploads\/2022\/05\/PG259QNR-des-3-430x342.png 430w, https:\/\/tzila.mx\/dev\/wp-content\/uploads\/2022\/05\/PG259QNR-des-3-700x557.png 700w, https:\/\/tzila.mx\/dev\/wp-content\/uploads\/2022\/05\/PG259QNR-des-3-150x119.png 150w\" sizes=\"auto, (max-width: 712px) 100vw, 712px\" \/>\t\t\t\t\t<\/div>\n\n\t\t\t\t<\/div>\n\t\t\t\t<\/div>\n\t\t\t\t<div class=\"elementor-element elementor-element-252ec94 elementor-widget elementor-widget-wd_text_block\" data-id=\"252ec94\" data-element_type=\"widget\" data-widget_type=\"wd_text_block.default\">\n\t\t\t\t<div class=\"elementor-widget-container\">\n\t\t\t\t\t<div class=\"wd-text-block reset-last-child text-left\">\n\t\t\t\n\t\t\t<div id=\"product-9\" class=\"product-section\"><div class=\"product-content\"><div class=\"product-text\"><div class=\"bgstyle_area\"><div class=\"product-heading\"><h4 class=\"bg_style\">R\u00c1PIDO, SENSIBLE Y VIBRANTE<\/h4><\/div><p>La tecnolog\u00eda ASUS Fast IPS permite que los elementos de cristal l\u00edquido de la pantalla se enciendan y apaguen hasta cuatro veces m\u00e1s r\u00e1pido que los paneles IPS convencionales, lo que reduce el tiempo de respuesta GTG a 1 ms y elimina el desenfoque por movimiento.<\/p><\/div><\/div><\/div><\/div><div id=\"product-8\" class=\"product-section\">\u00a0<\/div>\n\t\t\t\t\t<\/div>\n\t\t\t\t<\/div>\n\t\t\t\t<\/div>\n\t\t\t\t\t<\/div>\n\t\t<\/div>\n\t\t\t\t<div class=\"elementor-column elementor-col-33 elementor-top-column elementor-element elementor-element-e7b3bda\" data-id=\"e7b3bda\" data-element_type=\"column\">\n\t\t\t<div class=\"elementor-widget-wrap elementor-element-populated\">\n\t\t\t\t\t\t\t\t<div class=\"elementor-element elementor-element-2a1274e elementor-widget elementor-widget-wd_image_or_svg\" data-id=\"2a1274e\" data-element_type=\"widget\" data-widget_type=\"wd_image_or_svg.default\">\n\t\t\t\t<div class=\"elementor-widget-container\">\n\t\t\t\n\t\t<div class=\"wd-image text-left\">\n\t\t\t\t\t\t\t\t<img loading=\"lazy\" decoding=\"async\" width=\"848\" height=\"705\" src=\"https:\/\/tzila.mx\/dev\/wp-content\/uploads\/2022\/05\/PG259QNR-des-1.png\" class=\"attachment-full size-full\" alt=\"\" srcset=\"https:\/\/tzila.mx\/dev\/wp-content\/uploads\/2022\/05\/PG259QNR-des-1.png 848w, https:\/\/tzila.mx\/dev\/wp-content\/uploads\/2022\/05\/PG259QNR-des-1-361x300.png 361w, https:\/\/tzila.mx\/dev\/wp-content\/uploads\/2022\/05\/PG259QNR-des-1-768x638.png 768w, https:\/\/tzila.mx\/dev\/wp-content\/uploads\/2022\/05\/PG259QNR-des-1-430x357.png 430w, https:\/\/tzila.mx\/dev\/wp-content\/uploads\/2022\/05\/PG259QNR-des-1-700x582.png 700w, https:\/\/tzila.mx\/dev\/wp-content\/uploads\/2022\/05\/PG259QNR-des-1-150x125.png 150w\" sizes=\"auto, (max-width: 848px) 100vw, 848px\" \/>\t\t\t\t\t<\/div>\n\n\t\t\t\t<\/div>\n\t\t\t\t<\/div>\n\t\t\t\t<div class=\"elementor-element elementor-element-6fe338d elementor-widget elementor-widget-wd_text_block\" data-id=\"6fe338d\" data-element_type=\"widget\" data-widget_type=\"wd_text_block.default\">\n\t\t\t\t<div class=\"elementor-widget-container\">\n\t\t\t\t\t<div class=\"wd-text-block reset-last-child text-left\">\n\t\t\t\n\t\t\t<div class=\"product-content\"><div class=\"product-text\"><div class=\"product-heading\"><h4>DEDICADOS A LO QUE M\u00c1S IMPORTA<\/h4><p>Kit de montaje de sobremesa ROG<br \/>Se incluye un pr\u00e1ctico soporte para liberar espacio en el escritorio. El soporte puede sujetarse al borde de casi cualquier superficie de trabajo plana, y el brazo de montaje del PG259QNR se desliza directamente en \u00e9l.<\/p><\/div><div class=\"product-heading\"><p>Marco antirreflejos<br \/>El recubrimiento antirreflectante del borde inferior ayuda a reducir los reflejos en pantalla.<\/p><div class=\"product-heading\"><p>Indicador reposicionado<br \/>La luz indicadora se ha movido a la parte inferior del bisel para eliminar las distracciones de tu l\u00ednea de visi\u00f3n.<\/p><div class=\"product-heading\"><p>Iluminaci\u00f3n ASUS Aura Sync<br \/><a title=\"ASUS Aura Sync\" href=\"https:\/\/www.asus.com\/campaign\/aura\/es\/Aura-creator.php\" target=\"_blank\" rel=\"noopener\">ASUS Aura Sync<\/a> incluye efectos de iluminaci\u00f3n ambiental que puedes sincronizar con el resto de componentes y perif\u00e9ricos<\/p><div class=\"product-heading\"><p>Gesti\u00f3n de cables inteligente<br \/>Organiza y esconde los cables para mantener tu \u00e1rea de juego ordenada.<\/p><div class=\"product-heading\"><p>Soporte que ahorra espacio<br \/>El distintivo soporte angular permite acercar el teclado y el rat\u00f3n al monitor.<\/p><\/div><\/div><\/div><\/div><\/div><\/div><\/div>\n\t\t\t\t\t<\/div>\n\t\t\t\t<\/div>\n\t\t\t\t<\/div>\n\t\t\t\t<div class=\"elementor-element elementor-element-d0a2373 elementor-widget elementor-widget-wd_text_block\" data-id=\"d0a2373\" data-element_type=\"widget\" data-widget_type=\"wd_text_block.default\">\n\t\t\t\t<div class=\"elementor-widget-container\">\n\t\t\t\t\t<div class=\"wd-text-block reset-last-child text-left\">\n\t\t\t\n\t\t\t<div class=\"product-heading\"><h4>MIDE LA RESPUESTA CON NVIDIA REFLEX<\/h4><\/div><p class=\"gradient-title f-f-xolonium\">En las competiciones de juegos, el rendimiento del PC se valora seg\u00fan su capacidad de respuesta; es decir, la rapidez con la que la pantalla se actualiza tras los clics del rat\u00f3n. El analizador de latencia NVIDIA Reflex captura la latencia del sistema de principio a fin y valora con precisi\u00f3n el rendimiento de tu PC. Compite sabiendo que tu PC est\u00e1 rindiendo al m\u00e1ximo nivel con las GPU GeForce RTX, el monitor PG259QNR y el rat\u00f3n <a title=\"Charkram Core\" href=\"https:\/\/rog.asus.com\/mx\/mice-mouse-pads\/mice\/ergonomic-right-handed\/rog-chakram-core-model\/\" target=\"_blank\" rel=\"noopener\">Charkram Core<\/a>.<\/p>\n\t\t\t\t\t<\/div>\n\t\t\t\t<\/div>\n\t\t\t\t<\/div>\n\t\t\t\t<div class=\"elementor-element elementor-element-9d9b0d3 elementor-widget elementor-widget-wd_image_or_svg\" data-id=\"9d9b0d3\" data-element_type=\"widget\" data-widget_type=\"wd_image_or_svg.default\">\n\t\t\t\t<div class=\"elementor-widget-container\">\n\t\t\t\n\t\t<div class=\"wd-image text-left\">\n\t\t\t\t\t\t\t\t<img loading=\"lazy\" decoding=\"async\" width=\"814\" height=\"608\" src=\"https:\/\/tzila.mx\/dev\/wp-content\/uploads\/2022\/05\/PG259QNR-des-4.png\" class=\"attachment-full size-full\" alt=\"\" srcset=\"https:\/\/tzila.mx\/dev\/wp-content\/uploads\/2022\/05\/PG259QNR-des-4.png 814w, https:\/\/tzila.mx\/dev\/wp-content\/uploads\/2022\/05\/PG259QNR-des-4-400x300.png 400w, https:\/\/tzila.mx\/dev\/wp-content\/uploads\/2022\/05\/PG259QNR-des-4-768x574.png 768w, https:\/\/tzila.mx\/dev\/wp-content\/uploads\/2022\/05\/PG259QNR-des-4-430x321.png 430w, https:\/\/tzila.mx\/dev\/wp-content\/uploads\/2022\/05\/PG259QNR-des-4-700x523.png 700w, https:\/\/tzila.mx\/dev\/wp-content\/uploads\/2022\/05\/PG259QNR-des-4-150x112.png 150w\" sizes=\"auto, (max-width: 814px) 100vw, 814px\" \/>\t\t\t\t\t<\/div>\n\n\t\t\t\t<\/div>\n\t\t\t\t<\/div>\n\t\t\t\t\t<\/div>\n\t\t<\/div>\n\t\t\t\t<div class=\"elementor-column elementor-col-33 elementor-top-column elementor-element elementor-element-ba9b9c1\" data-id=\"ba9b9c1\" data-element_type=\"column\">\n\t\t\t<div class=\"elementor-widget-wrap elementor-element-populated\">\n\t\t\t\t\t\t\t\t<div class=\"elementor-element elementor-element-c3042e2 elementor-widget elementor-widget-wd_text_block\" data-id=\"c3042e2\" data-element_type=\"widget\" data-widget_type=\"wd_text_block.default\">\n\t\t\t\t<div class=\"elementor-widget-container\">\n\t\t\t\t\t<div class=\"wd-text-block reset-last-child text-left\">\n\t\t\t\n\t\t\t<h4 class=\"view-title gradient-title f-f-xolonium\">SISTEMA DE REFRIGERACI\u00d3N INTELIGENTE<\/h4><div><div class=\"fcontent\"><div class=\"info\"><div class=\"flex-item\"><div class=\"content-info\">El disipador t\u00e9rmico del ROG Swift 360Hz PG259QNR tiene una superficie m\u00e1s grande para el intercambio de calor, lo que ayuda a contener la temperatura durante los maratones de juego.<\/div><\/div><\/div><\/div><\/div>\n\t\t\t\t\t<\/div>\n\t\t\t\t<\/div>\n\t\t\t\t<\/div>\n\t\t\t\t<div class=\"elementor-element elementor-element-2fe6a39 elementor-widget elementor-widget-wd_text_block\" data-id=\"2fe6a39\" data-element_type=\"widget\" data-widget_type=\"wd_text_block.default\">\n\t\t\t\t<div class=\"elementor-widget-container\">\n\t\t\t\t\t<div class=\"wd-text-block reset-last-child text-left\">\n\t\t\t\n\t\t\t<div class=\"product-content\"><div class=\"product-text\"><div class=\"product-heading\"><h4>ALTO RANGO DIN\u00c1MICO (HDR)<\/h4><\/div><p>La tecnolog\u00eda HDR produce una gama de colores m\u00e1s amplia y un mayor contraste que los monitores tradicionales. El ROG Swift 360 Hz PG259QNR cuenta con HDR10 para ofrecerte una paleta de color y niveles de brillo que superan los de las pantallas normales.<\/p><\/div><\/div>\n\t\t\t\t\t<\/div>\n\t\t\t\t<\/div>\n\t\t\t\t<\/div>\n\t\t\t\t<div class=\"elementor-element elementor-element-f8f184f elementor-widget elementor-widget-wd_image_or_svg\" data-id=\"f8f184f\" data-element_type=\"widget\" data-widget_type=\"wd_image_or_svg.default\">\n\t\t\t\t<div class=\"elementor-widget-container\">\n\t\t\t\n\t\t<div class=\"wd-image text-left\">\n\t\t\t\t\t\t\t\t<img loading=\"lazy\" decoding=\"async\" width=\"514\" height=\"408\" src=\"https:\/\/tzila.mx\/dev\/wp-content\/uploads\/2022\/05\/PG259QN-des-4.png\" class=\"attachment-full size-full\" alt=\"\" srcset=\"https:\/\/tzila.mx\/dev\/wp-content\/uploads\/2022\/05\/PG259QN-des-4.png 514w, https:\/\/tzila.mx\/dev\/wp-content\/uploads\/2022\/05\/PG259QN-des-4-378x300.png 378w, https:\/\/tzila.mx\/dev\/wp-content\/uploads\/2022\/05\/PG259QN-des-4-430x341.png 430w, https:\/\/tzila.mx\/dev\/wp-content\/uploads\/2022\/05\/PG259QN-des-4-150x119.png 150w\" sizes=\"auto, (max-width: 514px) 100vw, 514px\" \/>\t\t\t\t\t<\/div>\n\n\t\t\t\t<\/div>\n\t\t\t\t<\/div>\n\t\t\t\t<div class=\"elementor-element elementor-element-c86d944 elementor-widget elementor-widget-wd_text_block\" data-id=\"c86d944\" data-element_type=\"widget\" data-widget_type=\"wd_text_block.default\">\n\t\t\t\t<div class=\"elementor-widget-container\">\n\t\t\t\t\t<div class=\"wd-text-block reset-last-child text-left\">\n\t\t\t\n\t\t\t<h4 class=\"view-title gradient-title f-f-xolonium\">MEJORAS DE JUEGO<\/h4><div><div class=\"fcontent\"><div class=\"info\"><div class=\"flex-item\"><div class=\"content-info\"><div class=\"flex-item\"><div class=\"content-info\"><p>GamePlus<br \/>ASUS GamePlus te permite rendir al m\u00e1ximo en los juegos. Est\u00e1 funci\u00f3n se ha desarrollado junto a gamers profesionales para que practiques y mejores tus habilidades de gaming.<\/p><div class=\"flex-item\"><div class=\"content-info\"><p>GameVisual<br \/>La tecnolog\u00eda ASUS GameVisual ofrece siete configuraciones de f\u00e1brica que optimizan la imagen para diferentes tipos de contenido. Puedes acceder a GameVisual a trav\u00e9s de un atajo de teclas o en el men\u00fa de configuraci\u00f3n.<\/p><div class=\"flex-item\"><div class=\"content-info\"><p>Tecnolog\u00eda Antiparpadeo<br \/>Reduce el parpadeo para minimizar la fatiga visual y otros efectos adversos relacionados con las largas sesiones de gaming.<\/p><div class=\"flexCon flex-reverse\"><p class=\"gradient-title f-f-xolonium\">Tecnolog\u00eda Luz azul de baja intensidad<br \/>Este monitor incorpora un filtro certificado de los laboratorios T\u00dcV Rheinland que te protege contra la luz azul perjudicial. Puedes controlar el nivel de reducci\u00f3n con las cuatro configuraciones del filtro.<\/p><\/div><\/div><\/div><\/div><\/div><\/div><\/div><\/div><\/div><\/div><\/div><\/div>\n\t\t\t\t\t<\/div>\n\t\t\t\t<\/div>\n\t\t\t\t<\/div>\n\t\t\t\t<div class=\"elementor-element elementor-element-9ee61cc elementor-widget elementor-widget-wd_text_block\" data-id=\"9ee61cc\" data-element_type=\"widget\" data-widget_type=\"wd_text_block.default\">\n\t\t\t\t<div class=\"elementor-widget-container\">\n\t\t\t\t\t<div class=\"wd-text-block reset-last-child text-left\">\n\t\t\t\n\t\t\t<h4 class=\"view-title gradient-title f-f-xolonium\">USABILIDAD<\/h4><div><div class=\"fcontent\"><div class=\"info\"><div class=\"flex-item\"><div class=\"content-info\"><div class=\"flex-item\"><div class=\"content-info\"><div class=\"info-title\"><div class=\"flex-item\"><div class=\"content-info\"><div class=\"info-title\"><p class=\"gradient-title f-f-xolonium\">Conectividad completa<br \/>Este monitor viene equipado con puertos DisplayPort 1.4 y HDMI (v2.0) para que puedas conectar tus dispositivos multimedia.<\/p><\/div><div class=\"flex-item\"><div class=\"content-info\"><p>Dise\u00f1o ergon\u00f3mico<br \/>El soporte ergon\u00f3mico de este monitor permite regular la altura, inclinaci\u00f3n, orientaci\u00f3n y rotaci\u00f3n de la pantalla. Tambi\u00e9n es compatible con accesorios de montaje VESA.<\/p><\/div><\/div><\/div><\/div><\/div><\/div><\/div><\/div><\/div><\/div><\/div><\/div>\n\t\t\t\t\t<\/div>\n\t\t\t\t<\/div>\n\t\t\t\t<\/div>\n\t\t\t\t<div class=\"elementor-element elementor-element-078b475 elementor-widget elementor-widget-wd_button\" data-id=\"078b475\" data-element_type=\"widget\" data-widget_type=\"wd_button.default\">\n\t\t\t\t<div class=\"elementor-widget-container\">\n\t\t\t\t\t<div class=\"wd-button-wrapper text-center\" >\n\t\t\t<a class=\"btn btn-style-link btn-shape- btn-size-large btn-scheme-light btn-scheme-hover-dark btn-icon-pos-right\"  href=\"https:\/\/dlcdnets.asus.com\/pub\/ASUS\/LCD%20Monitors\/PG259QN\/PG259_English.pdf\" target=\"_blank\">\n\t\t\t\t<span class=\"wd-btn-text\" data-elementor-setting-key=\"text\">\n\t\t\t\t\tSaber m\u00e1s\t\t\t\t<\/span>\n\n\t\t\t\t\t\t\t<\/a>\n\t\t<\/div>\n\t\t\t\t<\/div>\n\t\t\t\t<\/div>\n\t\t\t\t\t<\/div>\n\t\t<\/div>\n\t\t\t\t\t\t\t<\/div>\n\t\t<\/section>\n\t\t\t\t\t\t<\/div>\n\t\t\t\t\t<\/div>\n\t\t","protected":false},"excerpt":{"rendered":"<h4>Caracter\u00edsticas principales:<\/h4>\n<p class=\"p1\"><span class=\"s1\">\u25cf<\/span><span class=\"s2\"> <span id=\"\" class=\"tech-details__item-label\" data-fetched=\"true\">Tama\u00f1o de la pantalla 24.5 pulgadas<\/span><\/span><br \/>\n<span class=\"s1\">\u25cf <\/span>Resoluci\u00f3n Full HD (1920 x 1080)<br \/>\n<span class=\"s1\">\u25cf<\/span> Frecuencia de actualizaci\u00f3n (Max) : 360Hz<br \/>\n<span class=\"s1\">\u25cf<\/span> Tiempo de respuesta 1 ms <span class=\"ProductSpecSingle__descriptionItemValue__lVa0O\">(GTG)<\/span><br \/>\n<span class=\"s1\">\u25cf<\/span>NVIDIA Reflex Latency Analyzer<br \/>\n<span class=\"s1\">\u25cf<\/span><span class=\"s2\"> Tecnolog\u00eda ASUS Fast IPS<\/span><br \/>\n<span class=\"s1\">\u25cf K<\/span>it de montaje de escritorio ROG<\/p>\n","protected":false},"featured_media":13084,"comment_status":"open","ping_status":"closed","template":"","meta":[],"product_cat":[224,94,32,100],"product_tag":[114],"class_list":["post-13083","product","type-product","status-publish","has-post-thumbnail","hentry","product_cat-25-pulgadas","product_cat-monitores-set","product_cat-monitores","product_cat-asus","product_tag-rog-gaming","pa_brand-asus"],"_links":{"self":[{"href":"https:\/\/tzila.mx\/dev\/wp-json\/wp\/v2\/product\/13083","targetHints":{"allow":["GET"]}}],"collection":[{"href":"https:\/\/tzila.mx\/dev\/wp-json\/wp\/v2\/product"}],"about":[{"href":"https:\/\/tzila.mx\/dev\/wp-json\/wp\/v2\/types\/product"}],"replies":[{"embeddable":true,"href":"https:\/\/tzila.mx\/dev\/wp-json\/wp\/v2\/comments?post=13083"}],"version-history":[{"count":12,"href":"https:\/\/tzila.mx\/dev\/wp-json\/wp\/v2\/product\/13083\/revisions"}],"predecessor-version":[{"id":15278,"href":"https:\/\/tzila.mx\/dev\/wp-json\/wp\/v2\/product\/13083\/revisions\/15278"}],"wp:featuredmedia":[{"embeddable":true,"href":"https:\/\/tzila.mx\/dev\/wp-json\/wp\/v2\/media\/13084"}],"wp:attachment":[{"href":"https:\/\/tzila.mx\/dev\/wp-json\/wp\/v2\/media?parent=13083"}],"wp:term":[{"taxonomy":"product_cat","embeddable":true,"href":"https:\/\/tzila.mx\/dev\/wp-json\/wp\/v2\/product_cat?post=13083"},{"taxonomy":"product_tag","embeddable":true,"href":"https:\/\/tzila.mx\/dev\/wp-json\/wp\/v2\/product_tag?post=13083"}],"curies":[{"name":"wp","href":"https:\/\/api.w.org\/{rel}","templated":true}]}}