{"id":13077,"date":"2022-05-27T17:45:27","date_gmt":"2022-05-27T22:45:27","guid":{"rendered":"https:\/\/tzila.mx\/dev\/?post_type=product&#038;p=13077"},"modified":"2022-06-16T20:09:22","modified_gmt":"2022-06-17T01:09:22","slug":"monitor-gamer-asus-25-full-hd-vg258qm-copia","status":"publish","type":"product","link":"https:\/\/tzila.mx\/dev\/producto\/monitor-gamer-asus-25-full-hd-vg258qm-copia\/","title":{"rendered":"Monitor Gamer ASUS 25&#8243; Full HD VG258QM"},"content":{"rendered":"\t\t<div data-elementor-type=\"wp-post\" data-elementor-id=\"13077\" class=\"elementor elementor-13077\" data-elementor-settings=\"[]\">\n\t\t\t\t\t\t\t<div class=\"elementor-section-wrap\">\n\t\t\t\t\t\t\t<section class=\"elementor-section elementor-top-section elementor-element elementor-element-a77d38a elementor-section-boxed elementor-section-height-default elementor-section-height-default wd-section-disabled\" data-id=\"a77d38a\" data-element_type=\"section\">\n\t\t\t\t\t\t<div class=\"elementor-container elementor-column-gap-default\">\n\t\t\t\t\t<div class=\"elementor-column elementor-col-33 elementor-top-column elementor-element elementor-element-606b0e0\" data-id=\"606b0e0\" data-element_type=\"column\">\n\t\t\t<div class=\"elementor-widget-wrap elementor-element-populated\">\n\t\t\t\t\t\t\t\t<div class=\"elementor-element elementor-element-2efa55d elementor-widget elementor-widget-wd_text_block\" data-id=\"2efa55d\" data-element_type=\"widget\" data-widget_type=\"wd_text_block.default\">\n\t\t\t\t<div class=\"elementor-widget-container\">\n\t\t\t\t\t<div class=\"wd-text-block reset-last-child text-left\">\n\t\t\t\n\t\t\t<h5><strong>M\u00c1S ESPECIFICACIONES<\/strong><strong>:<\/strong><\/h5>\n\t\t\t\t\t<\/div>\n\t\t\t\t<\/div>\n\t\t\t\t<\/div>\n\t\t\t\t<div class=\"elementor-element elementor-element-00b20a9 elementor-widget elementor-widget-wd_text_block\" data-id=\"00b20a9\" data-element_type=\"widget\" data-widget_type=\"wd_text_block.default\">\n\t\t\t\t<div class=\"elementor-widget-container\">\n\t\t\t\t\t<div class=\"wd-text-block reset-last-child text-left\">\n\t\t\t\n\t\t\t<p>\u25cf Monitor de juegos Full HD de 24.5 pulgadas (1920 x 1080) con frecuencia de actualizaci\u00f3n ultrarr\u00e1pida de 280* Hz <br \/>\u25cf Permite un tiempo de respuesta (GTG) de 0.5 ms para im\u00e1genes de juego n\u00edtidas con altas velocidades de cuadro<br \/>\u25cf Compatible con G-SYNC, que ofrece una experiencia de juego fluida y sin rasgaduras al habilitar VRR (frecuencia de actualizaci\u00f3n variable) de forma predeterminada.<br \/>\u25cf La tecnolog\u00eda ASUS Extreme Low Motion Blur Sync (ELMB SYNC) habilita ELMB junto con G-SYNC Compatible<br \/>\u25cf Tecnolog\u00eda de alto rango din\u00e1mico (HDR) con una gama de colores profesional ofrece un rendimiento de contraste y color que cumple con certificaci\u00f3n DisplayHDR\u2122 400<br \/>\u25cf Salida Full HD (1920 X 1080) @ 120Hz en PS5 y Xbox Series X \/ S<\/p>\n\t\t\t\t\t<\/div>\n\t\t\t\t<\/div>\n\t\t\t\t<\/div>\n\t\t\t\t\t<\/div>\n\t\t<\/div>\n\t\t\t\t<div class=\"elementor-column elementor-col-66 elementor-top-column elementor-element elementor-element-b692253\" data-id=\"b692253\" data-element_type=\"column\">\n\t\t\t<div class=\"elementor-widget-wrap elementor-element-populated\">\n\t\t\t\t\t\t\t\t<div class=\"elementor-element elementor-element-0fefcf7 elementor-widget elementor-widget-wd_image_or_svg\" data-id=\"0fefcf7\" data-element_type=\"widget\" data-widget_type=\"wd_image_or_svg.default\">\n\t\t\t\t<div class=\"elementor-widget-container\">\n\t\t\t\n\t\t<div class=\"wd-image text-center\">\n\t\t\t\t\t\t\t\t<img decoding=\"async\" src=\"https:\/\/tzila.mx\/dev\/wp-content\/uploads\/elementor\/thumbs\/VG279QM-des-3-ppg5xrbnax1ljjj8p8zewux9s085j79c48bc1akxbg.png\" title=\"VG279QM-des-3\" alt=\"VG279QM-des-3\" \/>\t\t\t\t\t<\/div>\n\n\t\t\t\t<\/div>\n\t\t\t\t<\/div>\n\t\t\t\t\t<\/div>\n\t\t<\/div>\n\t\t\t\t\t\t\t<\/div>\n\t\t<\/section>\n\t\t\t\t<section class=\"elementor-section elementor-top-section elementor-element elementor-element-ec9e38a elementor-section-boxed elementor-section-height-default elementor-section-height-default wd-section-disabled\" data-id=\"ec9e38a\" data-element_type=\"section\">\n\t\t\t\t\t\t<div class=\"elementor-container elementor-column-gap-default\">\n\t\t\t\t\t<div class=\"elementor-column elementor-col-33 elementor-top-column elementor-element elementor-element-c833c6a\" data-id=\"c833c6a\" data-element_type=\"column\">\n\t\t\t<div class=\"elementor-widget-wrap elementor-element-populated\">\n\t\t\t\t\t\t\t\t<div class=\"elementor-element elementor-element-6ae12e9 elementor-widget elementor-widget-wd_text_block\" data-id=\"6ae12e9\" data-element_type=\"widget\" data-widget_type=\"wd_text_block.default\">\n\t\t\t\t<div class=\"elementor-widget-container\">\n\t\t\t\t\t<div class=\"wd-text-block reset-last-child text-left\">\n\t\t\t\n\t\t\t<h4>Frecuencia de actualizaci\u00f3n incre\u00edblemente r\u00e1pida de 280 Hz<\/h4><p>La asombrosa frecuencia de actualizaci\u00f3n de 280 Hz con overclocking significa que la pantalla es casi el doble de r\u00e1pida que los monitores convencionales de 144 Hz. Experimentar\u00e1s im\u00e1genes de juego incre\u00edblemente fluidas, lo que te dar\u00e1 la ventaja en juegos de disparos en primera persona, carreras, estrategia en tiempo real y t\u00edtulos deportivos.<\/p>\n\t\t\t\t\t<\/div>\n\t\t\t\t<\/div>\n\t\t\t\t<\/div>\n\t\t\t\t<div class=\"elementor-element elementor-element-8604524 elementor-widget elementor-widget-wd_image_or_svg\" data-id=\"8604524\" data-element_type=\"widget\" data-widget_type=\"wd_image_or_svg.default\">\n\t\t\t\t<div class=\"elementor-widget-container\">\n\t\t\t\n\t\t<div class=\"wd-image text-center\">\n\t\t\t\t\t\t\t\t<img loading=\"lazy\" decoding=\"async\" width=\"740\" height=\"477\" src=\"https:\/\/tzila.mx\/dev\/wp-content\/uploads\/2022\/05\/VG279QM-des-1.png\" class=\"attachment-full size-full\" alt=\"\" srcset=\"https:\/\/tzila.mx\/dev\/wp-content\/uploads\/2022\/05\/VG279QM-des-1.png 740w, https:\/\/tzila.mx\/dev\/wp-content\/uploads\/2022\/05\/VG279QM-des-1-400x258.png 400w, https:\/\/tzila.mx\/dev\/wp-content\/uploads\/2022\/05\/VG279QM-des-1-430x277.png 430w, https:\/\/tzila.mx\/dev\/wp-content\/uploads\/2022\/05\/VG279QM-des-1-700x451.png 700w, https:\/\/tzila.mx\/dev\/wp-content\/uploads\/2022\/05\/VG279QM-des-1-150x97.png 150w\" sizes=\"auto, (max-width: 740px) 100vw, 740px\" \/>\t\t\t\t\t<\/div>\n\n\t\t\t\t<\/div>\n\t\t\t\t<\/div>\n\t\t\t\t<div class=\"elementor-element elementor-element-e9bf201 elementor-widget elementor-widget-wd_text_block\" data-id=\"e9bf201\" data-element_type=\"widget\" data-widget_type=\"wd_text_block.default\">\n\t\t\t\t<div class=\"elementor-widget-container\">\n\t\t\t\t\t<div class=\"wd-text-block reset-last-child text-left\">\n\t\t\t\n\t\t\t<div class=\"product-content\"><div class=\"product-text\"><div class=\"product-heading\"><h2>Tiempo de respuesta de 0.5ms\u00a0<b class=\"brackets\">(<\/b>GTG<b class=\"brackets\">)<\/b><\/h2><\/div><p>Con un tiempo de respuesta de gris a gris de 0,5 ms, pr\u00e1cticamente se eliminan las manchas y el desenfoque de movimiento. Esta pantalla tambi\u00e9n ofrece im\u00e1genes superiores con colores excepcionales gracias a la gama de colores NTSC del 72% y una asombrosa relaci\u00f3n de contraste de 1000: 1. Los amplios \u00e1ngulos de visi\u00f3n de 178 grados garantizan una distorsi\u00f3n y un cambio de color m\u00ednimos incluso cuando se ve desde posiciones extremas.<\/p><\/div><\/div>\n\t\t\t\t\t<\/div>\n\t\t\t\t<\/div>\n\t\t\t\t<\/div>\n\t\t\t\t<div class=\"elementor-element elementor-element-252ec94 elementor-widget elementor-widget-wd_text_block\" data-id=\"252ec94\" data-element_type=\"widget\" data-widget_type=\"wd_text_block.default\">\n\t\t\t\t<div class=\"elementor-widget-container\">\n\t\t\t\t\t<div class=\"wd-text-block reset-last-child text-left\">\n\t\t\t\n\t\t\t<h4>EXTREME LOW MOTION BLUR SYNC<\/h4><div class=\"dePhmb\" aria-live=\"polite\"><div class=\"eyKpYb\" data-language=\"es\" data-original-language=\"en\" data-result-index=\"0\"><div class=\"J0lOec\"><span class=\"VIiyi\" lang=\"es\"><span class=\"JLqJ4b ChMk0b\" data-language-for-alternatives=\"es\" data-language-to-translate-into=\"en\" data-phrase-index=\"0\" data-number-of-phrases=\"1\"><span class=\"Q4iAWc\">La tecnolog\u00eda Adaptive-sync\u2122 ofrece las im\u00e1genes de juego m\u00e1s fluidas, r\u00e1pidas e impresionantes al eliminar el desgarro de la pantalla y las velocidades de cuadro entrecortadas, y al minimizar el parpadeo de la pantalla y el retraso de entrada.<\/span><\/span><\/span><\/div><div class=\"J0lOec\"><span class=\"VIiyi\" lang=\"es\"><span class=\"JLqJ4b ChMk0b\" data-language-for-alternatives=\"es\" data-language-to-translate-into=\"en\" data-phrase-index=\"0\" data-number-of-phrases=\"1\"><span class=\"Q4iAWc\">\u00a0<\/span><\/span><\/span><\/div><div>Con ELMB SYNC, puede habilitar ELMB (tecnolog\u00eda de desenfoque de movimiento bajo) y Adaptive-sync al mismo tiempo, eliminando el efecto fantasma y el desgarro para obtener im\u00e1genes n\u00edtidas y altas velocidades de cuadro mientras juega.<\/div><\/div><\/div>\n\t\t\t\t\t<\/div>\n\t\t\t\t<\/div>\n\t\t\t\t<\/div>\n\t\t\t\t\t<\/div>\n\t\t<\/div>\n\t\t\t\t<div class=\"elementor-column elementor-col-33 elementor-top-column elementor-element elementor-element-e7b3bda\" data-id=\"e7b3bda\" data-element_type=\"column\">\n\t\t\t<div class=\"elementor-widget-wrap elementor-element-populated\">\n\t\t\t\t\t\t\t\t<div class=\"elementor-element elementor-element-d0a2373 elementor-widget elementor-widget-wd_text_block\" data-id=\"d0a2373\" data-element_type=\"widget\" data-widget_type=\"wd_text_block.default\">\n\t\t\t\t<div class=\"elementor-widget-container\">\n\t\t\t\t\t<div class=\"wd-text-block reset-last-child text-left\">\n\t\t\t\n\t\t\t<div class=\"flex-item\"><div class=\"content-info\"><div class=\"info-title\"><h4 class=\"gradient-title f-f-xolonium\">ALTO RANGO DIN\u00c1MICO (HDR) CON DISPLAYHDR\u2122 400<\/h4><\/div><div class=\"flex-item\"><div class=\"content-info\"><p class=\"info-desc\">La tecnolog\u00eda HDR ofrece una gama de colores m\u00e1s amplia y un mayor contraste que los monitores tradicionales. Los blancos m\u00e1s brillantes y los negros m\u00e1s oscuros resaltan los detalles como nunca antes. La pantalla tambi\u00e9n tiene una capacidad de 400 cd\/m2, lo que cumple con los estrictos requisitos para la certificaci\u00f3n DisplayHDR\u2122 400.<\/p><h4>Modo HDR m\u00faltiple<\/h4><p>Ahora puede elegir entre varios modos HDR para ajustar el rendimiento HDR del monitor en funci\u00f3n del escenario de visualizaci\u00f3n actual.<span style=\"font-size: 14px; color: var(--wd-text-color);\"><\/span><\/p><\/div><\/div><\/div><\/div>\n\t\t\t\t\t<\/div>\n\t\t\t\t<\/div>\n\t\t\t\t<\/div>\n\t\t\t\t<div class=\"elementor-element elementor-element-696e1a7 elementor-widget elementor-widget-wd_image_or_svg\" data-id=\"696e1a7\" data-element_type=\"widget\" data-widget_type=\"wd_image_or_svg.default\">\n\t\t\t\t<div class=\"elementor-widget-container\">\n\t\t\t\n\t\t<div class=\"wd-image text-center\">\n\t\t\t\t\t\t\t\t<img decoding=\"async\" src=\"https:\/\/tzila.mx\/dev\/wp-content\/uploads\/elementor\/thumbs\/VG279QM-des-2-ppg5xhx6yv500ma02gjq1z9yj5zmmhqy6blszn2d2k.png\" title=\"VG279QM-des-2\" alt=\"VG279QM-des-2\" \/>\t\t\t\t\t<\/div>\n\n\t\t\t\t<\/div>\n\t\t\t\t<\/div>\n\t\t\t\t<div class=\"elementor-element elementor-element-4f49f18 elementor-widget elementor-widget-wd_text_block\" data-id=\"4f49f18\" data-element_type=\"widget\" data-widget_type=\"wd_text_block.default\">\n\t\t\t\t<div class=\"elementor-widget-container\">\n\t\t\t\t\t<div class=\"wd-text-block reset-last-child text-left\">\n\t\t\t\n\t\t\t<div class=\"row-content r-side\" data-v-b7353816=\"\"><div class=\"product-text\"><div class=\"product-heading\"><h4>Compatible certificado con NVIDIA G\u2212SYNC<\/h4><\/div><\/div><article data-v-b7353816=\"\">Con la tecnolog\u00eda de frecuencia de actualizaci\u00f3n variable (VRR) habilitada de forma predeterminada, tiene aseguradas experiencias de juego sin problemas y sin interrupciones desde su tarjeta gr\u00e1fica NVIDIA GeForce GTX 10 o NVIDIA GeForce RTX serie 20.<\/article><\/div>\n\t\t\t\t\t<\/div>\n\t\t\t\t<\/div>\n\t\t\t\t<\/div>\n\t\t\t\t<div class=\"elementor-element elementor-element-44109c8 elementor-widget elementor-widget-wd_text_block\" data-id=\"44109c8\" data-element_type=\"widget\" data-widget_type=\"wd_text_block.default\">\n\t\t\t\t<div class=\"elementor-widget-container\">\n\t\t\t\t\t<div class=\"wd-text-block reset-last-child text-left\">\n\t\t\t\n\t\t\t<h4>Dise\u00f1o f\u00edsico<\/h4><p>Extensa conectividad<br \/>Las amplias opciones de conectividad, que incluyen DisplayPort 1.2 y 2 x HDMI 2.0, ofrecen soporte para una amplia gama de dispositivos multimedia.<br \/><br \/>Dise\u00f1o ergonomico<br \/>Con un soporte dise\u00f1ado ergon\u00f3micamente, proporciona ajustes de inclinaci\u00f3n, giro, pivote y altura para que pueda encontrar f\u00e1cilmente su posici\u00f3n de visualizaci\u00f3n ideal. La pantalla tambi\u00e9n es compatible con VESA para montaje en pared.<\/p>\n\t\t\t\t\t<\/div>\n\t\t\t\t<\/div>\n\t\t\t\t<\/div>\n\t\t\t\t\t<\/div>\n\t\t<\/div>\n\t\t\t\t<div class=\"elementor-column elementor-col-33 elementor-top-column elementor-element elementor-element-ba9b9c1\" data-id=\"ba9b9c1\" data-element_type=\"column\">\n\t\t\t<div class=\"elementor-widget-wrap elementor-element-populated\">\n\t\t\t\t\t\t\t\t<div class=\"elementor-element elementor-element-7a297c2 elementor-widget elementor-widget-wd_image_or_svg\" data-id=\"7a297c2\" data-element_type=\"widget\" data-widget_type=\"wd_image_or_svg.default\">\n\t\t\t\t<div class=\"elementor-widget-container\">\n\t\t\t\n\t\t<div class=\"wd-image text-center\">\n\t\t\t\t\t\t\t\t<img loading=\"lazy\" decoding=\"async\" width=\"774\" height=\"648\" src=\"https:\/\/tzila.mx\/dev\/wp-content\/uploads\/2022\/05\/VG258QM-des-3.png\" class=\"attachment-full size-full\" alt=\"\" srcset=\"https:\/\/tzila.mx\/dev\/wp-content\/uploads\/2022\/05\/VG258QM-des-3.png 774w, https:\/\/tzila.mx\/dev\/wp-content\/uploads\/2022\/05\/VG258QM-des-3-358x300.png 358w, https:\/\/tzila.mx\/dev\/wp-content\/uploads\/2022\/05\/VG258QM-des-3-768x643.png 768w, https:\/\/tzila.mx\/dev\/wp-content\/uploads\/2022\/05\/VG258QM-des-3-430x360.png 430w, https:\/\/tzila.mx\/dev\/wp-content\/uploads\/2022\/05\/VG258QM-des-3-700x586.png 700w, https:\/\/tzila.mx\/dev\/wp-content\/uploads\/2022\/05\/VG258QM-des-3-150x126.png 150w\" sizes=\"auto, (max-width: 774px) 100vw, 774px\" \/>\t\t\t\t\t<\/div>\n\n\t\t\t\t<\/div>\n\t\t\t\t<\/div>\n\t\t\t\t<div class=\"elementor-element elementor-element-7d838dd elementor-widget elementor-widget-wd_text_block\" data-id=\"7d838dd\" data-element_type=\"widget\" data-widget_type=\"wd_text_block.default\">\n\t\t\t\t<div class=\"elementor-widget-container\">\n\t\t\t\t\t<div class=\"wd-text-block reset-last-child text-left\">\n\t\t\t\n\t\t\t<h4 class=\"gradient-title f-f-xolonium\">Mejoras en el juego<\/h4><p>Potenciador din\u00e1mico de sombras<br \/>La tecnolog\u00eda ASUS Dynamic Shadow Boost aclara autom\u00e1ticamente las \u00e1reas oscuras del mundo del juego optimizando otras \u00e1reas, mejorando la visualizaci\u00f3n general y facilitando la detecci\u00f3n de enemigos ocultos en \u00e1reas sombreadas del mapa.<br \/><br \/>Juego Plus<br \/>La tecla de acceso r\u00e1pido GamePlus integrada exclusiva de ASUS ofrece mejoras en el juego que lo ayudan a sacar m\u00e1s provecho de su juego. Esta funci\u00f3n se desarrolla conjuntamente con las aportaciones de los jugadores profesionales, lo que les permite practicar y mejorar sus habilidades de juego.<\/p><div class=\"flex-item\"><div class=\"content-info\"><p class=\"info-title\">Juego visual<br \/>La tecnolog\u00eda ASUS GameVisual tiene siete modos de visualizaci\u00f3n preestablecidos para optimizar las im\u00e1genes para diferentes tipos de contenido. Se puede acceder f\u00e1cilmente a esta caracter\u00edstica \u00fanica a trav\u00e9s de una tecla de acceso directo o del men\u00fa de configuraci\u00f3n de visualizaci\u00f3n en pantalla.<br \/><br \/>Tecnolog\u00eda sin parpadeo<br \/>La tecnolog\u00eda Flicker-Free reduce el parpadeo para minimizar la fatiga visual y mejorar la comodidad cuando est\u00e1s inmerso en largas sesiones de juego.<br \/><br \/>Tecnolog\u00eda de luz azul ultrabaja<br \/>La tecnolog\u00eda ASUS Ultra-Low Blue Light reduce la cantidad de luz azul potencialmente da\u00f1ina emitida por la pantalla. Hay cuatro configuraciones de filtro diferentes disponibles para controlar la cantidad de reducci\u00f3n de luz azul.<\/p><\/div><\/div>\n\t\t\t\t\t<\/div>\n\t\t\t\t<\/div>\n\t\t\t\t<\/div>\n\t\t\t\t<div class=\"elementor-element elementor-element-078b475 elementor-widget elementor-widget-wd_button\" data-id=\"078b475\" data-element_type=\"widget\" data-widget_type=\"wd_button.default\">\n\t\t\t\t<div class=\"elementor-widget-container\">\n\t\t\t\t\t<div class=\"wd-button-wrapper text-center\" >\n\t\t\t<a class=\"btn btn-style-link btn-shape- btn-size-large btn-scheme-light btn-scheme-hover-dark btn-icon-pos-right\"  href=\"https:\/\/dlcdnets.asus.com\/pub\/ASUS\/LCD%20Monitors\/VG258QM\/VG258QM_Spanish.pdf\" target=\"_blank\">\n\t\t\t\t<span class=\"wd-btn-text\" data-elementor-setting-key=\"text\">\n\t\t\t\t\tSaber m\u00e1s\t\t\t\t<\/span>\n\n\t\t\t\t\t\t\t<\/a>\n\t\t<\/div>\n\t\t\t\t<\/div>\n\t\t\t\t<\/div>\n\t\t\t\t\t<\/div>\n\t\t<\/div>\n\t\t\t\t\t\t\t<\/div>\n\t\t<\/section>\n\t\t\t\t\t\t<\/div>\n\t\t\t\t\t<\/div>\n\t\t","protected":false},"excerpt":{"rendered":"<h4>Caracter\u00edsticas principales:<\/h4>\n<p class=\"p1\"><span class=\"s1\">\u25cf<\/span><span class=\"s2\"> <span id=\"\" class=\"tech-details__item-label\" data-fetched=\"true\">Tama\u00f1o de la pantalla 25 pulgadas<\/span><\/span><br \/>\n<span class=\"s1\">\u25cf<span class=\"s2\"> Resoluci\u00f3n Full HD (1920 x 1080)<\/span><\/span><br \/>\n<span class=\"s1\">\u25cf<\/span><span class=\"s2\"> Frecuencia de actualizaci\u00f3n (Max) : 280Hz<\/span><br \/>\n<span class=\"s1\">\u25cf<\/span><span class=\"s2\"> Tiempo de respuesta 0.5 ms <span class=\"ProductSpecSingle__descriptionItemValue__lVa0O\">(GTG)<\/span><\/span><br \/>\n<span class=\"s1\">\u25cf<\/span><span class=\"s2\"> Tecnolog\u00eda ASUS Extreme Low Motion Blur Sync (ELMB SYNC)<\/span><br \/>\n<span class=\"s1\">\u25cf<\/span> DisplayHDR\u2122 400<\/p>\n","protected":false},"featured_media":13041,"comment_status":"open","ping_status":"closed","template":"","meta":[],"product_cat":[224,94,32,100],"product_tag":[218],"class_list":["post-13077","product","type-product","status-publish","has-post-thumbnail","hentry","product_cat-25-pulgadas","product_cat-monitores-set","product_cat-monitores","product_cat-asus","product_tag-tuf-gaming","pa_brand-asus"],"_links":{"self":[{"href":"https:\/\/tzila.mx\/dev\/wp-json\/wp\/v2\/product\/13077","targetHints":{"allow":["GET"]}}],"collection":[{"href":"https:\/\/tzila.mx\/dev\/wp-json\/wp\/v2\/product"}],"about":[{"href":"https:\/\/tzila.mx\/dev\/wp-json\/wp\/v2\/types\/product"}],"replies":[{"embeddable":true,"href":"https:\/\/tzila.mx\/dev\/wp-json\/wp\/v2\/comments?post=13077"}],"version-history":[{"count":4,"href":"https:\/\/tzila.mx\/dev\/wp-json\/wp\/v2\/product\/13077\/revisions"}],"predecessor-version":[{"id":13081,"href":"https:\/\/tzila.mx\/dev\/wp-json\/wp\/v2\/product\/13077\/revisions\/13081"}],"wp:featuredmedia":[{"embeddable":true,"href":"https:\/\/tzila.mx\/dev\/wp-json\/wp\/v2\/media\/13041"}],"wp:attachment":[{"href":"https:\/\/tzila.mx\/dev\/wp-json\/wp\/v2\/media?parent=13077"}],"wp:term":[{"taxonomy":"product_cat","embeddable":true,"href":"https:\/\/tzila.mx\/dev\/wp-json\/wp\/v2\/product_cat?post=13077"},{"taxonomy":"product_tag","embeddable":true,"href":"https:\/\/tzila.mx\/dev\/wp-json\/wp\/v2\/product_tag?post=13077"}],"curies":[{"name":"wp","href":"https:\/\/api.w.org\/{rel}","templated":true}]}}