{"id":13020,"date":"2022-05-27T14:43:41","date_gmt":"2022-05-27T19:43:41","guid":{"rendered":"https:\/\/tzila.mx\/dev\/?post_type=product&#038;p=13020"},"modified":"2022-06-16T20:09:25","modified_gmt":"2022-06-17T01:09:25","slug":"monitor-gamer-asus-rog-swift-25-full-hd-pg259qn","status":"publish","type":"product","link":"https:\/\/tzila.mx\/dev\/producto\/monitor-gamer-asus-rog-swift-25-full-hd-pg259qn\/","title":{"rendered":"Monitor Gamer ASUS Rog Swift 25&#8243; Full HD PG259QN"},"content":{"rendered":"\t\t<div data-elementor-type=\"wp-post\" data-elementor-id=\"13020\" class=\"elementor elementor-13020\" data-elementor-settings=\"[]\">\n\t\t\t\t\t\t\t<div class=\"elementor-section-wrap\">\n\t\t\t\t\t\t\t<section class=\"elementor-section elementor-top-section elementor-element elementor-element-a77d38a elementor-section-boxed elementor-section-height-default elementor-section-height-default wd-section-disabled\" data-id=\"a77d38a\" data-element_type=\"section\">\n\t\t\t\t\t\t<div class=\"elementor-container elementor-column-gap-default\">\n\t\t\t\t\t<div class=\"elementor-column elementor-col-33 elementor-top-column elementor-element elementor-element-606b0e0\" data-id=\"606b0e0\" data-element_type=\"column\">\n\t\t\t<div class=\"elementor-widget-wrap elementor-element-populated\">\n\t\t\t\t\t\t\t\t<div class=\"elementor-element elementor-element-2efa55d elementor-widget elementor-widget-wd_text_block\" data-id=\"2efa55d\" data-element_type=\"widget\" data-widget_type=\"wd_text_block.default\">\n\t\t\t\t<div class=\"elementor-widget-container\">\n\t\t\t\t\t<div class=\"wd-text-block reset-last-child text-left\">\n\t\t\t\n\t\t\t<h5><strong>M\u00c1S ESPECIFICACIONES<\/strong><strong>:<\/strong><\/h5>\n\t\t\t\t\t<\/div>\n\t\t\t\t<\/div>\n\t\t\t\t<\/div>\n\t\t\t\t<div class=\"elementor-element elementor-element-00b20a9 elementor-widget elementor-widget-wd_text_block\" data-id=\"00b20a9\" data-element_type=\"widget\" data-widget_type=\"wd_text_block.default\">\n\t\t\t\t<div class=\"elementor-widget-container\">\n\t\t\t\t\t<div class=\"wd-text-block reset-last-child text-left\">\n\t\t\t\n\t\t\t<p>\u25cf Monitor gamer IPS r\u00e1pido FHD (1920 x 1080) de 24,5 pulgadas con frecuencia de actualizaci\u00f3n de 360 Hz<br \/>\u25cf La tecnolog\u00eda ASUS Fast IPS permite un tiempo de respuesta (GTG) de 1 ms para im\u00e1genes de juego n\u00edtidas con altas velocidades de cuadro.<br \/>\u25cf El procesador NVIDIA\u00ae G-SYNC\u00ae proporciona juegos fluidos y sin interrupciones a frecuencias de actualizaci\u00f3n de hasta 360 Hz<br \/>\u25cf Un dise\u00f1o de refrigeraci\u00f3n inteligente con un disipador de calor personalizado y un flujo de aire interno exclusivo garantizan temperaturas un 12\u00a0% m\u00e1s fr\u00edas que las pantallas normales<br \/>\u25cf Compatible con HDR10 para color y brillo que superan los de un monitor ordinario<\/p>\n\t\t\t\t\t<\/div>\n\t\t\t\t<\/div>\n\t\t\t\t<\/div>\n\t\t\t\t\t<\/div>\n\t\t<\/div>\n\t\t\t\t<div class=\"elementor-column elementor-col-66 elementor-top-column elementor-element elementor-element-b692253\" data-id=\"b692253\" data-element_type=\"column\">\n\t\t\t<div class=\"elementor-widget-wrap elementor-element-populated\">\n\t\t\t\t\t\t\t\t<div class=\"elementor-element elementor-element-0fefcf7 elementor-widget elementor-widget-wd_image_or_svg\" data-id=\"0fefcf7\" data-element_type=\"widget\" data-widget_type=\"wd_image_or_svg.default\">\n\t\t\t\t<div class=\"elementor-widget-container\">\n\t\t\t\n\t\t<div class=\"wd-image text-center\">\n\t\t\t\t\t\t\t\t<img loading=\"lazy\" decoding=\"async\" width=\"1295\" height=\"549\" src=\"https:\/\/tzila.mx\/dev\/wp-content\/uploads\/2022\/05\/PG259QN-des-3.png\" class=\"attachment-full size-full\" alt=\"\" srcset=\"https:\/\/tzila.mx\/dev\/wp-content\/uploads\/2022\/05\/PG259QN-des-3.png 1295w, https:\/\/tzila.mx\/dev\/wp-content\/uploads\/2022\/05\/PG259QN-des-3-400x170.png 400w, https:\/\/tzila.mx\/dev\/wp-content\/uploads\/2022\/05\/PG259QN-des-3-768x326.png 768w, https:\/\/tzila.mx\/dev\/wp-content\/uploads\/2022\/05\/PG259QN-des-3-860x365.png 860w, https:\/\/tzila.mx\/dev\/wp-content\/uploads\/2022\/05\/PG259QN-des-3-430x182.png 430w, https:\/\/tzila.mx\/dev\/wp-content\/uploads\/2022\/05\/PG259QN-des-3-700x297.png 700w, https:\/\/tzila.mx\/dev\/wp-content\/uploads\/2022\/05\/PG259QN-des-3-150x64.png 150w\" sizes=\"auto, (max-width: 1295px) 100vw, 1295px\" \/>\t\t\t\t\t<\/div>\n\n\t\t\t\t<\/div>\n\t\t\t\t<\/div>\n\t\t\t\t\t<\/div>\n\t\t<\/div>\n\t\t\t\t\t\t\t<\/div>\n\t\t<\/section>\n\t\t\t\t<section class=\"elementor-section elementor-top-section elementor-element elementor-element-ec9e38a elementor-section-boxed elementor-section-height-default elementor-section-height-default wd-section-disabled\" data-id=\"ec9e38a\" data-element_type=\"section\">\n\t\t\t\t\t\t<div class=\"elementor-container elementor-column-gap-default\">\n\t\t\t\t\t<div class=\"elementor-column elementor-col-33 elementor-top-column elementor-element elementor-element-c833c6a\" data-id=\"c833c6a\" data-element_type=\"column\">\n\t\t\t<div class=\"elementor-widget-wrap elementor-element-populated\">\n\t\t\t\t\t\t\t\t<div class=\"elementor-element elementor-element-6ae12e9 elementor-widget elementor-widget-wd_text_block\" data-id=\"6ae12e9\" data-element_type=\"widget\" data-widget_type=\"wd_text_block.default\">\n\t\t\t\t<div class=\"elementor-widget-container\">\n\t\t\t\t\t<div class=\"wd-text-block reset-last-child text-left\">\n\t\t\t\n\t\t\t<h4>El monitor juegos de eSports m\u00e1s r\u00e1pido del mundo<\/h4><p>El ROG Swift 360 Hz PG259QN es el monitor perfecto para competiciones de eSports y juegos con una acci\u00f3n trepidante. La pantalla FHD (1920 x 1080) cuenta con un panel IPS Fast que ofrece hasta 360 Hz de refresco y un tiempo de respuesta de 1 ms de gris a gris (GTG). El procesador NVIDIA\u00ae G-SYNC\u00ae produce una acci\u00f3n suave como la seda y un nivel de realismo ins\u00f3lito y su dise\u00f1o ROG deja patente que no se trata de un monitor de juegos ordinario.<\/p>\n\t\t\t\t\t<\/div>\n\t\t\t\t<\/div>\n\t\t\t\t<\/div>\n\t\t\t\t<div class=\"elementor-element elementor-element-56cc7a2 elementor-widget elementor-widget-wd_image_or_svg\" data-id=\"56cc7a2\" data-element_type=\"widget\" data-widget_type=\"wd_image_or_svg.default\">\n\t\t\t\t<div class=\"elementor-widget-container\">\n\t\t\t\n\t\t<div class=\"wd-image text-left\">\n\t\t\t\t\t\t\t\t<img loading=\"lazy\" decoding=\"async\" width=\"711\" height=\"578\" src=\"https:\/\/tzila.mx\/dev\/wp-content\/uploads\/2022\/05\/PG259QN-des-2.png\" class=\"attachment-full size-full\" alt=\"\" srcset=\"https:\/\/tzila.mx\/dev\/wp-content\/uploads\/2022\/05\/PG259QN-des-2.png 711w, https:\/\/tzila.mx\/dev\/wp-content\/uploads\/2022\/05\/PG259QN-des-2-369x300.png 369w, https:\/\/tzila.mx\/dev\/wp-content\/uploads\/2022\/05\/PG259QN-des-2-430x350.png 430w, https:\/\/tzila.mx\/dev\/wp-content\/uploads\/2022\/05\/PG259QN-des-2-700x569.png 700w, https:\/\/tzila.mx\/dev\/wp-content\/uploads\/2022\/05\/PG259QN-des-2-150x122.png 150w\" sizes=\"auto, (max-width: 711px) 100vw, 711px\" \/>\t\t\t\t\t<\/div>\n\n\t\t\t\t<\/div>\n\t\t\t\t<\/div>\n\t\t\t\t<div class=\"elementor-element elementor-element-e9bf201 elementor-widget elementor-widget-wd_text_block\" data-id=\"e9bf201\" data-element_type=\"widget\" data-widget_type=\"wd_text_block.default\">\n\t\t\t\t<div class=\"elementor-widget-container\">\n\t\t\t\t\t<div class=\"wd-text-block reset-last-child text-left\">\n\t\t\t\n\t\t\t<p>El ROG Swift 360 Hz PG259QN es un monitor ideal para t\u00edtulos r\u00e1pidos de eSports como Counter-Strike: Global Offensive, Rainbow Six: Siege, Overwatch y Fortnite. En un mundo en el que cada milisegundo cuenta, la velocidad de actualizaci\u00f3n de 360 Hz marca la diferencia entre la victoria y la derrota.<\/p><p>En los deportes competitivos, una diferencia del 4% supone una ventaja abismal. Para contexto, en los Juegos Ol\u00edmpicos de Verano de 2016, el 1% determin\u00f3 la diferencia entre la plata y el oro en los 100 y 200 metros lisos de hombres y mujeres.<\/p><p>\u00a0<\/p>\n\t\t\t\t\t<\/div>\n\t\t\t\t<\/div>\n\t\t\t\t<\/div>\n\t\t\t\t<div class=\"elementor-element elementor-element-4f49f18 elementor-widget elementor-widget-wd_text_block\" data-id=\"4f49f18\" data-element_type=\"widget\" data-widget_type=\"wd_text_block.default\">\n\t\t\t\t<div class=\"elementor-widget-container\">\n\t\t\t\t\t<div class=\"wd-text-block reset-last-child text-left\">\n\t\t\t\n\t\t\t<div class=\"row-content r-side\" data-v-b7353816=\"\"><div class=\"product-text\"><div class=\"product-heading\"><h4>RENDIMIENTO Y CAPACIDAD DE RESPUESTA: <br \/>PROCESADOR NVIDIA G-SYNC<\/h4><\/div><\/div><article data-v-b7353816=\"\">El procesador NVIDIA\u00ae G-SYNC\u00ae ofrece la experiencia de juego que necesitas para competir. Experimenta fluidez gr\u00e1fica total a velocidades de refresco hasta de 360 Hz y un desenfoque de movimiento reducido al m\u00ednimo.<\/article><\/div>\n\t\t\t\t\t<\/div>\n\t\t\t\t<\/div>\n\t\t\t\t<\/div>\n\t\t\t\t<div class=\"elementor-element elementor-element-d0a2373 elementor-widget elementor-widget-wd_text_block\" data-id=\"d0a2373\" data-element_type=\"widget\" data-widget_type=\"wd_text_block.default\">\n\t\t\t\t<div class=\"elementor-widget-container\">\n\t\t\t\t\t<div class=\"wd-text-block reset-last-child text-left\">\n\t\t\t\n\t\t\t<div class=\"product-heading\"><h4 class=\"bg_style\">R\u00c1PIDO, SENSIBLE Y V\u00cdVIDO:PANEL FAST IPS DE ASUS<\/h4><\/div><p class=\"gradient-title f-f-xolonium\">La tecnolog\u00eda ASUS Fast IPS permite que los elementos de cristal l\u00edquido de la pantalla se enciendan y apaguen hasta cuatro veces m\u00e1s r\u00e1pido que los paneles IPS convencionales, lo que reduce el tiempo de respuesta GTG del ROG Swift 360 Hz PG259QN a 1 ms y elimina el desenfoque por movimiento.<\/p>\n\t\t\t\t\t<\/div>\n\t\t\t\t<\/div>\n\t\t\t\t<\/div>\n\t\t\t\t\t<\/div>\n\t\t<\/div>\n\t\t\t\t<div class=\"elementor-column elementor-col-33 elementor-top-column elementor-element elementor-element-e7b3bda\" data-id=\"e7b3bda\" data-element_type=\"column\">\n\t\t\t<div class=\"elementor-widget-wrap elementor-element-populated\">\n\t\t\t\t\t\t\t\t<div class=\"elementor-element elementor-element-252ec94 elementor-widget elementor-widget-wd_text_block\" data-id=\"252ec94\" data-element_type=\"widget\" data-widget_type=\"wd_text_block.default\">\n\t\t\t\t<div class=\"elementor-widget-container\">\n\t\t\t\t\t<div class=\"wd-text-block reset-last-child text-left\">\n\t\t\t\n\t\t\t<h4>DEDICADOS A LO QUE M\u00c1S IMPORTA,<br \/>EL DISE\u00d1O DEL PRODUCTO<\/h4><p>Marco antirreflejos<br \/>El recubrimiento antirreflectante del borde inferior ayuda a reducir los reflejos en pantalla.<br \/><br \/>Indicador reposicionado<br \/>La luz indicadora se ha movido a la parte inferior del bisel para eliminar las distracciones de tu l\u00ednea de visi\u00f3n. <br \/><br \/>Iluminaci\u00f3n ASUS Aura Sync<br \/>El ROG Swift 360 Hz PG259QN cuenta con efectos de iluminaci\u00f3n ambiental ASUS Aura Sync que puedes sincronizar con el resto de componentes y perif\u00e9ricos Aura. <br \/><br \/>Gesti\u00f3n de cables inteligente<br \/>Organiza y esconde los cables para mantener tu \u00e1rea de juego ordenada. <br \/><br \/>Soporte que ahorra espacio<br \/>El nuevo soporte permite acercar el teclado y el rat\u00f3n al monitor, liberando m\u00e1s espacio para tus dispositivos de juego.<\/p>\n\t\t\t\t\t<\/div>\n\t\t\t\t<\/div>\n\t\t\t\t<\/div>\n\t\t\t\t<div class=\"elementor-element elementor-element-f8f184f elementor-widget elementor-widget-wd_image_or_svg\" data-id=\"f8f184f\" data-element_type=\"widget\" data-widget_type=\"wd_image_or_svg.default\">\n\t\t\t\t<div class=\"elementor-widget-container\">\n\t\t\t\n\t\t<div class=\"wd-image text-left\">\n\t\t\t\t\t\t\t\t<img loading=\"lazy\" decoding=\"async\" width=\"514\" height=\"408\" src=\"https:\/\/tzila.mx\/dev\/wp-content\/uploads\/2022\/05\/PG259QN-des-4.png\" class=\"attachment-full size-full\" alt=\"\" srcset=\"https:\/\/tzila.mx\/dev\/wp-content\/uploads\/2022\/05\/PG259QN-des-4.png 514w, https:\/\/tzila.mx\/dev\/wp-content\/uploads\/2022\/05\/PG259QN-des-4-378x300.png 378w, https:\/\/tzila.mx\/dev\/wp-content\/uploads\/2022\/05\/PG259QN-des-4-430x341.png 430w, https:\/\/tzila.mx\/dev\/wp-content\/uploads\/2022\/05\/PG259QN-des-4-150x119.png 150w\" sizes=\"auto, (max-width: 514px) 100vw, 514px\" \/>\t\t\t\t\t<\/div>\n\n\t\t\t\t<\/div>\n\t\t\t\t<\/div>\n\t\t\t\t<div class=\"elementor-element elementor-element-6fe338d elementor-widget elementor-widget-wd_text_block\" data-id=\"6fe338d\" data-element_type=\"widget\" data-widget_type=\"wd_text_block.default\">\n\t\t\t\t<div class=\"elementor-widget-container\">\n\t\t\t\t\t<div class=\"wd-text-block reset-last-child text-left\">\n\t\t\t\n\t\t\t<h4 class=\"view-title gradient-title f-f-xolonium\">SISTEMA DE REFRIGERACI\u00d3N INTELIGENTE<\/h4><div><div class=\"fcontent\"><div class=\"info\"><div class=\"flex-item\"><div class=\"content-info\"><div class=\"info-title\"><div class=\"text gradient-link\">Disipador t\u00e9rmico m\u00e1s grande<\/div><div>El disipador t\u00e9rmico especial del ROG Swift 360Hz PG259QN tiene una superficie m\u00e1s grande para el intercambio de calor, lo que ayuda a contener la temperatura durante los maratones de juego.<\/div><div>\u00a0<\/div><\/div><div><a class=\"tabnav-link f-f-xolonium active\">Un dise\u00f1o de ventilaci\u00f3n de aire inteligente<\/a><\/div><div>ROG Swift 360Hz PG259QN utiliza corrientes de convecci\u00f3n para generar flujo de aire dentro del monitor, con aire caliente saliendo por las rejillas de ventilaci\u00f3n superiores traseras y aire fr\u00edo aspirado por las rejillas de ventilaci\u00f3n inferiores. Este sistema de refrigeraci\u00f3n sin ventilador garantiza que funcione de forma silenciosa y no requiera mantenimiento.<\/div><\/div><\/div><\/div><\/div><\/div>\n\t\t\t\t\t<\/div>\n\t\t\t\t<\/div>\n\t\t\t\t<\/div>\n\t\t\t\t\t<\/div>\n\t\t<\/div>\n\t\t\t\t<div class=\"elementor-column elementor-col-33 elementor-top-column elementor-element elementor-element-ba9b9c1\" data-id=\"ba9b9c1\" data-element_type=\"column\">\n\t\t\t<div class=\"elementor-widget-wrap elementor-element-populated\">\n\t\t\t\t\t\t\t\t<div class=\"elementor-element elementor-element-c3042e2 elementor-widget elementor-widget-wd_text_block\" data-id=\"c3042e2\" data-element_type=\"widget\" data-widget_type=\"wd_text_block.default\">\n\t\t\t\t<div class=\"elementor-widget-container\">\n\t\t\t\t\t<div class=\"wd-text-block reset-last-child text-left\">\n\t\t\t\n\t\t\t<h4>FLUIDEZ Y NITIDEZ GR\u00c1FICA<br \/>- NVIDIA Ultra Low Motion Blur<\/h4><div><div class=\"fcontent\"><div class=\"info\"><div class=\"flex-item\"><div class=\"content-info\"><div>La tecnolog\u00eda NVIDIA Ultra Low Motion Blur utiliza la luz de fondo para que los movimientos cobren una nitidez extraordinaria.<\/div><\/div><\/div><\/div><\/div><\/div>\n\t\t\t\t\t<\/div>\n\t\t\t\t<\/div>\n\t\t\t\t<\/div>\n\t\t\t\t<div class=\"elementor-element elementor-element-2fe6a39 elementor-widget elementor-widget-wd_text_block\" data-id=\"2fe6a39\" data-element_type=\"widget\" data-widget_type=\"wd_text_block.default\">\n\t\t\t\t<div class=\"elementor-widget-container\">\n\t\t\t\t\t<div class=\"wd-text-block reset-last-child text-left\">\n\t\t\t\n\t\t\t<h4>ALTO RANGO DIN\u00c1MICO (HDR)<\/h4><div><div class=\"fcontent\"><div class=\"info\"><div class=\"flex-item\"><div class=\"content-info\">La tecnolog\u00eda HDR produce una gama de colores m\u00e1s amplia y un mayor contraste que los monitores tradicionales. El ROG Swift 360 Hz PG259QN cuenta con HDR10 para ofrecerte una paleta de color y niveles de brillo que superan los de las pantallas normales.<\/div><\/div><\/div><\/div><\/div>\n\t\t\t\t\t<\/div>\n\t\t\t\t<\/div>\n\t\t\t\t<\/div>\n\t\t\t\t<div class=\"elementor-element elementor-element-2a1274e elementor-widget elementor-widget-wd_image_or_svg\" data-id=\"2a1274e\" data-element_type=\"widget\" data-widget_type=\"wd_image_or_svg.default\">\n\t\t\t\t<div class=\"elementor-widget-container\">\n\t\t\t\n\t\t<div class=\"wd-image text-left\">\n\t\t\t\t\t\t\t\t<img loading=\"lazy\" decoding=\"async\" width=\"1268\" height=\"703\" src=\"https:\/\/tzila.mx\/dev\/wp-content\/uploads\/2022\/05\/PG259QN-des-1.png\" class=\"attachment-full size-full\" alt=\"\" srcset=\"https:\/\/tzila.mx\/dev\/wp-content\/uploads\/2022\/05\/PG259QN-des-1.png 1268w, https:\/\/tzila.mx\/dev\/wp-content\/uploads\/2022\/05\/PG259QN-des-1-400x222.png 400w, https:\/\/tzila.mx\/dev\/wp-content\/uploads\/2022\/05\/PG259QN-des-1-768x426.png 768w, https:\/\/tzila.mx\/dev\/wp-content\/uploads\/2022\/05\/PG259QN-des-1-860x477.png 860w, https:\/\/tzila.mx\/dev\/wp-content\/uploads\/2022\/05\/PG259QN-des-1-430x238.png 430w, https:\/\/tzila.mx\/dev\/wp-content\/uploads\/2022\/05\/PG259QN-des-1-700x388.png 700w, https:\/\/tzila.mx\/dev\/wp-content\/uploads\/2022\/05\/PG259QN-des-1-150x83.png 150w\" sizes=\"auto, (max-width: 1268px) 100vw, 1268px\" \/>\t\t\t\t\t<\/div>\n\n\t\t\t\t<\/div>\n\t\t\t\t<\/div>\n\t\t\t\t<div class=\"elementor-element elementor-element-c86d944 elementor-widget elementor-widget-wd_text_block\" data-id=\"c86d944\" data-element_type=\"widget\" data-widget_type=\"wd_text_block.default\">\n\t\t\t\t<div class=\"elementor-widget-container\">\n\t\t\t\t\t<div class=\"wd-text-block reset-last-child text-left\">\n\t\t\t\n\t\t\t<h4 class=\"view-title gradient-title f-f-xolonium\">MEJORAS DE JUEGO<\/h4><div><div class=\"fcontent\"><div class=\"info\"><div class=\"flex-item\"><div class=\"content-info\"><div class=\"flex-item\"><div class=\"content-info\"><p>GamePlus<br \/>ASUS GamePlus te permite rendir al m\u00e1ximo en los juegos. Est\u00e1 funci\u00f3n se ha desarrollado junto a gamers profesionales para que practiques y mejores tus habilidades de gaming.<\/p><div class=\"flex-item\"><div class=\"content-info\"><p>GameVisual<br \/>La tecnolog\u00eda ASUS GameVisual ofrece siete configuraciones de f\u00e1brica que optimizan la imagen para diferentes tipos de contenido. Puedes acceder a GameVisual a trav\u00e9s de un atajo de teclas o en el men\u00fa de configuraci\u00f3n.<\/p><div class=\"flex-item\"><div class=\"content-info\"><p>Tecnolog\u00eda Antiparpadeo<br \/>Reduce el parpadeo para minimizar la fatiga visual y otros efectos adversos relacionados con las largas sesiones de gaming.<\/p><div class=\"flexCon flex-reverse\"><p class=\"gradient-title f-f-xolonium\">Tecnolog\u00eda Luz azul de baja intensidad<br \/>Este monitor incorpora un filtro certificado de los laboratorios T\u00dcV Rheinland que te protege contra la luz azul perjudicial. Puedes controlar el nivel de reducci\u00f3n con las cuatro configuraciones del filtro.<\/p><\/div><\/div><\/div><\/div><\/div><\/div><\/div><\/div><\/div><\/div><\/div><\/div>\n\t\t\t\t\t<\/div>\n\t\t\t\t<\/div>\n\t\t\t\t<\/div>\n\t\t\t\t<div class=\"elementor-element elementor-element-9ee61cc elementor-widget elementor-widget-wd_text_block\" data-id=\"9ee61cc\" data-element_type=\"widget\" data-widget_type=\"wd_text_block.default\">\n\t\t\t\t<div class=\"elementor-widget-container\">\n\t\t\t\t\t<div class=\"wd-text-block reset-last-child text-left\">\n\t\t\t\n\t\t\t<h4 class=\"view-title gradient-title f-f-xolonium\">INGENIER\u00cdA<\/h4><div><div class=\"fcontent\"><div class=\"info\"><div class=\"flex-item\"><div class=\"content-info\"><div class=\"flex-item\"><div class=\"content-info\"><div class=\"info-title\"><div class=\"flex-item\"><div class=\"content-info\"><div class=\"info-title\"><p class=\"gradient-title f-f-xolonium\">Conectividad completa<br \/>Este monitor viene equipado con puertos DisplayPort 1.4 y HDMI (v2.0) para que puedas conectar tus dispositivos multimedia.<\/p><\/div><div class=\"flex-item\"><div class=\"content-info\"><p>Dise\u00f1o ergon\u00f3mico<br \/>El soporte ergon\u00f3mico de este monitor permite regular la altura, inclinaci\u00f3n, orientaci\u00f3n y rotaci\u00f3n de la pantalla. Tambi\u00e9n es compatible con accesorios de montaje VESA.<\/p><\/div><\/div><\/div><\/div><\/div><\/div><\/div><\/div><\/div><\/div><\/div><\/div>\n\t\t\t\t\t<\/div>\n\t\t\t\t<\/div>\n\t\t\t\t<\/div>\n\t\t\t\t<div class=\"elementor-element elementor-element-078b475 elementor-widget elementor-widget-wd_button\" data-id=\"078b475\" data-element_type=\"widget\" data-widget_type=\"wd_button.default\">\n\t\t\t\t<div class=\"elementor-widget-container\">\n\t\t\t\t\t<div class=\"wd-button-wrapper text-center\" >\n\t\t\t<a class=\"btn btn-style-link btn-shape- btn-size-large btn-scheme-light btn-scheme-hover-dark btn-icon-pos-right\"  href=\"https:\/\/dlcdnets.asus.com\/pub\/ASUS\/LCD%20Monitors\/PG259QN\/PG259_Spanish.pdf\" target=\"_blank\">\n\t\t\t\t<span class=\"wd-btn-text\" data-elementor-setting-key=\"text\">\n\t\t\t\t\tSaber m\u00e1s\t\t\t\t<\/span>\n\n\t\t\t\t\t\t\t<\/a>\n\t\t<\/div>\n\t\t\t\t<\/div>\n\t\t\t\t<\/div>\n\t\t\t\t\t<\/div>\n\t\t<\/div>\n\t\t\t\t\t\t\t<\/div>\n\t\t<\/section>\n\t\t\t\t\t\t<\/div>\n\t\t\t\t\t<\/div>\n\t\t","protected":false},"excerpt":{"rendered":"<h4>Caracter\u00edsticas principales:<\/h4>\n<p class=\"p1\"><span class=\"s1\">\u25cf<\/span><span class=\"s2\"> <span id=\"\" class=\"tech-details__item-label\" data-fetched=\"true\">Tama\u00f1o de la pantalla 24.5 pulgadas<\/span><\/span><br \/>\n<span class=\"s1\">\u25cf <\/span>Resoluci\u00f3n Full HD (1920 x 1080)<br \/>\n<span class=\"s1\">\u25cf<\/span> Frecuencia de actualizaci\u00f3n (Max) : 360Hz<br \/>\n<span class=\"s1\">\u25cf<\/span> Tiempo de respuesta 1 ms <span class=\"ProductSpecSingle__descriptionItemValue__lVa0O\">(GTG)<\/span><br \/>\n<span class=\"s1\">\u25cf <\/span>eSports NVIDIA<strong>\u00ae<\/strong> G-SYNC<strong>\u00ae<\/strong> Gaming Monitor<br \/>\n<span class=\"s1\">\u25cf<\/span><span class=\"s2\"> Tecnolog\u00eda ASUS Fast IPS<\/span><\/p>\n","protected":false},"featured_media":13025,"comment_status":"open","ping_status":"closed","template":"","meta":[],"product_cat":[224,94,32,100],"product_tag":[114],"class_list":["post-13020","product","type-product","status-publish","has-post-thumbnail","hentry","product_cat-25-pulgadas","product_cat-monitores-set","product_cat-monitores","product_cat-asus","product_tag-rog-gaming","pa_brand-asus"],"_links":{"self":[{"href":"https:\/\/tzila.mx\/dev\/wp-json\/wp\/v2\/product\/13020","targetHints":{"allow":["GET"]}}],"collection":[{"href":"https:\/\/tzila.mx\/dev\/wp-json\/wp\/v2\/product"}],"about":[{"href":"https:\/\/tzila.mx\/dev\/wp-json\/wp\/v2\/types\/product"}],"replies":[{"embeddable":true,"href":"https:\/\/tzila.mx\/dev\/wp-json\/wp\/v2\/comments?post=13020"}],"version-history":[{"count":10,"href":"https:\/\/tzila.mx\/dev\/wp-json\/wp\/v2\/product\/13020\/revisions"}],"predecessor-version":[{"id":15274,"href":"https:\/\/tzila.mx\/dev\/wp-json\/wp\/v2\/product\/13020\/revisions\/15274"}],"wp:featuredmedia":[{"embeddable":true,"href":"https:\/\/tzila.mx\/dev\/wp-json\/wp\/v2\/media\/13025"}],"wp:attachment":[{"href":"https:\/\/tzila.mx\/dev\/wp-json\/wp\/v2\/media?parent=13020"}],"wp:term":[{"taxonomy":"product_cat","embeddable":true,"href":"https:\/\/tzila.mx\/dev\/wp-json\/wp\/v2\/product_cat?post=13020"},{"taxonomy":"product_tag","embeddable":true,"href":"https:\/\/tzila.mx\/dev\/wp-json\/wp\/v2\/product_tag?post=13020"}],"curies":[{"name":"wp","href":"https:\/\/api.w.org\/{rel}","templated":true}]}}