{"id":12959,"date":"2022-05-27T12:42:17","date_gmt":"2022-05-27T17:42:17","guid":{"rendered":"https:\/\/tzila.mx\/dev\/?post_type=product&#038;p=12959"},"modified":"2022-06-16T20:09:28","modified_gmt":"2022-06-17T01:09:28","slug":"monitor-asus-32-lcd-full-hd-va325h","status":"publish","type":"product","link":"https:\/\/tzila.mx\/dev\/producto\/monitor-asus-32-lcd-full-hd-va325h\/","title":{"rendered":"Monitor ASUS  32&#8243; LCD Full HD VA325H"},"content":{"rendered":"\t\t<div data-elementor-type=\"wp-post\" data-elementor-id=\"12959\" class=\"elementor elementor-12959\" data-elementor-settings=\"[]\">\n\t\t\t\t\t\t\t<div class=\"elementor-section-wrap\">\n\t\t\t\t\t\t\t<section class=\"elementor-section elementor-top-section elementor-element elementor-element-a77d38a elementor-section-boxed elementor-section-height-default elementor-section-height-default wd-section-disabled\" data-id=\"a77d38a\" data-element_type=\"section\">\n\t\t\t\t\t\t<div class=\"elementor-container elementor-column-gap-default\">\n\t\t\t\t\t<div class=\"elementor-column elementor-col-33 elementor-top-column elementor-element elementor-element-606b0e0\" data-id=\"606b0e0\" data-element_type=\"column\">\n\t\t\t<div class=\"elementor-widget-wrap elementor-element-populated\">\n\t\t\t\t\t\t\t\t<div class=\"elementor-element elementor-element-2efa55d elementor-widget elementor-widget-wd_text_block\" data-id=\"2efa55d\" data-element_type=\"widget\" data-widget_type=\"wd_text_block.default\">\n\t\t\t\t<div class=\"elementor-widget-container\">\n\t\t\t\t\t<div class=\"wd-text-block reset-last-child text-left\">\n\t\t\t\n\t\t\t<h5><strong>M\u00c1S ESPECIFICACIONES<\/strong><strong>:<\/strong><\/h5>\n\t\t\t\t\t<\/div>\n\t\t\t\t<\/div>\n\t\t\t\t<\/div>\n\t\t\t\t<div class=\"elementor-element elementor-element-00b20a9 elementor-widget elementor-widget-wd_text_block\" data-id=\"00b20a9\" data-element_type=\"widget\" data-widget_type=\"wd_text_block.default\">\n\t\t\t\t<div class=\"elementor-widget-container\">\n\t\t\t\t\t<div class=\"wd-text-block reset-last-child text-left\">\n\t\t\t\n\t\t\t<p>\u25cf Display de 31.5\u201d Full HD con \u00e1ngulo de visi\u00f3n de 178\u00b0 para una superior calidad de imagen<br \/>\u25cf El exclusivo GamePlus de ASUS provee las funciones Crosshair y Timer para una mejor experiencia de juego<br \/>\u25cf Conectividad extensiva incluyendo HDMI, D-Sub, y bocinas est\u00e9reo de 2 Watts.<br \/>\u25cf El T\u00dcV con certificado Rheinland con tecnolog\u00edas ASUS Flicker-Free y Low Blue Light<\/p>\n\t\t\t\t\t<\/div>\n\t\t\t\t<\/div>\n\t\t\t\t<\/div>\n\t\t\t\t\t<\/div>\n\t\t<\/div>\n\t\t\t\t<div class=\"elementor-column elementor-col-66 elementor-top-column elementor-element elementor-element-b692253\" data-id=\"b692253\" data-element_type=\"column\">\n\t\t\t<div class=\"elementor-widget-wrap elementor-element-populated\">\n\t\t\t\t\t\t\t\t<div class=\"elementor-element elementor-element-0fefcf7 elementor-widget elementor-widget-wd_image_or_svg\" data-id=\"0fefcf7\" data-element_type=\"widget\" data-widget_type=\"wd_image_or_svg.default\">\n\t\t\t\t<div class=\"elementor-widget-container\">\n\t\t\t\n\t\t<div class=\"wd-image text-center\">\n\t\t\t\t\t\t\t\t<img loading=\"lazy\" decoding=\"async\" width=\"1000\" height=\"303\" src=\"https:\/\/tzila.mx\/dev\/wp-content\/uploads\/2022\/05\/VA325H-des-1.png\" class=\"attachment-full size-full\" alt=\"\" srcset=\"https:\/\/tzila.mx\/dev\/wp-content\/uploads\/2022\/05\/VA325H-des-1.png 1000w, https:\/\/tzila.mx\/dev\/wp-content\/uploads\/2022\/05\/VA325H-des-1-400x121.png 400w, https:\/\/tzila.mx\/dev\/wp-content\/uploads\/2022\/05\/VA325H-des-1-768x233.png 768w, https:\/\/tzila.mx\/dev\/wp-content\/uploads\/2022\/05\/VA325H-des-1-860x261.png 860w, https:\/\/tzila.mx\/dev\/wp-content\/uploads\/2022\/05\/VA325H-des-1-430x130.png 430w, https:\/\/tzila.mx\/dev\/wp-content\/uploads\/2022\/05\/VA325H-des-1-700x212.png 700w, https:\/\/tzila.mx\/dev\/wp-content\/uploads\/2022\/05\/VA325H-des-1-150x45.png 150w\" sizes=\"auto, (max-width: 1000px) 100vw, 1000px\" \/>\t\t\t\t\t<\/div>\n\n\t\t\t\t<\/div>\n\t\t\t\t<\/div>\n\t\t\t\t\t<\/div>\n\t\t<\/div>\n\t\t\t\t\t\t\t<\/div>\n\t\t<\/section>\n\t\t\t\t<section class=\"elementor-section elementor-top-section elementor-element elementor-element-ec9e38a elementor-section-boxed elementor-section-height-default elementor-section-height-default wd-section-disabled\" data-id=\"ec9e38a\" data-element_type=\"section\">\n\t\t\t\t\t\t<div class=\"elementor-container elementor-column-gap-default\">\n\t\t\t\t\t<div class=\"elementor-column elementor-col-33 elementor-top-column elementor-element elementor-element-c833c6a\" data-id=\"c833c6a\" data-element_type=\"column\">\n\t\t\t<div class=\"elementor-widget-wrap elementor-element-populated\">\n\t\t\t\t\t\t\t\t<div class=\"elementor-element elementor-element-6ae12e9 elementor-widget elementor-widget-wd_text_block\" data-id=\"6ae12e9\" data-element_type=\"widget\" data-widget_type=\"wd_text_block.default\">\n\t\t\t\t<div class=\"elementor-widget-container\">\n\t\t\t\t\t<div class=\"wd-text-block reset-last-child text-left\">\n\t\t\t\n\t\t\t<h4>Calidad de Imagen Superior<\/h4><p>Monitor VA325H 31.5\u201d Full HD con \u00e1ngulo de visi\u00f3n de 178\u00b0, Radio de Contraste Inteligente ASUS 100,000,000:1, el exclusivo SplendidPlus de ASUS, la tecnolog\u00eda VivdPixel es optimizada para la m\u00e1s fina calidad de imagen y color. El monitor VA325H con 178\u02da (H) \/ 178\u02da (V) con \u00e1ngulo de visi\u00f3n ultra-amplio que elimina el cambio de color en tu monitor sin importar desde d\u00f3nde y c\u00f3mo lo veas.<\/p>\n\t\t\t\t\t<\/div>\n\t\t\t\t<\/div>\n\t\t\t\t<\/div>\n\t\t\t\t<div class=\"elementor-element elementor-element-e9bf201 elementor-widget elementor-widget-wd_text_block\" data-id=\"e9bf201\" data-element_type=\"widget\" data-widget_type=\"wd_text_block.default\">\n\t\t\t\t<div class=\"elementor-widget-container\">\n\t\t\t\t\t<div class=\"wd-text-block reset-last-child text-left\">\n\t\t\t\n\t\t\t<div class=\"row-content\" data-v-b7353816=\"\"><h4>Tecnolog\u00eda exclusiva de ASUS GamePlus<\/h4><p>Cuando se trata de dise\u00f1o, ASUS siempre tiene en mente a sus clientes \u2013 El ASUS VA325H integra la exclusiva tecnolog\u00eda de ASUS de Atajos GamePlus con funciones crosshair y timer. Los jugadores pueden elegir entre cuatro diferentes tipos de crosshair para combinar con el ambiente de juego; mientras que el timer mantiene a los jugadores conscientes del tiempo transcurrido en los juegos de estrategia en tiempo real. Estas herramientas permiten a los jugadores practicar y mejorar sus habilidades.<\/p><\/div>\n\t\t\t\t\t<\/div>\n\t\t\t\t<\/div>\n\t\t\t\t<\/div>\n\t\t\t\t\t<\/div>\n\t\t<\/div>\n\t\t\t\t<div class=\"elementor-column elementor-col-33 elementor-top-column elementor-element elementor-element-e7b3bda\" data-id=\"e7b3bda\" data-element_type=\"column\">\n\t\t\t<div class=\"elementor-widget-wrap elementor-element-populated\">\n\t\t\t\t\t\t\t\t<div class=\"elementor-element elementor-element-4f49f18 elementor-widget elementor-widget-wd_text_block\" data-id=\"4f49f18\" data-element_type=\"widget\" data-widget_type=\"wd_text_block.default\">\n\t\t\t\t<div class=\"elementor-widget-container\">\n\t\t\t\t\t<div class=\"wd-text-block reset-last-child text-left\">\n\t\t\t\n\t\t\t<div class=\"row-content r-side\" data-v-b7353816=\"\"><div class=\"product-text\"><div class=\"product-heading\"><h4>Tecnolog\u00edas exclusivas de ASUS SplendidPlus<\/h4><\/div><\/div><article data-v-b7353816=\"\">Nos hemos superado incorporando algunas de nuestras tecnolog\u00edas propias en el ASUS VA325H para darte una experiencia visual realmente v\u00edvida. El VA325H integra la nueva tecnolog\u00eda SplendidPlus\u2122 Video Intelligence que optimiza videos e imagenes aumentando el brillo del color, contrate y definici\u00f3n. SplendidPlus\u2122 viene con dos nuevos modos \u2013 Reading y Darkroom \u2013 adem\u00e1s de los modos Scenery, Standard, Theater, sRGB, y Night View. Las tecnolog\u00edas Low-blue Light y Flicker-free tambi\u00e9n reducen el da\u00f1o en tus ojos despu\u00e9s de largos periodos de uso.<\/article><\/div>\n\t\t\t\t\t<\/div>\n\t\t\t\t<\/div>\n\t\t\t\t<\/div>\n\t\t\t\t<div class=\"elementor-element elementor-element-252ec94 elementor-widget elementor-widget-wd_text_block\" data-id=\"252ec94\" data-element_type=\"widget\" data-widget_type=\"wd_text_block.default\">\n\t\t\t\t<div class=\"elementor-widget-container\">\n\t\t\t\t\t<div class=\"wd-text-block reset-last-child text-left\">\n\t\t\t\n\t\t\t<h4>Tecnolog\u00eda VividPixel para la Mejor Calidad de Imagen<\/h4><p>La tecnolog\u00eda VividPixel de ASUS realza la imagen y reduce las barras de ruido para una visi\u00f3n limpia y orientada la detalle.<\/p>\n\t\t\t\t\t<\/div>\n\t\t\t\t<\/div>\n\t\t\t\t<\/div>\n\t\t\t\t\t<\/div>\n\t\t<\/div>\n\t\t\t\t<div class=\"elementor-column elementor-col-33 elementor-top-column elementor-element elementor-element-ba9b9c1\" data-id=\"ba9b9c1\" data-element_type=\"column\">\n\t\t\t<div class=\"elementor-widget-wrap elementor-element-populated\">\n\t\t\t\t\t\t\t\t<div class=\"elementor-element elementor-element-d0a2373 elementor-widget elementor-widget-wd_text_block\" data-id=\"d0a2373\" data-element_type=\"widget\" data-widget_type=\"wd_text_block.default\">\n\t\t\t\t<div class=\"elementor-widget-container\">\n\t\t\t\t\t<div class=\"wd-text-block reset-last-child text-left\">\n\t\t\t\n\t\t\t<h4>Protege tus ojos con la tecnolog\u00eda Eye Care de ASUS<\/h4><p>\u25cf Monitor con Luz Azul Ultra-baja<\/p><p>El certificado T\u00dcV Rheinland de ASUS Blue Light Filter te protege del da\u00f1o de la luz azul y puedes acceder f\u00e1cilmente a los diferentes ajustes de filtros mediante un atajo. El VA325H ha sido sometido a estrictas pruebas de rendimiento y est\u00e1 certificado por los laboratorios T\u00dcV Rheinland, un proveedor global de dispositivos con certificaciones t\u00e9cnicas y de seguridad para asegurar que es libre de parpadeaos y niveles de luz azul bajos.<\/p><p><br \/>\u25cfTecnolog\u00eda Flicker-free<\/p><p>Es tiempo de decirle adi\u00f3s a los ojos cansados. El VA325H integra tecnolog\u00eda certificada T\u00dcV Rheinland ASUS Flicker-Free que reduce el parpadeo para una experiencia visual c\u00f3moda. Esta tecnolog\u00eda ayuda a minimizar el cansancio en los ojos, especialmente cuando pasas periodos muy largos frente al monitor viendo tus videos favoritos.<\/p>\n\t\t\t\t\t<\/div>\n\t\t\t\t<\/div>\n\t\t\t\t<\/div>\n\t\t\t\t<div class=\"elementor-element elementor-element-078b475 elementor-widget elementor-widget-wd_button\" data-id=\"078b475\" data-element_type=\"widget\" data-widget_type=\"wd_button.default\">\n\t\t\t\t<div class=\"elementor-widget-container\">\n\t\t\t\t\t<div class=\"wd-button-wrapper text-center\" >\n\t\t\t<a class=\"btn btn-style-link btn-shape- btn-size-large btn-scheme-light btn-scheme-hover-dark btn-icon-pos-right\"  href=\"https:\/\/dlcdnets.asus.com\/pub\/ASUS\/LCD%20Monitors\/VA325\/ASUS_VA325H_English.pdf\" target=\"_blank\">\n\t\t\t\t<span class=\"wd-btn-text\" data-elementor-setting-key=\"text\">\n\t\t\t\t\tSaber m\u00e1s\t\t\t\t<\/span>\n\n\t\t\t\t\t\t\t<\/a>\n\t\t<\/div>\n\t\t\t\t<\/div>\n\t\t\t\t<\/div>\n\t\t\t\t\t<\/div>\n\t\t<\/div>\n\t\t\t\t\t\t\t<\/div>\n\t\t<\/section>\n\t\t\t\t\t\t<\/div>\n\t\t\t\t\t<\/div>\n\t\t","protected":false},"excerpt":{"rendered":"<h4>Caracter\u00edsticas principales:<\/h4>\n<p class=\"p1\"><span class=\"s1\">\u25cf<\/span><span class=\"s2\"> <span id=\"\" class=\"tech-details__item-label\" data-fetched=\"true\">Tama\u00f1o de la pantalla 31.5 pulgadas<\/span><\/span><br \/>\n<span class=\"s1\">\u25cf<span class=\"s2\"> LCD Full HD<\/span><\/span><br \/>\n<span class=\"s1\">\u25cf<\/span>\u00a0\u00c1ngulo de visi\u00f3n de 178\u00b0<br \/>\n<span class=\"s1\">\u25cf<\/span><span class=\"s2\"> GamePlus de ASUS<\/span><br \/>\n<span class=\"s1\">\u25cf<\/span><span class=\"s2\"> Bocinas est\u00e9reo<\/span><br \/>\n<span class=\"s1\">\u25cf<\/span><span class=\"s2\"> Flicker-Free y Low Blue Light <\/span><\/p>\n","protected":false},"featured_media":12960,"comment_status":"open","ping_status":"closed","template":"","meta":[],"product_cat":[219,94,32,100],"product_tag":[221],"class_list":["post-12959","product","type-product","status-publish","has-post-thumbnail","hentry","product_cat-32-pulgadas","product_cat-monitores-set","product_cat-monitores","product_cat-asus","product_tag-asus","pa_brand-asus"],"_links":{"self":[{"href":"https:\/\/tzila.mx\/dev\/wp-json\/wp\/v2\/product\/12959","targetHints":{"allow":["GET"]}}],"collection":[{"href":"https:\/\/tzila.mx\/dev\/wp-json\/wp\/v2\/product"}],"about":[{"href":"https:\/\/tzila.mx\/dev\/wp-json\/wp\/v2\/types\/product"}],"replies":[{"embeddable":true,"href":"https:\/\/tzila.mx\/dev\/wp-json\/wp\/v2\/comments?post=12959"}],"version-history":[{"count":9,"href":"https:\/\/tzila.mx\/dev\/wp-json\/wp\/v2\/product\/12959\/revisions"}],"predecessor-version":[{"id":15396,"href":"https:\/\/tzila.mx\/dev\/wp-json\/wp\/v2\/product\/12959\/revisions\/15396"}],"wp:featuredmedia":[{"embeddable":true,"href":"https:\/\/tzila.mx\/dev\/wp-json\/wp\/v2\/media\/12960"}],"wp:attachment":[{"href":"https:\/\/tzila.mx\/dev\/wp-json\/wp\/v2\/media?parent=12959"}],"wp:term":[{"taxonomy":"product_cat","embeddable":true,"href":"https:\/\/tzila.mx\/dev\/wp-json\/wp\/v2\/product_cat?post=12959"},{"taxonomy":"product_tag","embeddable":true,"href":"https:\/\/tzila.mx\/dev\/wp-json\/wp\/v2\/product_tag?post=12959"}],"curies":[{"name":"wp","href":"https:\/\/api.w.org\/{rel}","templated":true}]}}