{"id":12878,"date":"2022-05-25T15:40:13","date_gmt":"2022-05-25T20:40:13","guid":{"rendered":"https:\/\/tzila.mx\/dev\/?post_type=product&#038;p=12878"},"modified":"2022-06-16T16:16:17","modified_gmt":"2022-06-16T21:16:17","slug":"tarjeta-madre-asus-tuf-gaming-z590-plus-wifi","status":"publish","type":"product","link":"https:\/\/tzila.mx\/dev\/producto\/tarjeta-madre-asus-tuf-gaming-z590-plus-wifi\/","title":{"rendered":"Tarjeta Madre ASUS TUF Gaming Z590-PLUS WIFI"},"content":{"rendered":"\t\t<div data-elementor-type=\"wp-post\" data-elementor-id=\"12878\" class=\"elementor elementor-12878\" data-elementor-settings=\"[]\">\n\t\t\t\t\t\t\t<div class=\"elementor-section-wrap\">\n\t\t\t\t\t\t\t<section class=\"elementor-section elementor-top-section elementor-element elementor-element-a77d38a elementor-section-boxed elementor-section-height-default elementor-section-height-default wd-section-disabled\" data-id=\"a77d38a\" data-element_type=\"section\">\n\t\t\t\t\t\t<div class=\"elementor-container elementor-column-gap-default\">\n\t\t\t\t\t<div class=\"elementor-column elementor-col-33 elementor-top-column elementor-element elementor-element-606b0e0\" data-id=\"606b0e0\" data-element_type=\"column\">\n\t\t\t<div class=\"elementor-widget-wrap elementor-element-populated\">\n\t\t\t\t\t\t\t\t<div class=\"elementor-element elementor-element-2efa55d elementor-widget elementor-widget-wd_text_block\" data-id=\"2efa55d\" data-element_type=\"widget\" data-widget_type=\"wd_text_block.default\">\n\t\t\t\t<div class=\"elementor-widget-container\">\n\t\t\t\t\t<div class=\"wd-text-block reset-last-child text-left\">\n\t\t\t\n\t\t\t<h5><strong>M\u00c1S ESPECIFICACIONES<\/strong><strong>:<\/strong><\/h5>\n\t\t\t\t\t<\/div>\n\t\t\t\t<\/div>\n\t\t\t\t<\/div>\n\t\t\t\t<div class=\"elementor-element elementor-element-00b20a9 elementor-widget elementor-widget-wd_text_block\" data-id=\"00b20a9\" data-element_type=\"widget\" data-widget_type=\"wd_text_block.default\">\n\t\t\t\t<div class=\"elementor-widget-container\">\n\t\t\t\t\t<div class=\"wd-text-block reset-last-child text-left\">\n\t\t\t\n\t\t\t<p><strong>\u25cf <\/strong>Socket Intel<sup>\u00ae<\/sup> LGA 1200, listo para procesadores Intel<sup>\u00ae<\/sup> Core\u2122 de \u200b\u200b11.\u00aa y 10.\u00aa generaci\u00f3n.<br \/>\u25cf Soluci\u00f3n de potencia mejorada<br \/>\u25cf Refrigeraci\u00f3n completa<br \/>\u25cf Conectividad de pr\u00f3xima generaci\u00f3n<br \/>\u25cf Dise\u00f1ado para juegos en l\u00ednea<br \/>\u25cf Cancelaci\u00f3n de ruido de IA de dos v\u00edas<br \/>\u25cf C\u00f3dec Realtek S1200A<\/p>\n\t\t\t\t\t<\/div>\n\t\t\t\t<\/div>\n\t\t\t\t<\/div>\n\t\t\t\t\t<\/div>\n\t\t<\/div>\n\t\t\t\t<div class=\"elementor-column elementor-col-66 elementor-top-column elementor-element elementor-element-b692253\" data-id=\"b692253\" data-element_type=\"column\">\n\t\t\t<div class=\"elementor-widget-wrap elementor-element-populated\">\n\t\t\t\t\t\t\t\t<div class=\"elementor-element elementor-element-0fefcf7 elementor-widget elementor-widget-wd_image_or_svg\" data-id=\"0fefcf7\" data-element_type=\"widget\" data-widget_type=\"wd_image_or_svg.default\">\n\t\t\t\t<div class=\"elementor-widget-container\">\n\t\t\t\n\t\t<div class=\"wd-image text-center\">\n\t\t\t\t\t\t\t\t<img decoding=\"async\" src=\"https:\/\/tzila.mx\/dev\/wp-content\/uploads\/elementor\/thumbs\/TUF-GAMING-Z590-PLUS-WIFI-8-ppcost7ygs40317zfglu9604i2jdm1xiet8h2w40j0.png\" title=\"TUF GAMING Z590-PLUS WIFI-8\" alt=\"TUF GAMING Z590-PLUS WIFI-8\" \/>\t\t\t\t\t<\/div>\n\n\t\t\t\t<\/div>\n\t\t\t\t<\/div>\n\t\t\t\t\t<\/div>\n\t\t<\/div>\n\t\t\t\t\t\t\t<\/div>\n\t\t<\/section>\n\t\t\t\t<section class=\"elementor-section elementor-top-section elementor-element elementor-element-ec9e38a elementor-section-boxed elementor-section-height-default elementor-section-height-default wd-section-disabled\" data-id=\"ec9e38a\" data-element_type=\"section\">\n\t\t\t\t\t\t<div class=\"elementor-container elementor-column-gap-default\">\n\t\t\t\t\t<div class=\"elementor-column elementor-col-33 elementor-top-column elementor-element elementor-element-c833c6a\" data-id=\"c833c6a\" data-element_type=\"column\">\n\t\t\t<div class=\"elementor-widget-wrap elementor-element-populated\">\n\t\t\t\t\t\t\t\t<div class=\"elementor-element elementor-element-6ae12e9 elementor-widget elementor-widget-wd_text_block\" data-id=\"6ae12e9\" data-element_type=\"widget\" data-widget_type=\"wd_text_block.default\">\n\t\t\t\t<div class=\"elementor-widget-container\">\n\t\t\t\t\t<div class=\"wd-text-block reset-last-child text-left\">\n\t\t\t\n\t\t\t<h4 id=\"top_word\">Durable, estable y fiable.<\/h4><p>La ASUS TUF GAMING Z590-PLUS WIFI combina los elementos esenciales de los nuevos procesadores de Intel\u00ae con funciones espec\u00edficas de gaming y una durabilidad comprobada. Equipada con componentes de grado militar, soluciones de alimentaci\u00f3n optimizadas y opciones de refrigeraci\u00f3n completas, esta tarjeta madre ofrece una estabilidad inquebrantable durante las sesiones de juego m\u00e1s exigentes. Est\u00e9ticamente, la TUF GAMING Z590-PLUS WIFI luce el nuevo logotipo de la serie y elementos geom\u00e9tricos que reflejan la fiabilidad caracter\u00edstica de los dispositivos TUF Gaming.<\/p>\n\t\t\t\t\t<\/div>\n\t\t\t\t<\/div>\n\t\t\t\t<\/div>\n\t\t\t\t<div class=\"elementor-element elementor-element-8604524 elementor-widget elementor-widget-wd_image_or_svg\" data-id=\"8604524\" data-element_type=\"widget\" data-widget_type=\"wd_image_or_svg.default\">\n\t\t\t\t<div class=\"elementor-widget-container\">\n\t\t\t\n\t\t<div class=\"wd-image text-center\">\n\t\t\t\t\t\t\t\t<img loading=\"lazy\" decoding=\"async\" width=\"507\" height=\"380\" src=\"https:\/\/tzila.mx\/dev\/wp-content\/uploads\/2022\/05\/TUF-GAMING-Z590-PLUS-WIFI-14.png\" class=\"attachment-full size-full\" alt=\"\" srcset=\"https:\/\/tzila.mx\/dev\/wp-content\/uploads\/2022\/05\/TUF-GAMING-Z590-PLUS-WIFI-14.png 507w, https:\/\/tzila.mx\/dev\/wp-content\/uploads\/2022\/05\/TUF-GAMING-Z590-PLUS-WIFI-14-400x300.png 400w, https:\/\/tzila.mx\/dev\/wp-content\/uploads\/2022\/05\/TUF-GAMING-Z590-PLUS-WIFI-14-430x322.png 430w, https:\/\/tzila.mx\/dev\/wp-content\/uploads\/2022\/05\/TUF-GAMING-Z590-PLUS-WIFI-14-150x112.png 150w\" sizes=\"auto, (max-width: 507px) 100vw, 507px\" \/>\t\t\t\t\t<\/div>\n\n\t\t\t\t<\/div>\n\t\t\t\t<\/div>\n\t\t\t\t<div class=\"elementor-element elementor-element-252ec94 elementor-widget elementor-widget-wd_text_block\" data-id=\"252ec94\" data-element_type=\"widget\" data-widget_type=\"wd_text_block.default\">\n\t\t\t\t<div class=\"elementor-widget-container\">\n\t\t\t\t\t<div class=\"wd-text-block reset-last-child text-left\">\n\t\t\t\n\t\t\t<h4>Rendimiento s\u00f3lido<\/h4><p>Equipada con un nuevo dise\u00f1o de suministro energ\u00e9tico y opciones de refrigeraci\u00f3n completas para los procesadores Intel\u00ae Core\u2122de 10.\u00aa y 11.\u00aa Gen., la serie TUF Gaming Z590 es la base perfecta para montar tu pr\u00f3xima estaci\u00f3n de gaming con un gran n\u00famero de n\u00facleos.<\/p>\n\t\t\t\t\t<\/div>\n\t\t\t\t<\/div>\n\t\t\t\t<\/div>\n\t\t\t\t<div class=\"elementor-element elementor-element-c7643f0 elementor-widget elementor-widget-wd_image_or_svg\" data-id=\"c7643f0\" data-element_type=\"widget\" data-widget_type=\"wd_image_or_svg.default\">\n\t\t\t\t<div class=\"elementor-widget-container\">\n\t\t\t\n\t\t<div class=\"wd-image text-center\">\n\t\t\t\t\t\t\t\t<img loading=\"lazy\" decoding=\"async\" width=\"854\" height=\"360\" src=\"https:\/\/tzila.mx\/dev\/wp-content\/uploads\/2022\/05\/TUF-GAMING-Z590-PLUS-WIFI-16.png\" class=\"attachment-full size-full\" alt=\"\" srcset=\"https:\/\/tzila.mx\/dev\/wp-content\/uploads\/2022\/05\/TUF-GAMING-Z590-PLUS-WIFI-16.png 854w, https:\/\/tzila.mx\/dev\/wp-content\/uploads\/2022\/05\/TUF-GAMING-Z590-PLUS-WIFI-16-400x169.png 400w, https:\/\/tzila.mx\/dev\/wp-content\/uploads\/2022\/05\/TUF-GAMING-Z590-PLUS-WIFI-16-768x324.png 768w, https:\/\/tzila.mx\/dev\/wp-content\/uploads\/2022\/05\/TUF-GAMING-Z590-PLUS-WIFI-16-430x181.png 430w, https:\/\/tzila.mx\/dev\/wp-content\/uploads\/2022\/05\/TUF-GAMING-Z590-PLUS-WIFI-16-700x295.png 700w, https:\/\/tzila.mx\/dev\/wp-content\/uploads\/2022\/05\/TUF-GAMING-Z590-PLUS-WIFI-16-150x63.png 150w\" sizes=\"auto, (max-width: 854px) 100vw, 854px\" \/>\t\t\t\t\t<\/div>\n\n\t\t\t\t<\/div>\n\t\t\t\t<\/div>\n\t\t\t\t\t<\/div>\n\t\t<\/div>\n\t\t\t\t<div class=\"elementor-column elementor-col-33 elementor-top-column elementor-element elementor-element-e7b3bda\" data-id=\"e7b3bda\" data-element_type=\"column\">\n\t\t\t<div class=\"elementor-widget-wrap elementor-element-populated\">\n\t\t\t\t\t\t\t\t<div class=\"elementor-element elementor-element-4f49f18 elementor-widget elementor-widget-wd_text_block\" data-id=\"4f49f18\" data-element_type=\"widget\" data-widget_type=\"wd_text_block.default\">\n\t\t\t\t<div class=\"elementor-widget-container\">\n\t\t\t\t\t<div class=\"wd-text-block reset-last-child text-left\">\n\t\t\t\n\t\t\t<div class=\"row-content r-side\" data-v-b7353816=\"\"><h4 class=\"tab_title\">Dise\u00f1o de alimentaci\u00f3n<\/h4><p>\u25cf DrMOS<br \/>\u25cf Placa de circuito de 6 capas<br \/>\u25cf Tomas de alimentaci\u00f3n ProCool<br \/>\u25cf Componentes TUF<br \/>\u25cf Digi+ VRM<\/p><\/div>\n\t\t\t\t\t<\/div>\n\t\t\t\t<\/div>\n\t\t\t\t<\/div>\n\t\t\t\t<div class=\"elementor-element elementor-element-696e1a7 elementor-widget elementor-widget-wd_image_or_svg\" data-id=\"696e1a7\" data-element_type=\"widget\" data-widget_type=\"wd_image_or_svg.default\">\n\t\t\t\t<div class=\"elementor-widget-container\">\n\t\t\t\n\t\t<div class=\"wd-image text-center\">\n\t\t\t\t\t\t\t\t<img decoding=\"async\" src=\"https:\/\/tzila.mx\/dev\/wp-content\/uploads\/elementor\/thumbs\/TUF-GAMING-Z590-PLUS-WIFI-9-ppcosv3lmlefcjnnvlw5jmloufal0mwui0p6witho8.png\" title=\"TUF GAMING Z590-PLUS WIFI-9\" alt=\"TUF GAMING Z590-PLUS WIFI-9\" \/>\t\t\t\t\t<\/div>\n\n\t\t\t\t<\/div>\n\t\t\t\t<\/div>\n\t\t\t\t<div class=\"elementor-element elementor-element-e9bf201 elementor-widget elementor-widget-wd_text_block\" data-id=\"e9bf201\" data-element_type=\"widget\" data-widget_type=\"wd_text_block.default\">\n\t\t\t\t<div class=\"elementor-widget-container\">\n\t\t\t\t\t<div class=\"wd-text-block reset-last-child text-left\">\n\t\t\t\n\t\t\t<div class=\"row-content\" data-v-b7353816=\"\"><h4 class=\"easy_pc_diy\">DIY SENCILLO<\/h4><p>Las tarjetas madre TUF Gaming est\u00e1 dise\u00f1adas para que las montes y configures como quieras, aunque no tengas experiencia previa. El ecosistema TUF Gaming Alliance que facilita la selecci\u00f3n de partes y el portal Armoury Crate te permite controlar todos los par\u00e1metros desde una interfaz intuitiva. Las tarjetas madre TUF Gaming te permiten crear el equipo de gaming de tus sue\u00f1os sin complicarte la vida.<\/p><\/div>\n\t\t\t\t\t<\/div>\n\t\t\t\t<\/div>\n\t\t\t\t<\/div>\n\t\t\t\t<div class=\"elementor-element elementor-element-7d838dd elementor-widget elementor-widget-wd_text_block\" data-id=\"7d838dd\" data-element_type=\"widget\" data-widget_type=\"wd_text_block.default\">\n\t\t\t\t<div class=\"elementor-widget-container\">\n\t\t\t\t\t<div class=\"wd-text-block reset-last-child text-left\">\n\t\t\t\n\t\t\t<h4>Monta tu equipo con confianza<\/h4><p>TUF Gaming Alliance es una asociaci\u00f3n de ASUS y otras marcas para crear un ecosistema de partes que garantice la compatibilidad con una gran variedad de chasis, PSU, kits de memoria, coolers CPU y mucho m\u00e1s. Con un n\u00famero de socios en constante expansi\u00f3n, la oferta de la TUF Gaming Alliance contin\u00faa creciendo<\/p>\n\t\t\t\t\t<\/div>\n\t\t\t\t<\/div>\n\t\t\t\t<\/div>\n\t\t\t\t\t<\/div>\n\t\t<\/div>\n\t\t\t\t<div class=\"elementor-column elementor-col-33 elementor-top-column elementor-element elementor-element-ba9b9c1\" data-id=\"ba9b9c1\" data-element_type=\"column\">\n\t\t\t<div class=\"elementor-widget-wrap elementor-element-populated\">\n\t\t\t\t\t\t\t\t<div class=\"elementor-element elementor-element-d0a2373 elementor-widget elementor-widget-wd_text_block\" data-id=\"d0a2373\" data-element_type=\"widget\" data-widget_type=\"wd_text_block.default\">\n\t\t\t\t<div class=\"elementor-widget-container\">\n\t\t\t\t\t<div class=\"wd-text-block reset-last-child text-left\">\n\t\t\t\n\t\t\t<h4 class=\"fix_h2\">Gaming inmersivo<\/h4><p>La serie TUF Gaming Z590 viene equipada con una larga lista de funciones que mejoran tu experiencia de juego, como por ejemplo: conexiones de red ultrarr\u00e1pidas para jugar en l\u00ednea en las mejores condiciones, audio de calidad con funciones para detectar la posici\u00f3n de enemigos e Iluminaci\u00f3n RGB integrada que puedes sincronizar con los accesorios.<\/p>\n\t\t\t\t\t<\/div>\n\t\t\t\t<\/div>\n\t\t\t\t<\/div>\n\t\t\t\t<div class=\"elementor-element elementor-element-7a297c2 elementor-widget elementor-widget-wd_image_or_svg\" data-id=\"7a297c2\" data-element_type=\"widget\" data-widget_type=\"wd_image_or_svg.default\">\n\t\t\t\t<div class=\"elementor-widget-container\">\n\t\t\t\n\t\t<div class=\"wd-image text-center\">\n\t\t\t\t\t\t\t\t<img decoding=\"async\" src=\"https:\/\/tzila.mx\/dev\/wp-content\/uploads\/elementor\/thumbs\/TUF-GAMING-Z590-PLUS-WIFI-10-ppcoswz8sep4ucrhhsip3n49dp9w25vrvywtqmsgc8.png\" title=\"TUF GAMING Z590-PLUS WIFI-10\" alt=\"TUF GAMING Z590-PLUS WIFI-10\" \/>\t\t\t\t\t<\/div>\n\n\t\t\t\t<\/div>\n\t\t\t\t<\/div>\n\t\t\t\t<div class=\"elementor-element elementor-element-db98687 elementor-widget elementor-widget-wd_text_block\" data-id=\"db98687\" data-element_type=\"widget\" data-widget_type=\"wd_text_block.default\">\n\t\t\t\t<div class=\"elementor-widget-container\">\n\t\t\t\t\t<div class=\"wd-text-block reset-last-child text-left\">\n\t\t\t\n\t\t\t<h4>Intel<sup>\u00ae<\/sup> WiFi 6<\/h4><p>El m\u00f3dulo Intel\u00ae Wi-Fi 6 es compatible con el est\u00e1ndar 802.11ax y soporta un ancho de banda te\u00f3rico m\u00e1ximo de 2,4 Gbps. Y lo que es todav\u00eda m\u00e1s importante para usuarios avanzados, est\u00e1 optimizado para ser m\u00e1s eficiente en redes saturadas de tr\u00e1fico. Empareja tu tarjeta madre con los routers ASUS Wi-Fi 6 para aprovechar todo el rendimiento potencial de Wi-Fi 6<\/p>\n\t\t\t\t\t<\/div>\n\t\t\t\t<\/div>\n\t\t\t\t<\/div>\n\t\t\t\t<div class=\"elementor-element elementor-element-6062d79 elementor-widget elementor-widget-wd_text_block\" data-id=\"6062d79\" data-element_type=\"widget\" data-widget_type=\"wd_text_block.default\">\n\t\t\t\t<div class=\"elementor-widget-container\">\n\t\t\t\t\t<div class=\"wd-text-block reset-last-child text-left\">\n\t\t\t\n\t\t\t<h4>Ethernet Intel\u00ae de 2,5 Gb<\/h4><p>La Ethernet de 2,5 Gb integrada en tarjeta madre ofrece conexiones por cable 2,5 veces m\u00e1s r\u00e1pidas que las conexiones Ethernet est\u00e1ndar. Transfiere archivos m\u00e1s r\u00e1pido, juega sin retardo y disfrutar de streamings en alta resoluci\u00f3n.<\/p>\n\t\t\t\t\t<\/div>\n\t\t\t\t<\/div>\n\t\t\t\t<\/div>\n\t\t\t\t<div class=\"elementor-element elementor-element-078b475 elementor-widget elementor-widget-wd_button\" data-id=\"078b475\" data-element_type=\"widget\" data-widget_type=\"wd_button.default\">\n\t\t\t\t<div class=\"elementor-widget-container\">\n\t\t\t\t\t<div class=\"wd-button-wrapper text-center\" >\n\t\t\t<a class=\"btn btn-style-link btn-shape- btn-size-large btn-scheme-light btn-scheme-hover-dark btn-icon-pos-right\"  href=\"https:\/\/www.asus.com\/latin\/Motherboards-Components\/Motherboards\/TUF-Gaming\/TUF-Gaming-Z590-PLUS-WIFI\/\" target=\"_blank\">\n\t\t\t\t<span class=\"wd-btn-text\" data-elementor-setting-key=\"text\">\n\t\t\t\t\tSaber m\u00e1s\t\t\t\t<\/span>\n\n\t\t\t\t\t\t\t<\/a>\n\t\t<\/div>\n\t\t\t\t<\/div>\n\t\t\t\t<\/div>\n\t\t\t\t\t<\/div>\n\t\t<\/div>\n\t\t\t\t\t\t\t<\/div>\n\t\t<\/section>\n\t\t\t\t\t\t<\/div>\n\t\t\t\t\t<\/div>\n\t\t","protected":false},"excerpt":{"rendered":"<h4>Caracter\u00edsticas principales:<\/h4>\n<p class=\"p1\"><span class=\"s1\">\u25cf <\/span>Tarjeta madre Intel<sup>\u00ae<\/sup> Z590 <span id=\"page17R_mcid250\" class=\"markedContent\"><span dir=\"ltr\" role=\"presentation\">Chipset<\/span><\/span><br \/>\n<span class=\"s1\">\u25cf <\/span>LGA 1200 ATX para juegos con 16 fases de poder DrMOS, PCIe\u00ae 4.0<br \/>\n<span class=\"s1\">\u25cf T<\/span>res puertos M.2<br \/>\n<span class=\"s1\">\u25cf WiFi 6 y Ethernet de 2.5 Gb<\/span><br \/>\n<span class=\"s1\">\u25cf HDMI\u00ae, DisplayPort\u2122<\/span><br \/>\n<span class=\"s1\">\u25cf USB 3.2 Gen 2&#215;2 Tipo-C\u00ae, SATA 6 Gbps y USB 3.2 Gen 1 Tipo-C\u00ae<\/span><br \/>\n<span class=\"s1\">\u25cf Compatibilidad con Thunderbolt\u2122 4 <\/span><br \/>\n<span class=\"s1\">\u25cf <\/span>Iluminaci\u00f3n Aura Sync RGB<\/p>\n","protected":false},"featured_media":12879,"comment_status":"open","ping_status":"closed","template":"","meta":[],"product_cat":[79,100],"product_tag":[218],"class_list":["post-12878","product","type-product","status-publish","has-post-thumbnail","hentry","product_cat-mother-board","product_cat-asus","product_tag-tuf-gaming","pa_brand-asus"],"_links":{"self":[{"href":"https:\/\/tzila.mx\/dev\/wp-json\/wp\/v2\/product\/12878","targetHints":{"allow":["GET"]}}],"collection":[{"href":"https:\/\/tzila.mx\/dev\/wp-json\/wp\/v2\/product"}],"about":[{"href":"https:\/\/tzila.mx\/dev\/wp-json\/wp\/v2\/types\/product"}],"replies":[{"embeddable":true,"href":"https:\/\/tzila.mx\/dev\/wp-json\/wp\/v2\/comments?post=12878"}],"version-history":[{"count":7,"href":"https:\/\/tzila.mx\/dev\/wp-json\/wp\/v2\/product\/12878\/revisions"}],"predecessor-version":[{"id":12920,"href":"https:\/\/tzila.mx\/dev\/wp-json\/wp\/v2\/product\/12878\/revisions\/12920"}],"wp:featuredmedia":[{"embeddable":true,"href":"https:\/\/tzila.mx\/dev\/wp-json\/wp\/v2\/media\/12879"}],"wp:attachment":[{"href":"https:\/\/tzila.mx\/dev\/wp-json\/wp\/v2\/media?parent=12878"}],"wp:term":[{"taxonomy":"product_cat","embeddable":true,"href":"https:\/\/tzila.mx\/dev\/wp-json\/wp\/v2\/product_cat?post=12878"},{"taxonomy":"product_tag","embeddable":true,"href":"https:\/\/tzila.mx\/dev\/wp-json\/wp\/v2\/product_tag?post=12878"}],"curies":[{"name":"wp","href":"https:\/\/api.w.org\/{rel}","templated":true}]}}