{"id":12824,"date":"2022-05-24T20:36:42","date_gmt":"2022-05-25T01:36:42","guid":{"rendered":"https:\/\/tzila.mx\/dev\/?post_type=product&#038;p=12824"},"modified":"2022-06-16T16:16:07","modified_gmt":"2022-06-16T21:16:07","slug":"tarjeta-madre-asus-rog-strix-z590-a-gaming-wifi-ii","status":"publish","type":"product","link":"https:\/\/tzila.mx\/dev\/producto\/tarjeta-madre-asus-rog-strix-z590-a-gaming-wifi-ii\/","title":{"rendered":"Tarjeta Madre ASUS Rog Strix Z590-A Gaming WiFi-II"},"content":{"rendered":"\t\t<div data-elementor-type=\"wp-post\" data-elementor-id=\"12824\" class=\"elementor elementor-12824\" data-elementor-settings=\"[]\">\n\t\t\t\t\t\t\t<div class=\"elementor-section-wrap\">\n\t\t\t\t\t\t\t<section class=\"elementor-section elementor-top-section elementor-element elementor-element-a77d38a elementor-section-boxed elementor-section-height-default elementor-section-height-default wd-section-disabled\" data-id=\"a77d38a\" data-element_type=\"section\">\n\t\t\t\t\t\t<div class=\"elementor-container elementor-column-gap-default\">\n\t\t\t\t\t<div class=\"elementor-column elementor-col-33 elementor-top-column elementor-element elementor-element-606b0e0\" data-id=\"606b0e0\" data-element_type=\"column\">\n\t\t\t<div class=\"elementor-widget-wrap elementor-element-populated\">\n\t\t\t\t\t\t\t\t<div class=\"elementor-element elementor-element-2efa55d elementor-widget elementor-widget-wd_text_block\" data-id=\"2efa55d\" data-element_type=\"widget\" data-widget_type=\"wd_text_block.default\">\n\t\t\t\t<div class=\"elementor-widget-container\">\n\t\t\t\t\t<div class=\"wd-text-block reset-last-child text-left\">\n\t\t\t\n\t\t\t<h5><strong>M\u00c1S ESPECIFICACIONES<\/strong><strong>:<\/strong><\/h5>\n\t\t\t\t\t<\/div>\n\t\t\t\t<\/div>\n\t\t\t\t<\/div>\n\t\t\t\t<div class=\"elementor-element elementor-element-00b20a9 elementor-widget elementor-widget-wd_text_block\" data-id=\"00b20a9\" data-element_type=\"widget\" data-widget_type=\"wd_text_block.default\">\n\t\t\t\t<div class=\"elementor-widget-container\">\n\t\t\t\t\t<div class=\"wd-text-block reset-last-child text-left\">\n\t\t\t\n\t\t\t<p><strong>\u25cf <\/strong>Lista para procesadores Intel<sup>\u00ae<\/sup> Core\u2122 de \u200b\u200b11.\u00aa generaci\u00f3n y procesadores Intel<sup>\u00ae<\/sup> Core\u2122, Pentium<sup>\u00ae<\/sup> Gold y Celeron<sup>\u00ae<\/sup>.<br \/>\u25cf Soluci\u00f3n de alimentaci\u00f3n \u00f3ptima<br \/>\u25cf Dise\u00f1o t\u00e9rmico optimizado<br \/>\u25cf Redes de alto rendimiento<br \/>\u25cf La mejor conectividad para juegos<br \/>\u25cf Control inteligente<br \/>\u25cf Dise\u00f1o de f\u00e1cil monatje<br \/>\u25cf Personalizaci\u00f3n incomparable<br \/>\u25cf Audio para juegos l\u00edder en la industria<\/p>\n\t\t\t\t\t<\/div>\n\t\t\t\t<\/div>\n\t\t\t\t<\/div>\n\t\t\t\t\t<\/div>\n\t\t<\/div>\n\t\t\t\t<div class=\"elementor-column elementor-col-66 elementor-top-column elementor-element elementor-element-b692253\" data-id=\"b692253\" data-element_type=\"column\">\n\t\t\t<div class=\"elementor-widget-wrap elementor-element-populated\">\n\t\t\t\t\t\t\t\t<div class=\"elementor-element elementor-element-0fefcf7 elementor-widget elementor-widget-wd_image_or_svg\" data-id=\"0fefcf7\" data-element_type=\"widget\" data-widget_type=\"wd_image_or_svg.default\">\n\t\t\t\t<div class=\"elementor-widget-container\">\n\t\t\t\n\t\t<div class=\"wd-image text-center\">\n\t\t\t\t\t\t\t\t<img loading=\"lazy\" decoding=\"async\" width=\"830\" height=\"335\" src=\"https:\/\/tzila.mx\/dev\/wp-content\/uploads\/2022\/05\/IMG-DES-ROG-STRIX-Z590-A-GAMING-WIFI-1.png\" class=\"attachment-full size-full\" alt=\"\" srcset=\"https:\/\/tzila.mx\/dev\/wp-content\/uploads\/2022\/05\/IMG-DES-ROG-STRIX-Z590-A-GAMING-WIFI-1.png 830w, https:\/\/tzila.mx\/dev\/wp-content\/uploads\/2022\/05\/IMG-DES-ROG-STRIX-Z590-A-GAMING-WIFI-1-400x161.png 400w, https:\/\/tzila.mx\/dev\/wp-content\/uploads\/2022\/05\/IMG-DES-ROG-STRIX-Z590-A-GAMING-WIFI-1-768x310.png 768w, https:\/\/tzila.mx\/dev\/wp-content\/uploads\/2022\/05\/IMG-DES-ROG-STRIX-Z590-A-GAMING-WIFI-1-430x174.png 430w, https:\/\/tzila.mx\/dev\/wp-content\/uploads\/2022\/05\/IMG-DES-ROG-STRIX-Z590-A-GAMING-WIFI-1-700x283.png 700w, https:\/\/tzila.mx\/dev\/wp-content\/uploads\/2022\/05\/IMG-DES-ROG-STRIX-Z590-A-GAMING-WIFI-1-150x61.png 150w\" sizes=\"auto, (max-width: 830px) 100vw, 830px\" \/>\t\t\t\t\t<\/div>\n\n\t\t\t\t<\/div>\n\t\t\t\t<\/div>\n\t\t\t\t\t<\/div>\n\t\t<\/div>\n\t\t\t\t\t\t\t<\/div>\n\t\t<\/section>\n\t\t\t\t<section class=\"elementor-section elementor-top-section elementor-element elementor-element-ec9e38a elementor-section-boxed elementor-section-height-default elementor-section-height-default wd-section-disabled\" data-id=\"ec9e38a\" data-element_type=\"section\">\n\t\t\t\t\t\t<div class=\"elementor-container elementor-column-gap-default\">\n\t\t\t\t\t<div class=\"elementor-column elementor-col-33 elementor-top-column elementor-element elementor-element-c833c6a\" data-id=\"c833c6a\" data-element_type=\"column\">\n\t\t\t<div class=\"elementor-widget-wrap elementor-element-populated\">\n\t\t\t\t\t\t\t\t<div class=\"elementor-element elementor-element-6ae12e9 elementor-widget elementor-widget-wd_text_block\" data-id=\"6ae12e9\" data-element_type=\"widget\" data-widget_type=\"wd_text_block.default\">\n\t\t\t\t<div class=\"elementor-widget-container\">\n\t\t\t\t\t<div class=\"wd-text-block reset-last-child text-left\">\n\t\t\t\n\t\t\t<h4 id=\"freesync_premium\" data-fetched=\"true\">ROG Strix<\/h4><p>La tarjeta madre ROG Strix Z590-A Gaming WiFi II est\u00e1 dise\u00f1ada con un suministro de potencia mejorado y refrigeraci\u00f3n optimizada para hacer frente a las demandas de los potentes procesadores Intel\u00ae Core\u2122 Rocket Lake de 11.\u00aa generaci\u00f3n. Junto con los \u00faltimos Intel\u00ae Wi-Fi 6 y PCI Express\u00ae 4.0 M.2 para velocidades de transferencia y almacenamiento ultrarr\u00e1pidos, Strix Z590-A Gaming WiFi II cuenta con cancelaci\u00f3n de ruido AI bidireccional para garantizar una comunicaci\u00f3n clara en cualquier escenario. Tambi\u00e9n se ve bien, con un impresionante esquema de color plateado y gris que complementa el acabado de metal cepillado de los disipadores t\u00e9rmicos.<\/p>\n\t\t\t\t\t<\/div>\n\t\t\t\t<\/div>\n\t\t\t\t<\/div>\n\t\t\t\t<div class=\"elementor-element elementor-element-8604524 elementor-widget elementor-widget-wd_image_or_svg\" data-id=\"8604524\" data-element_type=\"widget\" data-widget_type=\"wd_image_or_svg.default\">\n\t\t\t\t<div class=\"elementor-widget-container\">\n\t\t\t\n\t\t<div class=\"wd-image text-center\">\n\t\t\t\t\t\t\t\t<img loading=\"lazy\" decoding=\"async\" width=\"481\" height=\"300\" src=\"https:\/\/tzila.mx\/dev\/wp-content\/uploads\/2022\/05\/IMG-DES-ROG-STRIX-Z590-A-GAMING-WIFI-2.png\" class=\"attachment-full size-full\" alt=\"\" srcset=\"https:\/\/tzila.mx\/dev\/wp-content\/uploads\/2022\/05\/IMG-DES-ROG-STRIX-Z590-A-GAMING-WIFI-2.png 481w, https:\/\/tzila.mx\/dev\/wp-content\/uploads\/2022\/05\/IMG-DES-ROG-STRIX-Z590-A-GAMING-WIFI-2-400x249.png 400w, https:\/\/tzila.mx\/dev\/wp-content\/uploads\/2022\/05\/IMG-DES-ROG-STRIX-Z590-A-GAMING-WIFI-2-430x268.png 430w, https:\/\/tzila.mx\/dev\/wp-content\/uploads\/2022\/05\/IMG-DES-ROG-STRIX-Z590-A-GAMING-WIFI-2-150x94.png 150w\" sizes=\"auto, (max-width: 481px) 100vw, 481px\" \/>\t\t\t\t\t<\/div>\n\n\t\t\t\t<\/div>\n\t\t\t\t<\/div>\n\t\t\t\t<div class=\"elementor-element elementor-element-252ec94 elementor-widget elementor-widget-wd_text_block\" data-id=\"252ec94\" data-element_type=\"widget\" data-widget_type=\"wd_text_block.default\">\n\t\t\t\t<div class=\"elementor-widget-container\">\n\t\t\t\t\t<div class=\"wd-text-block reset-last-child text-left\">\n\t\t\t\n\t\t\t<h4 id=\"bisel_m\u00ednimo_para_un_puesto_de_combate_inmejorable\" data-fetched=\"true\">Rendimiento completo<\/h4><p>ROG Strix Z590-A Gaming WiFi II est\u00e1 armado con una entrega de energ\u00eda mejorada y enfriamiento optimizado para permitir un rendimiento de primer nivel para juegos. Totalmente equipado con controles inteligentes para una f\u00e1cil gesti\u00f3n de la configuraci\u00f3n de overclocking, refrigeraci\u00f3n y red, Strix Z590-A Gaming WiFi II tambi\u00e9n cuenta con cancelaci\u00f3n de ruido AI bidireccional para una comunicaci\u00f3n n\u00edtida en el juego.<\/p>\n\t\t\t\t\t<\/div>\n\t\t\t\t<\/div>\n\t\t\t\t<\/div>\n\t\t\t\t\t<\/div>\n\t\t<\/div>\n\t\t\t\t<div class=\"elementor-column elementor-col-33 elementor-top-column elementor-element elementor-element-e7b3bda\" data-id=\"e7b3bda\" data-element_type=\"column\">\n\t\t\t<div class=\"elementor-widget-wrap elementor-element-populated\">\n\t\t\t\t\t\t\t\t<div class=\"elementor-element elementor-element-4f49f18 elementor-widget elementor-widget-wd_text_block\" data-id=\"4f49f18\" data-element_type=\"widget\" data-widget_type=\"wd_text_block.default\">\n\t\t\t\t<div class=\"elementor-widget-container\">\n\t\t\t\t\t<div class=\"wd-text-block reset-last-child text-left\">\n\t\t\t\n\t\t\t<div class=\"row-content r-side\" data-v-b7353816=\"\"><h4 id=\"freesync_premium\" data-fetched=\"true\">Conectividad l\u00edder<\/h4><article data-v-b7353816=\"\">ROG Strix Z590-A Gaming WiFi II incluye la \u00faltima conectividad para experiencias en l\u00ednea superfluidas y transferencias de archivos grandes incre\u00edblemente r\u00e1pidas. El rendimiento de audio superior le brinda una gran ventaja, lo que le permite captar las se\u00f1ales de audio m\u00e1s peque\u00f1as para una experiencia de juego completamente inmersiva.<\/article><\/div>\n\t\t\t\t\t<\/div>\n\t\t\t\t<\/div>\n\t\t\t\t<\/div>\n\t\t\t\t<div class=\"elementor-element elementor-element-696e1a7 elementor-widget elementor-widget-wd_image_or_svg\" data-id=\"696e1a7\" data-element_type=\"widget\" data-widget_type=\"wd_image_or_svg.default\">\n\t\t\t\t<div class=\"elementor-widget-container\">\n\t\t\t\n\t\t<div class=\"wd-image text-center\">\n\t\t\t\t\t\t\t\t<img decoding=\"async\" src=\"https:\/\/tzila.mx\/dev\/wp-content\/uploads\/elementor\/thumbs\/IMG-DES-ROG-STRIX-Z590-A-GAMING-WIFI-5-ppb0t678tay1mmq9yki5349l4650ci33wjdoa30k3c.png\" title=\"IMG DES ROG STRIX Z590-A GAMING WIFI-5\" alt=\"IMG DES ROG STRIX Z590-A GAMING WIFI-5\" \/>\t\t\t\t\t<\/div>\n\n\t\t\t\t<\/div>\n\t\t\t\t<\/div>\n\t\t\t\t<div class=\"elementor-element elementor-element-e9bf201 elementor-widget elementor-widget-wd_text_block\" data-id=\"e9bf201\" data-element_type=\"widget\" data-widget_type=\"wd_text_block.default\">\n\t\t\t\t<div class=\"elementor-widget-container\">\n\t\t\t\t\t<div class=\"wd-text-block reset-last-child text-left\">\n\t\t\t\n\t\t\t<div class=\"row-content\" data-v-b7353816=\"\"><h4 id=\"144hz_tasa_de_refresco\" data-fetched=\"true\">Juega a tu propio estilo<\/h4><p>Combina ROG Strix Z590-A Gaming WiFi II con otros productos del diverso ecosistema ROG para crear una configuraci\u00f3n de juego totalmente personalizada que refleje tu estilo personal.<\/p><\/div>\n\t\t\t\t\t<\/div>\n\t\t\t\t<\/div>\n\t\t\t\t<\/div>\n\t\t\t\t<div class=\"elementor-element elementor-element-7d838dd elementor-widget elementor-widget-wd_text_block\" data-id=\"7d838dd\" data-element_type=\"widget\" data-widget_type=\"wd_text_block.default\">\n\t\t\t\t<div class=\"elementor-widget-container\">\n\t\t\t\t\t<div class=\"wd-text-block reset-last-child text-left\">\n\t\t\t\n\t\t\t<h4 id=\"pie_con_altura_ajustable\" data-fetched=\"true\">BIOS UEFI<\/h4><p>El renombrado ROG UEFI (BIOS) proporciona todo lo que necesita para configurar, modificar y ajustar su equipo. Ofrece opciones inteligentemente simplificadas para los reci\u00e9n llegados a la PC DIY, as\u00ed como funciones m\u00e1s completas para los veteranos experimentados.<\/p>\n\t\t\t\t\t<\/div>\n\t\t\t\t<\/div>\n\t\t\t\t<\/div>\n\t\t\t\t\t<\/div>\n\t\t<\/div>\n\t\t\t\t<div class=\"elementor-column elementor-col-33 elementor-top-column elementor-element elementor-element-ba9b9c1\" data-id=\"ba9b9c1\" data-element_type=\"column\">\n\t\t\t<div class=\"elementor-widget-wrap elementor-element-populated\">\n\t\t\t\t\t\t\t\t<div class=\"elementor-element elementor-element-d0a2373 elementor-widget elementor-widget-wd_text_block\" data-id=\"d0a2373\" data-element_type=\"widget\" data-widget_type=\"wd_text_block.default\">\n\t\t\t\t<div class=\"elementor-widget-container\">\n\t\t\t\t\t<div class=\"wd-text-block reset-last-child text-left\">\n\t\t\t\n\t\t\t<h4 id=\"curvatura_1800r\" data-fetched=\"true\">ROG te da m\u00e1s<\/h4><p>Las utilidades de software exclusivas de ROG ofrecen ajustes de audio intuitivos y mejoras de juego para que pueda configurar su juego de la manera que desee. Para ayudar a\u00fan m\u00e1s en la configuraci\u00f3n del sistema y el ajuste del rendimiento, tambi\u00e9n se han agregado a la mezcla las aclamadas utilidades AIDA64 y MemTest86.<\/p>\n\t\t\t\t\t<\/div>\n\t\t\t\t<\/div>\n\t\t\t\t<\/div>\n\t\t\t\t<div class=\"elementor-element elementor-element-7a297c2 elementor-widget elementor-widget-wd_image_or_svg\" data-id=\"7a297c2\" data-element_type=\"widget\" data-widget_type=\"wd_image_or_svg.default\">\n\t\t\t\t<div class=\"elementor-widget-container\">\n\t\t\t\n\t\t<div class=\"wd-image text-center\">\n\t\t\t\t\t\t\t\t<img decoding=\"async\" src=\"https:\/\/tzila.mx\/dev\/wp-content\/uploads\/elementor\/thumbs\/IMG-DES-ROG-STRIX-Z590-A-GAMING-WIFI-4-ppb0t4bj7s3ltzzk6pi6d5qb9wmuj8n3xyzd7353g8.png\" title=\"IMG DES ROG STRIX Z590-A GAMING WIFI-4\" alt=\"IMG DES ROG STRIX Z590-A GAMING WIFI-4\" \/>\t\t\t\t\t<\/div>\n\n\t\t\t\t<\/div>\n\t\t\t\t<\/div>\n\t\t\t\t<div class=\"elementor-element elementor-element-db98687 elementor-widget elementor-widget-wd_text_block\" data-id=\"db98687\" data-element_type=\"widget\" data-widget_type=\"wd_text_block.default\">\n\t\t\t\t<div class=\"elementor-widget-container\">\n\t\t\t\t\t<div class=\"wd-text-block reset-last-child text-left\">\n\t\t\t\n\t\t\t<h4 id=\"pie_con_altura_ajustable\" data-fetched=\"true\">Optimizaci\u00f3n de 5 v\u00edas<\/h4><p>Enc\u00e1rgate de afinaciones complejas con un solo clic. ASUS 5-Way Optimization es una utilidad de ajuste de todo el sistema que acelera el procesador y ajusta las velocidades de los ventiladores para garantizar el mejor equilibrio entre refrigeraci\u00f3n y ac\u00fastica.<\/p>\n\t\t\t\t\t<\/div>\n\t\t\t\t<\/div>\n\t\t\t\t<\/div>\n\t\t\t\t<div class=\"elementor-element elementor-element-078b475 elementor-widget elementor-widget-wd_button\" data-id=\"078b475\" data-element_type=\"widget\" data-widget_type=\"wd_button.default\">\n\t\t\t\t<div class=\"elementor-widget-container\">\n\t\t\t\t\t<div class=\"wd-button-wrapper text-center\" >\n\t\t\t<a class=\"btn btn-style-link btn-shape- btn-size-large btn-scheme-light btn-scheme-hover-dark btn-icon-pos-right\"  href=\"https:\/\/dlcdnets.asus.com\/pub\/ASUS\/mb\/LGA1200\/ROG_STRIX_Z590-A_GAMING_WIFI_II\/E18501_ROG_STRIX_Z590-A_GAMING_WIFI_II_UM_WEB.pdf\" target=\"_blank\">\n\t\t\t\t<span class=\"wd-btn-text\" data-elementor-setting-key=\"text\">\n\t\t\t\t\tSaber m\u00e1s\t\t\t\t<\/span>\n\n\t\t\t\t\t\t\t<\/a>\n\t\t<\/div>\n\t\t\t\t<\/div>\n\t\t\t\t<\/div>\n\t\t\t\t\t<\/div>\n\t\t<\/div>\n\t\t\t\t\t\t\t<\/div>\n\t\t<\/section>\n\t\t\t\t\t\t<\/div>\n\t\t\t\t\t<\/div>\n\t\t","protected":false},"excerpt":{"rendered":"<h4>Caracter\u00edsticas principales:<\/h4>\n<p class=\"p1\"><span class=\"s1\">\u25cf <\/span>Tarjeta madre Intel<sup>\u00ae<\/sup> Z590 <span id=\"page17R_mcid250\" class=\"markedContent\"><span dir=\"ltr\" role=\"presentation\">Chipset<\/span><\/span><br \/>\n<span class=\"s1\">\u25cf <\/span>LGA 1200 ATX con PCIe 4.0<br \/>\n<span class=\"s1\">\u25cf T<\/span>res puertos M.2 con disipadores<br \/>\n<span class=\"s1\">\u25cf <\/span>WiFi 6 (802.11ax)<br \/>\n<span class=\"s1\">\u25cf <\/span>Intel<sup>\u00ae<\/sup> 2.5 Gb Ethernet<br \/>\n<span class=\"s1\">\u25cf <\/span>USB 3.2 Gen 2&#215;2 USB Type-C<sup>\u00ae<\/sup><br \/>\n<span class=\"s1\">\u25cf <\/span>Iluminaci\u00f3n SATA y Aura Sync RGB<\/p>\n","protected":false},"featured_media":12767,"comment_status":"open","ping_status":"closed","template":"","meta":[],"product_cat":[79,100],"product_tag":[114],"class_list":["post-12824","product","type-product","status-publish","has-post-thumbnail","hentry","product_cat-mother-board","product_cat-asus","product_tag-rog-gaming","pa_brand-asus"],"_links":{"self":[{"href":"https:\/\/tzila.mx\/dev\/wp-json\/wp\/v2\/product\/12824","targetHints":{"allow":["GET"]}}],"collection":[{"href":"https:\/\/tzila.mx\/dev\/wp-json\/wp\/v2\/product"}],"about":[{"href":"https:\/\/tzila.mx\/dev\/wp-json\/wp\/v2\/types\/product"}],"replies":[{"embeddable":true,"href":"https:\/\/tzila.mx\/dev\/wp-json\/wp\/v2\/comments?post=12824"}],"version-history":[{"count":7,"href":"https:\/\/tzila.mx\/dev\/wp-json\/wp\/v2\/product\/12824\/revisions"}],"predecessor-version":[{"id":12831,"href":"https:\/\/tzila.mx\/dev\/wp-json\/wp\/v2\/product\/12824\/revisions\/12831"}],"wp:featuredmedia":[{"embeddable":true,"href":"https:\/\/tzila.mx\/dev\/wp-json\/wp\/v2\/media\/12767"}],"wp:attachment":[{"href":"https:\/\/tzila.mx\/dev\/wp-json\/wp\/v2\/media?parent=12824"}],"wp:term":[{"taxonomy":"product_cat","embeddable":true,"href":"https:\/\/tzila.mx\/dev\/wp-json\/wp\/v2\/product_cat?post=12824"},{"taxonomy":"product_tag","embeddable":true,"href":"https:\/\/tzila.mx\/dev\/wp-json\/wp\/v2\/product_tag?post=12824"}],"curies":[{"name":"wp","href":"https:\/\/api.w.org\/{rel}","templated":true}]}}