{"id":12732,"date":"2022-05-24T14:13:33","date_gmt":"2022-05-24T19:13:33","guid":{"rendered":"https:\/\/tzila.mx\/dev\/?post_type=product&#038;p=12732"},"modified":"2022-06-16T20:09:30","modified_gmt":"2022-06-17T01:09:30","slug":"monitor-gamer-aoc-curvo-27-full-hd-c27g1","status":"publish","type":"product","link":"https:\/\/tzila.mx\/dev\/producto\/monitor-gamer-aoc-curvo-27-full-hd-c27g1\/","title":{"rendered":"Monitor Gamer AOC Curvo 27&#8243; Full HD C27G1"},"content":{"rendered":"\t\t<div data-elementor-type=\"wp-post\" data-elementor-id=\"12732\" class=\"elementor elementor-12732\" data-elementor-settings=\"[]\">\n\t\t\t\t\t\t\t<div class=\"elementor-section-wrap\">\n\t\t\t\t\t\t\t<section class=\"elementor-section elementor-top-section elementor-element elementor-element-a77d38a elementor-section-boxed elementor-section-height-default elementor-section-height-default wd-section-disabled\" data-id=\"a77d38a\" data-element_type=\"section\">\n\t\t\t\t\t\t<div class=\"elementor-container elementor-column-gap-default\">\n\t\t\t\t\t<div class=\"elementor-column elementor-col-33 elementor-top-column elementor-element elementor-element-606b0e0\" data-id=\"606b0e0\" data-element_type=\"column\">\n\t\t\t<div class=\"elementor-widget-wrap elementor-element-populated\">\n\t\t\t\t\t\t\t\t<div class=\"elementor-element elementor-element-2efa55d elementor-widget elementor-widget-wd_text_block\" data-id=\"2efa55d\" data-element_type=\"widget\" data-widget_type=\"wd_text_block.default\">\n\t\t\t\t<div class=\"elementor-widget-container\">\n\t\t\t\t\t<div class=\"wd-text-block reset-last-child text-left\">\n\t\t\t\n\t\t\t<h5><strong>M\u00c1S ESPECIFICACIONES<\/strong><strong>:<\/strong><\/h5>\n\t\t\t\t\t<\/div>\n\t\t\t\t<\/div>\n\t\t\t\t<\/div>\n\t\t\t\t<div class=\"elementor-element elementor-element-00b20a9 elementor-widget elementor-widget-wd_text_block\" data-id=\"00b20a9\" data-element_type=\"widget\" data-widget_type=\"wd_text_block.default\">\n\t\t\t\t<div class=\"elementor-widget-container\">\n\t\t\t\t\t<div class=\"wd-text-block reset-last-child text-left\">\n\t\t\t\n\t\t\t<p>\u25cfFreesync Premium<br \/>\u25cf144Hz Tasa de Refresco<br \/>\u25cfBisel m\u00ednimo para un puesto de combate inmejorable<br \/>\u25cfCurvatura 1800R<br \/>\u25cfPie con altura ajustable<\/p>\n\t\t\t\t\t<\/div>\n\t\t\t\t<\/div>\n\t\t\t\t<\/div>\n\t\t\t\t\t<\/div>\n\t\t<\/div>\n\t\t\t\t<div class=\"elementor-column elementor-col-66 elementor-top-column elementor-element elementor-element-b692253\" data-id=\"b692253\" data-element_type=\"column\">\n\t\t\t<div class=\"elementor-widget-wrap elementor-element-populated\">\n\t\t\t\t\t\t\t\t<div class=\"elementor-element elementor-element-0fefcf7 elementor-widget elementor-widget-wd_image_or_svg\" data-id=\"0fefcf7\" data-element_type=\"widget\" data-widget_type=\"wd_image_or_svg.default\">\n\t\t\t\t<div class=\"elementor-widget-container\">\n\t\t\t\n\t\t<div class=\"wd-image text-center\">\n\t\t\t\t\t\t\t\t<img loading=\"lazy\" decoding=\"async\" width=\"926\" height=\"323\" src=\"https:\/\/tzila.mx\/dev\/wp-content\/uploads\/2022\/05\/IMG-DES-C27G1-6.png\" class=\"attachment-full size-full\" alt=\"\" srcset=\"https:\/\/tzila.mx\/dev\/wp-content\/uploads\/2022\/05\/IMG-DES-C27G1-6.png 926w, https:\/\/tzila.mx\/dev\/wp-content\/uploads\/2022\/05\/IMG-DES-C27G1-6-400x140.png 400w, https:\/\/tzila.mx\/dev\/wp-content\/uploads\/2022\/05\/IMG-DES-C27G1-6-768x268.png 768w, https:\/\/tzila.mx\/dev\/wp-content\/uploads\/2022\/05\/IMG-DES-C27G1-6-860x300.png 860w, https:\/\/tzila.mx\/dev\/wp-content\/uploads\/2022\/05\/IMG-DES-C27G1-6-430x150.png 430w, https:\/\/tzila.mx\/dev\/wp-content\/uploads\/2022\/05\/IMG-DES-C27G1-6-700x244.png 700w, https:\/\/tzila.mx\/dev\/wp-content\/uploads\/2022\/05\/IMG-DES-C27G1-6-150x52.png 150w\" sizes=\"auto, (max-width: 926px) 100vw, 926px\" \/>\t\t\t\t\t<\/div>\n\n\t\t\t\t<\/div>\n\t\t\t\t<\/div>\n\t\t\t\t\t<\/div>\n\t\t<\/div>\n\t\t\t\t\t\t\t<\/div>\n\t\t<\/section>\n\t\t\t\t<section class=\"elementor-section elementor-top-section elementor-element elementor-element-ec9e38a elementor-section-boxed elementor-section-height-default elementor-section-height-default wd-section-disabled\" data-id=\"ec9e38a\" data-element_type=\"section\">\n\t\t\t\t\t\t<div class=\"elementor-container elementor-column-gap-default\">\n\t\t\t\t\t<div class=\"elementor-column elementor-col-33 elementor-top-column elementor-element elementor-element-c833c6a\" data-id=\"c833c6a\" data-element_type=\"column\">\n\t\t\t<div class=\"elementor-widget-wrap elementor-element-populated\">\n\t\t\t\t\t\t\t\t<div class=\"elementor-element elementor-element-6ae12e9 elementor-widget elementor-widget-wd_text_block\" data-id=\"6ae12e9\" data-element_type=\"widget\" data-widget_type=\"wd_text_block.default\">\n\t\t\t\t<div class=\"elementor-widget-container\">\n\t\t\t\t\t<div class=\"wd-text-block reset-last-child text-left\">\n\t\t\t\n\t\t\t<h4 data-fetched=\"true\">Espect\u00e1culo garantizado<\/h4><p>El C27G1 tiene un panel VA Full HD de 27\u201d con curvatura 1800R, carece de marco y cuenta con una frecuencia de actualizaci\u00f3n de 144 Hz y un tiempo de respuesta de la imagen en movimiento (MPRT) de 1 ms y FreeSync Premium. Pensado para jugadores competitivos e informales. Presenta un soporte totalmente ergon\u00f3mico y un dise\u00f1o sin marco de 3 lados.<\/p>\n\t\t\t\t\t<\/div>\n\t\t\t\t<\/div>\n\t\t\t\t<\/div>\n\t\t\t\t<div class=\"elementor-element elementor-element-8604524 elementor-widget elementor-widget-wd_image_or_svg\" data-id=\"8604524\" data-element_type=\"widget\" data-widget_type=\"wd_image_or_svg.default\">\n\t\t\t\t<div class=\"elementor-widget-container\">\n\t\t\t\n\t\t<div class=\"wd-image text-center\">\n\t\t\t\t\t\t\t\t<img loading=\"lazy\" decoding=\"async\" width=\"670\" height=\"331\" src=\"https:\/\/tzila.mx\/dev\/wp-content\/uploads\/2022\/05\/IMG-DES-C27G1-7.png\" class=\"attachment-full size-full\" alt=\"\" srcset=\"https:\/\/tzila.mx\/dev\/wp-content\/uploads\/2022\/05\/IMG-DES-C27G1-7.png 670w, https:\/\/tzila.mx\/dev\/wp-content\/uploads\/2022\/05\/IMG-DES-C27G1-7-400x198.png 400w, https:\/\/tzila.mx\/dev\/wp-content\/uploads\/2022\/05\/IMG-DES-C27G1-7-430x212.png 430w, https:\/\/tzila.mx\/dev\/wp-content\/uploads\/2022\/05\/IMG-DES-C27G1-7-150x74.png 150w\" sizes=\"auto, (max-width: 670px) 100vw, 670px\" \/>\t\t\t\t\t<\/div>\n\n\t\t\t\t<\/div>\n\t\t\t\t<\/div>\n\t\t\t\t<div class=\"elementor-element elementor-element-252ec94 elementor-widget elementor-widget-wd_text_block\" data-id=\"252ec94\" data-element_type=\"widget\" data-widget_type=\"wd_text_block.default\">\n\t\t\t\t<div class=\"elementor-widget-container\">\n\t\t\t\t\t<div class=\"wd-text-block reset-last-child text-left\">\n\t\t\t\n\t\t\t<h4 id=\"bisel_m\u00ednimo_para_un_puesto_de_combate_inmejorable\" data-fetched=\"true\">Bisel m\u00ednimo para un puesto de combate inmejorable<\/h4><p>Ampl\u00eda tu visi\u00f3n con la configuraci\u00f3n de m\u00faltiples monitores. El borde estrecho y el dise\u00f1o sin marco minimizan al m\u00e1ximo la interrupci\u00f3n del bisel y logran un puesto de combate inmejorable.<\/p>\n\t\t\t\t\t<\/div>\n\t\t\t\t<\/div>\n\t\t\t\t<\/div>\n\t\t\t\t\t<\/div>\n\t\t<\/div>\n\t\t\t\t<div class=\"elementor-column elementor-col-33 elementor-top-column elementor-element elementor-element-e7b3bda\" data-id=\"e7b3bda\" data-element_type=\"column\">\n\t\t\t<div class=\"elementor-widget-wrap elementor-element-populated\">\n\t\t\t\t\t\t\t\t<div class=\"elementor-element elementor-element-4f49f18 elementor-widget elementor-widget-wd_text_block\" data-id=\"4f49f18\" data-element_type=\"widget\" data-widget_type=\"wd_text_block.default\">\n\t\t\t\t<div class=\"elementor-widget-container\">\n\t\t\t\t\t<div class=\"wd-text-block reset-last-child text-left\">\n\t\t\t\n\t\t\t<div class=\"row-content r-side\" data-v-b7353816=\"\"><h4 id=\"freesync_premium\" data-fetched=\"true\">Freesync Premium<\/h4><article data-v-b7353816=\"\">Disfruta de la mejor calidad de imagen incluso en los juegos m\u00e1s trepidantes. La tecnolog\u00eda AMD FreeSync Premium hace que las tasas de refresco de la GPU y del monitor se sincronicen, por lo que la experiencia de juego es fluida, sin efecto tearing y con una velocidad endiablada. AMD FreeSync Premium ofrece una tasa de refresco m\u00ednima de 120 Hz, por lo que las im\u00e1genes son menos borrosas y m\u00e1s n\u00edtidas para una experiencia m\u00e1s realista. La tecnolog\u00eda LFC elimina el efecto stuttering si la tasa de fotogramas es mejor que la tasa de refresco.<\/article><\/div>\n\t\t\t\t\t<\/div>\n\t\t\t\t<\/div>\n\t\t\t\t<\/div>\n\t\t\t\t<div class=\"elementor-element elementor-element-696e1a7 elementor-widget elementor-widget-wd_image_or_svg\" data-id=\"696e1a7\" data-element_type=\"widget\" data-widget_type=\"wd_image_or_svg.default\">\n\t\t\t\t<div class=\"elementor-widget-container\">\n\t\t\t\n\t\t<div class=\"wd-image text-center\">\n\t\t\t\t\t\t\t\t<img decoding=\"async\" src=\"https:\/\/tzila.mx\/dev\/wp-content\/uploads\/elementor\/thumbs\/IMG-DES-C27G1-5-ppawhudc81j3oov4q1vmpaf2ciqwcb7syojv623vt0.png\" title=\"IMG DES C27G1-5\" alt=\"IMG DES C27G1-5\" \/>\t\t\t\t\t<\/div>\n\n\t\t\t\t<\/div>\n\t\t\t\t<\/div>\n\t\t\t\t<div class=\"elementor-element elementor-element-e9bf201 elementor-widget elementor-widget-wd_text_block\" data-id=\"e9bf201\" data-element_type=\"widget\" data-widget_type=\"wd_text_block.default\">\n\t\t\t\t<div class=\"elementor-widget-container\">\n\t\t\t\t\t<div class=\"wd-text-block reset-last-child text-left\">\n\t\t\t\n\t\t\t<div class=\"row-content\" data-v-b7353816=\"\"><h4 id=\"144hz_tasa_de_refresco\" data-fetched=\"true\">144Hz Tasa de Refresco<\/h4><p>Equ\u00edpate con una frecuencia de fotogramas dos veces superior a la de otros monitores y desp\u00eddete de los seccionamientos de imagen y los movimientos borrosos. Con una frecuencia de actualizaci\u00f3n de 144 Hz cada fotograma se procesa con gran precisi\u00f3n y en suave sucesi\u00f3n, por lo que puedes alinear tus disparos con precisi\u00f3n y apreciar las carreras de alta velocidad en todo su esplendor.<\/p><\/div>\n\t\t\t\t\t<\/div>\n\t\t\t\t<\/div>\n\t\t\t\t<\/div>\n\t\t\t\t\t<\/div>\n\t\t<\/div>\n\t\t\t\t<div class=\"elementor-column elementor-col-33 elementor-top-column elementor-element elementor-element-ba9b9c1\" data-id=\"ba9b9c1\" data-element_type=\"column\">\n\t\t\t<div class=\"elementor-widget-wrap elementor-element-populated\">\n\t\t\t\t\t\t\t\t<div class=\"elementor-element elementor-element-7a297c2 elementor-widget elementor-widget-wd_image_or_svg\" data-id=\"7a297c2\" data-element_type=\"widget\" data-widget_type=\"wd_image_or_svg.default\">\n\t\t\t\t<div class=\"elementor-widget-container\">\n\t\t\t\n\t\t<div class=\"wd-image text-center\">\n\t\t\t\t\t\t\t\t<img decoding=\"async\" src=\"https:\/\/tzila.mx\/dev\/wp-content\/uploads\/elementor\/thumbs\/IMG-DES-C27G1-2-ppawhk144v4y4za5efeqfv0zta5uzn2r99diw0j7pg.png\" title=\"IMG DES C27G1-2\" alt=\"IMG DES C27G1-2\" \/>\t\t\t\t\t<\/div>\n\n\t\t\t\t<\/div>\n\t\t\t\t<\/div>\n\t\t\t\t<div class=\"elementor-element elementor-element-d0a2373 elementor-widget elementor-widget-wd_text_block\" data-id=\"d0a2373\" data-element_type=\"widget\" data-widget_type=\"wd_text_block.default\">\n\t\t\t\t<div class=\"elementor-widget-container\">\n\t\t\t\t\t<div class=\"wd-text-block reset-last-child text-left\">\n\t\t\t\n\t\t\t<h4 id=\"curvatura_1800r\" data-fetched=\"true\">Curvatura 1800R<\/h4><p>El dise\u00f1o curvo te rodea y te sit\u00faa en el centro de la acci\u00f3n: una experiencia de juego envolvente.<\/p>\n\t\t\t\t\t<\/div>\n\t\t\t\t<\/div>\n\t\t\t\t<\/div>\n\t\t\t\t<div class=\"elementor-element elementor-element-7d838dd elementor-widget elementor-widget-wd_text_block\" data-id=\"7d838dd\" data-element_type=\"widget\" data-widget_type=\"wd_text_block.default\">\n\t\t\t\t<div class=\"elementor-widget-container\">\n\t\t\t\t\t<div class=\"wd-text-block reset-last-child text-left\">\n\t\t\t\n\t\t\t<h4 id=\"pie_con_altura_ajustable\" data-fetched=\"true\">Pie con altura ajustable<\/h4><p>Nos importa su bienestar. Por eso, este monitor ofrece opciones de ajuste de altura, que le ayudar\u00e1 a encontrar la postura perfecta mientras trabaja, juega o ve v\u00eddeos. Adaptar su monitor AOC a sus necesidades no s\u00f3lo le ayuda a reducir la fatiga y a mantenerse sano. Al final, le permite a usted y a su equipo conseguir mejores resultados en lo que sea que est\u00e9 haciendo.<\/p>\n\t\t\t\t\t<\/div>\n\t\t\t\t<\/div>\n\t\t\t\t<\/div>\n\t\t\t\t<div class=\"elementor-element elementor-element-078b475 elementor-widget elementor-widget-wd_button\" data-id=\"078b475\" data-element_type=\"widget\" data-widget_type=\"wd_button.default\">\n\t\t\t\t<div class=\"elementor-widget-container\">\n\t\t\t\t\t<div class=\"wd-button-wrapper text-center\" >\n\t\t\t<a class=\"btn btn-style-link btn-shape- btn-size-large btn-scheme-light btn-scheme-hover-dark btn-icon-pos-right\"  href=\"https:\/\/eu.aoc.com\/es\/gaming\/products\/monitors\/c27g1\/specification\" target=\"_blank\">\n\t\t\t\t<span class=\"wd-btn-text\" data-elementor-setting-key=\"text\">\n\t\t\t\t\tSaber m\u00e1s\t\t\t\t<\/span>\n\n\t\t\t\t\t\t\t<\/a>\n\t\t<\/div>\n\t\t\t\t<\/div>\n\t\t\t\t<\/div>\n\t\t\t\t\t<\/div>\n\t\t<\/div>\n\t\t\t\t\t\t\t<\/div>\n\t\t<\/section>\n\t\t\t\t\t\t<\/div>\n\t\t\t\t\t<\/div>\n\t\t","protected":false},"excerpt":{"rendered":"<h4>Caracter\u00edsticas principales:<\/h4>\n<p class=\"p1\"><span class=\"s1\">\u25cf<\/span><span class=\"s2\"> <span id=\"\" class=\"tech-details__item-label\" data-fetched=\"true\">Tama\u00f1o de la pantalla 27 pulgadas<\/span><\/span><br \/>\n<span class=\"s1\">\u25cf<span class=\"s2\"> Full HD<\/span><\/span><br \/>\n<span class=\"s1\">\u25cf<\/span> AMD FreeSync<br \/>\n<span class=\"s1\">\u25cf<\/span><span class=\"s2\"> Velocidad de actualizaci\u00f3n<span id=\"\" class=\"tech-details__item-label\" data-fetched=\"true\">\u00a0144Hz<\/span><\/span><br \/>\n<span class=\"s1\">\u25cf<\/span><span class=\"s2\"> <span id=\"\" class=\"tech-details__item-label\" data-fetched=\"true\">Tiempo de respuesta MPRT 1 ms<\/span><\/span><br \/>\n<span class=\"s1\">\u25cf<\/span><span class=\"s2\"> <span id=\"\" class=\"tech-details__item-label\" data-fetched=\"true\">Curvo<\/span><\/span><br \/>\n<span class=\"s1\">\u25cf<\/span> Shooters, MMORPG, Action, RTS, FPS (eSports), Beat&#8217;m up, Racing<\/p>\n","protected":false},"featured_media":12738,"comment_status":"open","ping_status":"closed","template":"","meta":[],"product_cat":[94,32,88,99],"product_tag":[217],"class_list":["post-12732","product","type-product","status-publish","has-post-thumbnail","hentry","product_cat-monitores-set","product_cat-monitores","product_cat-27-pulgadas","product_cat-aoc","product_tag-aoc","pa_brand-aoc"],"_links":{"self":[{"href":"https:\/\/tzila.mx\/dev\/wp-json\/wp\/v2\/product\/12732","targetHints":{"allow":["GET"]}}],"collection":[{"href":"https:\/\/tzila.mx\/dev\/wp-json\/wp\/v2\/product"}],"about":[{"href":"https:\/\/tzila.mx\/dev\/wp-json\/wp\/v2\/types\/product"}],"replies":[{"embeddable":true,"href":"https:\/\/tzila.mx\/dev\/wp-json\/wp\/v2\/comments?post=12732"}],"version-history":[{"count":14,"href":"https:\/\/tzila.mx\/dev\/wp-json\/wp\/v2\/product\/12732\/revisions"}],"predecessor-version":[{"id":13060,"href":"https:\/\/tzila.mx\/dev\/wp-json\/wp\/v2\/product\/12732\/revisions\/13060"}],"wp:featuredmedia":[{"embeddable":true,"href":"https:\/\/tzila.mx\/dev\/wp-json\/wp\/v2\/media\/12738"}],"wp:attachment":[{"href":"https:\/\/tzila.mx\/dev\/wp-json\/wp\/v2\/media?parent=12732"}],"wp:term":[{"taxonomy":"product_cat","embeddable":true,"href":"https:\/\/tzila.mx\/dev\/wp-json\/wp\/v2\/product_cat?post=12732"},{"taxonomy":"product_tag","embeddable":true,"href":"https:\/\/tzila.mx\/dev\/wp-json\/wp\/v2\/product_tag?post=12732"}],"curies":[{"name":"wp","href":"https:\/\/api.w.org\/{rel}","templated":true}]}}