{"id":12659,"date":"2022-05-19T22:35:48","date_gmt":"2022-05-20T03:35:48","guid":{"rendered":"https:\/\/tzila.mx\/dev\/?post_type=product&#038;p=12659"},"modified":"2022-06-16T16:14:33","modified_gmt":"2022-06-16T21:14:33","slug":"kit-memoria-ram-xpg-spectrix-d41-ddr4-rgb-3200mhz","status":"publish","type":"product","link":"https:\/\/tzila.mx\/dev\/producto\/kit-memoria-ram-xpg-spectrix-d41-ddr4-rgb-3200mhz\/","title":{"rendered":"Kit de Memoria RAM XPG SPECTRIX D41 DDR4 RGB 3200Mhz"},"content":{"rendered":"\t\t<div data-elementor-type=\"wp-post\" data-elementor-id=\"12659\" class=\"elementor elementor-12659\" data-elementor-settings=\"[]\">\n\t\t\t\t\t\t\t<div class=\"elementor-section-wrap\">\n\t\t\t\t\t\t\t<section class=\"elementor-section elementor-top-section elementor-element elementor-element-154fe09 elementor-section-boxed elementor-section-height-default elementor-section-height-default wd-section-disabled\" data-id=\"154fe09\" data-element_type=\"section\">\n\t\t\t\t\t\t<div class=\"elementor-container elementor-column-gap-default\">\n\t\t\t\t\t<div class=\"elementor-column elementor-col-33 elementor-top-column elementor-element elementor-element-f14913d\" data-id=\"f14913d\" data-element_type=\"column\">\n\t\t\t<div class=\"elementor-widget-wrap elementor-element-populated\">\n\t\t\t\t\t\t\t\t<div class=\"elementor-element elementor-element-3d30eaf elementor-widget elementor-widget-wd_text_block\" data-id=\"3d30eaf\" data-element_type=\"widget\" data-widget_type=\"wd_text_block.default\">\n\t\t\t\t<div class=\"elementor-widget-container\">\n\t\t\t\t\t<div class=\"wd-text-block reset-last-child text-left\">\n\t\t\t\n\t\t\t<h5><strong>M\u00c1S ESPECIFICACIONES<\/strong><strong>:<\/strong><\/h5>\n\t\t\t\t\t<\/div>\n\t\t\t\t<\/div>\n\t\t\t\t<\/div>\n\t\t\t\t<div class=\"elementor-element elementor-element-6d44079 elementor-widget elementor-widget-wd_text_block\" data-id=\"6d44079\" data-element_type=\"widget\" data-widget_type=\"wd_text_block.default\">\n\t\t\t\t<div class=\"elementor-widget-container\">\n\t\t\t\t\t<div class=\"wd-text-block reset-last-child text-left\">\n\t\t\t\n\t\t\t<p class=\"p1\"><span class=\"s1\">\u25cf<\/span><span class=\"s2\"> Deslumbrar con la iluminaci\u00f3n RGB<\/span><br \/><span class=\"s1\">\u25cf<\/span><span class=\"s2\"> Personalizar su estilo<\/span><br \/><span class=\"s1\">\u25cf<\/span><span class=\"s2\"> Seguir el rendimiento<\/span><br \/><span class=\"s1\">\u25cf<\/span><span class=\"s2\"> Calidad de la que puede depender<\/span><br \/><span class=\"s1\">\u25cf<\/span><span class=\"s2\"> Aumento sencillo de la velocidad del reloj con Intel<sup>\u00ae<\/sup> XMP 2.0<\/span><br \/><span class=\"s1\">\u25cf<\/span><span class=\"s2\"> Prep\u00e1rese para el control RGB con la instalaci\u00f3n r\u00e1pida y gratuita de una aplicaci\u00f3n<\/span><br \/><span class=\"s1\">\u25cf<\/span><span class=\"s2\"> Edici\u00f3n especial para juegos TUF<\/span><\/p>\n\t\t\t\t\t<\/div>\n\t\t\t\t<\/div>\n\t\t\t\t<\/div>\n\t\t\t\t\t<\/div>\n\t\t<\/div>\n\t\t\t\t<div class=\"elementor-column elementor-col-66 elementor-top-column elementor-element elementor-element-1a0b71f\" data-id=\"1a0b71f\" data-element_type=\"column\">\n\t\t\t<div class=\"elementor-widget-wrap elementor-element-populated\">\n\t\t\t\t\t\t\t\t<div class=\"elementor-element elementor-element-6f6445b elementor-widget elementor-widget-wd_image_or_svg\" data-id=\"6f6445b\" data-element_type=\"widget\" data-widget_type=\"wd_image_or_svg.default\">\n\t\t\t\t<div class=\"elementor-widget-container\">\n\t\t\t\n\t\t<div class=\"wd-image text-center\">\n\t\t\t\t\t\t\t\t<img decoding=\"async\" src=\"https:\/\/tzila.mx\/dev\/wp-content\/uploads\/elementor\/thumbs\/XPG-spectrix-ddr4-3-plvnuwxvp90zmo69hx001id29r3wo1q6it49x73uv8.jpg\" title=\"XPG-spectrix-ddr4-3\" alt=\"XPG-spectrix-ddr4-3\" \/>\t\t\t\t\t<\/div>\n\n\t\t\t\t<\/div>\n\t\t\t\t<\/div>\n\t\t\t\t\t<\/div>\n\t\t<\/div>\n\t\t\t\t\t\t\t<\/div>\n\t\t<\/section>\n\t\t\t\t<section class=\"elementor-section elementor-top-section elementor-element elementor-element-f335c48 elementor-section-boxed elementor-section-height-default elementor-section-height-default wd-section-disabled\" data-id=\"f335c48\" data-element_type=\"section\">\n\t\t\t\t\t\t<div class=\"elementor-container elementor-column-gap-default\">\n\t\t\t\t\t<div class=\"elementor-column elementor-col-33 elementor-top-column elementor-element elementor-element-dffdc91\" data-id=\"dffdc91\" data-element_type=\"column\">\n\t\t\t<div class=\"elementor-widget-wrap elementor-element-populated\">\n\t\t\t\t\t\t\t\t<div class=\"elementor-element elementor-element-9ce59d9 elementor-widget elementor-widget-wd_text_block\" data-id=\"9ce59d9\" data-element_type=\"widget\" data-widget_type=\"wd_text_block.default\">\n\t\t\t\t<div class=\"elementor-widget-container\">\n\t\t\t\t\t<div class=\"wd-text-block reset-last-child text-left\">\n\t\t\t\n\t\t\t<h4>Impresionante rendimiento y estilo<\/h4><p>La memoria XPG SPECTRIX D41 DDR4 RGB re\u00fane un rendimiento excepcional y una iluminaci\u00f3n RGB fascinante para ofrecerte una actualizaci\u00f3n digna para tu sistema. Con impresionantes velocidades de hasta 5000 MHz, el m\u00f3dulo de memoria SPECTRIX D41 ofrece juegos r\u00e1pidos y sin problemas, as\u00ed como aumento de la velocidad del reloj. Adem\u00e1s, admite las plataformas X299 de Intel<sup>\u00ae<\/sup> y AM4\/Ryzen de AMD. Adem\u00e1s, con una iluminaci\u00f3n RGB intensa que es compatible con varios programas de software de control de iluminaci\u00f3n, su configuraci\u00f3n de juego eclipsar\u00e1 a la competencia.<\/p>\n\t\t\t\t\t<\/div>\n\t\t\t\t<\/div>\n\t\t\t\t<\/div>\n\t\t\t\t<div class=\"elementor-element elementor-element-39a7d6b elementor-widget elementor-widget-wd_image_or_svg\" data-id=\"39a7d6b\" data-element_type=\"widget\" data-widget_type=\"wd_image_or_svg.default\">\n\t\t\t\t<div class=\"elementor-widget-container\">\n\t\t\t\n\t\t<div class=\"wd-image text-left\">\n\t\t\t\t\t\t\t\t<img loading=\"lazy\" decoding=\"async\" width=\"490\" height=\"420\" src=\"https:\/\/tzila.mx\/dev\/wp-content\/uploads\/2022\/03\/XPG-spectrix-ddr4-6.png\" class=\"attachment-full size-full\" alt=\"\" srcset=\"https:\/\/tzila.mx\/dev\/wp-content\/uploads\/2022\/03\/XPG-spectrix-ddr4-6.png 490w, https:\/\/tzila.mx\/dev\/wp-content\/uploads\/2022\/03\/XPG-spectrix-ddr4-6-350x300.png 350w, https:\/\/tzila.mx\/dev\/wp-content\/uploads\/2022\/03\/XPG-spectrix-ddr4-6-430x369.png 430w, https:\/\/tzila.mx\/dev\/wp-content\/uploads\/2022\/03\/XPG-spectrix-ddr4-6-150x129.png 150w\" sizes=\"auto, (max-width: 490px) 100vw, 490px\" \/>\t\t\t\t\t<\/div>\n\n\t\t\t\t<\/div>\n\t\t\t\t<\/div>\n\t\t\t\t<div class=\"elementor-element elementor-element-933536a elementor-widget elementor-widget-wd_text_block\" data-id=\"933536a\" data-element_type=\"widget\" data-widget_type=\"wd_text_block.default\">\n\t\t\t\t<div class=\"elementor-widget-container\">\n\t\t\t\t\t<div class=\"wd-text-block reset-last-child text-left\">\n\t\t\t\n\t\t\t<h4>Deslumbrar con la iluminaci\u00f3n RGB<\/h4><p>Inspirado por el aspecto de la armadura medieval, el disipador de metal de SPECTRIX D41 presenta contornos audaces para simbolizar su potente rendimiento. En la parte superior hay una tira de luz de LED RGB completamente expuesta que brilla sin obst\u00e1culos y que deja que los colores de su elecci\u00f3n brillen. El m\u00f3dulo SPECTRIX D41 viene en dos opciones de color: rojo carmes\u00ed y gris titanio.<\/p>\n\t\t\t\t\t<\/div>\n\t\t\t\t<\/div>\n\t\t\t\t<\/div>\n\t\t\t\t<div class=\"elementor-element elementor-element-a12a69e elementor-widget elementor-widget-wd_text_block\" data-id=\"a12a69e\" data-element_type=\"widget\" data-widget_type=\"wd_text_block.default\">\n\t\t\t\t<div class=\"elementor-widget-container\">\n\t\t\t\t\t<div class=\"wd-text-block reset-last-child text-left\">\n\t\t\t\n\t\t\t<h4>Personalizar su estilo<\/h4><p>Personalice su experiencia de juego con efectos de iluminaci\u00f3n programables. Configure patrones, velocidad de pulso, intensidad de iluminaci\u00f3n y m\u00e1s. El control es f\u00e1cil con la aplicaci\u00f3n XPG RGB Sync. O si ya tiene un software de control de luz RGB de una gran fabricante de placas base, tambi\u00e9n puede utilizarlo.<\/p>\n\t\t\t\t\t<\/div>\n\t\t\t\t<\/div>\n\t\t\t\t<\/div>\n\t\t\t\t\t<\/div>\n\t\t<\/div>\n\t\t\t\t<div class=\"elementor-column elementor-col-33 elementor-top-column elementor-element elementor-element-f9a4072\" data-id=\"f9a4072\" data-element_type=\"column\">\n\t\t\t<div class=\"elementor-widget-wrap elementor-element-populated\">\n\t\t\t\t\t\t\t\t<div class=\"elementor-element elementor-element-4855378 elementor-widget elementor-widget-wd_image_or_svg\" data-id=\"4855378\" data-element_type=\"widget\" data-widget_type=\"wd_image_or_svg.default\">\n\t\t\t\t<div class=\"elementor-widget-container\">\n\t\t\t\n\t\t<div class=\"wd-image text-left\">\n\t\t\t\t\t\t\t\t<img loading=\"lazy\" decoding=\"async\" width=\"472\" height=\"418\" src=\"https:\/\/tzila.mx\/dev\/wp-content\/uploads\/2022\/03\/XPG-spectrix-ddr4-4.png\" class=\"attachment-full size-full\" alt=\"\" srcset=\"https:\/\/tzila.mx\/dev\/wp-content\/uploads\/2022\/03\/XPG-spectrix-ddr4-4.png 472w, https:\/\/tzila.mx\/dev\/wp-content\/uploads\/2022\/03\/XPG-spectrix-ddr4-4-339x300.png 339w, https:\/\/tzila.mx\/dev\/wp-content\/uploads\/2022\/03\/XPG-spectrix-ddr4-4-430x381.png 430w, https:\/\/tzila.mx\/dev\/wp-content\/uploads\/2022\/03\/XPG-spectrix-ddr4-4-150x133.png 150w\" sizes=\"auto, (max-width: 472px) 100vw, 472px\" \/>\t\t\t\t\t<\/div>\n\n\t\t\t\t<\/div>\n\t\t\t\t<\/div>\n\t\t\t\t<div class=\"elementor-element elementor-element-b39cf3b elementor-widget elementor-widget-wd_text_block\" data-id=\"b39cf3b\" data-element_type=\"widget\" data-widget_type=\"wd_text_block.default\">\n\t\t\t\t<div class=\"elementor-widget-container\">\n\t\t\t\t\t<div class=\"wd-text-block reset-last-child text-left\">\n\t\t\t\n\t\t\t<h4>Seguir el rendimiento<\/h4><p>El m\u00f3dulo SPECTRIX D41 le ofrece un rendimiento espectacular y velocidades sorprendentes con una amplia gama de frecuencias de funcionamiento que van desde 2666 MHz hasta 5000 MHz, y es compatible con las plataformas X299 de Intel<sup>\u00ae<\/sup> de 2666 MHz y Ryzen de AMD AM4.<\/p>\n\t\t\t\t\t<\/div>\n\t\t\t\t<\/div>\n\t\t\t\t<\/div>\n\t\t\t\t<div class=\"elementor-element elementor-element-cdccf39 elementor-widget elementor-widget-wd_text_block\" data-id=\"cdccf39\" data-element_type=\"widget\" data-widget_type=\"wd_text_block.default\">\n\t\t\t\t<div class=\"elementor-widget-container\">\n\t\t\t\t\t<div class=\"wd-text-block reset-last-child text-left\">\n\t\t\t\n\t\t\t<h4>Calidad de la que puede depender<\/h4><p>El m\u00f3dulo SPECTRIX D41 utiliza solo chips de alta calidad seleccionados a trav\u00e9s de un riguroso proceso de selecci\u00f3n que garantiza fiabilidad y durabilidad. Incorpora un disipador con un dise\u00f1o personalizado que ofrece una mejor calidad de transferencia de se\u00f1al y, al mismo tiempo, proporciona una mayor estabilidad.<\/p>\n\t\t\t\t\t<\/div>\n\t\t\t\t<\/div>\n\t\t\t\t<\/div>\n\t\t\t\t<div class=\"elementor-element elementor-element-1d13148 elementor-widget elementor-widget-wd_text_block\" data-id=\"1d13148\" data-element_type=\"widget\" data-widget_type=\"wd_text_block.default\">\n\t\t\t\t<div class=\"elementor-widget-container\">\n\t\t\t\t\t<div class=\"wd-text-block reset-last-child text-left\">\n\t\t\t\n\t\t\t<h4>Aumento sencillo de la velocidad del reloj con Intel\u00ae XMP 2.0<\/h4><p>Intel<sup>\u00ae<\/sup> Extreme Memory Profile (XMP) 2.0 hace que el aumento de la velocidad del reloj resulte sencillo y mejora la estabilidad del sistema. En lugar de ajustar par\u00e1metros individuales en el BIOS, puede hacerlo perfectamente a trav\u00e9s del sistema operativo de su PC.<\/p>\n\t\t\t\t\t<\/div>\n\t\t\t\t<\/div>\n\t\t\t\t<\/div>\n\t\t\t\t\t<\/div>\n\t\t<\/div>\n\t\t\t\t<div class=\"elementor-column elementor-col-33 elementor-top-column elementor-element elementor-element-ffeafee\" data-id=\"ffeafee\" data-element_type=\"column\">\n\t\t\t<div class=\"elementor-widget-wrap elementor-element-populated\">\n\t\t\t\t\t\t\t\t<div class=\"elementor-element elementor-element-a36db99 elementor-widget elementor-widget-wd_text_block\" data-id=\"a36db99\" data-element_type=\"widget\" data-widget_type=\"wd_text_block.default\">\n\t\t\t\t<div class=\"elementor-widget-container\">\n\t\t\t\t\t<div class=\"wd-text-block reset-last-child text-left\">\n\t\t\t\n\t\t\t<h4>Prep\u00e1rese para el control RGB con la instalaci\u00f3n r\u00e1pida y gratuita de una aplicaci\u00f3n<\/h4><p>La aplicaci\u00f3n XPG RGB Sync (versi\u00f3n beta) le permite ajustar y cambiar la iluminaci\u00f3n RGB SPECTRIX D41. Es compatible con las placas base principales, permitiendo el control de hasta cinco elementos RGB individuales. Configure patrones, velocidad de pulso, intensidad de iluminaci\u00f3n y m\u00e1s. Adem\u00e1s, el modo m\u00fasica permite a los usuarios escuchar diferentes tipos de m\u00fasica y combinar efectos de iluminaci\u00f3n con ritmos tan diversos como Rock, Fiesta, Funk y m\u00e1s. Es muy f\u00e1cil. Simplemente haga clic en aplicar y espere uno o dos segundos para que los cambios surtan efecto.<\/p>\n\t\t\t\t\t<\/div>\n\t\t\t\t<\/div>\n\t\t\t\t<\/div>\n\t\t\t\t<div class=\"elementor-element elementor-element-d752f27 elementor-widget elementor-widget-wd_text_block\" data-id=\"d752f27\" data-element_type=\"widget\" data-widget_type=\"wd_text_block.default\">\n\t\t\t\t<div class=\"elementor-widget-container\">\n\t\t\t\t\t<div class=\"wd-text-block reset-last-child text-left\">\n\t\t\t\n\t\t\t<h4>Edici\u00f3n especial para juegos TUF<\/h4><p>La memoria RGB DDR4 de la edici\u00f3n para juegos TUF SPECTRIX D41 cuenta con la certificaci\u00f3n TUF Gaming Alliance, lo que significa que ha superado rigurosas pruebas para cumplir los estrictos est\u00e1ndares de la alianza. Si bien este m\u00f3dulo de memoria ofrece el mismo gran rendimiento y deslumbrante iluminaci\u00f3n RGB programable que el modelo original, tiene un aspecto m\u00e1s combativo a trav\u00e9s de sus difusores de calor negros con recorte amarillo.<\/p>\n\t\t\t\t\t<\/div>\n\t\t\t\t<\/div>\n\t\t\t\t<\/div>\n\t\t\t\t<div class=\"elementor-element elementor-element-d27798c elementor-widget elementor-widget-wd_image_or_svg\" data-id=\"d27798c\" data-element_type=\"widget\" data-widget_type=\"wd_image_or_svg.default\">\n\t\t\t\t<div class=\"elementor-widget-container\">\n\t\t\t\n\t\t<div class=\"wd-image text-left\">\n\t\t\t\t\t\t\t\t<img loading=\"lazy\" decoding=\"async\" width=\"534\" height=\"457\" src=\"https:\/\/tzila.mx\/dev\/wp-content\/uploads\/2022\/03\/XPG-spectrix-ddr4-5.png\" class=\"attachment-full size-full\" alt=\"\" srcset=\"https:\/\/tzila.mx\/dev\/wp-content\/uploads\/2022\/03\/XPG-spectrix-ddr4-5.png 534w, https:\/\/tzila.mx\/dev\/wp-content\/uploads\/2022\/03\/XPG-spectrix-ddr4-5-351x300.png 351w, https:\/\/tzila.mx\/dev\/wp-content\/uploads\/2022\/03\/XPG-spectrix-ddr4-5-430x368.png 430w, https:\/\/tzila.mx\/dev\/wp-content\/uploads\/2022\/03\/XPG-spectrix-ddr4-5-150x128.png 150w\" sizes=\"auto, (max-width: 534px) 100vw, 534px\" \/>\t\t\t\t\t<\/div>\n\n\t\t\t\t<\/div>\n\t\t\t\t<\/div>\n\t\t\t\t<div class=\"elementor-element elementor-element-192bab2 elementor-widget elementor-widget-wd_button\" data-id=\"192bab2\" data-element_type=\"widget\" data-widget_type=\"wd_button.default\">\n\t\t\t\t<div class=\"elementor-widget-container\">\n\t\t\t\t\t<div class=\"wd-button-wrapper text-center\" >\n\t\t\t<a class=\"btn btn-style-link btn-shape- btn-size-large btn-scheme-light btn-scheme-hover-dark btn-icon-pos-right\"  href=\"https:\/\/webapi3.adata.com\/storage\/downloadfile\/datasheet_xpg_spectrix_d41_ddr4_rgb_memory_20210517.pdf\" target=\"_blank\">\n\t\t\t\t<span class=\"wd-btn-text\" data-elementor-setting-key=\"text\">\n\t\t\t\t\tSaber m\u00e1s\t\t\t\t<\/span>\n\n\t\t\t\t\t\t\t<\/a>\n\t\t<\/div>\n\t\t\t\t<\/div>\n\t\t\t\t<\/div>\n\t\t\t\t\t<\/div>\n\t\t<\/div>\n\t\t\t\t\t\t\t<\/div>\n\t\t<\/section>\n\t\t\t\t\t\t<\/div>\n\t\t\t\t\t<\/div>\n\t\t","protected":false},"excerpt":{"rendered":"<h4>Caracter\u00edsticas principales:<\/h4>\n<p class=\"p1\"><span class=\"s1\">\u25cf<\/span><span class=\"s2\"> Capacidad memoria: 16<strong>GB<\/strong> (2x8GB)<\/span><br \/>\n<span class=\"s1\">\u25cf<\/span><span class=\"s2\"> Velocidad: de hasta 3200MHZ<\/span><br \/>\n<span class=\"s1\">\u25cf<\/span><span class=\"s2\"> Latencia CAS: CL16<\/span><br \/>\n<span class=\"s1\">\u25cf<\/span><span class=\"s2\"> RGB perzonalizable<\/span><br \/>\n<span class=\"s1\">\u25cf<\/span><span class=\"s2\"> Soporte <span dir=\"ltr\" role=\"presentation\">Intel\u00ae Extreme Memory Profiles (Intel\u00ae XMP)<\/span><\/span><\/p>\n","protected":false},"featured_media":11414,"comment_status":"open","ping_status":"closed","template":"","meta":[],"product_cat":[20,74,97],"product_tag":[112],"class_list":["post-12659","product","type-product","status-publish","has-post-thumbnail","hentry","product_cat-hardware","product_cat-memoria-ram","product_cat-adata","product_tag-xpg","pa_brand-adata"],"_links":{"self":[{"href":"https:\/\/tzila.mx\/dev\/wp-json\/wp\/v2\/product\/12659","targetHints":{"allow":["GET"]}}],"collection":[{"href":"https:\/\/tzila.mx\/dev\/wp-json\/wp\/v2\/product"}],"about":[{"href":"https:\/\/tzila.mx\/dev\/wp-json\/wp\/v2\/types\/product"}],"replies":[{"embeddable":true,"href":"https:\/\/tzila.mx\/dev\/wp-json\/wp\/v2\/comments?post=12659"}],"version-history":[{"count":3,"href":"https:\/\/tzila.mx\/dev\/wp-json\/wp\/v2\/product\/12659\/revisions"}],"predecessor-version":[{"id":15498,"href":"https:\/\/tzila.mx\/dev\/wp-json\/wp\/v2\/product\/12659\/revisions\/15498"}],"wp:featuredmedia":[{"embeddable":true,"href":"https:\/\/tzila.mx\/dev\/wp-json\/wp\/v2\/media\/11414"}],"wp:attachment":[{"href":"https:\/\/tzila.mx\/dev\/wp-json\/wp\/v2\/media?parent=12659"}],"wp:term":[{"taxonomy":"product_cat","embeddable":true,"href":"https:\/\/tzila.mx\/dev\/wp-json\/wp\/v2\/product_cat?post=12659"},{"taxonomy":"product_tag","embeddable":true,"href":"https:\/\/tzila.mx\/dev\/wp-json\/wp\/v2\/product_tag?post=12659"}],"curies":[{"name":"wp","href":"https:\/\/api.w.org\/{rel}","templated":true}]}}