{"id":11871,"date":"2022-03-16T15:17:16","date_gmt":"2022-03-16T21:17:16","guid":{"rendered":"https:\/\/tzila.mx\/dev\/?post_type=product&#038;p=11871"},"modified":"2022-06-16T16:13:22","modified_gmt":"2022-06-16T21:13:22","slug":"procesador-amd-ryzen-5-5600x","status":"publish","type":"product","link":"https:\/\/tzila.mx\/dev\/producto\/procesador-amd-ryzen-5-5600x\/","title":{"rendered":"Procesador AMD Ryzen 5 5600X"},"content":{"rendered":"\t\t<div data-elementor-type=\"wp-post\" data-elementor-id=\"11871\" class=\"elementor elementor-11871\" data-elementor-settings=\"[]\">\n\t\t\t\t\t\t\t<div class=\"elementor-section-wrap\">\n\t\t\t\t\t\t\t<section class=\"elementor-section elementor-top-section elementor-element elementor-element-f7cc667 elementor-section-boxed elementor-section-height-default elementor-section-height-default wd-section-disabled\" data-id=\"f7cc667\" data-element_type=\"section\">\n\t\t\t\t\t\t<div class=\"elementor-container elementor-column-gap-default\">\n\t\t\t\t\t<div class=\"elementor-column elementor-col-33 elementor-top-column elementor-element elementor-element-b618f2f\" data-id=\"b618f2f\" data-element_type=\"column\">\n\t\t\t<div class=\"elementor-widget-wrap elementor-element-populated\">\n\t\t\t\t\t\t\t\t<div class=\"elementor-element elementor-element-691f0c5 elementor-widget elementor-widget-wd_text_block\" data-id=\"691f0c5\" data-element_type=\"widget\" data-widget_type=\"wd_text_block.default\">\n\t\t\t\t<div class=\"elementor-widget-container\">\n\t\t\t\t\t<div class=\"wd-text-block reset-last-child text-left\">\n\t\t\t\n\t\t\t<h5><strong>M\u00c1S ESPECIFICACIONES<\/strong><strong>:<\/strong><\/h5>\n\t\t\t\t\t<\/div>\n\t\t\t\t<\/div>\n\t\t\t\t<\/div>\n\t\t\t\t<div class=\"elementor-element elementor-element-fdeaa44 elementor-widget elementor-widget-wd_text_block\" data-id=\"fdeaa44\" data-element_type=\"widget\" data-widget_type=\"wd_text_block.default\">\n\t\t\t\t<div class=\"elementor-widget-container\">\n\t\t\t\t\t<div class=\"wd-text-block reset-last-child text-left\">\n\t\t\t\n\t\t\t<p>\u2022 Seis n\u00facleos incre\u00edbles para quienes simplemente desean jugar.<\/p><p>\u2022 AMD \u201cZen 3\u201d Core Architecture<\/p><p>\u2022 Tecnolog\u00eda AMD StoreMI<\/p><p>\u2022 Utilidad AMD Ryzen\u2122 Maste<\/p>\n\t\t\t\t\t<\/div>\n\t\t\t\t<\/div>\n\t\t\t\t<\/div>\n\t\t\t\t\t<\/div>\n\t\t<\/div>\n\t\t\t\t<div class=\"elementor-column elementor-col-66 elementor-top-column elementor-element elementor-element-fe7d0ee\" data-id=\"fe7d0ee\" data-element_type=\"column\">\n\t\t\t<div class=\"elementor-widget-wrap elementor-element-populated\">\n\t\t\t\t\t\t\t\t<div class=\"elementor-element elementor-element-53eb4db elementor-widget elementor-widget-wd_image_or_svg\" data-id=\"53eb4db\" data-element_type=\"widget\" data-widget_type=\"wd_image_or_svg.default\">\n\t\t\t\t<div class=\"elementor-widget-container\">\n\t\t\t\n\t\t<div class=\"wd-image text-center\">\n\t\t\t\t\t\t\t\t<img loading=\"lazy\" decoding=\"async\" width=\"400\" height=\"265\" src=\"https:\/\/tzila.mx\/dev\/wp-content\/uploads\/2022\/02\/Screen-Shot-2022-03-01-at-12.36.12-AM-400x265.png\" class=\"attachment-medium size-medium\" alt=\"\" srcset=\"https:\/\/tzila.mx\/dev\/wp-content\/uploads\/2022\/02\/Screen-Shot-2022-03-01-at-12.36.12-AM-400x265.png 400w, https:\/\/tzila.mx\/dev\/wp-content\/uploads\/2022\/02\/Screen-Shot-2022-03-01-at-12.36.12-AM-430x285.png 430w, https:\/\/tzila.mx\/dev\/wp-content\/uploads\/2022\/02\/Screen-Shot-2022-03-01-at-12.36.12-AM-150x99.png 150w, https:\/\/tzila.mx\/dev\/wp-content\/uploads\/2022\/02\/Screen-Shot-2022-03-01-at-12.36.12-AM.png 464w\" sizes=\"auto, (max-width: 400px) 100vw, 400px\" \/>\t\t\t\t\t<\/div>\n\n\t\t\t\t<\/div>\n\t\t\t\t<\/div>\n\t\t\t\t\t<\/div>\n\t\t<\/div>\n\t\t\t\t\t\t\t<\/div>\n\t\t<\/section>\n\t\t\t\t<section class=\"elementor-section elementor-top-section elementor-element elementor-element-0b58dfb elementor-section-boxed elementor-section-height-default elementor-section-height-default wd-section-disabled\" data-id=\"0b58dfb\" data-element_type=\"section\">\n\t\t\t\t\t\t<div class=\"elementor-container elementor-column-gap-default\">\n\t\t\t\t\t<div class=\"elementor-column elementor-col-33 elementor-top-column elementor-element elementor-element-2f5cfb7\" data-id=\"2f5cfb7\" data-element_type=\"column\">\n\t\t\t<div class=\"elementor-widget-wrap elementor-element-populated\">\n\t\t\t\t\t\t\t\t<div class=\"elementor-element elementor-element-75a3c2a elementor-widget elementor-widget-wd_text_block\" data-id=\"75a3c2a\" data-element_type=\"widget\" data-widget_type=\"wd_text_block.default\">\n\t\t\t\t<div class=\"elementor-widget-container\">\n\t\t\t\t\t<div class=\"wd-text-block reset-last-child text-left\">\n\t\t\t\n\t\t\t<h4>El m\u00e1s r\u00e1pido en el juego<\/h4><p>Cuando cuentas con la arquitectura\u00a0<sup>2<\/sup>de procesadores de escritorio\u00a0m\u00e1s avanzada del mundo para jugadores y creadores de contenido, las posibilidades son infinitas. Ya sea que juegues los juegos m\u00e1s recientes, dise\u00f1es el pr\u00f3ximo rascacielos o proceses datos, necesitas un procesador poderoso que pueda dar respuesta a todas estas demandas, y m\u00e1s. Sin lugar a dudas, los procesadores para computadoras de escritorio AMD Ryzen\u2122 serie 5000 elevan el nivel de expectativa para jugadores y artistas por igual.<\/p>\n\t\t\t\t\t<\/div>\n\t\t\t\t<\/div>\n\t\t\t\t<\/div>\n\t\t\t\t\t<\/div>\n\t\t<\/div>\n\t\t\t\t<div class=\"elementor-column elementor-col-33 elementor-top-column elementor-element elementor-element-9f886e6\" data-id=\"9f886e6\" data-element_type=\"column\">\n\t\t\t<div class=\"elementor-widget-wrap elementor-element-populated\">\n\t\t\t\t\t\t\t\t<div class=\"elementor-element elementor-element-79cb23a elementor-widget elementor-widget-wd_text_block\" data-id=\"79cb23a\" data-element_type=\"widget\" data-widget_type=\"wd_text_block.default\">\n\t\t\t\t<div class=\"elementor-widget-container\">\n\t\t\t\t\t<div class=\"wd-text-block reset-last-child text-left\">\n\t\t\t\n\t\t\t<div class=\"row-content r-side\" data-v-b7353816=\"\"><h4>Tecnolog\u00eda\u00a0AMD 3D V-Cache\u2122<\/h4><article data-v-b7353816=\"\"><h5>Desata a\u00fan m\u00e1s el rendimiento de los juegos con la cach\u00e9 L3 apilada en 3D<\/h5><p>El AMD Ryzen\u2122 7 5800X3D es el primer procesador de escritorio con cach\u00e9 L3 apilada, que ofrece unos inigualables 96 MB de cach\u00e9 L3 emparejados con n\u00facleos incre\u00edblemente r\u00e1pidos para crear el procesador de escritorio para juegos m\u00e1s r\u00e1pido del mundo<sup>3<\/sup>.<\/p><\/article><\/div>\n\t\t\t\t\t<\/div>\n\t\t\t\t<\/div>\n\t\t\t\t<\/div>\n\t\t\t\t\t<\/div>\n\t\t<\/div>\n\t\t\t\t<div class=\"elementor-column elementor-col-33 elementor-top-column elementor-element elementor-element-7d8df1f\" data-id=\"7d8df1f\" data-element_type=\"column\">\n\t\t\t<div class=\"elementor-widget-wrap elementor-element-populated\">\n\t\t\t\t\t\t\t\t<div class=\"elementor-element elementor-element-4462a2e elementor-widget elementor-widget-wd_text_block\" data-id=\"4462a2e\" data-element_type=\"widget\" data-widget_type=\"wd_text_block.default\">\n\t\t\t\t<div class=\"elementor-widget-container\">\n\t\t\t\t\t<div class=\"wd-text-block reset-last-child text-left\">\n\t\t\t\n\t\t\t<div class=\"row-content r-side\" data-v-b7353816=\"\"><h4>Arma tu sistema\u00a0con confianza<\/h4><h5>Los procesadores\u00a0AMD Ryzen\u2122\u00a0se configuran y personalizan con facilidad.<\/h5><p>Estos procesadores no solo est\u00e1n preparados para trabajar con las motherboards serie 500 y algunas serie 4009, con una simple actualizaci\u00f3n del BIOS, sino que, adem\u00e1s, se pueden ajustar y optimizar con\u00a0<a title=\"AMD Ryzen Master Utility for Overclocking Control\" href=\"https:\/\/www.amd.com\/es\/technologies\/ryzen-master\" data-entity-substitution=\"canonical\" data-entity-type=\"node\" data-entity-uuid=\"a3546d87-7edc-4a1e-9d11-6442d79e4d5b\" data-lpos=\"body-link\">Ryzen\u2122 Master<\/a>\u00a0y\u00a0<a title=\"AMD StoreMI Technology\" href=\"https:\/\/www.amd.com\/es\/technologies\/store-mi\" data-entity-substitution=\"canonical\" data-entity-type=\"node\" data-entity-uuid=\"f6d6f5b7-7ff1-4c11-a093-5ccf838935a5\" data-lpos=\"body-link\">AMD StoreMI<\/a>.<\/p><\/div>\n\t\t\t\t\t<\/div>\n\t\t\t\t<\/div>\n\t\t\t\t<\/div>\n\t\t\t\t\t<\/div>\n\t\t<\/div>\n\t\t\t\t\t\t\t<\/div>\n\t\t<\/section>\n\t\t\t\t<section class=\"elementor-section elementor-top-section elementor-element elementor-element-f812da9 elementor-section-boxed elementor-section-height-default elementor-section-height-default wd-section-disabled\" data-id=\"f812da9\" data-element_type=\"section\">\n\t\t\t\t\t\t<div class=\"elementor-container elementor-column-gap-default\">\n\t\t\t\t\t<div class=\"elementor-column elementor-col-100 elementor-top-column elementor-element elementor-element-052df6f\" data-id=\"052df6f\" data-element_type=\"column\">\n\t\t\t<div class=\"elementor-widget-wrap elementor-element-populated\">\n\t\t\t\t\t\t\t\t<div class=\"elementor-element elementor-element-0b1e4e2 elementor-widget elementor-widget-wd_image_or_svg\" data-id=\"0b1e4e2\" data-element_type=\"widget\" data-widget_type=\"wd_image_or_svg.default\">\n\t\t\t\t<div class=\"elementor-widget-container\">\n\t\t\t\n\t\t<div class=\"wd-image text-left\">\n\t\t\t\t\t\t\t\t<img decoding=\"async\" src=\"https:\/\/tzila.mx\/dev\/wp-content\/uploads\/elementor\/thumbs\/100-100000065BOX-4-plzjub442rwbs0w5s4oyt1kcss0p6qa8b2f5agckv4.png\" title=\"100-100000065BOX-4\" alt=\"100-100000065BOX-4\" \/>\t\t\t\t\t<\/div>\n\n\t\t\t\t<\/div>\n\t\t\t\t<\/div>\n\t\t\t\t\t<\/div>\n\t\t<\/div>\n\t\t\t\t\t\t\t<\/div>\n\t\t<\/section>\n\t\t\t\t<section class=\"elementor-section elementor-top-section elementor-element elementor-element-7efe556 elementor-section-boxed elementor-section-height-default elementor-section-height-default wd-section-disabled\" data-id=\"7efe556\" data-element_type=\"section\">\n\t\t\t\t\t\t<div class=\"elementor-container elementor-column-gap-default\">\n\t\t\t\t\t<div class=\"elementor-column elementor-col-33 elementor-top-column elementor-element elementor-element-bab975e\" data-id=\"bab975e\" data-element_type=\"column\">\n\t\t\t<div class=\"elementor-widget-wrap elementor-element-populated\">\n\t\t\t\t\t\t\t\t<div class=\"elementor-element elementor-element-8e391eb elementor-widget elementor-widget-wd_text_block\" data-id=\"8e391eb\" data-element_type=\"widget\" data-widget_type=\"wd_text_block.default\">\n\t\t\t\t<div class=\"elementor-widget-container\">\n\t\t\t\t\t<div class=\"wd-text-block reset-last-child text-left\">\n\t\t\t\n\t\t\t<div class=\"row-content\" data-v-b7353816=\"\"><h4>Los procesadores\u00a0AMD Ryzen\u2122\u00a0cuentan con todas las mejores caracter\u00edsticas para mantenerte dentro del juego.<\/h4><article data-v-b7353816=\"\"><article data-v-b7353816=\"\"><p>Junto con la gran potencia de procesamiento, llegan las \u00faltimas tecnolog\u00edas que la respaldan. Todos los procesadores AMD Ryzen\u2122 serie 5000 cuentan con un conjunto completo de tecnolog\u00edas dise\u00f1adas para elevar la potencia de procesamiento de tu PC, incluidas Precision Boost 2<sup>7<\/sup>, Precision Boost Overdrive8, PCIe\u00ae 4,0 (en procesadores seleccionados) y BARRA redimensionable.<\/p><\/article><\/article><\/div>\n\t\t\t\t\t<\/div>\n\t\t\t\t<\/div>\n\t\t\t\t<\/div>\n\t\t\t\t\t<\/div>\n\t\t<\/div>\n\t\t\t\t<div class=\"elementor-column elementor-col-33 elementor-top-column elementor-element elementor-element-ec014b2\" data-id=\"ec014b2\" data-element_type=\"column\">\n\t\t\t<div class=\"elementor-widget-wrap elementor-element-populated\">\n\t\t\t\t\t\t\t\t<div class=\"elementor-element elementor-element-2b00f6c elementor-widget elementor-widget-wd_text_block\" data-id=\"2b00f6c\" data-element_type=\"widget\" data-widget_type=\"wd_text_block.default\">\n\t\t\t\t<div class=\"elementor-widget-container\">\n\t\t\t\t\t<div class=\"wd-text-block reset-last-child text-left\">\n\t\t\t\n\t\t\t<h4>Los m\u00e1s veloces del juego<sup>5<\/sup><\/h4><h5>Ya sea para jugar o crear, los procesadores\u00a0AMD Ryzen\u2122\u00a0ofrecen el m\u00e1ximo rendimiento.<\/h5><p>Los procesadores AMD Ryzen\u2122 serie 5000 est\u00e1n preparados para la pr\u00f3xima generaci\u00f3n de juegos exigentes, ya que ofrecen una experiencia inmersiva \u00fanica y dominan todas las tareas de m\u00faltiples procesos, como el renderizado de video o 3D, y la compilaci\u00f3n de software.<\/p><p>\u00a0<\/p>\n\t\t\t\t\t<\/div>\n\t\t\t\t<\/div>\n\t\t\t\t<\/div>\n\t\t\t\t\t<\/div>\n\t\t<\/div>\n\t\t\t\t<div class=\"elementor-column elementor-col-33 elementor-top-column elementor-element elementor-element-1c08e3e\" data-id=\"1c08e3e\" data-element_type=\"column\">\n\t\t\t<div class=\"elementor-widget-wrap elementor-element-populated\">\n\t\t\t\t\t\t\t\t<div class=\"elementor-element elementor-element-4fc9ac4 elementor-widget elementor-widget-wd_text_block\" data-id=\"4fc9ac4\" data-element_type=\"widget\" data-widget_type=\"wd_text_block.default\">\n\t\t\t\t<div class=\"elementor-widget-container\">\n\t\t\t\t\t<div class=\"wd-text-block reset-last-child text-left\">\n\t\t\t\n\t\t\t<p>Los procesadores AMD Ryzen\u2122 5000 serie G ofrecen los gr\u00e1ficos m\u00e1s veloces que se pueden encontrar en un procesador para computadoras de escritorio,\u00a0<sup>6<\/sup>aunque tambi\u00e9n puedes combinarlos con una tarjeta gr\u00e1fica externa para acelerar el rendimiento en los juegos.<\/p>\n\t\t\t\t\t<\/div>\n\t\t\t\t<\/div>\n\t\t\t\t<\/div>\n\t\t\t\t<div class=\"elementor-element elementor-element-015cba5 elementor-widget elementor-widget-wd_button\" data-id=\"015cba5\" data-element_type=\"widget\" data-widget_type=\"wd_button.default\">\n\t\t\t\t<div class=\"elementor-widget-container\">\n\t\t\t\t\t<div class=\"wd-button-wrapper text-center\" >\n\t\t\t<a class=\"btn btn-style-link btn-shape- btn-size-large btn-scheme-light btn-scheme-hover-dark btn-icon-pos-right\"  href=\"https:\/\/www.amd.com\/es\/product\/10471\" target=\"_blank\">\n\t\t\t\t<span class=\"wd-btn-text\" data-elementor-setting-key=\"text\">\n\t\t\t\t\tSaber m\u00e1s\t\t\t\t<\/span>\n\n\t\t\t\t\t\t\t<\/a>\n\t\t<\/div>\n\t\t\t\t<\/div>\n\t\t\t\t<\/div>\n\t\t\t\t\t<\/div>\n\t\t<\/div>\n\t\t\t\t\t\t\t<\/div>\n\t\t<\/section>\n\t\t\t\t\t\t<\/div>\n\t\t\t\t\t<\/div>\n\t\t","protected":false},"excerpt":{"rendered":"<div class=\"woocommerce-product-details__short-description\">\n<h4>Caracter\u00edsticas principales:<\/h4>\n<p>\u2022 Reloj base 3.7GHz<br \/>\n\u2022 6 N\u00facleos de CPU<br \/>\n\u2022 Socket AM4<br \/>\n\u2022 No incluye gr\u00e1ficos<\/p>\n<\/div>\n","protected":false},"featured_media":12033,"comment_status":"open","ping_status":"closed","template":"","meta":[],"product_cat":[42,98],"product_tag":[133],"class_list":["post-11871","product","type-product","status-publish","has-post-thumbnail","hentry","product_cat-procesador","product_cat-amd","product_tag-ryzen","pa_brand-amd"],"_links":{"self":[{"href":"https:\/\/tzila.mx\/dev\/wp-json\/wp\/v2\/product\/11871","targetHints":{"allow":["GET"]}}],"collection":[{"href":"https:\/\/tzila.mx\/dev\/wp-json\/wp\/v2\/product"}],"about":[{"href":"https:\/\/tzila.mx\/dev\/wp-json\/wp\/v2\/types\/product"}],"replies":[{"embeddable":true,"href":"https:\/\/tzila.mx\/dev\/wp-json\/wp\/v2\/comments?post=11871"}],"version-history":[{"count":33,"href":"https:\/\/tzila.mx\/dev\/wp-json\/wp\/v2\/product\/11871\/revisions"}],"predecessor-version":[{"id":12561,"href":"https:\/\/tzila.mx\/dev\/wp-json\/wp\/v2\/product\/11871\/revisions\/12561"}],"wp:featuredmedia":[{"embeddable":true,"href":"https:\/\/tzila.mx\/dev\/wp-json\/wp\/v2\/media\/12033"}],"wp:attachment":[{"href":"https:\/\/tzila.mx\/dev\/wp-json\/wp\/v2\/media?parent=11871"}],"wp:term":[{"taxonomy":"product_cat","embeddable":true,"href":"https:\/\/tzila.mx\/dev\/wp-json\/wp\/v2\/product_cat?post=11871"},{"taxonomy":"product_tag","embeddable":true,"href":"https:\/\/tzila.mx\/dev\/wp-json\/wp\/v2\/product_tag?post=11871"}],"curies":[{"name":"wp","href":"https:\/\/api.w.org\/{rel}","templated":true}]}}