{"id":11832,"date":"2022-03-15T18:41:20","date_gmt":"2022-03-16T00:41:20","guid":{"rendered":"https:\/\/tzila.mx\/dev\/?post_type=product&#038;p=11832"},"modified":"2022-06-16T16:11:55","modified_gmt":"2022-06-16T21:11:55","slug":"ssd-interno-xpg-sx8200-pro","status":"publish","type":"product","link":"https:\/\/tzila.mx\/dev\/producto\/ssd-interno-xpg-sx8200-pro\/","title":{"rendered":"SSD Interno XPG SX8200 Pro"},"content":{"rendered":"\t\t<div data-elementor-type=\"wp-post\" data-elementor-id=\"11832\" class=\"elementor elementor-11832\" data-elementor-settings=\"[]\">\n\t\t\t\t\t\t\t<div class=\"elementor-section-wrap\">\n\t\t\t\t\t\t\t<section class=\"elementor-section elementor-top-section elementor-element elementor-element-154fe09 elementor-section-boxed elementor-section-height-default elementor-section-height-default wd-section-disabled\" data-id=\"154fe09\" data-element_type=\"section\">\n\t\t\t\t\t\t<div class=\"elementor-container elementor-column-gap-default\">\n\t\t\t\t\t<div class=\"elementor-column elementor-col-33 elementor-top-column elementor-element elementor-element-f14913d\" data-id=\"f14913d\" data-element_type=\"column\">\n\t\t\t<div class=\"elementor-widget-wrap elementor-element-populated\">\n\t\t\t\t\t\t\t\t<div class=\"elementor-element elementor-element-3d30eaf elementor-widget elementor-widget-wd_text_block\" data-id=\"3d30eaf\" data-element_type=\"widget\" data-widget_type=\"wd_text_block.default\">\n\t\t\t\t<div class=\"elementor-widget-container\">\n\t\t\t\t\t<div class=\"wd-text-block reset-last-child text-left\">\n\t\t\t\n\t\t\t<h5><strong>M\u00c1S ESPECIFICACIONES<\/strong><strong>:<\/strong><\/h5>\n\t\t\t\t\t<\/div>\n\t\t\t\t<\/div>\n\t\t\t\t<\/div>\n\t\t\t\t<div class=\"elementor-element elementor-element-6d44079 elementor-widget elementor-widget-wd_text_block\" data-id=\"6d44079\" data-element_type=\"widget\" data-widget_type=\"wd_text_block.default\">\n\t\t\t\t<div class=\"elementor-widget-container\">\n\t\t\t\t\t<div class=\"wd-text-block reset-last-child text-left\">\n\t\t\t\n\t\t\t<p>\u25cf Unidad de estado s\u00f3lido PG SX8200 Pro PCIe Gen3x4 M.2 2280 <br \/>\u25cf Flash NAND 3D : mayor capacidad, eficiencia y confiabilidad <br \/>\u25cf ECC LDPC garantiza la integridad de los datos <br \/>\u25cf Protecci\u00f3n de datos E2E y motor RAID <br \/>\u25cf Disipador de calor Cool XPG incluido<\/p><p>\u00a0<\/p>\n\t\t\t\t\t<\/div>\n\t\t\t\t<\/div>\n\t\t\t\t<\/div>\n\t\t\t\t\t<\/div>\n\t\t<\/div>\n\t\t\t\t<div class=\"elementor-column elementor-col-66 elementor-top-column elementor-element elementor-element-1a0b71f\" data-id=\"1a0b71f\" data-element_type=\"column\">\n\t\t\t<div class=\"elementor-widget-wrap elementor-element-populated\">\n\t\t\t\t\t\t\t\t<div class=\"elementor-element elementor-element-6f6445b elementor-widget elementor-widget-wd_image_or_svg\" data-id=\"6f6445b\" data-element_type=\"widget\" data-widget_type=\"wd_image_or_svg.default\">\n\t\t\t\t<div class=\"elementor-widget-container\">\n\t\t\t\n\t\t<div class=\"wd-image text-center\">\n\t\t\t\t\t\t\t\t<img loading=\"lazy\" decoding=\"async\" width=\"1920\" height=\"648\" src=\"https:\/\/tzila.mx\/dev\/wp-content\/uploads\/2022\/03\/XPG-asx8200-ssd-5.jpg\" class=\"attachment-full size-full\" alt=\"\" srcset=\"https:\/\/tzila.mx\/dev\/wp-content\/uploads\/2022\/03\/XPG-asx8200-ssd-5.jpg 1920w, https:\/\/tzila.mx\/dev\/wp-content\/uploads\/2022\/03\/XPG-asx8200-ssd-5-400x135.jpg 400w, https:\/\/tzila.mx\/dev\/wp-content\/uploads\/2022\/03\/XPG-asx8200-ssd-5-1300x439.jpg 1300w, https:\/\/tzila.mx\/dev\/wp-content\/uploads\/2022\/03\/XPG-asx8200-ssd-5-768x259.jpg 768w, https:\/\/tzila.mx\/dev\/wp-content\/uploads\/2022\/03\/XPG-asx8200-ssd-5-1536x518.jpg 1536w, https:\/\/tzila.mx\/dev\/wp-content\/uploads\/2022\/03\/XPG-asx8200-ssd-5-860x290.jpg 860w, https:\/\/tzila.mx\/dev\/wp-content\/uploads\/2022\/03\/XPG-asx8200-ssd-5-430x145.jpg 430w, https:\/\/tzila.mx\/dev\/wp-content\/uploads\/2022\/03\/XPG-asx8200-ssd-5-700x236.jpg 700w, https:\/\/tzila.mx\/dev\/wp-content\/uploads\/2022\/03\/XPG-asx8200-ssd-5-150x51.jpg 150w\" sizes=\"auto, (max-width: 1920px) 100vw, 1920px\" \/>\t\t\t\t\t<\/div>\n\n\t\t\t\t<\/div>\n\t\t\t\t<\/div>\n\t\t\t\t\t<\/div>\n\t\t<\/div>\n\t\t\t\t\t\t\t<\/div>\n\t\t<\/section>\n\t\t\t\t<section class=\"elementor-section elementor-top-section elementor-element elementor-element-f335c48 elementor-section-boxed elementor-section-height-default elementor-section-height-default wd-section-disabled\" data-id=\"f335c48\" data-element_type=\"section\">\n\t\t\t\t\t\t<div class=\"elementor-container elementor-column-gap-default\">\n\t\t\t\t\t<div class=\"elementor-column elementor-col-33 elementor-top-column elementor-element elementor-element-b982906\" data-id=\"b982906\" data-element_type=\"column\">\n\t\t\t<div class=\"elementor-widget-wrap elementor-element-populated\">\n\t\t\t\t\t\t\t\t<div class=\"elementor-element elementor-element-ecdf1c9 elementor-widget elementor-widget-wd_text_block\" data-id=\"ecdf1c9\" data-element_type=\"widget\" data-widget_type=\"wd_text_block.default\">\n\t\t\t\t<div class=\"elementor-widget-container\">\n\t\t\t\t\t<div class=\"wd-text-block reset-last-child text-left\">\n\t\t\t\n\t\t\t<h4>NIVELAR CON UN RENDIMIENTO INCRE\u00cdBLE<\/h4><p>La SSD SX8200 Pro M.2 2280 es la SSD m\u00e1s r\u00e1pida de XGP hasta la fecha y est\u00e1 dise\u00f1ada para los apasionados inform\u00e1ticos, jugadores y expertos en aumento de la velocidad del reloj. Cuenta con una interfaz PCIe Gen3x4 ultrarr\u00e1pida que ofrece velocidades de lectura y escritura m\u00e1ximas sostenidas de 3500 MB y 3000 MB por segundo, respectivamente, que superan los 6 Gb\/s SATA por un amplio margen. Compatible con NVMe 1.3, la unidad de estado s\u00f3lido SX8200 Pro ofrece un rendimiento de lectura y escritura aleatorias excelente, as\u00ed como funcionalidades multitarea. Con el almacenamiento en cach\u00e9 SLC, un b\u00fafer de cach\u00e9 DRAM, protecci\u00f3n de datos E2E y ECC LDPC, mantiene altas velocidades e integridad de datos, incluso durante aplicaciones muy intensivas como la representaci\u00f3n de juegos y el aumento de la velocidad del reloj.<\/p>\n\t\t\t\t\t<\/div>\n\t\t\t\t<\/div>\n\t\t\t\t<\/div>\n\t\t\t\t<div class=\"elementor-element elementor-element-d99ba58 elementor-widget elementor-widget-wd_image_or_svg\" data-id=\"d99ba58\" data-element_type=\"widget\" data-widget_type=\"wd_image_or_svg.default\">\n\t\t\t\t<div class=\"elementor-widget-container\">\n\t\t\t\n\t\t<div class=\"wd-image text-center\">\n\t\t\t\t\t\t\t\t<img loading=\"lazy\" decoding=\"async\" width=\"559\" height=\"435\" src=\"https:\/\/tzila.mx\/dev\/wp-content\/uploads\/2022\/03\/XPG-asx8200-ssd-6.png\" class=\"attachment-full size-full\" alt=\"\" srcset=\"https:\/\/tzila.mx\/dev\/wp-content\/uploads\/2022\/03\/XPG-asx8200-ssd-6.png 559w, https:\/\/tzila.mx\/dev\/wp-content\/uploads\/2022\/03\/XPG-asx8200-ssd-6-386x300.png 386w, https:\/\/tzila.mx\/dev\/wp-content\/uploads\/2022\/03\/XPG-asx8200-ssd-6-430x335.png 430w, https:\/\/tzila.mx\/dev\/wp-content\/uploads\/2022\/03\/XPG-asx8200-ssd-6-150x117.png 150w\" sizes=\"auto, (max-width: 559px) 100vw, 559px\" \/>\t\t\t\t\t<\/div>\n\n\t\t\t\t<\/div>\n\t\t\t\t<\/div>\n\t\t\t\t<div class=\"elementor-element elementor-element-d1a77fd elementor-widget elementor-widget-wd_text_block\" data-id=\"d1a77fd\" data-element_type=\"widget\" data-widget_type=\"wd_text_block.default\">\n\t\t\t\t<div class=\"elementor-widget-container\">\n\t\t\t\t\t<div class=\"wd-text-block reset-last-child text-left\">\n\t\t\t\n\t\t\t<div class=\"row-content\" data-v-b7353816=\"\"><h4>ECC LDPC garantiza la integridad de los datos<\/h4><article data-v-b7353816=\"\"><article data-v-b7353816=\"\"><p>La unidad de estado s\u00f3lido SX8200 Pro admite la tecnolog\u00eda de c\u00f3digo de correcci\u00f3n de errores de comprobaci\u00f3n de paridad de baja densidad (LDPC, Low-Density Parity-Check) para detectar y corregir una gama m\u00e1s amplia de errores de datos para transferencias de datos m\u00e1s precisas y una mayor vida \u00fatil de dicha unidad de estado s\u00f3lido<\/p><\/article><\/article><\/div>\n\t\t\t\t\t<\/div>\n\t\t\t\t<\/div>\n\t\t\t\t<\/div>\n\t\t\t\t\t<\/div>\n\t\t<\/div>\n\t\t\t\t<div class=\"elementor-column elementor-col-33 elementor-top-column elementor-element elementor-element-efcf9f4\" data-id=\"efcf9f4\" data-element_type=\"column\">\n\t\t\t<div class=\"elementor-widget-wrap elementor-element-populated\">\n\t\t\t\t\t\t\t\t<div class=\"elementor-element elementor-element-4844dfc elementor-widget elementor-widget-wd_image_or_svg\" data-id=\"4844dfc\" data-element_type=\"widget\" data-widget_type=\"wd_image_or_svg.default\">\n\t\t\t\t<div class=\"elementor-widget-container\">\n\t\t\t\n\t\t<div class=\"wd-image text-center\">\n\t\t\t\t\t\t\t\t<img decoding=\"async\" src=\"https:\/\/tzila.mx\/dev\/wp-content\/uploads\/elementor\/thumbs\/XPG-asx8200-ssd-4-plxeeo4yl8uaumpwf00ckkyc1ieewbgd8jdapw96mc.jpg\" title=\"XPG-asx8200-ssd-4\" alt=\"XPG-asx8200-ssd-4\" \/>\t\t\t\t\t<\/div>\n\n\t\t\t\t<\/div>\n\t\t\t\t<\/div>\n\t\t\t\t<div class=\"elementor-element elementor-element-e32ccb0 elementor-widget elementor-widget-wd_text_block\" data-id=\"e32ccb0\" data-element_type=\"widget\" data-widget_type=\"wd_text_block.default\">\n\t\t\t\t<div class=\"elementor-widget-container\">\n\t\t\t\t\t<div class=\"wd-text-block reset-last-child text-left\">\n\t\t\t\n\t\t\t<div class=\"row-content r-side\" data-v-b7353816=\"\"><h4>Unidad de estado s\u00f3lido PG SX8200 Pro PCIe Gen3x4 M.2 2280<\/h4><article data-v-b7353816=\"\">Con almacenamiento en cach\u00e9 SLC inteligente y b\u00fafer de cach\u00e9 DRAM, la unidad de estado s\u00f3lido SX8200 Pro puede acelerar las velocidades de lectura y escritura aleatorias de 4K y secuenciales para acortar el tiempo de respuesta del sistema, que es especialmente adecuado para juegos y edici\u00f3n multimedia.<\/article><\/div>\n\t\t\t\t\t<\/div>\n\t\t\t\t<\/div>\n\t\t\t\t<\/div>\n\t\t\t\t<div class=\"elementor-element elementor-element-43fb73f elementor-widget elementor-widget-wd_text_block\" data-id=\"43fb73f\" data-element_type=\"widget\" data-widget_type=\"wd_text_block.default\">\n\t\t\t\t<div class=\"elementor-widget-container\">\n\t\t\t\t\t<div class=\"wd-text-block reset-last-child text-left\">\n\t\t\t\n\t\t\t<h4>Flash NAND 3D : mayor capacidad, eficiencia y confiabilidad<\/h4><article data-v-b7353816=\"\"><p>Construida con memoria Flash NAND 3D, la SX8200 Pro tiene capacidades de hasta 2 TB, ofrece una mayor eficiencia y es m\u00e1s confiable que las SSD 2D. Gracias al soporte de las tecnolog\u00edas de protecci\u00f3n de datos, tambi\u00e9n cuenta con un alto TBW y una excelente durabilidad para satisfacer las demandas de diversas aplicaciones.<\/p><\/article>\n\t\t\t\t\t<\/div>\n\t\t\t\t<\/div>\n\t\t\t\t<\/div>\n\t\t\t\t<div class=\"elementor-element elementor-element-189b9f2 elementor-widget elementor-widget-wd_text_block\" data-id=\"189b9f2\" data-element_type=\"widget\" data-widget_type=\"wd_text_block.default\">\n\t\t\t\t<div class=\"elementor-widget-container\">\n\t\t\t\t\t<div class=\"wd-text-block reset-last-child text-left\">\n\t\t\t\n\t\t\t<h4>Protecci\u00f3n de datos E2E y motor RAID<\/h4><article data-v-b7353816=\"\">Gracias a su compatibilidad con la protecci\u00f3n de datos E2E (extremo a extremo) y el motor RAID, la SX8200 Pro garantiza la seguridad de los datos, la integridad y ofrece una vida \u00fatil prolongada.<\/article>\n\t\t\t\t\t<\/div>\n\t\t\t\t<\/div>\n\t\t\t\t<\/div>\n\t\t\t\t\t<\/div>\n\t\t<\/div>\n\t\t\t\t<div class=\"elementor-column elementor-col-33 elementor-top-column elementor-element elementor-element-dffdc91\" data-id=\"dffdc91\" data-element_type=\"column\">\n\t\t\t<div class=\"elementor-widget-wrap elementor-element-populated\">\n\t\t\t\t\t\t\t\t<div class=\"elementor-element elementor-element-92b92dc elementor-widget elementor-widget-wd_text_block\" data-id=\"92b92dc\" data-element_type=\"widget\" data-widget_type=\"wd_text_block.default\">\n\t\t\t\t<div class=\"elementor-widget-container\">\n\t\t\t\t\t<div class=\"wd-text-block reset-last-child text-left\">\n\t\t\t\n\t\t\t<h4>Experimente una velocidad impresionante<\/h4><article data-v-b7353816=\"\"><p>\u25cf Interfaz PCIe Gen3x4 r\u00e1pida : lectura y escritura de hasta <a id=\"dceLink-1\" class=\"dcelink\" href=\"avaya-agent-call:\/\/call?to=+35003000\">3500\/3000<\/a> MB\/s<br \/>\u25cf Compatibilidad con NVMe 1.3<br \/>\u25cf Flash NAND 3D de nueva generaci\u00f3n : Mayor capacidad, durabilidad y eficiencia energ\u00e9tica<br \/>\u25cf Factor de forma M.2 2280 : admite equipos de sobremesa y port\u00e1tiles con las plataformas de Intel y AMD m\u00e1s recientes<br \/>\u25cf Dise\u00f1ada para jugadores exigentes, apasionados inform\u00e1ticos, expertos en aumento de la velocidad del reloj y productores de contenido de v\u00eddeo<\/p><\/article>\n\t\t\t\t\t<\/div>\n\t\t\t\t<\/div>\n\t\t\t\t<\/div>\n\t\t\t\t<div class=\"elementor-element elementor-element-58d59e5 elementor-widget elementor-widget-wd_image_or_svg\" data-id=\"58d59e5\" data-element_type=\"widget\" data-widget_type=\"wd_image_or_svg.default\">\n\t\t\t\t<div class=\"elementor-widget-container\">\n\t\t\t\n\t\t<div class=\"wd-image text-center\">\n\t\t\t\t\t\t\t\t<img decoding=\"async\" src=\"https:\/\/tzila.mx\/dev\/wp-content\/uploads\/elementor\/thumbs\/XPG-asx8200-ssd-7-plxef28jfrdlos5f4o3r3ze8yagx3s0cah5kx1oa10.png\" title=\"XPG-asx8200-ssd-7\" alt=\"XPG-asx8200-ssd-7\" \/>\t\t\t\t\t<\/div>\n\n\t\t\t\t<\/div>\n\t\t\t\t<\/div>\n\t\t\t\t<div class=\"elementor-element elementor-element-8b356eb elementor-widget elementor-widget-wd_text_block\" data-id=\"8b356eb\" data-element_type=\"widget\" data-widget_type=\"wd_text_block.default\">\n\t\t\t\t<div class=\"elementor-widget-container\">\n\t\t\t\t\t<div class=\"wd-text-block reset-last-child text-left\">\n\t\t\t\n\t\t\t<h4>Respaldo de una garant\u00eda de 5 a\u00f1os<\/h4><article data-v-b7353816=\"\">Todos los componentes de la unidad de estado s\u00f3lido SX8200 Pro han superado las meticulosas revisiones, pruebas y certificaciones.<br \/>Adem\u00e1s, cuenta con el respaldo de una garant\u00eda de 5 a\u00f1os.<\/article>\n\t\t\t\t\t<\/div>\n\t\t\t\t<\/div>\n\t\t\t\t<\/div>\n\t\t\t\t<div class=\"elementor-element elementor-element-e16cdcd elementor-widget elementor-widget-wd_text_block\" data-id=\"e16cdcd\" data-element_type=\"widget\" data-widget_type=\"wd_text_block.default\">\n\t\t\t\t<div class=\"elementor-widget-container\">\n\t\t\t\t\t<div class=\"wd-text-block reset-last-child text-left\">\n\t\t\t\n\t\t\t<h4>Disipador de calor Cool XPG incluido<\/h4><article data-v-b7353816=\"\">La caja del SX8200 Pro tiene un elegante disipador de calor XPG negro con compuesto t\u00e9rmico pre-aplicado en el interior para mayor facilidad de montaje. Con o sin disipador de calor: la elecci\u00f3n es suya, ya que el SX6000 se ve muy bien en cualquiera de las versiones.<\/article>\n\t\t\t\t\t<\/div>\n\t\t\t\t<\/div>\n\t\t\t\t<\/div>\n\t\t\t\t<div class=\"elementor-element elementor-element-918d89e elementor-widget elementor-widget-wd_button\" data-id=\"918d89e\" data-element_type=\"widget\" data-widget_type=\"wd_button.default\">\n\t\t\t\t<div class=\"elementor-widget-container\">\n\t\t\t\t\t<div class=\"wd-button-wrapper text-center\" >\n\t\t\t<a class=\"btn btn-style-link btn-shape- btn-size-large btn-scheme-light btn-scheme-hover-dark btn-icon-pos-right\"  href=\"https:\/\/webapi3.adata.com\/storage\/downloadfile\/datasheet_xpg_sx8200_pro_en_20190719.pdf\" target=\"_blank\">\n\t\t\t\t<span class=\"wd-btn-text\" data-elementor-setting-key=\"text\">\n\t\t\t\t\tSaber m\u00e1s\t\t\t\t<\/span>\n\n\t\t\t\t\t\t\t<\/a>\n\t\t<\/div>\n\t\t\t\t<\/div>\n\t\t\t\t<\/div>\n\t\t\t\t\t<\/div>\n\t\t<\/div>\n\t\t\t\t\t\t\t<\/div>\n\t\t<\/section>\n\t\t\t\t\t\t<\/div>\n\t\t\t\t\t<\/div>\n\t\t","protected":false},"excerpt":{"rendered":"<h4>Caracter\u00edsticas principales:<\/h4>\n<p class=\"p1\"><span class=\"s1\">\u25cf<\/span><span class=\"s2\"> SSD interno de hasta 2TB de capacidad<\/span><br \/>\n<span class=\"s1\">\u25cf <span id=\"page3R_mcid35\" class=\"markedContent\"><span dir=\"ltr\" role=\"presentation\">PCIe Gen3<\/span><span dir=\"ltr\" role=\"presentation\">x<\/span><span dir=\"ltr\" role=\"presentation\">4<\/span><\/span><\/span><br \/>\n<span class=\"s1\">\u25cf <\/span>M.2 2280<br \/>\n<span class=\"s1\">\u25cf<\/span><span class=\"s2\"> Lectura\/Escritura: hasta 35<span id=\"page3R_mcid18\" class=\"markedContent\"><span dir=\"ltr\" role=\"presentation\">00\/30<\/span><span dir=\"ltr\" role=\"presentation\">0<\/span><span dir=\"ltr\" role=\"presentation\">0<\/span><span dir=\"ltr\" role=\"presentation\">MB\/s<\/span><\/span><\/span><\/p>\n<p>&nbsp;<\/p>\n","protected":false},"featured_media":11834,"comment_status":"open","ping_status":"closed","template":"","meta":[],"product_cat":[20,77,97],"product_tag":[112],"class_list":["post-11832","product","type-product","status-publish","has-post-thumbnail","hentry","product_cat-hardware","product_cat-ssd-interno","product_cat-adata","product_tag-xpg","pa_brand-adata"],"_links":{"self":[{"href":"https:\/\/tzila.mx\/dev\/wp-json\/wp\/v2\/product\/11832","targetHints":{"allow":["GET"]}}],"collection":[{"href":"https:\/\/tzila.mx\/dev\/wp-json\/wp\/v2\/product"}],"about":[{"href":"https:\/\/tzila.mx\/dev\/wp-json\/wp\/v2\/types\/product"}],"replies":[{"embeddable":true,"href":"https:\/\/tzila.mx\/dev\/wp-json\/wp\/v2\/comments?post=11832"}],"version-history":[{"count":5,"href":"https:\/\/tzila.mx\/dev\/wp-json\/wp\/v2\/product\/11832\/revisions"}],"predecessor-version":[{"id":12493,"href":"https:\/\/tzila.mx\/dev\/wp-json\/wp\/v2\/product\/11832\/revisions\/12493"}],"wp:featuredmedia":[{"embeddable":true,"href":"https:\/\/tzila.mx\/dev\/wp-json\/wp\/v2\/media\/11834"}],"wp:attachment":[{"href":"https:\/\/tzila.mx\/dev\/wp-json\/wp\/v2\/media?parent=11832"}],"wp:term":[{"taxonomy":"product_cat","embeddable":true,"href":"https:\/\/tzila.mx\/dev\/wp-json\/wp\/v2\/product_cat?post=11832"},{"taxonomy":"product_tag","embeddable":true,"href":"https:\/\/tzila.mx\/dev\/wp-json\/wp\/v2\/product_tag?post=11832"}],"curies":[{"name":"wp","href":"https:\/\/api.w.org\/{rel}","templated":true}]}}