{"id":11790,"date":"2022-03-15T17:15:25","date_gmt":"2022-03-15T23:15:25","guid":{"rendered":"https:\/\/tzila.mx\/dev\/?post_type=product&#038;p=11790"},"modified":"2022-06-16T16:12:32","modified_gmt":"2022-06-16T21:12:32","slug":"ssd-interno-xpg-spectrix-s40g-rgb","status":"publish","type":"product","link":"https:\/\/tzila.mx\/dev\/producto\/ssd-interno-xpg-spectrix-s40g-rgb\/","title":{"rendered":"SSD Interno XPG SPECTRIX S40G RGB"},"content":{"rendered":"\t\t<div data-elementor-type=\"wp-post\" data-elementor-id=\"11790\" class=\"elementor elementor-11790\" data-elementor-settings=\"[]\">\n\t\t\t\t\t\t\t<div class=\"elementor-section-wrap\">\n\t\t\t\t\t\t\t<section class=\"elementor-section elementor-top-section elementor-element elementor-element-154fe09 elementor-section-boxed elementor-section-height-default elementor-section-height-default wd-section-disabled\" data-id=\"154fe09\" data-element_type=\"section\">\n\t\t\t\t\t\t<div class=\"elementor-container elementor-column-gap-default\">\n\t\t\t\t\t<div class=\"elementor-column elementor-col-33 elementor-top-column elementor-element elementor-element-f14913d\" data-id=\"f14913d\" data-element_type=\"column\">\n\t\t\t<div class=\"elementor-widget-wrap elementor-element-populated\">\n\t\t\t\t\t\t\t\t<div class=\"elementor-element elementor-element-3d30eaf elementor-widget elementor-widget-wd_text_block\" data-id=\"3d30eaf\" data-element_type=\"widget\" data-widget_type=\"wd_text_block.default\">\n\t\t\t\t<div class=\"elementor-widget-container\">\n\t\t\t\t\t<div class=\"wd-text-block reset-last-child text-left\">\n\t\t\t\n\t\t\t<h5><strong>M\u00c1S ESPECIFICACIONES<\/strong><strong>:<\/strong><\/h5>\n\t\t\t\t\t<\/div>\n\t\t\t\t<\/div>\n\t\t\t\t<\/div>\n\t\t\t\t<div class=\"elementor-element elementor-element-6d44079 elementor-widget elementor-widget-wd_text_block\" data-id=\"6d44079\" data-element_type=\"widget\" data-widget_type=\"wd_text_block.default\">\n\t\t\t\t<div class=\"elementor-widget-container\">\n\t\t\t\t\t<div class=\"wd-text-block reset-last-child text-left\">\n\t\t\t\n\t\t\t<p>\u25cf RGB a Su manera<\/p><p>\u25cf Velocidades sin paralelo<\/p><p>\u25cf Seguridad e integridad de los datos<\/p><p>\u25cf Respaldo de una garant\u00eda de 5 a\u00f1os<\/p>\n\t\t\t\t\t<\/div>\n\t\t\t\t<\/div>\n\t\t\t\t<\/div>\n\t\t\t\t\t<\/div>\n\t\t<\/div>\n\t\t\t\t<div class=\"elementor-column elementor-col-66 elementor-top-column elementor-element elementor-element-1a0b71f\" data-id=\"1a0b71f\" data-element_type=\"column\">\n\t\t\t<div class=\"elementor-widget-wrap elementor-element-populated\">\n\t\t\t\t\t\t\t\t<div class=\"elementor-element elementor-element-6f6445b elementor-widget elementor-widget-wd_image_or_svg\" data-id=\"6f6445b\" data-element_type=\"widget\" data-widget_type=\"wd_image_or_svg.default\">\n\t\t\t\t<div class=\"elementor-widget-container\">\n\t\t\t\n\t\t<div class=\"wd-image text-center\">\n\t\t\t\t\t\t\t\t<img loading=\"lazy\" decoding=\"async\" width=\"1920\" height=\"648\" src=\"https:\/\/tzila.mx\/dev\/wp-content\/uploads\/2022\/03\/XPG-gammix-s40g-ssd-8.jpg\" class=\"attachment-full size-full\" alt=\"\" srcset=\"https:\/\/tzila.mx\/dev\/wp-content\/uploads\/2022\/03\/XPG-gammix-s40g-ssd-8.jpg 1920w, https:\/\/tzila.mx\/dev\/wp-content\/uploads\/2022\/03\/XPG-gammix-s40g-ssd-8-400x135.jpg 400w, https:\/\/tzila.mx\/dev\/wp-content\/uploads\/2022\/03\/XPG-gammix-s40g-ssd-8-1300x439.jpg 1300w, https:\/\/tzila.mx\/dev\/wp-content\/uploads\/2022\/03\/XPG-gammix-s40g-ssd-8-768x259.jpg 768w, https:\/\/tzila.mx\/dev\/wp-content\/uploads\/2022\/03\/XPG-gammix-s40g-ssd-8-1536x518.jpg 1536w, https:\/\/tzila.mx\/dev\/wp-content\/uploads\/2022\/03\/XPG-gammix-s40g-ssd-8-860x290.jpg 860w, https:\/\/tzila.mx\/dev\/wp-content\/uploads\/2022\/03\/XPG-gammix-s40g-ssd-8-430x145.jpg 430w, https:\/\/tzila.mx\/dev\/wp-content\/uploads\/2022\/03\/XPG-gammix-s40g-ssd-8-700x236.jpg 700w, https:\/\/tzila.mx\/dev\/wp-content\/uploads\/2022\/03\/XPG-gammix-s40g-ssd-8-150x51.jpg 150w\" sizes=\"auto, (max-width: 1920px) 100vw, 1920px\" \/>\t\t\t\t\t<\/div>\n\n\t\t\t\t<\/div>\n\t\t\t\t<\/div>\n\t\t\t\t\t<\/div>\n\t\t<\/div>\n\t\t\t\t\t\t\t<\/div>\n\t\t<\/section>\n\t\t\t\t<section class=\"elementor-section elementor-top-section elementor-element elementor-element-f335c48 elementor-section-boxed elementor-section-height-default elementor-section-height-default wd-section-disabled\" data-id=\"f335c48\" data-element_type=\"section\">\n\t\t\t\t\t\t<div class=\"elementor-container elementor-column-gap-default\">\n\t\t\t\t\t<div class=\"elementor-column elementor-col-33 elementor-top-column elementor-element elementor-element-b982906\" data-id=\"b982906\" data-element_type=\"column\">\n\t\t\t<div class=\"elementor-widget-wrap elementor-element-populated\">\n\t\t\t\t\t\t\t\t<div class=\"elementor-element elementor-element-ecdf1c9 elementor-widget elementor-widget-wd_text_block\" data-id=\"ecdf1c9\" data-element_type=\"widget\" data-widget_type=\"wd_text_block.default\">\n\t\t\t\t<div class=\"elementor-widget-container\">\n\t\t\t\t\t<div class=\"wd-text-block reset-last-child text-left\">\n\t\t\t\n\t\t\t<h4>BRILLAR EN TODO SU ESPLENDOR<\/h4><p>Con velocidades de lectura y escritura sostenidas de hasta 3500\/3000 MB por segundo, iluminaci\u00f3n RGB personalizable y una gran cantidad de caracter\u00edsticas que mejoran el rendimiento, la unidad XPG SPECTRIX S40G no deja lugar a dudas para aquellos que buscan un rendimiento espectacular y una fiabilidad excepcional.<\/p>\n\t\t\t\t\t<\/div>\n\t\t\t\t<\/div>\n\t\t\t\t<\/div>\n\t\t\t\t<div class=\"elementor-element elementor-element-d99ba58 elementor-widget elementor-widget-wd_image_or_svg\" data-id=\"d99ba58\" data-element_type=\"widget\" data-widget_type=\"wd_image_or_svg.default\">\n\t\t\t\t<div class=\"elementor-widget-container\">\n\t\t\t\n\t\t<div class=\"wd-image text-center\">\n\t\t\t\t\t\t\t\t<img decoding=\"async\" src=\"https:\/\/tzila.mx\/dev\/wp-content\/uploads\/elementor\/thumbs\/XPG-gammix-s40g-ssd-5-plxaj6v4g9wk1pbkvpjbks1yp5vmp7q9e6dh1r29xg.jpg\" title=\"XPG-gammix-s40g-ssd-5\" alt=\"XPG-gammix-s40g-ssd-5\" \/>\t\t\t\t\t<\/div>\n\n\t\t\t\t<\/div>\n\t\t\t\t<\/div>\n\t\t\t\t<div class=\"elementor-element elementor-element-92b92dc elementor-widget elementor-widget-wd_text_block\" data-id=\"92b92dc\" data-element_type=\"widget\" data-widget_type=\"wd_text_block.default\">\n\t\t\t\t<div class=\"elementor-widget-container\">\n\t\t\t\t\t<div class=\"wd-text-block reset-last-child text-left\">\n\t\t\t\n\t\t\t<h4>RGB a Su manera<\/h4><article data-v-b7353816=\"\"><p>\u00a1Personalice su experiencia de juego con efectos de iluminaci\u00f3n RGB programables! Configure patrones, velocidad de pulso, intensidad de iluminaci\u00f3n y modos preajustados. El control es sencillo con el software de control RGB de XPG. Para un uso sencillo, la S40G es compatible<sup>1<\/sup> con la mayor\u00eda de placas base de todas las principales marcas.<\/p><\/article>\n\t\t\t\t\t<\/div>\n\t\t\t\t<\/div>\n\t\t\t\t<\/div>\n\t\t\t\t\t<\/div>\n\t\t<\/div>\n\t\t\t\t<div class=\"elementor-column elementor-col-33 elementor-top-column elementor-element elementor-element-efcf9f4\" data-id=\"efcf9f4\" data-element_type=\"column\">\n\t\t\t<div class=\"elementor-widget-wrap elementor-element-populated\">\n\t\t\t\t\t\t\t\t<div class=\"elementor-element elementor-element-e32ccb0 elementor-widget elementor-widget-wd_text_block\" data-id=\"e32ccb0\" data-element_type=\"widget\" data-widget_type=\"wd_text_block.default\">\n\t\t\t\t<div class=\"elementor-widget-container\">\n\t\t\t\t\t<div class=\"wd-text-block reset-last-child text-left\">\n\t\t\t\n\t\t\t<div class=\"row-content r-side\" data-v-b7353816=\"\"><h4>Velocidades sin paralelo<\/h4><article data-v-b7353816=\"\">La unidad S40G es compatible con el est\u00e1ndar NVMe y utiliza la interfaz PCIe Gen3x4 de alta velocidad que le permite disfrutar de velocidades de lectura y escritura sostenidas de hasta 3500\/3000 MB por segundo. Adem\u00e1s, gracias a la memoria flash 3D de pr\u00f3xima generaci\u00f3n, ofrece un gran avance en cuanto a capacidad, eficiencia y durabilidad. Asimismo, con la especificaci\u00f3n M.2 2280, es compatible con las plataformas de Intel<sup>\u00ae<\/sup> y AMD m\u00e1s recientes. Estas funcionalidades hacen que S40G sea la unidad ideal para jugadores, entusiastas de PC, usuarios que les gusta aumentar la velocidad del reloj y profesionales de dise\u00f1o gr\u00e1fico.<\/article><\/div>\n\t\t\t\t\t<\/div>\n\t\t\t\t<\/div>\n\t\t\t\t<\/div>\n\t\t\t\t<div class=\"elementor-element elementor-element-4844dfc elementor-widget elementor-widget-wd_image_or_svg\" data-id=\"4844dfc\" data-element_type=\"widget\" data-widget_type=\"wd_image_or_svg.default\">\n\t\t\t\t<div class=\"elementor-widget-container\">\n\t\t\t\n\t\t<div class=\"wd-image text-center\">\n\t\t\t\t\t\t\t\t<img decoding=\"async\" src=\"https:\/\/tzila.mx\/dev\/wp-content\/uploads\/elementor\/thumbs\/XPG-gammix-s40g-ssd-4-plxaj41lvrsp2vfoc6bfvarkx09j24f2dsf0lx6gg4.jpg\" title=\"XPG-gammix-s40g-ssd-4\" alt=\"XPG-gammix-s40g-ssd-4\" \/>\t\t\t\t\t<\/div>\n\n\t\t\t\t<\/div>\n\t\t\t\t<\/div>\n\t\t\t\t<div class=\"elementor-element elementor-element-43fb73f elementor-widget elementor-widget-wd_text_block\" data-id=\"43fb73f\" data-element_type=\"widget\" data-widget_type=\"wd_text_block.default\">\n\t\t\t\t<div class=\"elementor-widget-container\">\n\t\t\t\t\t<div class=\"wd-text-block reset-last-child text-left\">\n\t\t\t\n\t\t\t<h4>En busca de la eficiencia<\/h4><article data-v-b7353816=\"\"><p>Con la interfaz PCIe Gen3x4, el almacenamiento en cach\u00e9 SLC y el b\u00fafer de memoria DRAM, la unidad S40G alcanza velocidades de lectura\/escritura sostenidas de hasta 3500\/3000 MB por segundo y un rendimiento aleatorio de hasta 300K\/240K operaciones de IOPS de lectura\/escritura.<\/p><\/article>\n\t\t\t\t\t<\/div>\n\t\t\t\t<\/div>\n\t\t\t\t<\/div>\n\t\t\t\t\t<\/div>\n\t\t<\/div>\n\t\t\t\t<div class=\"elementor-column elementor-col-33 elementor-top-column elementor-element elementor-element-dffdc91\" data-id=\"dffdc91\" data-element_type=\"column\">\n\t\t\t<div class=\"elementor-widget-wrap elementor-element-populated\">\n\t\t\t\t\t\t\t\t<div class=\"elementor-element elementor-element-d1a77fd elementor-widget elementor-widget-wd_text_block\" data-id=\"d1a77fd\" data-element_type=\"widget\" data-widget_type=\"wd_text_block.default\">\n\t\t\t\t<div class=\"elementor-widget-container\">\n\t\t\t\t\t<div class=\"wd-text-block reset-last-child text-left\">\n\t\t\t\n\t\t\t<div class=\"row-content\" data-v-b7353816=\"\"><h4>Seguridad e integridad de los datos<\/h4><article data-v-b7353816=\"\"><article data-v-b7353816=\"\"><p>La unidad S40G es compatible con la tecnolog\u00eda de c\u00f3digo de correcci\u00f3n de errores LDPC (Low-Density Parity-Check, es decir, Comprobaci\u00f3n de paridad de baja densidad) para detectar y corregir una gama m\u00e1s amplia de errores de datos para transferencias de datos m\u00e1s precisas y una vida \u00fatil m\u00e1s larga de la unidad de estado s\u00f3lido. Adem\u00e1s, con el cifrado AES de 256 bits, la unidad S40G garantiza la seguridad e integridad de los datos.<\/p><\/article><\/article><\/div>\n\t\t\t\t\t<\/div>\n\t\t\t\t<\/div>\n\t\t\t\t<\/div>\n\t\t\t\t<div class=\"elementor-element elementor-element-58d59e5 elementor-widget elementor-widget-wd_image_or_svg\" data-id=\"58d59e5\" data-element_type=\"widget\" data-widget_type=\"wd_image_or_svg.default\">\n\t\t\t\t<div class=\"elementor-widget-container\">\n\t\t\t\n\t\t<div class=\"wd-image text-center\">\n\t\t\t\t\t\t\t\t<img decoding=\"async\" src=\"https:\/\/tzila.mx\/dev\/wp-content\/uploads\/elementor\/thumbs\/XPG-gammix-s40g-ssd-7-plxajfbo5s84y6zaib6yp7x41mpxmhnufc8ud8pqdg.png\" title=\"XPG-gammix-s40g-ssd-7\" alt=\"XPG-gammix-s40g-ssd-7\" \/>\t\t\t\t\t<\/div>\n\n\t\t\t\t<\/div>\n\t\t\t\t<\/div>\n\t\t\t\t<div class=\"elementor-element elementor-element-189b9f2 elementor-widget elementor-widget-wd_text_block\" data-id=\"189b9f2\" data-element_type=\"widget\" data-widget_type=\"wd_text_block.default\">\n\t\t\t\t<div class=\"elementor-widget-container\">\n\t\t\t\t\t<div class=\"wd-text-block reset-last-child text-left\">\n\t\t\t\n\t\t\t<h4>Respaldo de una garant\u00eda de 5 a\u00f1os<\/h4><article data-v-b7353816=\"\">Todos los componentes de la unidad de estado s\u00f3lido S40G han superado las meticulosas revisiones, pruebas y certificaciones. Adem\u00e1s, cuenta con el respaldo de una garant\u00eda de 5 a\u00f1os.<\/article>\n\t\t\t\t\t<\/div>\n\t\t\t\t<\/div>\n\t\t\t\t<\/div>\n\t\t\t\t<div class=\"elementor-element elementor-element-918d89e elementor-widget elementor-widget-wd_button\" data-id=\"918d89e\" data-element_type=\"widget\" data-widget_type=\"wd_button.default\">\n\t\t\t\t<div class=\"elementor-widget-container\">\n\t\t\t\t\t<div class=\"wd-button-wrapper text-center\" >\n\t\t\t<a class=\"btn btn-style-link btn-shape- btn-size-large btn-scheme-light btn-scheme-hover-dark btn-icon-pos-right\"  href=\"https:\/\/webapi3.adata.com\/storage\/downloadfile\/Datasheet_XPG%20SPECTRIX%20S40G%20_EN_202005.pdf\" target=\"_blank\">\n\t\t\t\t<span class=\"wd-btn-text\" data-elementor-setting-key=\"text\">\n\t\t\t\t\tSaber m\u00e1s\t\t\t\t<\/span>\n\n\t\t\t\t\t\t\t<\/a>\n\t\t<\/div>\n\t\t\t\t<\/div>\n\t\t\t\t<\/div>\n\t\t\t\t\t<\/div>\n\t\t<\/div>\n\t\t\t\t\t\t\t<\/div>\n\t\t<\/section>\n\t\t\t\t\t\t<\/div>\n\t\t\t\t\t<\/div>\n\t\t","protected":false},"excerpt":{"rendered":"<h4>Caracter\u00edsticas principales:<\/h4>\n<p class=\"p1\"><span class=\"s1\">\u25cf<\/span><span class=\"s2\"> SSD interno de hasta 4TB de capacidad<\/span><br \/>\n<span class=\"s1\">\u25cf <span id=\"page3R_mcid35\" class=\"markedContent\"><span dir=\"ltr\" role=\"presentation\">PCIe Gen3<\/span><span dir=\"ltr\" role=\"presentation\">x<\/span><span dir=\"ltr\" role=\"presentation\">4<\/span><\/span><\/span><br \/>\n<span class=\"s1\">\u25cf <\/span>M.2 2280<br \/>\n<span class=\"s1\">\u25cf<\/span><span class=\"s2\"> Lectura\/Escritura: hasta 35<span id=\"page3R_mcid18\" class=\"markedContent\"><span dir=\"ltr\" role=\"presentation\">00\/30<\/span><span dir=\"ltr\" role=\"presentation\">0<\/span><span dir=\"ltr\" role=\"presentation\">0<\/span><span dir=\"ltr\" role=\"presentation\">MB\/s<\/span><\/span><\/span><br \/>\n<span class=\"s1\">\u25cf<\/span><span class=\"s2\"> RGB personalizable<\/span><\/p>\n<p>&nbsp;<\/p>\n","protected":false},"featured_media":11792,"comment_status":"open","ping_status":"closed","template":"","meta":[],"product_cat":[20,77,97],"product_tag":[112],"class_list":["post-11790","product","type-product","status-publish","has-post-thumbnail","hentry","product_cat-hardware","product_cat-ssd-interno","product_cat-adata","product_tag-xpg","pa_brand-adata"],"_links":{"self":[{"href":"https:\/\/tzila.mx\/dev\/wp-json\/wp\/v2\/product\/11790","targetHints":{"allow":["GET"]}}],"collection":[{"href":"https:\/\/tzila.mx\/dev\/wp-json\/wp\/v2\/product"}],"about":[{"href":"https:\/\/tzila.mx\/dev\/wp-json\/wp\/v2\/types\/product"}],"replies":[{"embeddable":true,"href":"https:\/\/tzila.mx\/dev\/wp-json\/wp\/v2\/comments?post=11790"}],"version-history":[{"count":8,"href":"https:\/\/tzila.mx\/dev\/wp-json\/wp\/v2\/product\/11790\/revisions"}],"predecessor-version":[{"id":12490,"href":"https:\/\/tzila.mx\/dev\/wp-json\/wp\/v2\/product\/11790\/revisions\/12490"}],"wp:featuredmedia":[{"embeddable":true,"href":"https:\/\/tzila.mx\/dev\/wp-json\/wp\/v2\/media\/11792"}],"wp:attachment":[{"href":"https:\/\/tzila.mx\/dev\/wp-json\/wp\/v2\/media?parent=11790"}],"wp:term":[{"taxonomy":"product_cat","embeddable":true,"href":"https:\/\/tzila.mx\/dev\/wp-json\/wp\/v2\/product_cat?post=11790"},{"taxonomy":"product_tag","embeddable":true,"href":"https:\/\/tzila.mx\/dev\/wp-json\/wp\/v2\/product_tag?post=11790"}],"curies":[{"name":"wp","href":"https:\/\/api.w.org\/{rel}","templated":true}]}}