{"id":11707,"date":"2022-03-15T14:26:59","date_gmt":"2022-03-15T20:26:59","guid":{"rendered":"https:\/\/tzila.mx\/dev\/?post_type=product&#038;p=11707"},"modified":"2022-06-16T16:14:07","modified_gmt":"2022-06-16T21:14:07","slug":"ssd-interno-xpg-gammix-s41","status":"publish","type":"product","link":"https:\/\/tzila.mx\/dev\/producto\/ssd-interno-xpg-gammix-s41\/","title":{"rendered":"SSD Interno XPG GAMMIX S41"},"content":{"rendered":"\t\t<div data-elementor-type=\"wp-post\" data-elementor-id=\"11707\" class=\"elementor elementor-11707\" data-elementor-settings=\"[]\">\n\t\t\t\t\t\t\t<div class=\"elementor-section-wrap\">\n\t\t\t\t\t\t\t<section class=\"elementor-section elementor-top-section elementor-element elementor-element-154fe09 elementor-section-boxed elementor-section-height-default elementor-section-height-default wd-section-disabled\" data-id=\"154fe09\" data-element_type=\"section\">\n\t\t\t\t\t\t<div class=\"elementor-container elementor-column-gap-default\">\n\t\t\t\t\t<div class=\"elementor-column elementor-col-33 elementor-top-column elementor-element elementor-element-f14913d\" data-id=\"f14913d\" data-element_type=\"column\">\n\t\t\t<div class=\"elementor-widget-wrap elementor-element-populated\">\n\t\t\t\t\t\t\t\t<div class=\"elementor-element elementor-element-3d30eaf elementor-widget elementor-widget-wd_text_block\" data-id=\"3d30eaf\" data-element_type=\"widget\" data-widget_type=\"wd_text_block.default\">\n\t\t\t\t<div class=\"elementor-widget-container\">\n\t\t\t\t\t<div class=\"wd-text-block reset-last-child text-left\">\n\t\t\t\n\t\t\t<h5><strong>M\u00c1S ESPECIFICACIONES<\/strong><strong>:<\/strong><\/h5>\n\t\t\t\t\t<\/div>\n\t\t\t\t<\/div>\n\t\t\t\t<\/div>\n\t\t\t\t<div class=\"elementor-element elementor-element-6d44079 elementor-widget elementor-widget-wd_text_block\" data-id=\"6d44079\" data-element_type=\"widget\" data-widget_type=\"wd_text_block.default\">\n\t\t\t\t<div class=\"elementor-widget-container\">\n\t\t\t\t\t<div class=\"wd-text-block reset-last-child text-left\">\n\t\t\t\n\t\t\t<p>\u25cf Certificaci\u00f3n de Juegos TUF<\/p><p>\u25cf M\u00e1ximo Desempe\u00f1o<\/p><p>\u25cf Resistente y de larga duraci\u00f3n<\/p><p>\u25cf 5 a\u00f1os de garant\u00eda<\/p>\n\t\t\t\t\t<\/div>\n\t\t\t\t<\/div>\n\t\t\t\t<\/div>\n\t\t\t\t\t<\/div>\n\t\t<\/div>\n\t\t\t\t<div class=\"elementor-column elementor-col-66 elementor-top-column elementor-element elementor-element-1a0b71f\" data-id=\"1a0b71f\" data-element_type=\"column\">\n\t\t\t<div class=\"elementor-widget-wrap elementor-element-populated\">\n\t\t\t\t\t\t\t\t<div class=\"elementor-element elementor-element-6f6445b elementor-widget elementor-widget-wd_image_or_svg\" data-id=\"6f6445b\" data-element_type=\"widget\" data-widget_type=\"wd_image_or_svg.default\">\n\t\t\t\t<div class=\"elementor-widget-container\">\n\t\t\t\n\t\t<div class=\"wd-image text-center\">\n\t\t\t\t\t\t\t\t<img loading=\"lazy\" decoding=\"async\" width=\"1920\" height=\"648\" src=\"https:\/\/tzila.mx\/dev\/wp-content\/uploads\/2022\/03\/XPG-gammix-s41-ssd-9.jpg\" class=\"attachment-full size-full\" alt=\"\" srcset=\"https:\/\/tzila.mx\/dev\/wp-content\/uploads\/2022\/03\/XPG-gammix-s41-ssd-9.jpg 1920w, https:\/\/tzila.mx\/dev\/wp-content\/uploads\/2022\/03\/XPG-gammix-s41-ssd-9-400x135.jpg 400w, https:\/\/tzila.mx\/dev\/wp-content\/uploads\/2022\/03\/XPG-gammix-s41-ssd-9-1300x439.jpg 1300w, https:\/\/tzila.mx\/dev\/wp-content\/uploads\/2022\/03\/XPG-gammix-s41-ssd-9-768x259.jpg 768w, https:\/\/tzila.mx\/dev\/wp-content\/uploads\/2022\/03\/XPG-gammix-s41-ssd-9-1536x518.jpg 1536w, https:\/\/tzila.mx\/dev\/wp-content\/uploads\/2022\/03\/XPG-gammix-s41-ssd-9-860x290.jpg 860w, https:\/\/tzila.mx\/dev\/wp-content\/uploads\/2022\/03\/XPG-gammix-s41-ssd-9-430x145.jpg 430w, https:\/\/tzila.mx\/dev\/wp-content\/uploads\/2022\/03\/XPG-gammix-s41-ssd-9-700x236.jpg 700w, https:\/\/tzila.mx\/dev\/wp-content\/uploads\/2022\/03\/XPG-gammix-s41-ssd-9-150x51.jpg 150w\" sizes=\"auto, (max-width: 1920px) 100vw, 1920px\" \/>\t\t\t\t\t<\/div>\n\n\t\t\t\t<\/div>\n\t\t\t\t<\/div>\n\t\t\t\t\t<\/div>\n\t\t<\/div>\n\t\t\t\t\t\t\t<\/div>\n\t\t<\/section>\n\t\t\t\t<section class=\"elementor-section elementor-top-section elementor-element elementor-element-f335c48 elementor-section-boxed elementor-section-height-default elementor-section-height-default wd-section-disabled\" data-id=\"f335c48\" data-element_type=\"section\">\n\t\t\t\t\t\t<div class=\"elementor-container elementor-column-gap-default\">\n\t\t\t\t\t<div class=\"elementor-column elementor-col-33 elementor-top-column elementor-element elementor-element-b982906\" data-id=\"b982906\" data-element_type=\"column\">\n\t\t\t<div class=\"elementor-widget-wrap elementor-element-populated\">\n\t\t\t\t\t\t\t\t<div class=\"elementor-element elementor-element-ecdf1c9 elementor-widget elementor-widget-wd_text_block\" data-id=\"ecdf1c9\" data-element_type=\"widget\" data-widget_type=\"wd_text_block.default\">\n\t\t\t\t<div class=\"elementor-widget-container\">\n\t\t\t\t\t<div class=\"wd-text-block reset-last-child text-left\">\n\t\t\t\n\t\t\t<h4>TUF Gaming Certified<\/h4><p>TUF Gaming certified siginifica que el GAMMIX S41 cumple con los est\u00e1ndares de ASUS TUF Gaming Alliance para un buen desempe\u00f1o y seguridad. Su dise\u00f1o muestra con orgullo sus caracter\u00edsticas \"gaming\" con un dise\u00f1o de camuflaje similar a la serie ASUS TUF.<\/p>\n\t\t\t\t\t<\/div>\n\t\t\t\t<\/div>\n\t\t\t\t<\/div>\n\t\t\t\t<div class=\"elementor-element elementor-element-d99ba58 elementor-widget elementor-widget-wd_image_or_svg\" data-id=\"d99ba58\" data-element_type=\"widget\" data-widget_type=\"wd_image_or_svg.default\">\n\t\t\t\t<div class=\"elementor-widget-container\">\n\t\t\t\n\t\t<div class=\"wd-image text-center\">\n\t\t\t\t\t\t\t\t<img decoding=\"async\" src=\"https:\/\/tzila.mx\/dev\/wp-content\/uploads\/elementor\/thumbs\/XPG-gammix-s41-ssd-5-plx3751akqfsl6vbr2l8mwtf7hcne6gs38w2qgknus.jpg\" title=\"XPG-gammix-s41-ssd-5\" alt=\"XPG-gammix-s41-ssd-5\" \/>\t\t\t\t\t<\/div>\n\n\t\t\t\t<\/div>\n\t\t\t\t<\/div>\n\t\t\t\t<div class=\"elementor-element elementor-element-92b92dc elementor-widget elementor-widget-wd_text_block\" data-id=\"92b92dc\" data-element_type=\"widget\" data-widget_type=\"wd_text_block.default\">\n\t\t\t\t<div class=\"elementor-widget-container\">\n\t\t\t\t\t<div class=\"wd-text-block reset-last-child text-left\">\n\t\t\t\n\t\t\t<h4>M\u00e1ximo Desempe\u00f1o<\/h4><article data-v-b7353816=\"\"><p>\u25cf Est\u00e1ndar PCIe Gen3x4 &amp; NVMe 1.3: Velocidad de lectura y escritura de hasta 3500\/3000MB por segundo<br \/>\u25cf 3D Flash: MAyores capacidades, eficiencia y durabilidad<br \/>\u25cf M.2 2280: Soporte y compatibilidad con las plataformas m\u00e1s recientes de Intel y AMD.<br \/>\u25cf Ideal para \"gamers\", overclockers entusiastas<\/p><\/article>\n\t\t\t\t\t<\/div>\n\t\t\t\t<\/div>\n\t\t\t\t<\/div>\n\t\t\t\t<div class=\"elementor-element elementor-element-a9df69a elementor-widget elementor-widget-wd_text_block\" data-id=\"a9df69a\" data-element_type=\"widget\" data-widget_type=\"wd_text_block.default\">\n\t\t\t\t<div class=\"elementor-widget-container\">\n\t\t\t\t\t<div class=\"wd-text-block reset-last-child text-left\">\n\t\t\t\n\t\t\t<div class=\"row-content\" data-v-b7353816=\"\"><h4>Manten la cabeza fr\u00eda durante la batalla<\/h4><article data-v-b7353816=\"\"><article data-v-b7353816=\"\"><p>Con un dispador y dise\u00f1o similar a una armadura, el GAMMIX S41 no solo luce intimidante, tambi\u00e9n ofrece una excelente estabilidad. El disipador de aluminio puede reducir la temperatura hasta 10\u00b0C.<\/p><\/article><\/article><\/div>\n\t\t\t\t\t<\/div>\n\t\t\t\t<\/div>\n\t\t\t\t<\/div>\n\t\t\t\t\t<\/div>\n\t\t<\/div>\n\t\t\t\t<div class=\"elementor-column elementor-col-33 elementor-top-column elementor-element elementor-element-efcf9f4\" data-id=\"efcf9f4\" data-element_type=\"column\">\n\t\t\t<div class=\"elementor-widget-wrap elementor-element-populated\">\n\t\t\t\t\t\t\t\t<div class=\"elementor-element elementor-element-4844dfc elementor-widget elementor-widget-wd_image_or_svg\" data-id=\"4844dfc\" data-element_type=\"widget\" data-widget_type=\"wd_image_or_svg.default\">\n\t\t\t\t<div class=\"elementor-widget-container\">\n\t\t\t\n\t\t<div class=\"wd-image text-center\">\n\t\t\t\t\t\t\t\t<img decoding=\"async\" src=\"https:\/\/tzila.mx\/dev\/wp-content\/uploads\/elementor\/thumbs\/XPG-gammix-s41-ssd-7-plx37efoh2sntaho86nibug15c2bj5i3gjexj86q4k.png\" title=\"XPG-gammix-s41-ssd-7\" alt=\"XPG-gammix-s41-ssd-7\" \/>\t\t\t\t\t<\/div>\n\n\t\t\t\t<\/div>\n\t\t\t\t<\/div>\n\t\t\t\t<div class=\"elementor-element elementor-element-43fb73f elementor-widget elementor-widget-wd_text_block\" data-id=\"43fb73f\" data-element_type=\"widget\" data-widget_type=\"wd_text_block.default\">\n\t\t\t\t<div class=\"elementor-widget-container\">\n\t\t\t\t\t<div class=\"wd-text-block reset-last-child text-left\">\n\t\t\t\n\t\t\t<h4>Everything Accelerated<\/h4><article data-v-b7353816=\"\"><p>Con un cache SLC y un buffer de memoria DRAM, el GAMMIX S41 acelera el desempe\u00f1o de tu PC. \u00a1Ya no hay necesidad de esperar, accede a tus archivos y carga tus juegos y partidas de forma s\u00faper r\u00e1pida!<\/p><\/article>\n\t\t\t\t\t<\/div>\n\t\t\t\t<\/div>\n\t\t\t\t<\/div>\n\t\t\t\t<div class=\"elementor-element elementor-element-e32ccb0 elementor-widget elementor-widget-wd_text_block\" data-id=\"e32ccb0\" data-element_type=\"widget\" data-widget_type=\"wd_text_block.default\">\n\t\t\t\t<div class=\"elementor-widget-container\">\n\t\t\t\t\t<div class=\"wd-text-block reset-last-child text-left\">\n\t\t\t\n\t\t\t<div class=\"row-content r-side\" data-v-b7353816=\"\"><h4>Resistente y de larga duraci\u00f3n<\/h4><article data-v-b7353816=\"\">Diponible hasta en 1TB 3D NAN FLASH de capacidad y con una amplia gama de tecnolog\u00edas de protecci\u00f3n y correci\u00f3n de datos que mejoran el incrementan el TBW (Total de Bytes escritos)<\/article><\/div>\n\t\t\t\t\t<\/div>\n\t\t\t\t<\/div>\n\t\t\t\t<\/div>\n\t\t\t\t<div class=\"elementor-element elementor-element-70b916d elementor-widget elementor-widget-wd_image_or_svg\" data-id=\"70b916d\" data-element_type=\"widget\" data-widget_type=\"wd_image_or_svg.default\">\n\t\t\t\t<div class=\"elementor-widget-container\">\n\t\t\t\n\t\t<div class=\"wd-image text-center\">\n\t\t\t\t\t\t\t\t<img decoding=\"async\" src=\"https:\/\/tzila.mx\/dev\/wp-content\/uploads\/elementor\/thumbs\/XPG-gammix-s41-ssd-4-plx3719xteanar0sd0yqcxrktxv6je1uqqa4tcq8jo.jpg\" title=\"XPG-gammix-s41-ssd-4\" alt=\"XPG-gammix-s41-ssd-4\" \/>\t\t\t\t\t<\/div>\n\n\t\t\t\t<\/div>\n\t\t\t\t<\/div>\n\t\t\t\t\t<\/div>\n\t\t<\/div>\n\t\t\t\t<div class=\"elementor-column elementor-col-33 elementor-top-column elementor-element elementor-element-dffdc91\" data-id=\"dffdc91\" data-element_type=\"column\">\n\t\t\t<div class=\"elementor-widget-wrap elementor-element-populated\">\n\t\t\t\t\t\t\t\t<div class=\"elementor-element elementor-element-a953a45 elementor-widget elementor-widget-wd_text_block\" data-id=\"a953a45\" data-element_type=\"widget\" data-widget_type=\"wd_text_block.default\">\n\t\t\t\t<div class=\"elementor-widget-container\">\n\t\t\t\t\t<div class=\"wd-text-block reset-last-child text-left\">\n\t\t\t\n\t\t\t<h4>Seguro y Preciso<\/h4><article data-v-b7353816=\"\">El GAMMIX S41 soporta la tecnolog\u00eda de correci\u00f3n de errores LDPC (Tecnolog\u00eda de Low-Density Parity-Check) que ayuda a detectar y corregir una gama de error de datos. Mientras tanto, la protecci\u00f3n de datos E2E (de extremo a extremo) y el motor RAID garantizan la seguridad, la integridad y la durabilidad del S41.<\/article>\n\t\t\t\t\t<\/div>\n\t\t\t\t<\/div>\n\t\t\t\t<\/div>\n\t\t\t\t<div class=\"elementor-element elementor-element-58d59e5 elementor-widget elementor-widget-wd_image_or_svg\" data-id=\"58d59e5\" data-element_type=\"widget\" data-widget_type=\"wd_image_or_svg.default\">\n\t\t\t\t<div class=\"elementor-widget-container\">\n\t\t\t\n\t\t<div class=\"wd-image text-center\">\n\t\t\t\t\t\t\t\t<img decoding=\"async\" src=\"https:\/\/tzila.mx\/dev\/wp-content\/uploads\/elementor\/thumbs\/XPG-gammix-s41-ssd-8-plx37gbcuqv8giexx7grgtyyc3t1yjpk4spwhs3xs4.png\" title=\"XPG-gammix-s41-ssd-8\" alt=\"XPG-gammix-s41-ssd-8\" \/>\t\t\t\t\t<\/div>\n\n\t\t\t\t<\/div>\n\t\t\t\t<\/div>\n\t\t\t\t<div class=\"elementor-element elementor-element-f535f0b elementor-widget elementor-widget-wd_text_block\" data-id=\"f535f0b\" data-element_type=\"widget\" data-widget_type=\"wd_text_block.default\">\n\t\t\t\t<div class=\"elementor-widget-container\">\n\t\t\t\t\t<div class=\"wd-text-block reset-last-child text-left\">\n\t\t\t\n\t\t\t<h4>5 a\u00f1os de garant\u00eda<\/h4><article data-v-b7353816=\"\">Cada componente del GAMMIX S41 ha pasado m\u00faltiples y meticulosas prueba y certificaciones lo cual permite ofrecer una extensa garant\u00eda de 5 a\u00f1os.<\/article>\n\t\t\t\t\t<\/div>\n\t\t\t\t<\/div>\n\t\t\t\t<\/div>\n\t\t\t\t<div class=\"elementor-element elementor-element-918d89e elementor-widget elementor-widget-wd_button\" data-id=\"918d89e\" data-element_type=\"widget\" data-widget_type=\"wd_button.default\">\n\t\t\t\t<div class=\"elementor-widget-container\">\n\t\t\t\t\t<div class=\"wd-button-wrapper text-center\" >\n\t\t\t<a class=\"btn btn-style-link btn-shape- btn-size-large btn-scheme-light btn-scheme-hover-dark btn-icon-pos-right\"  href=\"https:\/\/webapi3.adata.com\/storage\/downloadfile\/XPG_GAMMIX%20S41_datasheet_ES_20201014.pdf\" target=\"_blank\">\n\t\t\t\t<span class=\"wd-btn-text\" data-elementor-setting-key=\"text\">\n\t\t\t\t\tSaber m\u00e1s\t\t\t\t<\/span>\n\n\t\t\t\t\t\t\t<\/a>\n\t\t<\/div>\n\t\t\t\t<\/div>\n\t\t\t\t<\/div>\n\t\t\t\t\t<\/div>\n\t\t<\/div>\n\t\t\t\t\t\t\t<\/div>\n\t\t<\/section>\n\t\t\t\t\t\t<\/div>\n\t\t\t\t\t<\/div>\n\t\t","protected":false},"excerpt":{"rendered":"<h4>Caracter\u00edsticas principales:<\/h4>\n<p class=\"p1\"><span class=\"s1\">\u25cf<\/span><span class=\"s2\"> SSD interno de hasta 1TB de capacidad<\/span><br \/>\n<span class=\"s1\">\u25cf <span id=\"page3R_mcid35\" class=\"markedContent\"><span dir=\"ltr\" role=\"presentation\">PCIe Gen3<\/span><span dir=\"ltr\" role=\"presentation\">x<\/span><span dir=\"ltr\" role=\"presentation\">4<\/span><\/span><\/span><br \/>\n<span class=\"s1\">\u25cf <\/span>M.2 2280<br \/>\n<span class=\"s1\">\u25cf<\/span><span class=\"s2\"> Lectura\/Escritura: hasta <span id=\"page3R_mcid18\" class=\"markedContent\"><span dir=\"ltr\" role=\"presentation\">35<\/span><span dir=\"ltr\" role=\"presentation\">00\/<\/span><span dir=\"ltr\" role=\"presentation\">30<\/span><span dir=\"ltr\" role=\"presentation\">0<\/span><span dir=\"ltr\" role=\"presentation\">0<\/span><span dir=\"ltr\" role=\"presentation\">MB\/s<\/span><\/span><\/span><br \/>\n<span class=\"s1\">\u25cf<\/span><span class=\"s2\"> TUF Gaming Certified<\/span><\/p>\n","protected":false},"featured_media":11710,"comment_status":"open","ping_status":"closed","template":"","meta":[],"product_cat":[20,77,97],"product_tag":[112],"class_list":["post-11707","product","type-product","status-publish","has-post-thumbnail","hentry","product_cat-hardware","product_cat-ssd-interno","product_cat-adata","product_tag-xpg","pa_brand-adata"],"_links":{"self":[{"href":"https:\/\/tzila.mx\/dev\/wp-json\/wp\/v2\/product\/11707","targetHints":{"allow":["GET"]}}],"collection":[{"href":"https:\/\/tzila.mx\/dev\/wp-json\/wp\/v2\/product"}],"about":[{"href":"https:\/\/tzila.mx\/dev\/wp-json\/wp\/v2\/types\/product"}],"replies":[{"embeddable":true,"href":"https:\/\/tzila.mx\/dev\/wp-json\/wp\/v2\/comments?post=11707"}],"version-history":[{"count":12,"href":"https:\/\/tzila.mx\/dev\/wp-json\/wp\/v2\/product\/11707\/revisions"}],"predecessor-version":[{"id":12491,"href":"https:\/\/tzila.mx\/dev\/wp-json\/wp\/v2\/product\/11707\/revisions\/12491"}],"wp:featuredmedia":[{"embeddable":true,"href":"https:\/\/tzila.mx\/dev\/wp-json\/wp\/v2\/media\/11710"}],"wp:attachment":[{"href":"https:\/\/tzila.mx\/dev\/wp-json\/wp\/v2\/media?parent=11707"}],"wp:term":[{"taxonomy":"product_cat","embeddable":true,"href":"https:\/\/tzila.mx\/dev\/wp-json\/wp\/v2\/product_cat?post=11707"},{"taxonomy":"product_tag","embeddable":true,"href":"https:\/\/tzila.mx\/dev\/wp-json\/wp\/v2\/product_tag?post=11707"}],"curies":[{"name":"wp","href":"https:\/\/api.w.org\/{rel}","templated":true}]}}