{"id":11670,"date":"2022-03-15T13:20:29","date_gmt":"2022-03-15T19:20:29","guid":{"rendered":"https:\/\/tzila.mx\/dev\/?post_type=product&#038;p=11670"},"modified":"2022-06-16T16:14:08","modified_gmt":"2022-06-16T21:14:08","slug":"ssd-interno-xpg-gammix-s50-lite","status":"publish","type":"product","link":"https:\/\/tzila.mx\/dev\/producto\/ssd-interno-xpg-gammix-s50-lite\/","title":{"rendered":"SSD Interno XPG GAMMIX S50 Lite"},"content":{"rendered":"\t\t<div data-elementor-type=\"wp-post\" data-elementor-id=\"11670\" class=\"elementor elementor-11670\" data-elementor-settings=\"[]\">\n\t\t\t\t\t\t\t<div class=\"elementor-section-wrap\">\n\t\t\t\t\t\t\t<section class=\"elementor-section elementor-top-section elementor-element elementor-element-154fe09 elementor-section-boxed elementor-section-height-default elementor-section-height-default wd-section-disabled\" data-id=\"154fe09\" data-element_type=\"section\">\n\t\t\t\t\t\t<div class=\"elementor-container elementor-column-gap-default\">\n\t\t\t\t\t<div class=\"elementor-column elementor-col-33 elementor-top-column elementor-element elementor-element-f14913d\" data-id=\"f14913d\" data-element_type=\"column\">\n\t\t\t<div class=\"elementor-widget-wrap elementor-element-populated\">\n\t\t\t\t\t\t\t\t<div class=\"elementor-element elementor-element-3d30eaf elementor-widget elementor-widget-wd_text_block\" data-id=\"3d30eaf\" data-element_type=\"widget\" data-widget_type=\"wd_text_block.default\">\n\t\t\t\t<div class=\"elementor-widget-container\">\n\t\t\t\t\t<div class=\"wd-text-block reset-last-child text-left\">\n\t\t\t\n\t\t\t<h5><strong>M\u00c1S ESPECIFICACIONES<\/strong><strong>:<\/strong><\/h5>\n\t\t\t\t\t<\/div>\n\t\t\t\t<\/div>\n\t\t\t\t<\/div>\n\t\t\t\t<div class=\"elementor-element elementor-element-6d44079 elementor-widget elementor-widget-wd_text_block\" data-id=\"6d44079\" data-element_type=\"widget\" data-widget_type=\"wd_text_block.default\">\n\t\t\t\t<div class=\"elementor-widget-container\">\n\t\t\t\t\t<div class=\"wd-text-block reset-last-child text-left\">\n\t\t\t\n\t\t\t<p>\u25cf Rendimiento de \u00faltima generaci\u00f3n con PCIe 4.0 <br \/>\u25cf Fresco incluso en el m\u00e1ximo rendimiento <br \/>\u25cf Mucho espacio de almacenamiento. Muy duradero. <br \/>\u25cf Protecci\u00f3n Integral. Precisi\u00f3n de los datos. <br \/>\u25cf Garant\u00eda de 5 a\u00f1os<\/p>\n\t\t\t\t\t<\/div>\n\t\t\t\t<\/div>\n\t\t\t\t<\/div>\n\t\t\t\t\t<\/div>\n\t\t<\/div>\n\t\t\t\t<div class=\"elementor-column elementor-col-66 elementor-top-column elementor-element elementor-element-1a0b71f\" data-id=\"1a0b71f\" data-element_type=\"column\">\n\t\t\t<div class=\"elementor-widget-wrap elementor-element-populated\">\n\t\t\t\t\t\t\t\t<div class=\"elementor-element elementor-element-6f6445b elementor-widget elementor-widget-wd_image_or_svg\" data-id=\"6f6445b\" data-element_type=\"widget\" data-widget_type=\"wd_image_or_svg.default\">\n\t\t\t\t<div class=\"elementor-widget-container\">\n\t\t\t\n\t\t<div class=\"wd-image text-center\">\n\t\t\t\t\t\t\t\t<img loading=\"lazy\" decoding=\"async\" width=\"1920\" height=\"648\" src=\"https:\/\/tzila.mx\/dev\/wp-content\/uploads\/2022\/03\/XPG-gammix-s50-ssd-5.jpg\" class=\"attachment-full size-full\" alt=\"\" srcset=\"https:\/\/tzila.mx\/dev\/wp-content\/uploads\/2022\/03\/XPG-gammix-s50-ssd-5.jpg 1920w, https:\/\/tzila.mx\/dev\/wp-content\/uploads\/2022\/03\/XPG-gammix-s50-ssd-5-400x135.jpg 400w, https:\/\/tzila.mx\/dev\/wp-content\/uploads\/2022\/03\/XPG-gammix-s50-ssd-5-1300x439.jpg 1300w, https:\/\/tzila.mx\/dev\/wp-content\/uploads\/2022\/03\/XPG-gammix-s50-ssd-5-768x259.jpg 768w, https:\/\/tzila.mx\/dev\/wp-content\/uploads\/2022\/03\/XPG-gammix-s50-ssd-5-1536x518.jpg 1536w, https:\/\/tzila.mx\/dev\/wp-content\/uploads\/2022\/03\/XPG-gammix-s50-ssd-5-860x290.jpg 860w, https:\/\/tzila.mx\/dev\/wp-content\/uploads\/2022\/03\/XPG-gammix-s50-ssd-5-430x145.jpg 430w, https:\/\/tzila.mx\/dev\/wp-content\/uploads\/2022\/03\/XPG-gammix-s50-ssd-5-700x236.jpg 700w, https:\/\/tzila.mx\/dev\/wp-content\/uploads\/2022\/03\/XPG-gammix-s50-ssd-5-150x51.jpg 150w\" sizes=\"auto, (max-width: 1920px) 100vw, 1920px\" \/>\t\t\t\t\t<\/div>\n\n\t\t\t\t<\/div>\n\t\t\t\t<\/div>\n\t\t\t\t\t<\/div>\n\t\t<\/div>\n\t\t\t\t\t\t\t<\/div>\n\t\t<\/section>\n\t\t\t\t<section class=\"elementor-section elementor-top-section elementor-element elementor-element-f335c48 elementor-section-boxed elementor-section-height-default elementor-section-height-default wd-section-disabled\" data-id=\"f335c48\" data-element_type=\"section\">\n\t\t\t\t\t\t<div class=\"elementor-container elementor-column-gap-default\">\n\t\t\t\t\t<div class=\"elementor-column elementor-col-33 elementor-top-column elementor-element elementor-element-b982906\" data-id=\"b982906\" data-element_type=\"column\">\n\t\t\t<div class=\"elementor-widget-wrap elementor-element-populated\">\n\t\t\t\t\t\t\t\t<div class=\"elementor-element elementor-element-ecdf1c9 elementor-widget elementor-widget-wd_text_block\" data-id=\"ecdf1c9\" data-element_type=\"widget\" data-widget_type=\"wd_text_block.default\">\n\t\t\t\t<div class=\"elementor-widget-container\">\n\t\t\t\t\t<div class=\"wd-text-block reset-last-child text-left\">\n\t\t\t\n\t\t\t<h4>LA SIGUIENTE ENTRADA PCIe<\/h4><p>Aproveche PCIe Gen4x4, la \u00faltima versi\u00f3n de la interfaz PCIe, con la unidad de estado s\u00f3lido XPG GAMMIX S50 Lite PCIe Gen4x4 M.2 2280. Ofreciendo velocidades de lectura\/escritura de hasta 3900\/3200 MB por segundo y luciendo una gran cantidad de otras funciones excelentes, la GAMMIX S50 Lite llevar\u00e1 su sistema al siguiente nivel.<\/p>\n\t\t\t\t\t<\/div>\n\t\t\t\t<\/div>\n\t\t\t\t<\/div>\n\t\t\t\t<div class=\"elementor-element elementor-element-d99ba58 elementor-widget elementor-widget-wd_image_or_svg\" data-id=\"d99ba58\" data-element_type=\"widget\" data-widget_type=\"wd_image_or_svg.default\">\n\t\t\t\t<div class=\"elementor-widget-container\">\n\t\t\t\n\t\t<div class=\"wd-image text-center\">\n\t\t\t\t\t\t\t\t<img decoding=\"async\" src=\"https:\/\/tzila.mx\/dev\/wp-content\/uploads\/elementor\/thumbs\/XPG-gammix-s50-ssd-6-plx0jbdlur9h0a25angfg3br3dnkp01vkyo3gyni6c.jpg\" title=\"XPG-gammix-s50-ssd-6\" alt=\"XPG-gammix-s50-ssd-6\" \/>\t\t\t\t\t<\/div>\n\n\t\t\t\t<\/div>\n\t\t\t\t<\/div>\n\t\t\t\t<div class=\"elementor-element elementor-element-92b92dc elementor-widget elementor-widget-wd_text_block\" data-id=\"92b92dc\" data-element_type=\"widget\" data-widget_type=\"wd_text_block.default\">\n\t\t\t\t<div class=\"elementor-widget-container\">\n\t\t\t\t\t<div class=\"wd-text-block reset-last-child text-left\">\n\t\t\t\n\t\t\t<h4>Rendimiento de la pr\u00f3xima generaci\u00f3n con PCIe 4.0<\/h4><article data-v-b7353816=\"\"><p><span data-api=\"color: #333333; font-family: 'Segoe UI', \u5fae\u8edf\u6b63\u9ed1\u9ad4, 'Microsoft JhengHei', Arial, Helvetica, sans-serif; font-size: 22px; background-color: #ffffff;\">Con PCIe Gen4x4, disfrute de un nuevo nivel de rendimiento en juegos con velocidades de lectura\/escritura sostenidas de hasta 3900\/3200\u00a0MB por segundo. Estos valores suponen una velocidad hasta ocho veces m\u00e1s r\u00e1pida que una unidad de estado s\u00f3lido (SSD) SATA. Adem\u00e1s, es compatible con las versiones anteriores, como PCIe 3.0.<\/span><\/p><\/article>\n\t\t\t\t\t<\/div>\n\t\t\t\t<\/div>\n\t\t\t\t<\/div>\n\t\t\t\t<div class=\"elementor-element elementor-element-a9df69a elementor-widget elementor-widget-wd_text_block\" data-id=\"a9df69a\" data-element_type=\"widget\" data-widget_type=\"wd_text_block.default\">\n\t\t\t\t<div class=\"elementor-widget-container\">\n\t\t\t\t\t<div class=\"wd-text-block reset-last-child text-left\">\n\t\t\t\n\t\t\t<div class=\"row-content\" data-v-b7353816=\"\"><h4>Nacida para rendir<\/h4><article data-v-b7353816=\"\"><article data-v-b7353816=\"\"><p><span data-api=\"color: #333333; font-family: 'Segoe UI', \u5fae\u8edf\u6b63\u9ed1\u9ad4, 'Microsoft JhengHei', Arial, Helvetica, sans-serif; font-size: 22px; background-color: #ffffff;\">\u25cf Compatible con NVMe 1.4<\/span><br data-api=\"box-sizing: border-box; color: #333333; font-family: 'Segoe UI', \u5fae\u8edf\u6b63\u9ed1\u9ad4, 'Microsoft JhengHei', Arial, Helvetica, sans-serif; font-size: 22px; background-color: #ffffff;\" \/><span data-api=\"color: #333333; font-family: 'Segoe UI', \u5fae\u8edf\u6b63\u9ed1\u9ad4, 'Microsoft JhengHei', Arial, Helvetica, sans-serif; font-size: 22px; background-color: #ffffff;\">\u25cf Un nuevo salto adelante en capacidad, eficiencia y durabilidad con la memoria Flash 3D NAND de pr\u00f3xima generaci\u00f3n<\/span><br data-api=\"box-sizing: border-box; color: #333333; font-family: 'Segoe UI', \u5fae\u8edf\u6b63\u9ed1\u9ad4, 'Microsoft JhengHei', Arial, Helvetica, sans-serif; font-size: 22px; background-color: #ffffff;\" \/><span data-api=\"color: #333333; font-family: 'Segoe UI', \u5fae\u8edf\u6b63\u9ed1\u9ad4, 'Microsoft JhengHei', Arial, Helvetica, sans-serif; font-size: 22px; background-color: #ffffff;\">\u25cf Especificaciones M.2 2280: compatible con PCIe 4.0<\/span><br data-api=\"box-sizing: border-box; color: #333333; font-family: 'Segoe UI', \u5fae\u8edf\u6b63\u9ed1\u9ad4, 'Microsoft JhengHei', Arial, Helvetica, sans-serif; font-size: 22px; background-color: #ffffff;\" \/><span data-api=\"color: #333333; font-family: 'Segoe UI', \u5fae\u8edf\u6b63\u9ed1\u9ad4, 'Microsoft JhengHei', Arial, Helvetica, sans-serif; font-size: 22px; background-color: #ffffff;\">\u25cf Ideal para jugadores, personas que aumentan la velocidad del reloj y aficionados a la inform\u00e1tica<\/span><\/p><\/article><\/article><\/div>\n\t\t\t\t\t<\/div>\n\t\t\t\t<\/div>\n\t\t\t\t<\/div>\n\t\t\t\t\t<\/div>\n\t\t<\/div>\n\t\t\t\t<div class=\"elementor-column elementor-col-33 elementor-top-column elementor-element elementor-element-efcf9f4\" data-id=\"efcf9f4\" data-element_type=\"column\">\n\t\t\t<div class=\"elementor-widget-wrap elementor-element-populated\">\n\t\t\t\t\t\t\t\t<div class=\"elementor-element elementor-element-4844dfc elementor-widget elementor-widget-wd_image_or_svg\" data-id=\"4844dfc\" data-element_type=\"widget\" data-widget_type=\"wd_image_or_svg.default\">\n\t\t\t\t<div class=\"elementor-widget-container\">\n\t\t\t\n\t\t<div class=\"wd-image text-center\">\n\t\t\t\t\t\t\t\t<img decoding=\"async\" src=\"https:\/\/tzila.mx\/dev\/wp-content\/uploads\/elementor\/thumbs\/XPG-gammix-s50-ssd-9-plx0jmno4rowvllrgsbya0ha803z9danmihx8a6s3o.png\" title=\"XPG-gammix-s50-ssd-9\" alt=\"XPG-gammix-s50-ssd-9\" \/>\t\t\t\t\t<\/div>\n\n\t\t\t\t<\/div>\n\t\t\t\t<\/div>\n\t\t\t\t<div class=\"elementor-element elementor-element-43fb73f elementor-widget elementor-widget-wd_text_block\" data-id=\"43fb73f\" data-element_type=\"widget\" data-widget_type=\"wd_text_block.default\">\n\t\t\t\t<div class=\"elementor-widget-container\">\n\t\t\t\t\t<div class=\"wd-text-block reset-last-child text-left\">\n\t\t\t\n\t\t\t<h4>Refrigerada incluso al m\u00e1ximo rendimiento<\/h4><article data-v-b7353816=\"\"><p>Con un robusto disipador de calor de aluminio resistente a altas temperaturas, la unidad GAMMIX S50 Lite elimina el calor de manera eficiente. De hecho, es tan eficaz que es capaz de reducir las temperaturas hasta en un 20 por ciento*. Adem\u00e1s, el disipador de calor tiene un aspecto incre\u00edble con su superficie aerodin\u00e1mica y l\u00edneas geom\u00e9tricas estriadas.<\/p><\/article>\n\t\t\t\t\t<\/div>\n\t\t\t\t<\/div>\n\t\t\t\t<\/div>\n\t\t\t\t<div class=\"elementor-element elementor-element-e32ccb0 elementor-widget elementor-widget-wd_text_block\" data-id=\"e32ccb0\" data-element_type=\"widget\" data-widget_type=\"wd_text_block.default\">\n\t\t\t\t<div class=\"elementor-widget-container\">\n\t\t\t\t\t<div class=\"wd-text-block reset-last-child text-left\">\n\t\t\t\n\t\t\t<div class=\"row-content r-side\" data-v-b7353816=\"\"><h4>Potenciar sus pasiones<\/h4><article data-v-b7353816=\"\"><span data-api=\"color: #333333; font-family: 'Segoe UI', \u5fae\u8edf\u6b63\u9ed1\u9ad4, 'Microsoft JhengHei', Arial, Helvetica, sans-serif; font-size: 22px; background-color: #ffffff;\">La unidad GAMMIX S50 Lite utiliza almacenamiento en cach\u00e9 SLC din\u00e1mico y b\u00fafer de cach\u00e9 DRAM para lograr velocidades de lectura\/escritura aleatorias de hasta 490\u00a0000\/540\u00a0000 IOPS. Tanto en edici\u00f3n de v\u00eddeo, como en animaci\u00f3n o juegos, \u00a1esta unidad de estado s\u00f3lido (SSD) lo tiene todo!<\/span><\/article><\/div>\n\t\t\t\t\t<\/div>\n\t\t\t\t<\/div>\n\t\t\t\t<\/div>\n\t\t\t\t<div class=\"elementor-element elementor-element-70b916d elementor-widget elementor-widget-wd_image_or_svg\" data-id=\"70b916d\" data-element_type=\"widget\" data-widget_type=\"wd_image_or_svg.default\">\n\t\t\t\t<div class=\"elementor-widget-container\">\n\t\t\t\n\t\t<div class=\"wd-image text-center\">\n\t\t\t\t\t\t\t\t<img decoding=\"async\" src=\"https:\/\/tzila.mx\/dev\/wp-content\/uploads\/elementor\/thumbs\/XPG-gammix-s50-ssd-8-plx0jiwbdfjrl5r82qpg01ffugmiekvq9zvzb6ccsk.jpg\" title=\"XPG-gammix-s50-ssd-8\" alt=\"XPG-gammix-s50-ssd-8\" \/>\t\t\t\t\t<\/div>\n\n\t\t\t\t<\/div>\n\t\t\t\t<\/div>\n\t\t\t\t\t<\/div>\n\t\t<\/div>\n\t\t\t\t<div class=\"elementor-column elementor-col-33 elementor-top-column elementor-element elementor-element-dffdc91\" data-id=\"dffdc91\" data-element_type=\"column\">\n\t\t\t<div class=\"elementor-widget-wrap elementor-element-populated\">\n\t\t\t\t\t\t\t\t<div class=\"elementor-element elementor-element-a953a45 elementor-widget elementor-widget-wd_text_block\" data-id=\"a953a45\" data-element_type=\"widget\" data-widget_type=\"wd_text_block.default\">\n\t\t\t\t<div class=\"elementor-widget-container\">\n\t\t\t\t\t<div class=\"wd-text-block reset-last-child text-left\">\n\t\t\t\n\t\t\t<h4>Espacio de almacenamiento inagotable. Muy duradera.<\/h4><article data-v-b7353816=\"\"><span data-api=\"color: #333333; font-family: 'Segoe UI', \u5fae\u8edf\u6b63\u9ed1\u9ad4, 'Microsoft JhengHei', Arial, Helvetica, sans-serif; font-size: 22px; background-color: #ffffff;\">Equipada con memoria Flash 3D NAND, la unidad GAMMIX S50 Lite cuenta con mayores capacidades (hasta 2\u00a0TB), para almacenar m\u00e1s juegos o archivos. Adem\u00e1s, una variedad de tecnolog\u00edas de correcci\u00f3n y protecci\u00f3n de datos aumentan su tasa de bytes totales escritos (TBW) para una mayor durabilidad y una vida \u00fatil m\u00e1s prolongada del producto.<\/span><\/article>\n\t\t\t\t\t<\/div>\n\t\t\t\t<\/div>\n\t\t\t\t<\/div>\n\t\t\t\t<div class=\"elementor-element elementor-element-f535f0b elementor-widget elementor-widget-wd_text_block\" data-id=\"f535f0b\" data-element_type=\"widget\" data-widget_type=\"wd_text_block.default\">\n\t\t\t\t<div class=\"elementor-widget-container\">\n\t\t\t\t\t<div class=\"wd-text-block reset-last-child text-left\">\n\t\t\t\n\t\t\t<h4>Protecci\u00f3n total. Precisi\u00f3n de los datos.<\/h4><article data-v-b7353816=\"\"><span data-api=\"color: #333333; font-family: 'Segoe UI', \u5fae\u8edf\u6b63\u9ed1\u9ad4, 'Microsoft JhengHei', Arial, Helvetica, sans-serif; font-size: 22px; background-color: #ffffff;\">La unidad GAMMIX S50 Lite admite la tecnolog\u00eda de c\u00f3digo de comprobaci\u00f3n de paridad de baja densidad (LDPC) para detectar y corregir una amplia gama de errores de datos para conseguir transferencias de datos precisas. Adem\u00e1s, con la protecci\u00f3n de datos de extremo a extremo (E2E), la compatibilidad con el motor RAID y el cifrado AES de 256 bits, la unidad S50 Lite garantiza que los datos est\u00e9n siempre seguros.<\/span><\/article>\n\t\t\t\t\t<\/div>\n\t\t\t\t<\/div>\n\t\t\t\t<\/div>\n\t\t\t\t<div class=\"elementor-element elementor-element-58d59e5 elementor-widget elementor-widget-wd_image_or_svg\" data-id=\"58d59e5\" data-element_type=\"widget\" data-widget_type=\"wd_image_or_svg.default\">\n\t\t\t\t<div class=\"elementor-widget-container\">\n\t\t\t\n\t\t<div class=\"wd-image text-center\">\n\t\t\t\t\t\t\t\t<img decoding=\"async\" src=\"https:\/\/tzila.mx\/dev\/wp-content\/uploads\/elementor\/thumbs\/XPG-gammix-s50-ssd-10-plx0jojcifrhitj15t57f007erupori4arsw6u3zr8.png\" title=\"XPG-gammix-s50-ssd-10\" alt=\"XPG-gammix-s50-ssd-10\" \/>\t\t\t\t\t<\/div>\n\n\t\t\t\t<\/div>\n\t\t\t\t<\/div>\n\t\t\t\t<div class=\"elementor-element elementor-element-918d89e elementor-widget elementor-widget-wd_button\" data-id=\"918d89e\" data-element_type=\"widget\" data-widget_type=\"wd_button.default\">\n\t\t\t\t<div class=\"elementor-widget-container\">\n\t\t\t\t\t<div class=\"wd-button-wrapper text-center\" >\n\t\t\t<a class=\"btn btn-style-link btn-shape- btn-size-large btn-scheme-light btn-scheme-hover-dark btn-icon-pos-right\"  href=\"https:\/\/webapi3.adata.com\/storage\/downloadfile\/datasheet_xpg_gammix_s50_lite_en_20210520.pdf\" target=\"_blank\">\n\t\t\t\t<span class=\"wd-btn-text\" data-elementor-setting-key=\"text\">\n\t\t\t\t\tSaber m\u00e1s\t\t\t\t<\/span>\n\n\t\t\t\t\t\t\t<\/a>\n\t\t<\/div>\n\t\t\t\t<\/div>\n\t\t\t\t<\/div>\n\t\t\t\t\t<\/div>\n\t\t<\/div>\n\t\t\t\t\t\t\t<\/div>\n\t\t<\/section>\n\t\t\t\t\t\t<\/div>\n\t\t\t\t\t<\/div>\n\t\t","protected":false},"excerpt":{"rendered":"<h4>Caracter\u00edsticas principales:<\/h4>\n<p class=\"p1\"><span class=\"s1\">\u25cf<\/span><span class=\"s2\"> SSD interno de hasta 2TB de capacidad<\/span><br \/>\n<span class=\"s1\">\u25cf <span id=\"page3R_mcid35\" class=\"markedContent\"><span dir=\"ltr\" role=\"presentation\">Ultra<\/span><span dir=\"ltr\" role=\"presentation\">&#8211;<\/span><span dir=\"ltr\" role=\"presentation\">fast PCIe Gen<\/span><span dir=\"ltr\" role=\"presentation\">4<\/span><span dir=\"ltr\" role=\"presentation\">x<\/span><span dir=\"ltr\" role=\"presentation\">4<\/span><\/span><\/span><br \/>\n<span class=\"s1\">\u25cf <\/span>M.2 2280<br \/>\n<span class=\"s1\">\u25cf<\/span><span class=\"s2\"> Lectura\/Escritura: hasta <span id=\"page3R_mcid18\" class=\"markedContent\"><span dir=\"ltr\" role=\"presentation\">39<\/span><span dir=\"ltr\" role=\"presentation\">00\/<\/span><span dir=\"ltr\" role=\"presentation\">32<\/span><span dir=\"ltr\" role=\"presentation\">0<\/span><span dir=\"ltr\" role=\"presentation\">0<\/span><span dir=\"ltr\" role=\"presentation\">MB\/s<\/span><\/span><\/span><\/p>\n","protected":false},"featured_media":11673,"comment_status":"open","ping_status":"closed","template":"","meta":[],"product_cat":[20,77,97],"product_tag":[112],"class_list":["post-11670","product","type-product","status-publish","has-post-thumbnail","hentry","product_cat-hardware","product_cat-ssd-interno","product_cat-adata","product_tag-xpg","pa_brand-adata"],"_links":{"self":[{"href":"https:\/\/tzila.mx\/dev\/wp-json\/wp\/v2\/product\/11670","targetHints":{"allow":["GET"]}}],"collection":[{"href":"https:\/\/tzila.mx\/dev\/wp-json\/wp\/v2\/product"}],"about":[{"href":"https:\/\/tzila.mx\/dev\/wp-json\/wp\/v2\/types\/product"}],"replies":[{"embeddable":true,"href":"https:\/\/tzila.mx\/dev\/wp-json\/wp\/v2\/comments?post=11670"}],"version-history":[{"count":24,"href":"https:\/\/tzila.mx\/dev\/wp-json\/wp\/v2\/product\/11670\/revisions"}],"predecessor-version":[{"id":11828,"href":"https:\/\/tzila.mx\/dev\/wp-json\/wp\/v2\/product\/11670\/revisions\/11828"}],"wp:featuredmedia":[{"embeddable":true,"href":"https:\/\/tzila.mx\/dev\/wp-json\/wp\/v2\/media\/11673"}],"wp:attachment":[{"href":"https:\/\/tzila.mx\/dev\/wp-json\/wp\/v2\/media?parent=11670"}],"wp:term":[{"taxonomy":"product_cat","embeddable":true,"href":"https:\/\/tzila.mx\/dev\/wp-json\/wp\/v2\/product_cat?post=11670"},{"taxonomy":"product_tag","embeddable":true,"href":"https:\/\/tzila.mx\/dev\/wp-json\/wp\/v2\/product_tag?post=11670"}],"curies":[{"name":"wp","href":"https:\/\/api.w.org\/{rel}","templated":true}]}}