{"id":11642,"date":"2022-03-15T12:37:06","date_gmt":"2022-03-15T18:37:06","guid":{"rendered":"https:\/\/tzila.mx\/dev\/?post_type=product&#038;p=11642"},"modified":"2022-06-16T16:15:31","modified_gmt":"2022-06-16T21:15:31","slug":"ssd-interno-xpg-gammix-s11-pro","status":"publish","type":"product","link":"https:\/\/tzila.mx\/dev\/producto\/ssd-interno-xpg-gammix-s11-pro\/","title":{"rendered":"SSD Interno XPG GAMMIX S11 Pro"},"content":{"rendered":"\t\t<div data-elementor-type=\"wp-post\" data-elementor-id=\"11642\" class=\"elementor elementor-11642\" data-elementor-settings=\"[]\">\n\t\t\t\t\t\t\t<div class=\"elementor-section-wrap\">\n\t\t\t\t\t\t\t<section class=\"elementor-section elementor-top-section elementor-element elementor-element-154fe09 elementor-section-boxed elementor-section-height-default elementor-section-height-default wd-section-disabled\" data-id=\"154fe09\" data-element_type=\"section\">\n\t\t\t\t\t\t<div class=\"elementor-container elementor-column-gap-default\">\n\t\t\t\t\t<div class=\"elementor-column elementor-col-33 elementor-top-column elementor-element elementor-element-f14913d\" data-id=\"f14913d\" data-element_type=\"column\">\n\t\t\t<div class=\"elementor-widget-wrap elementor-element-populated\">\n\t\t\t\t\t\t\t\t<div class=\"elementor-element elementor-element-3d30eaf elementor-widget elementor-widget-wd_text_block\" data-id=\"3d30eaf\" data-element_type=\"widget\" data-widget_type=\"wd_text_block.default\">\n\t\t\t\t<div class=\"elementor-widget-container\">\n\t\t\t\t\t<div class=\"wd-text-block reset-last-child text-left\">\n\t\t\t\n\t\t\t<h5><strong>M\u00c1S ESPECIFICACIONES<\/strong><strong>:<\/strong><\/h5>\n\t\t\t\t\t<\/div>\n\t\t\t\t<\/div>\n\t\t\t\t<\/div>\n\t\t\t\t<div class=\"elementor-element elementor-element-6d44079 elementor-widget elementor-widget-wd_text_block\" data-id=\"6d44079\" data-element_type=\"widget\" data-widget_type=\"wd_text_block.default\">\n\t\t\t\t<div class=\"elementor-widget-container\">\n\t\t\t\t\t<div class=\"wd-text-block reset-last-child text-left\">\n\t\t\t\n\t\t\t<p>\u25cf Desempe\u00f1o innovador\u00a0 <br \/>\u25cf 3D NAND FLASH: mayores capacidades para m\u00e1s juegos <br \/>\u25cf Integridad, seguridad y estabilidad de los datos<br \/>\u25cf Respaldado por una garant\u00eda de 5 a\u00f1os<\/p>\n\t\t\t\t\t<\/div>\n\t\t\t\t<\/div>\n\t\t\t\t<\/div>\n\t\t\t\t\t<\/div>\n\t\t<\/div>\n\t\t\t\t<div class=\"elementor-column elementor-col-66 elementor-top-column elementor-element elementor-element-1a0b71f\" data-id=\"1a0b71f\" data-element_type=\"column\">\n\t\t\t<div class=\"elementor-widget-wrap elementor-element-populated\">\n\t\t\t\t\t\t\t\t<div class=\"elementor-element elementor-element-6f6445b elementor-widget elementor-widget-wd_image_or_svg\" data-id=\"6f6445b\" data-element_type=\"widget\" data-widget_type=\"wd_image_or_svg.default\">\n\t\t\t\t<div class=\"elementor-widget-container\">\n\t\t\t\n\t\t<div class=\"wd-image text-center\">\n\t\t\t\t\t\t\t\t<img loading=\"lazy\" decoding=\"async\" width=\"1920\" height=\"648\" src=\"https:\/\/tzila.mx\/dev\/wp-content\/uploads\/2022\/03\/XPG-gammix-s11-ssd-6.jpg\" class=\"attachment-full size-full\" alt=\"\" srcset=\"https:\/\/tzila.mx\/dev\/wp-content\/uploads\/2022\/03\/XPG-gammix-s11-ssd-6.jpg 1920w, https:\/\/tzila.mx\/dev\/wp-content\/uploads\/2022\/03\/XPG-gammix-s11-ssd-6-400x135.jpg 400w, https:\/\/tzila.mx\/dev\/wp-content\/uploads\/2022\/03\/XPG-gammix-s11-ssd-6-1300x439.jpg 1300w, https:\/\/tzila.mx\/dev\/wp-content\/uploads\/2022\/03\/XPG-gammix-s11-ssd-6-768x259.jpg 768w, https:\/\/tzila.mx\/dev\/wp-content\/uploads\/2022\/03\/XPG-gammix-s11-ssd-6-1536x518.jpg 1536w, https:\/\/tzila.mx\/dev\/wp-content\/uploads\/2022\/03\/XPG-gammix-s11-ssd-6-860x290.jpg 860w, https:\/\/tzila.mx\/dev\/wp-content\/uploads\/2022\/03\/XPG-gammix-s11-ssd-6-430x145.jpg 430w, https:\/\/tzila.mx\/dev\/wp-content\/uploads\/2022\/03\/XPG-gammix-s11-ssd-6-700x236.jpg 700w, https:\/\/tzila.mx\/dev\/wp-content\/uploads\/2022\/03\/XPG-gammix-s11-ssd-6-150x51.jpg 150w\" sizes=\"auto, (max-width: 1920px) 100vw, 1920px\" \/>\t\t\t\t\t<\/div>\n\n\t\t\t\t<\/div>\n\t\t\t\t<\/div>\n\t\t\t\t\t<\/div>\n\t\t<\/div>\n\t\t\t\t\t\t\t<\/div>\n\t\t<\/section>\n\t\t\t\t<section class=\"elementor-section elementor-top-section elementor-element elementor-element-f335c48 elementor-section-boxed elementor-section-height-default elementor-section-height-default wd-section-disabled\" data-id=\"f335c48\" data-element_type=\"section\">\n\t\t\t\t\t\t<div class=\"elementor-container elementor-column-gap-default\">\n\t\t\t\t\t<div class=\"elementor-column elementor-col-33 elementor-top-column elementor-element elementor-element-b982906\" data-id=\"b982906\" data-element_type=\"column\">\n\t\t\t<div class=\"elementor-widget-wrap elementor-element-populated\">\n\t\t\t\t\t\t\t\t<div class=\"elementor-element elementor-element-ecdf1c9 elementor-widget elementor-widget-wd_text_block\" data-id=\"ecdf1c9\" data-element_type=\"widget\" data-widget_type=\"wd_text_block.default\">\n\t\t\t\t<div class=\"elementor-widget-container\">\n\t\t\t\t\t<div class=\"wd-text-block reset-last-child text-left\">\n\t\t\t\n\t\t\t<h4>Permanece fresca a velocidades asombrosas<\/h4><p>Al emplear la interfaz PCIe Gen3x4 extrarr\u00e1pida y admitir NVMe 1.3, la GAMMIX S11 Pro ofrece velocidades de lectura\/escritura ultrarr\u00e1pidas de hasta MB por segundo. Adem\u00e1s, el S11 Pro est\u00e1 encerrado en un disipador de calor que reduce las temperaturas de la SSD hasta en 10 \u00b0C. Equipado con 3D NAND Flash junto con almacenamiento en cach\u00e9 SLC, un b\u00fafer de cach\u00e9 DRAM, protecci\u00f3n de datos de extremo a extremo y tecnolog\u00eda LDPC ECC, mantiene altas velocidades e integridad de datos incluso durante juegos intensos, renderizado, overclocking y otras aplicaciones de alta demanda.<\/p>\n\t\t\t\t\t<\/div>\n\t\t\t\t<\/div>\n\t\t\t\t<\/div>\n\t\t\t\t<div class=\"elementor-element elementor-element-d99ba58 elementor-widget elementor-widget-wd_image_or_svg\" data-id=\"d99ba58\" data-element_type=\"widget\" data-widget_type=\"wd_image_or_svg.default\">\n\t\t\t\t<div class=\"elementor-widget-container\">\n\t\t\t\n\t\t<div class=\"wd-image text-center\">\n\t\t\t\t\t\t\t\t<img decoding=\"async\" src=\"https:\/\/tzila.mx\/dev\/wp-content\/uploads\/elementor\/thumbs\/XPG-gammix-s11-ssd-8-plwyd9u0eyff1tf60f0jxaaziobglp86iops0wd8sk.png\" title=\"XPG-gammix-s11-ssd-8\" alt=\"XPG-gammix-s11-ssd-8\" \/>\t\t\t\t\t<\/div>\n\n\t\t\t\t<\/div>\n\t\t\t\t<\/div>\n\t\t\t\t<div class=\"elementor-element elementor-element-92b92dc elementor-widget elementor-widget-wd_text_block\" data-id=\"92b92dc\" data-element_type=\"widget\" data-widget_type=\"wd_text_block.default\">\n\t\t\t\t<div class=\"elementor-widget-container\">\n\t\t\t\t\t<div class=\"wd-text-block reset-last-child text-left\">\n\t\t\t\n\t\t\t<h4>Acelerar hasta la victoria<\/h4><article data-v-b7353816=\"\"><p>Con la funci\u00f3n de almacenamiento en cach\u00e9 SLC y un b\u00fafer de cach\u00e9 DRAM, la unidad S11 Pro acelera las velocidades de lectura\/escritura hasta 3500\/3000 MB\/s y proporciona un rendimiento aleatorio de hasta 390 K\/380 K IOPS. Ya sea para arranque, juegos o transferencia de archivos grandes, la S11 Pro cumple estas tareas r\u00e1pida y eficientemente.<\/p><\/article>\n\t\t\t\t\t<\/div>\n\t\t\t\t<\/div>\n\t\t\t\t<\/div>\n\t\t\t\t\t<\/div>\n\t\t<\/div>\n\t\t\t\t<div class=\"elementor-column elementor-col-33 elementor-top-column elementor-element elementor-element-efcf9f4\" data-id=\"efcf9f4\" data-element_type=\"column\">\n\t\t\t<div class=\"elementor-widget-wrap elementor-element-populated\">\n\t\t\t\t\t\t\t\t<div class=\"elementor-element elementor-element-a9df69a elementor-widget elementor-widget-wd_text_block\" data-id=\"a9df69a\" data-element_type=\"widget\" data-widget_type=\"wd_text_block.default\">\n\t\t\t\t<div class=\"elementor-widget-container\">\n\t\t\t\t\t<div class=\"wd-text-block reset-last-child text-left\">\n\t\t\t\n\t\t\t<div class=\"row-content\" data-v-b7353816=\"\"><h4>Cabeza fr\u00eda en el fragor de la batalla<\/h4><article data-v-b7353816=\"\">Un disipador de calor con un dise\u00f1o inspirado en los veh\u00edculos deportivos hace que la unidad S11 Pro tenga un aspecto moderno y se mantenga refrigerada. En comparaci\u00f3n con las unidades de estado s\u00f3lido M.2 sin disipador de calor, la S11 Pro es hasta 10 \u00b0C m\u00e1s fr\u00eda, lo que ofrece una mayor estabilidad del sistema.<\/article><\/div>\n\t\t\t\t\t<\/div>\n\t\t\t\t<\/div>\n\t\t\t\t<\/div>\n\t\t\t\t<div class=\"elementor-element elementor-element-4844dfc elementor-widget elementor-widget-wd_image_or_svg\" data-id=\"4844dfc\" data-element_type=\"widget\" data-widget_type=\"wd_image_or_svg.default\">\n\t\t\t\t<div class=\"elementor-widget-container\">\n\t\t\t\n\t\t<div class=\"wd-image text-center\">\n\t\t\t\t\t\t\t\t<img decoding=\"async\" src=\"https:\/\/tzila.mx\/dev\/wp-content\/uploads\/elementor\/thumbs\/XPG-gammix-s11-ssd-10-plwydej7d4lunv8c8z1orr4ahloao6qu7bz7fa69xg.png\" title=\"XPG-gammix-s11-ssd-10\" alt=\"XPG-gammix-s11-ssd-10\" \/>\t\t\t\t\t<\/div>\n\n\t\t\t\t<\/div>\n\t\t\t\t<\/div>\n\t\t\t\t<div class=\"elementor-element elementor-element-43fb73f elementor-widget elementor-widget-wd_text_block\" data-id=\"43fb73f\" data-element_type=\"widget\" data-widget_type=\"wd_text_block.default\">\n\t\t\t\t<div class=\"elementor-widget-container\">\n\t\t\t\t\t<div class=\"wd-text-block reset-last-child text-left\">\n\t\t\t\n\t\t\t<h4>Rendimiento de vanguardia<\/h4><article data-v-b7353816=\"\"><p><span data-api=\"color: #333333; font-family: 'Segoe UI', \u5fae\u8edf\u6b63\u9ed1\u9ad4, 'Microsoft JhengHei', Arial, Helvetica, sans-serif; font-size: 22px; background-color: #ffffff;\">\u25cf Interfaz PCIe Gen3x4 : lectura\/escritura de hasta 3500\/3000 MB\/s<\/span><br data-api=\"box-sizing: border-box; color: #333333; font-family: 'Segoe UI', \u5fae\u8edf\u6b63\u9ed1\u9ad4, 'Microsoft JhengHei', Arial, Helvetica, sans-serif; font-size: 22px; background-color: #ffffff;\" \/><span data-api=\"color: #333333; font-family: 'Segoe UI', \u5fae\u8edf\u6b63\u9ed1\u9ad4, 'Microsoft JhengHei', Arial, Helvetica, sans-serif; font-size: 22px; background-color: #ffffff;\">\u25cf Compatible con NVMe 1.3<\/span><br data-api=\"box-sizing: border-box; color: #333333; font-family: 'Segoe UI', \u5fae\u8edf\u6b63\u9ed1\u9ad4, 'Microsoft JhengHei', Arial, Helvetica, sans-serif; font-size: 22px; background-color: #ffffff;\" \/><span data-api=\"color: #333333; font-family: 'Segoe UI', \u5fae\u8edf\u6b63\u9ed1\u9ad4, 'Microsoft JhengHei', Arial, Helvetica, sans-serif; font-size: 22px; background-color: #ffffff;\">\u25cf Flash NAND 3D de nueva generaci\u00f3n : Mayor capacidad, durabilidad y eficiencia energ\u00e9tica<\/span><br data-api=\"box-sizing: border-box; color: #333333; font-family: 'Segoe UI', \u5fae\u8edf\u6b63\u9ed1\u9ad4, 'Microsoft JhengHei', Arial, Helvetica, sans-serif; font-size: 22px; background-color: #ffffff;\" \/><span data-api=\"color: #333333; font-family: 'Segoe UI', \u5fae\u8edf\u6b63\u9ed1\u9ad4, 'Microsoft JhengHei', Arial, Helvetica, sans-serif; font-size: 22px; background-color: #ffffff;\">\u25cf Factor de forma M.2 2280 : admite equipos de sobremesa con las plataformas de Intel y AMD m\u00e1s recientes<\/span><br data-api=\"box-sizing: border-box; color: #333333; font-family: 'Segoe UI', \u5fae\u8edf\u6b63\u9ed1\u9ad4, 'Microsoft JhengHei', Arial, Helvetica, sans-serif; font-size: 22px; background-color: #ffffff;\" \/><span data-api=\"color: #333333; font-family: 'Segoe UI', \u5fae\u8edf\u6b63\u9ed1\u9ad4, 'Microsoft JhengHei', Arial, Helvetica, sans-serif; font-size: 22px; background-color: #ffffff;\">\u25cf Creado para profesionales : ideal para jugadores, apasionados de PC, expertos en aumento de la velocidad del reloj y profesionales de representaci\u00f3n de v\u00eddeo<\/span><\/p><\/article>\n\t\t\t\t\t<\/div>\n\t\t\t\t<\/div>\n\t\t\t\t<\/div>\n\t\t\t\t\t<\/div>\n\t\t<\/div>\n\t\t\t\t<div class=\"elementor-column elementor-col-33 elementor-top-column elementor-element elementor-element-dffdc91\" data-id=\"dffdc91\" data-element_type=\"column\">\n\t\t\t<div class=\"elementor-widget-wrap elementor-element-populated\">\n\t\t\t\t\t\t\t\t<div class=\"elementor-element elementor-element-e32ccb0 elementor-widget elementor-widget-wd_text_block\" data-id=\"e32ccb0\" data-element_type=\"widget\" data-widget_type=\"wd_text_block.default\">\n\t\t\t\t<div class=\"elementor-widget-container\">\n\t\t\t\t\t<div class=\"wd-text-block reset-last-child text-left\">\n\t\t\t\n\t\t\t<div class=\"row-content r-side\" data-v-b7353816=\"\"><h4>FLASH NAND 3D: mayores capacidades para m\u00e1s juegos<\/h4><article data-v-b7353816=\"\">Al implementar el Flash NAND 3D avanzada, la unidad S11 Pro ofrece mayores capacidades de almacenamiento de hasta 1 TB, proporcionando al mismo tiempo una mayor eficiencia, una confiabilidad robusta y un n\u00famero de bytes totales escritos alto (TBW, Total Bytes Written).<\/article><\/div>\n\t\t\t\t\t<\/div>\n\t\t\t\t<\/div>\n\t\t\t\t<\/div>\n\t\t\t\t<div class=\"elementor-element elementor-element-a953a45 elementor-widget elementor-widget-wd_text_block\" data-id=\"a953a45\" data-element_type=\"widget\" data-widget_type=\"wd_text_block.default\">\n\t\t\t\t<div class=\"elementor-widget-container\">\n\t\t\t\t\t<div class=\"wd-text-block reset-last-child text-left\">\n\t\t\t\n\t\t\t<h4>Integridad de datos, seguridad y estabilidad<\/h4><article data-v-b7353816=\"\">La unidad de estado s\u00f3lido GAMMIX S11 Pro admite la tecnolog\u00eda de c\u00f3digo de correcci\u00f3n de errores de comprobaci\u00f3n de paridad de baja densidad (LDPC, Low-Density Parity-Check) para detectar y corregir una gama m\u00e1s amplia de errores de datos para transferencias de datos m\u00e1s precisas. Al mismo tiempo, la protecci\u00f3n de datos integral y la compatibilidad con el motor RAID garantizan la seguridad de los datos y mejoran la estabilidad de la transmisi\u00f3n.<\/article>\n\t\t\t\t\t<\/div>\n\t\t\t\t<\/div>\n\t\t\t\t<\/div>\n\t\t\t\t<div class=\"elementor-element elementor-element-f535f0b elementor-widget elementor-widget-wd_text_block\" data-id=\"f535f0b\" data-element_type=\"widget\" data-widget_type=\"wd_text_block.default\">\n\t\t\t\t<div class=\"elementor-widget-container\">\n\t\t\t\t\t<div class=\"wd-text-block reset-last-child text-left\">\n\t\t\t\n\t\t\t<h4>Respaldo de una garant\u00eda de 5 a\u00f1os<\/h4><article data-v-b7353816=\"\">Todos los componentes de la unidad de estado s\u00f3lido GAMMIX S11 Pro han superado las meticulosas revisiones, pruebas y certificaciones. La unidad de estado s\u00f3lido GAMMIX S11 se entrega con la comodidad de una garant\u00eda de 5 a\u00f1os.<\/article>\n\t\t\t\t\t<\/div>\n\t\t\t\t<\/div>\n\t\t\t\t<\/div>\n\t\t\t\t<div class=\"elementor-element elementor-element-58d59e5 elementor-widget elementor-widget-wd_image_or_svg\" data-id=\"58d59e5\" data-element_type=\"widget\" data-widget_type=\"wd_image_or_svg.default\">\n\t\t\t\t<div class=\"elementor-widget-container\">\n\t\t\t\n\t\t<div class=\"wd-image text-center\">\n\t\t\t\t\t\t\t\t<img decoding=\"async\" src=\"https:\/\/tzila.mx\/dev\/wp-content\/uploads\/elementor\/thumbs\/XPG-gammix-s11-ssd-11-plwydiak4gqzyb2vn0o71q64v55riz5rjul5ce0p8k.png\" title=\"XPG-gammix-s11-ssd-11\" alt=\"XPG-gammix-s11-ssd-11\" \/>\t\t\t\t\t<\/div>\n\n\t\t\t\t<\/div>\n\t\t\t\t<\/div>\n\t\t\t\t<div class=\"elementor-element elementor-element-918d89e elementor-widget elementor-widget-wd_button\" data-id=\"918d89e\" data-element_type=\"widget\" data-widget_type=\"wd_button.default\">\n\t\t\t\t<div class=\"elementor-widget-container\">\n\t\t\t\t\t<div class=\"wd-button-wrapper text-center\" >\n\t\t\t<a class=\"btn btn-style-link btn-shape- btn-size-large btn-scheme-light btn-scheme-hover-dark btn-icon-pos-right\"  href=\"https:\/\/www.xpg.com\/es\/xpg\/596?tab=description\" target=\"_blank\">\n\t\t\t\t<span class=\"wd-btn-text\" data-elementor-setting-key=\"text\">\n\t\t\t\t\tSaber m\u00e1s\t\t\t\t<\/span>\n\n\t\t\t\t\t\t\t<\/a>\n\t\t<\/div>\n\t\t\t\t<\/div>\n\t\t\t\t<\/div>\n\t\t\t\t\t<\/div>\n\t\t<\/div>\n\t\t\t\t\t\t\t<\/div>\n\t\t<\/section>\n\t\t\t\t\t\t<\/div>\n\t\t\t\t\t<\/div>\n\t\t","protected":false},"excerpt":{"rendered":"<h4>Caracter\u00edsticas principales:<\/h4>\n<p class=\"p1\"><span class=\"s1\">\u25cf<\/span><span class=\"s2\"> SSD interno de hasta 2TB de capacidad<\/span><br \/>\n<span class=\"s1\">\u25cf <\/span>PCIe Gen3x4<br \/>\n<span class=\"s1\">\u25cf <\/span>M.2 2280<br \/>\n<span class=\"s1\">\u25cf<\/span><span class=\"s2\"> Lectura\/Escritura: hasta 3500\/3000 MB\/s<\/span><\/p>\n","protected":false},"featured_media":11645,"comment_status":"open","ping_status":"closed","template":"","meta":[],"product_cat":[20,77,97],"product_tag":[112],"class_list":["post-11642","product","type-product","status-publish","has-post-thumbnail","hentry","product_cat-hardware","product_cat-ssd-interno","product_cat-adata","product_tag-xpg","pa_brand-adata"],"_links":{"self":[{"href":"https:\/\/tzila.mx\/dev\/wp-json\/wp\/v2\/product\/11642","targetHints":{"allow":["GET"]}}],"collection":[{"href":"https:\/\/tzila.mx\/dev\/wp-json\/wp\/v2\/product"}],"about":[{"href":"https:\/\/tzila.mx\/dev\/wp-json\/wp\/v2\/types\/product"}],"replies":[{"embeddable":true,"href":"https:\/\/tzila.mx\/dev\/wp-json\/wp\/v2\/comments?post=11642"}],"version-history":[{"count":12,"href":"https:\/\/tzila.mx\/dev\/wp-json\/wp\/v2\/product\/11642\/revisions"}],"predecessor-version":[{"id":16095,"href":"https:\/\/tzila.mx\/dev\/wp-json\/wp\/v2\/product\/11642\/revisions\/16095"}],"wp:featuredmedia":[{"embeddable":true,"href":"https:\/\/tzila.mx\/dev\/wp-json\/wp\/v2\/media\/11645"}],"wp:attachment":[{"href":"https:\/\/tzila.mx\/dev\/wp-json\/wp\/v2\/media?parent=11642"}],"wp:term":[{"taxonomy":"product_cat","embeddable":true,"href":"https:\/\/tzila.mx\/dev\/wp-json\/wp\/v2\/product_cat?post=11642"},{"taxonomy":"product_tag","embeddable":true,"href":"https:\/\/tzila.mx\/dev\/wp-json\/wp\/v2\/product_tag?post=11642"}],"curies":[{"name":"wp","href":"https:\/\/api.w.org\/{rel}","templated":true}]}}