{"id":11597,"date":"2022-03-15T00:09:29","date_gmt":"2022-03-15T06:09:29","guid":{"rendered":"https:\/\/tzila.mx\/dev\/?post_type=product&#038;p=11597"},"modified":"2022-06-16T16:16:00","modified_gmt":"2022-06-16T21:16:00","slug":"memoria-ram-xpg-gammix-d45-ddr4-3600mhz","status":"publish","type":"product","link":"https:\/\/tzila.mx\/dev\/producto\/memoria-ram-xpg-gammix-d45-ddr4-3600mhz\/","title":{"rendered":"Memoria RAM XPG GAMMIX D45 DDR4 3600Mhz"},"content":{"rendered":"\t\t<div data-elementor-type=\"wp-post\" data-elementor-id=\"11597\" class=\"elementor elementor-11597\" data-elementor-settings=\"[]\">\n\t\t\t\t\t\t\t<div class=\"elementor-section-wrap\">\n\t\t\t\t\t\t\t<section class=\"elementor-section elementor-top-section elementor-element elementor-element-154fe09 elementor-section-boxed elementor-section-height-default elementor-section-height-default wd-section-disabled\" data-id=\"154fe09\" data-element_type=\"section\">\n\t\t\t\t\t\t<div class=\"elementor-container elementor-column-gap-default\">\n\t\t\t\t\t<div class=\"elementor-column elementor-col-33 elementor-top-column elementor-element elementor-element-f14913d\" data-id=\"f14913d\" data-element_type=\"column\">\n\t\t\t<div class=\"elementor-widget-wrap elementor-element-populated\">\n\t\t\t\t\t\t\t\t<div class=\"elementor-element elementor-element-3d30eaf elementor-widget elementor-widget-wd_text_block\" data-id=\"3d30eaf\" data-element_type=\"widget\" data-widget_type=\"wd_text_block.default\">\n\t\t\t\t<div class=\"elementor-widget-container\">\n\t\t\t\t\t<div class=\"wd-text-block reset-last-child text-left\">\n\t\t\t\n\t\t\t<h5><strong>M\u00c1S ESPECIFICACIONES<\/strong><strong>:<\/strong><\/h5>\n\t\t\t\t\t<\/div>\n\t\t\t\t<\/div>\n\t\t\t\t<\/div>\n\t\t\t\t<div class=\"elementor-element elementor-element-6d44079 elementor-widget elementor-widget-wd_text_block\" data-id=\"6d44079\" data-element_type=\"widget\" data-widget_type=\"wd_text_block.default\">\n\t\t\t\t<div class=\"elementor-widget-container\">\n\t\t\t\t\t<div class=\"wd-text-block reset-last-child text-left\">\n\t\t\t\n\t\t\t<section class=\"ksp-content darkdeep\" data-v-5a80533b=\"\"><p>\u25cf Absolutamente blanco nieve<br \/>\u25cf Aspecto resistente y rendimiento fiable <br \/>\u25cf Hecho para el aumento de la velocidad del reloj <br \/>\u25cf Compatible con las plataformas AMD m\u00e1s recientes<br \/>\u25cf Admite XMP 2.0 para aumento de la velocidad del reloj sin complicaciones\u00a0<\/p><\/section>\n\t\t\t\t\t<\/div>\n\t\t\t\t<\/div>\n\t\t\t\t<\/div>\n\t\t\t\t\t<\/div>\n\t\t<\/div>\n\t\t\t\t<div class=\"elementor-column elementor-col-66 elementor-top-column elementor-element elementor-element-1a0b71f\" data-id=\"1a0b71f\" data-element_type=\"column\">\n\t\t\t<div class=\"elementor-widget-wrap elementor-element-populated\">\n\t\t\t\t\t\t\t\t<div class=\"elementor-element elementor-element-6f6445b elementor-widget elementor-widget-wd_image_or_svg\" data-id=\"6f6445b\" data-element_type=\"widget\" data-widget_type=\"wd_image_or_svg.default\">\n\t\t\t\t<div class=\"elementor-widget-container\">\n\t\t\t\n\t\t<div class=\"wd-image text-center\">\n\t\t\t\t\t\t\t\t<img decoding=\"async\" src=\"https:\/\/tzila.mx\/dev\/wp-content\/uploads\/elementor\/thumbs\/XPG-gamix-XPG-d45-ddr4-6-plw23dk5auzek7305klidxhbp3fj17ijvt2xlw6xmg.png\" title=\"XPG-gamix-XPG-d45-ddr4-6\" alt=\"XPG-gamix-XPG-d45-ddr4-6\" \/>\t\t\t\t\t<\/div>\n\n\t\t\t\t<\/div>\n\t\t\t\t<\/div>\n\t\t\t\t\t<\/div>\n\t\t<\/div>\n\t\t\t\t\t\t\t<\/div>\n\t\t<\/section>\n\t\t\t\t<section class=\"elementor-section elementor-top-section elementor-element elementor-element-f335c48 elementor-section-boxed elementor-section-height-default elementor-section-height-default wd-section-disabled\" data-id=\"f335c48\" data-element_type=\"section\">\n\t\t\t\t\t\t<div class=\"elementor-container elementor-column-gap-default\">\n\t\t\t\t\t<div class=\"elementor-column elementor-col-33 elementor-top-column elementor-element elementor-element-dffdc91\" data-id=\"dffdc91\" data-element_type=\"column\">\n\t\t\t<div class=\"elementor-widget-wrap elementor-element-populated\">\n\t\t\t\t\t\t\t\t<div class=\"elementor-element elementor-element-9ce59d9 elementor-widget elementor-widget-wd_text_block\" data-id=\"9ce59d9\" data-element_type=\"widget\" data-widget_type=\"wd_text_block.default\">\n\t\t\t\t<div class=\"elementor-widget-container\">\n\t\t\t\t\t<div class=\"wd-text-block reset-last-child text-left\">\n\t\t\t\n\t\t\t<h4>SEA EL PRIMERO<\/h4><div class=\"row-content\" data-v-b7353816=\"\"><article data-v-b7353816=\"\"><p>Su GAMMIX D45 tambi\u00e9n se proporciona en blanco nieve para aquellos que buscan crear una estructura de PC completamente blanca.<\/p><\/article><\/div>\n\t\t\t\t\t<\/div>\n\t\t\t\t<\/div>\n\t\t\t\t<\/div>\n\t\t\t\t<div class=\"elementor-element elementor-element-39a7d6b elementor-widget elementor-widget-wd_image_or_svg\" data-id=\"39a7d6b\" data-element_type=\"widget\" data-widget_type=\"wd_image_or_svg.default\">\n\t\t\t\t<div class=\"elementor-widget-container\">\n\t\t\t\n\t\t<div class=\"wd-image text-left\">\n\t\t\t\t\t\t\t\t<img loading=\"lazy\" decoding=\"async\" width=\"789\" height=\"452\" src=\"https:\/\/tzila.mx\/dev\/wp-content\/uploads\/2022\/03\/XPG-gamix-XPG-d45-ddr4-8.png\" class=\"attachment-full size-full\" alt=\"\" srcset=\"https:\/\/tzila.mx\/dev\/wp-content\/uploads\/2022\/03\/XPG-gamix-XPG-d45-ddr4-8.png 789w, https:\/\/tzila.mx\/dev\/wp-content\/uploads\/2022\/03\/XPG-gamix-XPG-d45-ddr4-8-400x229.png 400w, https:\/\/tzila.mx\/dev\/wp-content\/uploads\/2022\/03\/XPG-gamix-XPG-d45-ddr4-8-768x440.png 768w, https:\/\/tzila.mx\/dev\/wp-content\/uploads\/2022\/03\/XPG-gamix-XPG-d45-ddr4-8-430x246.png 430w, https:\/\/tzila.mx\/dev\/wp-content\/uploads\/2022\/03\/XPG-gamix-XPG-d45-ddr4-8-700x401.png 700w, https:\/\/tzila.mx\/dev\/wp-content\/uploads\/2022\/03\/XPG-gamix-XPG-d45-ddr4-8-150x86.png 150w\" sizes=\"auto, (max-width: 789px) 100vw, 789px\" \/>\t\t\t\t\t<\/div>\n\n\t\t\t\t<\/div>\n\t\t\t\t<\/div>\n\t\t\t\t<div class=\"elementor-element elementor-element-f07e35d elementor-widget elementor-widget-wd_text_block\" data-id=\"f07e35d\" data-element_type=\"widget\" data-widget_type=\"wd_text_block.default\">\n\t\t\t\t<div class=\"elementor-widget-container\">\n\t\t\t\t\t<div class=\"wd-text-block reset-last-child text-left\">\n\t\t\t\n\t\t\t<h4>RESISTENTE Y FIABLE<\/h4><p>El GAMMIX D45, adem\u00e1s de parecerlo, es robusto y tiene un exterior de aluminio s\u00f3lido similar a una armadura con salientes resistentes y un rendimiento robusto.<\/p>\n\t\t\t\t\t<\/div>\n\t\t\t\t<\/div>\n\t\t\t\t<\/div>\n\t\t\t\t\t<\/div>\n\t\t<\/div>\n\t\t\t\t<div class=\"elementor-column elementor-col-33 elementor-top-column elementor-element elementor-element-f9a4072\" data-id=\"f9a4072\" data-element_type=\"column\">\n\t\t\t<div class=\"elementor-widget-wrap elementor-element-populated\">\n\t\t\t\t\t\t\t\t<div class=\"elementor-element elementor-element-4855378 elementor-widget elementor-widget-wd_image_or_svg\" data-id=\"4855378\" data-element_type=\"widget\" data-widget_type=\"wd_image_or_svg.default\">\n\t\t\t\t<div class=\"elementor-widget-container\">\n\t\t\t\n\t\t<div class=\"wd-image text-left\">\n\t\t\t\t\t\t\t\t<img loading=\"lazy\" decoding=\"async\" width=\"784\" height=\"451\" src=\"https:\/\/tzila.mx\/dev\/wp-content\/uploads\/2022\/03\/XPG-gamix-XPG-d45-ddr4-9.png\" class=\"attachment-full size-full\" alt=\"\" srcset=\"https:\/\/tzila.mx\/dev\/wp-content\/uploads\/2022\/03\/XPG-gamix-XPG-d45-ddr4-9.png 784w, https:\/\/tzila.mx\/dev\/wp-content\/uploads\/2022\/03\/XPG-gamix-XPG-d45-ddr4-9-400x230.png 400w, https:\/\/tzila.mx\/dev\/wp-content\/uploads\/2022\/03\/XPG-gamix-XPG-d45-ddr4-9-768x442.png 768w, https:\/\/tzila.mx\/dev\/wp-content\/uploads\/2022\/03\/XPG-gamix-XPG-d45-ddr4-9-430x247.png 430w, https:\/\/tzila.mx\/dev\/wp-content\/uploads\/2022\/03\/XPG-gamix-XPG-d45-ddr4-9-700x403.png 700w, https:\/\/tzila.mx\/dev\/wp-content\/uploads\/2022\/03\/XPG-gamix-XPG-d45-ddr4-9-150x86.png 150w\" sizes=\"auto, (max-width: 784px) 100vw, 784px\" \/>\t\t\t\t\t<\/div>\n\n\t\t\t\t<\/div>\n\t\t\t\t<\/div>\n\t\t\t\t<div class=\"elementor-element elementor-element-2a6ed12 elementor-widget elementor-widget-wd_text_block\" data-id=\"2a6ed12\" data-element_type=\"widget\" data-widget_type=\"wd_text_block.default\">\n\t\t\t\t<div class=\"elementor-widget-container\">\n\t\t\t\t\t<div class=\"wd-text-block reset-last-child text-left\">\n\t\t\t\n\t\t\t<h4>FUNCIONA CON LAS PLATAFORMAS AMD M\u00c1S RECIENTES<\/h4><p>El GAMMIX D45 se ha probado y verificado para que funcione con las plataformas AMD m\u00e1s recientes para una compatibilidad sin problemas y un excelente rendimiento de aumento de la velocidad del reloj.<\/p>\n\t\t\t\t\t<\/div>\n\t\t\t\t<\/div>\n\t\t\t\t<\/div>\n\t\t\t\t<div class=\"elementor-element elementor-element-cdccf39 elementor-widget elementor-widget-wd_text_block\" data-id=\"cdccf39\" data-element_type=\"widget\" data-widget_type=\"wd_text_block.default\">\n\t\t\t\t<div class=\"elementor-widget-container\">\n\t\t\t\t\t<div class=\"wd-text-block reset-last-child text-left\">\n\t\t\t\n\t\t\t<h4>COMPONENTES DE ALTA CALIDAD PARA UN RENDIMIENTO \u00d3PTIMO<\/h4><p>Utilizando solo chips IC y PCB de la m\u00e1s alta calidad, el GAMMIX D45 est\u00e1 dise\u00f1ado para ofrecer una estabilidad y un rendimiento de aumento de la velocidad del reloj \u00f3ptimos.<\/p>\n\t\t\t\t\t<\/div>\n\t\t\t\t<\/div>\n\t\t\t\t<\/div>\n\t\t\t\t\t<\/div>\n\t\t<\/div>\n\t\t\t\t<div class=\"elementor-column elementor-col-33 elementor-top-column elementor-element elementor-element-ffeafee\" data-id=\"ffeafee\" data-element_type=\"column\">\n\t\t\t<div class=\"elementor-widget-wrap elementor-element-populated\">\n\t\t\t\t\t\t\t\t<div class=\"elementor-element elementor-element-933536a elementor-widget elementor-widget-wd_text_block\" data-id=\"933536a\" data-element_type=\"widget\" data-widget_type=\"wd_text_block.default\">\n\t\t\t\t<div class=\"elementor-widget-container\">\n\t\t\t\t\t<div class=\"wd-text-block reset-last-child text-left\">\n\t\t\t\n\t\t\t<h4>ADMITE INTEL\u00ae XMP 2.0<\/h4><p>Intel<sup>\u00ae<\/sup> Extreme Memory Profile (XMP) 2.0 hace que el aumento de la velocidad del reloj resulte sencillo y mejora la estabilidad del sistema. En lugar de ajustar par\u00e1metros individuales en el BIOS, puede hacerlo perfectamente a trav\u00e9s del sistema operativo de su PC.<\/p>\n\t\t\t\t\t<\/div>\n\t\t\t\t<\/div>\n\t\t\t\t<\/div>\n\t\t\t\t<div class=\"elementor-element elementor-element-d27798c elementor-widget elementor-widget-wd_image_or_svg\" data-id=\"d27798c\" data-element_type=\"widget\" data-widget_type=\"wd_image_or_svg.default\">\n\t\t\t\t<div class=\"elementor-widget-container\">\n\t\t\t\n\t\t<div class=\"wd-image text-left\">\n\t\t\t\t\t\t\t\t<img loading=\"lazy\" decoding=\"async\" width=\"779\" height=\"465\" src=\"https:\/\/tzila.mx\/dev\/wp-content\/uploads\/2022\/03\/XPG-gamix-XPG-d45-ddr4-7.png\" class=\"attachment-full size-full\" alt=\"\" srcset=\"https:\/\/tzila.mx\/dev\/wp-content\/uploads\/2022\/03\/XPG-gamix-XPG-d45-ddr4-7.png 779w, https:\/\/tzila.mx\/dev\/wp-content\/uploads\/2022\/03\/XPG-gamix-XPG-d45-ddr4-7-400x239.png 400w, https:\/\/tzila.mx\/dev\/wp-content\/uploads\/2022\/03\/XPG-gamix-XPG-d45-ddr4-7-768x458.png 768w, https:\/\/tzila.mx\/dev\/wp-content\/uploads\/2022\/03\/XPG-gamix-XPG-d45-ddr4-7-430x257.png 430w, https:\/\/tzila.mx\/dev\/wp-content\/uploads\/2022\/03\/XPG-gamix-XPG-d45-ddr4-7-700x418.png 700w, https:\/\/tzila.mx\/dev\/wp-content\/uploads\/2022\/03\/XPG-gamix-XPG-d45-ddr4-7-150x90.png 150w\" sizes=\"auto, (max-width: 779px) 100vw, 779px\" \/>\t\t\t\t\t<\/div>\n\n\t\t\t\t<\/div>\n\t\t\t\t<\/div>\n\t\t\t\t<div class=\"elementor-element elementor-element-192bab2 elementor-widget elementor-widget-wd_button\" data-id=\"192bab2\" data-element_type=\"widget\" data-widget_type=\"wd_button.default\">\n\t\t\t\t<div class=\"elementor-widget-container\">\n\t\t\t\t\t<div class=\"wd-button-wrapper text-center\" >\n\t\t\t<a class=\"btn btn-style-link btn-shape- btn-size-large btn-scheme-light btn-scheme-hover-dark btn-icon-pos-right\"  href=\"https:\/\/webapi3.adata.com\/storage\/downloadfile\/datasheet_xpg_gammix_d45_ddr4_dram_20220128.pdf\" target=\"_blank\">\n\t\t\t\t<span class=\"wd-btn-text\" data-elementor-setting-key=\"text\">\n\t\t\t\t\tSaber m\u00e1s\t\t\t\t<\/span>\n\n\t\t\t\t\t\t\t<\/a>\n\t\t<\/div>\n\t\t\t\t<\/div>\n\t\t\t\t<\/div>\n\t\t\t\t\t<\/div>\n\t\t<\/div>\n\t\t\t\t\t\t\t<\/div>\n\t\t<\/section>\n\t\t\t\t\t\t<\/div>\n\t\t\t\t\t<\/div>\n\t\t","protected":false},"excerpt":{"rendered":"<h4>Caracter\u00edsticas principales:<\/h4>\n<p class=\"p1\"><span class=\"s1\">\u25cf<\/span><span class=\"s2\"> Capacidad memoria: 8<strong>GB<\/strong> (1x8GB), 16<strong>GB<\/strong> (1x16GB)<\/span><br \/>\n<span class=\"s1\">\u25cf<\/span><span class=\"s2\"> Velocidad: de hasta 3600MHZ<\/span><br \/>\n<span class=\"s1\">\u25cf<\/span><span class=\"s2\"> Latencia CAS: CL18, CL22<\/span><br \/>\n<span class=\"s1\">\u25cf<\/span><span class=\"s2\"> Soporte <span dir=\"ltr\" role=\"presentation\">Intel\u00ae Extreme Memory Profiles (Intel\u00ae XMP)<\/span><\/span><\/p>\n","protected":false},"featured_media":11599,"comment_status":"open","ping_status":"closed","template":"","meta":[],"product_cat":[20,74,97],"product_tag":[112],"class_list":["post-11597","product","type-product","status-publish","has-post-thumbnail","hentry","product_cat-hardware","product_cat-memoria-ram","product_cat-adata","product_tag-xpg","pa_brand-adata"],"_links":{"self":[{"href":"https:\/\/tzila.mx\/dev\/wp-json\/wp\/v2\/product\/11597","targetHints":{"allow":["GET"]}}],"collection":[{"href":"https:\/\/tzila.mx\/dev\/wp-json\/wp\/v2\/product"}],"about":[{"href":"https:\/\/tzila.mx\/dev\/wp-json\/wp\/v2\/types\/product"}],"replies":[{"embeddable":true,"href":"https:\/\/tzila.mx\/dev\/wp-json\/wp\/v2\/comments?post=11597"}],"version-history":[{"count":13,"href":"https:\/\/tzila.mx\/dev\/wp-json\/wp\/v2\/product\/11597\/revisions"}],"predecessor-version":[{"id":11622,"href":"https:\/\/tzila.mx\/dev\/wp-json\/wp\/v2\/product\/11597\/revisions\/11622"}],"wp:featuredmedia":[{"embeddable":true,"href":"https:\/\/tzila.mx\/dev\/wp-json\/wp\/v2\/media\/11599"}],"wp:attachment":[{"href":"https:\/\/tzila.mx\/dev\/wp-json\/wp\/v2\/media?parent=11597"}],"wp:term":[{"taxonomy":"product_cat","embeddable":true,"href":"https:\/\/tzila.mx\/dev\/wp-json\/wp\/v2\/product_cat?post=11597"},{"taxonomy":"product_tag","embeddable":true,"href":"https:\/\/tzila.mx\/dev\/wp-json\/wp\/v2\/product_tag?post=11597"}],"curies":[{"name":"wp","href":"https:\/\/api.w.org\/{rel}","templated":true}]}}