{"id":11518,"date":"2022-03-14T21:50:40","date_gmt":"2022-03-15T03:50:40","guid":{"rendered":"https:\/\/tzila.mx\/dev\/?post_type=product&#038;p=11518"},"modified":"2022-06-16T16:14:21","modified_gmt":"2022-06-16T21:14:21","slug":"memoria-ram-xpg-gammix-d10-ddr4-3200mhz","status":"publish","type":"product","link":"https:\/\/tzila.mx\/dev\/producto\/memoria-ram-xpg-gammix-d10-ddr4-3200mhz\/","title":{"rendered":"Memoria RAM XPG GAMMIX D10 DDR4 3200Mhz"},"content":{"rendered":"\t\t<div data-elementor-type=\"wp-post\" data-elementor-id=\"11518\" class=\"elementor elementor-11518\" data-elementor-settings=\"[]\">\n\t\t\t\t\t\t\t<div class=\"elementor-section-wrap\">\n\t\t\t\t\t\t\t<section class=\"elementor-section elementor-top-section elementor-element elementor-element-154fe09 elementor-section-boxed elementor-section-height-default elementor-section-height-default wd-section-disabled\" data-id=\"154fe09\" data-element_type=\"section\">\n\t\t\t\t\t\t<div class=\"elementor-container elementor-column-gap-default\">\n\t\t\t\t\t<div class=\"elementor-column elementor-col-33 elementor-top-column elementor-element elementor-element-f14913d\" data-id=\"f14913d\" data-element_type=\"column\">\n\t\t\t<div class=\"elementor-widget-wrap elementor-element-populated\">\n\t\t\t\t\t\t\t\t<div class=\"elementor-element elementor-element-3d30eaf elementor-widget elementor-widget-wd_text_block\" data-id=\"3d30eaf\" data-element_type=\"widget\" data-widget_type=\"wd_text_block.default\">\n\t\t\t\t<div class=\"elementor-widget-container\">\n\t\t\t\t\t<div class=\"wd-text-block reset-last-child text-left\">\n\t\t\t\n\t\t\t<h5><strong>M\u00c1S ESPECIFICACIONES<\/strong><strong>:<\/strong><\/h5>\n\t\t\t\t\t<\/div>\n\t\t\t\t<\/div>\n\t\t\t\t<\/div>\n\t\t\t\t<div class=\"elementor-element elementor-element-6d44079 elementor-widget elementor-widget-wd_text_block\" data-id=\"6d44079\" data-element_type=\"widget\" data-widget_type=\"wd_text_block.default\">\n\t\t\t\t<div class=\"elementor-widget-container\">\n\t\t\t\t\t<div class=\"wd-text-block reset-last-child text-left\">\n\t\t\t\n\t\t\t<p class=\"p1\"><span class=\"s1\">\u25cf<\/span><span class=\"s2\"> Dise\u00f1o \u00fanico del disipador de calor<\/span><br \/><span class=\"s1\">\u25cf<\/span><span class=\"s2\"> Disipador t\u00e9rmico de perfil bajo para una instalaci\u00f3n sin esfuerzo<\/span><br \/><span class=\"s1\">\u25cf<\/span><span class=\"s2\"> DDR4 - gran rendimiento y eficiencia energ\u00e9tica<\/span><br \/><span class=\"s1\">\u25cf<\/span><span class=\"s2\"> Excelente enfriamiento y estabilidad<\/span><br \/><span class=\"s1\">\u25cf<\/span><span class=\"s2\"> Intel XMP 2.0 - overclocking m\u00e1s accesible<\/span><\/p>\n\t\t\t\t\t<\/div>\n\t\t\t\t<\/div>\n\t\t\t\t<\/div>\n\t\t\t\t\t<\/div>\n\t\t<\/div>\n\t\t\t\t<div class=\"elementor-column elementor-col-66 elementor-top-column elementor-element elementor-element-1a0b71f\" data-id=\"1a0b71f\" data-element_type=\"column\">\n\t\t\t<div class=\"elementor-widget-wrap elementor-element-populated\">\n\t\t\t\t\t\t\t\t<div class=\"elementor-element elementor-element-6f6445b elementor-widget elementor-widget-wd_image_or_svg\" data-id=\"6f6445b\" data-element_type=\"widget\" data-widget_type=\"wd_image_or_svg.default\">\n\t\t\t\t<div class=\"elementor-widget-container\">\n\t\t\t\n\t\t<div class=\"wd-image text-center\">\n\t\t\t\t\t\t\t\t<img decoding=\"async\" src=\"https:\/\/tzila.mx\/dev\/wp-content\/uploads\/elementor\/thumbs\/XPG-spectrix-XPG-spectrix-d110-ddr4-8-plvvz5xc65jn1kamdgihrltpz7a0zv9kvcfm358ae8.png\" title=\"XPG-spectrix-XPG-spectrix-d110-ddr4-8\" alt=\"XPG-spectrix-XPG-spectrix-d110-ddr4-8\" \/>\t\t\t\t\t<\/div>\n\n\t\t\t\t<\/div>\n\t\t\t\t<\/div>\n\t\t\t\t\t<\/div>\n\t\t<\/div>\n\t\t\t\t\t\t\t<\/div>\n\t\t<\/section>\n\t\t\t\t<section class=\"elementor-section elementor-top-section elementor-element elementor-element-f335c48 elementor-section-boxed elementor-section-height-default elementor-section-height-default wd-section-disabled\" data-id=\"f335c48\" data-element_type=\"section\">\n\t\t\t\t\t\t<div class=\"elementor-container elementor-column-gap-default\">\n\t\t\t\t\t<div class=\"elementor-column elementor-col-33 elementor-top-column elementor-element elementor-element-dffdc91\" data-id=\"dffdc91\" data-element_type=\"column\">\n\t\t\t<div class=\"elementor-widget-wrap elementor-element-populated\">\n\t\t\t\t\t\t\t\t<div class=\"elementor-element elementor-element-9ce59d9 elementor-widget elementor-widget-wd_text_block\" data-id=\"9ce59d9\" data-element_type=\"widget\" data-widget_type=\"wd_text_block.default\">\n\t\t\t\t<div class=\"elementor-widget-container\">\n\t\t\t\t\t<div class=\"wd-text-block reset-last-child text-left\">\n\t\t\t\n\t\t\t<h4>Factor X con dientes adicionales<\/h4><div class=\"row-content\" data-v-b7353816=\"\"><article data-v-b7353816=\"\"><p><span data-api=\"color: #aaaaaa; font-family: 'Maven Pro', 'Segoe UI', \u5fae\u8edf\u6b63\u9ed1\u9ad4, 'Microsoft JhengHei', Arial, Helvetica, sans-serif; font-size: 22px; background-color: #000000;\">Los m\u00f3dulos de memoria XPG GAMMIX D10 DDR4 han sido dise\u00f1ados para jugadores y entusiastas del PC y son compatibles con la nueva implementaci\u00f3n Intel X299 m\u00e1s SPD 2666MHz, con velocidades de f\u00e1brica de hasta 3600MHz directamente. Con PCBs de alta calidad, el D10 mejora la calidad de transferencia de la se\u00f1al y mantiene un funcionamiento estable en todo momento. Tambi\u00e9n es compatible con Intel XMP 2.0 para un overclocking m\u00e1s r\u00e1pido y seguro. Disponibles en negro y rojo, el D10 tiene un llamativo<\/span><br data-api=\"box-sizing: border-box; margin: 0px; padding: 0px; color: #aaaaaa; font-family: 'Maven Pro', 'Segoe UI', \u5fae\u8edf\u6b63\u9ed1\u9ad4, 'Microsoft JhengHei', Arial, Helvetica, sans-serif; font-size: 22px; background-color: #000000;\" \/><span data-api=\"color: #aaaaaa; font-family: 'Maven Pro', 'Segoe UI', \u5fae\u8edf\u6b63\u9ed1\u9ad4, 'Microsoft JhengHei', Arial, Helvetica, sans-serif; font-size: 22px; background-color: #000000;\">disipador de calor dentado abierto por arriba y 57 gramos de cobre para un excelente rendimiento de refrigeraci\u00f3n gracias a una eliminaci\u00f3n del calor r\u00e1pida. Adem\u00e1s, su baja altura permite una f\u00e1cil instalaci\u00f3n incluso en sistemas con espacio limitado. Como todos los m\u00f3dulos de memoria ADATA, el GAMMIX D10 viene con una garant\u00eda de por vida respaldada por un servicio excelente para una mayor tranquilidad.<\/span><\/p><\/article><\/div>\n\t\t\t\t\t<\/div>\n\t\t\t\t<\/div>\n\t\t\t\t<\/div>\n\t\t\t\t<div class=\"elementor-element elementor-element-39a7d6b elementor-widget elementor-widget-wd_image_or_svg\" data-id=\"39a7d6b\" data-element_type=\"widget\" data-widget_type=\"wd_image_or_svg.default\">\n\t\t\t\t<div class=\"elementor-widget-container\">\n\t\t\t\n\t\t<div class=\"wd-image text-left\">\n\t\t\t\t\t\t\t\t<img decoding=\"async\" src=\"https:\/\/tzila.mx\/dev\/wp-content\/uploads\/elementor\/thumbs\/XPG-spectrix-XPG-spectrix-d110-ddr4-6-plvvyzcbyw6lq1y3sg8sx5m2toojomm4rq017h62m0.png\" title=\"XPG-spectrix-XPG-spectrix-d110-ddr4-6\" alt=\"XPG-spectrix-XPG-spectrix-d110-ddr4-6\" \/>\t\t\t\t\t<\/div>\n\n\t\t\t\t<\/div>\n\t\t\t\t<\/div>\n\t\t\t\t\t<\/div>\n\t\t<\/div>\n\t\t\t\t<div class=\"elementor-column elementor-col-33 elementor-top-column elementor-element elementor-element-f9a4072\" data-id=\"f9a4072\" data-element_type=\"column\">\n\t\t\t<div class=\"elementor-widget-wrap elementor-element-populated\">\n\t\t\t\t\t\t\t\t<div class=\"elementor-element elementor-element-f07e35d elementor-widget elementor-widget-wd_text_block\" data-id=\"f07e35d\" data-element_type=\"widget\" data-widget_type=\"wd_text_block.default\">\n\t\t\t\t<div class=\"elementor-widget-container\">\n\t\t\t\t\t<div class=\"wd-text-block reset-last-child text-left\">\n\t\t\t\n\t\t\t<h4>Dise\u00f1o \u00fanico del disipador de calor<\/h4><p>\u25cf Escudo t\u00e9rmico abierto para una mejor disipaci\u00f3n<br \/>\u25cf Disipador de dientes con rayas de plata que hace que el sistema tenga un aspecto fresco<br \/>\u25cf Modelos en negro o rojo, ambos con PCB negro - perfecto para combinar con todas las placas base<\/p>\n\t\t\t\t\t<\/div>\n\t\t\t\t<\/div>\n\t\t\t\t<\/div>\n\t\t\t\t<div class=\"elementor-element elementor-element-4855378 elementor-widget elementor-widget-wd_image_or_svg\" data-id=\"4855378\" data-element_type=\"widget\" data-widget_type=\"wd_image_or_svg.default\">\n\t\t\t\t<div class=\"elementor-widget-container\">\n\t\t\t\n\t\t<div class=\"wd-image text-left\">\n\t\t\t\t\t\t\t\t<img decoding=\"async\" src=\"https:\/\/tzila.mx\/dev\/wp-content\/uploads\/elementor\/thumbs\/XPG-spectrix-XPG-spectrix-d110-ddr4-7-plvvz25ujeagovu0bzgommwgluanbpxbs3yhnb1w3c.png\" title=\"XPG-spectrix-XPG-spectrix-d110-ddr4-7\" alt=\"XPG-spectrix-XPG-spectrix-d110-ddr4-7\" \/>\t\t\t\t\t<\/div>\n\n\t\t\t\t<\/div>\n\t\t\t\t<\/div>\n\t\t\t\t<div class=\"elementor-element elementor-element-cdccf39 elementor-widget elementor-widget-wd_text_block\" data-id=\"cdccf39\" data-element_type=\"widget\" data-widget_type=\"wd_text_block.default\">\n\t\t\t\t<div class=\"elementor-widget-container\">\n\t\t\t\t\t<div class=\"wd-text-block reset-last-child text-left\">\n\t\t\t\n\t\t\t<h4>DDR4 - gran rendimiento y eficiencia energ\u00e9tica<\/h4><p>El GAMMIX D10 es compatible con la nueva plataforma Intel X299 e implementa SPD 2666MHz. El voltaje de funcionamiento es 1,2V en comparaci\u00f3n con los 1,5V de los DDR3 m\u00e1s antiguos, lo cual supone una reducci\u00f3n del 20% del consumo energ\u00e9tico. Esto mantiene los sistemas m\u00e1s fr\u00edos, m\u00e1s estables y m\u00e1s eficientes en energ\u00eda. El GAMMIX D10 realiza overclocking f\u00e1cilmente con apenas 1,35V, alcanzando frecuencias de reloj mucho m\u00e1s altas que DDR3 para llegar f\u00e1cilmente a los 3600MHz de f\u00e1brica - con m\u00e1s potencial disponible para los overclockers dedicados.<\/p>\n\t\t\t\t\t<\/div>\n\t\t\t\t<\/div>\n\t\t\t\t<\/div>\n\t\t\t\t\t<\/div>\n\t\t<\/div>\n\t\t\t\t<div class=\"elementor-column elementor-col-33 elementor-top-column elementor-element elementor-element-ffeafee\" data-id=\"ffeafee\" data-element_type=\"column\">\n\t\t\t<div class=\"elementor-widget-wrap elementor-element-populated\">\n\t\t\t\t\t\t\t\t<div class=\"elementor-element elementor-element-2a6ed12 elementor-widget elementor-widget-wd_text_block\" data-id=\"2a6ed12\" data-element_type=\"widget\" data-widget_type=\"wd_text_block.default\">\n\t\t\t\t<div class=\"elementor-widget-container\">\n\t\t\t\t\t<div class=\"wd-text-block reset-last-child text-left\">\n\t\t\t\n\t\t\t<h4>Disipador t\u00e9rmico de perfil bajo para una instalaci\u00f3n sin esfuerzo<\/h4><p>Gracias a su dise\u00f1o de bajo perfil, el D10 puede instalarse f\u00e1cilmente incluso en torres peque\u00f1as con espacio limitado.<\/p>\n\t\t\t\t\t<\/div>\n\t\t\t\t<\/div>\n\t\t\t\t<\/div>\n\t\t\t\t<div class=\"elementor-element elementor-element-933536a elementor-widget elementor-widget-wd_text_block\" data-id=\"933536a\" data-element_type=\"widget\" data-widget_type=\"wd_text_block.default\">\n\t\t\t\t<div class=\"elementor-widget-container\">\n\t\t\t\t\t<div class=\"wd-text-block reset-last-child text-left\">\n\t\t\t\n\t\t\t<h4>Intel XMP 2.0 - overclocking m\u00e1s accesible<\/h4><p>Con soporte para Intel XMP (Extreme Memory Profile) 2.0, los m\u00f3dulos de memoria GAMMIX D10 permiten realizar overclocking y ajustarlo desde el SO sin cambios en el BIOS, facilitando su uso y mejorando la estabilidad del sistema.<\/p>\n\t\t\t\t\t<\/div>\n\t\t\t\t<\/div>\n\t\t\t\t<\/div>\n\t\t\t\t<div class=\"elementor-element elementor-element-6b91025 elementor-widget elementor-widget-wd_text_block\" data-id=\"6b91025\" data-element_type=\"widget\" data-widget_type=\"wd_text_block.default\">\n\t\t\t\t<div class=\"elementor-widget-container\">\n\t\t\t\t\t<div class=\"wd-text-block reset-last-child text-left\">\n\t\t\t\n\t\t\t<h4>Excelente enfriamiento y estabilidad<\/h4><p>Para los entusiastas de los PC y jugadores, una buena estabilidad del sistema es importante, por lo que el GAMMIX D10 incluye circuitos impresos (PCBs) de alta calidad para mejorar la calidad en la transferencia de la se\u00f1al y mantener una gran estabilidad incluso cuando el sistema funciona a altas velocidades o realiza multitarea pesada.<\/p>\n\t\t\t\t\t<\/div>\n\t\t\t\t<\/div>\n\t\t\t\t<\/div>\n\t\t\t\t<div class=\"elementor-element elementor-element-d27798c elementor-widget elementor-widget-wd_image_or_svg\" data-id=\"d27798c\" data-element_type=\"widget\" data-widget_type=\"wd_image_or_svg.default\">\n\t\t\t\t<div class=\"elementor-widget-container\">\n\t\t\t\n\t\t<div class=\"wd-image text-left\">\n\t\t\t\t\t\t\t\t<img decoding=\"async\" src=\"https:\/\/tzila.mx\/dev\/wp-content\/uploads\/elementor\/thumbs\/XPG-spectrix-XPG-spectrix-d110-ddr4-5-plvvywitee2qr8278x0x7obp1j2g1jaxrc1krna94o.jpg\" title=\"XPG-spectrix-XPG-spectrix-d110-ddr4-5\" alt=\"XPG-spectrix-XPG-spectrix-d110-ddr4-5\" \/>\t\t\t\t\t<\/div>\n\n\t\t\t\t<\/div>\n\t\t\t\t<\/div>\n\t\t\t\t<div class=\"elementor-element elementor-element-192bab2 elementor-widget elementor-widget-wd_button\" data-id=\"192bab2\" data-element_type=\"widget\" data-widget_type=\"wd_button.default\">\n\t\t\t\t<div class=\"elementor-widget-container\">\n\t\t\t\t\t<div class=\"wd-button-wrapper text-center\" >\n\t\t\t<a class=\"btn btn-style-link btn-shape- btn-size-large btn-scheme-light btn-scheme-hover-dark btn-icon-pos-right\"  href=\"https:\/\/webapi3.adata.com\/storage\/downloadfile\/datasheet_xpg_gammix_d10_ddr4_memory_module_20211005.pdf\" target=\"_blank\">\n\t\t\t\t<span class=\"wd-btn-text\" data-elementor-setting-key=\"text\">\n\t\t\t\t\tSaber m\u00e1s\t\t\t\t<\/span>\n\n\t\t\t\t\t\t\t<\/a>\n\t\t<\/div>\n\t\t\t\t<\/div>\n\t\t\t\t<\/div>\n\t\t\t\t\t<\/div>\n\t\t<\/div>\n\t\t\t\t\t\t\t<\/div>\n\t\t<\/section>\n\t\t\t\t\t\t<\/div>\n\t\t\t\t\t<\/div>\n\t\t","protected":false},"excerpt":{"rendered":"<h4>Caracter\u00edsticas principales:<\/h4>\n<p class=\"p1\"><span class=\"s1\">\u25cf<\/span><span class=\"s2\"> Capacidad memoria: 8<strong>GB<\/strong> (1x8GB) 16<strong>GB<\/strong> (1x16GB)<\/span><br \/>\n<span class=\"s1\">\u25cf<\/span><span class=\"s2\"> Velocidad: de hasta 3200MHZ<\/span><br \/>\n<span class=\"s1\">\u25cf<\/span><span class=\"s2\"> Latencia CAS: CL14, CL16<\/span><br \/>\n<span class=\"s1\">\u25cf<\/span><span class=\"s2\"> Soporte <span dir=\"ltr\" role=\"presentation\">Intel\u00ae Extreme Memory Profiles (Intel\u00ae XMP)<\/span><\/span><\/p>\n","protected":false},"featured_media":11521,"comment_status":"open","ping_status":"closed","template":"","meta":[],"product_cat":[20,74,97],"product_tag":[112],"class_list":["post-11518","product","type-product","status-publish","has-post-thumbnail","hentry","product_cat-hardware","product_cat-memoria-ram","product_cat-adata","product_tag-xpg","pa_brand-adata"],"_links":{"self":[{"href":"https:\/\/tzila.mx\/dev\/wp-json\/wp\/v2\/product\/11518","targetHints":{"allow":["GET"]}}],"collection":[{"href":"https:\/\/tzila.mx\/dev\/wp-json\/wp\/v2\/product"}],"about":[{"href":"https:\/\/tzila.mx\/dev\/wp-json\/wp\/v2\/types\/product"}],"replies":[{"embeddable":true,"href":"https:\/\/tzila.mx\/dev\/wp-json\/wp\/v2\/comments?post=11518"}],"version-history":[{"count":31,"href":"https:\/\/tzila.mx\/dev\/wp-json\/wp\/v2\/product\/11518\/revisions"}],"predecessor-version":[{"id":16104,"href":"https:\/\/tzila.mx\/dev\/wp-json\/wp\/v2\/product\/11518\/revisions\/16104"}],"wp:featuredmedia":[{"embeddable":true,"href":"https:\/\/tzila.mx\/dev\/wp-json\/wp\/v2\/media\/11521"}],"wp:attachment":[{"href":"https:\/\/tzila.mx\/dev\/wp-json\/wp\/v2\/media?parent=11518"}],"wp:term":[{"taxonomy":"product_cat","embeddable":true,"href":"https:\/\/tzila.mx\/dev\/wp-json\/wp\/v2\/product_cat?post=11518"},{"taxonomy":"product_tag","embeddable":true,"href":"https:\/\/tzila.mx\/dev\/wp-json\/wp\/v2\/product_tag?post=11518"}],"curies":[{"name":"wp","href":"https:\/\/api.w.org\/{rel}","templated":true}]}}