{"id":11461,"date":"2022-03-14T19:42:50","date_gmt":"2022-03-15T01:42:50","guid":{"rendered":"https:\/\/tzila.mx\/dev\/?post_type=product&#038;p=11461"},"modified":"2022-06-16T16:17:07","modified_gmt":"2022-06-16T21:17:07","slug":"memoria-ram-xpg-spectrix-d45g-ddr4-rgb-3600mhz","status":"publish","type":"product","link":"https:\/\/tzila.mx\/dev\/producto\/memoria-ram-xpg-spectrix-d45g-ddr4-rgb-3600mhz\/","title":{"rendered":"Memoria RAM XPG SPECTRIX D45G DDR4 RGB 3600Mhz"},"content":{"rendered":"\t\t<div data-elementor-type=\"wp-post\" data-elementor-id=\"11461\" class=\"elementor elementor-11461\" data-elementor-settings=\"[]\">\n\t\t\t\t\t\t\t<div class=\"elementor-section-wrap\">\n\t\t\t\t\t\t\t<section class=\"elementor-section elementor-top-section elementor-element elementor-element-154fe09 elementor-section-boxed elementor-section-height-default elementor-section-height-default wd-section-disabled\" data-id=\"154fe09\" data-element_type=\"section\">\n\t\t\t\t\t\t<div class=\"elementor-container elementor-column-gap-default\">\n\t\t\t\t\t<div class=\"elementor-column elementor-col-33 elementor-top-column elementor-element elementor-element-f14913d\" data-id=\"f14913d\" data-element_type=\"column\">\n\t\t\t<div class=\"elementor-widget-wrap elementor-element-populated\">\n\t\t\t\t\t\t\t\t<div class=\"elementor-element elementor-element-3d30eaf elementor-widget elementor-widget-wd_text_block\" data-id=\"3d30eaf\" data-element_type=\"widget\" data-widget_type=\"wd_text_block.default\">\n\t\t\t\t<div class=\"elementor-widget-container\">\n\t\t\t\t\t<div class=\"wd-text-block reset-last-child text-left\">\n\t\t\t\n\t\t\t<h5><strong>M\u00c1S ESPECIFICACIONES<\/strong><strong>:<\/strong><\/h5>\n\t\t\t\t\t<\/div>\n\t\t\t\t<\/div>\n\t\t\t\t<\/div>\n\t\t\t\t<div class=\"elementor-element elementor-element-6d44079 elementor-widget elementor-widget-wd_text_block\" data-id=\"6d44079\" data-element_type=\"widget\" data-widget_type=\"wd_text_block.default\">\n\t\t\t\t<div class=\"elementor-widget-container\">\n\t\t\t\t\t<div class=\"wd-text-block reset-last-child text-left\">\n\t\t\t\n\t\t\t<p class=\"p1\"><span class=\"s1\">\u25cf<\/span><span class=\"s2\"> Absolutamente blanco nieve<\/span><br \/><span class=\"s1\">\u25cf<\/span><span class=\"s2\"> Aspecto resistente y rendimiento fiable<\/span><br \/><span class=\"s1\">\u25cf<\/span><span class=\"s2\"> Hecho para el aumento de la velocidad del reloj <\/span><br \/><span class=\"s1\">\u25cf<\/span><span class=\"s2\"> Compatible con las plataformas AMD m\u00e1s recientes<\/span><br \/><span class=\"s1\">\u25cf<\/span><span class=\"s2\"> Iluminaci\u00f3n RGB programable<\/span><br \/><span class=\"s1\">\u25cf<\/span><span class=\"s2\"> Admite XMP 2.0 para aumento de la velocidad del reloj sin complicaciones<\/span><\/p>\n\t\t\t\t\t<\/div>\n\t\t\t\t<\/div>\n\t\t\t\t<\/div>\n\t\t\t\t\t<\/div>\n\t\t<\/div>\n\t\t\t\t<div class=\"elementor-column elementor-col-66 elementor-top-column elementor-element elementor-element-1a0b71f\" data-id=\"1a0b71f\" data-element_type=\"column\">\n\t\t\t<div class=\"elementor-widget-wrap elementor-element-populated\">\n\t\t\t\t\t\t\t\t<div class=\"elementor-element elementor-element-6f6445b elementor-widget elementor-widget-wd_image_or_svg\" data-id=\"6f6445b\" data-element_type=\"widget\" data-widget_type=\"wd_image_or_svg.default\">\n\t\t\t\t<div class=\"elementor-widget-container\">\n\t\t\t\n\t\t<div class=\"wd-image text-center\">\n\t\t\t\t\t\t\t\t<img decoding=\"async\" src=\"https:\/\/tzila.mx\/dev\/wp-content\/uploads\/elementor\/thumbs\/XPG-spectrix-d45g-ddr4-8-plvqc037fyyzq8d4os3l8rjsw4xrfs7mjnqa5j3lpo.png\" title=\"XPG-spectrix-d45g-ddr4-8\" alt=\"XPG-spectrix-d45g-ddr4-8\" \/>\t\t\t\t\t<\/div>\n\n\t\t\t\t<\/div>\n\t\t\t\t<\/div>\n\t\t\t\t\t<\/div>\n\t\t<\/div>\n\t\t\t\t\t\t\t<\/div>\n\t\t<\/section>\n\t\t\t\t<section class=\"elementor-section elementor-top-section elementor-element elementor-element-f335c48 elementor-section-boxed elementor-section-height-default elementor-section-height-default wd-section-disabled\" data-id=\"f335c48\" data-element_type=\"section\">\n\t\t\t\t\t\t<div class=\"elementor-container elementor-column-gap-default\">\n\t\t\t\t\t<div class=\"elementor-column elementor-col-33 elementor-top-column elementor-element elementor-element-dffdc91\" data-id=\"dffdc91\" data-element_type=\"column\">\n\t\t\t<div class=\"elementor-widget-wrap elementor-element-populated\">\n\t\t\t\t\t\t\t\t<div class=\"elementor-element elementor-element-9ce59d9 elementor-widget elementor-widget-wd_text_block\" data-id=\"9ce59d9\" data-element_type=\"widget\" data-widget_type=\"wd_text_block.default\">\n\t\t\t\t<div class=\"elementor-widget-container\">\n\t\t\t\t\t<div class=\"wd-text-block reset-last-child text-left\">\n\t\t\t\n\t\t\t<h4>SE EL PRIMERO<\/h4><p>SPECTRIX D45G tambi\u00e9n se proporciona en blanco nieve para aquellos que buscan crear una estructura de PC completamente blanca.<\/p>\n\t\t\t\t\t<\/div>\n\t\t\t\t<\/div>\n\t\t\t\t<\/div>\n\t\t\t\t<div class=\"elementor-element elementor-element-1d13148 elementor-widget elementor-widget-wd_text_block\" data-id=\"1d13148\" data-element_type=\"widget\" data-widget_type=\"wd_text_block.default\">\n\t\t\t\t<div class=\"elementor-widget-container\">\n\t\t\t\t\t<div class=\"wd-text-block reset-last-child text-left\">\n\t\t\t\n\t\t\t<h4>ADMITE INTEL\u00ae XMP 2.0<\/h4><p>Intel<sup>\u00ae<\/sup> Extreme Memory Profile (XMP) 2.0 hace que el aumento de la velocidad del reloj resulte sencillo y mejora la estabilidad del sistema. En lugar de ajustar par\u00e1metros individuales en el BIOS, puede hacerlo perfectamente a trav\u00e9s del sistema operativo de su PC.<\/p>\n\t\t\t\t\t<\/div>\n\t\t\t\t<\/div>\n\t\t\t\t<\/div>\n\t\t\t\t<div class=\"elementor-element elementor-element-39a7d6b elementor-widget elementor-widget-wd_image_or_svg\" data-id=\"39a7d6b\" data-element_type=\"widget\" data-widget_type=\"wd_image_or_svg.default\">\n\t\t\t\t<div class=\"elementor-widget-container\">\n\t\t\t\n\t\t<div class=\"wd-image text-left\">\n\t\t\t\t\t\t\t\t<img loading=\"lazy\" decoding=\"async\" width=\"739\" height=\"456\" src=\"https:\/\/tzila.mx\/dev\/wp-content\/uploads\/2022\/03\/XPG-spectrix-d45g-ddr4-7.png\" class=\"attachment-full size-full\" alt=\"\" srcset=\"https:\/\/tzila.mx\/dev\/wp-content\/uploads\/2022\/03\/XPG-spectrix-d45g-ddr4-7.png 739w, https:\/\/tzila.mx\/dev\/wp-content\/uploads\/2022\/03\/XPG-spectrix-d45g-ddr4-7-400x247.png 400w, https:\/\/tzila.mx\/dev\/wp-content\/uploads\/2022\/03\/XPG-spectrix-d45g-ddr4-7-430x265.png 430w, https:\/\/tzila.mx\/dev\/wp-content\/uploads\/2022\/03\/XPG-spectrix-d45g-ddr4-7-700x432.png 700w, https:\/\/tzila.mx\/dev\/wp-content\/uploads\/2022\/03\/XPG-spectrix-d45g-ddr4-7-150x93.png 150w\" sizes=\"auto, (max-width: 739px) 100vw, 739px\" \/>\t\t\t\t\t<\/div>\n\n\t\t\t\t<\/div>\n\t\t\t\t<\/div>\n\t\t\t\t\t<\/div>\n\t\t<\/div>\n\t\t\t\t<div class=\"elementor-column elementor-col-33 elementor-top-column elementor-element elementor-element-f9a4072\" data-id=\"f9a4072\" data-element_type=\"column\">\n\t\t\t<div class=\"elementor-widget-wrap elementor-element-populated\">\n\t\t\t\t\t\t\t\t<div class=\"elementor-element elementor-element-a12a69e elementor-widget elementor-widget-wd_text_block\" data-id=\"a12a69e\" data-element_type=\"widget\" data-widget_type=\"wd_text_block.default\">\n\t\t\t\t<div class=\"elementor-widget-container\">\n\t\t\t\t\t<div class=\"wd-text-block reset-last-child text-left\">\n\t\t\t\n\t\t\t<h4>COMPONENTES DE ALTA CALIDAD PARA UN RENDIMIENTO \u00d3PTIMO<\/h4><p>Utilizando solo chips IC y PCB de la m\u00e1s alta calidad, el SPECTRIX D45G est\u00e1 dise\u00f1ado para ofrecer una estabilidad y un rendimiento de aumento de la velocidad del reloj \u00f3ptimos.<\/p>\n\t\t\t\t\t<\/div>\n\t\t\t\t<\/div>\n\t\t\t\t<\/div>\n\t\t\t\t<div class=\"elementor-element elementor-element-4855378 elementor-widget elementor-widget-wd_image_or_svg\" data-id=\"4855378\" data-element_type=\"widget\" data-widget_type=\"wd_image_or_svg.default\">\n\t\t\t\t<div class=\"elementor-widget-container\">\n\t\t\t\n\t\t<div class=\"wd-image text-left\">\n\t\t\t\t\t\t\t\t<img loading=\"lazy\" decoding=\"async\" width=\"784\" height=\"454\" src=\"https:\/\/tzila.mx\/dev\/wp-content\/uploads\/2022\/03\/XPG-spectrix-d45g-ddr4-10.png\" class=\"attachment-full size-full\" alt=\"\" srcset=\"https:\/\/tzila.mx\/dev\/wp-content\/uploads\/2022\/03\/XPG-spectrix-d45g-ddr4-10.png 784w, https:\/\/tzila.mx\/dev\/wp-content\/uploads\/2022\/03\/XPG-spectrix-d45g-ddr4-10-400x232.png 400w, https:\/\/tzila.mx\/dev\/wp-content\/uploads\/2022\/03\/XPG-spectrix-d45g-ddr4-10-768x445.png 768w, https:\/\/tzila.mx\/dev\/wp-content\/uploads\/2022\/03\/XPG-spectrix-d45g-ddr4-10-430x249.png 430w, https:\/\/tzila.mx\/dev\/wp-content\/uploads\/2022\/03\/XPG-spectrix-d45g-ddr4-10-700x405.png 700w, https:\/\/tzila.mx\/dev\/wp-content\/uploads\/2022\/03\/XPG-spectrix-d45g-ddr4-10-150x87.png 150w\" sizes=\"auto, (max-width: 784px) 100vw, 784px\" \/>\t\t\t\t\t<\/div>\n\n\t\t\t\t<\/div>\n\t\t\t\t<\/div>\n\t\t\t\t<div class=\"elementor-element elementor-element-cdccf39 elementor-widget elementor-widget-wd_text_block\" data-id=\"cdccf39\" data-element_type=\"widget\" data-widget_type=\"wd_text_block.default\">\n\t\t\t\t<div class=\"elementor-widget-container\">\n\t\t\t\t\t<div class=\"wd-text-block reset-last-child text-left\">\n\t\t\t\n\t\t\t<h4>FUNCIONA CON LAS PLATAFORMAS AMD M\u00c1S RECIENTES<\/h4><p>El SPECTRIX D45G se ha probado y verificado para que funcione con las plataformas AMD m\u00e1s recientes para una compatibilidad sin problemas y un excelente rendimiento de aumento de la velocidad del reloj.<\/p>\n\t\t\t\t\t<\/div>\n\t\t\t\t<\/div>\n\t\t\t\t<\/div>\n\t\t\t\t\t<\/div>\n\t\t<\/div>\n\t\t\t\t<div class=\"elementor-column elementor-col-33 elementor-top-column elementor-element elementor-element-ffeafee\" data-id=\"ffeafee\" data-element_type=\"column\">\n\t\t\t<div class=\"elementor-widget-wrap elementor-element-populated\">\n\t\t\t\t\t\t\t\t<div class=\"elementor-element elementor-element-879d3b9 elementor-widget elementor-widget-wd_text_block\" data-id=\"879d3b9\" data-element_type=\"widget\" data-widget_type=\"wd_text_block.default\">\n\t\t\t\t<div class=\"elementor-widget-container\">\n\t\t\t\t\t<div class=\"wd-text-block reset-last-child text-left\">\n\t\t\t\n\t\t\t<h4>RGB A SU MANERA<\/h4><p>Establezca la iluminaci\u00f3n RGB de la manera que desee. Elija entre diferentes efectos (est\u00e1tica, respiraci\u00f3n y cometa) o sincronice las luces con sus canciones favoritas a trav\u00e9s del modo de m\u00fasica. Todo esto se puede hacer a trav\u00e9s de la aplicaci\u00f3n XPG RGB Sync o el software de control RGB de las principales marcas de placas base.<\/p>\n\t\t\t\t\t<\/div>\n\t\t\t\t<\/div>\n\t\t\t\t<\/div>\n\t\t\t\t<div class=\"elementor-element elementor-element-d27798c elementor-widget elementor-widget-wd_image_or_svg\" data-id=\"d27798c\" data-element_type=\"widget\" data-widget_type=\"wd_image_or_svg.default\">\n\t\t\t\t<div class=\"elementor-widget-container\">\n\t\t\t\n\t\t<div class=\"wd-image text-left\">\n\t\t\t\t\t\t\t\t<img loading=\"lazy\" decoding=\"async\" width=\"683\" height=\"472\" src=\"https:\/\/tzila.mx\/dev\/wp-content\/uploads\/2022\/03\/XPG-spectrix-d45g-ddr4-9.png\" class=\"attachment-full size-full\" alt=\"\" srcset=\"https:\/\/tzila.mx\/dev\/wp-content\/uploads\/2022\/03\/XPG-spectrix-d45g-ddr4-9.png 683w, https:\/\/tzila.mx\/dev\/wp-content\/uploads\/2022\/03\/XPG-spectrix-d45g-ddr4-9-400x276.png 400w, https:\/\/tzila.mx\/dev\/wp-content\/uploads\/2022\/03\/XPG-spectrix-d45g-ddr4-9-430x297.png 430w, https:\/\/tzila.mx\/dev\/wp-content\/uploads\/2022\/03\/XPG-spectrix-d45g-ddr4-9-150x104.png 150w\" sizes=\"auto, (max-width: 683px) 100vw, 683px\" \/>\t\t\t\t\t<\/div>\n\n\t\t\t\t<\/div>\n\t\t\t\t<\/div>\n\t\t\t\t<div class=\"elementor-element elementor-element-933536a elementor-widget elementor-widget-wd_text_block\" data-id=\"933536a\" data-element_type=\"widget\" data-widget_type=\"wd_text_block.default\">\n\t\t\t\t<div class=\"elementor-widget-container\">\n\t\t\t\t\t<div class=\"wd-text-block reset-last-child text-left\">\n\t\t\t\n\t\t\t<h4>RESISTENTE Y FIABLE<\/h4><p>El SPECTRIX D45G, adem\u00e1s de parecerlo, es robusto y tiene un exterior de aluminio s\u00f3lido similar a una armadura con salientes resistentes y un rendimiento robusto<\/p>\n\t\t\t\t\t<\/div>\n\t\t\t\t<\/div>\n\t\t\t\t<\/div>\n\t\t\t\t<div class=\"elementor-element elementor-element-192bab2 elementor-widget elementor-widget-wd_button\" data-id=\"192bab2\" data-element_type=\"widget\" data-widget_type=\"wd_button.default\">\n\t\t\t\t<div class=\"elementor-widget-container\">\n\t\t\t\t\t<div class=\"wd-button-wrapper text-center\" >\n\t\t\t<a class=\"btn btn-style-link btn-shape- btn-size-large btn-scheme-light btn-scheme-hover-dark btn-icon-pos-right\"  href=\"https:\/\/webapi3.adata.com\/storage\/downloadfile\/datasheet_xpg_spectrix_d45g_ddr4_rgb_dram_20220128.pdf\" target=\"_blank\">\n\t\t\t\t<span class=\"wd-btn-text\" data-elementor-setting-key=\"text\">\n\t\t\t\t\tSaber m\u00e1s\t\t\t\t<\/span>\n\n\t\t\t\t\t\t\t<\/a>\n\t\t<\/div>\n\t\t\t\t<\/div>\n\t\t\t\t<\/div>\n\t\t\t\t\t<\/div>\n\t\t<\/div>\n\t\t\t\t\t\t\t<\/div>\n\t\t<\/section>\n\t\t\t\t\t\t<\/div>\n\t\t\t\t\t<\/div>\n\t\t","protected":false},"excerpt":{"rendered":"<h4>Caracter\u00edsticas principales:<\/h4>\n<p class=\"p1\"><span class=\"s1\">\u25cf<\/span><span class=\"s2\"> Capacidad memoria: 8<strong>GB<\/strong> (1x8GB), 16<strong>GB<\/strong> (1x16GB)\u00a0<\/span><br \/>\n<span class=\"s1\">\u25cf<\/span><span class=\"s2\"> Velocidad: de hasta 3600MHZ<\/span><br \/>\n<span class=\"s1\">\u25cf<\/span><span class=\"s2\"> Latencia CAS: CL19<\/span><br \/>\n<span class=\"s1\">\u25cf<\/span><span class=\"s2\"> RGB perzonalizable<\/span><br \/>\n<span class=\"s1\">\u25cf<\/span><span class=\"s2\"> Soporte <span dir=\"ltr\" role=\"presentation\">Intel\u00ae Extreme Memory Profiles (Intel\u00ae XMP)<\/span><\/span><\/p>\n","protected":false},"featured_media":11464,"comment_status":"open","ping_status":"closed","template":"","meta":[],"product_cat":[20,74,97],"product_tag":[112],"class_list":["post-11461","product","type-product","status-publish","has-post-thumbnail","hentry","product_cat-hardware","product_cat-memoria-ram","product_cat-adata","product_tag-xpg","pa_brand-adata"],"_links":{"self":[{"href":"https:\/\/tzila.mx\/dev\/wp-json\/wp\/v2\/product\/11461","targetHints":{"allow":["GET"]}}],"collection":[{"href":"https:\/\/tzila.mx\/dev\/wp-json\/wp\/v2\/product"}],"about":[{"href":"https:\/\/tzila.mx\/dev\/wp-json\/wp\/v2\/types\/product"}],"replies":[{"embeddable":true,"href":"https:\/\/tzila.mx\/dev\/wp-json\/wp\/v2\/comments?post=11461"}],"version-history":[{"count":13,"href":"https:\/\/tzila.mx\/dev\/wp-json\/wp\/v2\/product\/11461\/revisions"}],"predecessor-version":[{"id":15887,"href":"https:\/\/tzila.mx\/dev\/wp-json\/wp\/v2\/product\/11461\/revisions\/15887"}],"wp:featuredmedia":[{"embeddable":true,"href":"https:\/\/tzila.mx\/dev\/wp-json\/wp\/v2\/media\/11464"}],"wp:attachment":[{"href":"https:\/\/tzila.mx\/dev\/wp-json\/wp\/v2\/media?parent=11461"}],"wp:term":[{"taxonomy":"product_cat","embeddable":true,"href":"https:\/\/tzila.mx\/dev\/wp-json\/wp\/v2\/product_cat?post=11461"},{"taxonomy":"product_tag","embeddable":true,"href":"https:\/\/tzila.mx\/dev\/wp-json\/wp\/v2\/product_tag?post=11461"}],"curies":[{"name":"wp","href":"https:\/\/api.w.org\/{rel}","templated":true}]}}