{"id":11346,"date":"2022-03-14T14:42:37","date_gmt":"2022-03-14T20:42:37","guid":{"rendered":"https:\/\/tzila.mx\/dev\/?post_type=product&#038;p=11346"},"modified":"2022-06-16T16:14:22","modified_gmt":"2022-06-16T21:14:22","slug":"kit-memoria-ram-xpg-spectrix-d50-ddr4-rgb-3200mhz","status":"publish","type":"product","link":"https:\/\/tzila.mx\/dev\/producto\/kit-memoria-ram-xpg-spectrix-d50-ddr4-rgb-3200mhz\/","title":{"rendered":"Kit Memoria RAM XPG SPECTRIX D50 DDR4 RGB 3200Mhz"},"content":{"rendered":"\t\t<div data-elementor-type=\"wp-post\" data-elementor-id=\"11346\" class=\"elementor elementor-11346\" data-elementor-settings=\"[]\">\n\t\t\t\t\t\t\t<div class=\"elementor-section-wrap\">\n\t\t\t\t\t\t\t<section class=\"elementor-section elementor-top-section elementor-element elementor-element-154fe09 elementor-section-boxed elementor-section-height-default elementor-section-height-default wd-section-disabled\" data-id=\"154fe09\" data-element_type=\"section\">\n\t\t\t\t\t\t<div class=\"elementor-container elementor-column-gap-default\">\n\t\t\t\t\t<div class=\"elementor-column elementor-col-33 elementor-top-column elementor-element elementor-element-f14913d\" data-id=\"f14913d\" data-element_type=\"column\">\n\t\t\t<div class=\"elementor-widget-wrap elementor-element-populated\">\n\t\t\t\t\t\t\t\t<div class=\"elementor-element elementor-element-3d30eaf elementor-widget elementor-widget-wd_text_block\" data-id=\"3d30eaf\" data-element_type=\"widget\" data-widget_type=\"wd_text_block.default\">\n\t\t\t\t<div class=\"elementor-widget-container\">\n\t\t\t\t\t<div class=\"wd-text-block reset-last-child text-left\">\n\t\t\t\n\t\t\t<h5><strong>M\u00c1S ESPECIFICACIONES<\/strong><strong>:<\/strong><\/h5>\n\t\t\t\t\t<\/div>\n\t\t\t\t<\/div>\n\t\t\t\t<\/div>\n\t\t\t\t<div class=\"elementor-element elementor-element-6d44079 elementor-widget elementor-widget-wd_text_block\" data-id=\"6d44079\" data-element_type=\"widget\" data-widget_type=\"wd_text_block.default\">\n\t\t\t\t<div class=\"elementor-widget-container\">\n\t\t\t\t\t<div class=\"wd-text-block reset-last-child text-left\">\n\t\t\t\n\t\t\t<p class=\"p1\"><span class=\"s1\">\u25cf<\/span><span class=\"s2\"> Ultrarr\u00e1pido<\/span><br \/><span class=\"s1\">\u25cf<\/span><span class=\"s2\"> Construcci\u00f3n s\u00f3lida<\/span><br \/><span class=\"s1\">\u25cf<\/span><span class=\"s2\"> Estilo geom\u00e9trico elegante<\/span><br \/><span class=\"s1\">\u25cf<\/span><span class=\"s2\"> RGB a tu manera<\/span><br \/><span class=\"s1\">\u25cf<\/span><span class=\"s2\"> Admite Intel<sup>\u00ae<\/sup> Extreme Memory Profile (XMP) 2.0<\/span><\/p>\n\t\t\t\t\t<\/div>\n\t\t\t\t<\/div>\n\t\t\t\t<\/div>\n\t\t\t\t\t<\/div>\n\t\t<\/div>\n\t\t\t\t<div class=\"elementor-column elementor-col-66 elementor-top-column elementor-element elementor-element-1a0b71f\" data-id=\"1a0b71f\" data-element_type=\"column\">\n\t\t\t<div class=\"elementor-widget-wrap elementor-element-populated\">\n\t\t\t\t\t\t\t\t<div class=\"elementor-element elementor-element-6f6445b elementor-widget elementor-widget-wd_image_or_svg\" data-id=\"6f6445b\" data-element_type=\"widget\" data-widget_type=\"wd_image_or_svg.default\">\n\t\t\t\t<div class=\"elementor-widget-container\">\n\t\t\t\n\t\t<div class=\"wd-image text-center\">\n\t\t\t\t\t\t\t\t<img loading=\"lazy\" decoding=\"async\" width=\"655\" height=\"327\" src=\"https:\/\/tzila.mx\/dev\/wp-content\/uploads\/2022\/03\/XPG-Starker-ARGB-4.png\" class=\"attachment-full size-full\" alt=\"\" srcset=\"https:\/\/tzila.mx\/dev\/wp-content\/uploads\/2022\/03\/XPG-Starker-ARGB-4.png 655w, https:\/\/tzila.mx\/dev\/wp-content\/uploads\/2022\/03\/XPG-Starker-ARGB-4-400x200.png 400w, https:\/\/tzila.mx\/dev\/wp-content\/uploads\/2022\/03\/XPG-Starker-ARGB-4-430x215.png 430w, https:\/\/tzila.mx\/dev\/wp-content\/uploads\/2022\/03\/XPG-Starker-ARGB-4-150x75.png 150w\" sizes=\"auto, (max-width: 655px) 100vw, 655px\" \/>\t\t\t\t\t<\/div>\n\n\t\t\t\t<\/div>\n\t\t\t\t<\/div>\n\t\t\t\t\t<\/div>\n\t\t<\/div>\n\t\t\t\t\t\t\t<\/div>\n\t\t<\/section>\n\t\t\t\t<section class=\"elementor-section elementor-top-section elementor-element elementor-element-f335c48 elementor-section-boxed elementor-section-height-default elementor-section-height-default wd-section-disabled\" data-id=\"f335c48\" data-element_type=\"section\">\n\t\t\t\t\t\t<div class=\"elementor-container elementor-column-gap-default\">\n\t\t\t\t\t<div class=\"elementor-column elementor-col-33 elementor-top-column elementor-element elementor-element-dffdc91\" data-id=\"dffdc91\" data-element_type=\"column\">\n\t\t\t<div class=\"elementor-widget-wrap elementor-element-populated\">\n\t\t\t\t\t\t\t\t<div class=\"elementor-element elementor-element-9ce59d9 elementor-widget elementor-widget-wd_text_block\" data-id=\"9ce59d9\" data-element_type=\"widget\" data-widget_type=\"wd_text_block.default\">\n\t\t\t\t<div class=\"elementor-widget-container\">\n\t\t\t\t\t<div class=\"wd-text-block reset-last-child text-left\">\n\t\t\t\n\t\t\t<h4>LA NECESIDAD DE VELOCIDAD<\/h4><p><span data-api=\"color: #aaaaaa; font-family: 'Maven Pro', 'Segoe UI', \u5fae\u8edf\u6b63\u9ed1\u9ad4, 'Microsoft JhengHei', Arial, Helvetica, sans-serif; font-size: 22px; background-color: #000000;\">Alcanzando velocidades de hasta 4133 MHz y con una capacidad m\u00e1xima de 32 GB, el m\u00f3dulo XPG SPECTRIX D50 es un monstruo de m\u00f3dulo de memoria. Tambi\u00e9n tiene aspecto impactante con un elegante estilo geom\u00e9trico y una impresionante barra de luz RGB triangular.<\/span><\/p>\n\t\t\t\t\t<\/div>\n\t\t\t\t<\/div>\n\t\t\t\t<\/div>\n\t\t\t\t<div class=\"elementor-element elementor-element-39a7d6b elementor-widget elementor-widget-wd_image_or_svg\" data-id=\"39a7d6b\" data-element_type=\"widget\" data-widget_type=\"wd_image_or_svg.default\">\n\t\t\t\t<div class=\"elementor-widget-container\">\n\t\t\t\n\t\t<div class=\"wd-image text-left\">\n\t\t\t\t\t\t\t\t<img loading=\"lazy\" decoding=\"async\" width=\"778\" height=\"258\" src=\"https:\/\/tzila.mx\/dev\/wp-content\/uploads\/2022\/03\/XPG-Starker-ARGB-3.png\" class=\"attachment-full size-full\" alt=\"\" srcset=\"https:\/\/tzila.mx\/dev\/wp-content\/uploads\/2022\/03\/XPG-Starker-ARGB-3.png 778w, https:\/\/tzila.mx\/dev\/wp-content\/uploads\/2022\/03\/XPG-Starker-ARGB-3-400x133.png 400w, https:\/\/tzila.mx\/dev\/wp-content\/uploads\/2022\/03\/XPG-Starker-ARGB-3-768x255.png 768w, https:\/\/tzila.mx\/dev\/wp-content\/uploads\/2022\/03\/XPG-Starker-ARGB-3-430x143.png 430w, https:\/\/tzila.mx\/dev\/wp-content\/uploads\/2022\/03\/XPG-Starker-ARGB-3-700x232.png 700w, https:\/\/tzila.mx\/dev\/wp-content\/uploads\/2022\/03\/XPG-Starker-ARGB-3-150x50.png 150w\" sizes=\"auto, (max-width: 778px) 100vw, 778px\" \/>\t\t\t\t\t<\/div>\n\n\t\t\t\t<\/div>\n\t\t\t\t<\/div>\n\t\t\t\t<div class=\"elementor-element elementor-element-933536a elementor-widget elementor-widget-wd_text_block\" data-id=\"933536a\" data-element_type=\"widget\" data-widget_type=\"wd_text_block.default\">\n\t\t\t\t<div class=\"elementor-widget-container\">\n\t\t\t\t\t<div class=\"wd-text-block reset-last-child text-left\">\n\t\t\t\n\t\t\t<h4>Ultrarr\u00e1pida<\/h4><p>Fabricado solo con los chips y placas de circuito impreso de la m\u00e1s alta calidad, su D50 proporciona la m\u00e1xima estabilidad y confiabilidad y velocidades de hasta 4133 MHz. Adem\u00e1s, es compatible con las plataformas Intel y AMD m\u00e1s recientes.<\/p>\n\t\t\t\t\t<\/div>\n\t\t\t\t<\/div>\n\t\t\t\t<\/div>\n\t\t\t\t\t<\/div>\n\t\t<\/div>\n\t\t\t\t<div class=\"elementor-column elementor-col-33 elementor-top-column elementor-element elementor-element-f9a4072\" data-id=\"f9a4072\" data-element_type=\"column\">\n\t\t\t<div class=\"elementor-widget-wrap elementor-element-populated\">\n\t\t\t\t\t\t\t\t<div class=\"elementor-element elementor-element-a12a69e elementor-widget elementor-widget-wd_text_block\" data-id=\"a12a69e\" data-element_type=\"widget\" data-widget_type=\"wd_text_block.default\">\n\t\t\t\t<div class=\"elementor-widget-container\">\n\t\t\t\t\t<div class=\"wd-text-block reset-last-child text-left\">\n\t\t\t\n\t\t\t<h4>Construcci\u00f3n s\u00f3lida<\/h4><p>El D50 tiene un disipador t\u00e9rmico de metal de 1,95 mm de espesor construido s\u00f3lidamente que no solo ofrece una excelente durabilidad, sino que tambi\u00e9n proyecta un aire de resistencia y alto rendimiento.<\/p>\n\t\t\t\t\t<\/div>\n\t\t\t\t<\/div>\n\t\t\t\t<\/div>\n\t\t\t\t<div class=\"elementor-element elementor-element-b39cf3b elementor-widget elementor-widget-wd_text_block\" data-id=\"b39cf3b\" data-element_type=\"widget\" data-widget_type=\"wd_text_block.default\">\n\t\t\t\t<div class=\"elementor-widget-container\">\n\t\t\t\t\t<div class=\"wd-text-block reset-last-child text-left\">\n\t\t\t\n\t\t\t<h4>Estilo geom\u00e9trico elegante<\/h4><p>El m\u00f3dulo D50 presenta un exterior limpio y elegante con l\u00edneas geom\u00e9tricas simples y un panel RGB triangular que combina perfectamente con el dise\u00f1o general de los m\u00f3dulos.<\/p>\n\t\t\t\t\t<\/div>\n\t\t\t\t<\/div>\n\t\t\t\t<\/div>\n\t\t\t\t<div class=\"elementor-element elementor-element-cdccf39 elementor-widget elementor-widget-wd_text_block\" data-id=\"cdccf39\" data-element_type=\"widget\" data-widget_type=\"wd_text_block.default\">\n\t\t\t\t<div class=\"elementor-widget-container\">\n\t\t\t\t\t<div class=\"wd-text-block reset-last-child text-left\">\n\t\t\t\n\t\t\t<h4>RGB a su manera<\/h4><p>Con la aplicaci\u00f3n XPG RGB Sync o un software RGB de una de las principales marcas de placas base, cambie entre tres modos RGB: Est\u00e1tico, Respiraci\u00f3n y Cometa. Adem\u00e1s de los tres modos, tambi\u00e9n puede establecerlo en el modo M\u00fasica para que se sincronice con sus atascos favoritos.<\/p>\n\t\t\t\t\t<\/div>\n\t\t\t\t<\/div>\n\t\t\t\t<\/div>\n\t\t\t\t\t<\/div>\n\t\t<\/div>\n\t\t\t\t<div class=\"elementor-column elementor-col-33 elementor-top-column elementor-element elementor-element-ffeafee\" data-id=\"ffeafee\" data-element_type=\"column\">\n\t\t\t<div class=\"elementor-widget-wrap elementor-element-populated\">\n\t\t\t\t\t\t\t\t<div class=\"elementor-element elementor-element-1d13148 elementor-widget elementor-widget-wd_text_block\" data-id=\"1d13148\" data-element_type=\"widget\" data-widget_type=\"wd_text_block.default\">\n\t\t\t\t<div class=\"elementor-widget-container\">\n\t\t\t\t\t<div class=\"wd-text-block reset-last-child text-left\">\n\t\t\t\n\t\t\t<h4>Admite Intel XMP 2.0<\/h4><p>El m\u00f3dulo D50 es compatible con Intel XMP 2.0 para un aumento de la velocidad del reloj estable y sin problemas sin la necesidad de entrar en el BIOS.<\/p>\n\t\t\t\t\t<\/div>\n\t\t\t\t<\/div>\n\t\t\t\t<\/div>\n\t\t\t\t<div class=\"elementor-element elementor-element-d27798c elementor-widget elementor-widget-wd_image_or_svg\" data-id=\"d27798c\" data-element_type=\"widget\" data-widget_type=\"wd_image_or_svg.default\">\n\t\t\t\t<div class=\"elementor-widget-container\">\n\t\t\t\n\t\t<div class=\"wd-image text-left\">\n\t\t\t\t\t\t\t\t<img loading=\"lazy\" decoding=\"async\" width=\"627\" height=\"420\" src=\"https:\/\/tzila.mx\/dev\/wp-content\/uploads\/2022\/03\/XPG-Starker-ARGB-5.png\" class=\"attachment-full size-full\" alt=\"\" srcset=\"https:\/\/tzila.mx\/dev\/wp-content\/uploads\/2022\/03\/XPG-Starker-ARGB-5.png 627w, https:\/\/tzila.mx\/dev\/wp-content\/uploads\/2022\/03\/XPG-Starker-ARGB-5-400x268.png 400w, https:\/\/tzila.mx\/dev\/wp-content\/uploads\/2022\/03\/XPG-Starker-ARGB-5-430x288.png 430w, https:\/\/tzila.mx\/dev\/wp-content\/uploads\/2022\/03\/XPG-Starker-ARGB-5-150x100.png 150w\" sizes=\"auto, (max-width: 627px) 100vw, 627px\" \/>\t\t\t\t\t<\/div>\n\n\t\t\t\t<\/div>\n\t\t\t\t<\/div>\n\t\t\t\t<div class=\"elementor-element elementor-element-192bab2 elementor-widget elementor-widget-wd_button\" data-id=\"192bab2\" data-element_type=\"widget\" data-widget_type=\"wd_button.default\">\n\t\t\t\t<div class=\"elementor-widget-container\">\n\t\t\t\t\t<div class=\"wd-button-wrapper text-center\" >\n\t\t\t<a class=\"btn btn-style-link btn-shape- btn-size-large btn-scheme-light btn-scheme-hover-dark btn-icon-pos-right\"  href=\"https:\/\/webapi3.adata.com\/storage\/downloadfile\/datasheet_xpg_spectrix_d50_ddr4_rgb_dram_20211005_1.pdf\" target=\"_blank\">\n\t\t\t\t<span class=\"wd-btn-text\" data-elementor-setting-key=\"text\">\n\t\t\t\t\tSaber m\u00e1s\t\t\t\t<\/span>\n\n\t\t\t\t\t\t\t<\/a>\n\t\t<\/div>\n\t\t\t\t<\/div>\n\t\t\t\t<\/div>\n\t\t\t\t\t<\/div>\n\t\t<\/div>\n\t\t\t\t\t\t\t<\/div>\n\t\t<\/section>\n\t\t\t\t\t\t<\/div>\n\t\t\t\t\t<\/div>\n\t\t","protected":false},"excerpt":{"rendered":"<h4>Caracter\u00edsticas principales:<\/h4>\n<p class=\"p1\"><span class=\"s1\">\u25cf<\/span><span class=\"s2\"> Capacidad memoria: 16<strong>GB<\/strong> (2x8GB), 32<strong>GB<\/strong> (2x16GB)<\/span><br \/>\n<span class=\"s1\">\u25cf<\/span><span class=\"s2\"> Velocidad: de hasta 3200MHZ<\/span><br \/>\n<span class=\"s1\">\u25cf<\/span><span class=\"s2\"> Latencia CAS: CL16<\/span><br \/>\n<span class=\"s1\">\u25cf<\/span><span class=\"s2\"> RGB perzonalizable<\/span><br \/>\n<span class=\"s1\">\u25cf<\/span><span class=\"s2\"> Soporte <span dir=\"ltr\" role=\"presentation\">Intel\u00ae Extreme Memory Profiles (Intel\u00ae XMP)<\/span><\/span><\/p>\n","protected":false},"featured_media":11348,"comment_status":"open","ping_status":"closed","template":"","meta":[],"product_cat":[20,74,97],"product_tag":[112],"class_list":["post-11346","product","type-product","status-publish","has-post-thumbnail","hentry","product_cat-hardware","product_cat-memoria-ram","product_cat-adata","product_tag-xpg","pa_brand-adata"],"_links":{"self":[{"href":"https:\/\/tzila.mx\/dev\/wp-json\/wp\/v2\/product\/11346","targetHints":{"allow":["GET"]}}],"collection":[{"href":"https:\/\/tzila.mx\/dev\/wp-json\/wp\/v2\/product"}],"about":[{"href":"https:\/\/tzila.mx\/dev\/wp-json\/wp\/v2\/types\/product"}],"replies":[{"embeddable":true,"href":"https:\/\/tzila.mx\/dev\/wp-json\/wp\/v2\/comments?post=11346"}],"version-history":[{"count":24,"href":"https:\/\/tzila.mx\/dev\/wp-json\/wp\/v2\/product\/11346\/revisions"}],"predecessor-version":[{"id":15516,"href":"https:\/\/tzila.mx\/dev\/wp-json\/wp\/v2\/product\/11346\/revisions\/15516"}],"wp:featuredmedia":[{"embeddable":true,"href":"https:\/\/tzila.mx\/dev\/wp-json\/wp\/v2\/media\/11348"}],"wp:attachment":[{"href":"https:\/\/tzila.mx\/dev\/wp-json\/wp\/v2\/media?parent=11346"}],"wp:term":[{"taxonomy":"product_cat","embeddable":true,"href":"https:\/\/tzila.mx\/dev\/wp-json\/wp\/v2\/product_cat?post=11346"},{"taxonomy":"product_tag","embeddable":true,"href":"https:\/\/tzila.mx\/dev\/wp-json\/wp\/v2\/product_tag?post=11346"}],"curies":[{"name":"wp","href":"https:\/\/api.w.org\/{rel}","templated":true}]}}