{"id":11332,"date":"2022-03-14T13:36:18","date_gmt":"2022-03-14T19:36:18","guid":{"rendered":"https:\/\/tzila.mx\/dev\/?post_type=product&#038;p=11332"},"modified":"2022-06-16T16:14:40","modified_gmt":"2022-06-16T21:14:40","slug":"gabinete-media-torre-xpg-starker-con-fuente-de-poder","status":"publish","type":"product","link":"https:\/\/tzila.mx\/dev\/producto\/gabinete-media-torre-xpg-starker-con-fuente-de-poder\/","title":{"rendered":"Gabinete Media Torre XPG Starker con Fuente de Poder"},"content":{"rendered":"\t\t<div data-elementor-type=\"wp-post\" data-elementor-id=\"11332\" class=\"elementor elementor-11332\" data-elementor-settings=\"[]\">\n\t\t\t\t\t\t\t<div class=\"elementor-section-wrap\">\n\t\t\t\t\t\t\t<section class=\"elementor-section elementor-top-section elementor-element elementor-element-154fe09 elementor-section-boxed elementor-section-height-default elementor-section-height-default wd-section-disabled\" data-id=\"154fe09\" data-element_type=\"section\">\n\t\t\t\t\t\t<div class=\"elementor-container elementor-column-gap-default\">\n\t\t\t\t\t<div class=\"elementor-column elementor-col-33 elementor-top-column elementor-element elementor-element-f14913d\" data-id=\"f14913d\" data-element_type=\"column\">\n\t\t\t<div class=\"elementor-widget-wrap elementor-element-populated\">\n\t\t\t\t\t\t\t\t<div class=\"elementor-element elementor-element-3d30eaf elementor-widget elementor-widget-wd_text_block\" data-id=\"3d30eaf\" data-element_type=\"widget\" data-widget_type=\"wd_text_block.default\">\n\t\t\t\t<div class=\"elementor-widget-container\">\n\t\t\t\t\t<div class=\"wd-text-block reset-last-child text-left\">\n\t\t\t\n\t\t\t<h4 class=\"p1\"><span class=\"s1\">M\u00c1S ESPECIFICACIONES:<\/span><\/h4>\n\t\t\t\t\t<\/div>\n\t\t\t\t<\/div>\n\t\t\t\t<\/div>\n\t\t\t\t<div class=\"elementor-element elementor-element-6d44079 elementor-widget elementor-widget-wd_text_block\" data-id=\"6d44079\" data-element_type=\"widget\" data-widget_type=\"wd_text_block.default\">\n\t\t\t\t<div class=\"elementor-widget-container\">\n\t\t\t\t\t<div class=\"wd-text-block reset-last-child text-left\">\n\t\t\t\n\t\t\t<p class=\"p1\"><span class=\"s1\">\u25cf<\/span><span class=\"s2\"> Panel frontal elegante con XPG : Exoskeleton Design Language<\/span><\/p><p><span class=\"s1\">\u25cf<\/span><span class=\"s2\"> Filtro de polvo innovador extra\u00edble sobre riel<\/span><\/p><p><span class=\"s1\">\u25cf<\/span><span class=\"s2\"> Elementos ARGB del panel frontal con efectos de iluminaci\u00f3n integrados<\/span><\/p><p><span class=\"s1\">\u25cf<\/span><span class=\"s2\"> Dise\u00f1o de flujo de aire eficiente<\/span><\/p><p><span class=\"s1\">\u25cf<\/span><span class=\"s2\"> Compatible con instalaci\u00f3n de VGA vertical<\/span><\/p><p><span class=\"s1\">\u25cf<\/span><span class=\"s2\"> Administraci\u00f3n de los cables<\/span><\/p>\n\t\t\t\t\t<\/div>\n\t\t\t\t<\/div>\n\t\t\t\t<\/div>\n\t\t\t\t\t<\/div>\n\t\t<\/div>\n\t\t\t\t<div class=\"elementor-column elementor-col-66 elementor-top-column elementor-element elementor-element-1a0b71f\" data-id=\"1a0b71f\" data-element_type=\"column\">\n\t\t\t<div class=\"elementor-widget-wrap elementor-element-populated\">\n\t\t\t\t\t\t\t\t<div class=\"elementor-element elementor-element-6f6445b elementor-widget elementor-widget-wd_image_or_svg\" data-id=\"6f6445b\" data-element_type=\"widget\" data-widget_type=\"wd_image_or_svg.default\">\n\t\t\t\t<div class=\"elementor-widget-container\">\n\t\t\t\n\t\t<div class=\"wd-image text-center\">\n\t\t\t\t\t\t\t\t<img loading=\"lazy\" decoding=\"async\" width=\"676\" height=\"418\" src=\"https:\/\/tzila.mx\/dev\/wp-content\/uploads\/2022\/03\/XPG-Starker-ARGB-10.png\" class=\"attachment-full size-full\" alt=\"\" srcset=\"https:\/\/tzila.mx\/dev\/wp-content\/uploads\/2022\/03\/XPG-Starker-ARGB-10.png 676w, https:\/\/tzila.mx\/dev\/wp-content\/uploads\/2022\/03\/XPG-Starker-ARGB-10-400x247.png 400w, https:\/\/tzila.mx\/dev\/wp-content\/uploads\/2022\/03\/XPG-Starker-ARGB-10-430x266.png 430w, https:\/\/tzila.mx\/dev\/wp-content\/uploads\/2022\/03\/XPG-Starker-ARGB-10-150x93.png 150w\" sizes=\"auto, (max-width: 676px) 100vw, 676px\" \/>\t\t\t\t\t<\/div>\n\n\t\t\t\t<\/div>\n\t\t\t\t<\/div>\n\t\t\t\t\t<\/div>\n\t\t<\/div>\n\t\t\t\t\t\t\t<\/div>\n\t\t<\/section>\n\t\t\t\t<section class=\"elementor-section elementor-top-section elementor-element elementor-element-f335c48 elementor-section-boxed elementor-section-height-default elementor-section-height-default wd-section-disabled\" data-id=\"f335c48\" data-element_type=\"section\">\n\t\t\t\t\t\t<div class=\"elementor-container elementor-column-gap-default\">\n\t\t\t\t\t<div class=\"elementor-column elementor-col-33 elementor-top-column elementor-element elementor-element-b982906\" data-id=\"b982906\" data-element_type=\"column\">\n\t\t\t<div class=\"elementor-widget-wrap elementor-element-populated\">\n\t\t\t\t\t\t\t\t<div class=\"elementor-element elementor-element-ecdf1c9 elementor-widget elementor-widget-wd_text_block\" data-id=\"ecdf1c9\" data-element_type=\"widget\" data-widget_type=\"wd_text_block.default\">\n\t\t\t\t<div class=\"elementor-widget-container\">\n\t\t\t\t\t<div class=\"wd-text-block reset-last-child text-left\">\n\t\t\t\n\t\t\t<h4>COMPACTO Y CAPAZ<\/h4><p><span data-api=\"color: #aaaaaa; font-family: 'Maven Pro', 'Segoe UI', \u5fae\u8edf\u6b63\u9ed1\u9ad4, 'Microsoft JhengHei', Arial, Helvetica, sans-serif; font-size: 22px; background-color: #000000;\">XPG STARKER es un chasis de media torre muy compacto y, al mismo tiempo, completamente funcional, dise\u00f1ado para construcciones b\u00e1sicas, pero que incorpora caracter\u00edsticas de gama alta como su innovador filtro de polvo, la instalaci\u00f3n VGA vertical y culminado con una atm\u00f3sfera de juego ARGB suave.<\/span><\/p>\n\t\t\t\t\t<\/div>\n\t\t\t\t<\/div>\n\t\t\t\t<\/div>\n\t\t\t\t<div class=\"elementor-element elementor-element-d99ba58 elementor-widget elementor-widget-wd_image_or_svg\" data-id=\"d99ba58\" data-element_type=\"widget\" data-widget_type=\"wd_image_or_svg.default\">\n\t\t\t\t<div class=\"elementor-widget-container\">\n\t\t\t\n\t\t<div class=\"wd-image text-left\">\n\t\t\t\t\t\t\t\t<img loading=\"lazy\" decoding=\"async\" width=\"679\" height=\"407\" src=\"https:\/\/tzila.mx\/dev\/wp-content\/uploads\/2022\/03\/XPG-Starker-ARGB-12.png\" class=\"attachment-full size-full\" alt=\"\" srcset=\"https:\/\/tzila.mx\/dev\/wp-content\/uploads\/2022\/03\/XPG-Starker-ARGB-12.png 679w, https:\/\/tzila.mx\/dev\/wp-content\/uploads\/2022\/03\/XPG-Starker-ARGB-12-400x240.png 400w, https:\/\/tzila.mx\/dev\/wp-content\/uploads\/2022\/03\/XPG-Starker-ARGB-12-430x258.png 430w, https:\/\/tzila.mx\/dev\/wp-content\/uploads\/2022\/03\/XPG-Starker-ARGB-12-150x90.png 150w\" sizes=\"auto, (max-width: 679px) 100vw, 679px\" \/>\t\t\t\t\t<\/div>\n\n\t\t\t\t<\/div>\n\t\t\t\t<\/div>\n\t\t\t\t<div class=\"elementor-element elementor-element-92b92dc elementor-widget elementor-widget-wd_text_block\" data-id=\"92b92dc\" data-element_type=\"widget\" data-widget_type=\"wd_text_block.default\">\n\t\t\t\t<div class=\"elementor-widget-container\">\n\t\t\t\t\t<div class=\"wd-text-block reset-last-child text-left\">\n\t\t\t\n\t\t\t<h4>DISE\u00d1O DE PANEL FRONTAL S\u00d3LIDO y ELEGANTE<\/h4><article data-v-b7353816=\"\">La serie XPG STARKER es un chasis muy compacto para aprovechar al m\u00e1ximo el formato ATX. Desarrollado por XPG: Exoskeleton Design Language, tiene un dise\u00f1o de panel frontal funcional y elegante con dos tiras de iluminaci\u00f3n ARGB frontales para resaltar su ADN de juego y se ofrece en variantes de color blanco y negro<\/article>\n\t\t\t\t\t<\/div>\n\t\t\t\t<\/div>\n\t\t\t\t<\/div>\n\t\t\t\t\t<\/div>\n\t\t<\/div>\n\t\t\t\t<div class=\"elementor-column elementor-col-33 elementor-top-column elementor-element elementor-element-efcf9f4\" data-id=\"efcf9f4\" data-element_type=\"column\">\n\t\t\t<div class=\"elementor-widget-wrap elementor-element-populated\">\n\t\t\t\t\t\t\t\t<div class=\"elementor-element elementor-element-a119555 elementor-widget elementor-widget-wd_text_block\" data-id=\"a119555\" data-element_type=\"widget\" data-widget_type=\"wd_text_block.default\">\n\t\t\t\t<div class=\"elementor-widget-container\">\n\t\t\t\t\t<div class=\"wd-text-block reset-last-child text-left\">\n\t\t\t\n\t\t\t<div class=\"row-content r-side\" data-v-b7353816=\"\"><h4>INNOVADOR FILTRO DE POLVO extra\u00edble sobre riel<\/h4><article data-v-b7353816=\"\">El innovador dise\u00f1o del filtro de polvo extra\u00edble sobre riel es f\u00e1cil de limpiar e intuitivo; adem\u00e1s de muy eficiente en la protecci\u00f3n del chasis contra el polvo acumulado en los componentes.<\/article><\/div>\n\t\t\t\t\t<\/div>\n\t\t\t\t<\/div>\n\t\t\t\t<\/div>\n\t\t\t\t<div class=\"elementor-element elementor-element-9bed168 elementor-widget elementor-widget-wd_text_block\" data-id=\"9bed168\" data-element_type=\"widget\" data-widget_type=\"wd_text_block.default\">\n\t\t\t\t<div class=\"elementor-widget-container\">\n\t\t\t\t\t<div class=\"wd-text-block reset-last-child text-left\">\n\t\t\t\n\t\t\t<h4>OPCIONES DE ALMACENAMIENTO<\/h4><article data-v-b7353816=\"\"><p>El chasis XPG STARKER admite hasta 2 unidades de disco duro de 3,5\u201d y 2 unidades de disco duro o de estado s\u00f3lido de 2,5\u201d y una unidad combinada disponible para tama\u00f1os de almacenamiento de 2,5\u201d y 3,5\u201d.<\/p><\/article>\n\t\t\t\t\t<\/div>\n\t\t\t\t<\/div>\n\t\t\t\t<\/div>\n\t\t\t\t<div class=\"elementor-element elementor-element-4b5326b elementor-widget elementor-widget-wd_text_block\" data-id=\"4b5326b\" data-element_type=\"widget\" data-widget_type=\"wd_text_block.default\">\n\t\t\t\t<div class=\"elementor-widget-container\">\n\t\t\t\t\t<div class=\"wd-text-block reset-last-child text-left\">\n\t\t\t\n\t\t\t<div class=\"row-content\" data-v-b7353816=\"\"><h4>COMPATIBLE CON INSTALACIONES VGA VERTICALES y HORIZONTALES<\/h4><article data-v-b7353816=\"\">Un dise\u00f1o de soporte VGA reemplazable facilita la visualizaci\u00f3n de su tarjeta gr\u00e1fica con efectos de iluminaci\u00f3n vertical u horizontalmente, incluso dentro del tama\u00f1o extremadamente compacto.<\/article><\/div>\n\t\t\t\t\t<\/div>\n\t\t\t\t<\/div>\n\t\t\t\t<\/div>\n\t\t\t\t\t<\/div>\n\t\t<\/div>\n\t\t\t\t<div class=\"elementor-column elementor-col-33 elementor-top-column elementor-element elementor-element-dffdc91\" data-id=\"dffdc91\" data-element_type=\"column\">\n\t\t\t<div class=\"elementor-widget-wrap elementor-element-populated\">\n\t\t\t\t\t\t\t\t<div class=\"elementor-element elementor-element-bf01787 elementor-widget elementor-widget-wd_text_block\" data-id=\"bf01787\" data-element_type=\"widget\" data-widget_type=\"wd_text_block.default\">\n\t\t\t\t<div class=\"elementor-widget-container\">\n\t\t\t\t\t<div class=\"wd-text-block reset-last-child text-left\">\n\t\t\t\n\t\t\t<h4>DISE\u00d1O EFICIENTE DEL FLUJO DE AIRE<\/h4><article data-v-b7353816=\"\">Admite hasta 6 ventiladores en total y un radiador de hasta 360 mm en la parte delantera, 280 mm en la parte superior y 120 mm en la parte trasera.<\/article>\n\t\t\t\t\t<\/div>\n\t\t\t\t<\/div>\n\t\t\t\t<\/div>\n\t\t\t\t<div class=\"elementor-element elementor-element-f4bb4cf elementor-widget elementor-widget-wd_text_block\" data-id=\"f4bb4cf\" data-element_type=\"widget\" data-widget_type=\"wd_text_block.default\">\n\t\t\t\t<div class=\"elementor-widget-container\">\n\t\t\t\t\t<div class=\"wd-text-block reset-last-child text-left\">\n\t\t\t\n\t\t\t<div class=\"row-content r-side\" data-v-b7353816=\"\"><div class=\"row-content\" data-v-b7353816=\"\"><h4>PUERTOS DE E\/S DE STARKER<\/h4><article data-v-b7353816=\"\">Un conjunto completo de puertos de E\/S para que los usuarios accedan r\u00e1pidamente a accesorios USB, al audio o para cambiar entre modos de efectos de iluminaci\u00f3n preprogramados.<\/article><\/div><\/div>\n\t\t\t\t\t<\/div>\n\t\t\t\t<\/div>\n\t\t\t\t<\/div>\n\t\t\t\t<div class=\"elementor-element elementor-element-ca5dbf4 elementor-widget elementor-widget-wd_image_or_svg\" data-id=\"ca5dbf4\" data-element_type=\"widget\" data-widget_type=\"wd_image_or_svg.default\">\n\t\t\t\t<div class=\"elementor-widget-container\">\n\t\t\t\n\t\t<div class=\"wd-image text-left\">\n\t\t\t\t\t\t\t\t<img loading=\"lazy\" decoding=\"async\" width=\"669\" height=\"430\" src=\"https:\/\/tzila.mx\/dev\/wp-content\/uploads\/2022\/03\/XPG-Starker-ARGB-11.png\" class=\"attachment-full size-full\" alt=\"\" srcset=\"https:\/\/tzila.mx\/dev\/wp-content\/uploads\/2022\/03\/XPG-Starker-ARGB-11.png 669w, https:\/\/tzila.mx\/dev\/wp-content\/uploads\/2022\/03\/XPG-Starker-ARGB-11-400x257.png 400w, https:\/\/tzila.mx\/dev\/wp-content\/uploads\/2022\/03\/XPG-Starker-ARGB-11-430x276.png 430w, https:\/\/tzila.mx\/dev\/wp-content\/uploads\/2022\/03\/XPG-Starker-ARGB-11-150x96.png 150w\" sizes=\"auto, (max-width: 669px) 100vw, 669px\" \/>\t\t\t\t\t<\/div>\n\n\t\t\t\t<\/div>\n\t\t\t\t<\/div>\n\t\t\t\t<div class=\"elementor-element elementor-element-64e948f elementor-widget elementor-widget-wd_button\" data-id=\"64e948f\" data-element_type=\"widget\" data-widget_type=\"wd_button.default\">\n\t\t\t\t<div class=\"elementor-widget-container\">\n\t\t\t\t\t<div class=\"wd-button-wrapper text-center\" >\n\t\t\t<a class=\"btn btn-style-link btn-shape- btn-size-default btn-scheme-light btn-scheme-hover-dark btn-icon-pos-right\"  href=\"https:\/\/webapi3.adata.com\/storage\/downloadfile\/datasheet_xpg_starker_chassis.pdf\" target=\"_blank\">\n\t\t\t\t<span class=\"wd-btn-text\" data-elementor-setting-key=\"text\">\n\t\t\t\t\tSaber m\u00e1s\t\t\t\t<\/span>\n\n\t\t\t\t\t\t\t<\/a>\n\t\t<\/div>\n\t\t\t\t<\/div>\n\t\t\t\t<\/div>\n\t\t\t\t\t<\/div>\n\t\t<\/div>\n\t\t\t\t\t\t\t<\/div>\n\t\t<\/section>\n\t\t\t\t\t\t<\/div>\n\t\t\t\t\t<\/div>\n\t\t","protected":false},"excerpt":{"rendered":"<h4>Caracter\u00edsticas principales:<\/h4>\n<p>\u25cf Vidrio templado<br \/>\n\u25cf Media torre ATX, M-ATX, MINI-ITX<br \/>\n\u25cf Fuente de poder de 600w<br \/>\n\u25cf Colores en Blanco y Negro<br \/>\n\u25cf ARGB<\/p>\n","protected":false},"featured_media":11301,"comment_status":"open","ping_status":"closed","template":"","meta":[],"product_cat":[20,73,97],"product_tag":[112],"class_list":["post-11332","product","type-product","status-publish","has-post-thumbnail","hentry","product_cat-hardware","product_cat-gabinete","product_cat-adata","product_tag-xpg","pa_brand-adata"],"_links":{"self":[{"href":"https:\/\/tzila.mx\/dev\/wp-json\/wp\/v2\/product\/11332","targetHints":{"allow":["GET"]}}],"collection":[{"href":"https:\/\/tzila.mx\/dev\/wp-json\/wp\/v2\/product"}],"about":[{"href":"https:\/\/tzila.mx\/dev\/wp-json\/wp\/v2\/types\/product"}],"replies":[{"embeddable":true,"href":"https:\/\/tzila.mx\/dev\/wp-json\/wp\/v2\/comments?post=11332"}],"version-history":[{"count":9,"href":"https:\/\/tzila.mx\/dev\/wp-json\/wp\/v2\/product\/11332\/revisions"}],"predecessor-version":[{"id":15598,"href":"https:\/\/tzila.mx\/dev\/wp-json\/wp\/v2\/product\/11332\/revisions\/15598"}],"wp:featuredmedia":[{"embeddable":true,"href":"https:\/\/tzila.mx\/dev\/wp-json\/wp\/v2\/media\/11301"}],"wp:attachment":[{"href":"https:\/\/tzila.mx\/dev\/wp-json\/wp\/v2\/media?parent=11332"}],"wp:term":[{"taxonomy":"product_cat","embeddable":true,"href":"https:\/\/tzila.mx\/dev\/wp-json\/wp\/v2\/product_cat?post=11332"},{"taxonomy":"product_tag","embeddable":true,"href":"https:\/\/tzila.mx\/dev\/wp-json\/wp\/v2\/product_tag?post=11332"}],"curies":[{"name":"wp","href":"https:\/\/api.w.org\/{rel}","templated":true}]}}