{"id":11176,"date":"2022-03-11T21:21:34","date_gmt":"2022-03-12T03:21:34","guid":{"rendered":"https:\/\/tzila.mx\/dev\/?post_type=product&#038;p=11176"},"modified":"2022-06-28T13:47:22","modified_gmt":"2022-06-28T18:47:22","slug":"audifonos-gaming-xpg-precog","status":"publish","type":"product","link":"https:\/\/tzila.mx\/dev\/producto\/audifonos-gaming-xpg-precog\/","title":{"rendered":"Aud\u00edfonos Gaming XPG PRECOG"},"content":{"rendered":"\t\t<div data-elementor-type=\"wp-post\" data-elementor-id=\"11176\" class=\"elementor elementor-11176\" data-elementor-settings=\"[]\">\n\t\t\t\t\t\t\t<div class=\"elementor-section-wrap\">\n\t\t\t\t\t\t\t<section class=\"elementor-section elementor-top-section elementor-element elementor-element-73f86f1 elementor-section-boxed elementor-section-height-default elementor-section-height-default wd-section-disabled\" data-id=\"73f86f1\" data-element_type=\"section\">\n\t\t\t\t\t\t<div class=\"elementor-container elementor-column-gap-default\">\n\t\t\t\t\t<div class=\"elementor-column elementor-col-33 elementor-top-column elementor-element elementor-element-a97a0da\" data-id=\"a97a0da\" data-element_type=\"column\">\n\t\t\t<div class=\"elementor-widget-wrap elementor-element-populated\">\n\t\t\t\t\t\t\t\t<div class=\"elementor-element elementor-element-ee15466 elementor-widget elementor-widget-wd_text_block\" data-id=\"ee15466\" data-element_type=\"widget\" data-widget_type=\"wd_text_block.default\">\n\t\t\t\t<div class=\"elementor-widget-container\">\n\t\t\t\t\t<div class=\"wd-text-block reset-last-child text-left\">\n\t\t\t\n\t\t\t<h5><strong>M\u00c1S ESPECIFICACIONES<\/strong><strong>:<\/strong><\/h5>\n\t\t\t\t\t<\/div>\n\t\t\t\t<\/div>\n\t\t\t\t<\/div>\n\t\t\t\t<div class=\"elementor-element elementor-element-060aac8 elementor-widget elementor-widget-wd_text_block\" data-id=\"060aac8\" data-element_type=\"widget\" data-widget_type=\"wd_text_block.default\">\n\t\t\t\t<div class=\"elementor-widget-container\">\n\t\t\t\t\t<div class=\"wd-text-block reset-last-child text-left\">\n\t\t\t\n\t\t\t<p>\u25cf Transductores duales incluidos (electrost\u00e1ticos y din\u00e1micos)<br \/>\u25cf Certificado de audio de alta resoluci\u00f3n<br \/>\u25cf Modos FPS\/Sonido envolvente Virtual 7.1\/M\u00fasica integrados<br \/>\u25cf Tecnolog\u00eda de cancelaci\u00f3n de ruido ambiental para el micr\u00f3fono<br \/>\u25cf Aud\u00edfonos ergon\u00f3micos para los o\u00eddos y banda de ajuste autom\u00e1tico<br \/>\u25cf Aud\u00edfonos rotativos<br \/>\u25cf Compatibilidad multiplataforma<\/p>\n\t\t\t\t\t<\/div>\n\t\t\t\t<\/div>\n\t\t\t\t<\/div>\n\t\t\t\t\t<\/div>\n\t\t<\/div>\n\t\t\t\t<div class=\"elementor-column elementor-col-66 elementor-top-column elementor-element elementor-element-58ccbf6\" data-id=\"58ccbf6\" data-element_type=\"column\">\n\t\t\t<div class=\"elementor-widget-wrap elementor-element-populated\">\n\t\t\t\t\t\t\t\t<div class=\"elementor-element elementor-element-8fc16ba elementor-widget elementor-widget-wd_image_or_svg\" data-id=\"8fc16ba\" data-element_type=\"widget\" data-widget_type=\"wd_image_or_svg.default\">\n\t\t\t\t<div class=\"elementor-widget-container\">\n\t\t\t\n\t\t<div class=\"wd-image text-center\">\n\t\t\t\t\t\t\t\t<img decoding=\"async\" src=\"https:\/\/tzila.mx\/dev\/wp-content\/uploads\/elementor\/thumbs\/XPG-PRECOG-4-plqw4x4cex8j0k6u37ss9uzz6t994si1jg8aqnho6k.png\" title=\"XPG PRECOG-4\" alt=\"XPG PRECOG-4\" \/>\t\t\t\t\t<\/div>\n\n\t\t\t\t<\/div>\n\t\t\t\t<\/div>\n\t\t\t\t\t<\/div>\n\t\t<\/div>\n\t\t\t\t\t\t\t<\/div>\n\t\t<\/section>\n\t\t\t\t<section class=\"elementor-section elementor-top-section elementor-element elementor-element-8b0c073 elementor-section-boxed elementor-section-height-default elementor-section-height-default wd-section-disabled\" data-id=\"8b0c073\" data-element_type=\"section\">\n\t\t\t\t\t\t<div class=\"elementor-container elementor-column-gap-default\">\n\t\t\t\t\t<div class=\"elementor-column elementor-col-33 elementor-top-column elementor-element elementor-element-78c2af7\" data-id=\"78c2af7\" data-element_type=\"column\">\n\t\t\t<div class=\"elementor-widget-wrap elementor-element-populated\">\n\t\t\t\t\t\t\t\t<div class=\"elementor-element elementor-element-1dde15d elementor-widget elementor-widget-wd_text_block\" data-id=\"1dde15d\" data-element_type=\"widget\" data-widget_type=\"wd_text_block.default\">\n\t\t\t\t<div class=\"elementor-widget-container\">\n\t\t\t\t\t<div class=\"wd-text-block reset-last-child text-left\">\n\t\t\t\n\t\t\t<h4>Guerra ac\u00fastica<\/h4><p>XPG PRECOG son los primeros auriculares para juegos profesionales con dos transductores del mundo, equipados con transductores electrost\u00e1ticos din\u00e1micos, modos de audio predefinidos y un dise\u00f1o incre\u00edblemente ergon\u00f3mico. El XPG PRECOG est\u00e1 dise\u00f1ado para ofrecer una calidad de sonido \u00e9pica y comodidad durante las sesiones prolongadas.<\/p>\n\t\t\t\t\t<\/div>\n\t\t\t\t<\/div>\n\t\t\t\t<\/div>\n\t\t\t\t<div class=\"elementor-element elementor-element-106924e elementor-widget elementor-widget-wd_image_or_svg\" data-id=\"106924e\" data-element_type=\"widget\" data-widget_type=\"wd_image_or_svg.default\">\n\t\t\t\t<div class=\"elementor-widget-container\">\n\t\t\t\n\t\t<div class=\"wd-image text-center\">\n\t\t\t\t\t\t\t\t<img decoding=\"async\" src=\"https:\/\/tzila.mx\/dev\/wp-content\/uploads\/elementor\/thumbs\/productGallery7192-plqq8xkmnbhsboh6send9wruwglbehg9hlef47wjho.jpg\" title=\"productGallery7192\" alt=\"productGallery7192\" \/>\t\t\t\t\t<\/div>\n\n\t\t\t\t<\/div>\n\t\t\t\t<\/div>\n\t\t\t\t<div class=\"elementor-element elementor-element-f1cee85 elementor-widget elementor-widget-wd_text_block\" data-id=\"f1cee85\" data-element_type=\"widget\" data-widget_type=\"wd_text_block.default\">\n\t\t\t\t<div class=\"elementor-widget-container\">\n\t\t\t\t\t<div class=\"wd-text-block reset-last-child text-left\">\n\t\t\t\n\t\t\t<h4>Conciencia de la situaci\u00f3n con el modo FPS<\/h4><article data-v-b7353816=\"\"><p>\u00a1No se deje sorprender! Escuche pasos y disparos con claridad y sepa de qu\u00e9 direcci\u00f3n vienen. Tambi\u00e9n se proporcionan modos de m\u00fasica y sonido envolvente Virtual 7.1.<\/p><\/article>\n\t\t\t\t\t<\/div>\n\t\t\t\t<\/div>\n\t\t\t\t<\/div>\n\t\t\t\t\t<\/div>\n\t\t<\/div>\n\t\t\t\t<div class=\"elementor-column elementor-col-33 elementor-top-column elementor-element elementor-element-cb92818\" data-id=\"cb92818\" data-element_type=\"column\">\n\t\t\t<div class=\"elementor-widget-wrap elementor-element-populated\">\n\t\t\t\t\t\t\t\t<div class=\"elementor-element elementor-element-a28aaef elementor-widget elementor-widget-wd_text_block\" data-id=\"a28aaef\" data-element_type=\"widget\" data-widget_type=\"wd_text_block.default\">\n\t\t\t\t<div class=\"elementor-widget-container\">\n\t\t\t\t\t<div class=\"wd-text-block reset-last-child text-left\">\n\t\t\t\n\t\t\t<h4>Transductores din\u00e1micos electrost\u00e1ticos duales<\/h4><p>XPG PRECOG son los primeros auriculares para juegos del mundo equipados con transductores electrost\u00e1ticos din\u00e1micos duales. Los transductores est\u00e1n dise\u00f1ados para cubrir frecuencias altas y bajas, ofreci\u00e9ndole un audio claro y sin distorsiones.<\/p>\n\t\t\t\t\t<\/div>\n\t\t\t\t<\/div>\n\t\t\t\t<\/div>\n\t\t\t\t<div class=\"elementor-element elementor-element-d87c23e elementor-widget elementor-widget-wd_text_block\" data-id=\"d87c23e\" data-element_type=\"widget\" data-widget_type=\"wd_text_block.default\">\n\t\t\t\t<div class=\"elementor-widget-container\">\n\t\t\t\t\t<div class=\"wd-text-block reset-last-child text-left\">\n\t\t\t\n\t\t\t<h4>Cancelaci\u00f3n del ruido del entorno<\/h4><p>El micr\u00f3fono desmontable XPG PRECOG est\u00e1 equipado con tecnolog\u00eda de cancelaci\u00f3n de ruido ambiental (ENC), por lo que sus camaradas lo escuchar\u00e1n alto y claro sin ruidos ambientales no deseados.<\/p>\n\t\t\t\t\t<\/div>\n\t\t\t\t<\/div>\n\t\t\t\t<\/div>\n\t\t\t\t<div class=\"elementor-element elementor-element-be330e6 elementor-widget elementor-widget-wd_text_block\" data-id=\"be330e6\" data-element_type=\"widget\" data-widget_type=\"wd_text_block.default\">\n\t\t\t\t<div class=\"elementor-widget-container\">\n\t\t\t\t\t<div class=\"wd-text-block reset-last-child text-left\">\n\t\t\t\n\t\t\t<h4>Dise\u00f1o ergon\u00f3mico para comodidad en sesiones prolongadas<\/h4><p>Aud\u00edfonos de espuma con memoria en \u00e1ngulo para un ajuste m\u00e1s natural.<br \/>Los aud\u00edfonos giratorios giran 180\u00b0 para que no se corten en el cuello durante los descansos.<br \/>La diadema de ajuste autom\u00e1tico que proporciona la cantidad justa de fuerza de sujeci\u00f3n.<\/p>\n\t\t\t\t\t<\/div>\n\t\t\t\t<\/div>\n\t\t\t\t<\/div>\n\t\t\t\t\t<\/div>\n\t\t<\/div>\n\t\t\t\t<div class=\"elementor-column elementor-col-33 elementor-top-column elementor-element elementor-element-5d1ce0b\" data-id=\"5d1ce0b\" data-element_type=\"column\">\n\t\t\t<div class=\"elementor-widget-wrap elementor-element-populated\">\n\t\t\t\t\t\t\t\t<div class=\"elementor-element elementor-element-375f79a elementor-widget elementor-widget-wd_text_block\" data-id=\"375f79a\" data-element_type=\"widget\" data-widget_type=\"wd_text_block.default\">\n\t\t\t\t<div class=\"elementor-widget-container\">\n\t\t\t\t\t<div class=\"wd-text-block reset-last-child text-left\">\n\t\t\t\n\t\t\t<h4>Compatibilidad multiplataforma<\/h4><p>Conecte su XPG PRECOG a trav\u00e9s de un conector USB-C o de 3,5 mm. Para su comodidad, se proporciona un cable USB-C a -A. Desde Switch, PC, PS4 hasta Xbox, \u00a1disfrute de la compatibilidad multiplataforma!<\/p>\n\t\t\t\t\t<\/div>\n\t\t\t\t<\/div>\n\t\t\t\t<\/div>\n\t\t\t\t<div class=\"elementor-element elementor-element-bd5abe7 elementor-widget elementor-widget-wd_image_or_svg\" data-id=\"bd5abe7\" data-element_type=\"widget\" data-widget_type=\"wd_image_or_svg.default\">\n\t\t\t\t<div class=\"elementor-widget-container\">\n\t\t\t\n\t\t<div class=\"wd-image text-center\">\n\t\t\t\t\t\t\t\t<img decoding=\"async\" src=\"https:\/\/tzila.mx\/dev\/wp-content\/uploads\/elementor\/thumbs\/productGallery145-plqq9616ctssrksm2xmjv8szv2zf1venx9ryer10w4.png\" title=\"productGallery145\" alt=\"productGallery145\" \/>\t\t\t\t\t<\/div>\n\n\t\t\t\t<\/div>\n\t\t\t\t<\/div>\n\t\t\t\t<div class=\"elementor-element elementor-element-221f715 elementor-widget elementor-widget-wd_text_block\" data-id=\"221f715\" data-element_type=\"widget\" data-widget_type=\"wd_text_block.default\">\n\t\t\t\t<div class=\"elementor-widget-container\">\n\t\t\t\t\t<div class=\"wd-text-block reset-last-child text-left\">\n\t\t\t\n\t\t\t<h4>Experiencia FPS incluida - XPG EPIC<\/h4><p>\u00a1Descargue el disparador en primera persona exclusivo de XPG, XPG Epic, y familiar\u00edcese con las funcionalidades de XPG PRECOG directamente en el campo de batalla!<\/p>\n\t\t\t\t\t<\/div>\n\t\t\t\t<\/div>\n\t\t\t\t<\/div>\n\t\t\t\t<div class=\"elementor-element elementor-element-8cb05d3 elementor-widget elementor-widget-wd_button\" data-id=\"8cb05d3\" data-element_type=\"widget\" data-widget_type=\"wd_button.default\">\n\t\t\t\t<div class=\"elementor-widget-container\">\n\t\t\t\t\t<div class=\"wd-button-wrapper text-center\" >\n\t\t\t<a class=\"btn btn-style-link btn-shape- btn-size-large btn-scheme-light btn-scheme-hover-dark btn-icon-pos-right\"  href=\"https:\/\/webapi3.adata.com\/storage\/downloadfile\/Datasheet_XPG_PRECOG.pdf\" target=\"_blank\">\n\t\t\t\t<span class=\"wd-btn-text\" data-elementor-setting-key=\"text\">\n\t\t\t\t\tSaber m\u00e1s\t\t\t\t<\/span>\n\n\t\t\t\t\t\t\t<\/a>\n\t\t<\/div>\n\t\t\t\t<\/div>\n\t\t\t\t<\/div>\n\t\t\t\t\t<\/div>\n\t\t<\/div>\n\t\t\t\t\t\t\t<\/div>\n\t\t<\/section>\n\t\t\t\t\t\t<\/div>\n\t\t\t\t\t<\/div>\n\t\t","protected":false},"excerpt":{"rendered":"<h4>Caracter\u00edsticas principales:<\/h4>\n<p class=\"p1\"><span class=\"s1\">\u25cf<\/span><span class=\"s2\"> USB tipo C <span id=\"page95R_mcid119\" class=\"markedContent\"><\/span><span id=\"page95R_mcid120\" class=\"markedContent\"><\/span><span id=\"page95R_mcid121\" class=\"markedContent\"><\/span><span id=\"page95R_mcid122\" class=\"markedContent\"><span dir=\"ltr\" role=\"presentation\">3.5mm<\/span> <\/span><\/span><br \/>\n<span class=\"s1\">\u25cf<\/span><span class=\"s2\"> Al\u00e1mbricos 1.35m<\/span><br \/>\n<span class=\"s1\">\u25cf<\/span><span class=\"s2\"> Iluminaci\u00f3n, Led rojo<\/span><br \/>\n<span class=\"s1\">\u25cf<\/span><span class=\"s2\"> Cancelaci\u00f3n de ruido<\/span><\/p>\n<p>&nbsp;<\/p>\n","protected":false},"featured_media":11234,"comment_status":"open","ping_status":"closed","template":"","meta":[],"product_cat":[237,29,85,97],"product_tag":[112],"class_list":["post-11176","product","type-product","status-publish","has-post-thumbnail","hentry","product_cat-audifonos","product_cat-streaming","product_cat-diadema-gamer","product_cat-adata","product_tag-xpg","pa_brand-adata"],"_links":{"self":[{"href":"https:\/\/tzila.mx\/dev\/wp-json\/wp\/v2\/product\/11176","targetHints":{"allow":["GET"]}}],"collection":[{"href":"https:\/\/tzila.mx\/dev\/wp-json\/wp\/v2\/product"}],"about":[{"href":"https:\/\/tzila.mx\/dev\/wp-json\/wp\/v2\/types\/product"}],"replies":[{"embeddable":true,"href":"https:\/\/tzila.mx\/dev\/wp-json\/wp\/v2\/comments?post=11176"}],"version-history":[{"count":33,"href":"https:\/\/tzila.mx\/dev\/wp-json\/wp\/v2\/product\/11176\/revisions"}],"predecessor-version":[{"id":12668,"href":"https:\/\/tzila.mx\/dev\/wp-json\/wp\/v2\/product\/11176\/revisions\/12668"}],"wp:featuredmedia":[{"embeddable":true,"href":"https:\/\/tzila.mx\/dev\/wp-json\/wp\/v2\/media\/11234"}],"wp:attachment":[{"href":"https:\/\/tzila.mx\/dev\/wp-json\/wp\/v2\/media?parent=11176"}],"wp:term":[{"taxonomy":"product_cat","embeddable":true,"href":"https:\/\/tzila.mx\/dev\/wp-json\/wp\/v2\/product_cat?post=11176"},{"taxonomy":"product_tag","embeddable":true,"href":"https:\/\/tzila.mx\/dev\/wp-json\/wp\/v2\/product_tag?post=11176"}],"curies":[{"name":"wp","href":"https:\/\/api.w.org\/{rel}","templated":true}]}}