{"id":11167,"date":"2022-03-11T18:49:34","date_gmt":"2022-03-12T00:49:34","guid":{"rendered":"https:\/\/tzila.mx\/dev\/?post_type=product&#038;p=11167"},"modified":"2022-06-16T16:15:07","modified_gmt":"2022-06-16T21:15:07","slug":"memoria-ram-kingston-fury-beast-ddr3-1600mhz","status":"publish","type":"product","link":"https:\/\/tzila.mx\/dev\/producto\/memoria-ram-kingston-fury-beast-ddr3-1600mhz\/","title":{"rendered":"Memoria RAM Kingston FURY Beast DDR3 1600Mhz"},"content":{"rendered":"\t\t<div data-elementor-type=\"wp-post\" data-elementor-id=\"11167\" class=\"elementor elementor-11167\" data-elementor-settings=\"[]\">\n\t\t\t\t\t\t\t<div class=\"elementor-section-wrap\">\n\t\t\t\t\t\t\t<section class=\"elementor-section elementor-top-section elementor-element elementor-element-154fe09 elementor-section-boxed elementor-section-height-default elementor-section-height-default wd-section-disabled\" data-id=\"154fe09\" data-element_type=\"section\">\n\t\t\t\t\t\t<div class=\"elementor-container elementor-column-gap-default\">\n\t\t\t\t\t<div class=\"elementor-column elementor-col-33 elementor-top-column elementor-element elementor-element-f14913d\" data-id=\"f14913d\" data-element_type=\"column\">\n\t\t\t<div class=\"elementor-widget-wrap elementor-element-populated\">\n\t\t\t\t\t\t\t\t<div class=\"elementor-element elementor-element-3d30eaf elementor-widget elementor-widget-wd_text_block\" data-id=\"3d30eaf\" data-element_type=\"widget\" data-widget_type=\"wd_text_block.default\">\n\t\t\t\t<div class=\"elementor-widget-container\">\n\t\t\t\t\t<div class=\"wd-text-block reset-last-child text-left\">\n\t\t\t\n\t\t\t<h5><strong>M\u00c1S ESPECIFICACIONES<\/strong><strong>:<\/strong><\/h5>\n\t\t\t\t\t<\/div>\n\t\t\t\t<\/div>\n\t\t\t\t<\/div>\n\t\t\t\t<div class=\"elementor-element elementor-element-6d44079 elementor-widget elementor-widget-wd_text_block\" data-id=\"6d44079\" data-element_type=\"widget\" data-widget_type=\"wd_text_block.default\">\n\t\t\t\t<div class=\"elementor-widget-container\">\n\t\t\t\t\t<div class=\"wd-text-block reset-last-child text-left\">\n\t\t\t\n\t\t\t<p class=\"p1\"><span class=\"s1\">\u25cf<\/span><span class=\"s2\"> Plug N Play \u2013 Overclocking autom\u00e1tico hasta 1866MT\/s<\/span><br \/><span class=\"s1\">\u25cf<\/span><span class=\"s2\"> Su disipador de calor audaz y asim\u00e9trico tiene un estilo impactante.<\/span><br \/><span class=\"s1\">\u25cf<\/span><span class=\"s2\"> PCB negro y variantes m\u00faltiples de colores para un esquema de color personalizable<\/span><br \/><span class=\"s1\">\u25cf<\/span><span class=\"s2\"> Capacidades del kit de hasta 16GB<\/span><\/p>\n\t\t\t\t\t<\/div>\n\t\t\t\t<\/div>\n\t\t\t\t<\/div>\n\t\t\t\t\t<\/div>\n\t\t<\/div>\n\t\t\t\t<div class=\"elementor-column elementor-col-66 elementor-top-column elementor-element elementor-element-1a0b71f\" data-id=\"1a0b71f\" data-element_type=\"column\">\n\t\t\t<div class=\"elementor-widget-wrap elementor-element-populated\">\n\t\t\t\t\t\t\t\t<div class=\"elementor-element elementor-element-6f6445b elementor-widget elementor-widget-wd_image_or_svg\" data-id=\"6f6445b\" data-element_type=\"widget\" data-widget_type=\"wd_image_or_svg.default\">\n\t\t\t\t<div class=\"elementor-widget-container\">\n\t\t\t\n\t\t<div class=\"wd-image text-center\">\n\t\t\t\t\t\t\t\t<img loading=\"lazy\" decoding=\"async\" width=\"2048\" height=\"960\" src=\"https:\/\/tzila.mx\/dev\/wp-content\/uploads\/2022\/03\/FURY-BEAST-DDR3-3.jpg\" class=\"attachment-full size-full\" alt=\"\" srcset=\"https:\/\/tzila.mx\/dev\/wp-content\/uploads\/2022\/03\/FURY-BEAST-DDR3-3.jpg 2048w, https:\/\/tzila.mx\/dev\/wp-content\/uploads\/2022\/03\/FURY-BEAST-DDR3-3-400x188.jpg 400w, https:\/\/tzila.mx\/dev\/wp-content\/uploads\/2022\/03\/FURY-BEAST-DDR3-3-1300x609.jpg 1300w, https:\/\/tzila.mx\/dev\/wp-content\/uploads\/2022\/03\/FURY-BEAST-DDR3-3-768x360.jpg 768w, https:\/\/tzila.mx\/dev\/wp-content\/uploads\/2022\/03\/FURY-BEAST-DDR3-3-1536x720.jpg 1536w, https:\/\/tzila.mx\/dev\/wp-content\/uploads\/2022\/03\/FURY-BEAST-DDR3-3-860x403.jpg 860w, https:\/\/tzila.mx\/dev\/wp-content\/uploads\/2022\/03\/FURY-BEAST-DDR3-3-430x202.jpg 430w, https:\/\/tzila.mx\/dev\/wp-content\/uploads\/2022\/03\/FURY-BEAST-DDR3-3-700x328.jpg 700w, https:\/\/tzila.mx\/dev\/wp-content\/uploads\/2022\/03\/FURY-BEAST-DDR3-3-150x70.jpg 150w\" sizes=\"auto, (max-width: 2048px) 100vw, 2048px\" \/>\t\t\t\t\t<\/div>\n\n\t\t\t\t<\/div>\n\t\t\t\t<\/div>\n\t\t\t\t\t<\/div>\n\t\t<\/div>\n\t\t\t\t\t\t\t<\/div>\n\t\t<\/section>\n\t\t\t\t<section class=\"elementor-section elementor-top-section elementor-element elementor-element-f335c48 elementor-section-boxed elementor-section-height-default elementor-section-height-default wd-section-disabled\" data-id=\"f335c48\" data-element_type=\"section\">\n\t\t\t\t\t\t<div class=\"elementor-container elementor-column-gap-default\">\n\t\t\t\t\t<div class=\"elementor-column elementor-col-100 elementor-top-column elementor-element elementor-element-dffdc91\" data-id=\"dffdc91\" data-element_type=\"column\">\n\t\t\t<div class=\"elementor-widget-wrap elementor-element-populated\">\n\t\t\t\t\t\t\t\t<div class=\"elementor-element elementor-element-9ce59d9 elementor-widget elementor-widget-wd_text_block\" data-id=\"9ce59d9\" data-element_type=\"widget\" data-widget_type=\"wd_text_block.default\">\n\t\t\t\t<div class=\"elementor-widget-container\">\n\t\t\t\t\t<div class=\"wd-text-block reset-last-child text-left\">\n\t\t\t\n\t\t\t<h4>Desata tu rendimiento al m\u00e1ximo.<\/h4><p>Kingston FURY\u2122 Beast DDR3 realiza overclocking autom\u00e1tico a frecuencias de hasta 1866MT\/s<sup class=\"footnote-sub\" data-original=\"{{Footnote.N63273}}\">1<\/sup><sup class=\"footnote-sub\" data-original=\"{{Footnote.A65242}}\">*<\/sup>, generando un aumento de potencia instant\u00e1neo, confiable y sin complicaciones, sintonizado para tu sistema Intel\u00ae o AMD. El dise\u00f1o asim\u00e9trico y vanguardista de Beast se destaca entre la multitud de bloques y cuadrados y est\u00e1 fabricado con aluminio de primera calidad. Con un PCB negro, un acabado de corte de diamante con difusores de calor de color azul, negro y rojo, FURY Beast DDR3 eleva incluso a los ensamblajes m\u00e1s audaces.<\/p>\n\t\t\t\t\t<\/div>\n\t\t\t\t<\/div>\n\t\t\t\t<\/div>\n\t\t\t\t<div class=\"elementor-element elementor-element-192bab2 elementor-widget elementor-widget-wd_button\" data-id=\"192bab2\" data-element_type=\"widget\" data-widget_type=\"wd_button.default\">\n\t\t\t\t<div class=\"elementor-widget-container\">\n\t\t\t\t\t<div class=\"wd-button-wrapper text-center\" >\n\t\t\t<a class=\"btn btn-style-link btn-shape- btn-size-large btn-scheme-light btn-scheme-hover-dark btn-icon-pos-right\"  href=\"https:\/\/www.kingston.com\/latam\/memory\/gaming\/kingston-fury-beast-ddr3-memory\" target=\"_blank\">\n\t\t\t\t<span class=\"wd-btn-text\" data-elementor-setting-key=\"text\">\n\t\t\t\t\tSaber m\u00e1s\t\t\t\t<\/span>\n\n\t\t\t\t\t\t\t<\/a>\n\t\t<\/div>\n\t\t\t\t<\/div>\n\t\t\t\t<\/div>\n\t\t\t\t\t<\/div>\n\t\t<\/div>\n\t\t\t\t\t\t\t<\/div>\n\t\t<\/section>\n\t\t\t\t\t\t<\/div>\n\t\t\t\t\t<\/div>\n\t\t","protected":false},"excerpt":{"rendered":"<h4>Caracter\u00edsticas principales:<\/h4>\n<p class=\"p1\"><span class=\"s1\">\u25cf<\/span><span class=\"s2\"> Capacidad memoria: 4<strong>GB<\/strong> (1x4GB)<\/span><br \/>\n<span class=\"s1\">\u25cf<\/span><span class=\"s2\"> Velocidad: de hasta 1600MHZ<\/span><br \/>\n<span class=\"s1\">\u25cf<\/span><span class=\"s2\"> Latencia CAS: CL10<\/span><\/p>\n","protected":false},"featured_media":11169,"comment_status":"open","ping_status":"closed","template":"","meta":[],"product_cat":[20,74,107],"product_tag":[113],"class_list":["post-11167","product","type-product","status-publish","has-post-thumbnail","hentry","product_cat-hardware","product_cat-memoria-ram","product_cat-kingston","product_tag-fury","pa_brand-kingston"],"_links":{"self":[{"href":"https:\/\/tzila.mx\/dev\/wp-json\/wp\/v2\/product\/11167","targetHints":{"allow":["GET"]}}],"collection":[{"href":"https:\/\/tzila.mx\/dev\/wp-json\/wp\/v2\/product"}],"about":[{"href":"https:\/\/tzila.mx\/dev\/wp-json\/wp\/v2\/types\/product"}],"replies":[{"embeddable":true,"href":"https:\/\/tzila.mx\/dev\/wp-json\/wp\/v2\/comments?post=11167"}],"version-history":[{"count":6,"href":"https:\/\/tzila.mx\/dev\/wp-json\/wp\/v2\/product\/11167\/revisions"}],"predecessor-version":[{"id":15565,"href":"https:\/\/tzila.mx\/dev\/wp-json\/wp\/v2\/product\/11167\/revisions\/15565"}],"wp:featuredmedia":[{"embeddable":true,"href":"https:\/\/tzila.mx\/dev\/wp-json\/wp\/v2\/media\/11169"}],"wp:attachment":[{"href":"https:\/\/tzila.mx\/dev\/wp-json\/wp\/v2\/media?parent=11167"}],"wp:term":[{"taxonomy":"product_cat","embeddable":true,"href":"https:\/\/tzila.mx\/dev\/wp-json\/wp\/v2\/product_cat?post=11167"},{"taxonomy":"product_tag","embeddable":true,"href":"https:\/\/tzila.mx\/dev\/wp-json\/wp\/v2\/product_tag?post=11167"}],"curies":[{"name":"wp","href":"https:\/\/api.w.org\/{rel}","templated":true}]}}