{"id":11152,"date":"2022-03-11T18:09:48","date_gmt":"2022-03-12T00:09:48","guid":{"rendered":"https:\/\/tzila.mx\/dev\/?post_type=product&#038;p=11152"},"modified":"2022-06-16T16:15:11","modified_gmt":"2022-06-16T21:15:11","slug":"memoria-ram-kingston-fury-impact-ddr4-3200mhz","status":"publish","type":"product","link":"https:\/\/tzila.mx\/dev\/producto\/memoria-ram-kingston-fury-impact-ddr4-3200mhz\/","title":{"rendered":"Memoria RAM Kingston FURY Impact DDR4 3200Mhz"},"content":{"rendered":"\t\t<div data-elementor-type=\"wp-post\" data-elementor-id=\"11152\" class=\"elementor elementor-11152\" data-elementor-settings=\"[]\">\n\t\t\t\t\t\t\t<div class=\"elementor-section-wrap\">\n\t\t\t\t\t\t\t<section class=\"elementor-section elementor-top-section elementor-element elementor-element-154fe09 elementor-section-boxed elementor-section-height-default elementor-section-height-default wd-section-disabled\" data-id=\"154fe09\" data-element_type=\"section\">\n\t\t\t\t\t\t<div class=\"elementor-container elementor-column-gap-default\">\n\t\t\t\t\t<div class=\"elementor-column elementor-col-33 elementor-top-column elementor-element elementor-element-f14913d\" data-id=\"f14913d\" data-element_type=\"column\">\n\t\t\t<div class=\"elementor-widget-wrap elementor-element-populated\">\n\t\t\t\t\t\t\t\t<div class=\"elementor-element elementor-element-3d30eaf elementor-widget elementor-widget-wd_text_block\" data-id=\"3d30eaf\" data-element_type=\"widget\" data-widget_type=\"wd_text_block.default\">\n\t\t\t\t<div class=\"elementor-widget-container\">\n\t\t\t\t\t<div class=\"wd-text-block reset-last-child text-left\">\n\t\t\t\n\t\t\t<h5><strong>M\u00c1S ESPECIFICACIONES<\/strong><strong>:<\/strong><\/h5>\n\t\t\t\t\t<\/div>\n\t\t\t\t<\/div>\n\t\t\t\t<\/div>\n\t\t\t\t<div class=\"elementor-element elementor-element-6d44079 elementor-widget elementor-widget-wd_text_block\" data-id=\"6d44079\" data-element_type=\"widget\" data-widget_type=\"wd_text_block.default\">\n\t\t\t\t<div class=\"elementor-widget-container\">\n\t\t\t\t\t<div class=\"wd-text-block reset-last-child text-left\">\n\t\t\t\n\t\t\t<p class=\"p1\"><span class=\"s1\">\u25cf<\/span><span class=\"s2\"> Poderoso rendimiento SODIMM<\/span><br \/><span class=\"s1\">\u25cf<\/span><span class=\"s2\"> Funcionalidad Plug and Play con overclocking autom\u00e1tico<\/span><br \/><span class=\"s1\">\u25cf<\/span><span class=\"s2\"> Intel\u00ae XMP-ready y XMP Certificado<\/span><br \/><span class=\"s1\">\u25cf<\/span><span class=\"s2\"> Ready for AMD Ryzen\u2122<\/span><br \/><span class=\"s1\">\u25cf<\/span><span class=\"s2\"> Mayor rendimiento con menor consumo de energ\u00eda<\/span><br \/><span class=\"s1\">\u25cf<\/span><span class=\"s2\"> Factor de forma delgado, dise\u00f1o impactante<\/span><\/p>\n\t\t\t\t\t<\/div>\n\t\t\t\t<\/div>\n\t\t\t\t<\/div>\n\t\t\t\t\t<\/div>\n\t\t<\/div>\n\t\t\t\t<div class=\"elementor-column elementor-col-66 elementor-top-column elementor-element elementor-element-1a0b71f\" data-id=\"1a0b71f\" data-element_type=\"column\">\n\t\t\t<div class=\"elementor-widget-wrap elementor-element-populated\">\n\t\t\t\t\t\t\t\t<div class=\"elementor-element elementor-element-6f6445b elementor-widget elementor-widget-wd_image_or_svg\" data-id=\"6f6445b\" data-element_type=\"widget\" data-widget_type=\"wd_image_or_svg.default\">\n\t\t\t\t<div class=\"elementor-widget-container\">\n\t\t\t\n\t\t<div class=\"wd-image text-center\">\n\t\t\t\t\t\t\t\t<img loading=\"lazy\" decoding=\"async\" width=\"2048\" height=\"608\" src=\"https:\/\/tzila.mx\/dev\/wp-content\/uploads\/2022\/03\/FURY-impact-DDR4-4.jpg\" class=\"attachment-full size-full\" alt=\"\" srcset=\"https:\/\/tzila.mx\/dev\/wp-content\/uploads\/2022\/03\/FURY-impact-DDR4-4.jpg 2048w, https:\/\/tzila.mx\/dev\/wp-content\/uploads\/2022\/03\/FURY-impact-DDR4-4-400x119.jpg 400w, https:\/\/tzila.mx\/dev\/wp-content\/uploads\/2022\/03\/FURY-impact-DDR4-4-1300x386.jpg 1300w, https:\/\/tzila.mx\/dev\/wp-content\/uploads\/2022\/03\/FURY-impact-DDR4-4-768x228.jpg 768w, https:\/\/tzila.mx\/dev\/wp-content\/uploads\/2022\/03\/FURY-impact-DDR4-4-1536x456.jpg 1536w, https:\/\/tzila.mx\/dev\/wp-content\/uploads\/2022\/03\/FURY-impact-DDR4-4-860x255.jpg 860w, https:\/\/tzila.mx\/dev\/wp-content\/uploads\/2022\/03\/FURY-impact-DDR4-4-430x128.jpg 430w, https:\/\/tzila.mx\/dev\/wp-content\/uploads\/2022\/03\/FURY-impact-DDR4-4-700x208.jpg 700w, https:\/\/tzila.mx\/dev\/wp-content\/uploads\/2022\/03\/FURY-impact-DDR4-4-150x45.jpg 150w\" sizes=\"auto, (max-width: 2048px) 100vw, 2048px\" \/>\t\t\t\t\t<\/div>\n\n\t\t\t\t<\/div>\n\t\t\t\t<\/div>\n\t\t\t\t\t<\/div>\n\t\t<\/div>\n\t\t\t\t\t\t\t<\/div>\n\t\t<\/section>\n\t\t\t\t<section class=\"elementor-section elementor-top-section elementor-element elementor-element-f335c48 elementor-section-boxed elementor-section-height-default elementor-section-height-default wd-section-disabled\" data-id=\"f335c48\" data-element_type=\"section\">\n\t\t\t\t\t\t<div class=\"elementor-container elementor-column-gap-default\">\n\t\t\t\t\t<div class=\"elementor-column elementor-col-33 elementor-top-column elementor-element elementor-element-b982906\" data-id=\"b982906\" data-element_type=\"column\">\n\t\t\t<div class=\"elementor-widget-wrap elementor-element-populated\">\n\t\t\t\t\t\t\t\t<div class=\"elementor-element elementor-element-ecdf1c9 elementor-widget elementor-widget-wd_text_block\" data-id=\"ecdf1c9\" data-element_type=\"widget\" data-widget_type=\"wd_text_block.default\">\n\t\t\t\t<div class=\"elementor-widget-container\">\n\t\t\t\t\t<div class=\"wd-text-block reset-last-child text-left\">\n\t\t\t\n\t\t\t<p>Obt\u00e9n tu notebook o m\u00e1quina de formato peque\u00f1o totalmente equipadas con Kingston FURY\u2122 Impact DDR4 SODIMM y minimiza los retrasos de tu sistema. Ready for AMD Ryzen\u2122,Intel\u00ae XMP-ready y XMP Certificado en capacidades de kit de hasta 64GB, la DDR4 FURY Impact cuenta con la innovadora tecnolog\u00eda de overclocking Plug N Play<sup class=\"footnote-sub\" data-original=\"{{Footnote.N63222}}\">1<\/sup> de Kingston, que activa autom\u00e1ticamente los tiempos de latencia y velocidad preestablecidos de f\u00e1brica sin tener que cambiar ninguna configuraci\u00f3n en el BIOS. Dise\u00f1adas para funcionar a menor temperatura, de manera silenciosa y eficaz a solo 1.2V, estos elegantes m\u00f3dulos negros brindan un impulso sin problemas al rendimiento de tu sistema.<\/p>\n\t\t\t\t\t<\/div>\n\t\t\t\t<\/div>\n\t\t\t\t<\/div>\n\t\t\t\t<div class=\"elementor-element elementor-element-d99ba58 elementor-widget elementor-widget-wd_image_or_svg\" data-id=\"d99ba58\" data-element_type=\"widget\" data-widget_type=\"wd_image_or_svg.default\">\n\t\t\t\t<div class=\"elementor-widget-container\">\n\t\t\t\n\t\t<div class=\"wd-image text-center\">\n\t\t\t\t\t\t\t\t<img decoding=\"async\" src=\"https:\/\/tzila.mx\/dev\/wp-content\/uploads\/elementor\/thumbs\/FURY-impact-DDR4-3-plqebrfnimobf44s5m215b7flmm6fi1foykzo49jzk.jpg\" title=\"FURY-impact-DDR4-3\" alt=\"FURY-impact-DDR4-3\" \/>\t\t\t\t\t<\/div>\n\n\t\t\t\t<\/div>\n\t\t\t\t<\/div>\n\t\t\t\t<div class=\"elementor-element elementor-element-6591a09 elementor-widget elementor-widget-wd_text_block\" data-id=\"6591a09\" data-element_type=\"widget\" data-widget_type=\"wd_text_block.default\">\n\t\t\t\t<div class=\"elementor-widget-container\">\n\t\t\t\t\t<div class=\"wd-text-block reset-last-child text-left\">\n\t\t\t\n\t\t\t<h4>Poderoso rendimiento SODIMM<\/h4><p>Maximice su memoria y obtenga un potenciador para sus juegos, multitareas y renderizado<\/p>\n\t\t\t\t\t<\/div>\n\t\t\t\t<\/div>\n\t\t\t\t<\/div>\n\t\t\t\t\t<\/div>\n\t\t<\/div>\n\t\t\t\t<div class=\"elementor-column elementor-col-33 elementor-top-column elementor-element elementor-element-efcf9f4\" data-id=\"efcf9f4\" data-element_type=\"column\">\n\t\t\t<div class=\"elementor-widget-wrap elementor-element-populated\">\n\t\t\t\t\t\t\t\t<div class=\"elementor-element elementor-element-92b92dc elementor-widget elementor-widget-wd_text_block\" data-id=\"92b92dc\" data-element_type=\"widget\" data-widget_type=\"wd_text_block.default\">\n\t\t\t\t<div class=\"elementor-widget-container\">\n\t\t\t\t\t<div class=\"wd-text-block reset-last-child text-left\">\n\t\t\t\n\t\t\t<h4>Funcionalidad Plug and Play con overclocking autom\u00e1tico<\/h4><article data-v-b7353816=\"\"><p>Impact DDR4 autom\u00e1ticamente realiza overclocking a la frecuencia m\u00e1s alta publicada.<\/p><\/article>\n\t\t\t\t\t<\/div>\n\t\t\t\t<\/div>\n\t\t\t\t<\/div>\n\t\t\t\t<div class=\"elementor-element elementor-element-4844dfc elementor-widget elementor-widget-wd_image_or_svg\" data-id=\"4844dfc\" data-element_type=\"widget\" data-widget_type=\"wd_image_or_svg.default\">\n\t\t\t\t<div class=\"elementor-widget-container\">\n\t\t\t\n\t\t<div class=\"wd-image text-center\">\n\t\t\t\t\t\t\t\t<img decoding=\"async\" src=\"https:\/\/tzila.mx\/dev\/wp-content\/uploads\/elementor\/thumbs\/FURY-impact-DDR4-7-plqec0u1ez16n7r4mq4au8u1jhbukh2r293ugvvm9c.jpg\" title=\"FURY-impact-DDR4-7\" alt=\"FURY-impact-DDR4-7\" \/>\t\t\t\t\t<\/div>\n\n\t\t\t\t<\/div>\n\t\t\t\t<\/div>\n\t\t\t\t<div class=\"elementor-element elementor-element-a953a45 elementor-widget elementor-widget-wd_text_block\" data-id=\"a953a45\" data-element_type=\"widget\" data-widget_type=\"wd_text_block.default\">\n\t\t\t\t<div class=\"elementor-widget-container\">\n\t\t\t\t\t<div class=\"wd-text-block reset-last-child text-left\">\n\t\t\t\n\t\t\t<h4>Ready for AMD Ryzen\u2122<\/h4><article data-v-b7353816=\"\">Obt\u00e9n una memoria Ready for AMD Ryzen y que se integrar\u00e1 perfectamente con tu sistema compatible con SODIMM basado en AMD. Un aumento de rendimiento confiable y compatible para tu equipo<\/article>\n\t\t\t\t\t<\/div>\n\t\t\t\t<\/div>\n\t\t\t\t<\/div>\n\t\t\t\t<div class=\"elementor-element elementor-element-2f46401 elementor-widget elementor-widget-wd_text_block\" data-id=\"2f46401\" data-element_type=\"widget\" data-widget_type=\"wd_text_block.default\">\n\t\t\t\t<div class=\"elementor-widget-container\">\n\t\t\t\t\t<div class=\"wd-text-block reset-last-child text-left\">\n\t\t\t\n\t\t\t<div class=\"row-content r-side\" data-v-b7353816=\"\"><h4>Intel\u00ae XMP-Ready y XMP Certificado<\/h4><article data-v-b7353816=\"\">Dise\u00f1adas para maximizar el rendimiento de nuestros m\u00f3dulos de memoria, nuestros ingenieros han predefinido los perfiles de memoria Intel Extreme para alcanzar velocidades de hasta 3.200MT\/s<\/article><\/div>\n\t\t\t\t\t<\/div>\n\t\t\t\t<\/div>\n\t\t\t\t<\/div>\n\t\t\t\t\t<\/div>\n\t\t<\/div>\n\t\t\t\t<div class=\"elementor-column elementor-col-33 elementor-top-column elementor-element elementor-element-dffdc91\" data-id=\"dffdc91\" data-element_type=\"column\">\n\t\t\t<div class=\"elementor-widget-wrap elementor-element-populated\">\n\t\t\t\t\t\t\t\t<div class=\"elementor-element elementor-element-c7e91e6 elementor-widget elementor-widget-wd_text_block\" data-id=\"c7e91e6\" data-element_type=\"widget\" data-widget_type=\"wd_text_block.default\">\n\t\t\t\t<div class=\"elementor-widget-container\">\n\t\t\t\t\t<div class=\"wd-text-block reset-last-child text-left\">\n\t\t\t\n\t\t\t<h4>Mayor rendimiento con menor consumo de energ\u00eda<\/h4><article data-v-b7353816=\"\"><p>Haz funcionar tu sistema con menor temperatura y de forma eficiente con el bajo consumo de energ\u00eda de 1.2V de la Impact DDR4<\/p><\/article>\n\t\t\t\t\t<\/div>\n\t\t\t\t<\/div>\n\t\t\t\t<\/div>\n\t\t\t\t<div class=\"elementor-element elementor-element-5cf8d88 elementor-widget elementor-widget-wd_text_block\" data-id=\"5cf8d88\" data-element_type=\"widget\" data-widget_type=\"wd_text_block.default\">\n\t\t\t\t<div class=\"elementor-widget-container\">\n\t\t\t\t\t<div class=\"wd-text-block reset-last-child text-left\">\n\t\t\t\n\t\t\t<h4>Factor de forma delgado, dise\u00f1o impactante<\/h4><article data-v-b7353816=\"\"><p>El PCB (placa de circuito impreso) negro y la elegante etiqueta t\u00e9rmica brindan un gran estilo de tama\u00f1o reducido.<\/p><\/article>\n\t\t\t\t\t<\/div>\n\t\t\t\t<\/div>\n\t\t\t\t<\/div>\n\t\t\t\t<div class=\"elementor-element elementor-element-5df058d elementor-widget elementor-widget-wd_image_or_svg\" data-id=\"5df058d\" data-element_type=\"widget\" data-widget_type=\"wd_image_or_svg.default\">\n\t\t\t\t<div class=\"elementor-widget-container\">\n\t\t\t\n\t\t<div class=\"wd-image text-left\">\n\t\t\t\t\t\t\t\t<img decoding=\"async\" src=\"https:\/\/tzila.mx\/dev\/wp-content\/uploads\/elementor\/thumbs\/FURY-impact-DDR4-6-plqebyyd1aylzztuxpb1p9b4cpl452vadzsvibyels.jpg\" title=\"FURY-impact-DDR4-6\" alt=\"FURY-impact-DDR4-6\" \/>\t\t\t\t\t<\/div>\n\n\t\t\t\t<\/div>\n\t\t\t\t<\/div>\n\t\t\t\t<div class=\"elementor-element elementor-element-470e905 elementor-widget elementor-widget-wd_button\" data-id=\"470e905\" data-element_type=\"widget\" data-widget_type=\"wd_button.default\">\n\t\t\t\t<div class=\"elementor-widget-container\">\n\t\t\t\t\t<div class=\"wd-button-wrapper text-center\" >\n\t\t\t<a class=\"btn btn-style-link btn-shape- btn-size-large btn-scheme-light btn-scheme-hover-dark btn-icon-pos-right\"  href=\"https:\/\/www.kingston.com\/latam\/memory\/gaming\/kingston-fury-impact-ddr4-memory?speed=3200mt%2Fs&#038;total%20(kit)%20capacity=8gb&#038;kit=single%20module&#038;dram%20density=8gbit\" target=\"_blank\">\n\t\t\t\t<span class=\"wd-btn-text\" data-elementor-setting-key=\"text\">\n\t\t\t\t\tVer m\u00e1s\t\t\t\t<\/span>\n\n\t\t\t\t\t\t\t<\/a>\n\t\t<\/div>\n\t\t\t\t<\/div>\n\t\t\t\t<\/div>\n\t\t\t\t\t<\/div>\n\t\t<\/div>\n\t\t\t\t\t\t\t<\/div>\n\t\t<\/section>\n\t\t\t\t\t\t<\/div>\n\t\t\t\t\t<\/div>\n\t\t","protected":false},"excerpt":{"rendered":"<h4>Caracter\u00edsticas principales:<\/h4>\n<p class=\"p1\"><span class=\"s1\">\u25cf<\/span><span class=\"s2\"> Capacidad memoria: 8<strong>GB<\/strong> (1x8GB)<\/span><br \/>\n<span class=\"s1\">\u25cf<\/span><span class=\"s2\"> Velocidad: de hasta 3200MHZ<\/span><br \/>\n<span class=\"s1\">\u25cf<\/span><span class=\"s2\"> Latencia CAS: CL20<\/span><br \/>\n<span class=\"s1\">\u25cf<\/span><span class=\"s2\"> Soporte <span dir=\"ltr\" role=\"presentation\">Intel\u00ae Extreme Memory Profiles (Intel\u00ae XMP)<\/span><\/span><\/p>\n","protected":false},"featured_media":11154,"comment_status":"open","ping_status":"closed","template":"","meta":[],"product_cat":[20,74,107],"product_tag":[113],"class_list":["post-11152","product","type-product","status-publish","has-post-thumbnail","hentry","product_cat-hardware","product_cat-memoria-ram","product_cat-kingston","product_tag-fury","pa_brand-kingston"],"_links":{"self":[{"href":"https:\/\/tzila.mx\/dev\/wp-json\/wp\/v2\/product\/11152","targetHints":{"allow":["GET"]}}],"collection":[{"href":"https:\/\/tzila.mx\/dev\/wp-json\/wp\/v2\/product"}],"about":[{"href":"https:\/\/tzila.mx\/dev\/wp-json\/wp\/v2\/types\/product"}],"replies":[{"embeddable":true,"href":"https:\/\/tzila.mx\/dev\/wp-json\/wp\/v2\/comments?post=11152"}],"version-history":[{"count":6,"href":"https:\/\/tzila.mx\/dev\/wp-json\/wp\/v2\/product\/11152\/revisions"}],"predecessor-version":[{"id":11442,"href":"https:\/\/tzila.mx\/dev\/wp-json\/wp\/v2\/product\/11152\/revisions\/11442"}],"wp:featuredmedia":[{"embeddable":true,"href":"https:\/\/tzila.mx\/dev\/wp-json\/wp\/v2\/media\/11154"}],"wp:attachment":[{"href":"https:\/\/tzila.mx\/dev\/wp-json\/wp\/v2\/media?parent=11152"}],"wp:term":[{"taxonomy":"product_cat","embeddable":true,"href":"https:\/\/tzila.mx\/dev\/wp-json\/wp\/v2\/product_cat?post=11152"},{"taxonomy":"product_tag","embeddable":true,"href":"https:\/\/tzila.mx\/dev\/wp-json\/wp\/v2\/product_tag?post=11152"}],"curies":[{"name":"wp","href":"https:\/\/api.w.org\/{rel}","templated":true}]}}