{"id":11133,"date":"2022-03-11T15:26:22","date_gmt":"2022-03-11T21:26:22","guid":{"rendered":"https:\/\/tzila.mx\/dev\/?post_type=product&#038;p=11133"},"modified":"2022-06-16T16:15:17","modified_gmt":"2022-06-16T21:15:17","slug":"memoria-ram-kingston-fury-beast-ddr4-rgb-2666mhz","status":"publish","type":"product","link":"https:\/\/tzila.mx\/dev\/producto\/memoria-ram-kingston-fury-beast-ddr4-rgb-2666mhz\/","title":{"rendered":"Memoria RAM Kingston FURY Beast DDR4 RGB 2666Mhz"},"content":{"rendered":"\t\t<div data-elementor-type=\"wp-post\" data-elementor-id=\"11133\" class=\"elementor elementor-11133\" data-elementor-settings=\"[]\">\n\t\t\t\t\t\t\t<div class=\"elementor-section-wrap\">\n\t\t\t\t\t\t\t<section class=\"elementor-section elementor-top-section elementor-element elementor-element-154fe09 elementor-section-boxed elementor-section-height-default elementor-section-height-default wd-section-disabled\" data-id=\"154fe09\" data-element_type=\"section\">\n\t\t\t\t\t\t<div class=\"elementor-container elementor-column-gap-default\">\n\t\t\t\t\t<div class=\"elementor-column elementor-col-33 elementor-top-column elementor-element elementor-element-f14913d\" data-id=\"f14913d\" data-element_type=\"column\">\n\t\t\t<div class=\"elementor-widget-wrap elementor-element-populated\">\n\t\t\t\t\t\t\t\t<div class=\"elementor-element elementor-element-3d30eaf elementor-widget elementor-widget-wd_text_block\" data-id=\"3d30eaf\" data-element_type=\"widget\" data-widget_type=\"wd_text_block.default\">\n\t\t\t\t<div class=\"elementor-widget-container\">\n\t\t\t\t\t<div class=\"wd-text-block reset-last-child text-left\">\n\t\t\t\n\t\t\t<h5><strong>M\u00c1S ESPECIFICACIONES<\/strong><strong>:<\/strong><\/h5>\n\t\t\t\t\t<\/div>\n\t\t\t\t<\/div>\n\t\t\t\t<\/div>\n\t\t\t\t<div class=\"elementor-element elementor-element-6d44079 elementor-widget elementor-widget-wd_text_block\" data-id=\"6d44079\" data-element_type=\"widget\" data-widget_type=\"wd_text_block.default\">\n\t\t\t\t<div class=\"elementor-widget-container\">\n\t\t\t\t\t<div class=\"wd-text-block reset-last-child text-left\">\n\t\t\t\n\t\t\t<p class=\"p1\"><span class=\"s1\">\u25cf<\/span><span class=\"s2\"> Impactante iluminaci\u00f3n RGB con estilo audaz<\/span><br \/><span class=\"s1\">\u25cf<\/span><span class=\"s2\"> Tecnolog\u00eda patentada Kingston FURY Infrared Sync\u2122<\/span><br \/><span class=\"s1\">\u25cf<\/span><span class=\"s2\"> Intel\u00ae XMP-Ready<\/span><br \/><span class=\"s1\">\u25cf<\/span><span class=\"s2\"> Ready for AMD Ryzen\u2122<\/span><br \/><span class=\"s1\">\u25cf<\/span><span class=\"s2\"> Velocidades de hasta 3733MT\/s<sup class=\"footnote-sub\" data-original=\"{{Footnote.A65242}}\">*<\/sup> y capacidades de kit de hasta 128GB<\/span><br \/><span class=\"s1\">\u25cf<\/span><span class=\"s2\"> Funcionalidad Plug N Play a 2666MT\/s<\/span><\/p>\n\t\t\t\t\t<\/div>\n\t\t\t\t<\/div>\n\t\t\t\t<\/div>\n\t\t\t\t\t<\/div>\n\t\t<\/div>\n\t\t\t\t<div class=\"elementor-column elementor-col-66 elementor-top-column elementor-element elementor-element-1a0b71f\" data-id=\"1a0b71f\" data-element_type=\"column\">\n\t\t\t<div class=\"elementor-widget-wrap elementor-element-populated\">\n\t\t\t\t\t\t\t\t<div class=\"elementor-element elementor-element-6f6445b elementor-widget elementor-widget-wd_image_or_svg\" data-id=\"6f6445b\" data-element_type=\"widget\" data-widget_type=\"wd_image_or_svg.default\">\n\t\t\t\t<div class=\"elementor-widget-container\">\n\t\t\t\n\t\t<div class=\"wd-image text-center\">\n\t\t\t\t\t\t\t\t<img decoding=\"async\" src=\"https:\/\/tzila.mx\/dev\/wp-content\/uploads\/elementor\/thumbs\/FURY-BEAST-RGB-DDR4-4-plojxexeei0u0syakfd3ty6ntwkc8w35tgerr2ir4k.png\" title=\"FURY-BEAST-RGB-DDR4-4\" alt=\"FURY-BEAST-RGB-DDR4-4\" \/>\t\t\t\t\t<\/div>\n\n\t\t\t\t<\/div>\n\t\t\t\t<\/div>\n\t\t\t\t\t<\/div>\n\t\t<\/div>\n\t\t\t\t\t\t\t<\/div>\n\t\t<\/section>\n\t\t\t\t<section class=\"elementor-section elementor-top-section elementor-element elementor-element-f335c48 elementor-section-boxed elementor-section-height-default elementor-section-height-default wd-section-disabled\" data-id=\"f335c48\" data-element_type=\"section\">\n\t\t\t\t\t\t<div class=\"elementor-container elementor-column-gap-default\">\n\t\t\t\t\t<div class=\"elementor-column elementor-col-33 elementor-top-column elementor-element elementor-element-b982906\" data-id=\"b982906\" data-element_type=\"column\">\n\t\t\t<div class=\"elementor-widget-wrap elementor-element-populated\">\n\t\t\t\t\t\t\t\t<div class=\"elementor-element elementor-element-ecdf1c9 elementor-widget elementor-widget-wd_text_block\" data-id=\"ecdf1c9\" data-element_type=\"widget\" data-widget_type=\"wd_text_block.default\">\n\t\t\t\t<div class=\"elementor-widget-container\">\n\t\t\t\t\t<div class=\"wd-text-block reset-last-child text-left\">\n\t\t\t\n\t\t\t<p>Kingston FURY\u2122 Beast DDR4 RGB<sup class=\"footnote-sub\" data-original=\"{{Footnote.N63221}}\">1<\/sup> ofrece un impulso de rendimiento y estilo con velocidades de hasta 3733MT\/s<sup class=\"footnote-sub\" data-original=\"{{Footnote.A65242}}\">*<\/sup>, estilo audaz e iluminaci\u00f3n RGB a lo largo del m\u00f3dulo para efectos m\u00e1s suaves y llamativos. Esta impresionante actualizaci\u00f3n de bajo costo est\u00e1 disponible en velocidades 2666MT\/s-3733MT\/s, latencias CL15\u201319, capacidades de m\u00f3dulo simple de 8GB-32GB y capacidades de kit de 16GB-128GB. Cuenta con overclocking autom\u00e1tico Plug N Play a velocidades de 2666MT\/s<sup class=\"footnote-sub\" data-original=\"{{Footnote.N63222}}\">2<\/sup> y es Intel\u00ae XMP-ready y Ready para AMD Ryzen\u2122. Personaliza los efectos de iluminaci\u00f3n RGB mediante el software Kingston FURY CTRL y su tecnolog\u00eda patentada Infrared Sync. FURY Beast DDR4 RGB mantiene la temperatura bajo control con su impactante disipador de calor y de bajo consumo. 100% testeada a la velocidad publicada y con una garant\u00eda de por vida; es una actualizaci\u00f3n f\u00e1cil y sin problemas para tu sistema basado en Intel o AMD.<\/p>\n\t\t\t\t\t<\/div>\n\t\t\t\t<\/div>\n\t\t\t\t<\/div>\n\t\t\t\t<div class=\"elementor-element elementor-element-d99ba58 elementor-widget elementor-widget-wd_image_or_svg\" data-id=\"d99ba58\" data-element_type=\"widget\" data-widget_type=\"wd_image_or_svg.default\">\n\t\t\t\t<div class=\"elementor-widget-container\">\n\t\t\t\n\t\t<div class=\"wd-image text-center\">\n\t\t\t\t\t\t\t\t<img decoding=\"async\" src=\"https:\/\/tzila.mx\/dev\/wp-content\/uploads\/elementor\/thumbs\/FURY-BEAST-RGB-DDR4-6-plojym5mda43k0i23e2m0pcjh8eyraak7s6fm0odbk.png\" title=\"FURY-BEAST-RGB-DDR4-6\" alt=\"FURY-BEAST-RGB-DDR4-6\" \/>\t\t\t\t\t<\/div>\n\n\t\t\t\t<\/div>\n\t\t\t\t<\/div>\n\t\t\t\t\t<\/div>\n\t\t<\/div>\n\t\t\t\t<div class=\"elementor-column elementor-col-33 elementor-top-column elementor-element elementor-element-efcf9f4\" data-id=\"efcf9f4\" data-element_type=\"column\">\n\t\t\t<div class=\"elementor-widget-wrap elementor-element-populated\">\n\t\t\t\t\t\t\t\t<div class=\"elementor-element elementor-element-6591a09 elementor-widget elementor-widget-wd_text_block\" data-id=\"6591a09\" data-element_type=\"widget\" data-widget_type=\"wd_text_block.default\">\n\t\t\t\t<div class=\"elementor-widget-container\">\n\t\t\t\t\t<div class=\"wd-text-block reset-last-child text-left\">\n\t\t\t\n\t\t\t<h4>Iluminaci\u00f3n personalizable RGB con estilo audaz<\/h4><p>Br\u00edndale a tu estaci\u00f3n de gaming una actualizaci\u00f3n con estilo, de la mano del disipador de calor actualizado Beast DDR4 RGB y de los asombrosos efectos RGB, suaves y personalizables. Usa el poderoso software Kingston FURY CTRL o el software del fabricante de la placa madre para crear tu propio look.<\/p>\n\t\t\t\t\t<\/div>\n\t\t\t\t<\/div>\n\t\t\t\t<\/div>\n\t\t\t\t<div class=\"elementor-element elementor-element-4844dfc elementor-widget elementor-widget-wd_image_or_svg\" data-id=\"4844dfc\" data-element_type=\"widget\" data-widget_type=\"wd_image_or_svg.default\">\n\t\t\t\t<div class=\"elementor-widget-container\">\n\t\t\t\n\t\t<div class=\"wd-image text-center\">\n\t\t\t\t\t\t\t\t<img decoding=\"async\" src=\"https:\/\/tzila.mx\/dev\/wp-content\/uploads\/elementor\/thumbs\/FURY-BEAST-RGB-DDR4-5-plojy3cukled3t9d55y2mu3blizmhc7xh74q0hg8s0.png\" title=\"FURY-BEAST-RGB-DDR4-5\" alt=\"FURY-BEAST-RGB-DDR4-5\" \/>\t\t\t\t\t<\/div>\n\n\t\t\t\t<\/div>\n\t\t\t\t<\/div>\n\t\t\t\t<div class=\"elementor-element elementor-element-92b92dc elementor-widget elementor-widget-wd_text_block\" data-id=\"92b92dc\" data-element_type=\"widget\" data-widget_type=\"wd_text_block.default\">\n\t\t\t\t<div class=\"elementor-widget-container\">\n\t\t\t\t\t<div class=\"wd-text-block reset-last-child text-left\">\n\t\t\t\n\t\t\t<h4>Tecnolog\u00eda Kingston FURY\u2122 Infrared Sync\u2122<\/h4><article data-v-b7353816=\"\"><p>Los efectos RGB permanecen sincronizados gracias a la tecnolog\u00eda Infrared Sync patentada de Kingston.<\/p><\/article>\n\t\t\t\t\t<\/div>\n\t\t\t\t<\/div>\n\t\t\t\t<\/div>\n\t\t\t\t<div class=\"elementor-element elementor-element-a953a45 elementor-widget elementor-widget-wd_text_block\" data-id=\"a953a45\" data-element_type=\"widget\" data-widget_type=\"wd_text_block.default\">\n\t\t\t\t<div class=\"elementor-widget-container\">\n\t\t\t\t\t<div class=\"wd-text-block reset-last-child text-left\">\n\t\t\t\n\t\t\t<h4>Ready for AMD Ryzen\u2122<\/h4><article data-v-b7353816=\"\">Obt\u00e9n una memoria que sea Ready for Ryzen y se integrar\u00e1 sin problemas con tu sistema basado en AMD. Una ampliaci\u00f3n confiable y compatible para tu equipo<\/article>\n\t\t\t\t\t<\/div>\n\t\t\t\t<\/div>\n\t\t\t\t<\/div>\n\t\t\t\t\t<\/div>\n\t\t<\/div>\n\t\t\t\t<div class=\"elementor-column elementor-col-33 elementor-top-column elementor-element elementor-element-dffdc91\" data-id=\"dffdc91\" data-element_type=\"column\">\n\t\t\t<div class=\"elementor-widget-wrap elementor-element-populated\">\n\t\t\t\t\t\t\t\t<div class=\"elementor-element elementor-element-2f46401 elementor-widget elementor-widget-wd_text_block\" data-id=\"2f46401\" data-element_type=\"widget\" data-widget_type=\"wd_text_block.default\">\n\t\t\t\t<div class=\"elementor-widget-container\">\n\t\t\t\t\t<div class=\"wd-text-block reset-last-child text-left\">\n\t\t\t\n\t\t\t<div class=\"row-content r-side\" data-v-b7353816=\"\"><h4>Intel\u00ae XMP-Ready y XMP Certificado<\/h4><article data-v-b7353816=\"\">Dise\u00f1adas para maximizar el rendimiento de nuestros m\u00f3dulos de memoria, nuestros ingenieros han predefinido los perfiles de memoria Intel Extreme para alcanzar velocidades de hasta 3733MT\/s<sup class=\"footnote-sub\" data-original=\"{{Footnote.A65242}}\">*<\/sup><\/article><\/div>\n\t\t\t\t\t<\/div>\n\t\t\t\t<\/div>\n\t\t\t\t<\/div>\n\t\t\t\t<div class=\"elementor-element elementor-element-c7e91e6 elementor-widget elementor-widget-wd_text_block\" data-id=\"c7e91e6\" data-element_type=\"widget\" data-widget_type=\"wd_text_block.default\">\n\t\t\t\t<div class=\"elementor-widget-container\">\n\t\t\t\t\t<div class=\"wd-text-block reset-last-child text-left\">\n\t\t\t\n\t\t\t<h4>Plug N Play \u2013 Overclocking autom\u00e1tico a 2666MT\/s<sup class=\"footnote-sub\" data-original=\"{{Footnote.A65242}}\">*<\/sup><sup class=\"footnote-sub\" data-original=\"{{Footnote.N63222}}\">1<\/sup><\/h4><article data-v-b7353816=\"\"><p>Con una simple y f\u00e1cil actualizaci\u00f3n Plug N Play, Kingston FURY Beast DDR4 RGB realizar\u00e1 overclocking autom\u00e1tico a la m\u00e1xima velocidad mencionada que permita el sistema BIOS.<\/p><\/article>\n\t\t\t\t\t<\/div>\n\t\t\t\t<\/div>\n\t\t\t\t<\/div>\n\t\t\t\t<div class=\"elementor-element elementor-element-5df058d elementor-widget elementor-widget-wd_image_or_svg\" data-id=\"5df058d\" data-element_type=\"widget\" data-widget_type=\"wd_image_or_svg.default\">\n\t\t\t\t<div class=\"elementor-widget-container\">\n\t\t\t\n\t\t<div class=\"wd-image text-left\">\n\t\t\t\t\t\t\t\t<img decoding=\"async\" src=\"https:\/\/tzila.mx\/dev\/wp-content\/uploads\/elementor\/thumbs\/FURY-BEAST-RGB-DDR4-7-plojz4ye5ytu07qr1m75eklrcxub18d6yd857jwhv4.png\" title=\"FURY-BEAST-RGB-DDR4-7\" alt=\"FURY-BEAST-RGB-DDR4-7\" \/>\t\t\t\t\t<\/div>\n\n\t\t\t\t<\/div>\n\t\t\t\t<\/div>\n\t\t\t\t<div class=\"elementor-element elementor-element-470e905 elementor-widget elementor-widget-wd_button\" data-id=\"470e905\" data-element_type=\"widget\" data-widget_type=\"wd_button.default\">\n\t\t\t\t<div class=\"elementor-widget-container\">\n\t\t\t\t\t<div class=\"wd-button-wrapper text-center\" >\n\t\t\t<a class=\"btn btn-style-link btn-shape- btn-size-large btn-scheme-light btn-scheme-hover-dark btn-icon-pos-right\"  href=\"https:\/\/www.kingston.com\/latam\/memory\/gaming\/kingston-fury-beast-ddr4-rgb-memory?speed=3733mt%2Fs&#038;total%20(kit)%20capacity=16gb&#038;kit=single%20module&#038;dram%20density=8gbit\" target=\"_blank\">\n\t\t\t\t<span class=\"wd-btn-text\" data-elementor-setting-key=\"text\">\n\t\t\t\t\tVer m\u00e1s\t\t\t\t<\/span>\n\n\t\t\t\t\t\t\t<\/a>\n\t\t<\/div>\n\t\t\t\t<\/div>\n\t\t\t\t<\/div>\n\t\t\t\t\t<\/div>\n\t\t<\/div>\n\t\t\t\t\t\t\t<\/div>\n\t\t<\/section>\n\t\t\t\t\t\t<\/div>\n\t\t\t\t\t<\/div>\n\t\t","protected":false},"excerpt":{"rendered":"<h4>Caracter\u00edsticas principales:<\/h4>\n<p class=\"p1\"><span class=\"s1\">\u25cf<\/span><span class=\"s2\"> Capacidad memoria: 8<strong>GB<\/strong> (1x8GB), <strong>16GB<\/strong> (1x16GB) 32<strong>GB<\/strong> (1x16GB)<\/span><br \/>\n<span class=\"s1\">\u25cf<\/span><span class=\"s2\"> Velocidad: de hasta 2666MHZ<\/span><br \/>\n<span class=\"s1\">\u25cf<\/span><span class=\"s2\"> Latencia CAS: CL16<\/span><br \/>\n<span class=\"s1\">\u25cf<\/span><span class=\"s2\"> RGB perzonalizable<\/span><br \/>\n<span class=\"s1\">\u25cf<\/span><span class=\"s2\"> Soporte <span dir=\"ltr\" role=\"presentation\">Intel\u00ae Extreme Memory Profiles (Intel\u00ae XMP)<\/span><\/span><\/p>\n","protected":false},"featured_media":10778,"comment_status":"open","ping_status":"closed","template":"","meta":[],"product_cat":[20,74,107],"product_tag":[113],"class_list":["post-11133","product","type-product","status-publish","has-post-thumbnail","hentry","product_cat-hardware","product_cat-memoria-ram","product_cat-kingston","product_tag-fury","pa_brand-kingston"],"_links":{"self":[{"href":"https:\/\/tzila.mx\/dev\/wp-json\/wp\/v2\/product\/11133","targetHints":{"allow":["GET"]}}],"collection":[{"href":"https:\/\/tzila.mx\/dev\/wp-json\/wp\/v2\/product"}],"about":[{"href":"https:\/\/tzila.mx\/dev\/wp-json\/wp\/v2\/types\/product"}],"replies":[{"embeddable":true,"href":"https:\/\/tzila.mx\/dev\/wp-json\/wp\/v2\/comments?post=11133"}],"version-history":[{"count":13,"href":"https:\/\/tzila.mx\/dev\/wp-json\/wp\/v2\/product\/11133\/revisions"}],"predecessor-version":[{"id":15599,"href":"https:\/\/tzila.mx\/dev\/wp-json\/wp\/v2\/product\/11133\/revisions\/15599"}],"wp:featuredmedia":[{"embeddable":true,"href":"https:\/\/tzila.mx\/dev\/wp-json\/wp\/v2\/media\/10778"}],"wp:attachment":[{"href":"https:\/\/tzila.mx\/dev\/wp-json\/wp\/v2\/media?parent=11133"}],"wp:term":[{"taxonomy":"product_cat","embeddable":true,"href":"https:\/\/tzila.mx\/dev\/wp-json\/wp\/v2\/product_cat?post=11133"},{"taxonomy":"product_tag","embeddable":true,"href":"https:\/\/tzila.mx\/dev\/wp-json\/wp\/v2\/product_tag?post=11133"}],"curies":[{"name":"wp","href":"https:\/\/api.w.org\/{rel}","templated":true}]}}