{"id":10705,"date":"2022-03-10T13:32:19","date_gmt":"2022-03-10T19:32:19","guid":{"rendered":"https:\/\/tzila.mx\/dev\/?post_type=product&#038;p=10705"},"modified":"2022-06-16T16:16:40","modified_gmt":"2022-06-16T21:16:40","slug":"ssd-interno-fury-renegade-pcie-4-0-nvme","status":"publish","type":"product","link":"https:\/\/tzila.mx\/dev\/producto\/ssd-interno-fury-renegade-pcie-4-0-nvme\/","title":{"rendered":"SSD Interno Kingston FURY Renegade PCIe 4.0 NVMe M.2"},"content":{"rendered":"\t\t<div data-elementor-type=\"wp-post\" data-elementor-id=\"10705\" class=\"elementor elementor-10705\" data-elementor-settings=\"[]\">\n\t\t\t\t\t\t\t<div class=\"elementor-section-wrap\">\n\t\t\t\t\t\t\t<section class=\"elementor-section elementor-top-section elementor-element elementor-element-154fe09 elementor-section-boxed elementor-section-height-default elementor-section-height-default wd-section-disabled\" data-id=\"154fe09\" data-element_type=\"section\">\n\t\t\t\t\t\t<div class=\"elementor-container elementor-column-gap-default\">\n\t\t\t\t\t<div class=\"elementor-column elementor-col-33 elementor-top-column elementor-element elementor-element-f14913d\" data-id=\"f14913d\" data-element_type=\"column\">\n\t\t\t<div class=\"elementor-widget-wrap elementor-element-populated\">\n\t\t\t\t\t\t\t\t<div class=\"elementor-element elementor-element-3d30eaf elementor-widget elementor-widget-wd_text_block\" data-id=\"3d30eaf\" data-element_type=\"widget\" data-widget_type=\"wd_text_block.default\">\n\t\t\t\t<div class=\"elementor-widget-container\">\n\t\t\t\t\t<div class=\"wd-text-block reset-last-child text-left\">\n\t\t\t\n\t\t\t<h5><strong>M\u00c1S ESPECIFICACIONES<\/strong><strong>:<\/strong><\/h5>\n\t\t\t\t\t<\/div>\n\t\t\t\t<\/div>\n\t\t\t\t<\/div>\n\t\t\t\t<div class=\"elementor-element elementor-element-6d44079 elementor-widget elementor-widget-wd_text_block\" data-id=\"6d44079\" data-element_type=\"widget\" data-widget_type=\"wd_text_block.default\">\n\t\t\t\t<div class=\"elementor-widget-container\">\n\t\t\t\t\t<div class=\"wd-text-block reset-last-child text-left\">\n\t\t\t\n\t\t\t<p class=\"p1\"><span class=\"s1\">\u25cf <\/span>Sube de nivel con PCIe 4.0 NVMe<br \/><span class=\"s1\">\u25cf <\/span>Maximiza tu placa madre<br \/><span class=\"s1\">\u25cf <\/span>M\u00e1s espacio para jugar<br \/><span class=\"s1\">\u25cf <\/span>Difusor de calor de aluminio\/grafeno de bajo perfil<br \/><span class=\"s1\">\u25cf<\/span>PS5\u2122 Ready<\/p>\n\t\t\t\t\t<\/div>\n\t\t\t\t<\/div>\n\t\t\t\t<\/div>\n\t\t\t\t\t<\/div>\n\t\t<\/div>\n\t\t\t\t<div class=\"elementor-column elementor-col-66 elementor-top-column elementor-element elementor-element-1a0b71f\" data-id=\"1a0b71f\" data-element_type=\"column\">\n\t\t\t<div class=\"elementor-widget-wrap elementor-element-populated\">\n\t\t\t\t\t\t\t\t<div class=\"elementor-element elementor-element-6f6445b elementor-widget elementor-widget-wd_image_or_svg\" data-id=\"6f6445b\" data-element_type=\"widget\" data-widget_type=\"wd_image_or_svg.default\">\n\t\t\t\t<div class=\"elementor-widget-container\">\n\t\t\t\n\t\t<div class=\"wd-image text-center\">\n\t\t\t\t\t\t\t\t<img loading=\"lazy\" decoding=\"async\" width=\"2048\" height=\"610\" src=\"https:\/\/tzila.mx\/dev\/wp-content\/uploads\/2022\/03\/ktc-keyfeatures-ssd-sfyr-2-lg.jpg\" class=\"attachment-full size-full\" alt=\"\" srcset=\"https:\/\/tzila.mx\/dev\/wp-content\/uploads\/2022\/03\/ktc-keyfeatures-ssd-sfyr-2-lg.jpg 2048w, https:\/\/tzila.mx\/dev\/wp-content\/uploads\/2022\/03\/ktc-keyfeatures-ssd-sfyr-2-lg-400x119.jpg 400w, https:\/\/tzila.mx\/dev\/wp-content\/uploads\/2022\/03\/ktc-keyfeatures-ssd-sfyr-2-lg-1300x387.jpg 1300w, https:\/\/tzila.mx\/dev\/wp-content\/uploads\/2022\/03\/ktc-keyfeatures-ssd-sfyr-2-lg-768x229.jpg 768w, https:\/\/tzila.mx\/dev\/wp-content\/uploads\/2022\/03\/ktc-keyfeatures-ssd-sfyr-2-lg-1536x458.jpg 1536w, https:\/\/tzila.mx\/dev\/wp-content\/uploads\/2022\/03\/ktc-keyfeatures-ssd-sfyr-2-lg-860x256.jpg 860w, https:\/\/tzila.mx\/dev\/wp-content\/uploads\/2022\/03\/ktc-keyfeatures-ssd-sfyr-2-lg-430x128.jpg 430w, https:\/\/tzila.mx\/dev\/wp-content\/uploads\/2022\/03\/ktc-keyfeatures-ssd-sfyr-2-lg-700x208.jpg 700w, https:\/\/tzila.mx\/dev\/wp-content\/uploads\/2022\/03\/ktc-keyfeatures-ssd-sfyr-2-lg-150x45.jpg 150w\" sizes=\"auto, (max-width: 2048px) 100vw, 2048px\" \/>\t\t\t\t\t<\/div>\n\n\t\t\t\t<\/div>\n\t\t\t\t<\/div>\n\t\t\t\t\t<\/div>\n\t\t<\/div>\n\t\t\t\t\t\t\t<\/div>\n\t\t<\/section>\n\t\t\t\t<section class=\"elementor-section elementor-top-section elementor-element elementor-element-f335c48 elementor-section-boxed elementor-section-height-default elementor-section-height-default wd-section-disabled\" data-id=\"f335c48\" data-element_type=\"section\">\n\t\t\t\t\t\t<div class=\"elementor-container elementor-column-gap-default\">\n\t\t\t\t\t<div class=\"elementor-column elementor-col-33 elementor-top-column elementor-element elementor-element-b982906\" data-id=\"b982906\" data-element_type=\"column\">\n\t\t\t<div class=\"elementor-widget-wrap elementor-element-populated\">\n\t\t\t\t\t\t\t\t<div class=\"elementor-element elementor-element-ecdf1c9 elementor-widget elementor-widget-wd_text_block\" data-id=\"ecdf1c9\" data-element_type=\"widget\" data-widget_type=\"wd_text_block.default\">\n\t\t\t\t<div class=\"elementor-widget-container\">\n\t\t\t\t\t<div class=\"wd-text-block reset-last-child text-left\">\n\t\t\t\n\t\t\t<h4 id=\"headline\"><span class=\"u-txt-subhead\">Para gamers, entusiastas y usuarios demandantes<\/span><\/h4><p>Kingston FURY\u2122 Renegade PCIe 4.0 NVMe M.2 SSD proporciona un rendimiento de vanguardia en altas capacidades para los gamers y entusiastas de hardware que buscan un rendimiento extremo para PCs ensambladas y actualizaciones. Al aprovechar el \u00faltimo controlador Gen 4x4 NVMe y 3D TLC NAND, Kingston FURY Renegade SSD ofrece velocidades asombrosas de hasta 7,300\/7,000 MB\/seg<sup class=\"footnote-sub\" data-original=\"{{Footnote.N64559}}\">1<\/sup> de lectura\/escritura y de hasta 1,000,000 IOPS <sup class=\"footnote-sub\" data-original=\"{{Footnote.N64559}}\">1<\/sup> para una consistencia asombrosa y una experiencia de juego excepcional. Desde tiempos de carga de juegos y aplicaciones hasta transmisi\u00f3n y captura, brinda a tu sistema un gran impulso en la capacidad de respuesta general.<\/p><p>El factor de forma delgado M.2 combinado con un difusor de calor de aluminio\/grafeno de bajo perfil est\u00e1 optimizado para un uso intenso en plataformas de juegos, computadoras port\u00e1tiles para gaming y placas madre. Kingston FURY Renegade SSD complementa el rendimiento de primer nivel de la Kingston FURY Renegade l\u00ednea de memorias para armar el mejor equipo que te mantendr\u00e1 en la cima de tu juego.<\/p><p>Disponible en capacidades de 500GB a 4TB<sup class=\"footnote-sub\" data-original=\"{{Footnote.N37130}}\">2<\/sup> para almacenar una amplia biblioteca de tus juegos y medios favoritos.<\/p>\n\t\t\t\t\t<\/div>\n\t\t\t\t<\/div>\n\t\t\t\t<\/div>\n\t\t\t\t\t<\/div>\n\t\t<\/div>\n\t\t\t\t<div class=\"elementor-column elementor-col-33 elementor-top-column elementor-element elementor-element-efcf9f4\" data-id=\"efcf9f4\" data-element_type=\"column\">\n\t\t\t<div class=\"elementor-widget-wrap elementor-element-populated\">\n\t\t\t\t\t\t\t\t<div class=\"elementor-element elementor-element-38aaf84 elementor-widget elementor-widget-wd_image_or_svg\" data-id=\"38aaf84\" data-element_type=\"widget\" data-widget_type=\"wd_image_or_svg.default\">\n\t\t\t\t<div class=\"elementor-widget-container\">\n\t\t\t\n\t\t<div class=\"wd-image text-left\">\n\t\t\t\t\t\t\t\t<img decoding=\"async\" src=\"https:\/\/tzila.mx\/dev\/wp-content\/uploads\/elementor\/thumbs\/ktc-keyfeatures-ssd-sfyr-3-lg-plobpfie9ulkk38vyodbljjx33a0zh4xujsch20xiw.jpg\" title=\"ktc-keyfeatures-ssd-sfyr-3-lg\" alt=\"ktc-keyfeatures-ssd-sfyr-3-lg\" \/>\t\t\t\t\t<\/div>\n\n\t\t\t\t<\/div>\n\t\t\t\t<\/div>\n\t\t\t\t<div class=\"elementor-element elementor-element-e047a00 elementor-widget elementor-widget-wd_text_block\" data-id=\"e047a00\" data-element_type=\"widget\" data-widget_type=\"wd_text_block.default\">\n\t\t\t\t<div class=\"elementor-widget-container\">\n\t\t\t\t\t<div class=\"wd-text-block reset-last-child text-left\">\n\t\t\t\n\t\t\t<h4>Sube de nivel con PCIe 4.0 NVMe<\/h4><p>Domina con la \u00faltima tecnolog\u00eda Gen 4x4 a incre\u00edbles velocidades de hasta 7,300\/7,000 MB\/seg<sup class=\"footnote-sub\" data-original=\"{{Footnote.N64559}}\">1<\/sup> de lectura\/escritura y rendimiento de hasta 1,000,000 IOPS<sup class=\"footnote-sub\" data-original=\"{{Footnote.N64559}}\">1<\/sup><\/p>\n\t\t\t\t\t<\/div>\n\t\t\t\t<\/div>\n\t\t\t\t<\/div>\n\t\t\t\t<div class=\"elementor-element elementor-element-004860c elementor-widget elementor-widget-wd_text_block\" data-id=\"004860c\" data-element_type=\"widget\" data-widget_type=\"wd_text_block.default\">\n\t\t\t\t<div class=\"elementor-widget-container\">\n\t\t\t\t\t<div class=\"wd-text-block reset-last-child text-left\">\n\t\t\t\n\t\t\t<h3>Maximiza tu placa madre<\/h3><article data-v-b7353816=\"\">Potente y delgado factor de forma M.2 para mejorar tu equipo de gaming y tu computadora port\u00e1til.<\/article>\n\t\t\t\t\t<\/div>\n\t\t\t\t<\/div>\n\t\t\t\t<\/div>\n\t\t\t\t<div class=\"elementor-element elementor-element-3760722 elementor-widget elementor-widget-wd_text_block\" data-id=\"3760722\" data-element_type=\"widget\" data-widget_type=\"wd_text_block.default\">\n\t\t\t\t<div class=\"elementor-widget-container\">\n\t\t\t\t\t<div class=\"wd-text-block reset-last-child text-left\">\n\t\t\t\n\t\t\t<div class=\"row-content r-side\" data-v-b7353816=\"\"><h3>M\u00e1s espacio para jugar<\/h3><article data-v-b7353816=\"\">Obt\u00e9n todos los t\u00edtulos y contenidos descargables m\u00e1s recientes disponibles. Rendimiento con altas capacidades de hasta 4TB<sup class=\"footnote-sub\" data-original=\"{{Footnote.N37130}}\">2<\/sup> para almacenar tus juegos y medios favoritos.<\/article><\/div>\n\t\t\t\t\t<\/div>\n\t\t\t\t<\/div>\n\t\t\t\t<\/div>\n\t\t\t\t\t<\/div>\n\t\t<\/div>\n\t\t\t\t<div class=\"elementor-column elementor-col-33 elementor-top-column elementor-element elementor-element-dffdc91\" data-id=\"dffdc91\" data-element_type=\"column\">\n\t\t\t<div class=\"elementor-widget-wrap elementor-element-populated\">\n\t\t\t\t\t\t\t\t<div class=\"elementor-element elementor-element-7660cf7 elementor-widget elementor-widget-wd_text_block\" data-id=\"7660cf7\" data-element_type=\"widget\" data-widget_type=\"wd_text_block.default\">\n\t\t\t\t<div class=\"elementor-widget-container\">\n\t\t\t\t\t<div class=\"wd-text-block reset-last-child text-left\">\n\t\t\t\n\t\t\t<h4>Difusor de calor de aluminio\/grafeno de bajo perfil<\/h4><article data-v-b7353816=\"\"><p>La disipaci\u00f3n t\u00e9rmica avanzada mantiene la unidad fresca durante un uso intenso. Aporta un mayor rendimiento a\u00fan en espacios reducidos de las placas madre y port\u00e1tiles para gaming.<\/p><\/article>\n\t\t\t\t\t<\/div>\n\t\t\t\t<\/div>\n\t\t\t\t<\/div>\n\t\t\t\t<div class=\"elementor-element elementor-element-fc714a3 elementor-widget elementor-widget-wd_text_block\" data-id=\"fc714a3\" data-element_type=\"widget\" data-widget_type=\"wd_text_block.default\">\n\t\t\t\t<div class=\"elementor-widget-container\">\n\t\t\t\t\t<div class=\"wd-text-block reset-last-child text-left\">\n\t\t\t\n\t\t\t<div class=\"row-content\" data-v-b7353816=\"\"><h4>PS5\u2122 Ready<\/h4><article data-v-b7353816=\"\">Almacenamiento innovador dise\u00f1ado para maximizar tu juego.<\/article><\/div>\n\t\t\t\t\t<\/div>\n\t\t\t\t<\/div>\n\t\t\t\t<\/div>\n\t\t\t\t<div class=\"elementor-element elementor-element-5df058d elementor-widget elementor-widget-wd_image_or_svg\" data-id=\"5df058d\" data-element_type=\"widget\" data-widget_type=\"wd_image_or_svg.default\">\n\t\t\t\t<div class=\"elementor-widget-container\">\n\t\t\t\n\t\t<div class=\"wd-image text-center\">\n\t\t\t\t\t\t\t\t<img decoding=\"async\" src=\"https:\/\/tzila.mx\/dev\/wp-content\/uploads\/elementor\/thumbs\/ktc-keyfeatures-ssd-sfyr-5-lg-plobpk7l80rfpjprv5pzwwj7o66ns2oexpjxuhazm8.jpg\" title=\"ktc-keyfeatures-ssd-sfyr-5-lg\" alt=\"ktc-keyfeatures-ssd-sfyr-5-lg\" \/>\t\t\t\t\t<\/div>\n\n\t\t\t\t<\/div>\n\t\t\t\t<\/div>\n\t\t\t\t<div class=\"elementor-element elementor-element-5e014b0 elementor-widget elementor-widget-wd_button\" data-id=\"5e014b0\" data-element_type=\"widget\" data-widget_type=\"wd_button.default\">\n\t\t\t\t<div class=\"elementor-widget-container\">\n\t\t\t\t\t<div class=\"wd-button-wrapper text-center\" >\n\t\t\t<a class=\"btn btn-style-link btn-shape- btn-size-large btn-color-alt btn-icon-pos-right\"  href=\"https:\/\/www.kingston.com\/latam\/ssd\/gaming\/kingston-fury-renegade-nvme-m2-ssd?partnum=sfyrs%2F500g\" target=\"_blank\">\n\t\t\t\t<span class=\"wd-btn-text\" data-elementor-setting-key=\"text\">\n\t\t\t\t\tFicha t\u00e9cnica\t\t\t\t<\/span>\n\n\t\t\t\t\t\t\t<\/a>\n\t\t<\/div>\n\t\t\t\t<\/div>\n\t\t\t\t<\/div>\n\t\t\t\t\t<\/div>\n\t\t<\/div>\n\t\t\t\t\t\t\t<\/div>\n\t\t<\/section>\n\t\t\t\t\t\t<\/div>\n\t\t\t\t\t<\/div>\n\t\t","protected":false},"excerpt":{"rendered":"<h4>Caracter\u00edsticas principales:<\/h4>\n<p>\u25cf Incre\u00edble rendimiento NVMe PCIe Gen 4&#215;4<br \/>\n\u25cf Difusor de calor de aluminio\/grafeno de bajo perfil<br \/>\n\u25cf Factor de forma delgado M.2 2280<br \/>\n\u25cf Altas capacidades de hasta 4 TB<br \/>\n\u25cf PS5\u2122 Ready<\/p>\n","protected":false},"featured_media":10708,"comment_status":"open","ping_status":"closed","template":"","meta":[],"product_cat":[20,77,107],"product_tag":[113,187],"class_list":["post-10705","product","type-product","status-publish","has-post-thumbnail","hentry","product_cat-hardware","product_cat-ssd-interno","product_cat-kingston","product_tag-fury","product_tag-renegade","pa_brand-kingston"],"_links":{"self":[{"href":"https:\/\/tzila.mx\/dev\/wp-json\/wp\/v2\/product\/10705","targetHints":{"allow":["GET"]}}],"collection":[{"href":"https:\/\/tzila.mx\/dev\/wp-json\/wp\/v2\/product"}],"about":[{"href":"https:\/\/tzila.mx\/dev\/wp-json\/wp\/v2\/types\/product"}],"replies":[{"embeddable":true,"href":"https:\/\/tzila.mx\/dev\/wp-json\/wp\/v2\/comments?post=10705"}],"version-history":[{"count":7,"href":"https:\/\/tzila.mx\/dev\/wp-json\/wp\/v2\/product\/10705\/revisions"}],"predecessor-version":[{"id":12723,"href":"https:\/\/tzila.mx\/dev\/wp-json\/wp\/v2\/product\/10705\/revisions\/12723"}],"wp:featuredmedia":[{"embeddable":true,"href":"https:\/\/tzila.mx\/dev\/wp-json\/wp\/v2\/media\/10708"}],"wp:attachment":[{"href":"https:\/\/tzila.mx\/dev\/wp-json\/wp\/v2\/media?parent=10705"}],"wp:term":[{"taxonomy":"product_cat","embeddable":true,"href":"https:\/\/tzila.mx\/dev\/wp-json\/wp\/v2\/product_cat?post=10705"},{"taxonomy":"product_tag","embeddable":true,"href":"https:\/\/tzila.mx\/dev\/wp-json\/wp\/v2\/product_tag?post=10705"}],"curies":[{"name":"wp","href":"https:\/\/api.w.org\/{rel}","templated":true}]}}